{"id":611,"date":"2013-12-16T12:12:37","date_gmt":"2013-12-16T12:42:37","guid":{"rendered":"https:\/\/kylat.ekarjala.fi\/vainikkala\/?page_id=611"},"modified":"2013-12-30T14:54:09","modified_gmt":"2013-12-30T15:24:09","slug":"otteita-vanhoista-lehdista","status":"publish","type":"page","link":"https:\/\/kylat.ekarjala.fi\/vainikkala\/uutis-vainikkala\/otteita-vanhoista-lehdista\/","title":{"rendered":"Otteita vanhoista lehdist\u00e4"},"content":{"rendered":"<p>Otteet vuoden 2013 lehdist\u00e4<\/p>\n<p><a href=\"https:\/\/kylat.ekarjala.fi\/vainikkala\/wp-content\/uploads\/sites\/36\/2013\/12\/Joulukuu_12_13.pdf\">Joulukuun lehti<\/a> monipuolisine sis\u00e4lt\u00f6ineen julkaistaan poikkeuksellisesti kokonaisuudessaan Vainikkalan vanhojen kyl\u00e4sivujen sulkemisen johdosta. Avaa pdf-liite niin n\u00e4et mist\u00e4 on kysymys.<\/p>\n<p><a href=\"https:\/\/kylat.ekarjala.fi\/vainikkala\/wp-content\/uploads\/sites\/36\/2013\/12\/Marraskuu_11_13_7.pdf\">Marraskuun lehden<\/a>\u00a07. sivu pit\u00e4\u00e4 sis\u00e4ll\u00e4\u00e4n ajankohtaisia ilmoituksia sek\u00e4 lokakuun lopun tilanteen Vainikkalan riistamiesten hirvijahdista. Sivun alanurkasta l\u00f6ytyy my\u00f6s hauska kuva-arvoitus.<\/p>\n<p><a href=\"https:\/\/kylat.ekarjala.fi\/vainikkala\/wp-content\/uploads\/sites\/36\/2013\/12\/Lokakuu_10_13_10.pdf\">Lokakuun Uutis-Vainikkala<\/a>\u00a0oli mukana RIFCI-hankkeeseen kuuluvassa s\u00e4hk\u00f6kalastuksessa Ojalan Kilmojalla, Rikkil\u00e4n Myllym\u00e4enkoskella sek\u00e4 Simolan Yl\u00e4koskella.<\/p>\n<p><a href=\"https:\/\/kylat.ekarjala.fi\/vainikkala\/wp-content\/uploads\/sites\/36\/2013\/12\/Syyskuu_9_13_3.pdf\">Syyskuun lehden<\/a>\u00a0kolmossivulla kerrotaan Vainikan sukuseuran retkip\u00e4iv\u00e4st\u00e4 M\u00e4ntyharjulle. Retkeilyteemaa edustaa my\u00f6s kansainv\u00e4lisest\u00e4 RIFCI-vierailusta kertova kuva teksteineen.<\/p>\n<p><a href=\"https:\/\/kylat.ekarjala.fi\/vainikkala\/wp-content\/uploads\/sites\/36\/2013\/12\/Elokuu_8_13_8.pdf\">Elokuun Uutis-Vainikkalan<\/a> 8-sivun kulttuurit\u00e4rpiss\u00e4 tutustutaan uutuuskirjaan joka esittelee entisen Vahvialan kyl\u00e4t. Samalta sivulta selvi\u00e4\u00e4 my\u00f6s millainen ryhm\u00e4 on Vainikkalan Varpuset.<\/p>\n<p><a href=\"https:\/\/kylat.ekarjala.fi\/vainikkala\/wp-content\/uploads\/sites\/36\/2013\/12\/Heinakuu_7_13_4.pdf\">Hein\u00e4kuun lehden<\/a>\u00a0nelossivu kertoo kirjaston rajusta rakennemuutoksesta Vainikkalassa kuvin ja sanoin.<\/p>\n<p><a href=\"https:\/\/kylat.ekarjala.fi\/vainikkala\/wp-content\/uploads\/sites\/36\/2013\/12\/Kesakuu_6_13_1.pdf\">Kes\u00e4kuun lehden<\/a>\u00a0etusivulla esitell\u00e4\u00e4n Vainikkalan asema-alueen uudet pys\u00e4k\u00f6intij\u00e4rjestelyt, sek\u00e4 kerrotaan mit\u00e4 kyl\u00e4k\u00e4velykierroksella havainnoitiin.<\/p>\n<p><a href=\"https:\/\/kylat.ekarjala.fi\/vainikkala\/wp-content\/uploads\/sites\/36\/2013\/12\/Toukokuu_5_13_8.pdf\">Toukokuun lehden<\/a>\u00a08-sivulta voitte lukea Vainikkalan aseman uudesta pys\u00e4k\u00f6intij\u00e4rjestelm\u00e4st\u00e4.Sama sivu kertoo miten VPK:n pilkkimestaruuskilpailussa.<\/p>\n<p><a href=\"https:\/\/kylat.ekarjala.fi\/vainikkala\/wp-content\/uploads\/sites\/36\/2013\/12\/Huhtikuu_4_13_11.pdf\">Huhtikuun lehdess\u00e4<\/a>\u00a0kerrotaan yhden kyl\u00e4lle t\u00e4rke\u00e4n hankkeen k\u00e4ynnistymisest\u00e4. 16-sivuinen lehti pit\u00e4\u00e4 sis\u00e4ll\u00e4\u00e4n my\u00f6s muita t\u00e4m\u00e4n hetken uutisia.<\/p>\n<p><a href=\"https:\/\/kylat.ekarjala.fi\/vainikkala\/wp-content\/uploads\/sites\/36\/2013\/12\/Maaliskuu_3_13_8.pdf\">Maaliskuun lehden<\/a>\u00a0kasisivulla vierailemme kulttuuritoimittajamme mukana Pietarissa. Sama sivu esittelee Ukkis-Shopin ja sen virallisen avajaisp\u00e4iv\u00e4n ensimm\u00e4isen asiakkaan.<\/p>\n<p><a href=\"https:\/\/kylat.ekarjala.fi\/vainikkala\/wp-content\/uploads\/sites\/36\/2013\/12\/Helmikuu_2_13_8.pdf\">Helmikuun lehden<\/a>\u00a08-sivulla kerrotaan yhdest\u00e4 Vainikkalan palvelusta joka on edelleen hyv\u00e4.<\/p>\n<p><a href=\"https:\/\/kylat.ekarjala.fi\/vainikkala\/wp-content\/uploads\/sites\/36\/2013\/12\/Tammikuu_1_13_1.pdf\">Tammikuun 2013<\/a>\u00a0lehti on 16-sivuinen JUHLALEHTI. Lehden etusivuun p\u00e4\u00e4set tutustumaan avaamalla oheisen pdf-liitteen<\/p>\n<p>Alla on muutama sananen vanhempien lehtien sis\u00e4ll\u00f6ist\u00e4. Mik\u00e4li haluat tiet\u00e4\u00e4 enemmin aiheesta, ota yhteytt\u00e4 p\u00e4\u00e4toimittajaan.<\/p>\n<p><b>Otteet vuoden 2012 lehdist\u00e4<\/b><\/p>\n<p><strong>Joulukuun<\/strong> lehdess\u00e4 kerrotaan kyl\u00e4\u00e4n kohdistuneista ik\u00e4vist\u00e4 asioista mutta luodaan my\u00f6s toivoa valoisammasta tulevaisuudesta.<\/p>\n<p><strong>Marraskuun <\/strong>lehden 6-sivu kertoo tilanteen Haapaj\u00e4rven kuivatusprojektissa sek\u00e4 miten onnistui Vainikkalan koululla pidetty huutokauppa.<\/p>\n<p><strong>Elokuun<\/strong> Uutis-Vainikkalan 7-sivulla muistellaan\u00a0vuonna 2003 rakennettua Kiekan kelohirsilaavua. Laavu paloi maan tasalle hein\u00e4kuun alussa.<\/p>\n<p><strong>Hein\u00e4kuun<\/strong> lehdess\u00e4\u00a0kerrotaan miten Haapaj\u00e4rven tyhjennyspumppaus on onnistunut.<br \/>\n<strong><br \/>\nKes\u00e4kuun <\/strong>lehden etusivulla pitk\u00e4n ty\u00f6uran Vainikkalan ryhmisess\u00e4 tehnyt Eila Lintala muistelee mukavia kokemuksiaan kyl\u00e4n lasten parissa. Samalla sivulla on juttua Vainikkala-h\u00f6lk\u00e4st\u00e4 joka t\u00e4m\u00e4n hetken tietojen mukaan oli vimeinen samalla konseptilla toteutettu h\u00f6lkk\u00e4tapahtuma Vainikkalassa.<\/p>\n<p><strong>Toukokuun<\/strong> lehden nelossivulla kerrotaan makunnan vanhimman h\u00f6lkk\u00e4tapahtuman 40-vuotisesta historiasta.<\/p>\n<p><strong>Huhtikuun<\/strong> lehden etusivulle on laadittu koosteilmoitus kev\u00e4\u00e4n liikuntatapahtumista.<\/p>\n<p><strong>Maaliskuun<\/strong> lehden etusivu kertoo ett\u00e4 Vainikkalalla on tulevaisuutta.<\/p>\n<p><strong>Helmikuun<\/strong> lehden 10-sivu palauttaa muistiin er\u00e4\u00e4n kev\u00e4ttalven tapahtuman kolmenkymmenen vuoden takaa. Ajalta jolloin Vainikkalan kyl\u00e4toimikunta oli juuri perustettu. Samalla sivulla on hy\u00f6dyllinen vuoden 2012 liputuskalenteri.<\/p>\n<p><strong>Tammikuun<\/strong> lehdes\u00e4 kerrotaan miten joulua vietettiin maapallon toisella puolella.<\/p>\n<p><b>Otteet vuoden 2011 lehdist\u00e4<\/b> <strong><br \/>\n<\/strong><\/p>\n<p><strong>Joulukuun<\/strong> lehden 7-sivulla lehtemme vierailee Yl\u00e4maalla. Aiheena on\u00a0Yl\u00e4maalla n\u00e4pp\u00e4r\u00e4sti toteutettu, ja energiaa s\u00e4\u00e4st\u00e4v\u00e4\u00a0kuntoradan valaistus. Samalta sivulta l\u00f6ytyy my\u00f6s vuoden 2012 ilmestymisaikataulu.<\/p>\n<p><strong>Marraskuun<\/strong> lehden etusivulla kerrotaan Ukko-Pekan loppuvuoden esiintyjist\u00e4. Sivulle on sijoitettu my\u00f6s ajankohtaisia ilmoituksia.<\/p>\n<p><strong>Lokakuun<\/strong> etusivu kertoo miten p\u00e4\u00e4toimittaja Teppo koki iltah\u00e4myn n\u00e4ytelm\u00e4esityksen Rinnelavalla. Samalle sivulle on sijoitettu kolme ajankohtaista ilmoitusta.<br \/>\n<strong><br \/>\nSyyskuun<\/strong> lehden 9-sivulta voit lukea miten ongittiin kilpaa Telkj\u00e4rven sillalla vesisateen vallitessa.<br \/>\n<strong><br \/>\nHein\u00e4kuun <\/strong>lehden 4-sivulla kerrotaan Vainikkalan koulun viimeisest\u00e4, kes\u00e4teatterilla j\u00e4rjestetyst\u00e4\u00a0kev\u00e4tjuhlasta.<\/p>\n<p><strong>Kes\u00e4kuun<\/strong> lehden 5-sivu kertoo miten Hullut k\u00e4velij\u00e4t p\u00e4\u00e4siv\u00e4t perille.<\/p>\n<p><strong>Toukokuun<\/strong> lehden 10-sivulle on sijoitettu ajankohtaisia tapahtumailmoituksia sek\u00e4 tulokset VPK:n pilkkimestaruuskilpailuista.<\/p>\n<p><strong>Huhtikuun<\/strong> lehden 7-sivulla kerrotaan er\u00e4\u00e4n sankarin tarina.<\/p>\n<p><strong>Maaliskuun<\/strong> lehden etusivulta l\u00f6yd\u00e4t valokuvan joka taatusti pys\u00e4ytt\u00e4\u00e4 katsomaan sen esille tuomia mielenkiintoisia yksitysikohtia.<\/p>\n<p><strong>Helmikuun<\/strong> lehden etusivulla kurkataan menneisiin aikoihin kahden kuvan kautta. Sivun alanurkan sis\u00e4llysluettelo kertoo mit\u00e4 lehden\u00a0muilla sivuilla on.<\/p>\n<p><strong>Tammikuun<\/strong> lehden 9-sivulta l\u00f6ytyy selostus Vainikkalan laduista. Samalla sivulla kerrotaan kyl\u00e4toimikunnan kev\u00e4ttalven toiminnasta.<\/p>\n<p><b>Otteet vuoden 2010 lehdist\u00e4<\/b><\/p>\n<p><strong>Joulukuun<\/strong> lehden etusivulla on kolmen joulunajan ilmoituksen lis\u00e4ksi kaksi kyl\u00e4\u00e4 koskettavaa tekstinp\u00e4tk\u00e4\u00e4.<\/p>\n<p><strong>Marraskuun<\/strong> lehden etusivulla on luettavissa er\u00e4\u00e4n ajankotaisen keskustelun k\u00e4ynnistys.<br \/>\n<strong><br \/>\nLokakuun<\/strong> lehden 5-sivulla kerrotaan mit\u00e4 tapahtui My\u00f6t\u00e4virtaan ry:n ja Vainikkalan kyl\u00e4toimikunnan yhdess\u00e4 j\u00e4rjest\u00e4m\u00e4ss\u00e4 Salepuistopartyssa<br \/>\n<strong><br \/>\nSyyskuun<\/strong> lehden sivulla kolme on ajankohtaisia ilmoituksia. Muun muassa sivulta selvi\u00e4\u00e4 milloin alkaa kauan odotettu miesten jumppa!<\/p>\n<p><strong>Elokuun<\/strong> lehdess\u00e4 vasta valittu Lappeen Taata, Jorma Taipale kertoo Juuret Lappeella -kotiseutujuhlasta. Taatan teksti l\u00f6ytyy lehdest\u00e4 sivulta kuusi.<\/p>\n<p><strong>Hein\u00e4kuun<\/strong> lehdess\u00e4 aloitetaan juttusarja jossa kerrotaan miss\u00e4 ja miten Vainikkalan kyl\u00e4 esiintyy maailman laajuisesa internetiss\u00e4.<br \/>\n<strong><br \/>\nKes\u00e4kuun<\/strong> lehden etusivu antaa kuvallista esimakua lehden sis\u00e4ll\u00f6st\u00e4. Eritt\u00e4in tapahtumarikas toukokuu on j\u00e4\u00e4nyt historiaan.<\/p>\n<p><strong>Toukokuun<\/strong> lehden nelossivulla kerrotaan er\u00e4\u00e4n asemalle eksyneen italialaisen tarina. Tosin paljon j\u00e4\u00e4 viel\u00e4 h\u00e4m\u00e4r\u00e4ksi&#8230;. Samalla sivulta l\u00f6ytyy t\u00e4m\u00e4n vuoden R\u00e4min\u00e4\u00e4pauhetta -ilmoitus.<\/p>\n<p><strong>Huhtikuun<\/strong> lehden etusivulta sevi\u00e4\u00e4 paljonko erilaista materiaalia on tarvittu perustust\u00f6ihin kun l\u00e4ntisell\u00e4 ratapihalla jatkettiin kolmea raidetta kuluneen talvikauden aikana.<\/p>\n<p>Oikaisu painetussa lehdess\u00e4 olevaan tekstiin: Olemassa olevia raiteita <span style=\"text-decoration: underline\">jatketaan<\/span>. Kyseess\u00e4 <span style=\"text-decoration: underline\">ei siis ole kolme uutta raidetta<\/span> kuten lehdess\u00e4 kerrotaan.<\/p>\n<p>&#8221;Haluaako Vainikkala valtakunnalliseksi vuoden kyl\u00e4ksi?&#8221;, kysyt\u00e4\u00e4n <strong>maaliskuun<\/strong> lehden 3-sivun napakassa kannanotossa. Samalta sivulta l\u00f6ytyy muutama ajankohtainen, kyl\u00e4n toimintaan liittyv\u00e4 ilmoitus sek\u00e4 kaksi maakunnan yritysmaailman ilmoitusta.<\/p>\n<p><strong>Helmikuun<\/strong> lehdest\u00e4 on varattu kaksi sivua 10 vuotta t\u00e4ytt\u00e4v\u00e4lle My\u00f6t\u00e4virtaan ry:lle. Sivulla 11 kerrotaan vuonna 2000 perustetun yhdistyksen alkuvaiheita.<\/p>\n<p><strong>Tammikuun<\/strong> lehden 6-sivulta voitte lukea arvostelun joulukuussa ensi-illan saaneesta suurelokuvasta T\u00e4\u00e4ll\u00e4 Pohjant\u00e4hden alla. Samalle sivulle on sijoitettu kolmen kuvan sarja vanhan tasoylik\u00e4yt\u00e4v\u00e4n tuntumasta.<\/p>\n<p><b>Otteet vuoden 2009 lehdist\u00e4<\/b><\/p>\n<p>Joulukuun lehden 5-sivulla kerrotaan tutun lintuharrastajan pakitsemisesta. Samalla sivulla on kannanotto Lappeenrannan\u00a0influenssarokotusten sujummattomuudesta<\/p>\n<p>Marraskuun lehden 5-sivulla muistellaan 35 vuoden takaisia aikoja. Silloin Vainikkalassa oli aktiivisesti toimiva partiolippukunta.<\/p>\n<p>Lokakuun 16-sivuisen lehden etusivulla kerrotaan Lappeen Riennon 90 v juhlasta kuvien kera. Tukevan lehden tukevaa sis\u00e4lt\u00f6\u00e4 valottaa oikean alanurkan sis\u00e4llysluettelo.<\/p>\n<p>Syyskuun lehden etusivu on t\u00e4ytetty t\u00e4rkeill\u00e4 ja ajankohtaisilla ilmoituksilla. Sivulla oleva sis\u00e4llysluettelo kertoo mit\u00e4 muilta sivuilta l\u00f6ytyy<\/p>\n<p>Elokuun lehden etusivulta l\u00f6ytyy lukijan mainio tapahtumavinkki Vainikkalan kes\u00e4teatterille. Samalla kerrotaan puhallinmusiikin harrastuksesta Ojalassa mennein\u00e4 vuosikymmenin\u00e4.<\/p>\n<p>Hein\u00e4kuun lehden etusivulla kerrotaan miten yksi Jussin p\u00f6ntt\u00f6pihan tuotteista p\u00e4\u00e4tyi\u00a0Pohjoisen J\u00e4\u00e4meren rannalle.<\/p>\n<p>Kes\u00e4kuun lehden 4-sivulle on koottu kuvagalleria 23.5.2009 j\u00e4rjestetyst\u00e4 R\u00e4min\u00e4\u00e4 ja pauketta vestivaalista<\/p>\n<p>Toukokuun 5-sivulla on kolmen ajankohtaisen ilmoituksen lis\u00e4ksi juttua koulun kent\u00e4n jalkapallomaalien kunnostamisesta sek\u00e4 My\u00f6t\u00e4virtaan ry:n uusimmasta hankekohteesta<\/p>\n<p>Huhtikuun lehden 4-sivu on suurelta osalta nuorisotoimituksen tuotantoa. Samalta sivulta l\u00f6ytyy my\u00f6s Telkj\u00e4rven kalatilaston ahvensarja jonka k\u00e4rkeen nousi yli kilon panoinen piikkiev\u00e4.<\/p>\n<p>Helmikuun lehden 4-sivulla kerrotaan \u00e4skett\u00e4in k\u00e4ynnistyneest\u00e4 4H kerhosta. My\u00f6s El\u00e4inten puolesta -palsta l\u00f6ytyy samalta sivulta<\/p>\n<p>Pitk\u00e4n tauon j\u00e4lkeen toimitus palauttaa valokuvauskilpailut lehden sivuille.\u00a0T\u00e4st\u00e4 ilmoitetaan vuoden ensimm\u00e4isen lehden etusivulla.<\/p>\n<p><b>Otteet vuoden 2008 lehdist\u00e4<\/b><\/p>\n<p>Tammikuun lehden 5-sivulla muistellaan aikaa kymmenen vuoden takaa kun Ukko-Pekka saapui Vainikkalaan.<\/p>\n<p>Helmikuun lehden 10-sivulla muistellaan lehden 20 vuoden pituista historiaa.<\/p>\n<p>Maaliskuun lehden 8-sivulla kerrotaan lasten talvitapahtumista kuvin ja sanoin.\u00a0Sivulla on my\u00f6s\u00a0My\u00f6t\u00e4virtaan -palsta.<\/p>\n<p>Huhtikuun lehden etusivulla on tietoa Vainikkalan koulun ohjeellisesta oppilasalueesta. Sivulla avataan my\u00f6s kaikille avoin nimikilpailu.<\/p>\n<p>Toukokuun lehdess\u00e4 on paljon tietoa kev\u00e4\u00e4n ja alkukes\u00e4n\u00a0tapahtumista. Etusivun ilmoitukset esittelev\u00e4t niist\u00e4 osan.<\/p>\n<p>Kes\u00e4kuun lehteen kirjoitettiin kyl\u00e4n historiaa.\u00a0Raportti ensimm\u00e4isest\u00e4\u00a0R\u00e4min\u00e4\u00e4 ja Pauketta Vestivaalista l\u00f6ytyy lehden 9-sivulta.<\/p>\n<p>Hein\u00e4kuun lehden 5-sivulla kerrotaan Vainikkala-h\u00f6lk\u00e4st\u00e4. Samalle sivulle on sijoitettu kuva Telkj\u00e4rvest\u00e4 ongitusta j\u00e4ttiahvenesta.<\/p>\n<p>Elokuun lehden etusivulla kerrotan miten rantalentiksen Ukkopekkaturnauksessa pelattiin. Sis\u00e4llysluettelost\u00e4 n\u00e4et mit\u00e4 muuta asiaa lehti pit\u00e4\u00e4 sis\u00e4ll\u00e4\u00e4n.<\/p>\n<p>Syyskuun lehden kolmossivu esittelee tulevan kauden liikuntatarjontaa. My\u00f6s muutama ajankohtainen ilmoitus l\u00f6ytyy samalta sivulta.<\/p>\n<p>Lokakuun lehden sivulla 12 kerrotaan miten lasten 3-ottelussa ja aikuisten kuukakisassa k\u00e4vi.<\/p>\n<p>Marraskuun lehden etusivulla kerrotaan v\u00e4h\u00e4n tulevan vuoden uusista palstoista. My\u00f6s yksi lehden monista Halloween-kasvoista esitt\u00e4ytyy<\/p>\n<p>Joulukuun lehden etusivulta n\u00e4et koko lehden sis\u00e4llysluettelon sek\u00e4 Vainikkalassa toimivien yhdistysten yritysten jouluterveisi\u00e4<\/p>\n<p><b>Otteet vuoden 2007 lehdist\u00e4 (kes\u00e4-, hein\u00e4-, elo-, syys,- loka-, marras- ja joulukuu)<\/b><\/p>\n<p>Kes\u00e4kuun lehdess\u00e4 kerrotaan hulluuden olevan tarttuvaa sorttia.<\/p>\n<p>Hein\u00e4kuun etusivulla on ajankohtaisia ilmoituksia ja er\u00e4s kuva jolla on tulevaisuudessa\u00a0historiallista arvoa.<\/p>\n<p>Elokuun lehden 3-sivulla selvitet\u00e4\u00e4n &#8221;outoa koodikielt\u00e4&#8221;<\/p>\n<p>Syyskuun 10-sivulla kerrotaan miten palokunnat kisailivat pime\u00e4kilpailussa Vainikkalassa<\/p>\n<p>Lokakuun 8. sivu kertoo tulokset lasten yu-kisoista sek\u00e4 samana p\u00e4iv\u00e4n\u00e4 j\u00e4rjestetyst\u00e4 kuulakisasta<\/p>\n<p>Marraskuun lehden etusivulla rajavartiolaitoksen edustaja kertoo harjoitustilanteista Vainikkalassa. My\u00f6s ratapihan laidan terminaalihankkeesta kerrotaan alustavaa tietoa.<\/p>\n<p>Joulukuun lehden etusivulla\u00a0valotetaan hieman\u00a0joulun monipuolista tapahtumatarjontaa sek\u00e4 kerrotaan kuka on VPK:n uusi palop\u00e4\u00e4llikk\u00f6<\/p>\n","protected":false},"excerpt":{"rendered":"<p>Otteet vuoden 2013 lehdist\u00e4 Joulukuun lehti monipuolisine sis\u00e4lt\u00f6ineen julkaistaan poikkeuksellisesti kokonaisuudessaan Vainikkalan vanhojen kyl\u00e4sivujen sulkemisen johdosta. Avaa pdf-liite niin n\u00e4et mist\u00e4 on kysymys. Marraskuun lehden\u00a07. sivu pit\u00e4\u00e4 sis\u00e4ll\u00e4\u00e4n ajankohtaisia ilmoituksia sek\u00e4 lokakuun lopun tilanteen Vainikkalan riistamiesten hirvijahdista. Sivun alanurkasta l\u00f6ytyy &hellip; <a href=\"https:\/\/kylat.ekarjala.fi\/vainikkala\/uutis-vainikkala\/otteita-vanhoista-lehdista\/\">Lue loppuun <span class=\"meta-nav\">&rarr;<\/span><\/a><\/p>\n","protected":false},"author":80,"featured_media":0,"parent":198,"menu_order":0,"comment_status":"open","ping_status":"closed","template":"","meta":{"footnotes":""},"class_list":["post-611","page","type-page","status-publish","hentry"],"_links":{"self":[{"href":"https:\/\/kylat.ekarjala.fi\/vainikkala\/wp-json\/wp\/v2\/pages\/611","targetHints":{"allow":["GET"]}}],"collection":[{"href":"https:\/\/kylat.ekarjala.fi\/vainikkala\/wp-json\/wp\/v2\/pages"}],"about":[{"href":"https:\/\/kylat.ekarjala.fi\/vainikkala\/wp-json\/wp\/v2\/types\/page"}],"author":[{"embeddable":true,"href":"https:\/\/kylat.ekarjala.fi\/vainikkala\/wp-json\/wp\/v2\/users\/80"}],"replies":[{"embeddable":true,"href":"https:\/\/kylat.ekarjala.fi\/vainikkala\/wp-json\/wp\/v2\/comments?post=611"}],"version-history":[{"count":3,"href":"https:\/\/kylat.ekarjala.fi\/vainikkala\/wp-json\/wp\/v2\/pages\/611\/revisions"}],"predecessor-version":[{"id":1081,"href":"https:\/\/kylat.ekarjala.fi\/vainikkala\/wp-json\/wp\/v2\/pages\/611\/revisions\/1081"}],"up":[{"embeddable":true,"href":"https:\/\/kylat.ekarjala.fi\/vainikkala\/wp-json\/wp\/v2\/pages\/198"}],"wp:attachment":[{"href":"https:\/\/kylat.ekarjala.fi\/vainikkala\/wp-json\/wp\/v2\/media?parent=611"}],"curies":[{"name":"wp","href":"https:\/\/api.w.org\/{rel}","templated":true}]}}