{"id":627,"date":"2013-12-17T12:16:11","date_gmt":"2013-12-17T12:46:11","guid":{"rendered":"https:\/\/kylat.ekarjala.fi\/vainikkala\/?page_id=627"},"modified":"2015-06-29T05:58:11","modified_gmt":"2015-06-29T06:28:11","slug":"kylapyoraily","status":"publish","type":"page","link":"https:\/\/kylat.ekarjala.fi\/vainikkala\/tapahtumakalenteri\/kylapyoraily\/","title":{"rendered":"Kyl\u00e4py\u00f6r\u00e4ily"},"content":{"rendered":"<p><b>Kyl\u00e4py\u00f6r\u00e4ily\u00e4 vuodesta 1996 alkaen<\/b><\/p>\n<p>Ensimm\u00e4inen Kyl\u00e4py\u00f6r\u00e4ily j\u00e4rjestettiin elokuussa 1996. Silloin kyli\u00e4 oli mukana nelj\u00e4. Tapahtuma vakiintui vuonna 1998 yhdeks\u00e4n kyl\u00e4n tapahtumaksi. Samalla py\u00f6r\u00e4ilyp\u00e4ivi\u00e4 alettiin j\u00e4rjest\u00e4\u00e4 kahdesti kes\u00e4n aikana.<\/p>\n<p>Kyl\u00e4py\u00f6r\u00e4ily on nykyisin\u00a0kahdentoista kyl\u00e4n yhteisesti j\u00e4rjest\u00e4m\u00e4. Kyl\u00e4py\u00f6r\u00e4ilyn 20-vuotis juhlavuotena 2015 mukaan saatiin my\u00f6s merkint\u00e4piste kaupunkiin, Tullitielle Rikkil\u00e4n leip\u00e4 Oy:n kahvila-leipomolle.<\/p>\n<p>Suuri kilometrim\u00e4\u00e4r\u00e4 ei ole Kyl\u00e4py\u00f6r\u00e4ilyss\u00e4 t\u00e4rke\u00e4\u00e4. Py\u00f6r\u00e4ilij\u00e4 saa valita reittins\u00e4, vauhtinsa ja matkansa vapaasti. Lyhin, my\u00f6s pienille lapsille sopiva vaihtoehto on py\u00f6r\u00e4ill\u00e4 vain yhden kyl\u00e4n alueella. Kaikki kyl\u00e4t kiert\u00e4v\u00e4n yhteismatka on reittivalinnasta ja l\u00e4ht\u00f6pisteest\u00e4 riippuen noin 120 &#8211; 150 kilometri\u00e4.<\/p>\n<p>Tapahtuman suosio vaihtelee vallitsevan s\u00e4\u00e4n mukaan. Osallistujaenn\u00e4tys saavutettiin ihannes\u00e4\u00e4ss\u00e4 toukokuussa 2002. Tuolloin tapahtumaan osallistui yhteens\u00e4 237 py\u00f6r\u00e4ilij\u00e4\u00e4.<\/p>\n<p>Kyl\u00e4py\u00f6r\u00e4ily on alueen kyl\u00e4yhdistysten yhteisesti j\u00e4rjest\u00e4m\u00e4 kuntoliikuntatapahtuma.<\/p>\n<p><a href=\"https:\/\/kylat.ekarjala.fi\/vainikkala\/wp-content\/uploads\/sites\/36\/2013\/12\/Kyl\u00e4py\u00f6r\u00e4ily_kuva.jpg\"><img loading=\"lazy\" decoding=\"async\" class=\"alignnone size-medium wp-image-1675\" src=\"https:\/\/kylat.ekarjala.fi\/vainikkala\/wp-content\/uploads\/sites\/36\/2013\/12\/Kyl\u00e4py\u00f6r\u00e4ily_kuva-211x300.jpg\" alt=\"\" width=\"211\" height=\"300\" srcset=\"https:\/\/kylat.ekarjala.fi\/vainikkala\/wp-content\/uploads\/sites\/36\/2013\/12\/Kyl\u00e4py\u00f6r\u00e4ily_kuva-211x300.jpg 211w, https:\/\/kylat.ekarjala.fi\/vainikkala\/wp-content\/uploads\/sites\/36\/2013\/12\/Kyl\u00e4py\u00f6r\u00e4ily_kuva.jpg 453w\" sizes=\"auto, (max-width: 211px) 100vw, 211px\" \/><\/a><\/p>\n<p><a href=\"https:\/\/kylat.ekarjala.fi\/vainikkala\/wp-content\/uploads\/sites\/36\/2013\/12\/Kyl\u00e4py\u00f6r\u00e4ilykartta-2015.pdf\">Yll\u00e4 oleva kartta suuremmassa pdf-muodossa<\/a><\/p>\n<p><a href=\"https:\/\/kylat.ekarjala.fi\/vainikkala\/wp-content\/uploads\/sites\/36\/2013\/12\/Kyl\u00e4py\u00f6r\u00e4ily_tuotekortti_2015.pdf\">Lataa t\u00e4st\u00e4 kyl\u00e4py\u00f6r\u00e4ilyn tuotekortti, jossa lis\u00e4tietoa kylist\u00e4 ja merkint\u00e4paikoista<\/a><\/p>\n<p><b>Mehu- ja merkint\u00e4asemat klo 8-20<\/b><\/p>\n<p>Rapattila:\u00a0\u00a0\u00a0\u00a0\u00a0\u00a0\u00a0\u00a0\u00a0 Rapattilan leirimajalla<br \/>\nKasukkala:\u00a0\u00a0\u00a0\u00a0\u00a0\u00a0\u00a0 Kasukkalan koulun bussipys\u00e4kkikatoksessa, os. Vainikkalantie 171<br \/>\nHaapaj\u00e4rvi:\u00a0\u00a0\u00a0\u00a0\u00a0\u00a0 Kyl\u00e4talolla, os. Vainikkalantie 765<br \/>\nVainikkala:\u00a0\u00a0\u00a0\u00a0\u00a0\u00a0\u00a0 Koulun l\u00e4hell\u00e4 olevalla urheilualueella, os. Rikkil\u00e4ntie 47<br \/>\nRumpu:\u00a0\u00a0\u00a0\u00a0\u00a0\u00a0\u00a0\u00a0\u00a0\u00a0\u00a0\u00a0\u00a0 Nutikan tanssilavalla kyl\u00e4n keskell\u00e4, os. Rummuntie 218<br \/>\nVillala:\u00a0\u00a0\u00a0\u00a0\u00a0\u00a0\u00a0\u00a0\u00a0\u00a0\u00a0\u00a0\u00a0\u00a0\u00a0 Maitolavalla kyl\u00e4n keskell\u00e4, Rummuntien varrella<br \/>\nHyttil\u00e4:\u00a0\u00a0\u00a0\u00a0\u00a0\u00a0\u00a0\u00a0\u00a0\u00a0\u00a0\u00a0\u00a0\u00a0 Tuohikkaantien maitolavalla kyl\u00e4n keskell\u00e4<br \/>\nYl\u00e4maa:\u00a0\u00a0\u00a0\u00a0\u00a0\u00a0\u00a0\u00a0\u00a0\u00a0\u00a0\u00a0\u00a0\u00a0 Kahvila-Ravintola Korupirtiss\u00e4, os. Kivikyl\u00e4ntie 7<br \/>\nSimola:\u00a0\u00a0\u00a0\u00a0\u00a0\u00a0\u00a0\u00a0\u00a0\u00a0\u00a0\u00a0\u00a0\u00a0\u00a0 Simolan vesitornilla, os. Vesitornintie 48<br \/>\nHytti:\u00a0\u00a0\u00a0\u00a0\u00a0\u00a0\u00a0\u00a0\u00a0\u00a0\u00a0\u00a0\u00a0\u00a0\u00a0\u00a0\u00a0\u00a0 Hytin VPK:n talolla, os. Hytintie 88<br \/>\nKorkea-aho:\u00a0\u00a0\u00a0\u00a0\u00a0\u00a0 H\u00e4m\u00e4l\u00e4isen tilan pihapiiriss\u00e4, os. Korkea-ahontie 688<br \/>\nHanhij\u00e4rvi:\u00a0\u00a0\u00a0\u00a0\u00a0\u00a0\u00a0\u00a0 Hanhij\u00e4rven kyl\u00e4talolla (VPK:n talo), os. Hanhij\u00e4rventie 390<br \/>\nLappeenranta:\u00a0\u00a0 Rikkil\u00e4n Leip\u00e4 Oy:n kahvila-myym\u00e4l\u00e4ss\u00e4 os. Tullitie 1<\/p>\n<p><strong>Mehu- ja merkint\u00e4asemien koordinaatit<\/strong><\/p>\n<p>Rapattila N60.57.092 E028.24.161<br \/>\nKasukkala N60.57.970 E028.18.884<br \/>\nHaapaj\u00e4rvi N60.55.319 E028.18.943<br \/>\nVainikkala N60.52.143 E028.17.574<br \/>\nRumpu N60.50.938 E028.09.862<br \/>\nVillala N60.48.490 E028.10.934<br \/>\nHyttil\u00e4 N60.48.489 E028.05.435<br \/>\nYl\u00e4maa N60.47.408 E028.00.610<br \/>\nSimola N60.54.517 E028.09.377<br \/>\nHytti N60.58.131 E028.09.655<br \/>\nKorkea-aho N60.58.677 E028.05.121<br \/>\nHanhij\u00e4rvi N61.00.793 E028.12.507<br \/>\nLappeenranta N61.02.775 E028.11.969<\/p>\n<p>Lis\u00e4tietoja:<\/p>\n<p>Sauli Vainikka<br \/>\netunimi.sukunimi<a href=\"mailto:etunimi.sukunimi@pp.inet.fi\">@pp.inet.fi<\/a><br \/>\n040 8095630<\/p>\n<p><a href=\"https:\/\/www.facebook.com\/kylapyoraily\" target=\"_blank\">Kyl\u00e4py\u00f6r\u00e4ilyn facebook-sivut<\/a><\/p>\n<p><b>Kyl\u00e4py\u00f6r\u00e4ilyn historiaa lukuina<\/b><\/p>\n<p align=\"left\">OSALLISTUJAM\u00c4\u00c4R\u00c4T<br \/>\nEnn\u00e4tykset lihavoituna<br \/>\nVuosi\u00a0\u00a0\u00a0\u00a0\u00a0\u00a0\u00a0\u00a0Touko\u00a0\u00a0\u00a0\u00a0\u00a0\u00a0\u00a0\u00a0\u00a0\u00a0 Elo\u00a0\u00a0\u00a0\u00a0\u00a0\u00a0\u00a0\u00a0\u00a0Kyli\u00e4<br \/>\n1996\u00a0\u00a0\u00a0\u00a0\u00a0\u00a0\u00a0\u00a0\u00a0 ei j\u00e4rj\u00a0\u00a0\u00a0\u00a0\u00a0\u00a0\u00a0\u00a0\u00a0\u00a0\u00a0\u00a0 61\u00a0\u00a0\u00a0\u00a0\u00a0\u00a0\u00a0\u00a0\u00a0\u00a04<br \/>\n1997\u00a0\u00a0\u00a0\u00a0\u00a0\u00a0\u00a0\u00a0\u00a0 ei j\u00e4rj\u00a0\u00a0\u00a0\u00a0\u00a0\u00a0\u00a0\u00a0\u00a0\u00a0\u00a0\u00a0 166\u00a0\u00a0\u00a0\u00a0\u00a0\u00a0\u00a0\u00a07<br \/>\n1998\u00a0\u00a0\u00a0\u00a0\u00a0\u00a0\u00a0\u00a0\u00a0 156\u00a0\u00a0\u00a0\u00a0\u00a0\u00a0\u00a0\u00a0\u00a0\u00a0\u00a0\u00a0\u00a0\u00a0 152\u00a0\u00a0\u00a0\u00a0\u00a0\u00a0\u00a0\u00a0 9<br \/>\n1999\u00a0\u00a0\u00a0\u00a0\u00a0\u00a0\u00a0\u00a0\u00a0 206\u00a0\u00a0\u00a0\u00a0\u00a0\u00a0\u00a0\u00a0\u00a0\u00a0\u00a0\u00a0\u00a0\u00a0 168\u00a0\u00a0\u00a0\u00a0\u00a0\u00a0\u00a0\u00a0 9<br \/>\n2000\u00a0\u00a0\u00a0\u00a0\u00a0\u00a0\u00a0\u00a0\u00a0 230\u00a0\u00a0\u00a0\u00a0\u00a0\u00a0\u00a0\u00a0\u00a0\u00a0\u00a0\u00a0\u00a0\u00a0 176\u00a0\u00a0\u00a0\u00a0\u00a0\u00a0\u00a0\u00a0 9<br \/>\n2001\u00a0\u00a0\u00a0\u00a0\u00a0\u00a0\u00a0\u00a0\u00a0 229\u00a0\u00a0\u00a0\u00a0\u00a0\u00a0\u00a0\u00a0\u00a0\u00a0\u00a0\u00a0\u00a0\u00a0 161\u00a0\u00a0\u00a0\u00a0\u00a0\u00a0\u00a0\u00a0 9<br \/>\n2002\u00a0\u00a0\u00a0\u00a0\u00a0\u00a0\u00a0\u00a0\u00a0 237\u00a0\u00a0\u00a0\u00a0\u00a0\u00a0\u00a0\u00a0\u00a0\u00a0\u00a0\u00a0\u00a0\u00a0 204\u00a0\u00a0\u00a0\u00a0\u00a0\u00a0\u00a0\u00a0 9<br \/>\n2003\u00a0\u00a0\u00a0\u00a0\u00a0\u00a0\u00a0\u00a0\u00a0 156\u00a0\u00a0\u00a0\u00a0\u00a0\u00a0\u00a0\u00a0\u00a0\u00a0\u00a0\u00a0\u00a0\u00a0 121\u00a0\u00a0\u00a0\u00a0\u00a0\u00a0\u00a0\u00a0 9<br \/>\n2004\u00a0\u00a0\u00a0\u00a0\u00a0\u00a0\u00a0\u00a0\u00a0 172\u00a0\u00a0\u00a0\u00a0\u00a0\u00a0\u00a0\u00a0\u00a0\u00a0\u00a0\u00a0\u00a0\u00a0 178\u00a0\u00a0\u00a0\u00a0\u00a0\u00a0\u00a0\u00a0 9<br \/>\n2005\u00a0\u00a0\u00a0\u00a0\u00a0\u00a0\u00a0\u00a0\u00a0 155\u00a0\u00a0\u00a0\u00a0\u00a0\u00a0\u00a0\u00a0\u00a0\u00a0\u00a0\u00a0\u00a0\u00a0 119\u00a0\u00a0\u00a0\u00a0\u00a0\u00a0\u00a0\u00a0 10<br \/>\n2006\u00a0\u00a0\u00a0\u00a0\u00a0\u00a0\u00a0\u00a0\u00a0\u00a0126\u00a0\u00a0\u00a0\u00a0\u00a0\u00a0\u00a0\u00a0\u00a0\u00a0\u00a0\u00a0\u00a0\u00a0\u00a0195\u00a0\u00a0\u00a0\u00a0\u00a0\u00a0\u00a0\u00a0\u00a010<br \/>\n2007\u00a0\u00a0\u00a0\u00a0\u00a0\u00a0\u00a0\u00a0\u00a0\u00a0172\u00a0\u00a0\u00a0\u00a0\u00a0\u00a0\u00a0\u00a0\u00a0\u00a0\u00a0\u00a0\u00a0\u00a0\u00a0137\u00a0\u00a0\u00a0\u00a0\u00a0\u00a0\u00a0\u00a0\u00a011<br \/>\n2008\u00a0\u00a0\u00a0\u00a0\u00a0\u00a0\u00a0\u00a0\u00a0\u00a076 \u00a0\u00a0\u00a0\u00a0\u00a0\u00a0\u00a0\u00a0\u00a0\u00a0\u00a0\u00a0\u00a0\u00a0\u00a0\u00a0127\u00a0\u00a0\u00a0\u00a0\u00a0\u00a0\u00a0\u00a0\u00a011<br \/>\n2009\u00a0\u00a0\u00a0\u00a0\u00a0\u00a0\u00a0\u00a0\u00a0 201\u00a0\u00a0\u00a0\u00a0\u00a0\u00a0\u00a0\u00a0\u00a0\u00a0\u00a0\u00a0\u00a0\u00a0\u00a0142\u00a0\u00a0\u00a0\u00a0\u00a0\u00a0\u00a0\u00a0\u00a011<br \/>\n2010\u00a0\u00a0\u00a0\u00a0\u00a0\u00a0\u00a0\u00a0\u00a0\u00a0148\u00a0\u00a0\u00a0\u00a0\u00a0\u00a0\u00a0\u00a0\u00a0\u00a0\u00a0\u00a0\u00a0\u00a0\u00a0100\u00a0\u00a0\u00a0\u00a0\u00a0\u00a0\u00a0\u00a0\u00a012<br \/>\n2011\u00a0\u00a0\u00a0\u00a0\u00a0\u00a0\u00a0\u00a0\u00a0 173\u00a0\u00a0\u00a0\u00a0\u00a0\u00a0\u00a0\u00a0\u00a0\u00a0\u00a0\u00a0\u00a0\u00a0\u00a0171\u00a0\u00a0\u00a0\u00a0\u00a0\u00a0\u00a0\u00a0\u00a012<br \/>\n2012\u00a0\u00a0\u00a0\u00a0\u00a0\u00a0\u00a0\u00a0\u00a0 175\u00a0\u00a0\u00a0\u00a0\u00a0\u00a0\u00a0\u00a0\u00a0\u00a0\u00a0\u00a0\u00a0\u00a0 144\u00a0\u00a0\u00a0\u00a0\u00a0\u00a0\u00a0\u00a0 12<br \/>\n2013\u00a0\u00a0\u00a0\u00a0\u00a0\u00a0\u00a0\u00a0\u00a0 220\u00a0\u00a0\u00a0\u00a0\u00a0\u00a0\u00a0\u00a0\u00a0\u00a0\u00a0\u00a0\u00a0\u00a0 173\u00a0\u00a0\u00a0\u00a0\u00a0\u00a0\u00a0\u00a0 12<\/p>\n","protected":false},"excerpt":{"rendered":"<p>Kyl\u00e4py\u00f6r\u00e4ily\u00e4 vuodesta 1996 alkaen Ensimm\u00e4inen Kyl\u00e4py\u00f6r\u00e4ily j\u00e4rjestettiin elokuussa 1996. Silloin kyli\u00e4 oli mukana nelj\u00e4. Tapahtuma vakiintui vuonna 1998 yhdeks\u00e4n kyl\u00e4n tapahtumaksi. Samalla py\u00f6r\u00e4ilyp\u00e4ivi\u00e4 alettiin j\u00e4rjest\u00e4\u00e4 kahdesti kes\u00e4n aikana. Kyl\u00e4py\u00f6r\u00e4ily on nykyisin\u00a0kahdentoista kyl\u00e4n yhteisesti j\u00e4rjest\u00e4m\u00e4. Kyl\u00e4py\u00f6r\u00e4ilyn 20-vuotis juhlavuotena 2015 mukaan saatiin &hellip; <a href=\"https:\/\/kylat.ekarjala.fi\/vainikkala\/tapahtumakalenteri\/kylapyoraily\/\">Lue loppuun <span class=\"meta-nav\">&rarr;<\/span><\/a><\/p>\n","protected":false},"author":80,"featured_media":0,"parent":18,"menu_order":0,"comment_status":"open","ping_status":"closed","template":"","meta":{"footnotes":""},"class_list":["post-627","page","type-page","status-publish","hentry"],"_links":{"self":[{"href":"https:\/\/kylat.ekarjala.fi\/vainikkala\/wp-json\/wp\/v2\/pages\/627","targetHints":{"allow":["GET"]}}],"collection":[{"href":"https:\/\/kylat.ekarjala.fi\/vainikkala\/wp-json\/wp\/v2\/pages"}],"about":[{"href":"https:\/\/kylat.ekarjala.fi\/vainikkala\/wp-json\/wp\/v2\/types\/page"}],"author":[{"embeddable":true,"href":"https:\/\/kylat.ekarjala.fi\/vainikkala\/wp-json\/wp\/v2\/users\/80"}],"replies":[{"embeddable":true,"href":"https:\/\/kylat.ekarjala.fi\/vainikkala\/wp-json\/wp\/v2\/comments?post=627"}],"version-history":[{"count":6,"href":"https:\/\/kylat.ekarjala.fi\/vainikkala\/wp-json\/wp\/v2\/pages\/627\/revisions"}],"predecessor-version":[{"id":1687,"href":"https:\/\/kylat.ekarjala.fi\/vainikkala\/wp-json\/wp\/v2\/pages\/627\/revisions\/1687"}],"up":[{"embeddable":true,"href":"https:\/\/kylat.ekarjala.fi\/vainikkala\/wp-json\/wp\/v2\/pages\/18"}],"wp:attachment":[{"href":"https:\/\/kylat.ekarjala.fi\/vainikkala\/wp-json\/wp\/v2\/media?parent=627"}],"curies":[{"name":"wp","href":"https:\/\/api.w.org\/{rel}","templated":true}]}}