{"id":639,"date":"2013-12-17T13:16:28","date_gmt":"2013-12-17T13:46:28","guid":{"rendered":"https:\/\/kylat.ekarjala.fi\/vainikkala\/?page_id=639"},"modified":"2013-12-17T13:16:28","modified_gmt":"2013-12-17T13:46:28","slug":"pyyntivedet","status":"publish","type":"page","link":"https:\/\/kylat.ekarjala.fi\/vainikkala\/harrastukset\/kalastus\/pyyntivedet\/","title":{"rendered":"Pyyntivedet"},"content":{"rendered":"<h1>Alajoki<\/h1>\n<p>Hounijoen vesist\u00f6\u00f6n kuuluva Alajoki saa alkunsa Raipon Kotij\u00e4rvest\u00e4 ja se laskee vetens\u00e4 Vainikkalan Telkj\u00e4rveen.<\/p>\n<p>Er\u00e4\u00e4nlainen \u201dvedenjakaja\u201d on Vainikkalan ratapihan l\u00e4nsip\u00e4\u00e4n kohdalla. T\u00e4st\u00e4 pisteest\u00e4 Simolan suuntaan Alajoen rannat soveltuvat hyvin viehekalastukseen sek\u00e4 onkimiseen. Saaliiksi voi ongella saada suuriakin ahvenia sek\u00e4 s\u00e4rkikaloja. Loppuosa Alajoesta Telkj\u00e4rveen asti on p\u00e4\u00e4osin matalampi ja leve\u00e4mpi. T\u00e4ll\u00e4 osuudella vesi laskee kes\u00e4isin monin paikoin kalastamisen kannalta liian alas.<\/p>\n<p>Alajoen vesist\u00f6n tilan parantaminen on yksi vuonna 2000 perustetun My\u00f6t\u00e4virtaan ry:n perusajatuksista. Joen etel\u00e4rannalle, Korpelantien sillan ja Kiekan mutkan v\u00e4lille on toteutettu helposti kuljettava vaelluspolku jossa my\u00f6s rannalta kalastaminen on mahdollista. Vesireitin varrelle rakennetut kolme laavua palvelevat kalastajia tauko- ja ruokailupaikkoina. Saaliskalat voi jopa savustaa tuoreeltaan Vainikkalan laavun nuotiopaikalla.<\/p>\n<p>Alajoen veden laatua tutkittiin kesin\u00e4 2002, 2003 ja 2008 My\u00f6t\u00e4virtaan ry:n toimiessa n\u00e4ytteiden ottajana. N\u00e4ytteet analysoitiin Saimaan vesiensuojelu ry:n laboratoriossa Lappeenrannassa. Tutkimuksen rahoitti Lappeenrannan kaupungin ymp\u00e4rist\u00f6toimi.<\/p>\n<p><a href=\"https:\/\/kylat.ekarjala.fi\/vainikkala\/wp-content\/uploads\/sites\/36\/2013\/12\/ALAJOEN-VESIST\u00d6TARKKAILU-VUONNA-2008.pdf\">ALAJOEN VESIST\u00d6TARKKAILU VUONNA 2008<\/a><\/p>\n<p><a href=\"https:\/\/kylat.ekarjala.fi\/vainikkala\/wp-content\/uploads\/sites\/36\/2013\/12\/ALAJOEN-VEDENLAATUTUTKIMUS.pdf\">ALAJOEN VEDENLAATUTUTKIMUS yhteenveto<\/a><\/p>\n<p>*******************************************************************************<\/p>\n<h1>Kultalampi<\/h1>\n<p>Kultalampi on hyvin pieni lampi Niemenkyl\u00e4ss\u00e4. Lammen kalakannasta ei ole tarkempaa tietoa.<\/p>\n<p>********************************************************************************<\/p>\n<h1>Mustalampi<\/h1>\n<p>Mustalampi on pienehk\u00f6 lampi kyl\u00e4n etel\u00e4laidalla l\u00e4hell\u00e4 Korpelaa. Lammen kalakanta koostuu etup\u00e4\u00e4ss\u00e4 ahvenista, hauista, s\u00e4rjist\u00e4. Lammen rannat ovat suorantoja joten onkijan ehdottomaan varustukseen kuuluu ehj\u00e4t kumisaappaat.<\/p>\n<p>*********************************************************************************<\/p>\n<h1>Niemij\u00e4rvi<\/h1>\n<p>Niemij\u00e4rvi on kyl\u00e4n j\u00e4rvist\u00e4 arvokkain sek\u00e4 kalastuksen ett\u00e4 muun virkistysk\u00e4yt\u00f6n kannalta. J\u00e4rven vesi on tummahkoa, ja sen vesi on tutkimusten mukaan liev\u00e4sti rehev\u00f6itynytt\u00e4. Mutta onneksi vain liev\u00e4sti!<\/p>\n<p>Niemij\u00e4rven kalalajisto on kyl\u00e4n vesist\u00e4 monipuolisin. J\u00e4rveen on viime vuosina istutettu kuhaa, sek\u00e4 aikaisemmin siikaa. J\u00e4rven peruskalasto koostuu ahvenista, hauista ja s\u00e4rkikaloista. Niemij\u00e4rveen on istutettu my\u00f6s t\u00e4pl\u00e4rapua. J\u00e4rvess\u00e4 el\u00e4\u00e4 alkuper\u00e4inen jokirapukanta.<\/p>\n<p>**********************************************************************************<\/p>\n<h1>Ojalampi<\/h1>\n<p>Syvyydelt\u00e4\u00e4n vaihteleva Ojalampi sijaitsee kyl\u00e4n koillispuolella aivan rajavy\u00f6hykkeen tuntumassa. Lammen rannat ovat suorantoja joten onkijan ehdottomaan varustukseen kuuluu ehj\u00e4t kumisaappaat Lammen kalakanta koostuu etup\u00e4\u00e4ss\u00e4 ahvenista, hauista, s\u00e4rjist\u00e4.<\/p>\n<p><a href=\"https:\/\/kylat.ekarjala.fi\/vainikkala\/wp-content\/uploads\/sites\/36\/2013\/12\/Ojalampi-05_04_2008.pdf\">Suuret kalat Ojalammessa -tilasto<\/a><\/p>\n<p>**********************************************************************************<\/p>\n<h1>Ratalampi<\/h1>\n<p>Ratalampi sijaitsee Niemenkyl\u00e4ss\u00e4. Lammen vesi on suorantaiseksi lammeksi melko kirkasta ja sen rannat soveltuvat melko hyvin onkimiseen, vaikkakin ehj\u00e4t kumisaappaat ovat ehdoton vaatimus osaksi pehmeiden rantojen takia. Lammen kalakanta koostuu etup\u00e4\u00e4ss\u00e4 ahvenista, hauista, s\u00e4rjist\u00e4.<\/p>\n<p><a href=\"https:\/\/kylat.ekarjala.fi\/vainikkala\/wp-content\/uploads\/sites\/36\/2013\/12\/Ratalampi_05_04_2008.pdf\">Suuret kalat Ratalammesta -tilasto<\/a><\/p>\n<p>**********************************************************************************<\/p>\n<h1>Savilampi<\/h1>\n<p>Pienehk\u00f6 Savilampi sijaitsee Niemenkyl\u00e4ss\u00e4 vuonna 2002 valmistuneen suuren s\u00e4hk\u00f6linjan alla. Lammen rannat ovat suorantoja joten rannalta onkijan ehdottomaan varustukseen kuuluu ehj\u00e4t kumisaappaat. Lammen kalakanta koostuu etup\u00e4\u00e4ss\u00e4 ahvenista, hauista, s\u00e4rjist\u00e4.<\/p>\n<p><a href=\"https:\/\/kylat.ekarjala.fi\/vainikkala\/wp-content\/uploads\/sites\/36\/2013\/12\/Savilampi_05_04_2008.pdf\">Suuret kalat Savilammesta -tilasto<\/a><\/p>\n<p>**********************************************************************************<\/p>\n<h1>Suutarinj\u00e4rvi<\/h1>\n<p>Suutarinj\u00e4rvi sijaitsee Niemenkyl\u00e4n pohjoispuolella (Suutarinkyl\u00e4)<\/p>\n<p><a href=\"https:\/\/kylat.ekarjala.fi\/vainikkala\/wp-content\/uploads\/sites\/36\/2013\/12\/Suutarinj\u00e4rvi_06_01_2011.pdf\">Suuret kalat Suutarinj\u00e4rvess\u00e4 -tilasto<\/a><\/p>\n<p>**********************************************************************************<\/p>\n<h1>Syrj\u00e4ntakaisenlampi<\/h1>\n<p>Syrj\u00e4ntakaisenlampi sijaitsee kyl\u00e4n etel\u00e4puolella. Lammelle p\u00e4\u00e4see parhaiten Korpelantien kautta.\u00a0 Lammen rannat ovat p\u00e4\u00e4osin suorantoja joten onkijan ehdottomaan varustukseen kuuluu ehj\u00e4t kumisaappaat. Lammen kalakanta koostuu etup\u00e4\u00e4ss\u00e4 ahvenista, hauista, s\u00e4rjist\u00e4.<\/p>\n<p><a href=\"https:\/\/kylat.ekarjala.fi\/vainikkala\/wp-content\/uploads\/sites\/36\/2013\/12\/Syrj\u00e4ntakaisenlampi_05_04_2008.pdf\">Suuret kalat Syrj\u00e4ntakaisenlammesta -tilasto<\/a><\/p>\n<p>**********************************************************************************<\/p>\n<h1>Telkj\u00e4rvi<\/h1>\n<p>Telkj\u00e4rvi on maantieteellisesti kyl\u00e4n keskeisin j\u00e4rvi. Alajoki laskee<br \/>\nvetens\u00e4 Telkj\u00e4rveen ja Hounijoki saa alkunsa Telkj\u00e4rvest\u00e4, laskien<br \/>\nVen\u00e4j\u00e4n puolella Hounij\u00e4rveen ja sielt\u00e4 edelleen Viipurinlahteen.<\/p>\n<p>Telkj\u00e4rvi on matala, rehev\u00e4 ja sit\u00e4 kuormittaa kaikki Alajoen mukanaan tuoma kuormitus sek\u00e4 Vainikkalan kyl\u00e4n alueelta tuleva kuormitus. Kyl\u00e4n j\u00e4tevesist\u00e4 merkitt\u00e4v\u00e4 osa ohjautuu pienpuhdistamoiden kautta Telkj\u00e4rveen.<\/p>\n<p>Telkj\u00e4rvess\u00e4 on runsas kalakanta. J\u00e4rven ahvenet, hauet, suutarit ja<br \/>\nlahnat kasvavat kookkaiksi, joten elintilaa kaloille on riitt\u00e4v\u00e4sti, ainakin toistaiseksi. Onkijoiden iloksi j\u00e4rvest\u00e4 saa helposti suuria ahvenia, s\u00e4rki\u00e4, lahnoja ja sorvia.<\/p>\n<p><a href=\"https:\/\/kylat.ekarjala.fi\/vainikkala\/wp-content\/uploads\/sites\/36\/2013\/12\/Telkj\u00e4rvi-24_03_2010.pdf\">Suuret kalat Telkj\u00e4rvest\u00e4 -tilasto<\/a><\/p>\n<p>********************************************************************************<\/p>\n<h1>Uitonp\u00e4\u00e4nlampi<\/h1>\n<p>Uitonp\u00e4\u00e4nlampi sijaitsee kyl\u00e4n luoteispuolella l\u00e4hell\u00e4 Niemenkyl\u00e4\u00e4n johtavaa tiet\u00e4. Lammesta on ojayhteys Niemij\u00e4rveen Salmensillassa. J\u00e4rven etel\u00e4rantaa hallitsevat kyl\u00e4n komeimmat rantakalliot. Valtaosa lammen muista rannoista ovat pehmeit\u00e4 suorantoja, joten onkijan ehdottomaan varustukseen kuuluu ehj\u00e4t kumisaappaat. Lammen kalakanta koostuu etup\u00e4\u00e4ss\u00e4 ahvenista, hauista, s\u00e4rjist\u00e4.<\/p>\n<p><a href=\"https:\/\/kylat.ekarjala.fi\/vainikkala\/wp-content\/uploads\/sites\/36\/2013\/12\/Uitonp\u00e4\u00e4nlampi_05_04_2008.pdf\">Suuret kalat Uitonp\u00e4\u00e4nlammesta -tilasto<\/a><\/p>\n<p>************************************************************************************<\/p>\n<h1>Ukonj\u00e4rvi<\/h1>\n<p>Suunnilleen Niemij\u00e4rven kokoisesta Ukonj\u00e4rvest\u00e4 vain pieni osa on Suomen puolella. Vesialue sijoittuu entiselle Lpr &#8211; Yl\u00e4maa kunnanrajalle (kuntaliitos 1.1.2010). Melko syv\u00e4n Ukonj\u00e4rven vesi on tummahkoa ja liev\u00e4sti rehev\u00e4\u00e4. Vedenpinta Ukonj\u00e4rvess\u00e4 on kohonnut huomattavasti 2000-luvulla. Syyn arvellaan olevan majavien padoissa Ven\u00e4j\u00e4n puoleisessa laskujoessa.<\/p>\n<p>J\u00e4rvess\u00e4 kalastaminen edellytt\u00e4\u00e4 rajavartiolaitoksen vy\u00f6hykelupaa. J\u00e4rven kalakanta koostuu etup\u00e4\u00e4ss\u00e4 ahvenista, hauista, kiiskist\u00e4 ja s\u00e4rjist\u00e4. Ukonj\u00e4rvell\u00e4 j\u00e4rjestet\u00e4\u00e4n talvisin suositut pilkkikilpailut Etel\u00e4-Lappeen reservil\u00e4isten toimesta.<\/p>\n<p><a href=\"https:\/\/kylat.ekarjala.fi\/vainikkala\/wp-content\/uploads\/sites\/36\/2013\/12\/Ukonj\u00e4rvi_05_04_2008.pdf\">Suuret kalat Ukonj\u00e4rvest\u00e4 -tilasto<\/a><\/p>\n","protected":false},"excerpt":{"rendered":"<p>Alajoki Hounijoen vesist\u00f6\u00f6n kuuluva Alajoki saa alkunsa Raipon Kotij\u00e4rvest\u00e4 ja se laskee vetens\u00e4 Vainikkalan Telkj\u00e4rveen. Er\u00e4\u00e4nlainen \u201dvedenjakaja\u201d on Vainikkalan ratapihan l\u00e4nsip\u00e4\u00e4n kohdalla. T\u00e4st\u00e4 pisteest\u00e4 Simolan suuntaan Alajoen rannat soveltuvat hyvin viehekalastukseen sek\u00e4 onkimiseen. Saaliiksi voi ongella saada suuriakin ahvenia sek\u00e4 &hellip; <a href=\"https:\/\/kylat.ekarjala.fi\/vainikkala\/harrastukset\/kalastus\/pyyntivedet\/\">Lue loppuun <span class=\"meta-nav\">&rarr;<\/span><\/a><\/p>\n","protected":false},"author":80,"featured_media":0,"parent":47,"menu_order":0,"comment_status":"open","ping_status":"closed","template":"","meta":{"footnotes":""},"class_list":["post-639","page","type-page","status-publish","hentry"],"_links":{"self":[{"href":"https:\/\/kylat.ekarjala.fi\/vainikkala\/wp-json\/wp\/v2\/pages\/639","targetHints":{"allow":["GET"]}}],"collection":[{"href":"https:\/\/kylat.ekarjala.fi\/vainikkala\/wp-json\/wp\/v2\/pages"}],"about":[{"href":"https:\/\/kylat.ekarjala.fi\/vainikkala\/wp-json\/wp\/v2\/types\/page"}],"author":[{"embeddable":true,"href":"https:\/\/kylat.ekarjala.fi\/vainikkala\/wp-json\/wp\/v2\/users\/80"}],"replies":[{"embeddable":true,"href":"https:\/\/kylat.ekarjala.fi\/vainikkala\/wp-json\/wp\/v2\/comments?post=639"}],"version-history":[{"count":2,"href":"https:\/\/kylat.ekarjala.fi\/vainikkala\/wp-json\/wp\/v2\/pages\/639\/revisions"}],"predecessor-version":[{"id":651,"href":"https:\/\/kylat.ekarjala.fi\/vainikkala\/wp-json\/wp\/v2\/pages\/639\/revisions\/651"}],"up":[{"embeddable":true,"href":"https:\/\/kylat.ekarjala.fi\/vainikkala\/wp-json\/wp\/v2\/pages\/47"}],"wp:attachment":[{"href":"https:\/\/kylat.ekarjala.fi\/vainikkala\/wp-json\/wp\/v2\/media?parent=639"}],"curies":[{"name":"wp","href":"https:\/\/api.w.org\/{rel}","templated":true}]}}