{"id":656,"date":"2013-12-25T17:01:19","date_gmt":"2013-12-25T17:31:19","guid":{"rendered":"https:\/\/kylat.ekarjala.fi\/vainikkala\/?page_id=656"},"modified":"2014-01-30T18:36:33","modified_gmt":"2014-01-30T19:06:33","slug":"liikuntapaikat","status":"publish","type":"page","link":"https:\/\/kylat.ekarjala.fi\/vainikkala\/harrastukset\/liikunta\/liikuntapaikat\/","title":{"rendered":"Liikuntapaikat"},"content":{"rendered":"<p>Vainikkalassa on useita liikuntapaikkoja niin talvi- kuin kes\u00e4liikunnan harrastamiseenkin. Jokaisesta liikuntapaikasta on oma alasivustonsa, johon p\u00e4\u00e4set p\u00e4\u00e4valikon kautta. Ajankohtainen info liikuntapaikkojen k\u00e4yt\u00f6st\u00e4 on etusivulla.<\/p>\n<p>&nbsp;<\/p>\n<p>&nbsp;<\/p>\n","protected":false},"excerpt":{"rendered":"<p>Vainikkalassa on useita liikuntapaikkoja niin talvi- kuin kes\u00e4liikunnan harrastamiseenkin. Jokaisesta liikuntapaikasta on oma alasivustonsa, johon p\u00e4\u00e4set p\u00e4\u00e4valikon kautta. Ajankohtainen info liikuntapaikkojen k\u00e4yt\u00f6st\u00e4 on etusivulla. &nbsp; &nbsp;<\/p>\n","protected":false},"author":80,"featured_media":0,"parent":50,"menu_order":0,"comment_status":"open","ping_status":"closed","template":"","meta":{"footnotes":""},"class_list":["post-656","page","type-page","status-publish","hentry"],"_links":{"self":[{"href":"https:\/\/kylat.ekarjala.fi\/vainikkala\/wp-json\/wp\/v2\/pages\/656","targetHints":{"allow":["GET"]}}],"collection":[{"href":"https:\/\/kylat.ekarjala.fi\/vainikkala\/wp-json\/wp\/v2\/pages"}],"about":[{"href":"https:\/\/kylat.ekarjala.fi\/vainikkala\/wp-json\/wp\/v2\/types\/page"}],"author":[{"embeddable":true,"href":"https:\/\/kylat.ekarjala.fi\/vainikkala\/wp-json\/wp\/v2\/users\/80"}],"replies":[{"embeddable":true,"href":"https:\/\/kylat.ekarjala.fi\/vainikkala\/wp-json\/wp\/v2\/comments?post=656"}],"version-history":[{"count":2,"href":"https:\/\/kylat.ekarjala.fi\/vainikkala\/wp-json\/wp\/v2\/pages\/656\/revisions"}],"predecessor-version":[{"id":1161,"href":"https:\/\/kylat.ekarjala.fi\/vainikkala\/wp-json\/wp\/v2\/pages\/656\/revisions\/1161"}],"up":[{"embeddable":true,"href":"https:\/\/kylat.ekarjala.fi\/vainikkala\/wp-json\/wp\/v2\/pages\/50"}],"wp:attachment":[{"href":"https:\/\/kylat.ekarjala.fi\/vainikkala\/wp-json\/wp\/v2\/media?parent=656"}],"curies":[{"name":"wp","href":"https:\/\/api.w.org\/{rel}","templated":true}]}}