{"id":658,"date":"2013-12-25T17:03:43","date_gmt":"2013-12-25T17:33:43","guid":{"rendered":"https:\/\/kylat.ekarjala.fi\/vainikkala\/?page_id=658"},"modified":"2014-02-27T08:46:25","modified_gmt":"2014-02-27T09:16:25","slug":"ampumarata","status":"publish","type":"page","link":"https:\/\/kylat.ekarjala.fi\/vainikkala\/harrastukset\/liikunta\/liikuntapaikat\/ampumarata\/","title":{"rendered":"Ampumarata"},"content":{"rendered":"<div id=\"attachment_1194\" style=\"width: 310px\" class=\"wp-caption alignnone\"><a href=\"https:\/\/kylat.ekarjala.fi\/vainikkala\/wp-content\/uploads\/sites\/36\/2013\/12\/IMG_2847.jpg\"><img loading=\"lazy\" decoding=\"async\" aria-describedby=\"caption-attachment-1194\" class=\"size-medium wp-image-1194\" alt=\"Talvinen ampumarata\" src=\"https:\/\/kylat.ekarjala.fi\/vainikkala\/wp-content\/uploads\/sites\/36\/2013\/12\/IMG_2847-300x225.jpg\" width=\"300\" height=\"225\" srcset=\"https:\/\/kylat.ekarjala.fi\/vainikkala\/wp-content\/uploads\/sites\/36\/2013\/12\/IMG_2847-300x225.jpg 300w, https:\/\/kylat.ekarjala.fi\/vainikkala\/wp-content\/uploads\/sites\/36\/2013\/12\/IMG_2847-1024x768.jpg 1024w, https:\/\/kylat.ekarjala.fi\/vainikkala\/wp-content\/uploads\/sites\/36\/2013\/12\/IMG_2847.jpg 1037w\" sizes=\"auto, (max-width: 300px) 100vw, 300px\" \/><\/a><p id=\"caption-attachment-1194\" class=\"wp-caption-text\">Talvinen ampumarata<\/p><\/div>\n<p>Vainikkalan ampumarata sijaitsee Korpelassa noin 3,5 km kyl\u00e4n keskustasta Korpelantiet\u00e4 etel\u00e4\u00e4n.<\/p>\n<p>Vainikkalan riistamiesten ja Etel\u00e4-Lappeen reservil\u00e4isten yhdess\u00e4 is\u00e4nn\u00f6im\u00e4 monipuolinen ampumaratakokonaisuus pit\u00e4\u00e4 sis\u00e4ll\u00e4\u00e4n seuraavat radat:<br \/>\nPistooli 25 m<br \/>\nPienoiskiv\u00e4\u00e4ri 50 m<br \/>\nHirvi 75 m<br \/>\nKiv\u00e4\u00e4ri 150 m<br \/>\nSkeet<br \/>\nTrap<\/p>\n<p>Lis\u00e4tietoja:<br \/>\nHannu Putkonen, Etel\u00e4-Lappeen reservil\u00e4iset, puh. 050 5647494<br \/>\nJukka Laine, Vainikkalan riistamiehet, puh. 0500 808821<\/p>\n","protected":false},"excerpt":{"rendered":"<p>Vainikkalan ampumarata sijaitsee Korpelassa noin 3,5 km kyl\u00e4n keskustasta Korpelantiet\u00e4 etel\u00e4\u00e4n. Vainikkalan riistamiesten ja Etel\u00e4-Lappeen reservil\u00e4isten yhdess\u00e4 is\u00e4nn\u00f6im\u00e4 monipuolinen ampumaratakokonaisuus pit\u00e4\u00e4 sis\u00e4ll\u00e4\u00e4n seuraavat radat: Pistooli 25 m Pienoiskiv\u00e4\u00e4ri 50 m Hirvi 75 m Kiv\u00e4\u00e4ri 150 m Skeet Trap Lis\u00e4tietoja: Hannu &hellip; <a href=\"https:\/\/kylat.ekarjala.fi\/vainikkala\/harrastukset\/liikunta\/liikuntapaikat\/ampumarata\/\">Lue loppuun <span class=\"meta-nav\">&rarr;<\/span><\/a><\/p>\n","protected":false},"author":80,"featured_media":0,"parent":656,"menu_order":0,"comment_status":"open","ping_status":"closed","template":"","meta":{"footnotes":""},"class_list":["post-658","page","type-page","status-publish","hentry"],"_links":{"self":[{"href":"https:\/\/kylat.ekarjala.fi\/vainikkala\/wp-json\/wp\/v2\/pages\/658","targetHints":{"allow":["GET"]}}],"collection":[{"href":"https:\/\/kylat.ekarjala.fi\/vainikkala\/wp-json\/wp\/v2\/pages"}],"about":[{"href":"https:\/\/kylat.ekarjala.fi\/vainikkala\/wp-json\/wp\/v2\/types\/page"}],"author":[{"embeddable":true,"href":"https:\/\/kylat.ekarjala.fi\/vainikkala\/wp-json\/wp\/v2\/users\/80"}],"replies":[{"embeddable":true,"href":"https:\/\/kylat.ekarjala.fi\/vainikkala\/wp-json\/wp\/v2\/comments?post=658"}],"version-history":[{"count":3,"href":"https:\/\/kylat.ekarjala.fi\/vainikkala\/wp-json\/wp\/v2\/pages\/658\/revisions"}],"predecessor-version":[{"id":1195,"href":"https:\/\/kylat.ekarjala.fi\/vainikkala\/wp-json\/wp\/v2\/pages\/658\/revisions\/1195"}],"up":[{"embeddable":true,"href":"https:\/\/kylat.ekarjala.fi\/vainikkala\/wp-json\/wp\/v2\/pages\/656"}],"wp:attachment":[{"href":"https:\/\/kylat.ekarjala.fi\/vainikkala\/wp-json\/wp\/v2\/media?parent=658"}],"curies":[{"name":"wp","href":"https:\/\/api.w.org\/{rel}","templated":true}]}}