{"id":662,"date":"2013-12-25T17:19:18","date_gmt":"2013-12-25T17:49:18","guid":{"rendered":"https:\/\/kylat.ekarjala.fi\/vainikkala\/?page_id=662"},"modified":"2013-12-25T17:22:48","modified_gmt":"2013-12-25T17:52:48","slug":"hippo-hiihtomaa","status":"publish","type":"page","link":"https:\/\/kylat.ekarjala.fi\/vainikkala\/harrastukset\/liikunta\/liikuntapaikat\/hippo-hiihtomaa\/","title":{"rendered":"Hippo-hiihtomaa"},"content":{"rendered":"<div id=\"attachment_664\" style=\"width: 310px\" class=\"wp-caption alignnone\"><a href=\"https:\/\/kylat.ekarjala.fi\/vainikkala\/wp-content\/uploads\/sites\/36\/2013\/12\/hiihtomaa.jpg\"><img loading=\"lazy\" decoding=\"async\" aria-describedby=\"caption-attachment-664\" class=\"size-medium wp-image-664\" alt=\"Hiihtomaan ohjeellinen kaavio. Pulkalla saa laskea koko rinteen alueella paitsi sen reunoilla. Reunat on rajoitettu yl\u00f6snousuja varten.\" src=\"https:\/\/kylat.ekarjala.fi\/vainikkala\/wp-content\/uploads\/sites\/36\/2013\/12\/hiihtomaa-300x225.jpg\" width=\"300\" height=\"225\" srcset=\"https:\/\/kylat.ekarjala.fi\/vainikkala\/wp-content\/uploads\/sites\/36\/2013\/12\/hiihtomaa-300x225.jpg 300w, https:\/\/kylat.ekarjala.fi\/vainikkala\/wp-content\/uploads\/sites\/36\/2013\/12\/hiihtomaa.jpg 500w\" sizes=\"auto, (max-width: 300px) 100vw, 300px\" \/><\/a><p id=\"caption-attachment-664\" class=\"wp-caption-text\">Hiihtomaan ohjeellinen kaavio. Pulkalla saa laskea koko rinteen alueella paitsi sen reunoilla. Reunat on rajoitettu yl\u00f6snousuja varten.<\/p><\/div>\n<div id=\"attachment_666\" style=\"width: 310px\" class=\"wp-caption alignnone\"><a href=\"https:\/\/kylat.ekarjala.fi\/vainikkala\/wp-content\/uploads\/sites\/36\/2013\/12\/hiihtomaa_2.jpg\"><img loading=\"lazy\" decoding=\"async\" aria-describedby=\"caption-attachment-666\" class=\"size-medium wp-image-666\" alt=\"Hiihtomaa historiallisen lumimyr\u00e4k\u00e4n j\u00e4lkeen marraskuussa 2006\" src=\"https:\/\/kylat.ekarjala.fi\/vainikkala\/wp-content\/uploads\/sites\/36\/2013\/12\/hiihtomaa_2-300x224.jpg\" width=\"300\" height=\"224\" srcset=\"https:\/\/kylat.ekarjala.fi\/vainikkala\/wp-content\/uploads\/sites\/36\/2013\/12\/hiihtomaa_2-300x224.jpg 300w, https:\/\/kylat.ekarjala.fi\/vainikkala\/wp-content\/uploads\/sites\/36\/2013\/12\/hiihtomaa_2.jpg 448w\" sizes=\"auto, (max-width: 300px) 100vw, 300px\" \/><\/a><p id=\"caption-attachment-666\" class=\"wp-caption-text\">Hiihtomaa historiallisen lumimyr\u00e4k\u00e4n j\u00e4lkeen marraskuussa 2006<\/p><\/div>\n<p>Vainikkalan Hiihtomaassa viihtyv\u00e4t lasten ohella my\u00f6s aikuiset. Ylh\u00e4\u00e4lt\u00e4 laskien Hiihtomaan m\u00e4ki antaa huimat vauhdit! Hiihtomaan rinne rakennettiin Vaella Vainikkalaan \u2013 Viihdy ja j\u00e4\u00e4 hankkeeseen kuuluvana kohteena syksyll\u00e4 2005. Hiihtomaan avajaisia vietettiin Hippo-hiihtojen yhteydess\u00e4 11.3.2006.<\/p>\n<p>Rinteen lis\u00e4ksi Hiihtomaa-kokonaisuuteen kuuluu kelohirrest\u00e4 rakennettu laavu ja m\u00e4en p\u00e4\u00e4ll\u00e4 oleva hiihtomaja\u00a0jonka l\u00e4pi voi laskea alas. Hiiht\u00e4m\u00e4\u00e4n p\u00e4\u00e4see Hiihtomaasta \u201dmihin vaan\u201d. Vainikkalan monipuolinen latuverkosto on k\u00e4den ulottuvilla.<\/p>\n<p>Hiihtomaa on yksi osa Vainikkalan urheilukeskusta, ja se sijaitsee kiekkokaukalon it\u00e4p\u00e4\u00e4ss\u00e4 (os. Rikkil\u00e4ntie 47).<\/p>\n<p><b>HUOM!<br \/>\nHiihtomaan m\u00e4ess\u00e4 lasketaan omalla vastuulla!<\/b><\/p>\n<div id=\"attachment_667\" style=\"width: 310px\" class=\"wp-caption alignnone\"><a href=\"https:\/\/kylat.ekarjala.fi\/vainikkala\/wp-content\/uploads\/sites\/36\/2013\/12\/hiihtomaa_3.jpg\"><img loading=\"lazy\" decoding=\"async\" aria-describedby=\"caption-attachment-667\" class=\"size-medium wp-image-667\" alt=\"Hiihtoladun ja m\u00e4enlaskurinteen v\u00e4liss\u00e4 on talvisin aita\" src=\"https:\/\/kylat.ekarjala.fi\/vainikkala\/wp-content\/uploads\/sites\/36\/2013\/12\/hiihtomaa_3-300x224.jpg\" width=\"300\" height=\"224\" srcset=\"https:\/\/kylat.ekarjala.fi\/vainikkala\/wp-content\/uploads\/sites\/36\/2013\/12\/hiihtomaa_3-300x224.jpg 300w, https:\/\/kylat.ekarjala.fi\/vainikkala\/wp-content\/uploads\/sites\/36\/2013\/12\/hiihtomaa_3.jpg 448w\" sizes=\"auto, (max-width: 300px) 100vw, 300px\" \/><\/a><p id=\"caption-attachment-667\" class=\"wp-caption-text\">Hiihtoladun ja m\u00e4enlaskurinteen v\u00e4liss\u00e4 on talvisin aita<\/p><\/div>\n<div id=\"attachment_668\" style=\"width: 310px\" class=\"wp-caption alignnone\"><a href=\"https:\/\/kylat.ekarjala.fi\/vainikkala\/wp-content\/uploads\/sites\/36\/2013\/12\/hiihtomaa_laavu.jpg\"><img loading=\"lazy\" decoding=\"async\" aria-describedby=\"caption-attachment-668\" class=\"size-medium wp-image-668\" alt=\"Hiihtomaan palveluihin kuuluu laavu jonka edess\u00e4 voi talvisin polttaa nuotiotulta. Kes\u00e4isin tulen teko on kielletty\" src=\"https:\/\/kylat.ekarjala.fi\/vainikkala\/wp-content\/uploads\/sites\/36\/2013\/12\/hiihtomaa_laavu-300x224.jpg\" width=\"300\" height=\"224\" srcset=\"https:\/\/kylat.ekarjala.fi\/vainikkala\/wp-content\/uploads\/sites\/36\/2013\/12\/hiihtomaa_laavu-300x224.jpg 300w, https:\/\/kylat.ekarjala.fi\/vainikkala\/wp-content\/uploads\/sites\/36\/2013\/12\/hiihtomaa_laavu.jpg 448w\" sizes=\"auto, (max-width: 300px) 100vw, 300px\" \/><\/a><p id=\"caption-attachment-668\" class=\"wp-caption-text\">Hiihtomaan palveluihin kuuluu laavu jonka edess\u00e4 voi talvisin polttaa nuotiotulta. Kes\u00e4isin tulen teko on kielletty<\/p><\/div>\n","protected":false},"excerpt":{"rendered":"<p>Vainikkalan Hiihtomaassa viihtyv\u00e4t lasten ohella my\u00f6s aikuiset. Ylh\u00e4\u00e4lt\u00e4 laskien Hiihtomaan m\u00e4ki antaa huimat vauhdit! Hiihtomaan rinne rakennettiin Vaella Vainikkalaan \u2013 Viihdy ja j\u00e4\u00e4 hankkeeseen kuuluvana kohteena syksyll\u00e4 2005. Hiihtomaan avajaisia vietettiin Hippo-hiihtojen yhteydess\u00e4 11.3.2006. Rinteen lis\u00e4ksi Hiihtomaa-kokonaisuuteen kuuluu kelohirrest\u00e4 rakennettu &hellip; <a href=\"https:\/\/kylat.ekarjala.fi\/vainikkala\/harrastukset\/liikunta\/liikuntapaikat\/hippo-hiihtomaa\/\">Lue loppuun <span class=\"meta-nav\">&rarr;<\/span><\/a><\/p>\n","protected":false},"author":80,"featured_media":0,"parent":656,"menu_order":0,"comment_status":"open","ping_status":"closed","template":"","meta":{"footnotes":""},"class_list":["post-662","page","type-page","status-publish","hentry"],"_links":{"self":[{"href":"https:\/\/kylat.ekarjala.fi\/vainikkala\/wp-json\/wp\/v2\/pages\/662","targetHints":{"allow":["GET"]}}],"collection":[{"href":"https:\/\/kylat.ekarjala.fi\/vainikkala\/wp-json\/wp\/v2\/pages"}],"about":[{"href":"https:\/\/kylat.ekarjala.fi\/vainikkala\/wp-json\/wp\/v2\/types\/page"}],"author":[{"embeddable":true,"href":"https:\/\/kylat.ekarjala.fi\/vainikkala\/wp-json\/wp\/v2\/users\/80"}],"replies":[{"embeddable":true,"href":"https:\/\/kylat.ekarjala.fi\/vainikkala\/wp-json\/wp\/v2\/comments?post=662"}],"version-history":[{"count":3,"href":"https:\/\/kylat.ekarjala.fi\/vainikkala\/wp-json\/wp\/v2\/pages\/662\/revisions"}],"predecessor-version":[{"id":671,"href":"https:\/\/kylat.ekarjala.fi\/vainikkala\/wp-json\/wp\/v2\/pages\/662\/revisions\/671"}],"up":[{"embeddable":true,"href":"https:\/\/kylat.ekarjala.fi\/vainikkala\/wp-json\/wp\/v2\/pages\/656"}],"wp:attachment":[{"href":"https:\/\/kylat.ekarjala.fi\/vainikkala\/wp-json\/wp\/v2\/media?parent=662"}],"curies":[{"name":"wp","href":"https:\/\/api.w.org\/{rel}","templated":true}]}}