{"id":672,"date":"2013-12-25T17:27:00","date_gmt":"2013-12-25T17:57:00","guid":{"rendered":"https:\/\/kylat.ekarjala.fi\/vainikkala\/?page_id=672"},"modified":"2013-12-25T17:27:00","modified_gmt":"2013-12-25T17:57:00","slug":"jaakiekkokaukalo","status":"publish","type":"page","link":"https:\/\/kylat.ekarjala.fi\/vainikkala\/harrastukset\/liikunta\/liikuntapaikat\/jaakiekkokaukalo\/","title":{"rendered":"J\u00e4\u00e4kiekkokaukalo"},"content":{"rendered":"<p>Vainikkalan j\u00e4\u00e4urheilun suorituspaikka, kiekkokaukalo, sijaitsee koulun takana (os. Rikkil\u00e4ntie 47), keskeisimp\u00e4n\u00e4 osana Vainikkalan urheilukeskusta. Kaukalon j\u00e4\u00e4dytys ja muu yll\u00e4pito toteutetaan Lappeen Riennon Vainikkalan kyl\u00e4osaston toimesta. Kaukalon laitojen ja maapohjan peruskunnostus toteutettiin syksyll\u00e4 2000. Kaukalon v\u00e4litt\u00f6m\u00e4ss\u00e4 l\u00e4heisyydess\u00e4 on suihkuilla ja k\u00e4ym\u00e4l\u00f6ill\u00e4 varustettu l\u00e4mmin pukusuojarakennus. Alueen mukautuva kuulutusj\u00e4rjestelm\u00e4 mahdollistaa my\u00f6s yleis\u00f6tapahtumien j\u00e4rjest\u00e4misen kaukalolla ja sen ymp\u00e4rist\u00f6ss\u00e4.<br \/>\nKaukalon l\u00e4helle valmistui syksyll\u00e4 2006 VVVJ-hankkeen kelohirsinen grillikatos &#8221;Pytinki&#8221;.<\/p>\n<p><b>Lis\u00e4tietoja:<\/b><br \/>\nHannu Putkonen, Lappeen Riento \/ Vainikkalan kyl\u00e4osasto, puh. 050 5647494<\/p>\n","protected":false},"excerpt":{"rendered":"<p>Vainikkalan j\u00e4\u00e4urheilun suorituspaikka, kiekkokaukalo, sijaitsee koulun takana (os. Rikkil\u00e4ntie 47), keskeisimp\u00e4n\u00e4 osana Vainikkalan urheilukeskusta. Kaukalon j\u00e4\u00e4dytys ja muu yll\u00e4pito toteutetaan Lappeen Riennon Vainikkalan kyl\u00e4osaston toimesta. Kaukalon laitojen ja maapohjan peruskunnostus toteutettiin syksyll\u00e4 2000. Kaukalon v\u00e4litt\u00f6m\u00e4ss\u00e4 l\u00e4heisyydess\u00e4 on suihkuilla ja k\u00e4ym\u00e4l\u00f6ill\u00e4 &hellip; <a href=\"https:\/\/kylat.ekarjala.fi\/vainikkala\/harrastukset\/liikunta\/liikuntapaikat\/jaakiekkokaukalo\/\">Lue loppuun <span class=\"meta-nav\">&rarr;<\/span><\/a><\/p>\n","protected":false},"author":80,"featured_media":0,"parent":656,"menu_order":0,"comment_status":"open","ping_status":"closed","template":"","meta":{"footnotes":""},"class_list":["post-672","page","type-page","status-publish","hentry"],"_links":{"self":[{"href":"https:\/\/kylat.ekarjala.fi\/vainikkala\/wp-json\/wp\/v2\/pages\/672","targetHints":{"allow":["GET"]}}],"collection":[{"href":"https:\/\/kylat.ekarjala.fi\/vainikkala\/wp-json\/wp\/v2\/pages"}],"about":[{"href":"https:\/\/kylat.ekarjala.fi\/vainikkala\/wp-json\/wp\/v2\/types\/page"}],"author":[{"embeddable":true,"href":"https:\/\/kylat.ekarjala.fi\/vainikkala\/wp-json\/wp\/v2\/users\/80"}],"replies":[{"embeddable":true,"href":"https:\/\/kylat.ekarjala.fi\/vainikkala\/wp-json\/wp\/v2\/comments?post=672"}],"version-history":[{"count":1,"href":"https:\/\/kylat.ekarjala.fi\/vainikkala\/wp-json\/wp\/v2\/pages\/672\/revisions"}],"predecessor-version":[{"id":673,"href":"https:\/\/kylat.ekarjala.fi\/vainikkala\/wp-json\/wp\/v2\/pages\/672\/revisions\/673"}],"up":[{"embeddable":true,"href":"https:\/\/kylat.ekarjala.fi\/vainikkala\/wp-json\/wp\/v2\/pages\/656"}],"wp:attachment":[{"href":"https:\/\/kylat.ekarjala.fi\/vainikkala\/wp-json\/wp\/v2\/media?parent=672"}],"curies":[{"name":"wp","href":"https:\/\/api.w.org\/{rel}","templated":true}]}}