{"id":674,"date":"2013-12-25T17:30:45","date_gmt":"2013-12-25T18:00:45","guid":{"rendered":"https:\/\/kylat.ekarjala.fi\/vainikkala\/?page_id=674"},"modified":"2013-12-25T17:30:45","modified_gmt":"2013-12-25T18:00:45","slug":"koulun-kentta","status":"publish","type":"page","link":"https:\/\/kylat.ekarjala.fi\/vainikkala\/harrastukset\/liikunta\/liikuntapaikat\/koulun-kentta\/","title":{"rendered":"Koulun kentt\u00e4"},"content":{"rendered":"<p>Entisen koulun edustalla sijaitsevalla sorapintaisella pienell\u00e4 pallokent\u00e4ll\u00e4 voidaan pelata pienimuotoisena pelin\u00e4\u00a0jalkapalloa tai pes\u00e4palloa. My\u00f6s yleisurheilun kentt\u00e4lajeja voidaan harrastaa kent\u00e4ll\u00e4 rajoitetusti.<\/p>\n<div id=\"attachment_675\" style=\"width: 170px\" class=\"wp-caption alignnone\"><a href=\"https:\/\/kylat.ekarjala.fi\/vainikkala\/wp-content\/uploads\/sites\/36\/2013\/12\/kuulakisa.jpg\"><img loading=\"lazy\" decoding=\"async\" aria-describedby=\"caption-attachment-675\" class=\"size-full wp-image-675\" alt=\"Kuulakisassa on sarjat miehille ja naisille.\" src=\"https:\/\/kylat.ekarjala.fi\/vainikkala\/wp-content\/uploads\/sites\/36\/2013\/12\/kuulakisa.jpg\" width=\"160\" height=\"120\" \/><\/a><p id=\"caption-attachment-675\" class=\"wp-caption-text\">Kuulakisassa on sarjat miehille ja naisille.<\/p><\/div>\n<p>Koulun kent\u00e4ll\u00e4 k\u00e4yd\u00e4\u00e4n kes\u00e4isin perinteinen kuulakisa. Kisassa ty\u00f6net\u00e4\u00e4n ja heitet\u00e4\u00e4n kuulaa monella tavalla, 1-k\u00e4dell\u00e4, 2-k\u00e4dell\u00e4, p\u00e4\u00e4 yli taakse ja jalkojen v\u00e4list\u00e4 taakse. Kilpailun j\u00e4rjestys ratkeaa kaikkien lajien yhteistuloksen perusteella.<\/p>\n<p><b>Lis\u00e4tietoja:<\/b><br \/>\nHannu Putkonen, Lappeen Riento \/ Vainikkalan kyl\u00e4osasto, Puh. 050 5647494, etunimi.sukunimi@pp.inet.fi<\/p>\n","protected":false},"excerpt":{"rendered":"<p>Entisen koulun edustalla sijaitsevalla sorapintaisella pienell\u00e4 pallokent\u00e4ll\u00e4 voidaan pelata pienimuotoisena pelin\u00e4\u00a0jalkapalloa tai pes\u00e4palloa. My\u00f6s yleisurheilun kentt\u00e4lajeja voidaan harrastaa kent\u00e4ll\u00e4 rajoitetusti. Koulun kent\u00e4ll\u00e4 k\u00e4yd\u00e4\u00e4n kes\u00e4isin perinteinen kuulakisa. Kisassa ty\u00f6net\u00e4\u00e4n ja heitet\u00e4\u00e4n kuulaa monella tavalla, 1-k\u00e4dell\u00e4, 2-k\u00e4dell\u00e4, p\u00e4\u00e4 yli taakse ja jalkojen &hellip; <a href=\"https:\/\/kylat.ekarjala.fi\/vainikkala\/harrastukset\/liikunta\/liikuntapaikat\/koulun-kentta\/\">Lue loppuun <span class=\"meta-nav\">&rarr;<\/span><\/a><\/p>\n","protected":false},"author":80,"featured_media":0,"parent":656,"menu_order":0,"comment_status":"open","ping_status":"closed","template":"","meta":{"footnotes":""},"class_list":["post-674","page","type-page","status-publish","hentry"],"_links":{"self":[{"href":"https:\/\/kylat.ekarjala.fi\/vainikkala\/wp-json\/wp\/v2\/pages\/674","targetHints":{"allow":["GET"]}}],"collection":[{"href":"https:\/\/kylat.ekarjala.fi\/vainikkala\/wp-json\/wp\/v2\/pages"}],"about":[{"href":"https:\/\/kylat.ekarjala.fi\/vainikkala\/wp-json\/wp\/v2\/types\/page"}],"author":[{"embeddable":true,"href":"https:\/\/kylat.ekarjala.fi\/vainikkala\/wp-json\/wp\/v2\/users\/80"}],"replies":[{"embeddable":true,"href":"https:\/\/kylat.ekarjala.fi\/vainikkala\/wp-json\/wp\/v2\/comments?post=674"}],"version-history":[{"count":1,"href":"https:\/\/kylat.ekarjala.fi\/vainikkala\/wp-json\/wp\/v2\/pages\/674\/revisions"}],"predecessor-version":[{"id":676,"href":"https:\/\/kylat.ekarjala.fi\/vainikkala\/wp-json\/wp\/v2\/pages\/674\/revisions\/676"}],"up":[{"embeddable":true,"href":"https:\/\/kylat.ekarjala.fi\/vainikkala\/wp-json\/wp\/v2\/pages\/656"}],"wp:attachment":[{"href":"https:\/\/kylat.ekarjala.fi\/vainikkala\/wp-json\/wp\/v2\/media?parent=674"}],"curies":[{"name":"wp","href":"https:\/\/api.w.org\/{rel}","templated":true}]}}