{"id":682,"date":"2013-12-25T17:38:35","date_gmt":"2013-12-25T18:08:35","guid":{"rendered":"https:\/\/kylat.ekarjala.fi\/vainikkala\/?page_id=682"},"modified":"2013-12-25T17:38:35","modified_gmt":"2013-12-25T18:08:35","slug":"kuntosali","status":"publish","type":"page","link":"https:\/\/kylat.ekarjala.fi\/vainikkala\/harrastukset\/liikunta\/liikuntapaikat\/kuntosali\/","title":{"rendered":"Kuntosali"},"content":{"rendered":"<p><a href=\"https:\/\/kylat.ekarjala.fi\/vainikkala\/wp-content\/uploads\/sites\/36\/2013\/12\/kuntosali.jpg\"><img loading=\"lazy\" decoding=\"async\" class=\"alignnone size-medium wp-image-683\" alt=\"\" src=\"https:\/\/kylat.ekarjala.fi\/vainikkala\/wp-content\/uploads\/sites\/36\/2013\/12\/kuntosali-300x225.jpg\" width=\"300\" height=\"225\" srcset=\"https:\/\/kylat.ekarjala.fi\/vainikkala\/wp-content\/uploads\/sites\/36\/2013\/12\/kuntosali-300x225.jpg 300w, https:\/\/kylat.ekarjala.fi\/vainikkala\/wp-content\/uploads\/sites\/36\/2013\/12\/kuntosali.jpg 800w\" sizes=\"auto, (max-width: 300px) 100vw, 300px\" \/><\/a><\/p>\n<p>Vainikkalan kuntosali sijaitsee seurakuntatalon alakerrassa osoitteessa Rikkil\u00e4ntie 38. Salia yll\u00e4pit\u00e4\u00e4 Lappeen Riennon Vainikkalan kyl\u00e4osasto. Sali on vapaasti kaikkien k\u00e4ytett\u00e4viss\u00e4 talon ulko-ovien ollessa avoinna, k\u00e4yt\u00e4nn\u00f6ss\u00e4 arkisin. Viikonloppuisin ovet ovat nykyisin suljettu. P\u00e4\u00e4sy- tai k\u00e4ytt\u00f6maksua ei perit\u00e4.<\/p>\n<p><strong>Salin monipuoliseen v\u00e4lineist\u00f6\u00f6n kuuluvat muun muassa:<br \/>\n<\/strong>Penkkipunnerruspenkki<br \/>\nYl\u00e4talja<br \/>\nAlatalja<br \/>\nMonitoimitalja<br \/>\nJalkapr\u00e4ssi<br \/>\nDippiteline<br \/>\nVinopenkki<br \/>\nLevytankoja<br \/>\nK\u00e4sipainoja<br \/>\nPuolapuut<br \/>\nKuntopy\u00f6r\u00e4<\/p>\n<p><strong>Lis\u00e4tietoja:<br \/>\n<\/strong>Hannu Putkonen, Lappeen Riento \/ Vainikkalan kyl\u00e4osasto, puh. 050 5647494<\/p>\n","protected":false},"excerpt":{"rendered":"<p>Vainikkalan kuntosali sijaitsee seurakuntatalon alakerrassa osoitteessa Rikkil\u00e4ntie 38. Salia yll\u00e4pit\u00e4\u00e4 Lappeen Riennon Vainikkalan kyl\u00e4osasto. Sali on vapaasti kaikkien k\u00e4ytett\u00e4viss\u00e4 talon ulko-ovien ollessa avoinna, k\u00e4yt\u00e4nn\u00f6ss\u00e4 arkisin. Viikonloppuisin ovet ovat nykyisin suljettu. P\u00e4\u00e4sy- tai k\u00e4ytt\u00f6maksua ei perit\u00e4. Salin monipuoliseen v\u00e4lineist\u00f6\u00f6n kuuluvat muun &hellip; <a href=\"https:\/\/kylat.ekarjala.fi\/vainikkala\/harrastukset\/liikunta\/liikuntapaikat\/kuntosali\/\">Lue loppuun <span class=\"meta-nav\">&rarr;<\/span><\/a><\/p>\n","protected":false},"author":80,"featured_media":0,"parent":656,"menu_order":0,"comment_status":"open","ping_status":"closed","template":"","meta":{"footnotes":""},"class_list":["post-682","page","type-page","status-publish","hentry"],"_links":{"self":[{"href":"https:\/\/kylat.ekarjala.fi\/vainikkala\/wp-json\/wp\/v2\/pages\/682","targetHints":{"allow":["GET"]}}],"collection":[{"href":"https:\/\/kylat.ekarjala.fi\/vainikkala\/wp-json\/wp\/v2\/pages"}],"about":[{"href":"https:\/\/kylat.ekarjala.fi\/vainikkala\/wp-json\/wp\/v2\/types\/page"}],"author":[{"embeddable":true,"href":"https:\/\/kylat.ekarjala.fi\/vainikkala\/wp-json\/wp\/v2\/users\/80"}],"replies":[{"embeddable":true,"href":"https:\/\/kylat.ekarjala.fi\/vainikkala\/wp-json\/wp\/v2\/comments?post=682"}],"version-history":[{"count":1,"href":"https:\/\/kylat.ekarjala.fi\/vainikkala\/wp-json\/wp\/v2\/pages\/682\/revisions"}],"predecessor-version":[{"id":684,"href":"https:\/\/kylat.ekarjala.fi\/vainikkala\/wp-json\/wp\/v2\/pages\/682\/revisions\/684"}],"up":[{"embeddable":true,"href":"https:\/\/kylat.ekarjala.fi\/vainikkala\/wp-json\/wp\/v2\/pages\/656"}],"wp:attachment":[{"href":"https:\/\/kylat.ekarjala.fi\/vainikkala\/wp-json\/wp\/v2\/media?parent=682"}],"curies":[{"name":"wp","href":"https:\/\/api.w.org\/{rel}","templated":true}]}}