{"id":69,"date":"2012-01-18T11:02:40","date_gmt":"2012-01-18T11:32:40","guid":{"rendered":"https:\/\/kylat.ekarjala.fi\/vainikkala\/?page_id=69"},"modified":"2012-01-18T11:02:40","modified_gmt":"2012-01-18T11:32:40","slug":"kausi-2006","status":"publish","type":"page","link":"https:\/\/kylat.ekarjala.fi\/vainikkala\/harrastukset\/teatteri\/kausi-2006\/","title":{"rendered":"Kausi 2006"},"content":{"rendered":"<div id=\"attachment_70\" style=\"width: 458px\" class=\"wp-caption aligncenter\"><a href=\"https:\/\/kylat.ekarjala.fi\/vainikkala\/wp-content\/uploads\/sites\/36\/2012\/01\/3006.jpg\"><img loading=\"lazy\" decoding=\"async\" aria-describedby=\"caption-attachment-70\" class=\"size-full wp-image-70\" src=\"https:\/\/kylat.ekarjala.fi\/vainikkala\/wp-content\/uploads\/sites\/36\/2012\/01\/3006.jpg\" alt=\"\" width=\"448\" height=\"336\" \/><\/a><p id=\"caption-attachment-70\" class=\"wp-caption-text\">Kuvassa n\u00e4ytell\u00e4\u00e4n Anja Hytti-Oikkosen kirjoittamaa ja ohjaamaa n\u00e4ytelm\u00e4\u00e4 Kyl\u00e4koulun taival. Kuva Antero Pohjonen<\/p><\/div>\n<p>&nbsp;<\/p>\n<p>Vainikkalan koulun 100 v juhlassa\u00a026.8.2006 esitettiin kyl\u00e4n uudella n\u00e4ytt\u00e4m\u00f6ll\u00e4 Anja Hytti-Oikkosen kirjoittama n\u00e4ytelm\u00e4 Kyl\u00e4koulun taival. N\u00e4ytelm\u00e4 kertoo yhden alkusyksyn koulup\u00e4iv\u00e4n tapahtumista Vainikkalan koulussa vuonna 1952. N\u00e4ytelm\u00e4 esitettiin toisen kerran tiistaina 29.8.2006 samassa paikassa. Kolmas esitys oli Yl\u00e4maan koululla 9.11.2006. Ensimm\u00e4ist\u00e4 n\u00e4yt\u00f6st\u00e4 seurasi arviolta yli 300 katsojaa, toisen n\u00e4yt\u00f6ksen yleis\u00f6m\u00e4\u00e4r\u00e4 oli puolta pienempi. Yl\u00e4maalla oli 76 lippunsa lunastanutta katsojaa. Vainikkalan esityksiin oli vapaa p\u00e4\u00e4sy.<\/p>\n<p style=\"text-align: center\"><strong>Esitykset 2006<\/strong><\/p>\n<p style=\"text-align: center\">1. Esitys\u00a0\u00a0\u00a0\u00a0\u00a0\u00a0 La 26.08.2006 klo 15.00\u00a0\u00a0\u00a0\u00a0\u00a0\u00a0 Kes\u00e4teatteri<br \/>\n2. Esitys\u00a0\u00a0\u00a0\u00a0\u00a0\u00a0 Ti 29.08.2006 klo 19.00\u00a0\u00a0\u00a0\u00a0\u00a0\u00a0 Kes\u00e4teateri<br \/>\n3. Esitys\u00a0\u00a0\u00a0\u00a0\u00a0\u00a0\u00a0To 09.11.2006 klo 19.00\u00a0\u00a0\u00a0\u00a0\u00a0\u00a0Yl\u00e4maan koulu<br \/>\n4. Esitys\u00a0\u00a0\u00a0\u00a0\u00a0\u00a0 La 11.11.2006 klo 19.00\u00a0\u00a0\u00a0\u00a0\u00a0\u00a0Tiril\u00e4n ty\u00f6v\u00e4entalo<\/p>\n<p style=\"text-align: center\">\n<div id=\"attachment_71\" style=\"width: 346px\" class=\"wp-caption aligncenter\"><a href=\"https:\/\/kylat.ekarjala.fi\/vainikkala\/wp-content\/uploads\/sites\/36\/2012\/01\/11.jpg\"><img loading=\"lazy\" decoding=\"async\" aria-describedby=\"caption-attachment-71\" class=\"size-full wp-image-71\" src=\"https:\/\/kylat.ekarjala.fi\/vainikkala\/wp-content\/uploads\/sites\/36\/2012\/01\/11.jpg\" alt=\"\" width=\"336\" height=\"448\" \/><\/a><p id=\"caption-attachment-71\" class=\"wp-caption-text\">Tyyne-Jaana Rikkinen<\/p><\/div>\n<div id=\"attachment_72\" style=\"width: 330px\" class=\"wp-caption aligncenter\"><a href=\"https:\/\/kylat.ekarjala.fi\/vainikkala\/wp-content\/uploads\/sites\/36\/2012\/01\/21.jpg\"><img loading=\"lazy\" decoding=\"async\" aria-describedby=\"caption-attachment-72\" class=\"size-full wp-image-72\" src=\"https:\/\/kylat.ekarjala.fi\/vainikkala\/wp-content\/uploads\/sites\/36\/2012\/01\/21.jpg\" alt=\"\" width=\"320\" height=\"468\" \/><\/a><p id=\"caption-attachment-72\" class=\"wp-caption-text\">Jussi-Sauli Vainikka<\/p><\/div>\n<div id=\"attachment_73\" style=\"width: 346px\" class=\"wp-caption aligncenter\"><a href=\"https:\/\/kylat.ekarjala.fi\/vainikkala\/wp-content\/uploads\/sites\/36\/2012\/01\/31.jpg\"><img loading=\"lazy\" decoding=\"async\" aria-describedby=\"caption-attachment-73\" class=\"size-full wp-image-73\" src=\"https:\/\/kylat.ekarjala.fi\/vainikkala\/wp-content\/uploads\/sites\/36\/2012\/01\/31.jpg\" alt=\"\" width=\"336\" height=\"448\" \/><\/a><p id=\"caption-attachment-73\" class=\"wp-caption-text\">Sepe-Teuvo Kiesi<\/p><\/div>\n<div id=\"attachment_74\" style=\"width: 346px\" class=\"wp-caption aligncenter\"><a href=\"https:\/\/kylat.ekarjala.fi\/vainikkala\/wp-content\/uploads\/sites\/36\/2012\/01\/41.jpg\"><img loading=\"lazy\" decoding=\"async\" aria-describedby=\"caption-attachment-74\" class=\"size-full wp-image-74\" src=\"https:\/\/kylat.ekarjala.fi\/vainikkala\/wp-content\/uploads\/sites\/36\/2012\/01\/41.jpg\" alt=\"\" width=\"336\" height=\"448\" \/><\/a><p id=\"caption-attachment-74\" class=\"wp-caption-text\">Taneli-Timo Hiiri<\/p><\/div>\n<div id=\"attachment_75\" style=\"width: 346px\" class=\"wp-caption aligncenter\"><a href=\"https:\/\/kylat.ekarjala.fi\/vainikkala\/wp-content\/uploads\/sites\/36\/2012\/01\/51.jpg\"><img loading=\"lazy\" decoding=\"async\" aria-describedby=\"caption-attachment-75\" class=\"size-full wp-image-75\" src=\"https:\/\/kylat.ekarjala.fi\/vainikkala\/wp-content\/uploads\/sites\/36\/2012\/01\/51.jpg\" alt=\"\" width=\"336\" height=\"448\" \/><\/a><p id=\"caption-attachment-75\" class=\"wp-caption-text\">Ritu-Teija Hiiva<\/p><\/div>\n<div id=\"attachment_76\" style=\"width: 346px\" class=\"wp-caption aligncenter\"><a href=\"https:\/\/kylat.ekarjala.fi\/vainikkala\/wp-content\/uploads\/sites\/36\/2012\/01\/61.jpg\"><img loading=\"lazy\" decoding=\"async\" aria-describedby=\"caption-attachment-76\" class=\"size-full wp-image-76\" src=\"https:\/\/kylat.ekarjala.fi\/vainikkala\/wp-content\/uploads\/sites\/36\/2012\/01\/61.jpg\" alt=\"\" width=\"336\" height=\"448\" \/><\/a><p id=\"caption-attachment-76\" class=\"wp-caption-text\">Lissu-Tuula Skippari<\/p><\/div>\n<div id=\"attachment_77\" style=\"width: 320px\" class=\"wp-caption aligncenter\"><a href=\"https:\/\/kylat.ekarjala.fi\/vainikkala\/wp-content\/uploads\/sites\/36\/2012\/01\/71.jpg\"><img loading=\"lazy\" decoding=\"async\" aria-describedby=\"caption-attachment-77\" class=\"size-full wp-image-77\" src=\"https:\/\/kylat.ekarjala.fi\/vainikkala\/wp-content\/uploads\/sites\/36\/2012\/01\/71.jpg\" alt=\"\" width=\"310\" height=\"448\" \/><\/a><p id=\"caption-attachment-77\" class=\"wp-caption-text\">Tupu-Jaana K\u00e4lvi\u00e4inen<\/p><\/div>\n<div id=\"attachment_78\" style=\"width: 346px\" class=\"wp-caption aligncenter\"><a href=\"https:\/\/kylat.ekarjala.fi\/vainikkala\/wp-content\/uploads\/sites\/36\/2012\/01\/81.jpg\"><img loading=\"lazy\" decoding=\"async\" aria-describedby=\"caption-attachment-78\" class=\"size-full wp-image-78\" src=\"https:\/\/kylat.ekarjala.fi\/vainikkala\/wp-content\/uploads\/sites\/36\/2012\/01\/81.jpg\" alt=\"\" width=\"336\" height=\"448\" \/><\/a><p id=\"caption-attachment-78\" class=\"wp-caption-text\">Lemmikki-Sirkka Vuorinen<\/p><\/div>\n<div id=\"attachment_79\" style=\"width: 458px\" class=\"wp-caption aligncenter\"><a href=\"https:\/\/kylat.ekarjala.fi\/vainikkala\/wp-content\/uploads\/sites\/36\/2012\/01\/9.jpg\"><img loading=\"lazy\" decoding=\"async\" aria-describedby=\"caption-attachment-79\" class=\"size-full wp-image-79\" src=\"https:\/\/kylat.ekarjala.fi\/vainikkala\/wp-content\/uploads\/sites\/36\/2012\/01\/9.jpg\" alt=\"\" width=\"448\" height=\"336\" \/><\/a><p id=\"caption-attachment-79\" class=\"wp-caption-text\">Kuoron johtaja Lydia Kaipia<\/p><\/div>\n<div id=\"attachment_80\" style=\"width: 458px\" class=\"wp-caption aligncenter\"><a href=\"https:\/\/kylat.ekarjala.fi\/vainikkala\/wp-content\/uploads\/sites\/36\/2012\/01\/10.jpg\"><img loading=\"lazy\" decoding=\"async\" aria-describedby=\"caption-attachment-80\" class=\"size-full wp-image-80\" src=\"https:\/\/kylat.ekarjala.fi\/vainikkala\/wp-content\/uploads\/sites\/36\/2012\/01\/10.jpg\" alt=\"\" width=\"448\" height=\"336\" \/><\/a><p id=\"caption-attachment-80\" class=\"wp-caption-text\">S\u00e4estys Johanna K\u00e4lvi\u00e4inen<\/p><\/div>\n","protected":false},"excerpt":{"rendered":"<p>&nbsp; Vainikkalan koulun 100 v juhlassa\u00a026.8.2006 esitettiin kyl\u00e4n uudella n\u00e4ytt\u00e4m\u00f6ll\u00e4 Anja Hytti-Oikkosen kirjoittama n\u00e4ytelm\u00e4 Kyl\u00e4koulun taival. N\u00e4ytelm\u00e4 kertoo yhden alkusyksyn koulup\u00e4iv\u00e4n tapahtumista Vainikkalan koulussa vuonna 1952. N\u00e4ytelm\u00e4 esitettiin toisen kerran tiistaina 29.8.2006 samassa paikassa. Kolmas esitys oli Yl\u00e4maan koululla 9.11.2006. &hellip; <a href=\"https:\/\/kylat.ekarjala.fi\/vainikkala\/harrastukset\/teatteri\/kausi-2006\/\">Lue loppuun <span class=\"meta-nav\">&rarr;<\/span><\/a><\/p>\n","protected":false},"author":96,"featured_media":0,"parent":55,"menu_order":0,"comment_status":"open","ping_status":"open","template":"","meta":{"footnotes":""},"class_list":["post-69","page","type-page","status-publish","hentry"],"_links":{"self":[{"href":"https:\/\/kylat.ekarjala.fi\/vainikkala\/wp-json\/wp\/v2\/pages\/69","targetHints":{"allow":["GET"]}}],"collection":[{"href":"https:\/\/kylat.ekarjala.fi\/vainikkala\/wp-json\/wp\/v2\/pages"}],"about":[{"href":"https:\/\/kylat.ekarjala.fi\/vainikkala\/wp-json\/wp\/v2\/types\/page"}],"author":[{"embeddable":true,"href":"https:\/\/kylat.ekarjala.fi\/vainikkala\/wp-json\/wp\/v2\/users\/96"}],"replies":[{"embeddable":true,"href":"https:\/\/kylat.ekarjala.fi\/vainikkala\/wp-json\/wp\/v2\/comments?post=69"}],"version-history":[{"count":1,"href":"https:\/\/kylat.ekarjala.fi\/vainikkala\/wp-json\/wp\/v2\/pages\/69\/revisions"}],"predecessor-version":[{"id":81,"href":"https:\/\/kylat.ekarjala.fi\/vainikkala\/wp-json\/wp\/v2\/pages\/69\/revisions\/81"}],"up":[{"embeddable":true,"href":"https:\/\/kylat.ekarjala.fi\/vainikkala\/wp-json\/wp\/v2\/pages\/55"}],"wp:attachment":[{"href":"https:\/\/kylat.ekarjala.fi\/vainikkala\/wp-json\/wp\/v2\/media?parent=69"}],"curies":[{"name":"wp","href":"https:\/\/api.w.org\/{rel}","templated":true}]}}