{"id":692,"date":"2013-12-25T17:50:32","date_gmt":"2013-12-25T18:20:32","guid":{"rendered":"https:\/\/kylat.ekarjala.fi\/vainikkala\/?page_id=692"},"modified":"2013-12-25T17:52:26","modified_gmt":"2013-12-25T18:22:26","slug":"suunnistuskartat","status":"publish","type":"page","link":"https:\/\/kylat.ekarjala.fi\/vainikkala\/harrastukset\/liikunta\/liikuntapaikat\/suunnistuskartat\/","title":{"rendered":"Suunnistuskartat"},"content":{"rendered":"<p>Kyl\u00e4n maastoista l\u00f6ytyy t\u00e4ll\u00e4 hetkell\u00e4 kaksi vanhaa suunnistuskarttaa. N\u00e4ist\u00e4 uudempi on\u00a0vuoden 2000 alussa painettu koulun pohjoispuoleiset maastot kattava Lappeen Riennon tuottama suunnistuskartta VAINIKKALA. Kartta on mittakaavaltaan 1:10000 ja sen k\u00e4yr\u00e4v\u00e4li on 5 m. Kartan maastoty\u00f6n on tehnyt Jukka Salopelto vuosina 1999 &#8211; 2000. Kartan maastoihin p\u00e4\u00e4see helpoiten siirtym\u00e4\u00e4n kyl\u00e4n urheilukeskuksesta (os. Rikkil\u00e4ntie 47), joka toimii yleens\u00e4 kartalla j\u00e4rjestett\u00e4vien kuntorastien l\u00e4ht\u00f6- ja maalipaikkana.<\/p>\n<p>Karttaa 2000, sek\u00e4 jo vanhentunutta, vuodelta 1992 per\u00e4isin olevaa suunnistuskarttaa KORPELA 1:15000 voi tiedustella Lappeen Riennon toimistosta. <a href=\"http:\/\/www.lappeenriento.fi\/\" target=\"_blank\"><span style=\"color: #000000\">Lappeen Riennon monipuolisesta suunnistustoiminnasta<\/span><\/a> saat tietoja seuran kotisivuilta. (Huomaa linkki tekstiss\u00e4)<\/p>\n<p><b>Lis\u00e4tietoja:<\/b><br \/>\nJorma Skippari, Lappeen Riento \/ Vainikkalan kyl\u00e4osasto<br \/>\nLappeen Riennon toimisto, Valtakatu 46, puh. (05)4512368<\/p>\n","protected":false},"excerpt":{"rendered":"<p>Kyl\u00e4n maastoista l\u00f6ytyy t\u00e4ll\u00e4 hetkell\u00e4 kaksi vanhaa suunnistuskarttaa. N\u00e4ist\u00e4 uudempi on\u00a0vuoden 2000 alussa painettu koulun pohjoispuoleiset maastot kattava Lappeen Riennon tuottama suunnistuskartta VAINIKKALA. Kartta on mittakaavaltaan 1:10000 ja sen k\u00e4yr\u00e4v\u00e4li on 5 m. Kartan maastoty\u00f6n on tehnyt Jukka Salopelto vuosina &hellip; <a href=\"https:\/\/kylat.ekarjala.fi\/vainikkala\/harrastukset\/liikunta\/liikuntapaikat\/suunnistuskartat\/\">Lue loppuun <span class=\"meta-nav\">&rarr;<\/span><\/a><\/p>\n","protected":false},"author":80,"featured_media":0,"parent":656,"menu_order":0,"comment_status":"open","ping_status":"closed","template":"","meta":{"footnotes":""},"class_list":["post-692","page","type-page","status-publish","hentry"],"_links":{"self":[{"href":"https:\/\/kylat.ekarjala.fi\/vainikkala\/wp-json\/wp\/v2\/pages\/692","targetHints":{"allow":["GET"]}}],"collection":[{"href":"https:\/\/kylat.ekarjala.fi\/vainikkala\/wp-json\/wp\/v2\/pages"}],"about":[{"href":"https:\/\/kylat.ekarjala.fi\/vainikkala\/wp-json\/wp\/v2\/types\/page"}],"author":[{"embeddable":true,"href":"https:\/\/kylat.ekarjala.fi\/vainikkala\/wp-json\/wp\/v2\/users\/80"}],"replies":[{"embeddable":true,"href":"https:\/\/kylat.ekarjala.fi\/vainikkala\/wp-json\/wp\/v2\/comments?post=692"}],"version-history":[{"count":3,"href":"https:\/\/kylat.ekarjala.fi\/vainikkala\/wp-json\/wp\/v2\/pages\/692\/revisions"}],"predecessor-version":[{"id":695,"href":"https:\/\/kylat.ekarjala.fi\/vainikkala\/wp-json\/wp\/v2\/pages\/692\/revisions\/695"}],"up":[{"embeddable":true,"href":"https:\/\/kylat.ekarjala.fi\/vainikkala\/wp-json\/wp\/v2\/pages\/656"}],"wp:attachment":[{"href":"https:\/\/kylat.ekarjala.fi\/vainikkala\/wp-json\/wp\/v2\/media?parent=692"}],"curies":[{"name":"wp","href":"https:\/\/api.w.org\/{rel}","templated":true}]}}