{"id":696,"date":"2013-12-25T17:55:07","date_gmt":"2013-12-25T18:25:07","guid":{"rendered":"https:\/\/kylat.ekarjala.fi\/vainikkala\/?page_id=696"},"modified":"2014-02-27T08:48:14","modified_gmt":"2014-02-27T09:18:14","slug":"uimaranta","status":"publish","type":"page","link":"https:\/\/kylat.ekarjala.fi\/vainikkala\/harrastukset\/liikunta\/liikuntapaikat\/uimaranta\/","title":{"rendered":"Uimaranta"},"content":{"rendered":"<div id=\"attachment_1196\" style=\"width: 310px\" class=\"wp-caption alignnone\"><a href=\"https:\/\/kylat.ekarjala.fi\/vainikkala\/wp-content\/uploads\/sites\/36\/2013\/12\/IMG_3928.jpg\"><img loading=\"lazy\" decoding=\"async\" aria-describedby=\"caption-attachment-1196\" class=\"size-medium wp-image-1196\" alt=\"Uimaranta sijaitsee luonnonkauniilla ja rauhallisella alueella\" src=\"https:\/\/kylat.ekarjala.fi\/vainikkala\/wp-content\/uploads\/sites\/36\/2013\/12\/IMG_3928-300x225.jpg\" width=\"300\" height=\"225\" srcset=\"https:\/\/kylat.ekarjala.fi\/vainikkala\/wp-content\/uploads\/sites\/36\/2013\/12\/IMG_3928-300x225.jpg 300w, https:\/\/kylat.ekarjala.fi\/vainikkala\/wp-content\/uploads\/sites\/36\/2013\/12\/IMG_3928-1024x768.jpg 1024w, https:\/\/kylat.ekarjala.fi\/vainikkala\/wp-content\/uploads\/sites\/36\/2013\/12\/IMG_3928.jpg 1600w\" sizes=\"auto, (max-width: 300px) 100vw, 300px\" \/><\/a><p id=\"caption-attachment-1196\" class=\"wp-caption-text\">Uimaranta sijaitsee luonnonkauniilla ja rauhallisella alueella<\/p><\/div>\n<p>Lappeenrannan kaupungin ja Vainikkalan kyl\u00e4toimikunnan yhdess\u00e4 yll\u00e4pit\u00e4m\u00e4 yleinen uimaranta sijaitsee Ojalan kyl\u00e4ss\u00e4 noin 2 kilometri\u00e4 kyl\u00e4n keskustasta Simolan suuntaan. Puhdasvetisen Niemij\u00e4rven etel\u00e4p\u00e4\u00e4ss\u00e4 sijaitsevalla uimarannalla on pukusuojarakennus, k\u00e4ym\u00e4l\u00e4t sek\u00e4 hirsist\u00e4 rakennettu laavu. Uimarannan pys\u00e4k\u00f6intialue on Rikkil\u00e4ntien varressa. Pys\u00e4k\u00f6intialueelta on rantaan matkaa noin 200 metri\u00e4.<\/p>\n<div id=\"attachment_1181\" style=\"width: 310px\" class=\"wp-caption alignnone\"><a href=\"https:\/\/kylat.ekarjala.fi\/vainikkala\/wp-content\/uploads\/sites\/36\/2013\/12\/laavu.jpg\"><img loading=\"lazy\" decoding=\"async\" aria-describedby=\"caption-attachment-1181\" class=\"size-medium wp-image-1181\" alt=\"Uimarannan laavua k\u00e4ytet\u00e4\u00e4n varsinkin talvisin pilkkikilpailujen kahvilana ja punnituspaikkana. Laavun edess\u00e4 on tulipaikka.\" src=\"https:\/\/kylat.ekarjala.fi\/vainikkala\/wp-content\/uploads\/sites\/36\/2013\/12\/laavu-300x210.jpg\" width=\"300\" height=\"210\" srcset=\"https:\/\/kylat.ekarjala.fi\/vainikkala\/wp-content\/uploads\/sites\/36\/2013\/12\/laavu-300x210.jpg 300w, https:\/\/kylat.ekarjala.fi\/vainikkala\/wp-content\/uploads\/sites\/36\/2013\/12\/laavu-1024x719.jpg 1024w, https:\/\/kylat.ekarjala.fi\/vainikkala\/wp-content\/uploads\/sites\/36\/2013\/12\/laavu.jpg 1299w\" sizes=\"auto, (max-width: 300px) 100vw, 300px\" \/><\/a><p id=\"caption-attachment-1181\" class=\"wp-caption-text\">Uimarannan laavua k\u00e4ytet\u00e4\u00e4n varsinkin talvisin pilkkikilpailujen kahvilana ja punnituspaikkana. Laavun edess\u00e4 on tulipaikka.<\/p><\/div>\n","protected":false},"excerpt":{"rendered":"<p>Lappeenrannan kaupungin ja Vainikkalan kyl\u00e4toimikunnan yhdess\u00e4 yll\u00e4pit\u00e4m\u00e4 yleinen uimaranta sijaitsee Ojalan kyl\u00e4ss\u00e4 noin 2 kilometri\u00e4 kyl\u00e4n keskustasta Simolan suuntaan. Puhdasvetisen Niemij\u00e4rven etel\u00e4p\u00e4\u00e4ss\u00e4 sijaitsevalla uimarannalla on pukusuojarakennus, k\u00e4ym\u00e4l\u00e4t sek\u00e4 hirsist\u00e4 rakennettu laavu. Uimarannan pys\u00e4k\u00f6intialue on Rikkil\u00e4ntien varressa. Pys\u00e4k\u00f6intialueelta on rantaan matkaa &hellip; <a href=\"https:\/\/kylat.ekarjala.fi\/vainikkala\/harrastukset\/liikunta\/liikuntapaikat\/uimaranta\/\">Lue loppuun <span class=\"meta-nav\">&rarr;<\/span><\/a><\/p>\n","protected":false},"author":80,"featured_media":0,"parent":656,"menu_order":0,"comment_status":"open","ping_status":"closed","template":"","meta":{"footnotes":""},"class_list":["post-696","page","type-page","status-publish","hentry"],"_links":{"self":[{"href":"https:\/\/kylat.ekarjala.fi\/vainikkala\/wp-json\/wp\/v2\/pages\/696","targetHints":{"allow":["GET"]}}],"collection":[{"href":"https:\/\/kylat.ekarjala.fi\/vainikkala\/wp-json\/wp\/v2\/pages"}],"about":[{"href":"https:\/\/kylat.ekarjala.fi\/vainikkala\/wp-json\/wp\/v2\/types\/page"}],"author":[{"embeddable":true,"href":"https:\/\/kylat.ekarjala.fi\/vainikkala\/wp-json\/wp\/v2\/users\/80"}],"replies":[{"embeddable":true,"href":"https:\/\/kylat.ekarjala.fi\/vainikkala\/wp-json\/wp\/v2\/comments?post=696"}],"version-history":[{"count":4,"href":"https:\/\/kylat.ekarjala.fi\/vainikkala\/wp-json\/wp\/v2\/pages\/696\/revisions"}],"predecessor-version":[{"id":1197,"href":"https:\/\/kylat.ekarjala.fi\/vainikkala\/wp-json\/wp\/v2\/pages\/696\/revisions\/1197"}],"up":[{"embeddable":true,"href":"https:\/\/kylat.ekarjala.fi\/vainikkala\/wp-json\/wp\/v2\/pages\/656"}],"wp:attachment":[{"href":"https:\/\/kylat.ekarjala.fi\/vainikkala\/wp-json\/wp\/v2\/media?parent=696"}],"curies":[{"name":"wp","href":"https:\/\/api.w.org\/{rel}","templated":true}]}}