{"id":699,"date":"2013-12-25T18:03:33","date_gmt":"2013-12-25T18:33:33","guid":{"rendered":"https:\/\/kylat.ekarjala.fi\/vainikkala\/?page_id=699"},"modified":"2013-12-25T18:03:33","modified_gmt":"2013-12-25T18:33:33","slug":"urheilukeskus","status":"publish","type":"page","link":"https:\/\/kylat.ekarjala.fi\/vainikkala\/harrastukset\/liikunta\/liikuntapaikat\/urheilukeskus\/","title":{"rendered":"Urheilukeskus"},"content":{"rendered":"<p>Vainikkalan urheilukeskus on v\u00e4hitellen muodostunut rakennettujen suorituspaikkojen my\u00f6t\u00e4 kyl\u00e4n koulun tuntumaan (os. Rikkil\u00e4ntie 47). Urheilukeskuksen alueella j\u00e4rjestet\u00e4\u00e4n vuosittain useita liikuntatapahtumia kuten lasten hiihtokilpailut, kaukalopallo-ottelut, lasten 3-ottelut, Kyl\u00e4py\u00f6r\u00e4ily, rantalentopalloturnaus jne.<\/p>\n<p><strong>Urheilukeskukseen katsotaan kuuluvan seuraavat suorituspaikat:<\/strong><\/p>\n<p>Hiihtomaa<br \/>\nJ\u00e4\u00e4kiekkokaukalo<br \/>\nValaistu kuntorata\/-latu<br \/>\nLentopallokentt\u00e4<br \/>\nKoulun ulkokentt\u00e4<\/p>\n<p>Suorituspaikat, alueella oleva suihkuin ja k\u00e4ym\u00e4l\u00f6in varustettu pukusuojarakennus (avoinna vain tapahtumien yhteydess\u00e4), ajanottokoppi, kuulutusj\u00e4rjestelm\u00e4, kioski sek\u00e4 varastot muodostavat yhdess\u00e4 toimivan liikuntapaikkakokonaisuuden, Vainikkalan urheilukeskuksen.<\/p>\n<div id=\"attachment_700\" style=\"width: 310px\" class=\"wp-caption alignnone\"><a href=\"https:\/\/kylat.ekarjala.fi\/vainikkala\/wp-content\/uploads\/sites\/36\/2013\/12\/h\u00f6lkk\u00e4.jpg\"><img loading=\"lazy\" decoding=\"async\" aria-describedby=\"caption-attachment-700\" class=\"size-medium wp-image-700\" alt=\"Urheilukeskuksessa j\u00e4rjestettiin 40 vuoden ajan Vainikkala-h\u00f6lkk\u00e4. Kuva h\u00f6lk\u00e4n l\u00e4hd\u00f6st\u00e4 11.6.2005. Kuva: Antero Pohjonen.\" src=\"https:\/\/kylat.ekarjala.fi\/vainikkala\/wp-content\/uploads\/sites\/36\/2013\/12\/h\u00f6lkk\u00e4-300x225.jpg\" width=\"300\" height=\"225\" srcset=\"https:\/\/kylat.ekarjala.fi\/vainikkala\/wp-content\/uploads\/sites\/36\/2013\/12\/h\u00f6lkk\u00e4-300x225.jpg 300w, https:\/\/kylat.ekarjala.fi\/vainikkala\/wp-content\/uploads\/sites\/36\/2013\/12\/h\u00f6lkk\u00e4.jpg 800w\" sizes=\"auto, (max-width: 300px) 100vw, 300px\" \/><\/a><p id=\"caption-attachment-700\" class=\"wp-caption-text\">Urheilukeskuksessa j\u00e4rjestettiin 40 vuoden ajan Vainikkala-h\u00f6lkk\u00e4. Kuva h\u00f6lk\u00e4n l\u00e4hd\u00f6st\u00e4 11.6.2005. Kuva: Antero Pohjonen.<\/p><\/div>\n<p>&nbsp;<\/p>\n<div id=\"attachment_701\" style=\"width: 310px\" class=\"wp-caption alignnone\"><a href=\"https:\/\/kylat.ekarjala.fi\/vainikkala\/wp-content\/uploads\/sites\/36\/2013\/12\/urheilukoppi.jpg\"><img loading=\"lazy\" decoding=\"async\" aria-describedby=\"caption-attachment-701\" class=\"size-medium wp-image-701\" alt=\"Suuremmissa tapahtumissa on mahdollista k\u00e4ytt\u00e4\u00e4 urheilualueella olevia palveluita: ajanottokoppia, kioskia ja pukusuojia. \" src=\"https:\/\/kylat.ekarjala.fi\/vainikkala\/wp-content\/uploads\/sites\/36\/2013\/12\/urheilukoppi-300x224.jpg\" width=\"300\" height=\"224\" srcset=\"https:\/\/kylat.ekarjala.fi\/vainikkala\/wp-content\/uploads\/sites\/36\/2013\/12\/urheilukoppi-300x224.jpg 300w, https:\/\/kylat.ekarjala.fi\/vainikkala\/wp-content\/uploads\/sites\/36\/2013\/12\/urheilukoppi.jpg 448w\" sizes=\"auto, (max-width: 300px) 100vw, 300px\" \/><\/a><p id=\"caption-attachment-701\" class=\"wp-caption-text\">Suuremmissa tapahtumissa on mahdollista k\u00e4ytt\u00e4\u00e4 urheilualueella olevia palveluita: ajanottokoppia, kioskia ja pukusuojia.<\/p><\/div>\n<p><strong>Lis\u00e4tietoja:<br \/>\n<\/strong>Hannu Putkonen, Lappeen Riento \/ Vainikkalan kyl\u00e4osasto, puh. 050 5647494, etunimi.sukunimi@pp.inet.fi<\/p>\n","protected":false},"excerpt":{"rendered":"<p>Vainikkalan urheilukeskus on v\u00e4hitellen muodostunut rakennettujen suorituspaikkojen my\u00f6t\u00e4 kyl\u00e4n koulun tuntumaan (os. Rikkil\u00e4ntie 47). Urheilukeskuksen alueella j\u00e4rjestet\u00e4\u00e4n vuosittain useita liikuntatapahtumia kuten lasten hiihtokilpailut, kaukalopallo-ottelut, lasten 3-ottelut, Kyl\u00e4py\u00f6r\u00e4ily, rantalentopalloturnaus jne. Urheilukeskukseen katsotaan kuuluvan seuraavat suorituspaikat: Hiihtomaa J\u00e4\u00e4kiekkokaukalo Valaistu kuntorata\/-latu Lentopallokentt\u00e4 Koulun &hellip; <a href=\"https:\/\/kylat.ekarjala.fi\/vainikkala\/harrastukset\/liikunta\/liikuntapaikat\/urheilukeskus\/\">Lue loppuun <span class=\"meta-nav\">&rarr;<\/span><\/a><\/p>\n","protected":false},"author":80,"featured_media":0,"parent":656,"menu_order":0,"comment_status":"open","ping_status":"closed","template":"","meta":{"footnotes":""},"class_list":["post-699","page","type-page","status-publish","hentry"],"_links":{"self":[{"href":"https:\/\/kylat.ekarjala.fi\/vainikkala\/wp-json\/wp\/v2\/pages\/699","targetHints":{"allow":["GET"]}}],"collection":[{"href":"https:\/\/kylat.ekarjala.fi\/vainikkala\/wp-json\/wp\/v2\/pages"}],"about":[{"href":"https:\/\/kylat.ekarjala.fi\/vainikkala\/wp-json\/wp\/v2\/types\/page"}],"author":[{"embeddable":true,"href":"https:\/\/kylat.ekarjala.fi\/vainikkala\/wp-json\/wp\/v2\/users\/80"}],"replies":[{"embeddable":true,"href":"https:\/\/kylat.ekarjala.fi\/vainikkala\/wp-json\/wp\/v2\/comments?post=699"}],"version-history":[{"count":1,"href":"https:\/\/kylat.ekarjala.fi\/vainikkala\/wp-json\/wp\/v2\/pages\/699\/revisions"}],"predecessor-version":[{"id":702,"href":"https:\/\/kylat.ekarjala.fi\/vainikkala\/wp-json\/wp\/v2\/pages\/699\/revisions\/702"}],"up":[{"embeddable":true,"href":"https:\/\/kylat.ekarjala.fi\/vainikkala\/wp-json\/wp\/v2\/pages\/656"}],"wp:attachment":[{"href":"https:\/\/kylat.ekarjala.fi\/vainikkala\/wp-json\/wp\/v2\/media?parent=699"}],"curies":[{"name":"wp","href":"https:\/\/api.w.org\/{rel}","templated":true}]}}