{"id":703,"date":"2013-12-25T18:06:39","date_gmt":"2013-12-25T18:36:39","guid":{"rendered":"https:\/\/kylat.ekarjala.fi\/vainikkala\/?page_id=703"},"modified":"2013-12-25T18:06:39","modified_gmt":"2013-12-25T18:36:39","slug":"valaistu-kuntorata","status":"publish","type":"page","link":"https:\/\/kylat.ekarjala.fi\/vainikkala\/harrastukset\/liikunta\/liikuntapaikat\/valaistu-kuntorata\/","title":{"rendered":"Valaistu kuntorata"},"content":{"rendered":"<p>Vainikkalan valaistu kuntorata on my\u00f6s maakunnan kilpahiiht\u00e4jien keskuudessa arvostettu hyv\u00e4ksi hiihtoladuksi. Pituudeltaan noin kolmen kilometrin rata koostuu nousuista, laskuista ja tasaisesta sopivassa suhteessa vaativampaankin hiihdon harrastamiseen. Maastollisesti raskaimman ja vaativimman Kivim\u00e4en osuuden voi nykyisin ohittaa valaistua urheilukeskuksesta l\u00e4htev\u00e4\u00e4 tasamaalatua pitkin. Tasamaaladun valaistus rakennettiin vuonna 1999.<\/p>\n<p>Sulan maan aikana kuntorata palvelee oivasti jalan liikkuvia, joko sauvoin tai ilman. Kivim\u00e4en jyrk\u00e4ss\u00e4 nousussa nousee my\u00f6s hyv\u00e4kuntoisen liikkujan syke.<\/p>\n<p>Valaistulle radalle p\u00e4\u00e4see parhaiten kyl\u00e4n urheilukeskuksesta os. Rikkil\u00e4ntie 47.<\/p>\n<p><strong>Lis\u00e4tietoja:<br \/>\n<\/strong>Jorma Skippari, Lappeen Riento \/ Vainikkalan kyl\u00e4osasto, puh. 040 7285140<\/p>\n","protected":false},"excerpt":{"rendered":"<p>Vainikkalan valaistu kuntorata on my\u00f6s maakunnan kilpahiiht\u00e4jien keskuudessa arvostettu hyv\u00e4ksi hiihtoladuksi. Pituudeltaan noin kolmen kilometrin rata koostuu nousuista, laskuista ja tasaisesta sopivassa suhteessa vaativampaankin hiihdon harrastamiseen. Maastollisesti raskaimman ja vaativimman Kivim\u00e4en osuuden voi nykyisin ohittaa valaistua urheilukeskuksesta l\u00e4htev\u00e4\u00e4 tasamaalatua pitkin. &hellip; <a href=\"https:\/\/kylat.ekarjala.fi\/vainikkala\/harrastukset\/liikunta\/liikuntapaikat\/valaistu-kuntorata\/\">Lue loppuun <span class=\"meta-nav\">&rarr;<\/span><\/a><\/p>\n","protected":false},"author":80,"featured_media":0,"parent":656,"menu_order":0,"comment_status":"open","ping_status":"closed","template":"","meta":{"footnotes":""},"class_list":["post-703","page","type-page","status-publish","hentry"],"_links":{"self":[{"href":"https:\/\/kylat.ekarjala.fi\/vainikkala\/wp-json\/wp\/v2\/pages\/703","targetHints":{"allow":["GET"]}}],"collection":[{"href":"https:\/\/kylat.ekarjala.fi\/vainikkala\/wp-json\/wp\/v2\/pages"}],"about":[{"href":"https:\/\/kylat.ekarjala.fi\/vainikkala\/wp-json\/wp\/v2\/types\/page"}],"author":[{"embeddable":true,"href":"https:\/\/kylat.ekarjala.fi\/vainikkala\/wp-json\/wp\/v2\/users\/80"}],"replies":[{"embeddable":true,"href":"https:\/\/kylat.ekarjala.fi\/vainikkala\/wp-json\/wp\/v2\/comments?post=703"}],"version-history":[{"count":1,"href":"https:\/\/kylat.ekarjala.fi\/vainikkala\/wp-json\/wp\/v2\/pages\/703\/revisions"}],"predecessor-version":[{"id":704,"href":"https:\/\/kylat.ekarjala.fi\/vainikkala\/wp-json\/wp\/v2\/pages\/703\/revisions\/704"}],"up":[{"embeddable":true,"href":"https:\/\/kylat.ekarjala.fi\/vainikkala\/wp-json\/wp\/v2\/pages\/656"}],"wp:attachment":[{"href":"https:\/\/kylat.ekarjala.fi\/vainikkala\/wp-json\/wp\/v2\/media?parent=703"}],"curies":[{"name":"wp","href":"https:\/\/api.w.org\/{rel}","templated":true}]}}