{"id":733,"date":"2013-12-25T19:31:03","date_gmt":"2013-12-25T20:01:03","guid":{"rendered":"https:\/\/kylat.ekarjala.fi\/vainikkala\/?page_id=733"},"modified":"2013-12-25T19:31:21","modified_gmt":"2013-12-25T20:01:21","slug":"hankesuunnitelma","status":"publish","type":"page","link":"https:\/\/kylat.ekarjala.fi\/vainikkala\/kylainfo\/kylahanke-2005-2008\/hankesuunnitelma\/","title":{"rendered":"Hankeselostus"},"content":{"rendered":"<p><b><span style=\"font-family: Times New Roman\">Vaella Vainikkalaan &#8211; Viihdy ja J\u00e4\u00e4<\/span><\/b><\/p>\n<p><b><span style=\"font-family: Times New Roman\">My\u00f6t\u00e4virtaan ry:n projekti 2005 &#8211; 2007<\/span><\/b><\/p>\n<p><span style=\"font-family: Times New Roman\">\u00a0<\/span><b><span style=\"font-family: Times New Roman\">1.\u00a0\u00a0\u00a0 TAUSTA<\/span><\/b><span style=\"font-family: Times New Roman\">\u00a0<\/span><\/p>\n<p><span style=\"font-family: Times New Roman\">Vainikkalan kyl\u00e4n keskustan maisemaa hallitsee suuri ratapiha siihen liittyvine toimintoineen. Ensivaikutelma kyl\u00e4\u00e4n saapuvalle poikkeaa t\u00e4st\u00e4 syyst\u00e4 verrattuna muihin vastaavankokoisiin etel\u00e4-karjalaisiin maaseutukyliin.<\/span><\/p>\n<p><span style=\"font-family: Times New Roman\">Kyl\u00e4ss\u00e4 on virinnyt ajatus jossa kyl\u00e4n keskeisien alueiden ilmett\u00e4 tulisi merkitt\u00e4v\u00e4sti muuttaa siten, ett\u00e4 kyl\u00e4st\u00e4 tulee viihtyis\u00e4mpi ja kyl\u00e4n houkuttelevuus sen my\u00f6t\u00e4 kasvaa merkitt\u00e4v\u00e4sti. Jopa niin, ett\u00e4 kyl\u00e4\u00e4n voisi muuttaa uusia asukkaita, etenkin lapsiperheit\u00e4.<\/span><span style=\"font-family: Times New Roman\">\u00a0<\/span><\/p>\n<p><span style=\"font-family: Times New Roman\">Vainikkalassa on aktiivista harrastustoimintaa, muun muassa musiikin ja liikunnan alalla. 1950-luvulla aktiivisesti toiminut teatteriharrastus elvytettiin uudelleen vuonna 2002 kun kyl\u00e4n harrastajateatteri esitti suurelle arvovaltaiselle yleis\u00f6lle asemalla pidetyss\u00e4 Sotakorvausten p\u00e4\u00e4ttymisen 50-vuotisjuhlassa aiheeseen kirjoitetun n\u00e4ytelm\u00e4n. N\u00e4ytelm\u00e4ryhm\u00e4 on toteuttanut sen j\u00e4lkeen toisen vastaavan produktion kes\u00e4ll\u00e4 2004. Tuolloin n\u00e4yteltiin tapahtumia Vainikkalassa kylm\u00e4n sodan vuodelta 1961. Uusia n\u00e4ytelm\u00e4projekteja suunnitellaan jo.<\/span><\/p>\n<p><span style=\"font-family: Times New Roman\">Kyl\u00e4n erilaiset orkesterikokoonpanot harjoittelevat s\u00e4\u00e4nn\u00f6llisesti ja esiintyv\u00e4t mielell\u00e4\u00e4n tilaisuuden siihen saatuaan.<\/span><\/p>\n<p><span style=\"font-family: Times New Roman\">Vuoden 2004 kes\u00e4kuussa toteutettu ensimm\u00e4inen Vainikkala-p\u00e4iv\u00e4 oli menestys. Monitapahtumainen Vainikkala-p\u00e4iv\u00e4 tulee olemaan vakiotapahtuma kyl\u00e4ss\u00e4 pitk\u00e4lle tulevaisuuteen. Tapahtumalle on tarve rakentaa pysyv\u00e4t ja edustavat puitteet.<\/span><\/p>\n<p><span style=\"font-family: Times New Roman\">Lasten ja nuorten viihtyvyyden parantamiseen halutaan Vainikkalassa erityisesti panostaa. Siit\u00e4 johtuen lasten leikkipuiston, koulun ja niiden l\u00e4heisyydess\u00e4 olevan toimintakeskuksen viihtyisyytt\u00e4 ja palveluja on tarkoitus parantaa. Samalla luodaan uusia mahdollisuuksia liikunta-, musiikki- ja n\u00e4ytelm\u00e4harrastuksen jatkamiselle ja kehitt\u00e4miselle.<\/span><\/p>\n<p><span style=\"font-family: Times New Roman\">Suunnitelmien viemist\u00e4 k\u00e4yt\u00e4nt\u00f6\u00f6n l\u00e4htee toteuttamaan syksyll\u00e4 vuonna 2000 perustettu My\u00f6t\u00e4virtaan yhdistys muiden kyl\u00e4ss\u00e4 toimivien yhdistysten tukemana. Yhdistys toimii yhteisty\u00f6ss\u00e4 taustatahojensa kanssa yhdistyksen s\u00e4\u00e4nt\u00f6j\u00e4 noudattaen. My\u00f6t\u00e4virtaan yhdistys on hyv\u00e4ksytty yhdistysrekisteriin numerolla 181368. Yhdistyksen toteuttama Pomo-rahoitteinen retkeilyreittihanke on edennyt suunnitellusti.<br \/>\n<\/span><\/p>\n<p><b><span style=\"font-family: Times New Roman\">2.\u00a0\u00a0\u00a0 TAVOITE<\/span><\/b><\/p>\n<p><span style=\"font-family: Times New Roman\">Hankkeen tavoitteena on kehitt\u00e4\u00e4 Vainikkalan kyl\u00e4st\u00e4 viihtyis\u00e4 ja houkutteleva asuinymp\u00e4rist\u00f6 monipuolisine harrastusmahdollisuuksineen.. Tavoitteisiin p\u00e4\u00e4ss\u00e4\u00e4n siistim\u00e4ll\u00e4 kyl\u00e4n keskeisi\u00e4 alueita sek\u00e4 rakentamalla viihtymist\u00e4 edesauttavia rakennelmia ja kohentamalla alueita niille sopivilla istutuksilla ja ymp\u00e4rist\u00f6nhoidolla. Samalla luodaan oman l\u00e4hiymp\u00e4rist\u00f6nhoidon malli koko kyl\u00e4lle. <\/span><\/p>\n<p><span style=\"font-family: Times New Roman\">T\u00e4rke\u00e4n\u00e4 tavoitteena on houkutella kyl\u00e4\u00e4n lapsiperheit\u00e4 muualta. T\u00e4h\u00e4n pyrit\u00e4\u00e4n perustamalla tontti- ja kiinteist\u00f6p\u00f6rssi jossa esitell\u00e4\u00e4n kyl\u00e4ss\u00e4 myynniss\u00e4 olevia kiinteist\u00f6j\u00e4 ja tontteja.<\/span><\/p>\n<p><span style=\"font-size: medium\"><span style=\"font-family: Times New Roman\"><b>Toteutuessaan hanke lis\u00e4\u00e4:<\/b><\/span><\/span><\/p>\n<p><span style=\"font-family: Times New Roman\">&#8211; osaltaan Lappeenrannan etel\u00e4isten maaseutualueiden kulttuuritarjontaa ja harrastusmahdollisuuksia<br \/>\n<\/span><span style=\"font-family: Times New Roman\">&#8211; liikunta- ja toimintamahdollisuuksia kaikenik\u00e4isille<br \/>\n<\/span><span style=\"font-family: Times New Roman\">&#8211; kyl\u00e4n keskeisten alueiden kunnostamisen my\u00f6t\u00e4 viihtyisyytt\u00e4<br \/>\n<\/span><span style=\"font-family: Times New Roman\">&#8211; kyl\u00e4n houkuttelevuutta uusille asukkaille<br \/>\n<\/span><span style=\"font-family: Times New Roman\">&#8211; lujittaa kyl\u00e4n yhteishenke\u00e4<br \/>\n<\/span><span style=\"font-family: Times New Roman\">&#8211; maisemanhoitoa<\/span><\/p>\n<p>&nbsp;<\/p>\n<p><b><span style=\"font-family: Times New Roman\">3.\u00a0\u00a0\u00a0 AIKATAULU<\/span><\/b><\/p>\n<p><span style=\"font-family: Times New Roman\">Hankkeen toteuttamisaikataulu on\u00a0 1.1.2005- 30.9.2007<\/span><\/p>\n<p>&nbsp;<\/p>\n<p><span style=\"font-family: Times New Roman\"><b>4.\u00a0\u00a0\u00a0 KOHDEALUE<\/b><\/span><\/p>\n<p><span style=\"font-family: Times New Roman\">Hanketta toteutetaan Vainikkalan kyl\u00e4ss\u00e4 Lappeenrannassa.<\/span><\/p>\n<p>&nbsp;<\/p>\n<p><b><span style=\"font-family: Times New Roman\">5.\u00a0\u00a0\u00a0 TOIMENPITEET<\/span><\/b><\/p>\n<p><span style=\"font-family: Times New Roman\">Hanke toteutetaan Lappeenrannan kaupungin viranomaisten ohjeistuksia noudattaen.<\/span><\/p>\n<p><span style=\"font-size: medium\"><span style=\"font-family: Times New Roman\"><b>1. Tavoitteisiin pyrit\u00e4\u00e4n:<\/b><\/span><\/span><\/p>\n<p><span style=\"font-family: Times New Roman\">Hankkeessa m\u00e4\u00e4ritellyille alueille rakennetaan suomalaiseen perinteeseen, ymp\u00e4rist\u00f6n\u00e4k\u00f6kohtiin ja kest\u00e4vyyteen soveltuvia rakennelmia. Sek\u00e4 saattamalla tietoon kyl\u00e4ss\u00e4 olevat vapaat myynniss\u00e4 olevat tontit ja kiinteist\u00f6t. T\u00e4m\u00e4 toteutetaan oman kyl\u00e4n toimesta sek\u00e4 yhteisty\u00f6ss\u00e4 olemassa olevien maakunnallisten kiinteist\u00f6- ja tonttip\u00f6rssien, kuten Onni Muuttaa Maalle, kanssa.<\/span><\/p>\n<p><span style=\"font-family: Times New Roman\"><b><span style=\"font-size: medium\">2. Kohdealue 1 \u2013 Toiminta- ja kulttuurikeskus<\/span><\/b> <\/span><\/p>\n<p><span style=\"font-family: Times New Roman\">Kyl\u00e4n vapaa-ajan toiminnat aiotaan keskitt\u00e4\u00e4 rakentamalla t\u00e4t\u00e4 varten puitteet jossa viihtyv\u00e4t kaikki. Hankkeen toteuduttua syntyy kokonaisuus jossa voidaan harrastaa ja seurata liikuntaa ja urheilua, lasten leikkej\u00e4 sek\u00e4 musiikkia ja teatteria. <\/span><\/p>\n<p><span style=\"font-family: Times New Roman\">M\u00e4\u00e4ritellylle alueelle rakennetaan yksi hirsirakenteinen laavu. Laavun sein\u00e4materiaalina k\u00e4ytet\u00e4\u00e4n j\u00e4re\u00e4\u00e4 kuusikeloa. Laavun katto rakennetaan j\u00e4rvirukosta. Sen rakentamisessa pyrit\u00e4\u00e4n toteuttamaan tietotaidon vaihtoa maakunnallisena yhteisty\u00f6n\u00e4 Viron P\u00f6lvamaan kanssa esim. j\u00e4rjestett\u00e4v\u00e4n koulutuksen my\u00f6t\u00e4.<\/span><\/p>\n<p><span style=\"font-family: Times New Roman\">Samalle suunnittelualueelle rakennetaan hirsirakenteinen tulisijalla varustettu huopakatteinen grillikatos. <\/span><\/p>\n<p><span style=\"font-family: Times New Roman\">J\u00e4\u00e4kiekkokaukalon it\u00e4p\u00e4\u00e4tyyn rakennetaan hirsist\u00e4 huopakatteella katettu kes\u00e4teatterin n\u00e4ytt\u00e4m\u00f6, ja t\u00e4lle poissiirrett\u00e4vill\u00e4 penkeill\u00e4 varustettava kattamaton katsomo 500:lle henkil\u00f6lle. Penkit rakennetaan monik\u00e4ytt\u00f6isiksi siten ett\u00e4 ne voidaan siirt\u00e4\u00e4 tarvittaessa muualle. Rakennettavaa kokonaisuutta k\u00e4ytet\u00e4\u00e4n my\u00f6s kes\u00e4konserttien pitopaikkana.<\/span><\/p>\n<p><span style=\"font-family: Times New Roman\">Urheilukeskuksesta l\u00e4htev\u00e4n valaistun ladun yhteyteen rakennetaan maansiirtokoneita apuna k\u00e4ytt\u00e4en lapsille suunnattu pieni \u201chiihtomaa\u201c, jossa voidaan toteuttaa hiihdon perusteiden harjoittelua lapsille ja nuorille.<\/span><\/p>\n<p><span style=\"font-family: Times New Roman\">Lasten liikuntaleikkej\u00e4 varten rakennetaan temppurata kohdealueen l\u00e4nsireunaan, tontin rajalla olevaa puustoa raivaamalla. Radalle rakennetaan erilaisia leikkikohteita, muun muassa k\u00e4r\u00e4j\u00e4kivet, pajusta valmistettavat majat, tunnelit, pallot ja muut eri luonnonmateriaaleista valmistettavat elementit. Temppuradan pinta haketetaan. Lapsille tarjotaan mahdollisuus osallistua temppuradan suunnittelemiseen ja rakentamiseen.<\/span><\/p>\n<p><span style=\"font-family: Times New Roman\">Kohdealueelle rakennetaan kolmeosainen riukuaita siten ett\u00e4 valaistu latu kulkee kahden aidassa olevan ver\u00e4j\u00e4n l\u00e4pi.<\/span><\/p>\n<p><span style=\"font-family: Times New Roman\">My\u00f6t\u00e4virtaan ry:n toteuttama retkeilyreittihanke ja suunniteltu hanke yhdistyv\u00e4t kun retkeilyreitist\u00e4 muodostetaan haara Haapaj\u00e4rven suuntaan. Sen suunniteltu kulku Alajoelta Haapaj\u00e4rvelle on: Korpelantien silta \u2013 Korpelantie \u2013 ratapihan kevyen liikenteen silta \u2013 Rikkil\u00e4ntie \u2013 koulu\/urheilukeskus \u2013 valaistu kuntopolku \u2013 Niemenkyl\u00e4n latupohja \u2013 Suutarinj\u00e4rvi \u2013 Jussila \u2013 Haapaj\u00e4rvi. Reitill\u00e4 kulkee talvisin kyli\u00e4 yhdist\u00e4v\u00e4 latu. <\/span><\/p>\n<p><span style=\"font-family: Times New Roman\">Maanomistajalta, Lappeenrannan kaupungilta hankitaan kirjallinen lupa edell\u00e4 kuvattujen kohteiden rakentamiseen. Jos hankkeen joku osa-alue joudutaan ulottamaan muiden omistamalle maalle, t\u00e4st\u00e4 solmitaan kirjallinen sopimus maanomistajan kanssa.<\/span><\/p>\n<p><span style=\"font-family: Times New Roman\"><b><span style=\"font-size: medium\">3. Kohdealue 2 &#8211; Tyhj\u00e4 tontti puistoksi<\/span><\/b> <\/span><\/p>\n<p><span style=\"font-family: Times New Roman\">Kyl\u00e4n keskell\u00e4 oleva tyhj\u00e4 tontti on nykyisin t\u00e4ysin hoitamaton. Pusikot ja rikkakasvit rehottavat. Meill\u00e4 on voimakas tahto muuttaa kyl\u00e4n ilmett\u00e4 rakentamalla tontista viihtyis\u00e4 puisto jossa on mukava viett\u00e4\u00e4 aikaa. Haluamme rakentaa alueesta maamerkin joka ensiksi kyl\u00e4\u00e4n saapuessa huomataan sek\u00e4 my\u00f6s kyl\u00e4st\u00e4 poistuttaessa positiivisesti muistetaan.<\/span><\/p>\n<p><span style=\"font-family: Times New Roman\">M\u00e4\u00e4ritellylt\u00e4 alueelta raivataan juurineen pois kaikki v\u00e4h\u00e4arvoiset puut ja pensaat, kuten pajut, lep\u00e4t, koivut ja villiintyneet puutarhapuut ja pensaat. Alueen pinta tasataan maansiirtokoneen avulla.<\/span><\/p>\n<p><span style=\"font-family: Times New Roman\">Alueelle rakennetaan sorapintainen noin 2,5 metri\u00e4 leve\u00e4 polku Rajamiehentielt\u00e4 EeKoon myym\u00e4l\u00e4n kohdalta Vainikkalantien varrella olevalle bussipys\u00e4kille.<\/span><\/p>\n<p><span style=\"font-family: Times New Roman\">N\u00e4in muodostuvaan puistoon istutetaan koristepuita ja -pensaita sek\u00e4 kukkia. Polun varteen sijoitetaan kaksi puistopenkki\u00e4 sek\u00e4 pieni\u00e4 kiinteit\u00e4 lasten leikkiv\u00e4lineit\u00e4.<\/span><\/p>\n<p><span style=\"font-family: Times New Roman\">Alueelle rakennetaan virolaismallinen seisten keinuttava keinu. Materiaalina k\u00e4ytet\u00e4\u00e4n j\u00e4re\u00e4\u00e4 tukkipuuta sek\u00e4 sahattua sek\u00e4 h\u00f6yl\u00e4tty\u00e4 kestopuuta.<\/span><\/p>\n<p><span style=\"font-family: Times New Roman\">Alueen Rajamiehentien (liikekeskuksen) puoleiseen reunaan rakennetaan riukuaitaa noin 20 metrin pituudelta.<\/span><\/p>\n<p><span style=\"font-family: Times New Roman\">Alue valaistaan kolmella metallijalkaisella puistovalaisimella. Valaisimet kytket\u00e4\u00e4n kyl\u00e4n katuvalaistuksen piiriin.<\/span><\/p>\n<p><span style=\"font-family: Times New Roman\">Maanomistajalta, Lappeenrannan kaupungilta hankitaan kirjallinen lupa edell\u00e4 kuvattujen kohteiden rakentamiseen. S\u00e4hk\u00f6liit\u00e4nt\u00e4 puistovalaistukselle anotaan Lappeenrannan Energia Oy:lt\u00e4.<\/span><\/p>\n<p><span style=\"font-size: medium\"><span style=\"font-family: Times New Roman\"><b>4. Tiedottaminen<\/b><\/span><\/span><\/p>\n<p><span style=\"font-family: Times New Roman\">Hankkeessa toteutettavat asiat esitell\u00e4\u00e4n yleis\u00f6lle erikseen j\u00e4rjestett\u00e4viss\u00e4 tilaisuuksissa, Uutis-Vainikkala -kyl\u00e4lehdess\u00e4 sek\u00e4 internetiss\u00e4 My\u00f6t\u00e4virtaan ry:n kotisivuilla http:\/\/yhdistykset.etela-karjala.fi\/myovirta sek\u00e4 Vainikkalan kyl\u00e4toimikunnan sivuilla <a href=\"http:\/\/yhdistykset.etela-karjala.fi\/vkala\">http:\/\/yhdistykset.etela-karjala.fi\/vkala<\/a><\/span><\/p>\n<p><span style=\"font-size: medium\"><span style=\"font-family: Times New Roman\"><b>5. Koulutustilaisuudet<\/b><\/span><\/span><\/p>\n<p><span style=\"font-family: Times New Roman\">Hankkeen aikana j\u00e4rjestet\u00e4\u00e4n alueen asukkaille ja muille kiinnostuneille aiheeseen liittyvi\u00e4 koulutustilaisuuksia yhteens\u00e4 4 kappaletta. Niit\u00e4 ovat riukuaidan rakentamisen, pajuty\u00f6n, hirsirakentamisen ja j\u00e4rvikaislakaton rakentamisen koulutustilaisuudet. Kurssit ovat kestoltaan yli 6 tuntia kest\u00e4vi\u00e4.<\/span><\/p>\n<p><span style=\"font-size: medium\"><span style=\"font-family: Times New Roman\"><b>6. Talkooty\u00f6t<\/b><\/span><\/span><\/p>\n<p><span style=\"font-family: Times New Roman\">Tarjotaan talkooty\u00f6paikkoja hankkeen aikana hankkeessa m\u00e4\u00e4riteltyjen kohteiden rakentamisessa. <\/span><\/p>\n<p><span style=\"font-family: Times New Roman\"><b>6.\u00a0 TOTEUTUS JA TEHT\u00c4V\u00c4T<\/b><\/span><\/p>\n<p><span style=\"font-family: Times New Roman\">Hanketta varten nimet\u00e4\u00e4n projektity\u00f6ryhm\u00e4, joka on My\u00f6t\u00e4virtaan hallituksen ja hankkeen ohjausryhm\u00e4n alainen. Siihen kuuluu kummankin tahon edustus. <\/span><\/p>\n<p><span style=\"font-family: Times New Roman\">Projektity\u00f6ryhm\u00e4n koko on 5 henkil\u00f6\u00e4. Sen teht\u00e4viin kuuluu<\/span><\/p>\n<p><span style=\"font-family: Times New Roman\">1.\u00a0\u00a0\u00a0\u00a0\u00a0 projektin johto<br \/>\n<\/span><span style=\"font-family: Times New Roman\">2.\u00a0\u00a0\u00a0\u00a0\u00a0 toimintamallin rakentaminen<br \/>\n<\/span><span style=\"font-family: Times New Roman\">3.\u00a0\u00a0\u00a0\u00a0\u00a0 rahoituksen hankkiminen<br \/>\n<\/span><span style=\"font-family: Times New Roman\">4.\u00a0\u00a0\u00a0\u00a0\u00a0 sopimukset ja korvaukset<\/span><\/p>\n<p><span style=\"font-family: Times New Roman\">Hankkeelle nimet\u00e4\u00e4n vapaaehtoisia projektip\u00e4\u00e4llik\u00f6it\u00e4<\/span><\/p>\n<p><span style=\"font-family: Times New Roman\">\u00a01.\u00a0\u00a0\u00a0\u00a0\u00a0 rakentamisesta ja maisemoinnista vastaaminen<br \/>\n<\/span><span style=\"font-family: Times New Roman\">2.\u00a0\u00a0\u00a0\u00a0\u00a0 tiedottaminen sek\u00e4 koulutustoiminta<\/span><\/p>\n<p><span style=\"font-family: Times New Roman\">Projektin toimistopalvelut, kirjanpito, painettavat esitteet sek\u00e4 koulutuksen asiantuntijapalvelut hankitaan ostopalveluna.<\/span><\/p>\n<p><span style=\"font-family: Times New Roman\">\u00a0Hankkeelle valitaan ohjausryhm\u00e4, johon tulee edustajat Vainikkalan kyl\u00e4toimikunnasta, urheiluseura Lappeen Riennosta, Lappeenrannan ammattiopiston luonnonvara-osastosta, alueen yritt\u00e4jist\u00e4, luontoharrastajista, Kaakkois- Suomen TE- keskuksesta ja POMO hallituksesta. Kustakin yksi edustaja.<\/span><\/p>\n<p><span style=\"font-family: Times New Roman\">\u00a0<b>8.\u00a0\u00a0\u00a0 KUSTANNUSARVIO JA RAHOITUS<\/b><\/span><\/p>\n<p><span style=\"font-family: Times New Roman\">Hankkeen kokonaiskustannukset ovat 28 257 johon haetaan rahoitusta L\u00e4nsi-Saimaan kehitt\u00e4misyhdistykselt\u00e4 yhteens\u00e4 15890 euroa. Omaa talkooty\u00f6t\u00e4 on 9500 euron osuudelta ja\u00a0 omaa rahoitusta 3938 euroa. <\/span><\/p>\n<p><span style=\"font-family: Times New Roman\">\u00a0Omarahoitusosuus katetaan My\u00f6t\u00e4virtaan yhdistyksen oman toiminnan, v\u00e4litystoiminnan ja sponsoroinnin tuotoilla. Liitteen\u00e4 kustannusten jakaantuminen ja rahoitustaulukko.<\/span><\/p>\n<p><b><span style=\"font-size: medium\"><span style=\"font-family: Times New Roman\">Hankkeen\u00a0 kehitt\u00e4mismenoja on yhteens\u00e4\u00a0\u00a0\u00a0\u00a0\u00a0\u00a0\u00a0\u00a0\u00a0\u00a0\u00a0\u00a0\u00a0\u00a0\u00a0\u00a0\u00a0\u00a0\u00a0\u00a0\u00a0\u00a0\u00a0\u00a0\u00a0\u00a0\u00a0\u00a0\u00a0\u00a0\u00a0\u00a0\u00a0\u00a0\u00a0\u00a0\u00a0\u00a0 \u00a0\u00a0\u00a0\u00a0\u00a0\u00a0\u00a0\u00a0\u00a0\u00a0\u00a0\u00a0 4600 euroa\u00a0\u00a0\u00a0\u00a0\u00a0\u00a0\u00a0\u00a0\u00a0\u00a0\u00a0 <\/span><\/span><\/b><\/p>\n<p><span style=\"font-family: Times New Roman\">&#8211; nelj\u00e4 ostopalvelukurssia\u00a0\u00a0\u00a0\u00a0\u00a0\u00a0\u00a0\u00a0\u00a0\u00a0\u00a0\u00a0\u00a0\u00a0\u00a0\u00a0\u00a0\u00a0\u00a0\u00a0\u00a0\u00a0\u00a0\u00a0\u00a0\u00a0\u00a0\u00a0\u00a0\u00a0\u00a0\u00a0\u00a0\u00a0\u00a0\u00a0\u00a0\u00a0\u00a0\u00a0\u00a0\u00a0\u00a0\u00a0\u00a0\u00a0 1700 euroa<br \/>\n<\/span><span style=\"font-family: Times New Roman\">&#8211; matkakuluja\u00a0\u00a0\u00a0\u00a0\u00a0\u00a0\u00a0\u00a0\u00a0\u00a0\u00a0\u00a0\u00a0\u00a0\u00a0\u00a0\u00a0\u00a0\u00a0\u00a0\u00a0\u00a0\u00a0\u00a0\u00a0\u00a0\u00a0\u00a0\u00a0\u00a0\u00a0\u00a0\u00a0\u00a0\u00a0\u00a0\u00a0\u00a0\u00a0\u00a0\u00a0\u00a0\u00a0\u00a0\u00a0\u00a0\u00a0\u00a0\u00a0\u00a0\u00a0\u00a0\u00a0\u00a0\u00a0\u00a0\u00a0\u00a0\u00a0\u00a0\u00a0\u00a0\u00a0\u00a0\u00a0\u00a0\u00a0\u00a0\u00a0\u00a0 800 euroa<\/span><\/p>\n<p><span style=\"font-family: Times New Roman\">&#8211; toimistokuluja\u00a0\u00a0\u00a0\u00a0\u00a0\u00a0\u00a0\u00a0\u00a0\u00a0\u00a0\u00a0\u00a0\u00a0\u00a0\u00a0\u00a0\u00a0\u00a0\u00a0\u00a0\u00a0\u00a0\u00a0\u00a0\u00a0\u00a0\u00a0\u00a0\u00a0\u00a0\u00a0\u00a0\u00a0\u00a0\u00a0\u00a0\u00a0\u00a0\u00a0\u00a0\u00a0\u00a0\u00a0\u00a0\u00a0\u00a0\u00a0\u00a0\u00a0\u00a0\u00a0\u00a0\u00a0\u00a0\u00a0\u00a0\u00a0\u00a0\u00a0\u00a0\u00a0\u00a0\u00a0\u00a0\u00a0 800 euroa<br \/>\n<\/span><span style=\"font-family: Times New Roman\">&#8211; ilmoitteluun ja tiedottamiseen liittyvi\u00e4 muita kuluja\u00a0\u00a0 <\/span><span style=\"font-family: Times New Roman\">300 euroa<\/span><\/p>\n<p><span style=\"font-family: Times New Roman\">&#8211; talkooty\u00f6t\u00a0\u00a0\u00a0\u00a0\u00a0\u00a0\u00a0\u00a0\u00a0\u00a0\u00a0\u00a0\u00a0\u00a0\u00a0\u00a0\u00a0\u00a0\u00a0\u00a0\u00a0\u00a0\u00a0\u00a0\u00a0\u00a0\u00a0\u00a0\u00a0\u00a0\u00a0\u00a0\u00a0\u00a0\u00a0\u00a0\u00a0\u00a0\u00a0\u00a0\u00a0\u00a0\u00a0\u00a0\u00a0\u00a0\u00a0\u00a0\u00a0\u00a0\u00a0\u00a0\u00a0\u00a0\u00a0\u00a0\u00a0\u00a0\u00a0\u00a0\u00a0\u00a0\u00a0\u00a0\u00a0\u00a0\u00a0\u00a0\u00a0\u00a0\u00a0 1000 euroa\u00a0\u00a0\u00a0\u00a0\u00a0\u00a0\u00a0\u00a0\u00a0\u00a0\u00a0\u00a0\u00a0\u00a0\u00a0\u00a0\u00a0\u00a0\u00a0 <\/span><\/p>\n<p><span style=\"font-family: Times New Roman\"><strong><span style=\"font-size: medium\">rakentamismenoja on yhteens\u00e4 (erittely liitteen\u00e4)<\/span>\u00a0 <span style=\"font-size: medium\">23 657 euroa<\/span><\/strong><\/span><\/p>\n<p><span style=\"font-family: Times New Roman\">1 hirsirakenteista laavua<br \/>\n<\/span><span style=\"font-family: Times New Roman\">1 hirsirakenteinen grillikatos<br \/>\n<\/span><span style=\"font-family: Times New Roman\">1 hirsirakenteinen teatterin\u00e4ytt\u00e4m\u00f6<br \/>\n<\/span><span style=\"font-family: Times New Roman\">noin 50 metri\u00e4 riukuaitaa<br \/>\n<\/span><span style=\"font-family: Times New Roman\">katsomon penkit<br \/>\ntemppuradan rakenteet<br \/>\n<\/span><span style=\"font-family: Times New Roman\">virolaismallinen keinu<\/span><\/p>\n<p><span style=\"font-size: medium\"><span style=\"font-family: Times New Roman\">Talkooty\u00f6t\u00e4 kertyy yhteens\u00e4 1070 tuntia ja omarahoitusta hankitaan yhteens\u00e4 3938 euroa.<\/span><\/span><\/p>\n<p><span style=\"font-family: Times New Roman\">Hanketta varten anotaan rahoitusta kehitt\u00e4miseen 65 prosenttia ja rakentamiseen 50 prosenttia kuluista.<\/span><\/p>\n<p><span style=\"font-family: Times New Roman\">Talkooty\u00f6st\u00e4 on erillinen suunnitelma.<\/span><\/p>\n<p><span style=\"font-family: Times New Roman\">Omarahoitus koostuu arpajais-,tapahtuma-,talkooty\u00f6kohteista- sek\u00e4 myyntitoiminnasta.<\/span><\/p>\n<p>&nbsp;<\/p>\n<p>&nbsp;<\/p>\n<p><span style=\"font-family: Times New Roman\">Lappeenrannassa 8.11.2004\u00a0\u00a0\u00a0\u00a0\u00a0\u00a0\u00a0\u00a0\u00a0\u00a0\u00a0\u00a0\u00a0\u00a0\u00a0\u00a0\u00a0\u00a0 ___________________________________<\/span><\/p>\n<p><span style=\"font-family: Times New Roman\">\u00a0\u00a0\u00a0\u00a0\u00a0\u00a0\u00a0\u00a0\u00a0\u00a0\u00a0\u00a0\u00a0\u00a0\u00a0\u00a0\u00a0\u00a0\u00a0\u00a0\u00a0\u00a0\u00a0\u00a0\u00a0\u00a0\u00a0\u00a0\u00a0\u00a0\u00a0\u00a0\u00a0\u00a0\u00a0\u00a0\u00a0\u00a0\u00a0\u00a0\u00a0\u00a0\u00a0\u00a0\u00a0\u00a0\u00a0\u00a0\u00a0\u00a0\u00a0\u00a0\u00a0\u00a0\u00a0\u00a0\u00a0\u00a0\u00a0\u00a0\u00a0\u00a0\u00a0 Sauli Vainikka<\/span><\/p>\n","protected":false},"excerpt":{"rendered":"<p>Vaella Vainikkalaan &#8211; Viihdy ja J\u00e4\u00e4 My\u00f6t\u00e4virtaan ry:n projekti 2005 &#8211; 2007 \u00a01.\u00a0\u00a0\u00a0 TAUSTA\u00a0 Vainikkalan kyl\u00e4n keskustan maisemaa hallitsee suuri ratapiha siihen liittyvine toimintoineen. Ensivaikutelma kyl\u00e4\u00e4n saapuvalle poikkeaa t\u00e4st\u00e4 syyst\u00e4 verrattuna muihin vastaavankokoisiin etel\u00e4-karjalaisiin maaseutukyliin. Kyl\u00e4ss\u00e4 on virinnyt ajatus jossa &hellip; <a href=\"https:\/\/kylat.ekarjala.fi\/vainikkala\/kylainfo\/kylahanke-2005-2008\/hankesuunnitelma\/\">Lue loppuun <span class=\"meta-nav\">&rarr;<\/span><\/a><\/p>\n","protected":false},"author":80,"featured_media":0,"parent":727,"menu_order":0,"comment_status":"open","ping_status":"closed","template":"","meta":{"footnotes":""},"class_list":["post-733","page","type-page","status-publish","hentry"],"_links":{"self":[{"href":"https:\/\/kylat.ekarjala.fi\/vainikkala\/wp-json\/wp\/v2\/pages\/733","targetHints":{"allow":["GET"]}}],"collection":[{"href":"https:\/\/kylat.ekarjala.fi\/vainikkala\/wp-json\/wp\/v2\/pages"}],"about":[{"href":"https:\/\/kylat.ekarjala.fi\/vainikkala\/wp-json\/wp\/v2\/types\/page"}],"author":[{"embeddable":true,"href":"https:\/\/kylat.ekarjala.fi\/vainikkala\/wp-json\/wp\/v2\/users\/80"}],"replies":[{"embeddable":true,"href":"https:\/\/kylat.ekarjala.fi\/vainikkala\/wp-json\/wp\/v2\/comments?post=733"}],"version-history":[{"count":3,"href":"https:\/\/kylat.ekarjala.fi\/vainikkala\/wp-json\/wp\/v2\/pages\/733\/revisions"}],"predecessor-version":[{"id":736,"href":"https:\/\/kylat.ekarjala.fi\/vainikkala\/wp-json\/wp\/v2\/pages\/733\/revisions\/736"}],"up":[{"embeddable":true,"href":"https:\/\/kylat.ekarjala.fi\/vainikkala\/wp-json\/wp\/v2\/pages\/727"}],"wp:attachment":[{"href":"https:\/\/kylat.ekarjala.fi\/vainikkala\/wp-json\/wp\/v2\/media?parent=733"}],"curies":[{"name":"wp","href":"https:\/\/api.w.org\/{rel}","templated":true}]}}