{"id":766,"date":"2013-12-25T20:10:18","date_gmt":"2013-12-25T20:40:18","guid":{"rendered":"https:\/\/kylat.ekarjala.fi\/vainikkala\/?page_id=766"},"modified":"2013-12-30T15:49:51","modified_gmt":"2013-12-30T16:19:51","slug":"kohteet-2","status":"publish","type":"page","link":"https:\/\/kylat.ekarjala.fi\/vainikkala\/kylainfo\/kylahanke-2005-2008\/kohteet-2\/","title":{"rendered":"Kohteet"},"content":{"rendered":"<p><strong>Katso kuvasarjat eri kohteista. Kuvat kertovat selke\u00e4sti mit\u00e4 hankkeessa on tehty.<\/strong><\/p>\n<p><a title=\"Grillikatos Pytinki\" href=\"https:\/\/kylat.ekarjala.fi\/vainikkala\/kylainfo\/kylahanke-2005-2008\/kohteet-2\/kohteet\/\">Grillikatos Pytinki<\/a><\/p>\n<p><a title=\"Hippo-hiihtomaa\" href=\"https:\/\/kylat.ekarjala.fi\/vainikkala\/kylainfo\/kylahanke-2005-2008\/kohteet-2\/hippo-hiihtomaa\/\">Hippo-hiihtomaa<\/a><\/p>\n<p><a title=\"Teatteri\" href=\"https:\/\/kylat.ekarjala.fi\/vainikkala\/harrastukset\/teatteri\/\">Kes\u00e4teatteri<\/a><\/p>\n<p><a title=\"Hiihtomaan laavu\" href=\"https:\/\/kylat.ekarjala.fi\/vainikkala\/kylainfo\/kylahanke-2005-2008\/kohteet-2\/hiihtomaan-laavu\/\">Hiihtomaan laavu<\/a><\/p>\n<p><a title=\"Riukuaidat\" href=\"https:\/\/kylat.ekarjala.fi\/vainikkala\/kylainfo\/kylahanke-2005-2008\/kohteet-2\/riukuaidat\/\">Riukuaidat<\/a><\/p>\n<p><a title=\"Sale-puisto\" href=\"https:\/\/kylat.ekarjala.fi\/vainikkala\/kylainfo\/kylahanke-2005-2008\/kohteet-2\/sale-puisto\/\">Sale-puisto<\/a><\/p>\n<p><a title=\"Temppu- ja puuharata\" href=\"https:\/\/kylat.ekarjala.fi\/vainikkala\/kylainfo\/kylahanke-2005-2008\/kohteet-2\/temppu-ja-puuharata\/\">Temppu- ja puuharata<\/a><\/p>\n<p>&nbsp;<\/p>\n","protected":false},"excerpt":{"rendered":"<p>Katso kuvasarjat eri kohteista. Kuvat kertovat selke\u00e4sti mit\u00e4 hankkeessa on tehty. Grillikatos Pytinki Hippo-hiihtomaa Kes\u00e4teatteri Hiihtomaan laavu Riukuaidat Sale-puisto Temppu- ja puuharata &nbsp;<\/p>\n","protected":false},"author":80,"featured_media":0,"parent":727,"menu_order":0,"comment_status":"open","ping_status":"closed","template":"","meta":{"footnotes":""},"class_list":["post-766","page","type-page","status-publish","hentry"],"_links":{"self":[{"href":"https:\/\/kylat.ekarjala.fi\/vainikkala\/wp-json\/wp\/v2\/pages\/766","targetHints":{"allow":["GET"]}}],"collection":[{"href":"https:\/\/kylat.ekarjala.fi\/vainikkala\/wp-json\/wp\/v2\/pages"}],"about":[{"href":"https:\/\/kylat.ekarjala.fi\/vainikkala\/wp-json\/wp\/v2\/types\/page"}],"author":[{"embeddable":true,"href":"https:\/\/kylat.ekarjala.fi\/vainikkala\/wp-json\/wp\/v2\/users\/80"}],"replies":[{"embeddable":true,"href":"https:\/\/kylat.ekarjala.fi\/vainikkala\/wp-json\/wp\/v2\/comments?post=766"}],"version-history":[{"count":7,"href":"https:\/\/kylat.ekarjala.fi\/vainikkala\/wp-json\/wp\/v2\/pages\/766\/revisions"}],"predecessor-version":[{"id":1117,"href":"https:\/\/kylat.ekarjala.fi\/vainikkala\/wp-json\/wp\/v2\/pages\/766\/revisions\/1117"}],"up":[{"embeddable":true,"href":"https:\/\/kylat.ekarjala.fi\/vainikkala\/wp-json\/wp\/v2\/pages\/727"}],"wp:attachment":[{"href":"https:\/\/kylat.ekarjala.fi\/vainikkala\/wp-json\/wp\/v2\/media?parent=766"}],"curies":[{"name":"wp","href":"https:\/\/api.w.org\/{rel}","templated":true}]}}