{"id":772,"date":"2013-12-26T11:49:45","date_gmt":"2013-12-26T12:19:45","guid":{"rendered":"https:\/\/kylat.ekarjala.fi\/vainikkala\/?page_id=772"},"modified":"2013-12-26T11:49:45","modified_gmt":"2013-12-26T12:19:45","slug":"hippo-hiihtomaa","status":"publish","type":"page","link":"https:\/\/kylat.ekarjala.fi\/vainikkala\/kylainfo\/kylahanke-2005-2008\/kohteet-2\/hippo-hiihtomaa\/","title":{"rendered":"Hippo-hiihtomaa"},"content":{"rendered":"<div id=\"attachment_664\" style=\"width: 310px\" class=\"wp-caption alignnone\"><a href=\"https:\/\/kylat.ekarjala.fi\/vainikkala\/wp-content\/uploads\/sites\/36\/2013\/12\/hiihtomaa.jpg\"><img loading=\"lazy\" decoding=\"async\" aria-describedby=\"caption-attachment-664\" class=\"size-medium wp-image-664\" alt=\"Hiihtomaan rinnekaavio jota voidaan soveltaa vallitsevan lumitilanteen mukaan\" src=\"https:\/\/kylat.ekarjala.fi\/vainikkala\/wp-content\/uploads\/sites\/36\/2013\/12\/hiihtomaa-300x225.jpg\" width=\"300\" height=\"225\" srcset=\"https:\/\/kylat.ekarjala.fi\/vainikkala\/wp-content\/uploads\/sites\/36\/2013\/12\/hiihtomaa-300x225.jpg 300w, https:\/\/kylat.ekarjala.fi\/vainikkala\/wp-content\/uploads\/sites\/36\/2013\/12\/hiihtomaa.jpg 500w\" sizes=\"auto, (max-width: 300px) 100vw, 300px\" \/><\/a><p id=\"caption-attachment-664\" class=\"wp-caption-text\">Hiihtomaan rinnekaavio jota voidaan soveltaa vallitsevan lumitilanteen mukaan<\/p><\/div>\n<p><em>Kun VVVJ-hankesuunnitelmaa oltiin laatimassa, Vainikkalan urheilukeskuksen vieress\u00e4 olevalla yksityisen omistamalla mets\u00e4palstalla\u00a0toteutettiin avohakkuu. Sen alta paljastui rinne joka synnytti mainion idean: Puustosta vapautunut rinne aivan Vainikkalan valaistun ladun tuntumassa on mit\u00e4 ihanteellisin lasten, ja mikseip\u00e4 my\u00f6s aikuisten m\u00e4enlaskuharrastuksiin suksilla, pulkilla sek\u00e4 muilla m\u00e4enlaskuv\u00e4lineill\u00e4. N\u00e4in sai alkunsa ajatus Vainikkalan hiihtomaasta. Hiihtomaa sis\u00e4llytettiin hankesuunnitelmaan kun oli ensin sovittu sopimusk\u00e4yt\u00e4nn\u00f6st\u00e4 maanomistajan kanssa. Sopimusprosessi oli kaksivaiheinen. Maanomistaja ja Lappeen Riento solmivat pitk\u00e4aikaisen vuokrasopimuksen. Sen j\u00e4lkeen syntyi sopimus jossa My\u00f6t\u00e4virtaan Ry sai Riennolta k\u00e4ytt\u00f6oikeuden joka p\u00e4\u00e4ttyy samana p\u00e4iv\u00e4n\u00e4 kuin vuokrasopimus vuokranantajan ja vuokraajan kanssa p\u00e4\u00e4ttyy.<br \/>\nHiihtomaan perustaminen ajoittui vuosille jolloin talvet lyheniv\u00e4t radikaalisti. Se on haitannut ik\u00e4v\u00e4sti hiihtomaan toimintaa. Rinne on kev\u00e4tauringon suuntaan joten v\u00e4h\u00e4t lumet katoavat rinteest\u00e4\u00a0nopeasti kun aurinko alkaa l\u00e4mmitt\u00e4\u00e4.<\/em><\/p>\n<p><strong>Hiihtomaan rakennushistoriaa kuvina<\/strong><\/p>\n<div id=\"attachment_773\" style=\"width: 310px\" class=\"wp-caption alignnone\"><a href=\"https:\/\/kylat.ekarjala.fi\/vainikkala\/wp-content\/uploads\/sites\/36\/2013\/12\/hiihtomaa4.jpg\"><img loading=\"lazy\" decoding=\"async\" aria-describedby=\"caption-attachment-773\" class=\"size-medium wp-image-773\" alt=\"Hakkuun j\u00e4ljelt\u00e4 j\u00e4\u00e4neet risut poistettiin talkoilla. Puiden kannot jyrsittiin konevoimalla maan pinnan tasalle\" src=\"https:\/\/kylat.ekarjala.fi\/vainikkala\/wp-content\/uploads\/sites\/36\/2013\/12\/hiihtomaa4-300x224.jpg\" width=\"300\" height=\"224\" srcset=\"https:\/\/kylat.ekarjala.fi\/vainikkala\/wp-content\/uploads\/sites\/36\/2013\/12\/hiihtomaa4-300x224.jpg 300w, https:\/\/kylat.ekarjala.fi\/vainikkala\/wp-content\/uploads\/sites\/36\/2013\/12\/hiihtomaa4.jpg 448w\" sizes=\"auto, (max-width: 300px) 100vw, 300px\" \/><\/a><p id=\"caption-attachment-773\" class=\"wp-caption-text\">Hakkuun j\u00e4ljelt\u00e4 j\u00e4\u00e4neet risut poistettiin talkoilla. Puiden kannot jyrsittiin konevoimalla maan pinnan tasalle<\/p><\/div>\n<div id=\"attachment_774\" style=\"width: 310px\" class=\"wp-caption alignnone\"><a href=\"https:\/\/kylat.ekarjala.fi\/vainikkala\/wp-content\/uploads\/sites\/36\/2013\/12\/hiihtomaa5.jpg\"><img loading=\"lazy\" decoding=\"async\" aria-describedby=\"caption-attachment-774\" class=\"size-medium wp-image-774\" alt=\"Alueelta ker\u00e4tyist\u00e4 risuista ja kannoista kertyi iso kasa\" src=\"https:\/\/kylat.ekarjala.fi\/vainikkala\/wp-content\/uploads\/sites\/36\/2013\/12\/hiihtomaa5-300x224.jpg\" width=\"300\" height=\"224\" srcset=\"https:\/\/kylat.ekarjala.fi\/vainikkala\/wp-content\/uploads\/sites\/36\/2013\/12\/hiihtomaa5-300x224.jpg 300w, https:\/\/kylat.ekarjala.fi\/vainikkala\/wp-content\/uploads\/sites\/36\/2013\/12\/hiihtomaa5.jpg 448w\" sizes=\"auto, (max-width: 300px) 100vw, 300px\" \/><\/a><p id=\"caption-attachment-774\" class=\"wp-caption-text\">Alueelta ker\u00e4tyist\u00e4 risuista ja kannoista kertyi iso kasa<\/p><\/div>\n<div id=\"attachment_775\" style=\"width: 310px\" class=\"wp-caption alignnone\"><a href=\"https:\/\/kylat.ekarjala.fi\/vainikkala\/wp-content\/uploads\/sites\/36\/2013\/12\/hiihtomaa6.jpg\"><img loading=\"lazy\" decoding=\"async\" aria-describedby=\"caption-attachment-775\" class=\"size-medium wp-image-775\" alt=\"Syksyll\u00e4 2007 m\u00e4en p\u00e4\u00e4lle ilmestyi rakennuksen runko\" src=\"https:\/\/kylat.ekarjala.fi\/vainikkala\/wp-content\/uploads\/sites\/36\/2013\/12\/hiihtomaa6-300x224.jpg\" width=\"300\" height=\"224\" srcset=\"https:\/\/kylat.ekarjala.fi\/vainikkala\/wp-content\/uploads\/sites\/36\/2013\/12\/hiihtomaa6-300x224.jpg 300w, https:\/\/kylat.ekarjala.fi\/vainikkala\/wp-content\/uploads\/sites\/36\/2013\/12\/hiihtomaa6.jpg 448w\" sizes=\"auto, (max-width: 300px) 100vw, 300px\" \/><\/a><p id=\"caption-attachment-775\" class=\"wp-caption-text\">Syksyll\u00e4 2007 m\u00e4en p\u00e4\u00e4lle ilmestyi rakennuksen runko<\/p><\/div>\n<div id=\"attachment_776\" style=\"width: 310px\" class=\"wp-caption alignnone\"><a href=\"https:\/\/kylat.ekarjala.fi\/vainikkala\/wp-content\/uploads\/sites\/36\/2013\/12\/hiihtomaa7.jpg\"><img loading=\"lazy\" decoding=\"async\" aria-describedby=\"caption-attachment-776\" class=\"size-medium wp-image-776\" alt=\"L\u00e4helt\u00e4 katsoen se n\u00e4ytti t\u00e4lt\u00e4....\" src=\"https:\/\/kylat.ekarjala.fi\/vainikkala\/wp-content\/uploads\/sites\/36\/2013\/12\/hiihtomaa7-300x224.jpg\" width=\"300\" height=\"224\" srcset=\"https:\/\/kylat.ekarjala.fi\/vainikkala\/wp-content\/uploads\/sites\/36\/2013\/12\/hiihtomaa7-300x224.jpg 300w, https:\/\/kylat.ekarjala.fi\/vainikkala\/wp-content\/uploads\/sites\/36\/2013\/12\/hiihtomaa7.jpg 448w\" sizes=\"auto, (max-width: 300px) 100vw, 300px\" \/><\/a><p id=\"caption-attachment-776\" class=\"wp-caption-text\">L\u00e4helt\u00e4 katsoen se n\u00e4ytti t\u00e4lt\u00e4&#8230;.<\/p><\/div>\n<div id=\"attachment_777\" style=\"width: 310px\" class=\"wp-caption alignnone\"><a href=\"https:\/\/kylat.ekarjala.fi\/vainikkala\/wp-content\/uploads\/sites\/36\/2013\/12\/hiihtomaa8.jpg\"><img loading=\"lazy\" decoding=\"async\" aria-describedby=\"caption-attachment-777\" class=\"size-medium wp-image-777\" alt=\"Kyseess\u00e4 on &quot;hiihtomaja&quot; johon rakennetan ruokokatto\" src=\"https:\/\/kylat.ekarjala.fi\/vainikkala\/wp-content\/uploads\/sites\/36\/2013\/12\/hiihtomaa8-300x224.jpg\" width=\"300\" height=\"224\" srcset=\"https:\/\/kylat.ekarjala.fi\/vainikkala\/wp-content\/uploads\/sites\/36\/2013\/12\/hiihtomaa8-300x224.jpg 300w, https:\/\/kylat.ekarjala.fi\/vainikkala\/wp-content\/uploads\/sites\/36\/2013\/12\/hiihtomaa8.jpg 448w\" sizes=\"auto, (max-width: 300px) 100vw, 300px\" \/><\/a><p id=\"caption-attachment-777\" class=\"wp-caption-text\">Kyseess\u00e4 on &#8221;hiihtomaja&#8221; johon rakennetan ruokokatto<\/p><\/div>\n<div id=\"attachment_778\" style=\"width: 310px\" class=\"wp-caption alignnone\"><a href=\"https:\/\/kylat.ekarjala.fi\/vainikkala\/wp-content\/uploads\/sites\/36\/2013\/12\/hiihtomaa9.jpg\"><img loading=\"lazy\" decoding=\"async\" aria-describedby=\"caption-attachment-778\" class=\"size-medium wp-image-778\" alt=\"Majasta tulee l\u00e4pihiihdettev\u00e4, eli sen p\u00e4\u00e4tysein\u00e4t ovat auki. \" src=\"https:\/\/kylat.ekarjala.fi\/vainikkala\/wp-content\/uploads\/sites\/36\/2013\/12\/hiihtomaa9-300x224.jpg\" width=\"300\" height=\"224\" srcset=\"https:\/\/kylat.ekarjala.fi\/vainikkala\/wp-content\/uploads\/sites\/36\/2013\/12\/hiihtomaa9-300x224.jpg 300w, https:\/\/kylat.ekarjala.fi\/vainikkala\/wp-content\/uploads\/sites\/36\/2013\/12\/hiihtomaa9.jpg 448w\" sizes=\"auto, (max-width: 300px) 100vw, 300px\" \/><\/a><p id=\"caption-attachment-778\" class=\"wp-caption-text\">Majasta tulee l\u00e4pihiihdettev\u00e4, eli sen p\u00e4\u00e4tysein\u00e4t ovat auki.<\/p><\/div>\n<div id=\"attachment_779\" style=\"width: 310px\" class=\"wp-caption alignnone\"><a href=\"https:\/\/kylat.ekarjala.fi\/vainikkala\/wp-content\/uploads\/sites\/36\/2013\/12\/hiihtomaa10.jpg\"><img loading=\"lazy\" decoding=\"async\" aria-describedby=\"caption-attachment-779\" class=\"size-medium wp-image-779\" alt=\"Helmikuussa 2008. Lunta odotetaan, ja kattoa majalle...\" src=\"https:\/\/kylat.ekarjala.fi\/vainikkala\/wp-content\/uploads\/sites\/36\/2013\/12\/hiihtomaa10-300x224.jpg\" width=\"300\" height=\"224\" srcset=\"https:\/\/kylat.ekarjala.fi\/vainikkala\/wp-content\/uploads\/sites\/36\/2013\/12\/hiihtomaa10-300x224.jpg 300w, https:\/\/kylat.ekarjala.fi\/vainikkala\/wp-content\/uploads\/sites\/36\/2013\/12\/hiihtomaa10.jpg 448w\" sizes=\"auto, (max-width: 300px) 100vw, 300px\" \/><\/a><p id=\"caption-attachment-779\" class=\"wp-caption-text\">Helmikuussa 2008. Lunta odotetaan, ja kattoa majalle&#8230;<\/p><\/div>\n<div id=\"attachment_780\" style=\"width: 310px\" class=\"wp-caption alignnone\"><a href=\"https:\/\/kylat.ekarjala.fi\/vainikkala\/wp-content\/uploads\/sites\/36\/2013\/12\/hiihtomaa11.jpg\"><img loading=\"lazy\" decoding=\"async\" aria-describedby=\"caption-attachment-780\" class=\"size-medium wp-image-780\" alt=\"Telkj\u00e4rven ruovikko odottaa talkoov\u00e4ke\u00e4 maaliskuun alussa 2008. Ruoko on varsin hyv\u00e4laatuista. Edellisen\u00e4 talvena ruo'on saatavuus Suomessa ja Virossa oli eritt\u00e4in huono. Ruovikot lakoontuivat m\u00e4r\u00e4n lumen alla.\" src=\"https:\/\/kylat.ekarjala.fi\/vainikkala\/wp-content\/uploads\/sites\/36\/2013\/12\/hiihtomaa11-300x224.jpg\" width=\"300\" height=\"224\" srcset=\"https:\/\/kylat.ekarjala.fi\/vainikkala\/wp-content\/uploads\/sites\/36\/2013\/12\/hiihtomaa11-300x224.jpg 300w, https:\/\/kylat.ekarjala.fi\/vainikkala\/wp-content\/uploads\/sites\/36\/2013\/12\/hiihtomaa11.jpg 448w\" sizes=\"auto, (max-width: 300px) 100vw, 300px\" \/><\/a><p id=\"caption-attachment-780\" class=\"wp-caption-text\">Telkj\u00e4rven ruovikko odottaa talkoov\u00e4ke\u00e4 maaliskuun alussa 2008. Ruoko on varsin hyv\u00e4laatuista. Edellisen\u00e4 talvena ruo&#8217;on saatavuus Suomessa ja Virossa oli eritt\u00e4in huono. Ruovikot lakoontuivat m\u00e4r\u00e4n lumen alla.<\/p><\/div>\n<div id=\"attachment_781\" style=\"width: 310px\" class=\"wp-caption alignnone\"><a href=\"https:\/\/kylat.ekarjala.fi\/vainikkala\/wp-content\/uploads\/sites\/36\/2013\/12\/hiihtomaa12.jpg\"><img loading=\"lazy\" decoding=\"async\" aria-describedby=\"caption-attachment-781\" class=\"size-medium wp-image-781\" alt=\"Katon harjalle asennettavat malat tehtiin nuorista haavoista. Haavat kaadettiin huhtikuun alussa ja ne kuorittiin.\" src=\"https:\/\/kylat.ekarjala.fi\/vainikkala\/wp-content\/uploads\/sites\/36\/2013\/12\/hiihtomaa12-300x224.jpg\" width=\"300\" height=\"224\" srcset=\"https:\/\/kylat.ekarjala.fi\/vainikkala\/wp-content\/uploads\/sites\/36\/2013\/12\/hiihtomaa12-300x224.jpg 300w, https:\/\/kylat.ekarjala.fi\/vainikkala\/wp-content\/uploads\/sites\/36\/2013\/12\/hiihtomaa12.jpg 448w\" sizes=\"auto, (max-width: 300px) 100vw, 300px\" \/><\/a><p id=\"caption-attachment-781\" class=\"wp-caption-text\">Katon harjalle asennettavat malat tehtiin nuorista haavoista. Haavat kaadettiin huhtikuun alussa ja ne kuorittiin.<\/p><\/div>\n<div id=\"attachment_782\" style=\"width: 310px\" class=\"wp-caption alignnone\"><a href=\"https:\/\/kylat.ekarjala.fi\/vainikkala\/wp-content\/uploads\/sites\/36\/2013\/12\/hiihtomaa13.jpg\"><img loading=\"lazy\" decoding=\"async\" aria-describedby=\"caption-attachment-782\" class=\"size-medium wp-image-782\" alt=\"Hiihtomajalle sopivan malan pituus on 150 cm. Yl\u00e4p\u00e4\u00e4t vuoltiin ter\u00e4viksi\" src=\"https:\/\/kylat.ekarjala.fi\/vainikkala\/wp-content\/uploads\/sites\/36\/2013\/12\/hiihtomaa13-300x224.jpg\" width=\"300\" height=\"224\" srcset=\"https:\/\/kylat.ekarjala.fi\/vainikkala\/wp-content\/uploads\/sites\/36\/2013\/12\/hiihtomaa13-300x224.jpg 300w, https:\/\/kylat.ekarjala.fi\/vainikkala\/wp-content\/uploads\/sites\/36\/2013\/12\/hiihtomaa13.jpg 448w\" sizes=\"auto, (max-width: 300px) 100vw, 300px\" \/><\/a><p id=\"caption-attachment-782\" class=\"wp-caption-text\">Hiihtomajalle sopivan malan pituus on 150 cm. Yl\u00e4p\u00e4\u00e4t vuoltiin ter\u00e4viksi<\/p><\/div>\n<div id=\"attachment_783\" style=\"width: 310px\" class=\"wp-caption alignnone\"><a href=\"https:\/\/kylat.ekarjala.fi\/vainikkala\/wp-content\/uploads\/sites\/36\/2013\/12\/hiihtomaa16.jpg\"><img loading=\"lazy\" decoding=\"async\" aria-describedby=\"caption-attachment-783\" class=\"size-medium wp-image-783\" alt=\"Majan sein\u00e4t laudoitettiin 15.4.2008\" src=\"https:\/\/kylat.ekarjala.fi\/vainikkala\/wp-content\/uploads\/sites\/36\/2013\/12\/hiihtomaa16-300x224.jpg\" width=\"300\" height=\"224\" srcset=\"https:\/\/kylat.ekarjala.fi\/vainikkala\/wp-content\/uploads\/sites\/36\/2013\/12\/hiihtomaa16-300x224.jpg 300w, https:\/\/kylat.ekarjala.fi\/vainikkala\/wp-content\/uploads\/sites\/36\/2013\/12\/hiihtomaa16.jpg 448w\" sizes=\"auto, (max-width: 300px) 100vw, 300px\" \/><\/a><p id=\"caption-attachment-783\" class=\"wp-caption-text\">Majan sein\u00e4t laudoitettiin 15.4.2008<\/p><\/div>\n<div id=\"attachment_784\" style=\"width: 310px\" class=\"wp-caption alignnone\"><a href=\"https:\/\/kylat.ekarjala.fi\/vainikkala\/wp-content\/uploads\/sites\/36\/2013\/12\/hiihtomaa17.jpg\"><img loading=\"lazy\" decoding=\"async\" aria-describedby=\"caption-attachment-784\" class=\"size-medium wp-image-784\" alt=\"Laudoitettu maja huhtikuun ilta-auringon punertaessa sein\u00e4t. Tervaus puuttuu viel\u00e4.\" src=\"https:\/\/kylat.ekarjala.fi\/vainikkala\/wp-content\/uploads\/sites\/36\/2013\/12\/hiihtomaa17-300x224.jpg\" width=\"300\" height=\"224\" srcset=\"https:\/\/kylat.ekarjala.fi\/vainikkala\/wp-content\/uploads\/sites\/36\/2013\/12\/hiihtomaa17-300x224.jpg 300w, https:\/\/kylat.ekarjala.fi\/vainikkala\/wp-content\/uploads\/sites\/36\/2013\/12\/hiihtomaa17.jpg 448w\" sizes=\"auto, (max-width: 300px) 100vw, 300px\" \/><\/a><p id=\"caption-attachment-784\" class=\"wp-caption-text\">Laudoitettu maja huhtikuun ilta-auringon punertaessa sein\u00e4t. Tervaus puuttuu viel\u00e4.<\/p><\/div>\n<div id=\"attachment_785\" style=\"width: 310px\" class=\"wp-caption alignnone\"><a href=\"https:\/\/kylat.ekarjala.fi\/vainikkala\/wp-content\/uploads\/sites\/36\/2013\/12\/hiihtomaa18.jpg\"><img loading=\"lazy\" decoding=\"async\" aria-describedby=\"caption-attachment-785\" class=\"size-medium wp-image-785\" alt=\"Ruokoniput saatiin ker\u00e4ysvaiheessa l\u00e4hes kattovalmiiksi. Tarvittiiin vain pieni perkausurakka varastopaikassa\" src=\"https:\/\/kylat.ekarjala.fi\/vainikkala\/wp-content\/uploads\/sites\/36\/2013\/12\/hiihtomaa18-300x224.jpg\" width=\"300\" height=\"224\" srcset=\"https:\/\/kylat.ekarjala.fi\/vainikkala\/wp-content\/uploads\/sites\/36\/2013\/12\/hiihtomaa18-300x224.jpg 300w, https:\/\/kylat.ekarjala.fi\/vainikkala\/wp-content\/uploads\/sites\/36\/2013\/12\/hiihtomaa18.jpg 448w\" sizes=\"auto, (max-width: 300px) 100vw, 300px\" \/><\/a><p id=\"caption-attachment-785\" class=\"wp-caption-text\">Ruokoniput saatiin ker\u00e4ysvaiheessa l\u00e4hes kattovalmiiksi. Tarvittiiin vain pieni perkausurakka varastopaikassa<\/p><\/div>\n<div id=\"attachment_786\" style=\"width: 310px\" class=\"wp-caption alignnone\"><a href=\"https:\/\/kylat.ekarjala.fi\/vainikkala\/wp-content\/uploads\/sites\/36\/2013\/12\/hiihtomaa19.jpg\"><img loading=\"lazy\" decoding=\"async\" aria-describedby=\"caption-attachment-786\" class=\"size-medium wp-image-786\" alt=\"Majan sein\u00e4t tervattiin\" src=\"https:\/\/kylat.ekarjala.fi\/vainikkala\/wp-content\/uploads\/sites\/36\/2013\/12\/hiihtomaa19-300x224.jpg\" width=\"300\" height=\"224\" srcset=\"https:\/\/kylat.ekarjala.fi\/vainikkala\/wp-content\/uploads\/sites\/36\/2013\/12\/hiihtomaa19-300x224.jpg 300w, https:\/\/kylat.ekarjala.fi\/vainikkala\/wp-content\/uploads\/sites\/36\/2013\/12\/hiihtomaa19.jpg 448w\" sizes=\"auto, (max-width: 300px) 100vw, 300px\" \/><\/a><p id=\"caption-attachment-786\" class=\"wp-caption-text\">Majan sein\u00e4t tervattiin<\/p><\/div>\n<div id=\"attachment_787\" style=\"width: 310px\" class=\"wp-caption alignnone\"><a href=\"https:\/\/kylat.ekarjala.fi\/vainikkala\/wp-content\/uploads\/sites\/36\/2013\/12\/hiihtomaa20.jpg\"><img loading=\"lazy\" decoding=\"async\" aria-describedby=\"caption-attachment-787\" class=\"size-medium wp-image-787\" alt=\"Ruokoniput ajettiin rakennuspaikalle. Samoihin aikoihin saapui t\u00e4yteen kuormattu ruokorekka Viron Hiidenmaalta. Hanke osti rekkakuormasta 100 nippua hiihtomajan r\u00e4yst\u00e4isiin\" src=\"https:\/\/kylat.ekarjala.fi\/vainikkala\/wp-content\/uploads\/sites\/36\/2013\/12\/hiihtomaa20-300x224.jpg\" width=\"300\" height=\"224\" srcset=\"https:\/\/kylat.ekarjala.fi\/vainikkala\/wp-content\/uploads\/sites\/36\/2013\/12\/hiihtomaa20-300x224.jpg 300w, https:\/\/kylat.ekarjala.fi\/vainikkala\/wp-content\/uploads\/sites\/36\/2013\/12\/hiihtomaa20.jpg 448w\" sizes=\"auto, (max-width: 300px) 100vw, 300px\" \/><\/a><p id=\"caption-attachment-787\" class=\"wp-caption-text\">Ruokoniput ajettiin rakennuspaikalle. Samoihin aikoihin saapui t\u00e4yteen kuormattu ruokorekka Viron Hiidenmaalta. Hanke osti rekkakuormasta 100 nippua hiihtomajan r\u00e4yst\u00e4isiin<\/p><\/div>\n<div id=\"attachment_788\" style=\"width: 310px\" class=\"wp-caption alignnone\"><a href=\"https:\/\/kylat.ekarjala.fi\/vainikkala\/wp-content\/uploads\/sites\/36\/2013\/12\/hiihtomaa21.jpg\"><img loading=\"lazy\" decoding=\"async\" aria-describedby=\"caption-attachment-788\" class=\"size-medium wp-image-788\" alt=\"Koulutukseen osallistui yhdeks\u00e4n ruokorakentamisesta kinnostunutta henkil\u00f6\u00e4. Kaukaisimmat heist\u00e4 saapuivat Salosta, Pieks\u00e4m\u00e4elt\u00e4 ja Jyv\u00e4skyl\u00e4st\u00e4.\" src=\"https:\/\/kylat.ekarjala.fi\/vainikkala\/wp-content\/uploads\/sites\/36\/2013\/12\/hiihtomaa21-300x224.jpg\" width=\"300\" height=\"224\" srcset=\"https:\/\/kylat.ekarjala.fi\/vainikkala\/wp-content\/uploads\/sites\/36\/2013\/12\/hiihtomaa21-300x224.jpg 300w, https:\/\/kylat.ekarjala.fi\/vainikkala\/wp-content\/uploads\/sites\/36\/2013\/12\/hiihtomaa21.jpg 448w\" sizes=\"auto, (max-width: 300px) 100vw, 300px\" \/><\/a><p id=\"caption-attachment-788\" class=\"wp-caption-text\">Koulutukseen osallistui yhdeks\u00e4n ruokorakentamisesta kinnostunutta henkil\u00f6\u00e4. Kaukaisimmat heist\u00e4 saapuivat Salosta, Pieks\u00e4m\u00e4elt\u00e4 ja Jyv\u00e4skyl\u00e4st\u00e4.<\/p><\/div>\n<div id=\"attachment_789\" style=\"width: 310px\" class=\"wp-caption alignnone\"><a href=\"https:\/\/kylat.ekarjala.fi\/vainikkala\/wp-content\/uploads\/sites\/36\/2013\/12\/hiihtomaa22.jpg\"><img loading=\"lazy\" decoding=\"async\" aria-describedby=\"caption-attachment-789\" class=\"size-medium wp-image-789\" alt=\"Katto valmistui sunnuntaina 29.6.2008. \" src=\"https:\/\/kylat.ekarjala.fi\/vainikkala\/wp-content\/uploads\/sites\/36\/2013\/12\/hiihtomaa22-300x224.jpg\" width=\"300\" height=\"224\" srcset=\"https:\/\/kylat.ekarjala.fi\/vainikkala\/wp-content\/uploads\/sites\/36\/2013\/12\/hiihtomaa22-300x224.jpg 300w, https:\/\/kylat.ekarjala.fi\/vainikkala\/wp-content\/uploads\/sites\/36\/2013\/12\/hiihtomaa22.jpg 448w\" sizes=\"auto, (max-width: 300px) 100vw, 300px\" \/><\/a><p id=\"caption-attachment-789\" class=\"wp-caption-text\">Katto valmistui sunnuntaina 29.6.2008.<\/p><\/div>\n<div id=\"attachment_790\" style=\"width: 310px\" class=\"wp-caption alignnone\"><a href=\"https:\/\/kylat.ekarjala.fi\/vainikkala\/wp-content\/uploads\/sites\/36\/2013\/12\/hiihtomaa23.jpg\"><img loading=\"lazy\" decoding=\"async\" aria-describedby=\"caption-attachment-790\" class=\"size-medium wp-image-790\" alt=\"Katto saatiin valmiiksi kahden koulutusp\u00e4iv\u00e4n aikana.\" src=\"https:\/\/kylat.ekarjala.fi\/vainikkala\/wp-content\/uploads\/sites\/36\/2013\/12\/hiihtomaa23-300x224.jpg\" width=\"300\" height=\"224\" srcset=\"https:\/\/kylat.ekarjala.fi\/vainikkala\/wp-content\/uploads\/sites\/36\/2013\/12\/hiihtomaa23-300x224.jpg 300w, https:\/\/kylat.ekarjala.fi\/vainikkala\/wp-content\/uploads\/sites\/36\/2013\/12\/hiihtomaa23.jpg 448w\" sizes=\"auto, (max-width: 300px) 100vw, 300px\" \/><\/a><p id=\"caption-attachment-790\" class=\"wp-caption-text\">Katto saatiin valmiiksi kahden koulutusp\u00e4iv\u00e4n aikana.<\/p><\/div>\n<div id=\"attachment_791\" style=\"width: 310px\" class=\"wp-caption alignnone\"><a href=\"https:\/\/kylat.ekarjala.fi\/vainikkala\/wp-content\/uploads\/sites\/36\/2013\/12\/hiihtomaa24.jpg\"><img loading=\"lazy\" decoding=\"async\" aria-describedby=\"caption-attachment-791\" class=\"size-medium wp-image-791\" alt=\"Hiihtomaja syyskuun viimeisen\u00e4 viikonloppuna vuonna 2008\" src=\"https:\/\/kylat.ekarjala.fi\/vainikkala\/wp-content\/uploads\/sites\/36\/2013\/12\/hiihtomaa24-300x224.jpg\" width=\"300\" height=\"224\" srcset=\"https:\/\/kylat.ekarjala.fi\/vainikkala\/wp-content\/uploads\/sites\/36\/2013\/12\/hiihtomaa24-300x224.jpg 300w, https:\/\/kylat.ekarjala.fi\/vainikkala\/wp-content\/uploads\/sites\/36\/2013\/12\/hiihtomaa24.jpg 448w\" sizes=\"auto, (max-width: 300px) 100vw, 300px\" \/><\/a><p id=\"caption-attachment-791\" class=\"wp-caption-text\">Hiihtomaja syyskuun viimeisen\u00e4 viikonloppuna vuonna 2008<\/p><\/div>\n<div id=\"attachment_792\" style=\"width: 310px\" class=\"wp-caption alignnone\"><a href=\"https:\/\/kylat.ekarjala.fi\/vainikkala\/wp-content\/uploads\/sites\/36\/2013\/12\/hiihtomaa25.jpg\"><img loading=\"lazy\" decoding=\"async\" aria-describedby=\"caption-attachment-792\" class=\"size-medium wp-image-792\" alt=\"Aamuy\u00f6n rankka sade pystyi kastelemaan vain katon pintakerroksen. Hiihtomajan sijainti aurinkoisella ja tuulisella paikalla on ruokokaton kannalta ihanteellinen. Kastunut pinta kuivuu nopeasti.\" src=\"https:\/\/kylat.ekarjala.fi\/vainikkala\/wp-content\/uploads\/sites\/36\/2013\/12\/hiihtomaa25-300x224.jpg\" width=\"300\" height=\"224\" srcset=\"https:\/\/kylat.ekarjala.fi\/vainikkala\/wp-content\/uploads\/sites\/36\/2013\/12\/hiihtomaa25-300x224.jpg 300w, https:\/\/kylat.ekarjala.fi\/vainikkala\/wp-content\/uploads\/sites\/36\/2013\/12\/hiihtomaa25.jpg 448w\" sizes=\"auto, (max-width: 300px) 100vw, 300px\" \/><\/a><p id=\"caption-attachment-792\" class=\"wp-caption-text\">Aamuy\u00f6n rankka sade pystyi kastelemaan vain katon pintakerroksen. Hiihtomajan sijainti aurinkoisella ja tuulisella paikalla on ruokokaton kannalta ihanteellinen. Kastunut pinta kuivuu nopeasti.<\/p><\/div>\n","protected":false},"excerpt":{"rendered":"<p>Kun VVVJ-hankesuunnitelmaa oltiin laatimassa, Vainikkalan urheilukeskuksen vieress\u00e4 olevalla yksityisen omistamalla mets\u00e4palstalla\u00a0toteutettiin avohakkuu. Sen alta paljastui rinne joka synnytti mainion idean: Puustosta vapautunut rinne aivan Vainikkalan valaistun ladun tuntumassa on mit\u00e4 ihanteellisin lasten, ja mikseip\u00e4 my\u00f6s aikuisten m\u00e4enlaskuharrastuksiin suksilla, pulkilla sek\u00e4 &hellip; <a href=\"https:\/\/kylat.ekarjala.fi\/vainikkala\/kylainfo\/kylahanke-2005-2008\/kohteet-2\/hippo-hiihtomaa\/\">Lue loppuun <span class=\"meta-nav\">&rarr;<\/span><\/a><\/p>\n","protected":false},"author":80,"featured_media":0,"parent":766,"menu_order":0,"comment_status":"open","ping_status":"closed","template":"","meta":{"footnotes":""},"class_list":["post-772","page","type-page","status-publish","hentry"],"_links":{"self":[{"href":"https:\/\/kylat.ekarjala.fi\/vainikkala\/wp-json\/wp\/v2\/pages\/772","targetHints":{"allow":["GET"]}}],"collection":[{"href":"https:\/\/kylat.ekarjala.fi\/vainikkala\/wp-json\/wp\/v2\/pages"}],"about":[{"href":"https:\/\/kylat.ekarjala.fi\/vainikkala\/wp-json\/wp\/v2\/types\/page"}],"author":[{"embeddable":true,"href":"https:\/\/kylat.ekarjala.fi\/vainikkala\/wp-json\/wp\/v2\/users\/80"}],"replies":[{"embeddable":true,"href":"https:\/\/kylat.ekarjala.fi\/vainikkala\/wp-json\/wp\/v2\/comments?post=772"}],"version-history":[{"count":1,"href":"https:\/\/kylat.ekarjala.fi\/vainikkala\/wp-json\/wp\/v2\/pages\/772\/revisions"}],"predecessor-version":[{"id":793,"href":"https:\/\/kylat.ekarjala.fi\/vainikkala\/wp-json\/wp\/v2\/pages\/772\/revisions\/793"}],"up":[{"embeddable":true,"href":"https:\/\/kylat.ekarjala.fi\/vainikkala\/wp-json\/wp\/v2\/pages\/766"}],"wp:attachment":[{"href":"https:\/\/kylat.ekarjala.fi\/vainikkala\/wp-json\/wp\/v2\/media?parent=772"}],"curies":[{"name":"wp","href":"https:\/\/api.w.org\/{rel}","templated":true}]}}