{"id":82,"date":"2012-01-18T11:11:27","date_gmt":"2012-01-18T11:41:27","guid":{"rendered":"https:\/\/kylat.ekarjala.fi\/vainikkala\/?page_id=82"},"modified":"2012-01-18T11:11:27","modified_gmt":"2012-01-18T11:41:27","slug":"kausi-2005","status":"publish","type":"page","link":"https:\/\/kylat.ekarjala.fi\/vainikkala\/harrastukset\/teatteri\/kausi-2005\/","title":{"rendered":"Kausi 2005"},"content":{"rendered":"<p><a href=\"https:\/\/kylat.ekarjala.fi\/vainikkala\/wp-content\/uploads\/sites\/36\/2012\/01\/01.jpg\"><img loading=\"lazy\" decoding=\"async\" class=\"aligncenter size-full wp-image-83\" src=\"https:\/\/kylat.ekarjala.fi\/vainikkala\/wp-content\/uploads\/sites\/36\/2012\/01\/01.jpg\" alt=\"\" width=\"316\" height=\"448\" \/><\/a><\/p>\n<p>Syksyll\u00e4 2005 Vainikkalan uudessa kes\u00e4teatterissa esitettiin Helena Anttosen ja Teija Hiivan k\u00e4sikirjoittama pienoisn\u00e4ytelm\u00e4 <strong>Kurimon l\u00e4ksi\u00e4iset.<\/strong><\/p>\n<p style=\"text-align: center\">Henkil\u00f6t<\/p>\n<div id=\"attachment_85\" style=\"width: 346px\" class=\"wp-caption aligncenter\"><a href=\"https:\/\/kylat.ekarjala.fi\/vainikkala\/wp-content\/uploads\/sites\/36\/2012\/01\/12.jpg\"><img loading=\"lazy\" decoding=\"async\" aria-describedby=\"caption-attachment-85\" class=\"size-full wp-image-85\" src=\"https:\/\/kylat.ekarjala.fi\/vainikkala\/wp-content\/uploads\/sites\/36\/2012\/01\/12.jpg\" alt=\"\" width=\"336\" height=\"448\" \/><\/a><p id=\"caption-attachment-85\" class=\"wp-caption-text\">Kurimo-Jorma Taipale<\/p><\/div>\n<div id=\"attachment_86\" style=\"width: 346px\" class=\"wp-caption aligncenter\"><a href=\"https:\/\/kylat.ekarjala.fi\/vainikkala\/wp-content\/uploads\/sites\/36\/2012\/01\/22.jpg\"><img loading=\"lazy\" decoding=\"async\" aria-describedby=\"caption-attachment-86\" class=\"size-full wp-image-86\" src=\"https:\/\/kylat.ekarjala.fi\/vainikkala\/wp-content\/uploads\/sites\/36\/2012\/01\/22.jpg\" alt=\"\" width=\"336\" height=\"448\" \/><\/a><p id=\"caption-attachment-86\" class=\"wp-caption-text\"> Maila ja Annikki - Jaana Rikkinen ja Teija Hiiva<\/p><\/div>\n<div id=\"attachment_87\" style=\"width: 346px\" class=\"wp-caption aligncenter\"><a href=\"https:\/\/kylat.ekarjala.fi\/vainikkala\/wp-content\/uploads\/sites\/36\/2012\/01\/32.jpg\"><img loading=\"lazy\" decoding=\"async\" aria-describedby=\"caption-attachment-87\" class=\"size-full wp-image-87\" src=\"https:\/\/kylat.ekarjala.fi\/vainikkala\/wp-content\/uploads\/sites\/36\/2012\/01\/32.jpg\" alt=\"\" width=\"336\" height=\"448\" \/><\/a><p id=\"caption-attachment-87\" class=\"wp-caption-text\">Passipoliisi Ahvonen - Sauli Vainikka<\/p><\/div>\n<div id=\"attachment_88\" style=\"width: 370px\" class=\"wp-caption aligncenter\"><a href=\"https:\/\/kylat.ekarjala.fi\/vainikkala\/wp-content\/uploads\/sites\/36\/2012\/01\/42.jpg\"><img loading=\"lazy\" decoding=\"async\" aria-describedby=\"caption-attachment-88\" class=\"size-full wp-image-88\" src=\"https:\/\/kylat.ekarjala.fi\/vainikkala\/wp-content\/uploads\/sites\/36\/2012\/01\/42.jpg\" alt=\"\" width=\"360\" height=\"480\" \/><\/a><p id=\"caption-attachment-88\" class=\"wp-caption-text\">Opettaja Lyyli - Hilkka Saareks-Horppila<\/p><\/div>\n<div id=\"attachment_89\" style=\"width: 370px\" class=\"wp-caption aligncenter\"><a href=\"https:\/\/kylat.ekarjala.fi\/vainikkala\/wp-content\/uploads\/sites\/36\/2012\/01\/52.jpg\"><img loading=\"lazy\" decoding=\"async\" aria-describedby=\"caption-attachment-89\" class=\"size-full wp-image-89\" src=\"https:\/\/kylat.ekarjala.fi\/vainikkala\/wp-content\/uploads\/sites\/36\/2012\/01\/52.jpg\" alt=\"\" width=\"360\" height=\"480\" \/><\/a><p id=\"caption-attachment-89\" class=\"wp-caption-text\">Ven\u00e4l\u00e4inen junamies Igor - Teppo Suhonen<\/p><\/div>\n<div id=\"attachment_90\" style=\"width: 346px\" class=\"wp-caption aligncenter\"><a href=\"https:\/\/kylat.ekarjala.fi\/vainikkala\/wp-content\/uploads\/sites\/36\/2012\/01\/62.jpg\"><img loading=\"lazy\" decoding=\"async\" aria-describedby=\"caption-attachment-90\" class=\"size-full wp-image-90\" src=\"https:\/\/kylat.ekarjala.fi\/vainikkala\/wp-content\/uploads\/sites\/36\/2012\/01\/62.jpg\" alt=\"\" width=\"336\" height=\"448\" \/><\/a><p id=\"caption-attachment-90\" class=\"wp-caption-text\">Kahvilaem\u00e4nt\u00e4 Helli - Jaana K\u00e4lvi\u00e4inen<\/p><\/div>\n<div id=\"attachment_91\" style=\"width: 346px\" class=\"wp-caption aligncenter\"><a href=\"https:\/\/kylat.ekarjala.fi\/vainikkala\/wp-content\/uploads\/sites\/36\/2012\/01\/72.jpg\"><img loading=\"lazy\" decoding=\"async\" aria-describedby=\"caption-attachment-91\" class=\"size-full wp-image-91\" src=\"https:\/\/kylat.ekarjala.fi\/vainikkala\/wp-content\/uploads\/sites\/36\/2012\/01\/72.jpg\" alt=\"\" width=\"336\" height=\"448\" \/><\/a><p id=\"caption-attachment-91\" class=\"wp-caption-text\">Ohjaus ja Em\u00e4nt\u00e4 Meeri Sinkko - Helena Anttonen<\/p><\/div>\n<div id=\"attachment_92\" style=\"width: 458px\" class=\"wp-caption aligncenter\"><a href=\"https:\/\/kylat.ekarjala.fi\/vainikkala\/wp-content\/uploads\/sites\/36\/2012\/01\/82.jpg\"><img loading=\"lazy\" decoding=\"async\" aria-describedby=\"caption-attachment-92\" class=\"size-full wp-image-92\" src=\"https:\/\/kylat.ekarjala.fi\/vainikkala\/wp-content\/uploads\/sites\/36\/2012\/01\/82.jpg\" alt=\"\" width=\"448\" height=\"336\" \/><\/a><p id=\"caption-attachment-92\" class=\"wp-caption-text\">Eero Nurmi, Anna Vainikka, Raili Vainikka<\/p><\/div>\n<div id=\"attachment_93\" style=\"width: 458px\" class=\"wp-caption aligncenter\"><a href=\"https:\/\/kylat.ekarjala.fi\/vainikkala\/wp-content\/uploads\/sites\/36\/2012\/01\/91.jpg\"><img loading=\"lazy\" decoding=\"async\" aria-describedby=\"caption-attachment-93\" class=\"size-full wp-image-93\" src=\"https:\/\/kylat.ekarjala.fi\/vainikkala\/wp-content\/uploads\/sites\/36\/2012\/01\/91.jpg\" alt=\"\" width=\"448\" height=\"336\" \/><\/a><p id=\"caption-attachment-93\" class=\"wp-caption-text\">Kuoromies Pulli ja haitarinsoittaja Okko - Markku Pulli ja Niilo Okko<\/p><\/div>\n","protected":false},"excerpt":{"rendered":"<p>Syksyll\u00e4 2005 Vainikkalan uudessa kes\u00e4teatterissa esitettiin Helena Anttosen ja Teija Hiivan k\u00e4sikirjoittama pienoisn\u00e4ytelm\u00e4 Kurimon l\u00e4ksi\u00e4iset. Henkil\u00f6t<\/p>\n","protected":false},"author":96,"featured_media":0,"parent":55,"menu_order":0,"comment_status":"open","ping_status":"open","template":"","meta":{"footnotes":""},"class_list":["post-82","page","type-page","status-publish","hentry"],"_links":{"self":[{"href":"https:\/\/kylat.ekarjala.fi\/vainikkala\/wp-json\/wp\/v2\/pages\/82","targetHints":{"allow":["GET"]}}],"collection":[{"href":"https:\/\/kylat.ekarjala.fi\/vainikkala\/wp-json\/wp\/v2\/pages"}],"about":[{"href":"https:\/\/kylat.ekarjala.fi\/vainikkala\/wp-json\/wp\/v2\/types\/page"}],"author":[{"embeddable":true,"href":"https:\/\/kylat.ekarjala.fi\/vainikkala\/wp-json\/wp\/v2\/users\/96"}],"replies":[{"embeddable":true,"href":"https:\/\/kylat.ekarjala.fi\/vainikkala\/wp-json\/wp\/v2\/comments?post=82"}],"version-history":[{"count":1,"href":"https:\/\/kylat.ekarjala.fi\/vainikkala\/wp-json\/wp\/v2\/pages\/82\/revisions"}],"predecessor-version":[{"id":95,"href":"https:\/\/kylat.ekarjala.fi\/vainikkala\/wp-json\/wp\/v2\/pages\/82\/revisions\/95"}],"up":[{"embeddable":true,"href":"https:\/\/kylat.ekarjala.fi\/vainikkala\/wp-json\/wp\/v2\/pages\/55"}],"wp:attachment":[{"href":"https:\/\/kylat.ekarjala.fi\/vainikkala\/wp-json\/wp\/v2\/media?parent=82"}],"curies":[{"name":"wp","href":"https:\/\/api.w.org\/{rel}","templated":true}]}}