{"id":825,"date":"2013-12-26T12:20:22","date_gmt":"2013-12-26T12:50:22","guid":{"rendered":"https:\/\/kylat.ekarjala.fi\/vainikkala\/?page_id=825"},"modified":"2013-12-26T12:20:22","modified_gmt":"2013-12-26T12:50:22","slug":"riukuaidat","status":"publish","type":"page","link":"https:\/\/kylat.ekarjala.fi\/vainikkala\/kylainfo\/kylahanke-2005-2008\/kohteet-2\/riukuaidat\/","title":{"rendered":"Riukuaidat"},"content":{"rendered":"<div id=\"attachment_826\" style=\"width: 310px\" class=\"wp-caption alignnone\"><a href=\"https:\/\/kylat.ekarjala.fi\/vainikkala\/wp-content\/uploads\/sites\/36\/2013\/12\/aita1.jpg\"><img loading=\"lazy\" decoding=\"async\" aria-describedby=\"caption-attachment-826\" class=\"size-medium wp-image-826\" alt=\"Riukuaitaa koulun kent\u00e4n reunassa\" src=\"https:\/\/kylat.ekarjala.fi\/vainikkala\/wp-content\/uploads\/sites\/36\/2013\/12\/aita1-300x225.jpg\" width=\"300\" height=\"225\" srcset=\"https:\/\/kylat.ekarjala.fi\/vainikkala\/wp-content\/uploads\/sites\/36\/2013\/12\/aita1-300x225.jpg 300w, https:\/\/kylat.ekarjala.fi\/vainikkala\/wp-content\/uploads\/sites\/36\/2013\/12\/aita1.jpg 800w\" sizes=\"auto, (max-width: 300px) 100vw, 300px\" \/><\/a><p id=\"caption-attachment-826\" class=\"wp-caption-text\">Riukuaitaa koulun kent\u00e4n reunassa<\/p><\/div>\n<p><em>Hyv\u00e4ksytyss\u00e4 ja vahvistetussa hankesuunnitelmassa on m\u00e4\u00e4ritelty seuraavasti:<br \/>\n&#8221;Kohdealueelle rakennetaan kolmeosainen riukuaita siten ett\u00e4 valaistu latu kulkee kahden aidassa olevan ver\u00e4j\u00e4n l\u00e4pi&#8221;<br \/>\nT\u00e4t\u00e4 tavoitetta l\u00e4hdettiin toteuttamaan 12.8.2006 j\u00e4rjestetyss\u00e4 koulutustilaisuudessa johon oli kutsuttu kouluttajaksi Pertti Korhonen Ruokolahdelta. Noin kuuden tunnin mittainen koulutusp\u00e4iv\u00e4 helteisess\u00e4 s\u00e4\u00e4ss\u00e4 onnistui erinomaisesti ja valmista aitaa syntyi kolmisenkymment\u00e4 metri\u00e4. Pieni osa aidasta tehtiin koulutusta seuraavalla viikolla.<\/em><\/p>\n<p>Hieno riukuaita kest\u00e4\u00e4 hyvin Suomen karuja oloja. Viel\u00e4 t\u00e4n\u00e4kin p\u00e4iv\u00e4n\u00e4 on aitaa j\u00e4ljell\u00e4 koulun kent\u00e4n laidalla pieni p\u00e4tk\u00e4.<\/p>\n<p><strong>Riukuaidan rakennushistoriaa kuvina<\/strong><\/p>\n<div id=\"attachment_827\" style=\"width: 310px\" class=\"wp-caption alignnone\"><a href=\"https:\/\/kylat.ekarjala.fi\/vainikkala\/wp-content\/uploads\/sites\/36\/2013\/12\/aita2.jpg\"><img loading=\"lazy\" decoding=\"async\" aria-describedby=\"caption-attachment-827\" class=\"size-medium wp-image-827\" alt=\"Sidonnassa tarvittavat kuusenoksat oli haettava kosteista paikoista koska vallitseva kes\u00e4kausi oli helteinen ja sateeton\" src=\"https:\/\/kylat.ekarjala.fi\/vainikkala\/wp-content\/uploads\/sites\/36\/2013\/12\/aita2-300x224.jpg\" width=\"300\" height=\"224\" srcset=\"https:\/\/kylat.ekarjala.fi\/vainikkala\/wp-content\/uploads\/sites\/36\/2013\/12\/aita2-300x224.jpg 300w, https:\/\/kylat.ekarjala.fi\/vainikkala\/wp-content\/uploads\/sites\/36\/2013\/12\/aita2.jpg 448w\" sizes=\"auto, (max-width: 300px) 100vw, 300px\" \/><\/a><p id=\"caption-attachment-827\" class=\"wp-caption-text\">Sidonnassa tarvittavat kuusenoksat oli haettava kosteista paikoista koska vallitseva kes\u00e4kausi oli helteinen ja sateeton<\/p><\/div>\n<div id=\"attachment_828\" style=\"width: 310px\" class=\"wp-caption alignnone\"><a href=\"https:\/\/kylat.ekarjala.fi\/vainikkala\/wp-content\/uploads\/sites\/36\/2013\/12\/aita3.jpg\"><img loading=\"lazy\" decoding=\"async\" aria-describedby=\"caption-attachment-828\" class=\"size-medium wp-image-828\" alt=\"Ty\u00f6 alkoi suunnittelulla ja materiaaliin tutustumisella. Aidat ovat aina yksil\u00f6it\u00e4. T\u00e4m\u00e4n aidan erikoisuus oli valmiiksi kuoritut riu'ut\" src=\"https:\/\/kylat.ekarjala.fi\/vainikkala\/wp-content\/uploads\/sites\/36\/2013\/12\/aita3-300x224.jpg\" width=\"300\" height=\"224\" srcset=\"https:\/\/kylat.ekarjala.fi\/vainikkala\/wp-content\/uploads\/sites\/36\/2013\/12\/aita3-300x224.jpg 300w, https:\/\/kylat.ekarjala.fi\/vainikkala\/wp-content\/uploads\/sites\/36\/2013\/12\/aita3.jpg 448w\" sizes=\"auto, (max-width: 300px) 100vw, 300px\" \/><\/a><p id=\"caption-attachment-828\" class=\"wp-caption-text\">Ty\u00f6 alkoi suunnittelulla ja materiaaliin tutustumisella. Aidat ovat aina yksil\u00f6it\u00e4. T\u00e4m\u00e4n aidan erikoisuus oli valmiiksi kuoritut riu&#8217;ut<\/p><\/div>\n<div id=\"attachment_829\" style=\"width: 310px\" class=\"wp-caption alignnone\"><a href=\"https:\/\/kylat.ekarjala.fi\/vainikkala\/wp-content\/uploads\/sites\/36\/2013\/12\/aita4.jpg\"><img loading=\"lazy\" decoding=\"async\" aria-describedby=\"caption-attachment-829\" class=\"size-medium wp-image-829\" alt=\"Pystyriukuja varten oli teht\u00e4v\u00e4 kuopat ratakangella. Koulun kent\u00e4n maa oli tiivist\u00e4 ja kovaa\" src=\"https:\/\/kylat.ekarjala.fi\/vainikkala\/wp-content\/uploads\/sites\/36\/2013\/12\/aita4-300x224.jpg\" width=\"300\" height=\"224\" srcset=\"https:\/\/kylat.ekarjala.fi\/vainikkala\/wp-content\/uploads\/sites\/36\/2013\/12\/aita4-300x224.jpg 300w, https:\/\/kylat.ekarjala.fi\/vainikkala\/wp-content\/uploads\/sites\/36\/2013\/12\/aita4.jpg 448w\" sizes=\"auto, (max-width: 300px) 100vw, 300px\" \/><\/a><p id=\"caption-attachment-829\" class=\"wp-caption-text\">Pystyriukuja varten oli teht\u00e4v\u00e4 kuopat ratakangella. Koulun kent\u00e4n maa oli tiivist\u00e4 ja kovaa<\/p><\/div>\n<div id=\"attachment_830\" style=\"width: 310px\" class=\"wp-caption alignnone\"><a href=\"https:\/\/kylat.ekarjala.fi\/vainikkala\/wp-content\/uploads\/sites\/36\/2013\/12\/aita5.jpg\"><img loading=\"lazy\" decoding=\"async\" aria-describedby=\"caption-attachment-830\" class=\"size-medium wp-image-830\" alt=\"Sidonta on taitoa vaativaa ty\u00f6t\u00e4. Kuusenoksaa kiert\u00e4m\u00e4ll\u00e4 sidos onnistuu. Jos oksa oli liian kuiva, se murtui ja oli aloitettava alusta\" src=\"https:\/\/kylat.ekarjala.fi\/vainikkala\/wp-content\/uploads\/sites\/36\/2013\/12\/aita5-300x224.jpg\" width=\"300\" height=\"224\" srcset=\"https:\/\/kylat.ekarjala.fi\/vainikkala\/wp-content\/uploads\/sites\/36\/2013\/12\/aita5-300x224.jpg 300w, https:\/\/kylat.ekarjala.fi\/vainikkala\/wp-content\/uploads\/sites\/36\/2013\/12\/aita5.jpg 448w\" sizes=\"auto, (max-width: 300px) 100vw, 300px\" \/><\/a><p id=\"caption-attachment-830\" class=\"wp-caption-text\">Sidonta on taitoa vaativaa ty\u00f6t\u00e4. Kuusenoksaa kiert\u00e4m\u00e4ll\u00e4 sidos onnistuu. Jos oksa oli liian kuiva, se murtui ja oli aloitettava alusta<\/p><\/div>\n<div id=\"attachment_831\" style=\"width: 310px\" class=\"wp-caption alignnone\"><a href=\"https:\/\/kylat.ekarjala.fi\/vainikkala\/wp-content\/uploads\/sites\/36\/2013\/12\/aita6.jpg\"><img loading=\"lazy\" decoding=\"async\" aria-describedby=\"caption-attachment-831\" class=\"size-medium wp-image-831\" alt=\"Onistunut sidos joka kest\u00e4\u00e4 vuosia\" src=\"https:\/\/kylat.ekarjala.fi\/vainikkala\/wp-content\/uploads\/sites\/36\/2013\/12\/aita6-300x224.jpg\" width=\"300\" height=\"224\" srcset=\"https:\/\/kylat.ekarjala.fi\/vainikkala\/wp-content\/uploads\/sites\/36\/2013\/12\/aita6-300x224.jpg 300w, https:\/\/kylat.ekarjala.fi\/vainikkala\/wp-content\/uploads\/sites\/36\/2013\/12\/aita6.jpg 448w\" sizes=\"auto, (max-width: 300px) 100vw, 300px\" \/><\/a><p id=\"caption-attachment-831\" class=\"wp-caption-text\">Onistunut sidos joka kest\u00e4\u00e4 vuosia<\/p><\/div>\n<div id=\"attachment_832\" style=\"width: 310px\" class=\"wp-caption alignnone\"><a href=\"https:\/\/kylat.ekarjala.fi\/vainikkala\/wp-content\/uploads\/sites\/36\/2013\/12\/aita7.jpg\"><img loading=\"lazy\" decoding=\"async\" aria-describedby=\"caption-attachment-832\" class=\"size-medium wp-image-832\" alt=\"Aitojen p\u00e4ihin asennettiin vinotuet molemille sivuille\" src=\"https:\/\/kylat.ekarjala.fi\/vainikkala\/wp-content\/uploads\/sites\/36\/2013\/12\/aita7-300x224.jpg\" width=\"300\" height=\"224\" srcset=\"https:\/\/kylat.ekarjala.fi\/vainikkala\/wp-content\/uploads\/sites\/36\/2013\/12\/aita7-300x224.jpg 300w, https:\/\/kylat.ekarjala.fi\/vainikkala\/wp-content\/uploads\/sites\/36\/2013\/12\/aita7.jpg 448w\" sizes=\"auto, (max-width: 300px) 100vw, 300px\" \/><\/a><p id=\"caption-attachment-832\" class=\"wp-caption-text\">Aitojen p\u00e4ihin asennettiin vinotuet molemille sivuille<\/p><\/div>\n<div id=\"attachment_833\" style=\"width: 310px\" class=\"wp-caption alignnone\"><a href=\"https:\/\/kylat.ekarjala.fi\/vainikkala\/wp-content\/uploads\/sites\/36\/2013\/12\/aita8.jpg\"><img loading=\"lazy\" decoding=\"async\" aria-describedby=\"caption-attachment-833\" class=\"size-medium wp-image-833\" alt=\"Pystytolpat j\u00e4tettiin pitkiksi eik\u00e4 niit\u00e4 tasattu samaan korkeuteen\" src=\"https:\/\/kylat.ekarjala.fi\/vainikkala\/wp-content\/uploads\/sites\/36\/2013\/12\/aita8-300x224.jpg\" width=\"300\" height=\"224\" srcset=\"https:\/\/kylat.ekarjala.fi\/vainikkala\/wp-content\/uploads\/sites\/36\/2013\/12\/aita8-300x224.jpg 300w, https:\/\/kylat.ekarjala.fi\/vainikkala\/wp-content\/uploads\/sites\/36\/2013\/12\/aita8.jpg 448w\" sizes=\"auto, (max-width: 300px) 100vw, 300px\" \/><\/a><p id=\"caption-attachment-833\" class=\"wp-caption-text\">Pystytolpat j\u00e4tettiin pitkiksi eik\u00e4 niit\u00e4 tasattu samaan korkeuteen<\/p><\/div>\n<div id=\"attachment_834\" style=\"width: 310px\" class=\"wp-caption alignnone\"><a href=\"https:\/\/kylat.ekarjala.fi\/vainikkala\/wp-content\/uploads\/sites\/36\/2013\/12\/aita9.jpg\"><img loading=\"lazy\" decoding=\"async\" aria-describedby=\"caption-attachment-834\" class=\"size-medium wp-image-834\" alt=\"Ty\u00f6 etenee kahdella rintamalla\" src=\"https:\/\/kylat.ekarjala.fi\/vainikkala\/wp-content\/uploads\/sites\/36\/2013\/12\/aita9-300x224.jpg\" width=\"300\" height=\"224\" srcset=\"https:\/\/kylat.ekarjala.fi\/vainikkala\/wp-content\/uploads\/sites\/36\/2013\/12\/aita9-300x224.jpg 300w, https:\/\/kylat.ekarjala.fi\/vainikkala\/wp-content\/uploads\/sites\/36\/2013\/12\/aita9.jpg 448w\" sizes=\"auto, (max-width: 300px) 100vw, 300px\" \/><\/a><p id=\"caption-attachment-834\" class=\"wp-caption-text\">Ty\u00f6 etenee kahdella rintamalla<\/p><\/div>\n<div id=\"attachment_835\" style=\"width: 310px\" class=\"wp-caption alignnone\"><a href=\"https:\/\/kylat.ekarjala.fi\/vainikkala\/wp-content\/uploads\/sites\/36\/2013\/12\/aita10.jpg\"><img loading=\"lazy\" decoding=\"async\" aria-describedby=\"caption-attachment-835\" class=\"size-medium wp-image-835\" alt=\"Kouluttaja ja aktiiviset oppilaat\" src=\"https:\/\/kylat.ekarjala.fi\/vainikkala\/wp-content\/uploads\/sites\/36\/2013\/12\/aita10-300x224.jpg\" width=\"300\" height=\"224\" srcset=\"https:\/\/kylat.ekarjala.fi\/vainikkala\/wp-content\/uploads\/sites\/36\/2013\/12\/aita10-300x224.jpg 300w, https:\/\/kylat.ekarjala.fi\/vainikkala\/wp-content\/uploads\/sites\/36\/2013\/12\/aita10.jpg 448w\" sizes=\"auto, (max-width: 300px) 100vw, 300px\" \/><\/a><p id=\"caption-attachment-835\" class=\"wp-caption-text\">Kouluttaja ja aktiiviset oppilaat<\/p><\/div>\n<div id=\"attachment_836\" style=\"width: 310px\" class=\"wp-caption alignnone\"><a href=\"https:\/\/kylat.ekarjala.fi\/vainikkala\/wp-content\/uploads\/sites\/36\/2013\/12\/aita11.jpg\"><img loading=\"lazy\" decoding=\"async\" aria-describedby=\"caption-attachment-836\" class=\"size-medium wp-image-836\" alt=\"Aidan kulma koulun kent\u00e4n takanurkassa\" src=\"https:\/\/kylat.ekarjala.fi\/vainikkala\/wp-content\/uploads\/sites\/36\/2013\/12\/aita11-300x224.jpg\" width=\"300\" height=\"224\" srcset=\"https:\/\/kylat.ekarjala.fi\/vainikkala\/wp-content\/uploads\/sites\/36\/2013\/12\/aita11-300x224.jpg 300w, https:\/\/kylat.ekarjala.fi\/vainikkala\/wp-content\/uploads\/sites\/36\/2013\/12\/aita11.jpg 448w\" sizes=\"auto, (max-width: 300px) 100vw, 300px\" \/><\/a><p id=\"caption-attachment-836\" class=\"wp-caption-text\">Aidan kulma koulun kent\u00e4n takanurkassa<\/p><\/div>\n<div id=\"attachment_837\" style=\"width: 310px\" class=\"wp-caption alignnone\"><a href=\"https:\/\/kylat.ekarjala.fi\/vainikkala\/wp-content\/uploads\/sites\/36\/2013\/12\/aita12.jpg\"><img loading=\"lazy\" decoding=\"async\" aria-describedby=\"caption-attachment-837\" class=\"size-medium wp-image-837\" alt=\"Yl\u00e4riuku\" src=\"https:\/\/kylat.ekarjala.fi\/vainikkala\/wp-content\/uploads\/sites\/36\/2013\/12\/aita12-300x224.jpg\" width=\"300\" height=\"224\" srcset=\"https:\/\/kylat.ekarjala.fi\/vainikkala\/wp-content\/uploads\/sites\/36\/2013\/12\/aita12-300x224.jpg 300w, https:\/\/kylat.ekarjala.fi\/vainikkala\/wp-content\/uploads\/sites\/36\/2013\/12\/aita12.jpg 448w\" sizes=\"auto, (max-width: 300px) 100vw, 300px\" \/><\/a><p id=\"caption-attachment-837\" class=\"wp-caption-text\">Yl\u00e4riuku<\/p><\/div>\n<div id=\"attachment_838\" style=\"width: 310px\" class=\"wp-caption alignnone\"><a href=\"https:\/\/kylat.ekarjala.fi\/vainikkala\/wp-content\/uploads\/sites\/36\/2013\/12\/aita13.jpg\"><img loading=\"lazy\" decoding=\"async\" aria-describedby=\"caption-attachment-838\" class=\"size-medium wp-image-838\" alt=\"Valmista aitaa\" src=\"https:\/\/kylat.ekarjala.fi\/vainikkala\/wp-content\/uploads\/sites\/36\/2013\/12\/aita13-300x224.jpg\" width=\"300\" height=\"224\" srcset=\"https:\/\/kylat.ekarjala.fi\/vainikkala\/wp-content\/uploads\/sites\/36\/2013\/12\/aita13-300x224.jpg 300w, https:\/\/kylat.ekarjala.fi\/vainikkala\/wp-content\/uploads\/sites\/36\/2013\/12\/aita13.jpg 448w\" sizes=\"auto, (max-width: 300px) 100vw, 300px\" \/><\/a><p id=\"caption-attachment-838\" class=\"wp-caption-text\">Valmista aitaa<\/p><\/div>\n<div id=\"attachment_839\" style=\"width: 310px\" class=\"wp-caption alignnone\"><a href=\"https:\/\/kylat.ekarjala.fi\/vainikkala\/wp-content\/uploads\/sites\/36\/2013\/12\/aita14.jpg\"><img loading=\"lazy\" decoding=\"async\" aria-describedby=\"caption-attachment-839\" class=\"size-medium wp-image-839\" alt=\"P\u00e4iv\u00e4n p\u00e4\u00e4tytty\u00e4 ryhm\u00e4ll\u00e4 oli hyvy herk\u00e4ss\u00e4. Saavutettuun ty\u00f6n tulokseen oltiin enemm\u00e4n kuin tyytyv\u00e4isi\u00e4\" src=\"https:\/\/kylat.ekarjala.fi\/vainikkala\/wp-content\/uploads\/sites\/36\/2013\/12\/aita14-300x224.jpg\" width=\"300\" height=\"224\" srcset=\"https:\/\/kylat.ekarjala.fi\/vainikkala\/wp-content\/uploads\/sites\/36\/2013\/12\/aita14-300x224.jpg 300w, https:\/\/kylat.ekarjala.fi\/vainikkala\/wp-content\/uploads\/sites\/36\/2013\/12\/aita14.jpg 448w\" sizes=\"auto, (max-width: 300px) 100vw, 300px\" \/><\/a><p id=\"caption-attachment-839\" class=\"wp-caption-text\">P\u00e4iv\u00e4n p\u00e4\u00e4tytty\u00e4 ryhm\u00e4ll\u00e4 oli hyvy herk\u00e4ss\u00e4. Saavutettuun ty\u00f6n tulokseen oltiin enemm\u00e4n kuin tyytyv\u00e4isi\u00e4<\/p><\/div>\n<div id=\"attachment_840\" style=\"width: 310px\" class=\"wp-caption alignnone\"><a href=\"https:\/\/kylat.ekarjala.fi\/vainikkala\/wp-content\/uploads\/sites\/36\/2013\/12\/aita15.jpg\"><img loading=\"lazy\" decoding=\"async\" aria-describedby=\"caption-attachment-840\" class=\"size-medium wp-image-840\" alt=\"Riukuaita suuren lumimyr\u00e4k\u00e4n j\u00e4lkeen marraskuussa 2006\" src=\"https:\/\/kylat.ekarjala.fi\/vainikkala\/wp-content\/uploads\/sites\/36\/2013\/12\/aita15-300x224.jpg\" width=\"300\" height=\"224\" srcset=\"https:\/\/kylat.ekarjala.fi\/vainikkala\/wp-content\/uploads\/sites\/36\/2013\/12\/aita15-300x224.jpg 300w, https:\/\/kylat.ekarjala.fi\/vainikkala\/wp-content\/uploads\/sites\/36\/2013\/12\/aita15.jpg 448w\" sizes=\"auto, (max-width: 300px) 100vw, 300px\" \/><\/a><p id=\"caption-attachment-840\" class=\"wp-caption-text\">Riukuaita suuren lumimyr\u00e4k\u00e4n j\u00e4lkeen marraskuussa 2006<\/p><\/div>\n","protected":false},"excerpt":{"rendered":"<p>Hyv\u00e4ksytyss\u00e4 ja vahvistetussa hankesuunnitelmassa on m\u00e4\u00e4ritelty seuraavasti: &#8221;Kohdealueelle rakennetaan kolmeosainen riukuaita siten ett\u00e4 valaistu latu kulkee kahden aidassa olevan ver\u00e4j\u00e4n l\u00e4pi&#8221; T\u00e4t\u00e4 tavoitetta l\u00e4hdettiin toteuttamaan 12.8.2006 j\u00e4rjestetyss\u00e4 koulutustilaisuudessa johon oli kutsuttu kouluttajaksi Pertti Korhonen Ruokolahdelta. Noin kuuden tunnin mittainen koulutusp\u00e4iv\u00e4 &hellip; <a href=\"https:\/\/kylat.ekarjala.fi\/vainikkala\/kylainfo\/kylahanke-2005-2008\/kohteet-2\/riukuaidat\/\">Lue loppuun <span class=\"meta-nav\">&rarr;<\/span><\/a><\/p>\n","protected":false},"author":80,"featured_media":0,"parent":766,"menu_order":0,"comment_status":"open","ping_status":"closed","template":"","meta":{"footnotes":""},"class_list":["post-825","page","type-page","status-publish","hentry"],"_links":{"self":[{"href":"https:\/\/kylat.ekarjala.fi\/vainikkala\/wp-json\/wp\/v2\/pages\/825","targetHints":{"allow":["GET"]}}],"collection":[{"href":"https:\/\/kylat.ekarjala.fi\/vainikkala\/wp-json\/wp\/v2\/pages"}],"about":[{"href":"https:\/\/kylat.ekarjala.fi\/vainikkala\/wp-json\/wp\/v2\/types\/page"}],"author":[{"embeddable":true,"href":"https:\/\/kylat.ekarjala.fi\/vainikkala\/wp-json\/wp\/v2\/users\/80"}],"replies":[{"embeddable":true,"href":"https:\/\/kylat.ekarjala.fi\/vainikkala\/wp-json\/wp\/v2\/comments?post=825"}],"version-history":[{"count":1,"href":"https:\/\/kylat.ekarjala.fi\/vainikkala\/wp-json\/wp\/v2\/pages\/825\/revisions"}],"predecessor-version":[{"id":841,"href":"https:\/\/kylat.ekarjala.fi\/vainikkala\/wp-json\/wp\/v2\/pages\/825\/revisions\/841"}],"up":[{"embeddable":true,"href":"https:\/\/kylat.ekarjala.fi\/vainikkala\/wp-json\/wp\/v2\/pages\/766"}],"wp:attachment":[{"href":"https:\/\/kylat.ekarjala.fi\/vainikkala\/wp-json\/wp\/v2\/media?parent=825"}],"curies":[{"name":"wp","href":"https:\/\/api.w.org\/{rel}","templated":true}]}}