{"id":881,"date":"2013-12-26T16:34:30","date_gmt":"2013-12-26T17:04:30","guid":{"rendered":"https:\/\/kylat.ekarjala.fi\/vainikkala\/?page_id=881"},"modified":"2013-12-26T16:34:30","modified_gmt":"2013-12-26T17:04:30","slug":"temppu-ja-puuharata","status":"publish","type":"page","link":"https:\/\/kylat.ekarjala.fi\/vainikkala\/kylainfo\/kylahanke-2005-2008\/kohteet-2\/temppu-ja-puuharata\/","title":{"rendered":"Temppu- ja puuharata"},"content":{"rendered":"<div id=\"attachment_882\" style=\"width: 310px\" class=\"wp-caption alignnone\"><a href=\"https:\/\/kylat.ekarjala.fi\/vainikkala\/wp-content\/uploads\/sites\/36\/2013\/12\/temppu1.jpg\"><img loading=\"lazy\" decoding=\"async\" aria-describedby=\"caption-attachment-882\" class=\"size-medium wp-image-882\" alt=\"Temppu-ja puuharadan pajutunneli\" src=\"https:\/\/kylat.ekarjala.fi\/vainikkala\/wp-content\/uploads\/sites\/36\/2013\/12\/temppu1-300x225.jpg\" width=\"300\" height=\"225\" srcset=\"https:\/\/kylat.ekarjala.fi\/vainikkala\/wp-content\/uploads\/sites\/36\/2013\/12\/temppu1-300x225.jpg 300w, https:\/\/kylat.ekarjala.fi\/vainikkala\/wp-content\/uploads\/sites\/36\/2013\/12\/temppu1.jpg 800w\" sizes=\"auto, (max-width: 300px) 100vw, 300px\" \/><\/a><p id=\"caption-attachment-882\" class=\"wp-caption-text\">Temppu-ja puuharadan pajutunneli<\/p><\/div>\n<p><em>Ideaa lasten temppu- ja puuharadasta voidaan pit\u00e4\u00e4 impulssina joka k\u00e4ynnisti VVVJ-hankkeen. Koulun vanhempainyhdistys kehitteli kev\u00e4\u00e4ll\u00e4 2004 ajatusta koulun pihan ja l\u00e4hialueiden viihtyisyyden parantamiseksi. Yksi t\u00e4m\u00e4n suunniteman kulmakivist\u00e4 oli ajatus rakentaa koulun kent\u00e4n reunaan veikeit\u00e4 pajurakennelmia ja muuta kivaa lapsia varten.<br \/>\nSamoihin aikoihin My\u00f6t\u00e4virtaan ry:n vet\u00e4m\u00e4 retkeilyreittihanke alkoi l\u00e4hesty\u00e4 loppuaan ja sen suurimmat ty\u00f6t olivat tehty. Talkoissa ahertaneet kyl\u00e4aktiivit tunsivat ett\u00e4 on syyt\u00e4 jatkaa takomista kun rauta on viel\u00e4 kuumaa. Ja kun retkeilyreittihankkeen vet\u00e4j\u00e4t p\u00e4\u00e4siv\u00e4t syyskuussa 2004 mukaan Viron Polvamaalle suuntautuneelle matkalle muiden maakunnan &#8221;kyl\u00e4hullujen&#8221; kanssa, syntyi idea VVVJ-hankkeesta. Ideassa yhdistettiin koulun pihan suunnitelmat muuhun nopeasti syntyneeseen ideointiin.<\/em><\/p>\n<p><em>Ideointi alkoi temppu- ja puuharadasta. Kohde sai kunnian olla my\u00f6s ensimm\u00e4isten hanketalkoiden paikkana kev\u00e4\u00e4ll\u00e4 2005.<\/em><\/p>\n<p>Valitettavasti temppu- ja puuharadasta ei ole t\u00e4n\u00e4 p\u00e4iv\u00e4n\u00e4 j\u00e4ljell\u00e4 yht\u00e4\u00e4n mit\u00e4\u00e4n.<\/p>\n<p><strong>Temppuradan rakennushistoria kuvina<\/strong><\/p>\n<p><a href=\"https:\/\/kylat.ekarjala.fi\/vainikkala\/wp-content\/uploads\/sites\/36\/2013\/12\/temppu2.jpg\"><img loading=\"lazy\" decoding=\"async\" class=\"alignnone size-medium wp-image-883\" alt=\"\" src=\"https:\/\/kylat.ekarjala.fi\/vainikkala\/wp-content\/uploads\/sites\/36\/2013\/12\/temppu2-300x224.jpg\" width=\"300\" height=\"224\" srcset=\"https:\/\/kylat.ekarjala.fi\/vainikkala\/wp-content\/uploads\/sites\/36\/2013\/12\/temppu2-300x224.jpg 300w, https:\/\/kylat.ekarjala.fi\/vainikkala\/wp-content\/uploads\/sites\/36\/2013\/12\/temppu2.jpg 448w\" sizes=\"auto, (max-width: 300px) 100vw, 300px\" \/><\/a><\/p>\n<p><a href=\"https:\/\/kylat.ekarjala.fi\/vainikkala\/wp-content\/uploads\/sites\/36\/2013\/12\/temppu4.jpg\"><img loading=\"lazy\" decoding=\"async\" class=\"alignnone size-medium wp-image-885\" alt=\"\" src=\"https:\/\/kylat.ekarjala.fi\/vainikkala\/wp-content\/uploads\/sites\/36\/2013\/12\/temppu4-300x224.jpg\" width=\"300\" height=\"224\" srcset=\"https:\/\/kylat.ekarjala.fi\/vainikkala\/wp-content\/uploads\/sites\/36\/2013\/12\/temppu4-300x224.jpg 300w, https:\/\/kylat.ekarjala.fi\/vainikkala\/wp-content\/uploads\/sites\/36\/2013\/12\/temppu4.jpg 448w\" sizes=\"auto, (max-width: 300px) 100vw, 300px\" \/><\/a><\/p>\n<p><a href=\"https:\/\/kylat.ekarjala.fi\/vainikkala\/wp-content\/uploads\/sites\/36\/2013\/12\/temppu5.jpg\"><img loading=\"lazy\" decoding=\"async\" class=\"alignnone size-medium wp-image-886\" alt=\"\" src=\"https:\/\/kylat.ekarjala.fi\/vainikkala\/wp-content\/uploads\/sites\/36\/2013\/12\/temppu5-300x224.jpg\" width=\"300\" height=\"224\" srcset=\"https:\/\/kylat.ekarjala.fi\/vainikkala\/wp-content\/uploads\/sites\/36\/2013\/12\/temppu5-300x224.jpg 300w, https:\/\/kylat.ekarjala.fi\/vainikkala\/wp-content\/uploads\/sites\/36\/2013\/12\/temppu5.jpg 448w\" sizes=\"auto, (max-width: 300px) 100vw, 300px\" \/><\/a><\/p>\n<p><a href=\"https:\/\/kylat.ekarjala.fi\/vainikkala\/wp-content\/uploads\/sites\/36\/2013\/12\/temppu6.jpg\"><img loading=\"lazy\" decoding=\"async\" class=\"alignnone size-medium wp-image-887\" alt=\"\" src=\"https:\/\/kylat.ekarjala.fi\/vainikkala\/wp-content\/uploads\/sites\/36\/2013\/12\/temppu6-300x224.jpg\" width=\"300\" height=\"224\" srcset=\"https:\/\/kylat.ekarjala.fi\/vainikkala\/wp-content\/uploads\/sites\/36\/2013\/12\/temppu6-300x224.jpg 300w, https:\/\/kylat.ekarjala.fi\/vainikkala\/wp-content\/uploads\/sites\/36\/2013\/12\/temppu6.jpg 448w\" sizes=\"auto, (max-width: 300px) 100vw, 300px\" \/><\/a><\/p>\n<p><a href=\"https:\/\/kylat.ekarjala.fi\/vainikkala\/wp-content\/uploads\/sites\/36\/2013\/12\/temppu7.jpg\"><img loading=\"lazy\" decoding=\"async\" class=\"alignnone size-medium wp-image-888\" alt=\"\" src=\"https:\/\/kylat.ekarjala.fi\/vainikkala\/wp-content\/uploads\/sites\/36\/2013\/12\/temppu7-300x224.jpg\" width=\"300\" height=\"224\" srcset=\"https:\/\/kylat.ekarjala.fi\/vainikkala\/wp-content\/uploads\/sites\/36\/2013\/12\/temppu7-300x224.jpg 300w, https:\/\/kylat.ekarjala.fi\/vainikkala\/wp-content\/uploads\/sites\/36\/2013\/12\/temppu7.jpg 448w\" sizes=\"auto, (max-width: 300px) 100vw, 300px\" \/><\/a><\/p>\n<p><a href=\"https:\/\/kylat.ekarjala.fi\/vainikkala\/wp-content\/uploads\/sites\/36\/2013\/12\/temppu8.jpg\"><img loading=\"lazy\" decoding=\"async\" class=\"alignnone size-medium wp-image-889\" alt=\"\" src=\"https:\/\/kylat.ekarjala.fi\/vainikkala\/wp-content\/uploads\/sites\/36\/2013\/12\/temppu8-300x224.jpg\" width=\"300\" height=\"224\" srcset=\"https:\/\/kylat.ekarjala.fi\/vainikkala\/wp-content\/uploads\/sites\/36\/2013\/12\/temppu8-300x224.jpg 300w, https:\/\/kylat.ekarjala.fi\/vainikkala\/wp-content\/uploads\/sites\/36\/2013\/12\/temppu8.jpg 448w\" sizes=\"auto, (max-width: 300px) 100vw, 300px\" \/><\/a><\/p>\n<p><a href=\"https:\/\/kylat.ekarjala.fi\/vainikkala\/wp-content\/uploads\/sites\/36\/2013\/12\/temppu9.jpg\"><img loading=\"lazy\" decoding=\"async\" class=\"alignnone size-medium wp-image-890\" alt=\"\" src=\"https:\/\/kylat.ekarjala.fi\/vainikkala\/wp-content\/uploads\/sites\/36\/2013\/12\/temppu9-300x224.jpg\" width=\"300\" height=\"224\" srcset=\"https:\/\/kylat.ekarjala.fi\/vainikkala\/wp-content\/uploads\/sites\/36\/2013\/12\/temppu9-300x224.jpg 300w, https:\/\/kylat.ekarjala.fi\/vainikkala\/wp-content\/uploads\/sites\/36\/2013\/12\/temppu9.jpg 448w\" sizes=\"auto, (max-width: 300px) 100vw, 300px\" \/><\/a><\/p>\n<p><a href=\"https:\/\/kylat.ekarjala.fi\/vainikkala\/wp-content\/uploads\/sites\/36\/2013\/12\/temppu10.jpg\"><img loading=\"lazy\" decoding=\"async\" class=\"alignnone size-medium wp-image-891\" alt=\"\" src=\"https:\/\/kylat.ekarjala.fi\/vainikkala\/wp-content\/uploads\/sites\/36\/2013\/12\/temppu10-300x224.jpg\" width=\"300\" height=\"224\" srcset=\"https:\/\/kylat.ekarjala.fi\/vainikkala\/wp-content\/uploads\/sites\/36\/2013\/12\/temppu10-300x224.jpg 300w, https:\/\/kylat.ekarjala.fi\/vainikkala\/wp-content\/uploads\/sites\/36\/2013\/12\/temppu10.jpg 448w\" sizes=\"auto, (max-width: 300px) 100vw, 300px\" \/><\/a><\/p>\n<p><a href=\"https:\/\/kylat.ekarjala.fi\/vainikkala\/wp-content\/uploads\/sites\/36\/2013\/12\/temppu11.jpg\"><img loading=\"lazy\" decoding=\"async\" class=\"alignnone size-medium wp-image-892\" alt=\"\" src=\"https:\/\/kylat.ekarjala.fi\/vainikkala\/wp-content\/uploads\/sites\/36\/2013\/12\/temppu11-300x224.jpg\" width=\"300\" height=\"224\" srcset=\"https:\/\/kylat.ekarjala.fi\/vainikkala\/wp-content\/uploads\/sites\/36\/2013\/12\/temppu11-300x224.jpg 300w, https:\/\/kylat.ekarjala.fi\/vainikkala\/wp-content\/uploads\/sites\/36\/2013\/12\/temppu11.jpg 448w\" sizes=\"auto, (max-width: 300px) 100vw, 300px\" \/><\/a><\/p>\n<p><a href=\"https:\/\/kylat.ekarjala.fi\/vainikkala\/wp-content\/uploads\/sites\/36\/2013\/12\/temppu12.jpg\"><img loading=\"lazy\" decoding=\"async\" class=\"alignnone size-medium wp-image-893\" alt=\"\" src=\"https:\/\/kylat.ekarjala.fi\/vainikkala\/wp-content\/uploads\/sites\/36\/2013\/12\/temppu12-300x224.jpg\" width=\"300\" height=\"224\" srcset=\"https:\/\/kylat.ekarjala.fi\/vainikkala\/wp-content\/uploads\/sites\/36\/2013\/12\/temppu12-300x224.jpg 300w, https:\/\/kylat.ekarjala.fi\/vainikkala\/wp-content\/uploads\/sites\/36\/2013\/12\/temppu12.jpg 448w\" sizes=\"auto, (max-width: 300px) 100vw, 300px\" \/><\/a><\/p>\n<p><a href=\"https:\/\/kylat.ekarjala.fi\/vainikkala\/wp-content\/uploads\/sites\/36\/2013\/12\/temppu13.jpg\"><img loading=\"lazy\" decoding=\"async\" class=\"alignnone size-medium wp-image-894\" alt=\"\" src=\"https:\/\/kylat.ekarjala.fi\/vainikkala\/wp-content\/uploads\/sites\/36\/2013\/12\/temppu13-300x224.jpg\" width=\"300\" height=\"224\" srcset=\"https:\/\/kylat.ekarjala.fi\/vainikkala\/wp-content\/uploads\/sites\/36\/2013\/12\/temppu13-300x224.jpg 300w, https:\/\/kylat.ekarjala.fi\/vainikkala\/wp-content\/uploads\/sites\/36\/2013\/12\/temppu13.jpg 448w\" sizes=\"auto, (max-width: 300px) 100vw, 300px\" \/><\/a><\/p>\n<p><a href=\"https:\/\/kylat.ekarjala.fi\/vainikkala\/wp-content\/uploads\/sites\/36\/2013\/12\/temppu15.jpg\"><img loading=\"lazy\" decoding=\"async\" class=\"alignnone size-medium wp-image-895\" alt=\"\" src=\"https:\/\/kylat.ekarjala.fi\/vainikkala\/wp-content\/uploads\/sites\/36\/2013\/12\/temppu15-300x224.jpg\" width=\"300\" height=\"224\" srcset=\"https:\/\/kylat.ekarjala.fi\/vainikkala\/wp-content\/uploads\/sites\/36\/2013\/12\/temppu15-300x224.jpg 300w, https:\/\/kylat.ekarjala.fi\/vainikkala\/wp-content\/uploads\/sites\/36\/2013\/12\/temppu15.jpg 448w\" sizes=\"auto, (max-width: 300px) 100vw, 300px\" \/><\/a><\/p>\n<p><a href=\"https:\/\/kylat.ekarjala.fi\/vainikkala\/wp-content\/uploads\/sites\/36\/2013\/12\/temppu16.jpg\"><img loading=\"lazy\" decoding=\"async\" class=\"alignnone size-medium wp-image-896\" alt=\"\" src=\"https:\/\/kylat.ekarjala.fi\/vainikkala\/wp-content\/uploads\/sites\/36\/2013\/12\/temppu16-300x224.jpg\" width=\"300\" height=\"224\" srcset=\"https:\/\/kylat.ekarjala.fi\/vainikkala\/wp-content\/uploads\/sites\/36\/2013\/12\/temppu16-300x224.jpg 300w, https:\/\/kylat.ekarjala.fi\/vainikkala\/wp-content\/uploads\/sites\/36\/2013\/12\/temppu16.jpg 448w\" sizes=\"auto, (max-width: 300px) 100vw, 300px\" \/><\/a><\/p>\n<p><a href=\"https:\/\/kylat.ekarjala.fi\/vainikkala\/wp-content\/uploads\/sites\/36\/2013\/12\/temppu17.jpg\"><img loading=\"lazy\" decoding=\"async\" class=\"alignnone size-medium wp-image-897\" alt=\"\" src=\"https:\/\/kylat.ekarjala.fi\/vainikkala\/wp-content\/uploads\/sites\/36\/2013\/12\/temppu17-300x224.jpg\" width=\"300\" height=\"224\" srcset=\"https:\/\/kylat.ekarjala.fi\/vainikkala\/wp-content\/uploads\/sites\/36\/2013\/12\/temppu17-300x224.jpg 300w, https:\/\/kylat.ekarjala.fi\/vainikkala\/wp-content\/uploads\/sites\/36\/2013\/12\/temppu17.jpg 448w\" sizes=\"auto, (max-width: 300px) 100vw, 300px\" \/><\/a><\/p>\n<p><a href=\"https:\/\/kylat.ekarjala.fi\/vainikkala\/wp-content\/uploads\/sites\/36\/2013\/12\/temppu18.jpg\"><img loading=\"lazy\" decoding=\"async\" class=\"alignnone size-medium wp-image-898\" alt=\"\" src=\"https:\/\/kylat.ekarjala.fi\/vainikkala\/wp-content\/uploads\/sites\/36\/2013\/12\/temppu18-300x224.jpg\" width=\"300\" height=\"224\" srcset=\"https:\/\/kylat.ekarjala.fi\/vainikkala\/wp-content\/uploads\/sites\/36\/2013\/12\/temppu18-300x224.jpg 300w, https:\/\/kylat.ekarjala.fi\/vainikkala\/wp-content\/uploads\/sites\/36\/2013\/12\/temppu18.jpg 448w\" sizes=\"auto, (max-width: 300px) 100vw, 300px\" \/><\/a><\/p>\n<p><a href=\"https:\/\/kylat.ekarjala.fi\/vainikkala\/wp-content\/uploads\/sites\/36\/2013\/12\/temppu19.jpg\"><img loading=\"lazy\" decoding=\"async\" class=\"alignnone size-medium wp-image-899\" alt=\"\" src=\"https:\/\/kylat.ekarjala.fi\/vainikkala\/wp-content\/uploads\/sites\/36\/2013\/12\/temppu19-300x224.jpg\" width=\"300\" height=\"224\" srcset=\"https:\/\/kylat.ekarjala.fi\/vainikkala\/wp-content\/uploads\/sites\/36\/2013\/12\/temppu19-300x224.jpg 300w, https:\/\/kylat.ekarjala.fi\/vainikkala\/wp-content\/uploads\/sites\/36\/2013\/12\/temppu19.jpg 448w\" sizes=\"auto, (max-width: 300px) 100vw, 300px\" \/><\/a><\/p>\n<p><a href=\"https:\/\/kylat.ekarjala.fi\/vainikkala\/wp-content\/uploads\/sites\/36\/2013\/12\/temppu20.jpg\"><img loading=\"lazy\" decoding=\"async\" class=\"alignnone size-medium wp-image-900\" alt=\"\" src=\"https:\/\/kylat.ekarjala.fi\/vainikkala\/wp-content\/uploads\/sites\/36\/2013\/12\/temppu20-300x224.jpg\" width=\"300\" height=\"224\" srcset=\"https:\/\/kylat.ekarjala.fi\/vainikkala\/wp-content\/uploads\/sites\/36\/2013\/12\/temppu20-300x224.jpg 300w, https:\/\/kylat.ekarjala.fi\/vainikkala\/wp-content\/uploads\/sites\/36\/2013\/12\/temppu20.jpg 448w\" sizes=\"auto, (max-width: 300px) 100vw, 300px\" \/><\/a><\/p>\n<p><a href=\"https:\/\/kylat.ekarjala.fi\/vainikkala\/wp-content\/uploads\/sites\/36\/2013\/12\/temppu21.jpg\"><img loading=\"lazy\" decoding=\"async\" class=\"alignnone size-medium wp-image-901\" alt=\"\" src=\"https:\/\/kylat.ekarjala.fi\/vainikkala\/wp-content\/uploads\/sites\/36\/2013\/12\/temppu21-300x224.jpg\" width=\"300\" height=\"224\" srcset=\"https:\/\/kylat.ekarjala.fi\/vainikkala\/wp-content\/uploads\/sites\/36\/2013\/12\/temppu21-300x224.jpg 300w, https:\/\/kylat.ekarjala.fi\/vainikkala\/wp-content\/uploads\/sites\/36\/2013\/12\/temppu21.jpg 448w\" sizes=\"auto, (max-width: 300px) 100vw, 300px\" \/><\/a><\/p>\n<p><a href=\"https:\/\/kylat.ekarjala.fi\/vainikkala\/wp-content\/uploads\/sites\/36\/2013\/12\/temppu22.jpg\"><img loading=\"lazy\" decoding=\"async\" class=\"alignnone size-medium wp-image-902\" alt=\"\" src=\"https:\/\/kylat.ekarjala.fi\/vainikkala\/wp-content\/uploads\/sites\/36\/2013\/12\/temppu22-300x224.jpg\" width=\"300\" height=\"224\" srcset=\"https:\/\/kylat.ekarjala.fi\/vainikkala\/wp-content\/uploads\/sites\/36\/2013\/12\/temppu22-300x224.jpg 300w, https:\/\/kylat.ekarjala.fi\/vainikkala\/wp-content\/uploads\/sites\/36\/2013\/12\/temppu22.jpg 448w\" sizes=\"auto, (max-width: 300px) 100vw, 300px\" \/><\/a><\/p>\n<p><a href=\"https:\/\/kylat.ekarjala.fi\/vainikkala\/wp-content\/uploads\/sites\/36\/2013\/12\/temppu23.jpg\"><img loading=\"lazy\" decoding=\"async\" class=\"alignnone size-medium wp-image-903\" alt=\"\" src=\"https:\/\/kylat.ekarjala.fi\/vainikkala\/wp-content\/uploads\/sites\/36\/2013\/12\/temppu23-300x224.jpg\" width=\"300\" height=\"224\" srcset=\"https:\/\/kylat.ekarjala.fi\/vainikkala\/wp-content\/uploads\/sites\/36\/2013\/12\/temppu23-300x224.jpg 300w, https:\/\/kylat.ekarjala.fi\/vainikkala\/wp-content\/uploads\/sites\/36\/2013\/12\/temppu23.jpg 448w\" sizes=\"auto, (max-width: 300px) 100vw, 300px\" \/><\/a><\/p>\n","protected":false},"excerpt":{"rendered":"<p>Ideaa lasten temppu- ja puuharadasta voidaan pit\u00e4\u00e4 impulssina joka k\u00e4ynnisti VVVJ-hankkeen. Koulun vanhempainyhdistys kehitteli kev\u00e4\u00e4ll\u00e4 2004 ajatusta koulun pihan ja l\u00e4hialueiden viihtyisyyden parantamiseksi. Yksi t\u00e4m\u00e4n suunniteman kulmakivist\u00e4 oli ajatus rakentaa koulun kent\u00e4n reunaan veikeit\u00e4 pajurakennelmia ja muuta kivaa lapsia varten. &hellip; <a href=\"https:\/\/kylat.ekarjala.fi\/vainikkala\/kylainfo\/kylahanke-2005-2008\/kohteet-2\/temppu-ja-puuharata\/\">Lue loppuun <span class=\"meta-nav\">&rarr;<\/span><\/a><\/p>\n","protected":false},"author":80,"featured_media":0,"parent":766,"menu_order":0,"comment_status":"open","ping_status":"closed","template":"","meta":{"footnotes":""},"class_list":["post-881","page","type-page","status-publish","hentry"],"_links":{"self":[{"href":"https:\/\/kylat.ekarjala.fi\/vainikkala\/wp-json\/wp\/v2\/pages\/881","targetHints":{"allow":["GET"]}}],"collection":[{"href":"https:\/\/kylat.ekarjala.fi\/vainikkala\/wp-json\/wp\/v2\/pages"}],"about":[{"href":"https:\/\/kylat.ekarjala.fi\/vainikkala\/wp-json\/wp\/v2\/types\/page"}],"author":[{"embeddable":true,"href":"https:\/\/kylat.ekarjala.fi\/vainikkala\/wp-json\/wp\/v2\/users\/80"}],"replies":[{"embeddable":true,"href":"https:\/\/kylat.ekarjala.fi\/vainikkala\/wp-json\/wp\/v2\/comments?post=881"}],"version-history":[{"count":1,"href":"https:\/\/kylat.ekarjala.fi\/vainikkala\/wp-json\/wp\/v2\/pages\/881\/revisions"}],"predecessor-version":[{"id":904,"href":"https:\/\/kylat.ekarjala.fi\/vainikkala\/wp-json\/wp\/v2\/pages\/881\/revisions\/904"}],"up":[{"embeddable":true,"href":"https:\/\/kylat.ekarjala.fi\/vainikkala\/wp-json\/wp\/v2\/pages\/766"}],"wp:attachment":[{"href":"https:\/\/kylat.ekarjala.fi\/vainikkala\/wp-json\/wp\/v2\/media?parent=881"}],"curies":[{"name":"wp","href":"https:\/\/api.w.org\/{rel}","templated":true}]}}