{"id":909,"date":"2013-12-26T16:51:20","date_gmt":"2013-12-26T17:21:20","guid":{"rendered":"https:\/\/kylat.ekarjala.fi\/vainikkala\/?page_id=909"},"modified":"2013-12-26T16:51:20","modified_gmt":"2013-12-26T17:21:20","slug":"sanasokkeloita","status":"publish","type":"page","link":"https:\/\/kylat.ekarjala.fi\/vainikkala\/uutis-vainikkala\/sanasokkeloita\/","title":{"rendered":"Sanasokkeloita"},"content":{"rendered":"<p>Alla olevista linkeist\u00e4 l\u00f6yd\u00e4t hauskoja Esko Naskalon laatimia sanasokkeloita vuoden 2007 Uutis-Vainikkala-lehdist\u00e4<\/p>\n<p><a href=\"https:\/\/kylat.ekarjala.fi\/vainikkala\/wp-content\/uploads\/sites\/36\/2013\/12\/Sokkelo-1.pdf\">Sokkelo 1<\/a><\/p>\n<p><a href=\"https:\/\/kylat.ekarjala.fi\/vainikkala\/wp-content\/uploads\/sites\/36\/2013\/12\/Sokkelo-2.pdf\">Sokkelo 2<\/a><\/p>\n<p><a href=\"https:\/\/kylat.ekarjala.fi\/vainikkala\/wp-content\/uploads\/sites\/36\/2013\/12\/Sanasokkelo-3.pdf\">Sokkelo 3<\/a><\/p>\n<p><a href=\"https:\/\/kylat.ekarjala.fi\/vainikkala\/wp-content\/uploads\/sites\/36\/2013\/12\/Sokkelo-4.pdf\">Sokkelo 4<\/a><\/p>\n<p><a href=\"https:\/\/kylat.ekarjala.fi\/vainikkala\/wp-content\/uploads\/sites\/36\/2013\/12\/Sokkelo-5.pdf\">Sokkelo 5<\/a><\/p>\n","protected":false},"excerpt":{"rendered":"<p>Alla olevista linkeist\u00e4 l\u00f6yd\u00e4t hauskoja Esko Naskalon laatimia sanasokkeloita vuoden 2007 Uutis-Vainikkala-lehdist\u00e4 Sokkelo 1 Sokkelo 2 Sokkelo 3 Sokkelo 4 Sokkelo 5<\/p>\n","protected":false},"author":80,"featured_media":0,"parent":198,"menu_order":0,"comment_status":"open","ping_status":"closed","template":"","meta":{"footnotes":""},"class_list":["post-909","page","type-page","status-publish","hentry"],"_links":{"self":[{"href":"https:\/\/kylat.ekarjala.fi\/vainikkala\/wp-json\/wp\/v2\/pages\/909","targetHints":{"allow":["GET"]}}],"collection":[{"href":"https:\/\/kylat.ekarjala.fi\/vainikkala\/wp-json\/wp\/v2\/pages"}],"about":[{"href":"https:\/\/kylat.ekarjala.fi\/vainikkala\/wp-json\/wp\/v2\/types\/page"}],"author":[{"embeddable":true,"href":"https:\/\/kylat.ekarjala.fi\/vainikkala\/wp-json\/wp\/v2\/users\/80"}],"replies":[{"embeddable":true,"href":"https:\/\/kylat.ekarjala.fi\/vainikkala\/wp-json\/wp\/v2\/comments?post=909"}],"version-history":[{"count":1,"href":"https:\/\/kylat.ekarjala.fi\/vainikkala\/wp-json\/wp\/v2\/pages\/909\/revisions"}],"predecessor-version":[{"id":915,"href":"https:\/\/kylat.ekarjala.fi\/vainikkala\/wp-json\/wp\/v2\/pages\/909\/revisions\/915"}],"up":[{"embeddable":true,"href":"https:\/\/kylat.ekarjala.fi\/vainikkala\/wp-json\/wp\/v2\/pages\/198"}],"wp:attachment":[{"href":"https:\/\/kylat.ekarjala.fi\/vainikkala\/wp-json\/wp\/v2\/media?parent=909"}],"curies":[{"name":"wp","href":"https:\/\/api.w.org\/{rel}","templated":true}]}}