{"id":918,"date":"2013-12-26T17:28:51","date_gmt":"2013-12-26T17:58:51","guid":{"rendered":"https:\/\/kylat.ekarjala.fi\/vainikkala\/?page_id=918"},"modified":"2013-12-26T17:28:51","modified_gmt":"2013-12-26T17:58:51","slug":"tapahtumahistoria","status":"publish","type":"page","link":"https:\/\/kylat.ekarjala.fi\/vainikkala\/tapahtumakalenteri\/tapahtumahistoria\/","title":{"rendered":"Tapahtumahistoria"},"content":{"rendered":"<div id=\"attachment_919\" style=\"width: 310px\" class=\"wp-caption alignnone\"><a href=\"https:\/\/kylat.ekarjala.fi\/vainikkala\/wp-content\/uploads\/sites\/36\/2013\/12\/historia.jpg\"><img loading=\"lazy\" decoding=\"async\" aria-describedby=\"caption-attachment-919\" class=\"size-medium wp-image-919\" alt=\"N\u00e4in pitk\u00e4lle ei kyl\u00e4n historiasivut netiss\u00e4 taivu. Kuvassa nuorisoseuran n\u00e4ytelm\u00e4harrastusta vuonna 1962. Kuva Antero Pohjonen\" src=\"https:\/\/kylat.ekarjala.fi\/vainikkala\/wp-content\/uploads\/sites\/36\/2013\/12\/historia-300x181.jpg\" width=\"300\" height=\"181\" srcset=\"https:\/\/kylat.ekarjala.fi\/vainikkala\/wp-content\/uploads\/sites\/36\/2013\/12\/historia-300x181.jpg 300w, https:\/\/kylat.ekarjala.fi\/vainikkala\/wp-content\/uploads\/sites\/36\/2013\/12\/historia.jpg 800w\" sizes=\"auto, (max-width: 300px) 100vw, 300px\" \/><\/a><p id=\"caption-attachment-919\" class=\"wp-caption-text\">N\u00e4in pitk\u00e4lle ei kyl\u00e4n historiasivut netiss\u00e4 taivu. Kuvassa nuorisoseuran n\u00e4ytelm\u00e4harrastusta vuonna 1962. Kuva Antero Pohjonen<\/p><\/div>\n<p>T\u00e4ss\u00e4 sivuston osassa kerrotaan menneen ajan tapahtumista. Olemme avanneet merkitt\u00e4vimmille tapahtumille oman sivunsa.<\/p>\n<p>Historiallista arvoa omaavista tapahtumista kertovia osuuksia ei tulla poistamaan. Mihin sitten raja vedet\u00e4\u00e4n, onkin jo eri juttu&#8230;..<\/p>\n","protected":false},"excerpt":{"rendered":"<p>T\u00e4ss\u00e4 sivuston osassa kerrotaan menneen ajan tapahtumista. Olemme avanneet merkitt\u00e4vimmille tapahtumille oman sivunsa. Historiallista arvoa omaavista tapahtumista kertovia osuuksia ei tulla poistamaan. Mihin sitten raja vedet\u00e4\u00e4n, onkin jo eri juttu&#8230;..<\/p>\n","protected":false},"author":80,"featured_media":0,"parent":18,"menu_order":0,"comment_status":"open","ping_status":"closed","template":"","meta":{"footnotes":""},"class_list":["post-918","page","type-page","status-publish","hentry"],"_links":{"self":[{"href":"https:\/\/kylat.ekarjala.fi\/vainikkala\/wp-json\/wp\/v2\/pages\/918","targetHints":{"allow":["GET"]}}],"collection":[{"href":"https:\/\/kylat.ekarjala.fi\/vainikkala\/wp-json\/wp\/v2\/pages"}],"about":[{"href":"https:\/\/kylat.ekarjala.fi\/vainikkala\/wp-json\/wp\/v2\/types\/page"}],"author":[{"embeddable":true,"href":"https:\/\/kylat.ekarjala.fi\/vainikkala\/wp-json\/wp\/v2\/users\/80"}],"replies":[{"embeddable":true,"href":"https:\/\/kylat.ekarjala.fi\/vainikkala\/wp-json\/wp\/v2\/comments?post=918"}],"version-history":[{"count":1,"href":"https:\/\/kylat.ekarjala.fi\/vainikkala\/wp-json\/wp\/v2\/pages\/918\/revisions"}],"predecessor-version":[{"id":920,"href":"https:\/\/kylat.ekarjala.fi\/vainikkala\/wp-json\/wp\/v2\/pages\/918\/revisions\/920"}],"up":[{"embeddable":true,"href":"https:\/\/kylat.ekarjala.fi\/vainikkala\/wp-json\/wp\/v2\/pages\/18"}],"wp:attachment":[{"href":"https:\/\/kylat.ekarjala.fi\/vainikkala\/wp-json\/wp\/v2\/media?parent=918"}],"curies":[{"name":"wp","href":"https:\/\/api.w.org\/{rel}","templated":true}]}}