{"id":923,"date":"2013-12-26T17:42:53","date_gmt":"2013-12-26T18:12:53","guid":{"rendered":"https:\/\/kylat.ekarjala.fi\/vainikkala\/?page_id=923"},"modified":"2013-12-26T17:42:53","modified_gmt":"2013-12-26T18:12:53","slug":"kylapyoraily-2007","status":"publish","type":"page","link":"https:\/\/kylat.ekarjala.fi\/vainikkala\/tapahtumakalenteri\/tapahtumahistoria\/kylapyoraily-2007\/","title":{"rendered":"Kyl\u00e4py\u00f6r\u00e4ily 2007"},"content":{"rendered":"<p><strong>Kyl\u00e4py\u00f6r\u00e4ily 20.5.2007<\/strong><\/p>\n<p>Toukokuun Kyl\u00e4py\u00f6r\u00e4ilyn yhteenveto<\/p>\n<p>S\u00e4\u00e4n haltija ei t\u00e4ll\u00e4k\u00e4\u00e4n kertaa suosinut Kyl\u00e4py\u00f6r\u00e4ily\u00e4. Vaikka koko p\u00e4iv\u00e4n vallitsi poutainen ja aurinkoinen s\u00e4\u00e4, silti historiankirjoihin joudutaan kirjaamaan huonot py\u00f6r\u00e4ilyolosuhteet. Eritt\u00e4in voimakas etel\u00e4tuuli haittasi etenemist\u00e4 v\u00e4lill\u00e4 niin ett\u00e4 monivaihteisessa py\u00f6r\u00e4ss\u00e4 piti k\u00e4ytt\u00e4\u00e4 pienint\u00e4 v\u00e4lityst\u00e4, ja siin\u00e4kin jalat joutuivat tekem\u00e4\u00e4n todella tiukkaa lihasty\u00f6t\u00e4. T\u00e4m\u00e4 n\u00e4kyy my\u00f6s suorituskirjauksissa. Sitkeimm\u00e4t py\u00f6r\u00e4ilij\u00e4t toki kiert\u00e4v\u00e4t koko reitin olkoon s\u00e4\u00e4 mit\u00e4 tahansa. T\u00e4ll\u00e4 kertaa koko reitin kiert\u00e4neit\u00e4 oli kuusi. Valtaosa py\u00f6r\u00e4ilij\u00f6ist\u00e4 joutui tyytym\u00e4\u00e4n vain osaan reitist\u00e4, kuitenkin siten ett\u00e4 kuuden kyl\u00e4n mitalirajan ylitti 48 py\u00f6r\u00e4ilij\u00e4\u00e4. Pienemm\u00e4n, arvontaan edellytt\u00e4v\u00e4n nelj\u00e4 kyl\u00e4kirjausta ylitti 83 py\u00f6r\u00e4ilij\u00e4\u00e4. T\u00e4m\u00e4 m\u00e4\u00e4r\u00e4 on hyvin tyypillinen Kyl\u00e4py\u00f6r\u00e4ilyn historiassa.<\/p>\n<p>Tapahtuma sai yhden etappikyl\u00e4n lis\u00e4\u00e4 kun Yl\u00e4maan Korupirtille perustettiin uusi merkint\u00e4asema. Ennakko-odotukset eiv\u00e4t viel\u00e4 t\u00e4yttyneet, sill\u00e4 Yl\u00e4maalla kirjattiin vain 23 suoritusta. Merkillepantavaa on ett\u00e4 Yl\u00e4maalla kirjanneista l\u00e4hes kaikki ovat tulleet merkint\u00e4paikalle Lappeenrannan suunnasta. Kyl\u00e4py\u00f6r\u00e4ilykulttuuri ei siis viel\u00e4 ly\u00f6nyt itse\u00e4\u00e4n l\u00e4pi Yl\u00e4maan kirkonkyl\u00e4ss\u00e4.<\/p>\n<p>KYL\u00c4PY\u00d6R\u00c4ILY 20.5.2007 KYLITT\u00c4IN<\/p>\n<p>(suluissa vuoden 2006 toukokuun tapahtuman lukuja)<br \/>\nPy\u00f6r\u00e4ilij\u00f6it\u00e4 yhteens\u00e4 172 (126)<\/p>\n<p>Kasukkala<br \/>\nKirjauksia 83 (58)<br \/>\nArvontavoittaja:<br \/>\nPinja Leino, Grillaussetti metallipakkauksessa<br \/>\nPalkinnon lahjoittaja: John Nurminen Oy<br \/>\nArvonnan yhteyshenkil\u00f6 Jukka Porali, puh. 0400 558935<\/p>\n<p>Haapaj\u00e4rvi<br \/>\nKirjauksia 101 (66)<br \/>\nArvontavoittaja:<br \/>\nSisko Vainikka<\/p>\n<p>Vainikkala<br \/>\nKirjauksia 107 (72)<br \/>\nArvontavoittajat:<br \/>\nAleksi Kemppinen, frisbee<br \/>\nPirkko Vainikka, j\u00e4\u00e4kaappimagneetti<br \/>\nPekka Leino, maljakko<br \/>\nJoonas Heiska, paistov\u00e4linesetti<br \/>\nMirja M\u00f6ller, paistov\u00e4linesetti<br \/>\nMika Turkkila, mets\u00e4kahvia<br \/>\nTatu Peltonen, Uutis-Vainikkala 12 kk<br \/>\nPirjo Meuronen, Uutis-Vainikkala 12 kk<br \/>\nPalkintojen lahjoittajat: TeliaSonera Finland, Stora Enso Mets\u00e4, Jukka Laine, Vainikkalan kyl\u00e4toimikunta<br \/>\nArvonnan yhteyshenkil\u00f6 Teppo Suhonen, puh. 040 5594773<\/p>\n<p>Villala<br \/>\nKirjauksia 38 (30)<br \/>\nArvontavoittajat:<br \/>\nSami Rusanen ja Markku M\u00e4kinen<br \/>\nPalkintojen lahjoittajat: EKOP Yl\u00e4maa ja Lauritsalan Ruosteenesto<br \/>\nArvonnan yhteyshenkil\u00f6 Anni Lehtola, puh. 050 3599331<\/p>\n<p>Rumpu<br \/>\nKirjauksia 43 (38)<br \/>\nArvontavoittajat:<br \/>\nHilkka per\u00e4kyl\u00e4, pyyhe<br \/>\nSauli Vainikka, p\u00e4\u00e4sylippu Nutikan tansseihin<br \/>\nArvonnan yhteyshenkil\u00f6 Asta Pohjola, puh. 050 3287580<\/p>\n<p>Simola<br \/>\nKirjauksia 72 (59)<br \/>\nArvontavoittajat:<br \/>\nTatu Peltonen, kahvipaketti<br \/>\nTuula Skippari, kahvipaketti<br \/>\nKaija K\u00e4lv\u00e4l\u00e4, kahvipaketti<br \/>\nMikko Kuuluvainen, kahvipaketti<br \/>\nTarja Koskelainen-Latto, kahvipaketti<br \/>\nPalkintojen lahjoittaja: Raippo-Simolan kyl\u00e4toimikunta<br \/>\nArvonnan yhteyshenkil\u00f6 Juha Suuntala, puh. 0400 785782<\/p>\n<p>Hytti<br \/>\nKirjauksia 60 (41)<br \/>\nMahdollisesta arvonnasta tiedotetaan my\u00f6hemmin<\/p>\n<p>Rapattila<br \/>\nKirjauksia 30 (28)<br \/>\nMahdollisesta arvonnasta tiedotetaan my\u00f6hemmin<\/p>\n<p>Hanhij\u00e4rvi<br \/>\nKirjauksia 54 (31)<br \/>\nArvontavoittajat:<br \/>\nSami Rusanen, Jouko Kiianen, Pauli Saira, Marja Vuorinen<br \/>\nArvonnan yhteyshenkil\u00f6 Teemu Rantanen, puh. 0400 131924<\/p>\n<p>Hyttil\u00e4<br \/>\nKirjauksia 29 (21)<br \/>\nMahdollisesta arvonnasta tiedotetaan my\u00f6hemmin<\/p>\n<p>Yl\u00e4maa<br \/>\nKirjauksia 23 (-)<br \/>\nMahdollisesta arvonnasta tiedotetaan my\u00f6hemmin<\/p>\n<p>Kyl\u00e4py\u00f6r\u00e4ilyjuliste 2007<br \/>\nV\u00e4limatkakartta 2007<\/p>\n<p>Toukokuun p\u00e4\u00e4palkinnon arvonta<\/p>\n<p>Toukokuun Kyl\u00e4py\u00f6r\u00e4ilyn p\u00e4\u00e4palkinnon arvonta suoritettiin keskiviikkona 13.6.2005. Arvonnassa olivat mukana kaikki ne 83 py\u00f6r\u00e4ilij\u00e4\u00e4 (65) joilta l\u00f6ytyi suorituskirjaus v\u00e4hint\u00e4\u00e4n nelj\u00e4ss\u00e4 merkint\u00e4paikassa.<\/p>\n<p>P\u00e4\u00e4palkinto<br \/>\nJanne Pylv\u00e4n\u00e4inen, Yl\u00e4maan kunnan lahjoittama spektroliitti-kyn\u00e4teline<\/p>\n<p>Kyl\u00e4py\u00f6r\u00e4ily \u2013p\u00e4\u00e4arvontaan osallistuneet 83 py\u00f6r\u00e4ilij\u00e4\u00e4. Heist\u00e4 mitalisteja 32<\/p>\n<p>Kyl\u00e4py\u00f6r\u00e4ilyn suoritusmitaliin ovat oikeutettuja ne py\u00f6r\u00e4ilij\u00e4t jotka kirjasivat suorituksensa v\u00e4hint\u00e4\u00e4n kuudella merkint\u00e4paikalla. Kirjaamisen yhteydess\u00e4 py\u00f6r\u00e4ilij\u00e4 valitsi paikan josta h\u00e4n haluaa noutaa mitalin. Mitaleja jaetaan 32 kpl. 16 py\u00f6r\u00e4ilij\u00e4\u00e4 j\u00e4tti paikan merkitsem\u00e4tt\u00e4. T\u00e4m\u00e4n j\u00e4rjest\u00e4j\u00e4t tulkitsivat siten ett\u00e4 henkil\u00f6 ei mitalia halua. Mitalien noutopaikat ovat Lappeen Riennon toimisto, Simolan kyl\u00e4kauppa, Yl\u00e4maan Korupirtti ja Vainikkalan Sale. Mitalit ovat noudettavissa em. paikoista 15.6.2007 alkaen. Mitaleita s\u00e4ilytet\u00e4\u00e4n noutopaikoissa 30.9.2007 saakka.<\/p>\n<p>Yksitoista kyl\u00e4\u00e4, 6 py\u00f6r\u00e4ilij\u00e4\u00e4 (0)<br \/>\nKuuluvainen Mikko, Rusanen Sami, Skippari Jorma, Syrj\u00e4l\u00e4inen Alpo, Tuuri Sami, Tuuva Mika<br \/>\nKymmenen kyl\u00e4\u00e4, 0 py\u00f6r\u00e4ilij\u00e4\u00e4 (5)<br \/>\nYhdeks\u00e4n kyl\u00e4\u00e4, 0 py\u00f6r\u00e4ilij\u00e4 (0)<br \/>\nKahdeksan kyl\u00e4\u00e4, 3 py\u00f6r\u00e4ilij\u00e4\u00e4 (0)<br \/>\nManninen Seppo, M\u00e4kinen Markku, Saloj\u00e4rvi Raili<br \/>\nSeitsem\u00e4n kyl\u00e4\u00e4, 8 py\u00f6r\u00e4ilij\u00e4\u00e4 (6)<br \/>\nH\u00e4kkinen Heikki, Junnikkala Pekka, Kupsanen Heikki, Kupsanen Seija, Leino Aulis, Meuronen Erkki, Meuronen Pirjo, Rantanen Teemu<br \/>\nKuusi kyl\u00e4\u00e4, 31 py\u00f6r\u00e4ilij\u00e4\u00e4 (17)<br \/>\nKallio Marketta, Koskelainen-Latto Tarja, Kuluvainen Pirjo, Kuutti Pentti, Latto Juha, Leino Pasi, Maijanen Seppo, Meronen Toivo, Mustola Eeva, Noroaho Helena, Noroaho Kari, Peltonen Markku, Peltonen Minna, Peltonen Tatu, Pihjajaniemi Tuula, Porvari Keijo, Pulli Sari, Rumpu Eija, Saareks Jyrki, Saira Henri, Saira Pauli, Skippari Tuula, Suhonen Margareta, Tapio Erkki, Taskula Jouko, Vainikka Eija, Vainikka Raija, Vainikka Sauli, Vanhapelto Virpi, Viertola Hilkka, Vuorinen Sirkka<br \/>\nViisi kyl\u00e4\u00e4, 16 py\u00f6r\u00e4ilij\u00e4\u00e4 (5)<br \/>\nHaaja Mika, Hyv\u00e4ri Markku, H\u00f6ltt\u00e4 Hannu, Junnikkala Anja, Kaipia Heikki, Kallio Kalevi, Koivisto Reima, Kylli\u00e4inen Pertti, Mikkola Meeri, Mikkola Seppo, M\u00f6ller Mirja, Per\u00e4kyl\u00e4 Hilkka, Pylv\u00e4n\u00e4inen Janne, Rumpu Paula, Tarkiainen Pirjo, Vuorinen Marja<br \/>\nNelj\u00e4 kyl\u00e4\u00e4, 19 py\u00f6r\u00e4ilij\u00e4\u00e4 (32)<br \/>\nJukkala Erkki, Kauppinen Sanni, Kiianen Jouko, Lautala Kirsti, Lautala Martti, Leino Pekka, Nutikka Mervi, Sipil\u00e4inen Asta, Sipil\u00e4inen Pertti, Suuntala Helena, Suuntala Juha, S\u00e4rkk\u00e4 Keijo, Tikka Anniina, Toiviainen Risto, Turkkila Mika, Vainikka Paavo, Vainikka Pirkko, Vainikka Sisko, Yl\u00f6stalo Ritva<br \/>\nKolme Kyl\u00e4\u00e4, 13 py\u00f6r\u00e4ilij\u00e4\u00e4 (13)<br \/>\nKaksi kyl\u00e4\u00e4, 37 py\u00f6r\u00e4ilij\u00e4\u00e4 (10)<br \/>\nYksi kyl\u00e4, 39 py\u00f6r\u00e4ilij\u00e4\u00e4 (38)<\/p>\n<p>Tapahtumaan osallistuneita ensikertalaisia 25 py\u00f6r\u00e4ilij\u00e4\u00e4 (tilastoitu 2000-luvulla)<br \/>\nVuosina 2000-2007 Kyl\u00e4py\u00f6r\u00e4ilyihin osallistunut yhteens\u00e4 760 henkil\u00f6\u00e4.<\/p>\n<p>*************************************************************************************<\/p>\n<p><strong>Kyl\u00e4py\u00f6r\u00e4ily 12.8.2007<\/strong><\/p>\n<p>Elokuun Kyl\u00e4py\u00f6r\u00e4ily\u00e4 haittasi helle<\/p>\n<p>Kyl\u00e4py\u00f6r\u00e4ily saavutti t\u00e4m\u00e4n vuoden elokuussa yhdentoista vuoden i\u00e4n. Ensimm\u00e4inen Kyl\u00e4py\u00f6r\u00e4ily j\u00e4rjestettiin elokuussa 1996. Silloin kyli\u00e4 oli mukana nelj\u00e4. Tapahtuma vakiintui vuonna 1998 yhdeks\u00e4n kyl\u00e4n tapahtumaksi. Samalla py\u00f6r\u00e4ilyp\u00e4ivi\u00e4 alettiin j\u00e4rjest\u00e4\u00e4 kahdesti kes\u00e4n aikana.<\/p>\n<p>Kyl\u00e4py\u00f6r\u00e4ily on nykyisin yhdentoista kyl\u00e4n yhteisesti j\u00e4rjest\u00e4m\u00e4. Uusin merkint\u00e4paikka perustettiin kev\u00e4\u00e4ll\u00e4 Yl\u00e4maan Korupirtille.<\/p>\n<p>Tapahtuman suosio vaihtelee vallitsevan s\u00e4\u00e4n mukaan. Toukokuun tapahtuman py\u00f6r\u00e4ilys\u00e4\u00e4 oli p\u00e4\u00e4osin aurinkoinen, mutta eritt\u00e4in voimakas etel\u00e4tuuli teki matkan teosta tuskallisen ty\u00f6l\u00e4st\u00e4. Elokuun py\u00f6r\u00e4ilyp\u00e4iv\u00e4n\u00e4 s\u00e4\u00e4 oli liian hyv\u00e4. Aurinko porotti helteisesti ja elohopea kohosikin huippulukemiin ollen iltap\u00e4iv\u00e4ll\u00e4 jo 28 astetta. Moni vakio-osallistuja keksi uuvuttavan helteen takia muuta puuhaa ja j\u00e4tti py\u00f6r\u00e4ilyn v\u00e4liin.<\/p>\n<p>Kyl\u00e4py\u00f6r\u00e4ilyn osallistujaenn\u00e4tys syntyi ihannes\u00e4\u00e4ss\u00e4 toukokuussa 2002. Tuolloin tapahtumaan osallistui yhteens\u00e4 237 py\u00f6r\u00e4ilij\u00e4\u00e4.<\/p>\n<p>Kyl\u00e4py\u00f6r\u00e4ilyn j\u00e4rjest\u00e4v\u00e4t yhdess\u00e4 kylien kyl\u00e4yhdistykset, Lappeen Riento ja Martat.<\/p>\n<p>KYL\u00c4PY\u00d6R\u00c4ILY 12.8.2007 KYLITT\u00c4IN<\/p>\n<p>(suluissa vuoden 2006 elokuun tapahtuman lukuja)<br \/>\nPy\u00f6r\u00e4ilij\u00f6it\u00e4 yhteens\u00e4 137 (195)<\/p>\n<p>MERKINT\u00c4PAIKAT<\/p>\n<p>Kasukkala<br \/>\nKirjauksia 70 (93)<br \/>\nArvontavoittaja:<br \/>\nPertti (Mikko) Taalikka, Maglite taskulamppu<br \/>\nPalkintojen lahjoittaja: John Nurminen Oy Rautatielogistiikka<br \/>\nArvonnan yhteyshenkil\u00f6: Jukka Porali<\/p>\n<p>Haapaj\u00e4rvi<br \/>\nKirjauksia 84 (111)<br \/>\nArvontavoittajt:<br \/>\nRisto Karhu<br \/>\nPalkintojen lahjoittaja: Sale Vainikkala<br \/>\nArvonnan yhteyshenkil\u00f6: Pekka Junnikkala<\/p>\n<p>Vainikkala<br \/>\nKirjauksia 91 (126)<br \/>\nArvontavoittajat:<br \/>\nMilla K\u00e4lvi\u00e4inen, juustoty\u00f6kalusetti<br \/>\nJuha Vainikka, maljakko<br \/>\nSeppo Manninen, nahkavy\u00f6<br \/>\nMirjami K\u00e4lvi\u00e4inen, Uutis-Vainikkalan vuosikerta<br \/>\nMaiju Hiiri, kyl\u00e4pelikortit<br \/>\nPalkintojen lahjoittajat: TeliaSonera Finland, EKOP, Vainikkalan kyl\u00e4toimikunta<br \/>\nArvonnan yhteyshenkil\u00f6: Teppo Suhonen<\/p>\n<p>Villala<br \/>\nKirjauksia 23 (38)<br \/>\nArvontaa ei ole suoritettu lehden menness\u00e4 painoon<\/p>\n<p>Rumpu<br \/>\nKirjauksia 35 (59)<br \/>\nArvontavoittajat:<br \/>\nKalevi Kallio, lyhty<br \/>\nMarkku M\u00e4kinen, lyhty<br \/>\nArvonnan yhteyshenkil\u00f6: Asta Pohjola<\/p>\n<p>Simola<br \/>\nKirjauksia 43 (88)<br \/>\nArvontaa ei ole suoritettu lehden menness\u00e4 painoon<\/p>\n<p>Hytti<br \/>\nKirjauksia 35 (74)<br \/>\nArvontaa ei ole suoritettu lehden menness\u00e4 painoon<\/p>\n<p>Rapattila<br \/>\nKirjauksia 30 (31)<br \/>\nArvontaa ei ole suoritettu lehden menness\u00e4 painoon<\/p>\n<p>Hanhij\u00e4rvi<br \/>\nKirjauksia 33 (62)<br \/>\nArvontavoittajat:<br \/>\nSirkka Vuorinen<br \/>\nTitta Kivikko<br \/>\nMarkku M\u00e4kinen<br \/>\nJere Kuismin<br \/>\nArvonnan yhteyshenkil\u00f6: Teemu Rantanen<\/p>\n<p>Hyttil\u00e4<br \/>\nKirjauksia 22 (36)<br \/>\nArvontaa ei ole suoritettu lehden menness\u00e4 painoon<\/p>\n<p>Yl\u00e4maa<br \/>\nKirjauksia 17 (00)<br \/>\nArvontaa ei ole suoritettu lehden menness\u00e4 painoon<\/p>\n<p>Elokuun p\u00e4\u00e4palkinnon arvonta<\/p>\n<p>Elokuun Kyl\u00e4py\u00f6r\u00e4ilyn p\u00e4\u00e4palkinnon arvonta suoritettiin Urheilu Koskimies Oy:n hallimyym\u00e4l\u00e4ss\u00e4 maanantaina 3.9.2007. Arvonnassa olivat mukana kaikki ne 62 py\u00f6r\u00e4ilij\u00e4\u00e4 joilta l\u00f6ytyi suorituskirjaus v\u00e4hint\u00e4\u00e4n nelj\u00e4ss\u00e4 merkint\u00e4paikassa. Arvonnan suorittivat Kari Nyk\u00e4nen ja Pirjo Outinen Urheilu Koskimiehest\u00e4 sek\u00e4 Sauli Vainikka j\u00e4rjest\u00e4jien edustajana.<\/p>\n<div id=\"attachment_924\" style=\"width: 310px\" class=\"wp-caption alignnone\"><a href=\"https:\/\/kylat.ekarjala.fi\/vainikkala\/wp-content\/uploads\/sites\/36\/2013\/12\/kyl\u00e4p.jpg\"><img loading=\"lazy\" decoding=\"async\" aria-describedby=\"caption-attachment-924\" class=\"size-medium wp-image-924\" alt=\"Kyl\u00e4py\u00f6r\u00e4ilyn p\u00e4\u00e4palkinnon voitti Jorma Raskila Kemppil\u00e4st\u00e4\" src=\"https:\/\/kylat.ekarjala.fi\/vainikkala\/wp-content\/uploads\/sites\/36\/2013\/12\/kyl\u00e4p-300x224.jpg\" width=\"300\" height=\"224\" srcset=\"https:\/\/kylat.ekarjala.fi\/vainikkala\/wp-content\/uploads\/sites\/36\/2013\/12\/kyl\u00e4p-300x224.jpg 300w, https:\/\/kylat.ekarjala.fi\/vainikkala\/wp-content\/uploads\/sites\/36\/2013\/12\/kyl\u00e4p.jpg 448w\" sizes=\"auto, (max-width: 300px) 100vw, 300px\" \/><\/a><p id=\"caption-attachment-924\" class=\"wp-caption-text\">Kyl\u00e4py\u00f6r\u00e4ilyn p\u00e4\u00e4palkinnon voitti Jorma Raskila Kemppil\u00e4st\u00e4<\/p><\/div>\n<p>P\u00e4\u00e4palkinto<br \/>\nJorma Raskila, Urheilu-Koskimiehen lahjoittama Trek -maastopolkupy\u00f6r\u00e4<\/p>\n<p>Lis\u00e4palkinnot<br \/>\nPekka Junnikkala, j\u00e4rjest\u00e4jien lahjoittama makuupussi<br \/>\nUnto Bryggare, j\u00e4rjest\u00e4jien lahjoittama otsavalaisin<br \/>\nMirjami K\u00e4lvi\u00e4inen, j\u00e4rjest\u00e4jien lahjoittamat k\u00e4velysauvat<br \/>\nRaija Vainikka, j\u00e4rjest\u00e4jien lahjoittama juomavy\u00f6<br \/>\nJorma Skippari, j\u00e4rjest\u00e4jien lahjoittama py\u00f6r\u00e4ilykyp\u00e4r\u00e4<br \/>\nLis\u00e4palkinnot ostettiin Urheilu-Koskimiehen myym\u00e4l\u00e4n monipuolisesta valikoimasta.<\/p>\n<p>Arvonnassa mukana olleet 62 henkil\u00f6\u00e4 (97)<\/p>\n<p>Kyl\u00e4py\u00f6r\u00e4ilyn p\u00e4\u00e4arvontaan olivat oikeutettuja ne py\u00f6r\u00e4ilij\u00e4t jotka kirjasivat suorituksensa v\u00e4hint\u00e4\u00e4n nelj\u00e4ll\u00e4 merkint\u00e4paikalla.<\/p>\n<p>Kaikki yksitoista kyl\u00e4\u00e4, 6 py\u00f6r\u00e4ilij\u00e4\u00e4 (0)<br \/>\nHeiska Kimmo, Kuismin Jere, Kuuluvainen Mikko, Rumpu Aimo, Rumpu Eija, Skippari Jorma<br \/>\nKymmenen kyl\u00e4\u00e4, 3 py\u00f6r\u00e4ilij\u00e4\u00e4 (10)<br \/>\nKivikko Titta, Taskula Jouko, Tuuri Sami<br \/>\nYhdeks\u00e4n kyl\u00e4\u00e4, 0 py\u00f6r\u00e4ilij\u00e4\u00e4 (1)<br \/>\nKahdeksan kyl\u00e4\u00e4, 2 py\u00f6r\u00e4ilij\u00e4\u00e4 (2)<br \/>\nKiero Jarmo, Leino Pekka<br \/>\nSeitsem\u00e4n kyl\u00e4\u00e4, 5 py\u00f6r\u00e4ilij\u00e4\u00e4 (7)<br \/>\nJunnikkala Pekka, Kirvesniemi Ari, Maijanen Seppo, M\u00e4kinen Markku, Vainikka Sauli<br \/>\nKuusi kyl\u00e4\u00e4, 11 py\u00f6r\u00e4ilij\u00e4\u00e4 (23)<br \/>\nHiiri Maiju, Hiiri Marja, Hiiri Mira, Peltonen Markku, Peltonen Minna, Raskila Jorma, Skippari Tuula, Taina Auli, Tynkkynen Oili, Tynkkynen Vesa, Vuorinen Sirkka,<br \/>\nViisi kyl\u00e4\u00e4, 6 py\u00f6r\u00e4ilij\u00e4\u00e4 (13)<br \/>\nKallio Kalevi, Kallio Marketta, Manninen Seppo, Pihlajaniemi Teemu, Pihlajaniemi Tuula, Pulli Matti,<br \/>\nNelj\u00e4 kyl\u00e4\u00e4, 29 py\u00f6r\u00e4ilij\u00e4\u00e4 (41)<br \/>\nBryggare Unto, Hytti Markku, Jukkala Erkki, Junnikkala Anja, Junnikkala Jukka, Kaipia Heikki, Kauppinen Sanni, Koivisto Reima, K\u00e4lvi\u00e4inen Juha-Matti, K\u00e4lvi\u00e4inen Marja-Liisa, K\u00e4lvi\u00e4inen Mirjami, K\u00e4lvi\u00e4inen Petteri, K\u00e4lvi\u00e4inen Santeri, K\u00e4lvi\u00e4inen Viljami, Mikkola Meeri, Mikkola Seppo, Nikunen Onni, Per\u00e4kyl\u00e4 Hilkka, Raskila Hilkka, Raskila Petter, Rumpu Paula, Sipil\u00e4inen Asta, Sipil\u00e4inen Pertti, Soppi Teemu, Tapio Erkki, Vainikka Raija, Vainikka Sisko, Vanhapelto Virpi, Yl\u00f6stalo Pekka<br \/>\nKolme kyl\u00e4\u00e4, 14 py\u00f6r\u00e4ilij\u00e4\u00e4 (19) Ei mukana p\u00e4\u00e4arvonnassa<br \/>\nKaksi kyl\u00e4\u00e4, 21 py\u00f6r\u00e4ilij\u00e4\u00e4 (41) Ei mukana p\u00e4\u00e4arvonnassa<br \/>\nYksi kyl\u00e4, 40 py\u00f6r\u00e4ilij\u00e4\u00e4 (38) Ei mukana p\u00e4\u00e4arvonnassa<\/p>\n<p>Ensimm\u00e4inen osallistuminen Kyl\u00e4py\u00f6r\u00e4ily-tapahtumaan, 30 py\u00f6r\u00e4ilij\u00e4\u00e4 (2000-luvulla)<br \/>\nVuosina 2000-2007 Kyl\u00e4py\u00f6r\u00e4ilyihin osallistunut yhteens\u00e4 yli 700 henkil\u00f6\u00e4.<\/p>\n","protected":false},"excerpt":{"rendered":"<p>Kyl\u00e4py\u00f6r\u00e4ily 20.5.2007 Toukokuun Kyl\u00e4py\u00f6r\u00e4ilyn yhteenveto S\u00e4\u00e4n haltija ei t\u00e4ll\u00e4k\u00e4\u00e4n kertaa suosinut Kyl\u00e4py\u00f6r\u00e4ily\u00e4. Vaikka koko p\u00e4iv\u00e4n vallitsi poutainen ja aurinkoinen s\u00e4\u00e4, silti historiankirjoihin joudutaan kirjaamaan huonot py\u00f6r\u00e4ilyolosuhteet. Eritt\u00e4in voimakas etel\u00e4tuuli haittasi etenemist\u00e4 v\u00e4lill\u00e4 niin ett\u00e4 monivaihteisessa py\u00f6r\u00e4ss\u00e4 piti k\u00e4ytt\u00e4\u00e4 pienint\u00e4 v\u00e4lityst\u00e4, &hellip; <a href=\"https:\/\/kylat.ekarjala.fi\/vainikkala\/tapahtumakalenteri\/tapahtumahistoria\/kylapyoraily-2007\/\">Lue loppuun <span class=\"meta-nav\">&rarr;<\/span><\/a><\/p>\n","protected":false},"author":80,"featured_media":0,"parent":918,"menu_order":0,"comment_status":"open","ping_status":"closed","template":"","meta":{"footnotes":""},"class_list":["post-923","page","type-page","status-publish","hentry"],"_links":{"self":[{"href":"https:\/\/kylat.ekarjala.fi\/vainikkala\/wp-json\/wp\/v2\/pages\/923","targetHints":{"allow":["GET"]}}],"collection":[{"href":"https:\/\/kylat.ekarjala.fi\/vainikkala\/wp-json\/wp\/v2\/pages"}],"about":[{"href":"https:\/\/kylat.ekarjala.fi\/vainikkala\/wp-json\/wp\/v2\/types\/page"}],"author":[{"embeddable":true,"href":"https:\/\/kylat.ekarjala.fi\/vainikkala\/wp-json\/wp\/v2\/users\/80"}],"replies":[{"embeddable":true,"href":"https:\/\/kylat.ekarjala.fi\/vainikkala\/wp-json\/wp\/v2\/comments?post=923"}],"version-history":[{"count":1,"href":"https:\/\/kylat.ekarjala.fi\/vainikkala\/wp-json\/wp\/v2\/pages\/923\/revisions"}],"predecessor-version":[{"id":925,"href":"https:\/\/kylat.ekarjala.fi\/vainikkala\/wp-json\/wp\/v2\/pages\/923\/revisions\/925"}],"up":[{"embeddable":true,"href":"https:\/\/kylat.ekarjala.fi\/vainikkala\/wp-json\/wp\/v2\/pages\/918"}],"wp:attachment":[{"href":"https:\/\/kylat.ekarjala.fi\/vainikkala\/wp-json\/wp\/v2\/media?parent=923"}],"curies":[{"name":"wp","href":"https:\/\/api.w.org\/{rel}","templated":true}]}}