{"id":926,"date":"2013-12-26T17:44:55","date_gmt":"2013-12-26T18:14:55","guid":{"rendered":"https:\/\/kylat.ekarjala.fi\/vainikkala\/?page_id=926"},"modified":"2013-12-26T17:44:55","modified_gmt":"2013-12-26T18:14:55","slug":"kylapyoraily-2008","status":"publish","type":"page","link":"https:\/\/kylat.ekarjala.fi\/vainikkala\/tapahtumakalenteri\/tapahtumahistoria\/kylapyoraily-2008\/","title":{"rendered":"Kyl\u00e4py\u00f6r\u00e4ily 2008"},"content":{"rendered":"<p><strong>Kyl\u00e4py\u00f6r\u00e4ily 18.5.2008<\/strong><\/p>\n<p>Toukokuun Kyl\u00e4py\u00f6r\u00e4ily \u201dfloppasi\u201d l\u00e4hes t\u00e4ydellisesti. Osallistujien m\u00e4\u00e4r\u00e4ss\u00e4 saavutettiin negatiivinen enn\u00e4tys, toisin sanonen pohjanoteeraus. Syyt ep\u00e4onnistumiseen on helposti l\u00f6ydett\u00e4viss\u00e4. Py\u00f6r\u00e4ilyn onnistumiseen on aina vaikuttanut vallitseva s\u00e4\u00e4. Se ei todellakaan suosinut toukokuun tapahtumaa. Taivaalta tuli vett\u00e4 kuuroluontoisesti pitkin p\u00e4iv\u00e4\u00e4 eik\u00e4 l\u00e4mp\u00f6tilakaan ollut toivotulla tasolla. Oli osattava pukeutua sadetta ja viileytt\u00e4 vastaan. Ei ylivoimaista mutta silti riitt\u00e4v\u00e4 \u201deste\u201d monelle mukavuutta hakevalle py\u00f6r\u00e4ilij\u00e4lle.<\/p>\n<p>S\u00e4\u00e4t\u00e4 suurempi ep\u00e4onnistumisen syy l\u00f6ytyy tiedottamisen puutteista. Uutis-Vainikkala ja s\u00e4hk\u00f6iset tiedotuskanavat internetiss\u00e4 viestittiv\u00e4t tapahtumasta jo edellisest\u00e4 syksyst\u00e4 l\u00e4htien. Kyl\u00e4py\u00f6r\u00e4ilyyn osallistuva \u201dperuspy\u00f6r\u00e4ilij\u00e4\u201d ei lue Uutis-Vainikkalaa eik\u00e4 selaa netin tapahtumakalentereja. Tapahtumatieto tavoittaa peruspy\u00f6r\u00e4ilij\u00e4n maakuntalehden ja kaupunkilehtien ennakkojuttujen sek\u00e4 kylien ilmoitustaulujen kautta. Toukokuun Kyl\u00e4py\u00f6r\u00e4ilyss\u00e4 n\u00e4m\u00e4 tiedottamistavat puutuivat l\u00e4hes kokonaan. Tapahtuman julistetta ei ehditty levitt\u00e4m\u00e4\u00e4n kylille ajoissa. My\u00f6s lehdist\u00f6tiedotteiden tekoon ei riitt\u00e4nyt allekirjoittaneella aikaa. Peiliin on katsottu ja johtop\u00e4\u00e4t\u00f6kset tehty.<\/p>\n<p>Kes\u00e4n toinen Kyl\u00e4py\u00f6r\u00e4ily poljetaan sunnuntaina 10. elokuuta. Tapahtuman p\u00e4\u00e4palkintona arvotaan tuolloin upea Trek 4400 maastopolkupy\u00f6r\u00e4 Urheilu Koskimiehen valikoimasta.<\/p>\n<p>KYL\u00c4PY\u00d6R\u00c4ILY 18.5.2008 KYLITT\u00c4IN<\/p>\n<p>(suluissa vuoden 2007 toukokuun tapahtuman lukuja)<br \/>\nPy\u00f6r\u00e4ilij\u00f6it\u00e4 yhteens\u00e4 76 (172)<\/p>\n<p>Kasukkala<br \/>\nKirjauksia 29 (83)<br \/>\nArvontavoittaja:<br \/>\nSisko Vainikka, Ensiapulaukku<\/p>\n<p>Palkinnon lahjoittaja:<br \/>\nNurminen Logistics Oy<br \/>\nArvonnan yhteyshenkil\u00f6 Jukka Porali, puh. 0400 558935<\/p>\n<p>Haapaj\u00e4rvi<br \/>\nKirjauksia 41 (101)<br \/>\nMahdollisesta arvonnasta tiedotetaan my\u00f6hemmin<\/p>\n<p>Vainikkala<br \/>\nKirjauksia 57 (107)<br \/>\nArvontavoittajat:<br \/>\nJukka Junnikkala, Juomapullo<br \/>\nRaine K\u00e4lvi\u00e4inen, S\u00e4ilytysrasia<br \/>\nRaili Vainikka, Kyl\u00e4t-korttipakka<br \/>\nHelj\u00e4 Kotonen, Kyl\u00e4t-korttipakka<br \/>\nHenri Saira, Pizza-lahjakortti<br \/>\nAleksi Kemppinen, Uutis-Vainikkala 12 kk<br \/>\nJouni Kiero, Uutis-Vainikkala 12 kk<br \/>\nPalkintojen lahjoittajat:<br \/>\nSale-Vainikkala, Ravintola Ukko-Pekka, Vainikkalan kyl\u00e4toimikunta<br \/>\nArvonnan yhteyshenkil\u00f6 Teppo Suhonen, puh. 040 5594773<\/p>\n<p>Villala<br \/>\nKirjauksia 19 (38)<br \/>\nArvontavoittajat:<br \/>\nMaija Turkia, sateenvarjo<br \/>\nJoel Kiero, l\u00f6ylymittari<br \/>\nPalkintojen lahjoittajat:<br \/>\nParturi-kampaaja Arja P\u00e4iv\u00e4rinta, EKOP Yl\u00e4maa<br \/>\nArvonnan yhteyshenkil\u00f6 Anni Lehtola, puh. 050 3599331<\/p>\n<p>Rumpu<br \/>\nKirjauksia 25 (43)<br \/>\nMahdollisesta arvonnasta tiedotetaan my\u00f6hemmin<\/p>\n<p>Simola<br \/>\nKirjauksia 25 (72)<br \/>\nMahdollisesta arvonnasta tiedotetaan my\u00f6hemmin<\/p>\n<p>Hytti<br \/>\nKirjauksia 20 (60)<br \/>\nArvontavoitajat:<br \/>\nMarjo Pohjola, py\u00f6r\u00e4n lukko<br \/>\nTarja Koskelainen-Latto, soittokello<br \/>\nHannu Lattu, kahvia<\/p>\n<p>Rapattila<br \/>\nKirjauksia 15 (30)<br \/>\nMahdollisesta arvonnasta tiedotetaan my\u00f6hemmin<\/p>\n<p>Hanhij\u00e4rvi<br \/>\nKirjauksia 18 (54)<br \/>\nMahdollisesta arvonnasta tiedotetaan my\u00f6hemmin<\/p>\n<p>Hyttil\u00e4<br \/>\nKirjauksia 19 (29)<br \/>\nMahdollisesta arvonnasta tiedotetaan my\u00f6hemmin<\/p>\n<p>Yl\u00e4maa<br \/>\nKirjauksia 13 (23)<br \/>\nMahdollisesta arvonnasta tiedotetaan my\u00f6hemmin<\/p>\n<p>Toukokuun p\u00e4\u00e4palkinnon arvonta<\/p>\n<p>Toukokuun Kyl\u00e4py\u00f6r\u00e4ilyn p\u00e4\u00e4palkinnon arvonta suoritettiin Vainikkalan kirjastossa Lappeen Riennon ja Vainikkalan kyl\u00e4toimikunnan edustajien toimesta perjantaina 13.6.2008. Arvonnassa olivat mukana kaikki ne 35 py\u00f6r\u00e4ilij\u00e4\u00e4 (83) joilta l\u00f6ytyi suorituskirjaus v\u00e4hint\u00e4\u00e4n nelj\u00e4ss\u00e4 merkint\u00e4paikassa.<\/p>\n<p>P\u00e4\u00e4palkinto<br \/>\nJouni Kiero, Yl\u00e4maan kunnan lahjoittama spektroliitti-kyn\u00e4teline<\/p>\n<p>Kyl\u00e4py\u00f6r\u00e4ily \u2013p\u00e4\u00e4arvontaan osallistuneet 35 py\u00f6r\u00e4ilij\u00e4\u00e4. Heist\u00e4 mitalisteja 15<\/p>\n<p>Kyl\u00e4py\u00f6r\u00e4ilyn suoritusmitaliin ovat oikeutettuja ne py\u00f6r\u00e4ilij\u00e4t jotka kirjasivat suorituksensa v\u00e4hint\u00e4\u00e4n kuudella merkint\u00e4paikalla. Kirjaamisen yhteydess\u00e4 py\u00f6r\u00e4ilij\u00e4 valitsi paikan josta h\u00e4n haluaa noutaa mitalin. Mitaleja jaetaan 15 kpl. Viisi py\u00f6r\u00e4ilij\u00e4\u00e4 j\u00e4tti paikan merkitsem\u00e4tt\u00e4. T\u00e4m\u00e4n j\u00e4rjest\u00e4j\u00e4t tulkitsevat siten ett\u00e4 henkil\u00f6 ei mitalia halua. Vuoden 2008 mitalien noutopaikat ovat Lappeen Riennon toimisto ja Vainikkalan Sale. Mitalit ovat noudettavissa em. paikoista 23.6.2008 alkaen. Mitaleita s\u00e4ilytet\u00e4\u00e4n noutopaikoissa 30.9.2008 saakka. Mitali pit\u00e4\u00e4 noutaa lomakkeeseen kirjatusta paikasta.<\/p>\n<p>Yksitoista kyl\u00e4\u00e4, 4 py\u00f6r\u00e4ilij\u00e4\u00e4 (6)<br \/>\nHeiska Kimmo, Junnikkala Pekka, Kuuluvainen Mikko, Tuuva Mika<br \/>\nKymmenen kyl\u00e4\u00e4, 0 py\u00f6r\u00e4ilij\u00e4\u00e4 (0)<br \/>\nYhdeks\u00e4n kyl\u00e4\u00e4, 0 py\u00f6r\u00e4ilij\u00e4 (0)<br \/>\nKahdeksan kyl\u00e4\u00e4, 1 py\u00f6r\u00e4ilij\u00e4\u00e4 (3)<br \/>\nManninen Seppo<br \/>\nSeitsem\u00e4n kyl\u00e4\u00e4, 2 py\u00f6r\u00e4ilij\u00e4\u00e4 (8)<br \/>\nPohjola Marjo, Uotinen Hannu<br \/>\nKuusi kyl\u00e4\u00e4, 13 py\u00f6r\u00e4ilij\u00e4\u00e4 (31)<br \/>\nKiero Joel, Kiero Jouni, Koskelainen-Latto Tarja, Latto Juha, Lattu Hannu, Niemist\u00f6 Sirkka, Peltonen Markku, Pihjajaniemi Tuula, Saira Henri, Vainikka Juha, Vainikka Raija, Vanhapelto Virpi, Viertola Hilkka<br \/>\nViisi kyl\u00e4\u00e4, 5 py\u00f6r\u00e4ilij\u00e4\u00e4 (16)<br \/>\nKallio Marketta, Paajanen Tuire, Rumpu Aimo, Rumpu Eija, Tapio Erkki<br \/>\nNelj\u00e4 kyl\u00e4\u00e4, 10 py\u00f6r\u00e4ilij\u00e4\u00e4 (19)<br \/>\nJunnikkala Anja, Junnikkala Jukka, Kauppinen Sanni, Kuuluvainen Pirjo, Leino Pasi, Mikkola Meeri, Mikkola Seppo, Turkia Maija, Vainikka Sauli, Vainikka Sisko<br \/>\nKolme Kyl\u00e4\u00e4, 9 py\u00f6r\u00e4ilij\u00e4\u00e4 (13)<br \/>\nKaksi kyl\u00e4\u00e4, 13 py\u00f6r\u00e4ilij\u00e4\u00e4 (37)<br \/>\nYksi kyl\u00e4, 19 py\u00f6r\u00e4ilij\u00e4\u00e4 (39)<\/p>\n<p>Tapahtumaan osallistuneita ensikertalaisia oli 5 py\u00f6r\u00e4ilij\u00e4\u00e4 (tilastoitu 2000-luvulla)<br \/>\nVuosina 2000-2008 Kyl\u00e4py\u00f6r\u00e4ilyihin on osallistunut yhteens\u00e4 765 henkil\u00f6\u00e4.<\/p>\n<p>********************************************************************************<\/p>\n<p><strong>Kyl\u00e4py\u00f6r\u00e4ily 10.8.2008<\/strong><\/p>\n<p>Elokuun Kyl\u00e4py\u00f6r\u00e4ilyss\u00e4 oli paljon ensikertalaisia<\/p>\n<p>Elokuun Kyl\u00e4py\u00f6r\u00e4ilyss\u00e4 koettiin pitk\u00e4st\u00e4 aikaan onnistuneen tapahtuman el\u00e4myksi\u00e4. S\u00e4\u00e4 oli kes\u00e4n yleiseen tasoon verraten kohtalaisen hyv\u00e4. Vain paikallisia sadekuuroja oli kiusana, tosin rankkoina jos kohdalle sattui. L\u00e4mp\u00f6tila oli sopiva ja tuulikin varsin kohtuullinen.<\/p>\n<p>Kyl\u00e4py\u00f6r\u00e4ily on tapahtumana jo vanha. Se saavutti t\u00e4m\u00e4n vuoden elokuussa kahdentoista vuoden i\u00e4n. Ensimm\u00e4inen Kyl\u00e4py\u00f6r\u00e4ily j\u00e4rjestettiin elokuussa 1996. Silloin kyli\u00e4 oli mukana nelj\u00e4. Tapahtuma vakiintui vuonna 1998 yhdeks\u00e4n kyl\u00e4n tapahtumaksi. Samalla py\u00f6r\u00e4ilyp\u00e4ivi\u00e4 alettiin j\u00e4rjest\u00e4\u00e4 kahdesti kes\u00e4n aikana.\u00a0 Kyl\u00e4py\u00f6r\u00e4ily on nykyisin yhdentoista kyl\u00e4n yhteisesti j\u00e4rjest\u00e4m\u00e4.<\/p>\n<p>Kyl\u00e4py\u00f6r\u00e4ilyn osallistujaenn\u00e4tys syntyi ihannes\u00e4\u00e4ss\u00e4 toukokuussa 2002. Tuolloin tapahtumaan osallistui yhteens\u00e4 237 py\u00f6r\u00e4ilij\u00e4\u00e4.<\/p>\n<p>Kyl\u00e4py\u00f6r\u00e4ilyn j\u00e4rjest\u00e4v\u00e4t yhdess\u00e4 kylien kyl\u00e4yhdistykset ja Lappeen Riento.<\/p>\n<p>KYL\u00c4PY\u00d6R\u00c4ILY 10.8.2008 KYLITT\u00c4IN<\/p>\n<p>(suluissa vuoden 2007 elokuun tapahtuman lukuja). Tiedot Uutis-Vainikkala lehden syskuun numerosta<\/p>\n<p>Py\u00f6r\u00e4ilij\u00f6it\u00e4 yhteens\u00e4 127 (137)<\/p>\n<p>MERKINT\u00c4PAIKAT<\/p>\n<p>Kasukkala<br \/>\nKirjauksia 60 (70)<br \/>\nArvontavoittaja:<br \/>\nMartti Lautala, reppu<br \/>\nPalkintojen lahjoittaja:<br \/>\nNurminen Logistics Oy<br \/>\nArvonnan yhteyshenkil\u00f6: Jukka Porali<\/p>\n<p>Haapaj\u00e4rvi<br \/>\nKirjauksia 79 (84)<br \/>\nArvontaa ei ole suoritettu lehden menness\u00e4 painoon<\/p>\n<p>Vainikkala<br \/>\nKirjauksia 84 (91)<br \/>\nArvontavoittajat:<br \/>\nVeera Pajari, kyl\u00e4pelikortit<br \/>\nHelj\u00e4 Kotonen, CD-levy<br \/>\nSami Tuuri, CD-levy<br \/>\nSeppo Manninen, pizza<br \/>\nTarja Koskelainen-Latto, kahvipaketti<br \/>\nPaula Rumpu, t-paita<br \/>\nMira Hiiri, U-V vuosikerta<br \/>\nJari Rantanen, U-V vuosikerta<br \/>\nPalkintojen lahjoittajat:<br \/>\nSonera Piste, Sale Vainikkala, Ravintola Ukko-Pekka, Vainikkalan kyl\u00e4toimikunta<br \/>\nArvonnan yhteyshenkil\u00f6: Teppo Suhonen<\/p>\n<p>Villala<br \/>\nKirjauksia 29 (23)<br \/>\nArvontavoittajat:<br \/>\nErkki Tapio, istuinsuoja + lippis<br \/>\nMartti Kailio, sateenvarjo + lippis + taskulamppu<br \/>\nPalkintojen lahjoittajat:<br \/>\nMets\u00e4liitto ja EKOP<br \/>\nArvonnan yhteyshenkil\u00f6: Anni Lehtola<\/p>\n<p>Rumpu<br \/>\nKirjauksia 41 (35)<br \/>\nArvontavoittajat:<br \/>\nRaija Hovi, lyhty<br \/>\nMika Tuuva, lyhty<br \/>\nArvonnan yhteyshenkil\u00f6: Asta Pohjola<\/p>\n<p>Simola<br \/>\nKirjauksia 51 (43)<br \/>\nArvontaa ei ole suoritettu lehden menness\u00e4 painoon<\/p>\n<p>Hytti<br \/>\nKirjauksia 51 (35)<br \/>\nArvontaa ei ole suoritettu lehden menness\u00e4 painoon<\/p>\n<p>Rapattila<br \/>\nKirjauksia 27 (30)<br \/>\nArvontaa ei ole suoritettu lehden menness\u00e4 painoon<\/p>\n<p>Hanhij\u00e4rvi<br \/>\nKirjauksia 37 (33)<br \/>\nArvontaa ei ole suoritettu lehden menness\u00e4 painoon<\/p>\n<p>Hyttil\u00e4<br \/>\nKirjauksia 29 (22)<\/p>\n<p>Arvontaa ei ole suoritettu lehden menness\u00e4 painoon<\/p>\n<p>Yl\u00e4maa<br \/>\nKirjauksia 23 (17)<br \/>\nArvontaa ei ole suoritettu lehden menness\u00e4 painoon<\/p>\n<p>Elokuun p\u00e4\u00e4palkinnon arvonta<\/p>\n<p>Elokuun Kyl\u00e4py\u00f6r\u00e4ilyn p\u00e4\u00e4palkinnon arvonta suoritettiin Urheilu Koskimies Oy:n hallimyym\u00e4l\u00e4ss\u00e4 torstaina 21.8.2008. Arvonnassa olivat mukana kaikki ne 80 py\u00f6r\u00e4ilij\u00e4\u00e4 joilta l\u00f6ytyi suorituskirjaus v\u00e4hint\u00e4\u00e4n nelj\u00e4ss\u00e4 merkint\u00e4paikassa. Arvonnan suorittivat Kari Nyk\u00e4nen ja Tanja Modinos Urheilu Koskimiehest\u00e4 sek\u00e4 Sauli Vainikka j\u00e4rjest\u00e4jien edustajana.<\/p>\n<p>P\u00e4\u00e4palkinto<br \/>\nTeemu Soppi, Urheilu-Koskimiehen lahjoittama Trek -maastopolkupy\u00f6r\u00e4<br \/>\nLis\u00e4palkinnot<br \/>\nKatri Pylkk\u00f6nen, j\u00e4rjest\u00e4jien lahjoittama sykemittari<br \/>\nLeila Kailio, j\u00e4rjest\u00e4jien lahjoittama makuupussi<br \/>\nSami Tuuri, j\u00e4rjest\u00e4jien lahjoittamat k\u00e4velysauvat<br \/>\nJaana K\u00e4lvi\u00e4inen, j\u00e4rjest\u00e4jien lahjoittama urheilukassi<br \/>\nAnna Kemppinen, j\u00e4rjest\u00e4jien lahjoittama py\u00f6r\u00e4ilykyp\u00e4r\u00e4<\/p>\n<p>Arvonnassa mukana olleet 80 henkil\u00f6\u00e4 (62)<\/p>\n<p>Kyl\u00e4py\u00f6r\u00e4ilyn p\u00e4\u00e4arvontaan olivat oikeutettuja ne py\u00f6r\u00e4ilij\u00e4t jotka kirjasivat suorituksensa v\u00e4hint\u00e4\u00e4n nelj\u00e4ll\u00e4 merkint\u00e4paikalla.<\/p>\n<p>Kaikki yksitoista kyl\u00e4\u00e4, 6 py\u00f6r\u00e4ilij\u00e4\u00e4 (6)<br \/>\nHiiri Timo, Kuuluvainen Mikko, Rumpu Aimo, Rumpu Eija, Taskula Jouko, Tikkanen Jussi (u)<br \/>\nKymmenen kyl\u00e4\u00e4, 1 py\u00f6r\u00e4ilij\u00e4\u00e4 (3)<br \/>\nSkippari Jorma<br \/>\nYhdeks\u00e4n kyl\u00e4\u00e4, 4 py\u00f6r\u00e4ilij\u00e4\u00e4 (0)<br \/>\nHiiri Maiju, Hiiri Marja, Hiiri Mira, Tuuva Mika<br \/>\nKahdeksan kyl\u00e4\u00e4, 0 py\u00f6r\u00e4ilij\u00e4\u00e4 (2)<br \/>\nSeitsem\u00e4n kyl\u00e4\u00e4, 3 py\u00f6r\u00e4ilij\u00e4\u00e4 (5)<br \/>\nKupsanen Heikki, Maijanen Seppo, Pohjola Marjo<br \/>\nKuusi kyl\u00e4\u00e4, 12 py\u00f6r\u00e4ilij\u00e4\u00e4 (11)<br \/>\nImmonen Sirpa (u), Kailio Leila, Kailio Martti, Kiero Jarmo, Kiianen Jouko, Koskelainen-Latto Tarja, Latto Juha, Manninen Seppo, Penttinen Aki, Pihlajaniemi Tuula, Saarteks Jarmo, Tuuri Sami,<br \/>\nViisi kyl\u00e4\u00e4, 9 py\u00f6r\u00e4ilij\u00e4\u00e4 (6)<br \/>\nKotonen Helj\u00e4, Kylli\u00e4inen Pertti, Mikkola Meeri, Mikkola Seppo, Nutikka Mervi, Raskila Jorma, Tapio Erkki, Vainikka Sauli, Vilkko Jorma<br \/>\nNelj\u00e4 kyl\u00e4\u00e4, 45 py\u00f6r\u00e4ilij\u00e4\u00e4 (29)<br \/>\nHarju Jari (u), Hovi Raija (u), Hytti Markku, Junnikkala Anja, Junnikkala Jukka, Junnikkala Pekka, Kainulainen Nina (u), Kauppinen Sanni, Kemppinen Aleksi, Kemppinen Anna, Kiero Atte (u), Kiero Joel, Kiero Jouni, Kiero Matleena (u), Kiero Petteri (u), Koivisto Reima, Kuuluvainen Pirjo, K\u00e4lvi\u00e4inen Jaana, K\u00e4lvi\u00e4inen Jesse, K\u00e4lvi\u00e4inen Juha-Matti, K\u00e4lvi\u00e4inen Marja-Liisa, K\u00e4lvi\u00e4inen Mirjami, K\u00e4lvi\u00e4inen Petteri, K\u00e4lvi\u00e4inen Santeri, Lautala Kirsti, Lautala Martti, Meuronen Hannu, Nikunen Onni, Pajari Tuulia, Parkko Anne (u), Parkko Esko (u), Parkko Matleena, Per\u00e4kyl\u00e4 Hilkka, Pylkk\u00f6nen Katri (u), Rantanen Jari (u), Rumpu Paula, Soppi Teemu, Turkia Maija, Tuuri Jarkko, Vainikka Juha, Vainikka Markku, Vainikka Raija, Vainikka Sari, Vainikka Sisko, Vanhapelto Virpi<br \/>\nKolme kyl\u00e4\u00e4, 10 py\u00f6r\u00e4ilij\u00e4\u00e4 (14) Ei mukana p\u00e4\u00e4arvonnassa<br \/>\nKaksi kyl\u00e4\u00e4, 14 py\u00f6r\u00e4ilij\u00e4\u00e4 (21) Ei mukana p\u00e4\u00e4arvonnassa<br \/>\nYksi kyl\u00e4, 23 py\u00f6r\u00e4ilij\u00e4\u00e4 (40) Ei mukana p\u00e4\u00e4arvonnassa<\/p>\n<p>Ensimm\u00e4inen osallistuminen Kyl\u00e4py\u00f6r\u00e4ily-tapahtumaan, 30 py\u00f6r\u00e4ilij\u00e4\u00e4 (2000-luvulla)<br \/>\nVuosina 2000-2008 Kyl\u00e4py\u00f6r\u00e4ilyihin on osallistunut yhteens\u00e4 yli 700 henkil\u00f6\u00e4.<\/p>\n","protected":false},"excerpt":{"rendered":"<p>Kyl\u00e4py\u00f6r\u00e4ily 18.5.2008 Toukokuun Kyl\u00e4py\u00f6r\u00e4ily \u201dfloppasi\u201d l\u00e4hes t\u00e4ydellisesti. Osallistujien m\u00e4\u00e4r\u00e4ss\u00e4 saavutettiin negatiivinen enn\u00e4tys, toisin sanonen pohjanoteeraus. Syyt ep\u00e4onnistumiseen on helposti l\u00f6ydett\u00e4viss\u00e4. Py\u00f6r\u00e4ilyn onnistumiseen on aina vaikuttanut vallitseva s\u00e4\u00e4. Se ei todellakaan suosinut toukokuun tapahtumaa. Taivaalta tuli vett\u00e4 kuuroluontoisesti pitkin p\u00e4iv\u00e4\u00e4 eik\u00e4 &hellip; <a href=\"https:\/\/kylat.ekarjala.fi\/vainikkala\/tapahtumakalenteri\/tapahtumahistoria\/kylapyoraily-2008\/\">Lue loppuun <span class=\"meta-nav\">&rarr;<\/span><\/a><\/p>\n","protected":false},"author":80,"featured_media":0,"parent":918,"menu_order":0,"comment_status":"open","ping_status":"closed","template":"","meta":{"footnotes":""},"class_list":["post-926","page","type-page","status-publish","hentry"],"_links":{"self":[{"href":"https:\/\/kylat.ekarjala.fi\/vainikkala\/wp-json\/wp\/v2\/pages\/926","targetHints":{"allow":["GET"]}}],"collection":[{"href":"https:\/\/kylat.ekarjala.fi\/vainikkala\/wp-json\/wp\/v2\/pages"}],"about":[{"href":"https:\/\/kylat.ekarjala.fi\/vainikkala\/wp-json\/wp\/v2\/types\/page"}],"author":[{"embeddable":true,"href":"https:\/\/kylat.ekarjala.fi\/vainikkala\/wp-json\/wp\/v2\/users\/80"}],"replies":[{"embeddable":true,"href":"https:\/\/kylat.ekarjala.fi\/vainikkala\/wp-json\/wp\/v2\/comments?post=926"}],"version-history":[{"count":1,"href":"https:\/\/kylat.ekarjala.fi\/vainikkala\/wp-json\/wp\/v2\/pages\/926\/revisions"}],"predecessor-version":[{"id":927,"href":"https:\/\/kylat.ekarjala.fi\/vainikkala\/wp-json\/wp\/v2\/pages\/926\/revisions\/927"}],"up":[{"embeddable":true,"href":"https:\/\/kylat.ekarjala.fi\/vainikkala\/wp-json\/wp\/v2\/pages\/918"}],"wp:attachment":[{"href":"https:\/\/kylat.ekarjala.fi\/vainikkala\/wp-json\/wp\/v2\/media?parent=926"}],"curies":[{"name":"wp","href":"https:\/\/api.w.org\/{rel}","templated":true}]}}