{"id":928,"date":"2013-12-26T17:49:07","date_gmt":"2013-12-26T18:19:07","guid":{"rendered":"https:\/\/kylat.ekarjala.fi\/vainikkala\/?page_id=928"},"modified":"2013-12-26T17:49:54","modified_gmt":"2013-12-26T18:19:54","slug":"kylapyoraily-2009","status":"publish","type":"page","link":"https:\/\/kylat.ekarjala.fi\/vainikkala\/tapahtumakalenteri\/tapahtumahistoria\/kylapyoraily-2009\/","title":{"rendered":"Kyl\u00e4py\u00f6r\u00e4ily 2009"},"content":{"rendered":"<p><a href=\"https:\/\/kylat.ekarjala.fi\/vainikkala\/wp-content\/uploads\/sites\/36\/2013\/12\/kyl\u00e4p2.jpg\"><img loading=\"lazy\" decoding=\"async\" class=\"alignnone size-medium wp-image-929\" alt=\"\" src=\"https:\/\/kylat.ekarjala.fi\/vainikkala\/wp-content\/uploads\/sites\/36\/2013\/12\/kyl\u00e4p2-300x225.jpg\" width=\"300\" height=\"225\" srcset=\"https:\/\/kylat.ekarjala.fi\/vainikkala\/wp-content\/uploads\/sites\/36\/2013\/12\/kyl\u00e4p2-300x225.jpg 300w, https:\/\/kylat.ekarjala.fi\/vainikkala\/wp-content\/uploads\/sites\/36\/2013\/12\/kyl\u00e4p2.jpg 800w\" sizes=\"auto, (max-width: 300px) 100vw, 300px\" \/><\/a><\/p>\n<p>Viime vuoden toukokuun Kyl\u00e4py\u00f6r\u00e4ily \u201dfloppasi\u201d l\u00e4hes t\u00e4ydellisesti. Syy t\u00e4h\u00e4n oli huono s\u00e4\u00e4 ja l\u00e4hes t\u00e4ydellisesti ep\u00e4onnistunut tiedottaminen. T\u00e4n\u00e4 vuonna tiedottaminen onnistui ja s\u00e4\u00e4kin oli v\u00e4hint\u00e4\u00e4n tyydytt\u00e4v\u00e4. Aamup\u00e4iv\u00e4ll\u00e4 aurinko paistoi eik\u00e4 sin\u00e4ns\u00e4 voimakas tuuli haitannut liiaksi py\u00f6r\u00e4ily\u00e4. Iltap\u00e4iv\u00e4n sade- ja ukkoskuurot tekiv\u00e4t teht\u00e4v\u00e4ns\u00e4, py\u00f6r\u00e4ilyvilkkaus hiipui l\u00e4hes kokonaan. Koska yli kahdensadan py\u00f6r\u00e4ilij\u00e4n m\u00e4\u00e4r\u00e4 s\u00e4\u00e4n oikuista huolimatta ylittyi, tapahtuman voidaan todeta onnistuneen eritt\u00e4in hyvin.<\/p>\n<p>Kes\u00e4n toinen Kyl\u00e4py\u00f6r\u00e4ily poljetaan sunnuntaina 9. elokuuta. Tapahtuman p\u00e4\u00e4palkintona arvotaan tuolloin upea levyjarruilla varustettu GF -maastopolkupy\u00f6r\u00e4 Urheilu Koskimiehen valikoimasta.<\/p>\n<p><strong>KYL\u00c4PY\u00d6R\u00c4ILY 24.5.2009 KYLITT\u00c4IN<\/strong><\/p>\n<p>(suluissa vuoden 2008 toukokuun tapahtuman lukuja)<br \/>\nPy\u00f6r\u00e4ilij\u00f6it\u00e4 yhteens\u00e4 201 (76)<\/p>\n<p>Kasukkala<br \/>\nKirjauksia 112 (29)<br \/>\nArvontavoittaja:<br \/>\nJoonas Heiska, Ensiapulaukku<br \/>\nPalkinnon lahjoittaja:<br \/>\nNurminen Logistics Oy<br \/>\nArvonnan yhteyshenkil\u00f6 Jukka Porali, puh. 0400 558935<\/p>\n<p>Haapaj\u00e4rvi<br \/>\nKirjauksia 117 (41)<br \/>\nMahdollisesta arvonnasta tiedotetaan my\u00f6hemmin<\/p>\n<p>Vainikkala<br \/>\nKirjauksia 119 (57)<br \/>\nArvontavoittajat:<br \/>\nSami Rusanen, Linnunp\u00f6ntt\u00f6<br \/>\nAleksi Kemppinen, Kyl\u00e4t-korttipakka<br \/>\nVeera Pajari, Kyl\u00e4t-korttipakka<br \/>\nTanja Strandman, Pizza-lahjakortti<br \/>\nJanne Pylv\u00e4n\u00e4inen, Uutis-Vainikkala 12 kk<br \/>\nMika Tuuva, Uutis-Vainikkala 12 kk<br \/>\nPalkintojen lahjoittajat:<br \/>\nRavintola Ukko-Pekka, Vainikkalan kyl\u00e4toimikunta, My\u00f6t\u00e4virtaan ry<br \/>\nArvonnan yhteyshenkil\u00f6 Teppo Suhonen, puh. 040 5594773<\/p>\n<p>Villala<br \/>\nKirjauksia 50 (19)<br \/>\nMahdollisesta arvonnasta tiedotetaan my\u00f6hemmin<\/p>\n<p>Rumpu<br \/>\nKirjauksia 66 (25)<br \/>\nArvontavoittajat:<br \/>\nEeva Kaikko, pyyhe<br \/>\nJoonas Heiska, grillauslasta<br \/>\nArvonnan yhteyshenkil\u00f6 Asta Pohjola, puh. 050 3287580<\/p>\n<p>Simola<br \/>\nKirjauksia 82 (25)<br \/>\nMahdollisesta arvonnasta tiedotetaan my\u00f6hemmin<\/p>\n<p>Hytti<br \/>\nKirjauksia 89 (20)<br \/>\nMahdollisesta arvonnasta tiedotetaan my\u00f6hemmin<\/p>\n<p>Rapattila<br \/>\nKirjauksia 46 (15)<br \/>\nMahdollisesta arvonnasta tiedotetaan my\u00f6hemmin<\/p>\n<p>Hanhij\u00e4rvi<br \/>\nKirjauksia 73 (18)<br \/>\nArvontavoittajat:<br \/>\nMauno Isbom<br \/>\nJarmo Saareks<br \/>\nEnsio Salminen<br \/>\nVirpi Vanhapelto<br \/>\nOssi Mustola<br \/>\nArvonnan yhteyshenkil\u00f6 Harri Kauranen, puh. 0400 553488<\/p>\n<p>Hyttil\u00e4<br \/>\nKirjauksia 42 (19)<br \/>\nMahdollisesta arvonnasta tiedotetaan my\u00f6hemmin<\/p>\n<p>Yl\u00e4maa<br \/>\nKirjauksia 31 (13)<br \/>\nMahdollisesta arvonnasta tiedotetaan my\u00f6hemmin<\/p>\n<p>Toukokuun p\u00e4\u00e4palkinnon arvonta<\/p>\n<p>Toukokuun Kyl\u00e4py\u00f6r\u00e4ilyn p\u00e4\u00e4palkinnon arvonta suoritettiin Lappeen Riennon ja Vainikkalan kyl\u00e4toimikunnan edustajien toimesta sunnuntaina 31.5.2009. Arvonnassa olivat mukana kaikki ne 115 py\u00f6r\u00e4ilij\u00e4\u00e4 (35) joilta l\u00f6ytyi suorituskirjaus v\u00e4hint\u00e4\u00e4n nelj\u00e4ss\u00e4 merkint\u00e4paikassa.<\/p>\n<p>P\u00e4\u00e4palkinto<br \/>\nPekka Yl\u00f6stalo, Yl\u00e4maan kunnan lahjoittama spektroliitti-kyn\u00e4teline<\/p>\n<p>Kyl\u00e4py\u00f6r\u00e4ily \u2013p\u00e4\u00e4arvontaan osallistuneet 116 py\u00f6r\u00e4ilij\u00e4\u00e4. Heist\u00e4 mitalisteja 46<\/p>\n<p>Kyl\u00e4py\u00f6r\u00e4ilyn suoritusmitaliin ovat oikeutettuja ne py\u00f6r\u00e4ilij\u00e4t jotka kirjasivat suorituksensa v\u00e4hint\u00e4\u00e4n kuudella merkint\u00e4paikalla. Kirjaamisen yhteydess\u00e4 py\u00f6r\u00e4ilij\u00e4 valitsi paikan josta h\u00e4n haluaa noutaa mitalin. Mitaleja jaetaan 46 kpl. 16 py\u00f6r\u00e4ilij\u00e4\u00e4 j\u00e4tti paikan merkitsem\u00e4tt\u00e4. T\u00e4m\u00e4n j\u00e4rjest\u00e4j\u00e4t tulkitsevat siten ett\u00e4 henkil\u00f6 ei mitalia halua. Vuoden 2009 mitalien noutopaikat ovat Lappeen Riennon toimisto, Simolan kyl\u00e4kauppa, Yl\u00e4maan Korupirtti ja Vainikkalan Sale. Mitalit ovat noudettavissa em. paikoista 12.6.2009 alkaen. Mitaleita s\u00e4ilytet\u00e4\u00e4n noutopaikoissa 30.9.2009 saakka. Mitali pit\u00e4\u00e4 noutaa lomakkeeseen kirjatusta paikasta.<\/p>\n<p>Yksitoista kyl\u00e4\u00e4, 8 py\u00f6r\u00e4ilij\u00e4\u00e4 (4)<br \/>\nKuuluvainen Mikko, Oinas Jyrki, Rumpu Aimo, Rumpu Eija, Rusanen Sami, Tuuva Mika, Vainikka Raija, Vanhapelto Virpi<br \/>\nKymmenen kyl\u00e4\u00e4, 5 py\u00f6r\u00e4ilij\u00e4\u00e4 (0)<br \/>\nPeltonen Markku, Peltonen Minna, Peuha Riitta, Taskula Jouko, Uotinen Hannu<br \/>\nYhdeks\u00e4n kyl\u00e4\u00e4, 3 py\u00f6r\u00e4ilij\u00e4 (0)<br \/>\nMaijanen Seppo, M\u00e4kinen Markku, Pylv\u00e4l\u00e4inen Janne<br \/>\nKahdeksan kyl\u00e4\u00e4, 1 py\u00f6r\u00e4ilij\u00e4\u00e4 (1)<br \/>\nLeino Pekka<br \/>\nSeitsem\u00e4n kyl\u00e4\u00e4, 10 py\u00f6r\u00e4ilij\u00e4\u00e4 (2)<br \/>\nJunnikkala Pekka, Jurvanen Sirpa, Kiero Veijo, Kupsanen Heikki, Kuutti Pentti, Manninen Seppo, Pitk\u00e4nen Erkki, Pohjola Marjo, Rantanen Teemu, Vainikka Sauli<br \/>\nKuusi kyl\u00e4\u00e4, 35 py\u00f6r\u00e4ilij\u00e4\u00e4 (13)<br \/>\nAhvonen Pasi, Heiska Joonas, Heiska Ville, Hjelm paula, Husu Riitta, Immonen Sirpa, Iskanius Harri, Jutila Antti, Kaipia Eeva, Kaipia Heikki, Kaplas Heikki, Kaplas Riitta, Karvanen Ossi, Kiianen Jaakko, Kiianen Jouko, Koskelainen-Latto Tarja, Lehikoinen Sari, Leino Aulis, Parkko Anne, Parkko, Esko, Parkko Matleena, Pihlajaniemi Tuula, Saareks Jyrki, Saira Henri, Saira Pauli, Saloj\u00e4rvi Raili, Strandman Tanja, Tanskanen Simo, Tikkanen Jussi, Toivakka Vili, Tuuri Jarkko, Tuuri Sami, Vainikka Eija, Vainikka Sisko, Viertola Hilkka<br \/>\nViisi kyl\u00e4\u00e4, 7 py\u00f6r\u00e4ilij\u00e4\u00e4 (5)<br \/>\nAspinen Terho, Lempi\u00e4inen Pekka, Mustonen Matti, Nuppola Hannes, Toiviainen Risto, Toiviainen Ulla-Maija, Vainikka Pirkko<br \/>\nNelj\u00e4 kyl\u00e4\u00e4, 47 py\u00f6r\u00e4ilij\u00e4\u00e4 (10)<br \/>\nHietasara Eino, Hietasara Emilia, Hietasara Jarkko, Hytti Markku, Junnikkala Jukka, J\u00e4rvel\u00e4 Virpi, J\u00e4rvel\u00e4inen Hanna, Kallio Kalevi, Kallio Marketta, Karvanen Tatu, Kauppinen Sanni, Kiero Timo, Kulmala Heli, Kulmala Jussi, Kuukka Martti, Kuuluvainen Pirjo, K\u00e4lvi\u00e4inen Jaana, K\u00e4lvi\u00e4inen Jesse, K\u00e4lvi\u00e4inen Raine, K\u00e4lv\u00e4l\u00e4 Kaija, Lautala Kirsti, Lautala Martti, Leino Pasi, Lipi\u00e4inen Anne, Lipi\u00e4inen Pekka, Luostarinen Mauno, Mikkola Meeri, Mikkola Seppo, Mustola Ossi, Nikunen Onni, Nutikka Markku, Nutikka Mervi, Pajari Pasi, Pajari Tuulia, Pohjola Asta, Pohjola Iina, R\u00e4ih\u00e4 Kirsi, Saareks Jarmo, Salminen Ensio, Siiskonen Seppo, Skippari Jorma, Toivakka Kari, Turunen Irja, Vainikka Marjo, Vainikka Simo, Yl\u00f6stalo Pekka, Yl\u00f6stalo Ritva<br \/>\nKolme Kyl\u00e4\u00e4, 19 py\u00f6r\u00e4ilij\u00e4\u00e4 (9)<br \/>\nKaksi kyl\u00e4\u00e4, 28 py\u00f6r\u00e4ilij\u00e4\u00e4 (13)<br \/>\nYksi kyl\u00e4, 38 py\u00f6r\u00e4ilij\u00e4\u00e4 (19)<\/p>\n<p>Tapahtumaan osallistuneita ensikertalaisia oli 28 py\u00f6r\u00e4ilij\u00e4\u00e4 (tilastoitu 2000-luvulla)<br \/>\nVuosina 2000-2009 Kyl\u00e4py\u00f6r\u00e4ilyihin on osallistunut yhteens\u00e4 796 henkil\u00f6\u00e4.<\/p>\n<p>*************************************************************************************<\/p>\n<div id=\"attachment_930\" style=\"width: 310px\" class=\"wp-caption alignnone\"><a href=\"https:\/\/kylat.ekarjala.fi\/vainikkala\/wp-content\/uploads\/sites\/36\/2013\/12\/kyl\u00e4p3.jpg\"><img loading=\"lazy\" decoding=\"async\" aria-describedby=\"caption-attachment-930\" class=\"size-medium wp-image-930\" alt=\"Kyl\u00e4py\u00f6r\u00e4ilyn p\u00e4\u00e4palkinnon, levyarruilla varustetun GF -maastopolkupy\u00f6r\u00e4n voitti Sari Lehikoinen Lappeenrannasta\" src=\"https:\/\/kylat.ekarjala.fi\/vainikkala\/wp-content\/uploads\/sites\/36\/2013\/12\/kyl\u00e4p3-300x225.jpg\" width=\"300\" height=\"225\" srcset=\"https:\/\/kylat.ekarjala.fi\/vainikkala\/wp-content\/uploads\/sites\/36\/2013\/12\/kyl\u00e4p3-300x225.jpg 300w, https:\/\/kylat.ekarjala.fi\/vainikkala\/wp-content\/uploads\/sites\/36\/2013\/12\/kyl\u00e4p3.jpg 640w\" sizes=\"auto, (max-width: 300px) 100vw, 300px\" \/><\/a><p id=\"caption-attachment-930\" class=\"wp-caption-text\">Kyl\u00e4py\u00f6r\u00e4ilyn p\u00e4\u00e4palkinnon, levyarruilla varustetun GF -maastopolkupy\u00f6r\u00e4n voitti Sari Lehikoinen Lappeenrannasta<\/p><\/div>\n<p>Yhden loppu \u2013 toisen alku<\/p>\n<p>Perinteinen Kyl\u00e4py\u00f6r\u00e4ily siirtyy historiaan<\/p>\n<p>Ensin oli Lappeen Riennon Vainikkalan kyl\u00e4osaston j\u00e4rjest\u00e4m\u00e4 kuntopy\u00f6r\u00e4ilytapahtuma, nimelt\u00e4\u00e4n Vainikkalan py\u00f6r\u00e4ilykes\u00e4. Tapahtuma koostui viidest\u00e4 erillisest\u00e4 py\u00f6r\u00e4ilyp\u00e4iv\u00e4st\u00e4. Py\u00f6r\u00e4ilykes\u00e4ss\u00e4 oli yksi py\u00f6r\u00e4ilyp\u00e4iv\u00e4 kuukaudessa, toukokuusta syyskuuhun. Nimens\u00e4 mukaan tapahtuma oli Vainikkalan v\u00e4elle kohdennettu ja sen tapahtumakohtainen osallistujam\u00e4\u00e4r\u00e4 vaihteli muutamasta vajaaseen kahteenkymmeneen py\u00f6r\u00e4ilij\u00e4\u00e4n.<\/p>\n<p>Yhten\u00e4 kes\u00e4n 1995 py\u00f6r\u00e4ilyp\u00e4iv\u00e4n\u00e4 suoritettiin kokeilu; avattiin toinen merkint\u00e4asema Nutikan lavalle. Kokeilu ei viel\u00e4 suurta innostusta her\u00e4tt\u00e4nyt, mutta idea Kyl\u00e4py\u00f6r\u00e4ilyst\u00e4 alkoi kehitty\u00e4. Vuoden 1996 kev\u00e4\u00e4ll\u00e4 ei en\u00e4\u00e4 l\u00e4hdetty Vainikkalan py\u00f6r\u00e4ilykes\u00e4\u00e4 j\u00e4rjest\u00e4m\u00e4\u00e4n. Sen tilalle alkoi rakentua useamman kyl\u00e4n py\u00f6r\u00e4ilyverkosto. Kylien yhteystahoiksi kutsuttiin edustajat naapurikylien kyl\u00e4toimikunnista tai muista vastaavista yhteenliittymist\u00e4. Syntynyt organisaatio tuntui toimivan ja mukaan ilmoittautuneet henkil\u00f6t olivat motivoituneita.<\/p>\n<p>Tapahtumaa oli helppo kehitt\u00e4\u00e4 edelleen. Lappeenrannan kaupungin ja Yl\u00e4maan kunnan liikuntatoimet sek\u00e4 alueella toimivat yritykset l\u00e4htiv\u00e4t tukemaan tapahtumaa monin tavoin. Pian huomattiin ett\u00e4 tapahtuma mahtui mainiosti Kunnossa Kaiken Ik\u00e4\u00e4 \u2013liikuntaideaan. Py\u00f6r\u00e4ilyyn osallistui kaiken ik\u00e4isi\u00e4 py\u00f6r\u00e4ilij\u00f6it\u00e4, ja seh\u00e4n jos mik\u00e4 oli KKI-toimintaa parhaimmillaan!<\/p>\n<p>Ensimm\u00e4inen Kyl\u00e4py\u00f6r\u00e4ily j\u00e4rjestettiin elokuussa 1996. Silloin kyli\u00e4 oli mukana nelj\u00e4 (Rumpu, Simola, Haapaj\u00e4rvi ja Vainikkala). Seitsem\u00e4n kyl\u00e4n v\u00e4livaiheen j\u00e4lkeen tapahtuma vakiintui vuonna 1998 yhdeks\u00e4n kyl\u00e4n tapahtumaksi. Samalla py\u00f6r\u00e4ilyp\u00e4ivi\u00e4 alettiin j\u00e4rjest\u00e4\u00e4 kahdesti kes\u00e4n aikana.\u00a0 Kyl\u00e4py\u00f6r\u00e4ily oli kolme viimeist\u00e4 vuottaan yhdentoista kyl\u00e4n yhteisesti j\u00e4rjest\u00e4m\u00e4.<\/p>\n<p>Kyl\u00e4py\u00f6r\u00e4ily ei miss\u00e4\u00e4n j\u00e4rjest\u00e4j\u00e4kyl\u00e4ss\u00e4 onnistunut synnytt\u00e4m\u00e4\u00e4n suurta py\u00f6r\u00e4ilyinnostusta. Esimerkkin\u00e4 olkoon viimeinen tapahtuma (9.8.2009) ja Vainikkalassa vakituisesti asuvien py\u00f6r\u00e4ilyosallistuminen: 17 paikallista py\u00f6r\u00e4ilij\u00e4\u00e4. Vainikkalassa kirjattiin yhteens\u00e4 96 suoritusta. Oman kyl\u00e4n py\u00f6r\u00e4ilij\u00f6iden m\u00e4\u00e4r\u00e4 on t\u00e4ysin suhteessa muihin kyliin ja kaikkiin muihin kyl\u00e4py\u00f6r\u00e4ilytapahtumiin. Toisaalta kannattaa mainita j\u00e4rjest\u00e4j\u00e4kylien ulkopuolella asuvien suuri ja jatkuvasti hienokseltaan kasvava osuus. Kyl\u00e4py\u00f6r\u00e4ilyyn l\u00e4hdettiin kaikista Lappeenrannan kaupunginosista ja jopa kauempaakin. Se jos mik\u00e4 on parasta palautetta kylille. Monet kaupunkilaispy\u00f6r\u00e4ilij\u00e4t kertoivat olevansa ensimm\u00e4ist\u00e4 kertaa n\u00e4ill\u00e4 reiteill\u00e4 ja antoivat paljon positiivista palautetta ja kehitysideoita tapahtuman j\u00e4rjest\u00e4jille.<\/p>\n<p>Vanha Kyl\u00e4py\u00f6r\u00e4ily saatiin p\u00e4\u00e4tt\u00e4\u00e4 loistavassa py\u00f6r\u00e4ilys\u00e4\u00e4ss\u00e4. Oli l\u00e4hes tyynt\u00e4, l\u00e4mmint\u00e4 ja auringon paistetta. Tapahtumasarja siirtyi historiaan hyviss\u00e4 fiiliksiss\u00e4 ilman mink\u00e4\u00e4nlaisia katkeria muistoja ja j\u00e4lkimakuja.<\/p>\n<p>Tuleva syys- ja talvikausi tulee osoittamaan mit\u00e4 on tulossa, saako Kyl\u00e4py\u00f6r\u00e4ily uuden ilmeen, uudet reitit ja uuden tehokkaan j\u00e4rjestelyorganisaation? Lappeenranta on vuoden 2010 alusta l\u00e4htien pinta-alaltaan suuri kaupunki. Kaupungissa on paljon aktiivisia kyli\u00e4 ja kyli\u00e4 yhdist\u00e4\u00e4 maalaismaisemassa kulkeva tieverkosto. T\u00e4lle pohjalle on hyv\u00e4 rakentaa uusi ja uljas 2010-luvun Lappeenrannan Kyl\u00e4py\u00f6r\u00e4ily.<\/p>\n<p>Lopuksi haluan osoittaa l\u00e4mpim\u00e4t kiitokset kaikille Kyl\u00e4py\u00f6r\u00e4ilyss\u00e4 mukana olleille tahoille: kylien yhteyshenkil\u00f6ille, kuntien edustajille, pienten ja suurten yritysten yhteyshenkil\u00f6ille, useiden yhteisty\u00f6ss\u00e4 toimineiden yhdistysten edustajille, Etel\u00e4-Karjalan tiedotusv\u00e4lineille sek\u00e4 ennen kaikkea kaikille tapahtumaan osallistuneille py\u00f6r\u00e4ilij\u00f6ille! Henkil\u00f6t yhteen laskien Teit\u00e4 on henkil\u00f6in\u00e4 todella iso m\u00e4\u00e4r\u00e4.<\/p>\n<p>Sauli Vainikka<\/p>\n<p>KYL\u00c4PY\u00d6R\u00c4ILY 9.8.2009 KYLITT\u00c4IN<\/p>\n<p>(suluissa vuoden 2008 elokuun tapahtuman lukuja)<\/p>\n<p>Py\u00f6r\u00e4ilij\u00f6it\u00e4 yhteens\u00e4 142 (127)<\/p>\n<p>Kasukkala<br \/>\nKirjauksia 92 (60)<br \/>\nArvontavoittaja:<br \/>\nMari Muhli, reppu<br \/>\nPalkintojen lahjoittaja:<br \/>\nNurminen Logistics Oy<br \/>\nKyl\u00e4n yhteyshenkil\u00f6: Jukka Porali<\/p>\n<p>Haapaj\u00e4rvi<br \/>\nKirjauksia 101 (79)<br \/>\nArvontaa ei ole suoritettu lehden menness\u00e4 painoon<br \/>\nKyl\u00e4n yhteyshenkil\u00f6: Juha-Matti K\u00e4lvi\u00e4inen<\/p>\n<p>Vainikkala<br \/>\nKirjauksia 96 (84)<br \/>\nArvontavoittajat:<br \/>\nHarri Iskanius, kyl\u00e4pelikortit<br \/>\nHilkka Per\u00e4kyl\u00e4, juustoty\u00f6kalusetti<br \/>\nPentti Kuutti, pizzalahjakortti<br \/>\nJuha Ketoviita, U-V vuosikerta<br \/>\nPalkintojen lahjoittajat:<br \/>\nRavintola Ukko-Pekka, TeliaSonera, Vainikkalan kyl\u00e4toimikunta<br \/>\nKyl\u00e4n yhteyshenkil\u00f6t: Teppo Suhonen (arvonta) ja Sauli Vainikka<\/p>\n<p>Villala<br \/>\nKirjauksia 47 (29)<br \/>\nArvontaa ei ole suoritettu lehden menness\u00e4 painoon<br \/>\nKyl\u00e4n yhteyshenkil\u00f6: Anni Lehtola<\/p>\n<p>Rumpu<br \/>\nKirjauksia 50 (41)<br \/>\nArvontavoittajat:<br \/>\nJouko Taskula, urheilusukat<br \/>\nKaarlo Kauvo, taskulamppu<br \/>\nKyl\u00e4n yhteyshenkil\u00f6: Asta Pohjola<\/p>\n<p>Simola<br \/>\nKirjauksia 71 (51)<br \/>\nArvontaa ei ole suoritettu lehden menness\u00e4 painoon<br \/>\nKyl\u00e4n yhteyshenkil\u00f6: Heli Kajander<\/p>\n<p>Hytti<br \/>\nKirjauksia 66 (51)<br \/>\nArvontaa ei ole suoritettu lehden menness\u00e4 painoon<br \/>\nKyl\u00e4n yhteyshenkil\u00f6: Irja K\u00e4kel\u00e4<\/p>\n<p>Rapattila<br \/>\nKirjauksia 29 (27)<br \/>\nArvontaa ei ole suoritettu lehden menness\u00e4 painoon<br \/>\nKyl\u00e4n yhteyshenkil\u00f6: Marjukka Skytt\u00e4<\/p>\n<p>Hanhij\u00e4rvi<br \/>\nKirjauksia 61 (37)<br \/>\nArvontaa ei ole suoritettu lehden menness\u00e4 painoon<br \/>\nKyl\u00e4n yhteyshenkil\u00f6: Harri Kauranen<\/p>\n<p>Hyttil\u00e4<br \/>\nKirjauksia 45 (29)<br \/>\nArvontaa ei ole suoritettu lehden menness\u00e4 painoon<br \/>\nKyl\u00e4n yhteyshenkil\u00f6: Irma Kailio<\/p>\n<p>Yl\u00e4maa<br \/>\nKirjauksia 38 (23)<br \/>\nArvontaa ei ole suoritettu lehden menness\u00e4 painoon<br \/>\nKyl\u00e4n yhteyshenkil\u00f6: Teuvo Tielinen<\/p>\n<p>Elokuun p\u00e4\u00e4palkinnon arvonta<\/p>\n<p>Elokuun Kyl\u00e4py\u00f6r\u00e4ilyn p\u00e4\u00e4palkinnon arvonta suoritettiin Urheilu Koskimies Oy:n myym\u00e4l\u00e4ss\u00e4 torstaina 20.8.2009. Arvonnassa olivat mukana kaikki ne 105 py\u00f6r\u00e4ilij\u00e4\u00e4 joilta l\u00f6ytyi suorituskirjaus v\u00e4hint\u00e4\u00e4n nelj\u00e4ss\u00e4 merkint\u00e4paikassa. Arvonnan suorittivat Tuomas Vainikka ja Jouni Kovanen Urheilu Koskimiehest\u00e4 sek\u00e4 Sauli Vainikka j\u00e4rjest\u00e4jien edustajana.<\/p>\n<p>P\u00e4\u00e4palkinto<br \/>\nSari Lehikoinen, Urheilu-Koskimiehen lahjoittama GF \u2013maastopolkupy\u00f6r\u00e4<\/p>\n<p>Kuntapalkinnot<br \/>\nPaula Hjelm, Lappeenrannan liikuntatoimen lahjoittama Itsen\u00e4isen Suomen urheilusankareita \u2013kirja<br \/>\nRiitta Kaplas, Lappeenrannan liikuntatoimen lahjoittamat uimahalliliput (3 kpl)<br \/>\nPirjo Kuuluvainen, Yl\u00e4maan kunnan lahjoittama Yl\u00e4maan historia \u2013kirja<br \/>\nSauli Vainikka, Yl\u00e4maan kunnan lahjoittama Yl\u00e4maan historia -kirja<\/p>\n<p>Lis\u00e4palkinnot<br \/>\nOlli J\u00e4ntti, j\u00e4rjest\u00e4jien lahjoittama Tasapainolevy<br \/>\nSirpa L\u00e4hteenm\u00e4ki, j\u00e4rjest\u00e4jien lahjoittama Retkireppu<br \/>\nHannes Nuppola, j\u00e4rjest\u00e4jien lahjoittamat Shimano -virveli<br \/>\nErkki Pitk\u00e4nen, j\u00e4rjest\u00e4jien lahjoittama Polkupy\u00f6r\u00e4n valaisin<br \/>\nJyrki Oinas, j\u00e4rjest\u00e4jien lahjoittama Polkupy\u00f6r\u00e4n valaisin<\/p>\n<p>Lis\u00e4palkinnot ostettiin Urheilu-Koskimiehen myym\u00e4l\u00e4n monipuolisesta valikoimasta.<\/p>\n<p>Arvonnassa mukana olleet 105 henkil\u00f6\u00e4 (80)<\/p>\n<p>Kyl\u00e4py\u00f6r\u00e4ilyn p\u00e4\u00e4arvontaan olivat oikeutettuja ne py\u00f6r\u00e4ilij\u00e4t jotka kirjasivat suorituksensa v\u00e4hint\u00e4\u00e4n nelj\u00e4ll\u00e4 merkint\u00e4paikalla. Tapahtumassa ensimm\u00e4ist\u00e4 kertaa mukana olleet on merkitty (u).<\/p>\n<p>Kaikki yksitoista kyl\u00e4\u00e4, 13 py\u00f6r\u00e4ilij\u00e4\u00e4 (6)<br \/>\nImmonen Sirpa, Iskanius Harri, Kuuluvainen Mikko, Oinas Jyrki, Rumpu Aimo, Rumpu Eija, Saira Henri, Taskula Jouko, Tuure Juho (u), Tuuri Jarkko, Tuuri Sami, Tuuva Mika, Uotinen Hannu<br \/>\nKymmenen kyl\u00e4\u00e4, 5 py\u00f6r\u00e4ilij\u00e4\u00e4 (1)<br \/>\nJunnikkala Pekka, Ketoviita Juha (u), Kivikko Titta, Syrj\u00e4l\u00e4inen Alpo, Tikkanen Jussi<br \/>\nYhdeks\u00e4n kyl\u00e4\u00e4, 2 py\u00f6r\u00e4ilij\u00e4\u00e4 (4)<br \/>\nToiviainen Risto, Toiviainen Ulla-Maija<br \/>\nKahdeksan kyl\u00e4\u00e4, 1 py\u00f6r\u00e4ilij\u00e4\u00e4 (0)<br \/>\nSkippari Jorma<br \/>\nSeitsem\u00e4n kyl\u00e4\u00e4, 8 py\u00f6r\u00e4ilij\u00e4\u00e4 (3)<br \/>\nHiiri Maiju, Hiiri Marja, Hiiri Mira, Kirvesniemi Ari, Kuutti Pentti, Menna Heikki (u), Mustonen Matti, Pukero Mauri (u)<br \/>\nKuusi kyl\u00e4\u00e4, 24 py\u00f6r\u00e4ilij\u00e4\u00e4 (12)<br \/>\nHeiska Joonas, Heiska Ville, Hjelm Paula, Kaplas Heikki, Kaplas Riitta, Koskelainen-Latto Tarja, Latto Juha, Lehikoinen Sari, Maijanen Seppo, Manninen Seppo, Per\u00e4kyl\u00e4 Eila (u), Per\u00e4kyl\u00e4 Seppo M (u), Pihlajaniemi Tuula, Pulkkinen Juhani, Rantanen Jari, Saira Pauli, Salminen Ensio, Tapio Erkki, Toivakka Vili, Turunen Maija (u), Turunen Matti (u), Tynkkynen Katri (u), Tynkkynen Vesa, Vainikka Sauli<br \/>\nViisi kyl\u00e4\u00e4, 11 py\u00f6r\u00e4ilij\u00e4\u00e4 (9)<br \/>\nAhonen Reino (u), J\u00e4ntti Olli (u), Kylli\u00e4inen Pertti, K\u00e4lvi\u00e4inen Aulikki, Parkko Anne, Parkko Esko, Parkko Matleena, Pitk\u00e4nen Erkki, Timonen Leila, Toivari Eeva (u), Toivari Teuvo (u)<br \/>\nNelj\u00e4 kyl\u00e4\u00e4, 41 py\u00f6r\u00e4ilij\u00e4\u00e4 (45)<br \/>\nAspinen Terho, Hytti Markku, Hyv\u00e4ri Esa, H\u00e4rk\u00f6nen Ari (u), Junnikkala Anja, Junnikkala Jukka, Kallio Kalevi, Kallio Marketta, Kauppinen Sanni, Kiero Veijo, Kiianen Jaakko, Kiianen Jouko, Kolhonen Anna-Liisa, Korpela Esa (u), Korpela Joonas (u), Koskinen Heikki (u), Kuuluvainen Pirjo, K\u00e4lv\u00e4l\u00e4 Kaija, Lyytik\u00e4inen Osku (u), L\u00e4hteenm\u00e4ki Anni (u), L\u00e4hteenm\u00e4ki Sirpa (u), Mikkola Meeri, Mikkola Seppo, Nikunen Onni, Nuppola Hannes, Nutikka Markku, Nutikka Mervi, Pajari Pasi, Pajari Tuulia, Per\u00e4kyl\u00e4 Hilkka, Pylkk\u00e4nen Maila, Rumpu Paula, Saareks Jyrki, Saarnio Jarmo (u), Suomalainen Helli, Vainikka Raija, Vainikka Sisko, Vanhapelto Virpi, V\u00e4kev\u00e4 P\u00e4ivi (u), Yl\u00f6stalo Pekka, Yl\u00f6stalo Ritva<br \/>\nKolme kyl\u00e4\u00e4, 4 py\u00f6r\u00e4ilij\u00e4\u00e4 (10) Ei mukana p\u00e4\u00e4arvonnassa<br \/>\nKaksi kyl\u00e4\u00e4, 13 py\u00f6r\u00e4ilij\u00e4\u00e4 (14) Ei mukana p\u00e4\u00e4arvonnassa<br \/>\nYksi kyl\u00e4, 20 py\u00f6r\u00e4ilij\u00e4\u00e4 (23) Ei mukana p\u00e4\u00e4arvonnassa<\/p>\n<p>Ensimm\u00e4inen osallistuminen Kyl\u00e4py\u00f6r\u00e4ily-tapahtumaan, 29 py\u00f6r\u00e4ilij\u00e4\u00e4 (Tilastoitu vuodesta 2000 alkaen)<\/p>\n<p>Vuosina 2000-2009 Kyl\u00e4py\u00f6r\u00e4ilyihin on osallistunut yhteens\u00e4 yli 700 henkil\u00f6\u00e4.<\/p>\n","protected":false},"excerpt":{"rendered":"<p>Viime vuoden toukokuun Kyl\u00e4py\u00f6r\u00e4ily \u201dfloppasi\u201d l\u00e4hes t\u00e4ydellisesti. Syy t\u00e4h\u00e4n oli huono s\u00e4\u00e4 ja l\u00e4hes t\u00e4ydellisesti ep\u00e4onnistunut tiedottaminen. T\u00e4n\u00e4 vuonna tiedottaminen onnistui ja s\u00e4\u00e4kin oli v\u00e4hint\u00e4\u00e4n tyydytt\u00e4v\u00e4. Aamup\u00e4iv\u00e4ll\u00e4 aurinko paistoi eik\u00e4 sin\u00e4ns\u00e4 voimakas tuuli haitannut liiaksi py\u00f6r\u00e4ily\u00e4. Iltap\u00e4iv\u00e4n sade- ja ukkoskuurot &hellip; <a href=\"https:\/\/kylat.ekarjala.fi\/vainikkala\/tapahtumakalenteri\/tapahtumahistoria\/kylapyoraily-2009\/\">Lue loppuun <span class=\"meta-nav\">&rarr;<\/span><\/a><\/p>\n","protected":false},"author":80,"featured_media":0,"parent":918,"menu_order":0,"comment_status":"open","ping_status":"closed","template":"","meta":{"footnotes":""},"class_list":["post-928","page","type-page","status-publish","hentry"],"_links":{"self":[{"href":"https:\/\/kylat.ekarjala.fi\/vainikkala\/wp-json\/wp\/v2\/pages\/928","targetHints":{"allow":["GET"]}}],"collection":[{"href":"https:\/\/kylat.ekarjala.fi\/vainikkala\/wp-json\/wp\/v2\/pages"}],"about":[{"href":"https:\/\/kylat.ekarjala.fi\/vainikkala\/wp-json\/wp\/v2\/types\/page"}],"author":[{"embeddable":true,"href":"https:\/\/kylat.ekarjala.fi\/vainikkala\/wp-json\/wp\/v2\/users\/80"}],"replies":[{"embeddable":true,"href":"https:\/\/kylat.ekarjala.fi\/vainikkala\/wp-json\/wp\/v2\/comments?post=928"}],"version-history":[{"count":1,"href":"https:\/\/kylat.ekarjala.fi\/vainikkala\/wp-json\/wp\/v2\/pages\/928\/revisions"}],"predecessor-version":[{"id":931,"href":"https:\/\/kylat.ekarjala.fi\/vainikkala\/wp-json\/wp\/v2\/pages\/928\/revisions\/931"}],"up":[{"embeddable":true,"href":"https:\/\/kylat.ekarjala.fi\/vainikkala\/wp-json\/wp\/v2\/pages\/918"}],"wp:attachment":[{"href":"https:\/\/kylat.ekarjala.fi\/vainikkala\/wp-json\/wp\/v2\/media?parent=928"}],"curies":[{"name":"wp","href":"https:\/\/api.w.org\/{rel}","templated":true}]}}