{"id":938,"date":"2013-12-26T18:07:49","date_gmt":"2013-12-26T18:37:49","guid":{"rendered":"https:\/\/kylat.ekarjala.fi\/vainikkala\/?page_id=938"},"modified":"2013-12-26T18:07:49","modified_gmt":"2013-12-26T18:37:49","slug":"kylapyoraily-2012","status":"publish","type":"page","link":"https:\/\/kylat.ekarjala.fi\/vainikkala\/tapahtumakalenteri\/tapahtumahistoria\/kylapyoraily-2012\/","title":{"rendered":"Kyl\u00e4py\u00f6r\u00e4ily 2012"},"content":{"rendered":"<p><strong>Kyl\u00e4py\u00f6r\u00e4ily 6.5.2012<\/strong><\/p>\n<p>Toukokuun Kyl\u00e4py\u00f6r\u00e4ily onnistui<\/p>\n<p>S\u00e4\u00e4 suosi toukokuun Kyl\u00e4py\u00f6r\u00e4ily\u00e4. Aurinkoa ja l\u00e4mp\u00f6\u00e4 oli sopivasti, ja tuulikin haittasi menoa yll\u00e4tt\u00e4v\u00e4n v\u00e4h\u00e4n. Vilkkainta oli tuttuun tapaan aamu- ja keskip\u00e4iv\u00e4ll\u00e4.<\/p>\n<p>Kyl\u00e4py\u00f6r\u00e4ily kuuluu maakunnan kev\u00e4\u00e4seen ja kes\u00e4\u00e4n. Vuosien my\u00f6t\u00e4 rakennettu koneisto on kunnossa, ja itse asiassa tehokkaaksi viritettyn\u00e4. Kyl\u00e4py\u00f6r\u00e4ilyll\u00e4 on hyv\u00e4t edellytykset jatkaa pitk\u00e4lle tulevaisuuteen.<\/p>\n<p>Kes\u00e4n toinen Kyl\u00e4py\u00f6r\u00e4ily poljetaan sunnuntaina 12. elokuuta. Tapahtuman p\u00e4\u00e4palkintona arvotaan tuolloin Monark Victoria polkupy\u00f6r\u00e4 Urheilu Koskimiehen valikoimasta.<\/p>\n<p>Sauli Vainikka<\/p>\n<p>KYL\u00c4PY\u00d6R\u00c4ILY 6.5.2012 KYLITT\u00c4IN<\/p>\n<p>(suluissa vuoden 2011 toukokuun tapahtuman lukuja)<br \/>\nPy\u00f6r\u00e4ilij\u00f6it\u00e4 yhteens\u00e4 175 (173)<\/p>\n<p>Kasukkala<br \/>\nKirjauksia 106 (94)<br \/>\nMahdollisesta arvonnasta tiedotetaan my\u00f6hemmin<br \/>\nHaapaj\u00e4rvi<br \/>\nKirjauksia 108 (109)<br \/>\nMahdollisesta arvonnasta tiedotetaan my\u00f6hemmin<br \/>\nVainikkala<br \/>\nKirjauksia 107 (106)<br \/>\nArvontavoittajat:<br \/>\nSari Lehikoinen, Uutis-Vainikkala loppuvuosi<br \/>\nTomppa Jurvanen, Uutis-Vainikkala loppuvuosi<br \/>\nAntti Vakkila, tuotepaketti<br \/>\nPalkintojen lahjoittajat:<br \/>\nVainikkalan kyl\u00e4toimikunta, Sonera\u00b4<br \/>\nArvonnan yhteyshenkil\u00f6 Teppo Suhonen, puh. 040 5594773<br \/>\nVillala<br \/>\nKirjauksia 25 (30)<br \/>\nMahdollisesta arvonnasta tiedotetaan my\u00f6hemmin<br \/>\nRumpu<br \/>\nKirjauksia 42 (44)<br \/>\nArvontavoittajat:<br \/>\nMaija Turkia, pyyhe<br \/>\nJuha Per\u00e4kasari, tikkataulu<br \/>\nSimola<br \/>\nKirjauksia 69 (61)<br \/>\nMahdollisesta arvonnasta tiedotetaan my\u00f6hemmin<br \/>\nHytti<br \/>\nKirjauksia 80 (74)<br \/>\nArvontavoittajat:<br \/>\nTommi Houni, paita<br \/>\nJyrki Oinas, paita<br \/>\nArvonnan yhteyshenkil\u00f6 Irja K\u00e4kel\u00e4, 0408322142<br \/>\nRapattila<br \/>\nKirjauksia 48 (40)<br \/>\nMahdollisesta arvonnasta tiedotetaan my\u00f6hemmin<br \/>\nHanhij\u00e4rvi<br \/>\nKirjauksia 74 (77)<br \/>\nMahdollisesta arvonnasta tiedotetaan my\u00f6hemmin<br \/>\nHyttil\u00e4<br \/>\nKirjauksia 21 (24)<br \/>\nMahdollisesta arvonnasta tiedotetaan my\u00f6hemmin<br \/>\nYl\u00e4maa<br \/>\nKirjauksia 19 (27)<br \/>\nMahdollisesta arvonnasta tiedotetaan my\u00f6hemmin<br \/>\nKorkea-aho<br \/>\nKirjauksia 26 (28)<br \/>\nMahdollisesta arvonnasta tiedotetaan my\u00f6hemmin<\/p>\n<p>Toukokuun p\u00e4\u00e4palkinnon arvonta<\/p>\n<p>Toukokuun Kyl\u00e4py\u00f6r\u00e4ilyn p\u00e4\u00e4palkinnon arvonta suoritettiin Lappeen Riennon ja Vainikkalan kyl\u00e4toimikunnan edustajien toimesta maanantaina 28.5.2012. Arvonnassa olivat mukana kaikki ne 101 py\u00f6r\u00e4ilij\u00e4\u00e4 (89) joilta l\u00f6ytyi suorituskirjaus v\u00e4hint\u00e4\u00e4n nelj\u00e4ss\u00e4 merkint\u00e4paikassa.<\/p>\n<p>P\u00e4\u00e4palkinto<\/p>\n<p>Jorma Skippari, Yl\u00e4maan Korukivi Ky:n lahjoittama spektroliitti-p\u00f6yt\u00e4kello<\/p>\n<p>Kyl\u00e4py\u00f6r\u00e4ily \u2013p\u00e4\u00e4arvontaan osallistuneet 101 py\u00f6r\u00e4ilij\u00e4\u00e4. Heist\u00e4 mitalisteja 26<\/p>\n<p>Kyl\u00e4py\u00f6r\u00e4ilyn suoritusmitaliin ovat oikeutettuja ne py\u00f6r\u00e4ilij\u00e4t jotka kirjasivat suorituksensa v\u00e4hint\u00e4\u00e4n kuudella merkint\u00e4paikalla. Kirjaamisen yhteydess\u00e4 py\u00f6r\u00e4ilij\u00e4 valitsi paikan josta h\u00e4n haluaa noutaa mitalin. Mitaleja jaetaan 26 kpl. V\u00e4hint\u00e4\u00e4n kuudessa kyl\u00e4ss\u00e4 suorituksensa kirjanneista 25 py\u00f6r\u00e4ilij\u00e4\u00e4 j\u00e4tti paikan merkitsem\u00e4tt\u00e4. T\u00e4m\u00e4n j\u00e4rjest\u00e4j\u00e4t tulkitsevat siten ett\u00e4 henkil\u00f6 ei mitalia halua. Vuoden 2012 mitalien noutopaikat ovat Lappeen Riennon toimisto, Yl\u00e4maan Korupirtti ja Vainikkalan Sale. Mitalit ovat noudettavissa em. paikoista 4.6.2012 alkaen. Mitaleita s\u00e4ilytet\u00e4\u00e4n noutopaikoissa 30.9.2012 saakka. Mitali pit\u00e4\u00e4 noutaa lomakkeeseen kirjatusta paikasta.<\/p>\n<p>Kaksitoista kyl\u00e4\u00e4, 9 py\u00f6r\u00e4ilij\u00e4 (8)<br \/>\nEerik\u00e4inen Jani, Immonen Joni, Jurvanen Sirpa, Kilpi\u00e4 Kimmo, Leino Pasi, Muona Juha, Pekkanen Ari. Tuuva Mika, Uotinen Hannu<br \/>\nYksitoista kyl\u00e4\u00e4, 0 py\u00f6r\u00e4ilij\u00e4\u00e4 (6)<br \/>\nKymmenen kyl\u00e4\u00e4, 1 py\u00f6r\u00e4ilij\u00e4 (2)<br \/>\nTaskula Jouko<br \/>\nYhdeks\u00e4n kyl\u00e4\u00e4, 1 py\u00f6r\u00e4ilij\u00e4 (1)<br \/>\nKupsanen Heikki<br \/>\nKahdeksan kyl\u00e4\u00e4, 3 py\u00f6r\u00e4ilij\u00e4\u00e4 (5)<br \/>\nKiianen Jaakko, Myll\u00e4rinen Vesa, Pukero Mauri<br \/>\nSeitsem\u00e4n kyl\u00e4\u00e4, 13 py\u00f6r\u00e4ilij\u00e4\u00e4 (6)<br \/>\nKiianen Jouko, Laurikainen Leena, Lehikoinen Sari, Nurkka Tapani, Oinas Jyrki, Pohjola Marjo, Potinkara Aarne, Pulli Matti, Saira Henri, Skippari Jorma, Turunen Maija, Vakkila Antti, Viertola Hilkka<br \/>\nKuusi kyl\u00e4\u00e4, 24 py\u00f6r\u00e4ilij\u00e4\u00e4 (24)<br \/>\nHiiri Marja, Houni Tommi, Hovi Petri, Hyv\u00e4ri Markku, Immonen Sirpa, Jurvanen Tomppa, Kaarna Arto, Kiesi Jani, Koivisto Reima, Kosonen Juhani, Latto Juha, Maijanen Seppo, Mustonen Matti, Noroaho Ilpo, Per\u00e4kasari Juha, Per\u00e4kasari Tuija, Pihjajaniemi Tuula, Pulkkinen Juhani, Rantanen Auli, Taalikka Pertti (Mikko), Tapio Erkki, Tuuri Sami, Tynkkynen Katri, Tynkkynen Vesa<br \/>\nViisi kyl\u00e4\u00e4, 9 py\u00f6r\u00e4ilij\u00e4\u00e4 (10)<br \/>\nHusu Riitta, Husu Veikko, Kaipia Heikki, Kolhonen Anna-Liisa, Konttila Harri, Kylli\u00e4inen Pertti, Pulli Timo, Toivakka Kari, Vainikka Sauli<br \/>\nNelj\u00e4 kyl\u00e4\u00e4, 41 py\u00f6r\u00e4ilij\u00e4\u00e4 (27)<br \/>\nAspinen Terho, Helsiaho Arttu, Huopalainen Petri, Huovinen Ulla, Junnikkala Anja, Kallio Kalevi, Kallio Marketta, Kauppinen Sanni, Kemppinen Aleksi, Kemppinen Anna, Kemppinen Heidi, Kiero Eeva-Liisa, Kiero Veijo, Kuuluvainen Mikko, Kuuluvainen Pirjo, Kylli\u00e4inen Seppo, K\u00e4lvi\u00e4inen Jaana, K\u00e4lvi\u00e4inen Maija, K\u00e4lvi\u00e4inen Raimo, Laine Henri, Leino Aulis, Leino Pekka, Luostarinen Mauno, Manninen Seppo, Martikka Eliisa, Mikkola Seppo, Niemi Antti, Niemi Seija, Nuppola Hannes, Per\u00e4kyl\u00e4 Hilkka, Rumpu Aimo, Rumpu Eija, Rumpu Paula, Saira Pauli, Siiskonen Seppo, Timonen Marjukka, Toiviainen Risto, Toiviainen Ulla-Maija, Vainikka Eevert, Yl\u00f6stalo Pekka, Yl\u00f6stalo Ritva<br \/>\nKolme Kyl\u00e4\u00e4, 15 py\u00f6r\u00e4ilij\u00e4\u00e4 (16)<br \/>\nKaksi kyl\u00e4\u00e4, 26 py\u00f6r\u00e4ilij\u00e4\u00e4 (23)<br \/>\nYksi kyl\u00e4, 33 py\u00f6r\u00e4ilij\u00e4\u00e4 (45)<\/p>\n<p>Tapahtumaan osallistuneita ensikertalaisia oli 36 py\u00f6r\u00e4ilij\u00e4\u00e4 (tilastoitu 2000-luvulla)<br \/>\nVuosina 2000-2012 Kyl\u00e4py\u00f6r\u00e4ilyihin on osallistunut yli 1000 henkil\u00f6\u00e4.<\/p>\n<p>*************************************************************************************<\/p>\n<p><strong>Kyl\u00e4py\u00f6r\u00e4ily 12.8.2012<\/strong><\/p>\n<p>Elokuun Kyl\u00e4py\u00f6r\u00e4ily poljettiin tyyness\u00e4 loppukes\u00e4n poutas\u00e4\u00e4ss\u00e4<br \/>\nPy\u00f6r\u00e4ilyp\u00e4iv\u00e4n aamu valkeni viile\u00e4n\u00e4, mutta ilma l\u00e4mpeni mukavasti p\u00e4iv\u00e4n mittaan ja aurinkokin paistoi ison osan p\u00e4iv\u00e4st\u00e4. S\u00e4\u00e4 pysyi pitk\u00e4\u00e4n l\u00e4hes tyynen\u00e4 ja miss\u00e4\u00e4n vaiheessa p\u00e4iv\u00e4\u00e4 tuuli ei yltynyt py\u00f6r\u00e4ily\u00e4 haittaavaksi. Monen mielest\u00e4 s\u00e4\u00e4 oli erinomainen, tosin jotkut saattoivat kaivata l\u00e4mpim\u00e4mp\u00e4\u00e4 s\u00e4\u00e4t\u00e4 jotta olisi voinut pukeutua kevyemmin.<\/p>\n<p>Mukava m\u00e4\u00e4r\u00e4 ensikertalaisia<br \/>\nElokuun Kyl\u00e4py\u00f6r\u00e4ily onnistui kokonaisuutena hyvin. Erityisesti ensikertalaisten suuri m\u00e4\u00e4r\u00e4 ilahduttaa. Ilahduttavaa on my\u00f6s vuosittain tapahtumaan osallistuvien suuri m\u00e4\u00e4r\u00e4. Mukana oli henkil\u00f6it\u00e4 jotka ovat olleet alusta alkaen mukana, kenties jotkut heist\u00e4 jokaisessa Kyl\u00e4py\u00f6r\u00e4ilyss\u00e4?<\/p>\n<p>Kyl\u00e4py\u00f6r\u00e4ily tarjoaa k\u00e4yntikortit kylist\u00e4<\/p>\n<p>Kyl\u00e4py\u00f6r\u00e4ilyll\u00e4 on vankka ja vakaa suosio. Vaikka yksitt\u00e4isen kyl\u00e4n asukkaiden py\u00f6r\u00e4ilij\u00e4m\u00e4\u00e4r\u00e4 j\u00e4\u00e4 yleens\u00e4 hyvin pieneksi, kaikki py\u00f6r\u00e4ilij\u00e4t yhteens\u00e4, tapahtumasta on muodostunut kyli\u00e4 yhdist\u00e4v\u00e4 yhteinen tapahtuma. Kyl\u00e4py\u00f6r\u00e4ilyn voidaan katsoa olevan kylien \u201dn\u00e4yteikkuna\u201d tai \u201dk\u00e4yntikortti\u201d. Siis palvelu henkil\u00f6ille jotka eiv\u00e4t koskaan ole kyliss\u00e4mme k\u00e4yneet. Kokemukseni mukaan t\u00e4llaisia henkil\u00f6it\u00e4 osallistuu jokaiseen Kyl\u00e4py\u00f6r\u00e4ilyyn. Elokuun tapahtumassa ensikertalaisia oli 26. Arvelen heist\u00e4 yli kolmasosan olevan \u201dn\u00e4yteikkunoiden katsojia\u201d. He saivat reitilt\u00e4 mieleen painuneet \u201dk\u00e4yntikortit\u201d jokaisesta etappikyl\u00e4st\u00e4 sek\u00e4 mieleen painuneita n\u00e4yteikkunan\u00e4kymi\u00e4 my\u00f6s matkan varrelta.<\/p>\n<p>KYL\u00c4PY\u00d6R\u00c4ILY 12.8.2012 KYLITT\u00c4IN<\/p>\n<p>(suluissa vuoden 2011 elokuun tapahtuman lukuja)<\/p>\n<p>Py\u00f6r\u00e4ilij\u00f6it\u00e4 yhteens\u00e4 144 (171)<\/p>\n<p>MERKINT\u00c4PAIKAT<\/p>\n<p>Kasukkala<br \/>\nKirjauksia 74 (108)<br \/>\nArvontaa ei ole suoritettu lehden menness\u00e4 painoon<br \/>\nKyl\u00e4n yhteyshenkil\u00f6: Jukka Porali<\/p>\n<p>Haapaj\u00e4rvi<br \/>\nKirjauksia 91 (111)<br \/>\nArvontaa ei ole suoritettu lehden menness\u00e4 painoon<br \/>\nKyl\u00e4n yhteyshenkil\u00f6: Juha-Matti K\u00e4lvi\u00e4inen<\/p>\n<p>Vainikkala<br \/>\nKirjauksia 77 (98)<\/p>\n<p>Arvontavoittajat:<\/p>\n<p>Juhani Pulkkinen, p\u00e4\u00e4hinesetti<br \/>\nJarmo Kiero, p\u00e4\u00e4hinesetti<br \/>\nJohanna H\u00e4rk\u00f6nen, pizzalahjakortti<br \/>\nHannu H\u00f6ltt\u00e4, Uutis-Vainikkalan loppuvuoden numerot<br \/>\nAuli Vilkko, Uutis-Vainikkalan loppuvuoden numerot<\/p>\n<p>Palkintojen lahjoittajat:<br \/>\nRavintola Ukko-Pekka, Sonera, Vainikkalan kyl\u00e4toimikunta<\/p>\n<p>Kyl\u00e4n yhteyshenkil\u00f6t: Teppo Suhonen (arvonta) ja Sauli Vainikka (j\u00e4rjestelyt)<\/p>\n<p>Villala<br \/>\nKirjauksia 32 (33)<br \/>\nArvontaa ei ole suoritettu lehden menness\u00e4 painoon<br \/>\nKyl\u00e4n yhteyshenkil\u00f6: Anni Lehtola<\/p>\n<p>Rumpu<br \/>\nKirjauksia 46 (54)<br \/>\nArvontavoittajat:<br \/>\nJorma Skippari, urheilupyyhe + kynttil\u00e4<br \/>\nJorma Vilkko, kynttil\u00e4<br \/>\nKyl\u00e4n yhteyshenkil\u00f6: Asta Pohjola<\/p>\n<p>Simola<br \/>\nKirjauksia 71 (75)<br \/>\nArvontaa ei ole suoritettu lehden menness\u00e4 painoon<br \/>\nKyl\u00e4n yhteyshenkil\u00f6: Heli Kajander<\/p>\n<p>Hytti<br \/>\nKirjauksia 78 (84)<br \/>\nArvontavoittajat:<br \/>\nJuha Latto, HYTTI-paita<br \/>\nTarja Sepp\u00e4l\u00e4, HYTTI-paita<br \/>\nKyl\u00e4n yhteyshenkil\u00f6: Irja K\u00e4kel\u00e4<\/p>\n<p>Rapattila<br \/>\nKirjauksia 29 (46)<br \/>\nArvontaa ei ole suoritettu lehden menness\u00e4 painoon<br \/>\nKyl\u00e4n yhteyshenkil\u00f6: Marjukka Skytt\u00e4<\/p>\n<p>Hanhij\u00e4rvi<br \/>\nKirjauksia 66 (78)<br \/>\nArvontaa ei ole suoritettu lehden menness\u00e4 painoon<br \/>\nKyl\u00e4n yhteyshenkil\u00f6: Harri Kauranen<\/p>\n<p>Hyttil\u00e4<br \/>\nKirjauksia 31 (31)<br \/>\nArvontaa ei ole suoritettu lehden menness\u00e4 painoon<br \/>\nKyl\u00e4n yhteyshenkil\u00f6: Irma Kailio<\/p>\n<p>Yl\u00e4maa<br \/>\nKirjauksia 25 (27)<br \/>\nArvontaa ei ole suoritettu lehden menness\u00e4 painoon<br \/>\nKyl\u00e4n yhteyshenkil\u00f6: Teuvo Tielinen<\/p>\n<p>Korkea-aho<br \/>\nKirjauksia 30 (39)<br \/>\nArvontaa ei ole suoritettu lehden menness\u00e4 painoon<br \/>\nKyl\u00e4n yhteyshenkil\u00f6: Petri Hovi<\/p>\n<p>Elokuun p\u00e4\u00e4palkinnon arvonta<\/p>\n<p>Elokuun Kyl\u00e4py\u00f6r\u00e4ilyn p\u00e4\u00e4palkinnon arvonta suoritettiin Urheilu Koskimies Oy:n myym\u00e4l\u00e4ss\u00e4 tiistaina 21.8.2012. Arvonnassa olivat mukana kaikki ne 86 py\u00f6r\u00e4ilij\u00e4\u00e4 joilta l\u00f6ytyi suorituskirjaus v\u00e4hint\u00e4\u00e4n nelj\u00e4ss\u00e4 merkint\u00e4paikassa. Arvonnan suorittivat Pasi Rautio Urheilu Koskimiehest\u00e4 sek\u00e4 Sauli Vainikka j\u00e4rjest\u00e4jien edustajana. Onnettarena toimi asiakas Sini Jukkala<\/p>\n<p>P\u00e4\u00e4palkinto<\/p>\n<p>Hanna J\u00e4rvel\u00e4inen, Urheilu-Koskimiehen lahjoittama Monark Victoria \u2013polkupy\u00f6r\u00e4<\/p>\n<p>Lis\u00e4palkinnot<\/p>\n<p>Sini-Kirsi Kurvi, j\u00e4rjest\u00e4jien lahjoittama riippukeinu<\/p>\n<p>Sari Lehikoinen, j\u00e4rjest\u00e4jien lahjoittama polkupy\u00f6r\u00e4valaisin<\/p>\n<p>Juhani Pulkkinen, j\u00e4rjest\u00e4jien lahjoittama retkeilij\u00e4n juomapullo<\/p>\n<p>Eeva-Liisa Kiero, j\u00e4rjest\u00e4jien lahjoittama urheilukassi<\/p>\n<p>Lis\u00e4palkinnot ostettiin Urheilu-Koskimiehen myym\u00e4l\u00e4n monipuolisesta valikoimasta.<\/p>\n<p>Arvonnassa mukana olleet 86 henkil\u00f6\u00e4 (106)<\/p>\n<p>Kyl\u00e4py\u00f6r\u00e4ilyn p\u00e4\u00e4arvontaan olivat oikeutettuja ne py\u00f6r\u00e4ilij\u00e4t jotka kirjasivat suorituksensa v\u00e4hint\u00e4\u00e4n nelj\u00e4ll\u00e4 merkint\u00e4paikalla. Tapahtumassa ensimm\u00e4ist\u00e4 kertaa mukana olleet on merkitty u-kirjaimella (u).<\/p>\n<p>Kaikki kaksitoista kyl\u00e4\u00e4, 8 py\u00f6r\u00e4ilij\u00e4\u00e4 (16)<\/p>\n<p>Immonen Sirpa, Jurvanen Sirpa, Kiero Jarmo, Kurvi Sini-Kirsi, Leino Pasi, R\u00f6tk\u00f6 Timo, Tuuri Sami, Tuuva Mika<\/p>\n<p>Yksitoista kyl\u00e4\u00e4, 1 py\u00f6r\u00e4ilij\u00e4 (2)<br \/>\nKiero Veijo<\/p>\n<p>Kymmenen kyl\u00e4\u00e4, 4 py\u00f6r\u00e4ilij\u00e4\u00e4 (1)<br \/>\nHiiri Marja, Hiiri Mira, Laine Perttu (u), Vilkko Jorma<\/p>\n<p>Yhdeks\u00e4n kyl\u00e4\u00e4, 4 py\u00f6r\u00e4ilij\u00e4\u00e4 (3)<\/p>\n<p>Kupsanen Heikki, Napari Seppo, Per\u00e4kasari Juha, Per\u00e4kasari Tuija<br \/>\nKahdeksan kyl\u00e4\u00e4, 6 py\u00f6r\u00e4ilij\u00e4\u00e4 (4)<\/p>\n<p>H\u00e4rk\u00f6nen Johanna (u), Kiero Eeva-Liisa, Kosunen Lasse (u), Rumpu Aimo, Rumpu Eija, Taskula Jouko<\/p>\n<p>Seitsem\u00e4n kyl\u00e4\u00e4, 14 py\u00f6r\u00e4ilij\u00e4\u00e4 (6)<\/p>\n<p>Hjelm Paula, Koskelainen-Latto Tarja, Kuutti Pentti, Latto Juha, Lattu Hannu, Leinonen Helena, Montonen Jussi (u), Nurkka Merja, Nurkka Tapani, Pukero Mauri, Pulli Matti, Purhonen Tatja (u), Siltanen Tiina (u), Skippari Jorma<br \/>\nKuusi kyl\u00e4\u00e4, 12 py\u00f6r\u00e4ilij\u00e4\u00e4 (16)<\/p>\n<p>Houni Tommi, Hovi Petri, Hyv\u00e4ri Markku, Karvanen Ossi, Kemppinen Aleksi, Kemppinen Heidi, Maijanen Seppo, Pohjola Marjo, Pulkkinen Juhani, Tapio Erkki, Toiviainen Risto, Toiviainen Ulla-Maija<\/p>\n<p>Viisi kyl\u00e4\u00e4, 7 py\u00f6r\u00e4ilij\u00e4\u00e4 (22)<\/p>\n<p>Junnola, Pirjo, Kylli\u00e4inen Pertti, Lehikoinen Sari, Pihlajaniemi Tuula, Ruokonen Reijo, Tuunanen Jarmo (u), Vainikka Sauli<\/p>\n<p>Nelj\u00e4 kyl\u00e4\u00e4, 30 py\u00f6r\u00e4ilij\u00e4\u00e4 (36)<\/p>\n<p>Ahokainen Paula (u), Hiiri Irma, J\u00e4rvel\u00e4inen Hanna, Kallio Kalevi, Kallio Marketta, Kalliosaari Johanna (u), Kalliosaari Tommi, Kauppinen Sanni, Kauvo Iida, Kiianen Jaakko, Kiianen Jouko, Kuuluvainen Pirjo, Leino Aulis, Nutikka Mervi, Parkko Sirkka (u), Per\u00e4kyl\u00e4 Hilkka, Raskila Ari (u), Ritala Liisa (u), Ritala Risto (u), Rumpu Paula, R\u00e4ih\u00e4 Kirsi, Saareks Jarmo, Ter\u00e4v\u00e4 Marianna, Tikka Merja, Tikka Teemu, Timonen Leila, Vainikka Raija, Vainikka Sisko, Vainio Jyrki (u), Vanhapelto Virpi<\/p>\n<p>Kolme kyl\u00e4\u00e4,12 py\u00f6r\u00e4ilij\u00e4\u00e4 (12) Ei mukana p\u00e4\u00e4arvonnassa. 2 henkil\u00f6\u00e4 (u)<\/p>\n<p>Kaksi kyl\u00e4\u00e4, 11 py\u00f6r\u00e4ilij\u00e4\u00e4 (20) Ei mukana p\u00e4\u00e4arvonnassa. 2 henkil\u00f6\u00e4 (u)<\/p>\n<p>Yksi kyl\u00e4, 35 py\u00f6r\u00e4ilij\u00e4\u00e4 (33) Ei mukana p\u00e4\u00e4arvonnassa. 8 henkil\u00f6\u00e4 (u)<\/p>\n<p>Ensimm\u00e4inen osallistuminen Kyl\u00e4py\u00f6r\u00e4ily-tapahtumaan, 26 py\u00f6r\u00e4ilij\u00e4\u00e4 (Tilastoitu vuodesta 2000 alkaen)<\/p>\n<p>Vuosina 2000-2012 Kyl\u00e4py\u00f6r\u00e4ilyihin on osallistunut yhteens\u00e4 noin tuhat henkil\u00f6\u00e4.<\/p>\n","protected":false},"excerpt":{"rendered":"<p>Kyl\u00e4py\u00f6r\u00e4ily 6.5.2012 Toukokuun Kyl\u00e4py\u00f6r\u00e4ily onnistui S\u00e4\u00e4 suosi toukokuun Kyl\u00e4py\u00f6r\u00e4ily\u00e4. Aurinkoa ja l\u00e4mp\u00f6\u00e4 oli sopivasti, ja tuulikin haittasi menoa yll\u00e4tt\u00e4v\u00e4n v\u00e4h\u00e4n. Vilkkainta oli tuttuun tapaan aamu- ja keskip\u00e4iv\u00e4ll\u00e4. Kyl\u00e4py\u00f6r\u00e4ily kuuluu maakunnan kev\u00e4\u00e4seen ja kes\u00e4\u00e4n. Vuosien my\u00f6t\u00e4 rakennettu koneisto on kunnossa, ja &hellip; <a href=\"https:\/\/kylat.ekarjala.fi\/vainikkala\/tapahtumakalenteri\/tapahtumahistoria\/kylapyoraily-2012\/\">Lue loppuun <span class=\"meta-nav\">&rarr;<\/span><\/a><\/p>\n","protected":false},"author":80,"featured_media":0,"parent":918,"menu_order":0,"comment_status":"open","ping_status":"closed","template":"","meta":{"footnotes":""},"class_list":["post-938","page","type-page","status-publish","hentry"],"_links":{"self":[{"href":"https:\/\/kylat.ekarjala.fi\/vainikkala\/wp-json\/wp\/v2\/pages\/938","targetHints":{"allow":["GET"]}}],"collection":[{"href":"https:\/\/kylat.ekarjala.fi\/vainikkala\/wp-json\/wp\/v2\/pages"}],"about":[{"href":"https:\/\/kylat.ekarjala.fi\/vainikkala\/wp-json\/wp\/v2\/types\/page"}],"author":[{"embeddable":true,"href":"https:\/\/kylat.ekarjala.fi\/vainikkala\/wp-json\/wp\/v2\/users\/80"}],"replies":[{"embeddable":true,"href":"https:\/\/kylat.ekarjala.fi\/vainikkala\/wp-json\/wp\/v2\/comments?post=938"}],"version-history":[{"count":1,"href":"https:\/\/kylat.ekarjala.fi\/vainikkala\/wp-json\/wp\/v2\/pages\/938\/revisions"}],"predecessor-version":[{"id":939,"href":"https:\/\/kylat.ekarjala.fi\/vainikkala\/wp-json\/wp\/v2\/pages\/938\/revisions\/939"}],"up":[{"embeddable":true,"href":"https:\/\/kylat.ekarjala.fi\/vainikkala\/wp-json\/wp\/v2\/pages\/918"}],"wp:attachment":[{"href":"https:\/\/kylat.ekarjala.fi\/vainikkala\/wp-json\/wp\/v2\/media?parent=938"}],"curies":[{"name":"wp","href":"https:\/\/api.w.org\/{rel}","templated":true}]}}