{"id":940,"date":"2013-12-26T18:12:45","date_gmt":"2013-12-26T18:42:45","guid":{"rendered":"https:\/\/kylat.ekarjala.fi\/vainikkala\/?page_id=940"},"modified":"2013-12-26T18:12:45","modified_gmt":"2013-12-26T18:42:45","slug":"kylapyoraily-2013","status":"publish","type":"page","link":"https:\/\/kylat.ekarjala.fi\/vainikkala\/tapahtumakalenteri\/tapahtumahistoria\/kylapyoraily-2013\/","title":{"rendered":"Kyl\u00e4py\u00f6r\u00e4ily 2013"},"content":{"rendered":"<p><strong>Kyl\u00e4py\u00f6r\u00e4ily 26.5.2013<\/strong><\/p>\n<p>Toukokuun Kyl\u00e4py\u00f6r\u00e4ilyss\u00e4 220 py\u00f6r\u00e4ilij\u00e4\u00e4!<br \/>\nS\u00e4\u00e4 suosi toukokuun Kyl\u00e4py\u00f6r\u00e4ily\u00e4. Aurinkoa ja l\u00e4mp\u00f6\u00e4 oli sopivasti, ja tuulikin haittasi menoa yll\u00e4tt\u00e4v\u00e4n v\u00e4h\u00e4n. Vilkkainta oli tuttuun tapaan aamu- ja keskip\u00e4iv\u00e4ll\u00e4. Py\u00f6r\u00e4ilij\u00f6iden m\u00e4\u00e4r\u00e4 oli suurin kymmeneen vuoteen verrattaessa toukokuun tapahtumia. Kyl\u00e4py\u00f6r\u00e4ilyn osallistujaenn\u00e4tys, 237 py\u00f6r\u00e4ilij\u00e4\u00e4, syntyi ihannes\u00e4\u00e4ss\u00e4 toukokuussa 2002.<\/p>\n<p>Kyl\u00e4py\u00f6r\u00e4ily kuuluu maakunnan kev\u00e4\u00e4seen ja kes\u00e4\u00e4n. Vuosien my\u00f6t\u00e4 rakennettu koneisto on kunnossa, ja itse asiassa tehokkaaksi viritettyn\u00e4. Kyl\u00e4py\u00f6r\u00e4ilyll\u00e4 on hyv\u00e4t edellytykset jatkaa pitk\u00e4lle tulevaisuuteen.<\/p>\n<p>Kes\u00e4n toinen Kyl\u00e4py\u00f6r\u00e4ily poljetaan sunnuntaina 11. elokuuta. Tapahtuman p\u00e4\u00e4palkintona arvotaan tuolloin Madison Budapest polkupy\u00f6r\u00e4 Urheilu Koskimiehen valikoimasta.<\/p>\n<p>KYL\u00c4PY\u00d6R\u00c4ILY 26.5.2013 KYLITT\u00c4IN<\/p>\n<p>(suluissa vuoden 2012 toukokuun tapahtuman lukuja)<br \/>\nPy\u00f6r\u00e4ilij\u00f6it\u00e4 yhteens\u00e4 220 (175)<\/p>\n<p>Kasukkala<\/p>\n<p>Kirjauksia 135 (106)<\/p>\n<p>Arvontavoittaja:<br \/>\nAkseli Junnikkala, lahjakortti<br \/>\nPalkinnon lahjoittaja:<\/p>\n<p>Fysioterapiapalvelu Tuula Penttil\u00e4<\/p>\n<p>Arvonnan yhteyshenkil\u00f6 Jukka Porali, puh. 0400558935<\/p>\n<p>Haapaj\u00e4rvi<\/p>\n<p>Kirjauksia 136 (108)<\/p>\n<p>Mahdollisesta arvonnasta tiedotetaan my\u00f6hemmin<\/p>\n<p>Vainikkala<\/p>\n<p>Kirjauksia 132 (107)<\/p>\n<p>Arvontavoittajat:<\/p>\n<p>Akseli Junnikkala, hattusetti<br \/>\nPaula Rumpu, hattusetti<br \/>\nMatti Oikkonen, hattusetti<\/p>\n<p>Palkintojen lahjoittaja:<\/p>\n<p>Sonera<\/p>\n<p>Arvonnan yhteyshenkil\u00f6 Teppo Suhonen, puh. 040 5594773<\/p>\n<p>Villala<\/p>\n<p>Kirjauksia 41 (25)<\/p>\n<p>Mahdollisesta arvonnasta tiedotetaan my\u00f6hemmin<\/p>\n<p>Rumpu<\/p>\n<p>Kirjauksia 57 (42)<\/p>\n<p>Arvontavoittajat:<\/p>\n<p>Aimo Rumpu, kylpypyyhe<br \/>\nVili Toivakka, tikkataulu + tikat<br \/>\nMervi Nutikka, kukkakori<\/p>\n<p>Arvonnan yhteyshenkil\u00f6 Asta Pohjola, puh. 0503287580<br \/>\nSimola<\/p>\n<p>Kirjauksia 95 (69)<\/p>\n<p>Mahdollisesta arvonnasta tiedotetaan my\u00f6hemmin<\/p>\n<p>Hytti<\/p>\n<p>Kirjauksia 101 (80)<\/p>\n<p>Arvontavoittajat:<\/p>\n<p>Seppo Manninen, Hytti-paita<\/p>\n<p>Mauri Pukero, Hytti-paita<\/p>\n<p>Arvonnan yhteyshenkil\u00f6 Irja K\u00e4kel\u00e4, 0408322142<\/p>\n<p>Rapattila<\/p>\n<p>Kirjauksia 35 (48)<\/p>\n<p>Mahdollisesta arvonnasta tiedotetaan my\u00f6hemmin<\/p>\n<p>Hanhij\u00e4rvi<\/p>\n<p>Kirjauksia 97 (74)<br \/>\nMahdollisesta arvonnasta tiedotetaan my\u00f6hemmin<\/p>\n<p>Hyttil\u00e4<\/p>\n<p>Kirjauksia 32 (21)<\/p>\n<p>Mahdollisesta arvonnasta tiedotetaan my\u00f6hemmin<\/p>\n<p>Yl\u00e4maa<\/p>\n<p>Kirjauksia 32 (19)<\/p>\n<p>Mahdollisesta arvonnasta tiedotetaan my\u00f6hemmin<\/p>\n<p>Korkea-aho<\/p>\n<p>Kirjauksia 29 (26)<\/p>\n<p>Mahdollisesta arvonnasta tiedotetaan my\u00f6hemmin<\/p>\n<p>Toukokuun p\u00e4\u00e4palkinnon arvonta<\/p>\n<p>Toukokuun Kyl\u00e4py\u00f6r\u00e4ilyn p\u00e4\u00e4palkinnon arvonta suoritettiin Lappeen Riennon ja Vainikkalan kyl\u00e4toimikunnan edustajien toimesta sunnuntaina 23.6.2013. Arvonnassa olivat mukana kaikki ne 131 py\u00f6r\u00e4ilij\u00e4\u00e4 (101) joilta l\u00f6ytyi suorituskirjaus v\u00e4hint\u00e4\u00e4n nelj\u00e4ss\u00e4 merkint\u00e4paikassa.<\/p>\n<p>P\u00e4\u00e4palkinto<\/p>\n<p>Tuula Ahlqvist, Yl\u00e4maan Korukivi Ky:n lahjoittama spektroliitti-p\u00f6yt\u00e4kello<\/p>\n<p>Kyl\u00e4py\u00f6r\u00e4ily \u2013p\u00e4\u00e4arvontaan osallistuneet 131 py\u00f6r\u00e4ilij\u00e4\u00e4. Heist\u00e4 mitalisteja 42<br \/>\nKyl\u00e4py\u00f6r\u00e4ilyn suoritusmitaliin ovat oikeutettuja ne py\u00f6r\u00e4ilij\u00e4t jotka kirjasivat suorituksensa v\u00e4hint\u00e4\u00e4n kuudella merkint\u00e4paikalla. Kirjaamisen yhteydess\u00e4 py\u00f6r\u00e4ilij\u00e4 valitsi paikan josta h\u00e4n haluaa noutaa mitalin. Mitaleja jaetaan 42 kpl. V\u00e4hint\u00e4\u00e4n kuudessa kyl\u00e4ss\u00e4 suorituksensa kirjanneista 29 py\u00f6r\u00e4ilij\u00e4\u00e4 j\u00e4tti paikan merkitsem\u00e4tt\u00e4. T\u00e4m\u00e4n j\u00e4rjest\u00e4j\u00e4t tulkitsevat siten ett\u00e4 henkil\u00f6 ei mitalia halua. Vuoden 2013 mitalien noutopaikat ovat Lappeen Riennon toimisto ja Ravintola Ukko-Pekka. Mitalit ovat noudettavissa em. paikoista 26.6.2013 alkaen. Mitaleita s\u00e4ilytet\u00e4\u00e4n noutopaikoissa 30.9.2013 saakka. Mitali pit\u00e4\u00e4 noutaa lomakkeeseen kirjatusta paikasta.<\/p>\n<p>Kaksitoista kyl\u00e4\u00e4, 8 py\u00f6r\u00e4ilij\u00e4 (9)<\/p>\n<p>Jurvanen Sirpa, J\u00e4nis Matti (u), Kurvi Jukka, Kurvi Sini-Kirsi, Napari Seppo, Pekkanen Ari, Tuuva Mika, Uotinen Hannu<br \/>\nYksitoista kyl\u00e4\u00e4, 4 py\u00f6r\u00e4ilij\u00e4\u00e4 (0)<br \/>\nJurvanen Tomppa, Laine Perttu, Niittym\u00e4ki Pekka, Oinas Jyrki<\/p>\n<p>Kymmenen kyl\u00e4\u00e4, 4 py\u00f6r\u00e4ilij\u00e4 (1)<\/p>\n<p>Korhonen Ville, M\u00e4ki-Kuusela Arto, Per\u00e4kasari Juha, Per\u00e4kasari Tuija<\/p>\n<p>Yhdeks\u00e4n kyl\u00e4\u00e4, 0 py\u00f6r\u00e4ilij\u00e4 (1)<\/p>\n<p>Kahdeksan kyl\u00e4\u00e4, 3 py\u00f6r\u00e4ilij\u00e4\u00e4 (3)<\/p>\n<p>Hiiri Marja, Kiero Jarmo, Kuutti Pentti<\/p>\n<p>Seitsem\u00e4n kyl\u00e4\u00e4, 14 py\u00f6r\u00e4ilij\u00e4\u00e4 (13)<\/p>\n<p>Hiiri Maiju, Hiiri Mira, Karhu Asko, Kiesi Jani, Koskelainen-Latto Tarja, Laine Kalle (u), Latto Juha, Leino Aulis, Leinonen Helena, Pukero Mauri, Rantanen Auli, R\u00f6tk\u00f6 Timo, Saareks Jarmo, Viertola Hilkka<\/p>\n<p>Kuusi kyl\u00e4\u00e4, 38 py\u00f6r\u00e4ilij\u00e4\u00e4 (24)<\/p>\n<p>Aakko Mervi (u), Aalto Sanna (u), Immonen Sirpa, Juutilainen Kalle (u), Kaarna Arto, Kallio Marketta, Kaplas Heikki, Kaplas Riitta, Kiianen Jaakko, Kiianen Jouko, Kilpel\u00e4inen Asko, Kilpel\u00e4inen Katja, Konttila Harri, Kosunen Johanna (u), Kosunen Lasse, Kylli\u00e4inen Seppo, K\u00e4lvi\u00e4inen Petteri, Lehikoinen Sari, Luostarinen Mauno, Manninen Seppo, Mustonen Matti, Myll\u00e4rinen Seija (u), Myll\u00e4rinen Vesa, Oikkonen Matti (u), Partanen Eeva (u), Pentti Harri (u), Pihlajaniemi Tuula, Pulkkinen Juhani, Pulli Timo, Ry\u00f6s\u00f6 Marita (u), Saikko Anne (u), Saloj\u00e4rvi Raili, Siiskonen Seppo, Syrj\u00e4l\u00e4inen Alpo, Tuuri Sami, Tynkkynen Katri, Tynkkynen Vesa, Vainikka Eija<\/p>\n<p>Viisi kyl\u00e4\u00e4, 8 py\u00f6r\u00e4ilij\u00e4\u00e4 (9)<\/p>\n<p>Aspinen Terho, Husu Riitta, Kokko Markku (u), Kylli\u00e4inen Pertti, Nuppola Hannes, Rumpu Aimo, Rumpu Eija, Vuorinen Marja<\/p>\n<p>Nelj\u00e4 kyl\u00e4\u00e4, 52 py\u00f6r\u00e4ilij\u00e4\u00e4 (41)<\/p>\n<p>Ahlqvist Tuula (u), Flink-Lukkarinen Helj\u00e4 (u), Heiska Joonas, Heiska Ville, H\u00f6ltt\u00e4 Hannu, Junnikkala Aleksi, Junnikkala Anja, Junnikkala Katariina, J\u00e4rvel\u00e4 Virpi, Kaipia Eeva, Kaipia Heikki, Kallio Kalevi, Kasanen Matti, Kauppinen Sanni, Kola Laura, Kola Petri, Kola Riitta, Kolhonen Anna-Liisa, Kosonen Juhani, Kuuluvainen Mikko, Kuuluvainen Pirjo, K\u00e4lvi\u00e4inen Aulikki, K\u00e4lv\u00e4l\u00e4 Kaija, K\u00e4lv\u00e4l\u00e4 Tenho, Laihanen Unto (u), Lattu Hannu, Leino Pekka, Meuronen Erkki, Meuronen Pirjo, Mikkola Juha, Mikkola Seppo, Myyryl\u00e4inen Hannu (u), Niemi Leena (u), Pajari Pasi, Pajari Tuulia, Pekki Osmo, Per\u00e4kyl\u00e4 Hilkka, Rumpu Paula, Ruokonen Helena (u), Ruokonen Reijo, Tapio Erkki, Tikka Merja, Tikka Teemu, Timonen Leila, Toivakka Kari, Toivakka Vili, Turunen Irja, Vainikka Sauli, Vilkko Auli, Vilkko Jorma, Yl\u00f6stalo Pekka, Yl\u00f6stalo Ritva<br \/>\nKolme kyl\u00e4\u00e4, 12 py\u00f6r\u00e4ilij\u00e4\u00e4 (15)<\/p>\n<p>Kaksi kyl\u00e4\u00e4, 31 py\u00f6r\u00e4ilij\u00e4\u00e4, 8 x u (26)<\/p>\n<p>Yksi kyl\u00e4, 46 py\u00f6r\u00e4ilij\u00e4\u00e4, 16 x u (33)<\/p>\n<p>u = ensimm\u00e4ist\u00e4 kertaa Kyl\u00e4py\u00f6r\u00e4ilyss\u00e4<\/p>\n<p>Tapahtumaan osallistuneita ensikertalaisia oli 43 py\u00f6r\u00e4ilij\u00e4\u00e4 (tilastoitu 2000-luvulla)<\/p>\n<p>Vuosina 2000-2013 Kyl\u00e4py\u00f6r\u00e4ilyihin on osallistunut yli 1000 henkil\u00f6\u00e4.<\/p>\n<p>***********************************************************************************<\/p>\n<p><strong>Kyl\u00e4py\u00f6r\u00e4ily 11.8.2013<\/strong><\/p>\n<div id=\"attachment_941\" style=\"width: 310px\" class=\"wp-caption alignnone\"><a href=\"https:\/\/kylat.ekarjala.fi\/vainikkala\/wp-content\/uploads\/sites\/36\/2013\/12\/kyl\u00e4p6.jpg\"><img loading=\"lazy\" decoding=\"async\" aria-describedby=\"caption-attachment-941\" class=\"size-medium wp-image-941\" alt=\"Kyl\u00e4py\u00f6r\u00e4ilyn p\u00e4\u00e4palkinnon voitti Pertti Kylli\u00e4inen. Madison Budapest -polkupy\u00f6r\u00e4n luovutti Jari Karhu Urheilu-Koskimiehest\u00e4.\" src=\"https:\/\/kylat.ekarjala.fi\/vainikkala\/wp-content\/uploads\/sites\/36\/2013\/12\/kyl\u00e4p6-300x225.jpg\" width=\"300\" height=\"225\" srcset=\"https:\/\/kylat.ekarjala.fi\/vainikkala\/wp-content\/uploads\/sites\/36\/2013\/12\/kyl\u00e4p6-300x225.jpg 300w, https:\/\/kylat.ekarjala.fi\/vainikkala\/wp-content\/uploads\/sites\/36\/2013\/12\/kyl\u00e4p6.jpg 800w\" sizes=\"auto, (max-width: 300px) 100vw, 300px\" \/><\/a><p id=\"caption-attachment-941\" class=\"wp-caption-text\">Kyl\u00e4py\u00f6r\u00e4ilyn p\u00e4\u00e4palkinnon voitti Pertti Kylli\u00e4inen. Madison Budapest -polkupy\u00f6r\u00e4n luovutti Jari Karhu Urheilu-Koskimiehest\u00e4.<\/p><\/div>\n<p>Elokuun Kyl\u00e4py\u00f6r\u00e4ily poljettiin vaihtelevassa loppukes\u00e4n s\u00e4\u00e4ss\u00e4<\/p>\n<p>Elokuun kyl\u00e4py\u00f6r\u00e4ilyp\u00e4iv\u00e4n varhaisaamun s\u00e4\u00e4 vaihteli riippuen paikasta josta sit\u00e4 silmill\u00e4\u00e4n katseli, oli sadetta sek\u00e4 poutaa. Esimerkiksi Vainikkala sai sadetta, ja kaupungin keskustassa nautittiin poutas\u00e4\u00e4st\u00e4. Sama vaihtelevuus s\u00e4ilyi koko py\u00f6r\u00e4ilyp\u00e4iv\u00e4n ajan. Joitakin rankkoja sadekuurojakin esiintyi, toisaalta my\u00f6s kes\u00e4inen aurinko l\u00e4mmitti ja kuivasi py\u00f6r\u00e4ilij\u00e4n varusteet sek\u00e4 tien pinnan.<br \/>\nTapahtumaan osallistui yhteens\u00e4 173 py\u00f6r\u00e4ilij\u00e4\u00e4. M\u00e4\u00e4r\u00e4 on elokuun tapahtumia tosiinsa verraten hyv\u00e4. Voidaan pit\u00e4\u00e4 onnen potkuna kaupungin keskustassa vallinnutta aamun poutas\u00e4\u00e4t\u00e4. Kaupunkilaiset l\u00e4htiv\u00e4t liikkeelle, ja matkan aikana kohdatut sadekuurot eiv\u00e4t haitanneet. Jos aamulla olisi satanut, osa henkil\u00f6ist\u00e4 olisi j\u00e4tt\u00e4nyt l\u00e4htem\u00e4tt\u00e4 matkalle.<\/p>\n<p>Ensikertalaisia mukava m\u00e4\u00e4r\u00e4 \u2013 37 py\u00f6r\u00e4ilij\u00e4\u00e4<br \/>\nUusien kyl\u00e4py\u00f6r\u00e4ilij\u00f6iden suuri m\u00e4\u00e4r\u00e4 ilahduttaa. Ensimm\u00e4ist\u00e4 kertaa Kyl\u00e4py\u00f6r\u00e4ilyyn osallistui yhteens\u00e4 37 henkil\u00f6\u00e4. Ilahduttavaa on my\u00f6s vuosittain tapahtumaan osallistuvien suuri m\u00e4\u00e4r\u00e4. Mukana oli henkil\u00f6it\u00e4 jotka ovat olleet alusta alkaen mukana, kenties jotkut heist\u00e4 jokaisessa Kyl\u00e4py\u00f6r\u00e4ilyss\u00e4?<\/p>\n<p>Kyl\u00e4py\u00f6r\u00e4ily tarjoaa k\u00e4yntikortit kylist\u00e4<br \/>\nKyl\u00e4py\u00f6r\u00e4ilylle on muodostunut vankka ja vakaa suosio. Vaikka yksitt\u00e4isen kyl\u00e4n asukkaiden py\u00f6r\u00e4ilij\u00e4m\u00e4\u00e4r\u00e4 j\u00e4\u00e4 hyvin pieneksi, kaikki py\u00f6r\u00e4ilij\u00e4t yhteens\u00e4, tapahtumasta on muodostunut kyli\u00e4 yhdist\u00e4v\u00e4 yhteinen tapahtuma. Kyl\u00e4py\u00f6r\u00e4ilyn voidaan katsoa olevan kylien \u201dn\u00e4yteikkuna\u201d tai \u201dk\u00e4yntikortti\u201d. Siis palvelu henkil\u00f6ille jotka eiv\u00e4t koskaan ole kyliss\u00e4mme k\u00e4yneet. T\u00e4llaisia henkil\u00f6it\u00e4 osallistuu jokaiseen Kyl\u00e4py\u00f6r\u00e4ilyyn. Elokuun tapahtumassa ensikertalaisia oli 37. Arvelen heist\u00e4 yli kolmasosan olevan \u201dn\u00e4yteikkunoiden katsojia\u201d. He saivat reitilt\u00e4 mieleen painuneet \u201dk\u00e4yntikortit\u201d jokaisesta etappikyl\u00e4st\u00e4 sek\u00e4 mieleen painuneita n\u00e4yteikkunan\u00e4kymi\u00e4 my\u00f6s matkan varrelta.<\/p>\n<p>MERKINT\u00c4PAIKAT<\/p>\n<p>Kasukkala<\/p>\n<p>Kirjauksia 100 (74)<br \/>\nArvontaa ei ole suoritettu lehden menness\u00e4 painoon<\/p>\n<p>Kyl\u00e4n yhteyshenkil\u00f6: Jukka Porali<br \/>\nHaapaj\u00e4rvi<\/p>\n<p>Kirjauksia 108 (91)<\/p>\n<p>Arvontaa ei ole suoritettu lehden menness\u00e4 painoon<\/p>\n<p>Kyl\u00e4n yhteyshenkil\u00f6: Juha-Matti K\u00e4lvi\u00e4inen<br \/>\nVainikkala<\/p>\n<p>Kirjauksia 101 (77)<\/p>\n<p>Arvontavoittajat:<\/p>\n<p>Seija Niemi, p\u00e4\u00e4hinesetti<\/p>\n<p>Anne Saikko, pizzalahjakortti<br \/>\nPaavo Heikkinen, Uutis-Vainikkalan loppuvuoden numerot<br \/>\nRiitta Kola, Uutis-Vainikkalan loppuvuoden numerot<\/p>\n<p>Palkintojen lahjoittajat:<\/p>\n<p>Ravintola Ukko-Pekka, Sonera, Vainikkalan kyl\u00e4toimikunta<\/p>\n<p>Kyl\u00e4n yhteyshenkil\u00f6t: Teppo Suhonen (arvonta) ja Sauli Vainikka (j\u00e4rjestelyt)<br \/>\nVillala<\/p>\n<p>Kirjauksia 33 (32)<\/p>\n<p>Arvontaa ei ole suoritettu lehden menness\u00e4 painoon<\/p>\n<p>Kyl\u00e4n yhteyshenkil\u00f6: Anni Lehtola<br \/>\nRumpu<\/p>\n<p>Kirjauksia 44 (46)<\/p>\n<p>Arvontavoittajat:<\/p>\n<p>Maija Turkia, makkarapannu<\/p>\n<p>Mervi Nutikka, makkaranpaistotikku<\/p>\n<p>Eeva Mustola, tuoksukyntti\u00e4<\/p>\n<p>Kyl\u00e4n yhteyshenkil\u00f6: Asta Pohjola<br \/>\nSimola<\/p>\n<p>Kirjauksia 68 (71)<\/p>\n<p>Arvontaa ei ole suoritettu lehden menness\u00e4 painoon<\/p>\n<p>Kyl\u00e4n yhteyshenkil\u00f6: Jarno Helo<br \/>\nHytti<\/p>\n<p>Kirjauksia 84 (78)<\/p>\n<p>Arvontaa ei ole suoritettu lehden menness\u00e4 painoon<\/p>\n<p>Kyl\u00e4n yhteyshenkil\u00f6: Irja K\u00e4kel\u00e4<br \/>\nRapattila<\/p>\n<p>Kirjauksia 32 (29)<\/p>\n<p>Arvontaa ei ole suoritettu lehden menness\u00e4 painoon<\/p>\n<p>Kyl\u00e4n yhteyshenkil\u00f6: Marjukka Skytt\u00e4<br \/>\nHanhij\u00e4rvi<\/p>\n<p>Kirjauksia 87 (66)<\/p>\n<p>Arvontaa ei ole suoritettu lehden menness\u00e4 painoon<\/p>\n<p>Kyl\u00e4n yhteyshenkil\u00f6: llpo Sientola<br \/>\nHyttil\u00e4<\/p>\n<p>Kirjauksia 31 (31)<\/p>\n<p>Arvontaa ei ole suoritettu lehden menness\u00e4 painoon<\/p>\n<p>Kyl\u00e4n yhteyshenkil\u00f6: Irma Kailio<br \/>\nYl\u00e4maa<\/p>\n<p>Kirjauksia 32 (25)<\/p>\n<p>Arvontaa ei ole suoritettu lehden menness\u00e4 painoon<\/p>\n<p>Kyl\u00e4n yhteyshenkil\u00f6: Teuvo Tielinen<br \/>\nKorkea-aho<\/p>\n<p>Kirjauksia 36 (30)<\/p>\n<p>Arvontaa ei ole suoritettu lehden menness\u00e4 painoon<\/p>\n<p>Kyl\u00e4n yhteyshenkil\u00f6: Petri Hovi<\/p>\n<p>Elokuun p\u00e4\u00e4palkinnon arvonta<\/p>\n<p>Elokuun Kyl\u00e4py\u00f6r\u00e4ilyn p\u00e4\u00e4palkinnon arvonta suoritettiin Urheilu Koskimies Oy:n myym\u00e4l\u00e4ss\u00e4 perjantaina 23.8.2013. Arvonnassa olivat mukana kaikki ne 119 py\u00f6r\u00e4ilij\u00e4\u00e4 joilta l\u00f6ytyi suorituskirjaus v\u00e4hint\u00e4\u00e4n nelj\u00e4ss\u00e4 merkint\u00e4paikassa. Arvonnan suorittivat Juha Karhum\u00e4ki Urheilu Koskimiehest\u00e4 sek\u00e4 Sauli Vainikka j\u00e4rjest\u00e4jien edustajana. Onnettarena toimi myyj\u00e4 Taavi Pulkkinen<\/p>\n<p>P\u00e4\u00e4palkinto<\/p>\n<p>Pertti Kylli\u00e4inen, Urheilu-Koskimiehen lahjoittama Madison Budapest \u2013polkupy\u00f6r\u00e4<\/p>\n<p>Lis\u00e4palkinnot<\/p>\n<p>Kalle Remmet, j\u00e4rjest\u00e4jien lahjoittama Blackburn -polkupy\u00f6r\u00e4tietokone<\/p>\n<p>Timo Pulli, j\u00e4rjest\u00e4jien lahjoittama ovirekki<\/p>\n<p>Joonas Kaipia, j\u00e4rjest\u00e4jien lahjoittama py\u00f6r\u00e4nhuollon harjasetti<\/p>\n<p>Mauri Pukero, j\u00e4rjest\u00e4jien lahjoittama Park Tool -avainsarja<\/p>\n<p>Lis\u00e4palkinnot ostettiin Urheilu-Koskimiehen myym\u00e4l\u00e4n monipuolisesta valikoimasta.<\/p>\n<p>Arvonnassa mukana olleet 119 henkil\u00f6\u00e4 (106)<\/p>\n<p>Kyl\u00e4py\u00f6r\u00e4ilyn p\u00e4\u00e4arvontaan olivat oikeutettuja ne py\u00f6r\u00e4ilij\u00e4t jotka kirjasivat suorituksensa v\u00e4hint\u00e4\u00e4n nelj\u00e4ll\u00e4 merkint\u00e4paikalla. Tapahtumassa ensimm\u00e4ist\u00e4 kertaa mukana olleet on merkitty u-kirjaimella (u).<\/p>\n<p>Kaikki kaksitoista kyl\u00e4\u00e4, 8 py\u00f6r\u00e4ilij\u00e4\u00e4 (8)<\/p>\n<p>Immonen Sirpa, Kiero Jarmo, Kiero Veijo, Laine Perttu, Niittym\u00e4ki Pekka, Per\u00e4kasari Juha, Saareks Jarmo, Tuuri Sami<\/p>\n<p>Yksitoista kyl\u00e4\u00e4, 0 py\u00f6r\u00e4ilij\u00e4 (1)<\/p>\n<p>Kymmenen kyl\u00e4\u00e4, 0 py\u00f6r\u00e4ilij\u00e4\u00e4 (4)<\/p>\n<p>Yhdeks\u00e4n kyl\u00e4\u00e4, 0 py\u00f6r\u00e4ilij\u00e4\u00e4 (4)<br \/>\nKahdeksan kyl\u00e4\u00e4, 3 py\u00f6r\u00e4ilij\u00e4\u00e4 (6)<\/p>\n<p>Hiiri Marja, Oikkonen Matti, Per\u00e4kasari Tuija<\/p>\n<p>Seitsem\u00e4n kyl\u00e4\u00e4, 15 py\u00f6r\u00e4ilij\u00e4\u00e4 (14)<\/p>\n<p>Kola Petri, Kola Riitta, Koskelainen-Latto Tarja, Latto Juha, Meuronen Erkki, Meuronen Pirjo, Nurkka Merja, Nurkka Tapani, Pukero Mauri, Remmet Kalle (u), Rumpu Aimo, Rumpu Eija, Saikko Anne, Turunen Maija, Turunen Matti<br \/>\nKuusi kyl\u00e4\u00e4, 22 py\u00f6r\u00e4ilij\u00e4\u00e4 (12)<\/p>\n<p>Aakko Mervi, Flink-Lukkarinen Helj\u00e4, Hovi Petri, Hovi Tanja (u), Jurvanen Tomppa, Kaipia Heikki, Kuutti Pentti, Lehikoinen Sari, Leinonen Helena, Niemi Leena, N\u00e4rhi Pentti, Pihlajaniemi Tuula, Pulkkinen Juhani, Pulli Timo, Raskila Petter, Suomalainen Tiina (u), Toiviainen Risto, Toiviainen Ulla-Maija, Turkia Minna (u), Tynkkynen Vesa, Villanen Janne (u), Villanen Pirjo<br \/>\nViisi kyl\u00e4\u00e4, 15 py\u00f6r\u00e4ilij\u00e4\u00e4 (7)<\/p>\n<p>Heino Matti, Junnikkala Anja, Junnikkala Jukka, Kaipia Eeva, Kinnunen Eetu, Kinnunen Maarit, Kinnunen Pasi, Kinnunen Taneli (u), Kylli\u00e4inen Pertti, Manninen Seppo, Napari Seppo, Niemi Antti, Niemi Seija, Raskila Hilkka, Vainikka Sauli<\/p>\n<p>Nelj\u00e4 kyl\u00e4\u00e4, 56 py\u00f6r\u00e4ilij\u00e4\u00e4 (30)<\/p>\n<p>Aspinen Terho, Hakkarainen Tuomas (u), Haulismaa Heli, Heikkinen Paavo (u), Heimala Heli (u), Heinonen Eila (u), Heiska Lea, Hiiri Irma, Hiiri Maiju, Hiiri Mira, Himanen Jukka (u), Huopalainen Petri, Hyv\u00e4ri Markku, H\u00f6ltt\u00e4 Hannu, Kaijansinkko Ari (u), Kaipia Ilkka (u), Kaipia Joonas (u), Kallio Kalevi, Kallio Marketta, Kalliosaari Tommi, Kauppinen Sanni, Kauvo Iida, Kotonen Helj\u00e4, Kurvi Jukka, Kuuluvainen Pirjo, Lankinen Eeva (u), Lattu Hannu, Leino Aulis, Leino Pekka, Maaj\u00e4rvi Esa (u), Mikkola Juha, Mikkola Meeri, Mikkola Seppo, M\u00e4rk\u00e4l\u00e4 Heikki, Nuppola Hannes, Nutikka Mervi, Pajari Pasi, Pajari Tuulia, Pajari Veeti, Pekki Osmo, Pohjola Asta, Rantanen Teemu, Rusanen Sami, Rusanen Santtu, Savolainen Sanna (u), Syrj\u00e4l\u00e4inen Alpo, Tapio Erkki, Taskula Jouko, Tauru Liisa (u), Tikka Merja, Tikka Teemu, Vainikka Sisko, Valokorpi Asta (u), Vanhapelto Virpi, Yl\u00f6stalo Pekka, Yl\u00f6stalo Ritva<br \/>\nKolme kyl\u00e4\u00e4,12 py\u00f6r\u00e4ilij\u00e4\u00e4 (12) Ei mukana p\u00e4\u00e4arvonnassa. 2 henkil\u00f6\u00e4 (u)<\/p>\n<p>Kaksi kyl\u00e4\u00e4, 22 py\u00f6r\u00e4ilij\u00e4\u00e4 (11) Ei mukana p\u00e4\u00e4arvonnassa. 6 henkil\u00f6\u00e4 (u)<\/p>\n<p>Yksi kyl\u00e4, 20 py\u00f6r\u00e4ilij\u00e4\u00e4 (35) Ei mukana p\u00e4\u00e4arvonnassa. 9 henkil\u00f6\u00e4 (u)<\/p>\n<p>Ensimm\u00e4inen osallistuminen Kyl\u00e4py\u00f6r\u00e4ily-tapahtumaan 37 py\u00f6r\u00e4ilij\u00e4\u00e4 (Tilastoitu vuodesta 2000 alkaen)<\/p>\n<p>Vuosina 2000-2013 Kyl\u00e4py\u00f6r\u00e4ilyihin on osallistunut yhteens\u00e4 yli tuhat henkil\u00f6\u00e4.<\/p>\n","protected":false},"excerpt":{"rendered":"<p>Kyl\u00e4py\u00f6r\u00e4ily 26.5.2013 Toukokuun Kyl\u00e4py\u00f6r\u00e4ilyss\u00e4 220 py\u00f6r\u00e4ilij\u00e4\u00e4! S\u00e4\u00e4 suosi toukokuun Kyl\u00e4py\u00f6r\u00e4ily\u00e4. Aurinkoa ja l\u00e4mp\u00f6\u00e4 oli sopivasti, ja tuulikin haittasi menoa yll\u00e4tt\u00e4v\u00e4n v\u00e4h\u00e4n. Vilkkainta oli tuttuun tapaan aamu- ja keskip\u00e4iv\u00e4ll\u00e4. Py\u00f6r\u00e4ilij\u00f6iden m\u00e4\u00e4r\u00e4 oli suurin kymmeneen vuoteen verrattaessa toukokuun tapahtumia. Kyl\u00e4py\u00f6r\u00e4ilyn osallistujaenn\u00e4tys, 237 &hellip; <a href=\"https:\/\/kylat.ekarjala.fi\/vainikkala\/tapahtumakalenteri\/tapahtumahistoria\/kylapyoraily-2013\/\">Lue loppuun <span class=\"meta-nav\">&rarr;<\/span><\/a><\/p>\n","protected":false},"author":80,"featured_media":0,"parent":918,"menu_order":0,"comment_status":"open","ping_status":"closed","template":"","meta":{"footnotes":""},"class_list":["post-940","page","type-page","status-publish","hentry"],"_links":{"self":[{"href":"https:\/\/kylat.ekarjala.fi\/vainikkala\/wp-json\/wp\/v2\/pages\/940","targetHints":{"allow":["GET"]}}],"collection":[{"href":"https:\/\/kylat.ekarjala.fi\/vainikkala\/wp-json\/wp\/v2\/pages"}],"about":[{"href":"https:\/\/kylat.ekarjala.fi\/vainikkala\/wp-json\/wp\/v2\/types\/page"}],"author":[{"embeddable":true,"href":"https:\/\/kylat.ekarjala.fi\/vainikkala\/wp-json\/wp\/v2\/users\/80"}],"replies":[{"embeddable":true,"href":"https:\/\/kylat.ekarjala.fi\/vainikkala\/wp-json\/wp\/v2\/comments?post=940"}],"version-history":[{"count":1,"href":"https:\/\/kylat.ekarjala.fi\/vainikkala\/wp-json\/wp\/v2\/pages\/940\/revisions"}],"predecessor-version":[{"id":942,"href":"https:\/\/kylat.ekarjala.fi\/vainikkala\/wp-json\/wp\/v2\/pages\/940\/revisions\/942"}],"up":[{"embeddable":true,"href":"https:\/\/kylat.ekarjala.fi\/vainikkala\/wp-json\/wp\/v2\/pages\/918"}],"wp:attachment":[{"href":"https:\/\/kylat.ekarjala.fi\/vainikkala\/wp-json\/wp\/v2\/media?parent=940"}],"curies":[{"name":"wp","href":"https:\/\/api.w.org\/{rel}","templated":true}]}}