{"id":946,"date":"2013-12-26T18:20:15","date_gmt":"2013-12-26T18:50:15","guid":{"rendered":"https:\/\/kylat.ekarjala.fi\/vainikkala\/?page_id=946"},"modified":"2013-12-26T18:20:15","modified_gmt":"2013-12-26T18:50:15","slug":"hullut-kavelyt-2007","status":"publish","type":"page","link":"https:\/\/kylat.ekarjala.fi\/vainikkala\/tapahtumakalenteri\/tapahtumahistoria\/hullut-kavelyt-2007\/","title":{"rendered":"Hullut K\u00e4velyt 2007"},"content":{"rendered":"<div id=\"attachment_947\" style=\"width: 310px\" class=\"wp-caption alignnone\"><a href=\"https:\/\/kylat.ekarjala.fi\/vainikkala\/wp-content\/uploads\/sites\/36\/2013\/12\/hullur2.jpg\"><img loading=\"lazy\" decoding=\"async\" aria-describedby=\"caption-attachment-947\" class=\"size-medium wp-image-947\" alt=\"S\u00e4\u00e4 suosi tapahtumaa. Kuva matkan varrelta.\" src=\"https:\/\/kylat.ekarjala.fi\/vainikkala\/wp-content\/uploads\/sites\/36\/2013\/12\/hullur2-300x225.jpg\" width=\"300\" height=\"225\" srcset=\"https:\/\/kylat.ekarjala.fi\/vainikkala\/wp-content\/uploads\/sites\/36\/2013\/12\/hullur2-300x225.jpg 300w, https:\/\/kylat.ekarjala.fi\/vainikkala\/wp-content\/uploads\/sites\/36\/2013\/12\/hullur2.jpg 640w\" sizes=\"auto, (max-width: 300px) 100vw, 300px\" \/><\/a><p id=\"caption-attachment-947\" class=\"wp-caption-text\">S\u00e4\u00e4 suosi tapahtumaa. Kuva matkan varrelta.<\/p><\/div>\n<p>Vuoden 2007 Hullut k\u00e4velyt oli menestys! T\u00e4st\u00e4 on hyv\u00e4 kehitt\u00e4\u00e4 tapahtumaa edellen.<\/p>\n<p><b>Hullun Paperit 2007<\/b><\/p>\n<p><em>Seuraavassa luetellut 168 henkil\u00f6\u00e4 ansaitsevat kunnioitusta. He kuuluvat parhaaseen A-ryhm\u00e4\u00e4n. Heille on 18.5.2007 my\u00f6nnetty Hullun Paperit!<\/em><\/p>\n<p><strong>Kyl\u00e4hullun k\u00e4vely Lappeenranta \u2013 Vainikkala, noin 30 km<\/strong><\/p>\n<p>Akkanen Kimmo, Eloranta Kaisu, Hentunen Mikko, Hiltunen Hannu, Himmi Tarja, Hirvonen Riina, Huttunen Esko, H\u00e4yrinen Eeva, Iiskonm\u00e4ki Tommi, Ikonen Juha, Ik\u00e4valko Urpo, J\u00e4rvinen Alli, J\u00e4\u00e4skel\u00e4inen Heikki, Kaijansinkko Riku, Kakkola Kari, Kangasm\u00e4ki Pirkko, Kansonen Sirpa, Kerkk\u00e4nen Kimmo, Kiero Jarmo, Kiero Jouni, Kiero Teijo, Kilpi\u00e4 Kimmo, Kinnunen Pasi, Kolehmainen Toni, Kollanus Markku, Kortelainen Kai, Kortelainen P\u00e4ivi, Kuolimo Ari, Kuuluvainen Mikko, K\u00e4rn\u00e4 Sirpa, Lakkala Katja, Laurikainen Leena, Leino Aila, Levin Ken, Manninen Seppo, Marttinen Mikko, Muhonen Hanne, Mustola Ossi, M\u00e4rk\u00e4l\u00e4 Pertti, Nupponen Matti, Nurkka Tapani, Nurminen Juha, N\u00e4rhi Pertti, Pekkola Anne, Pohjalainen Tanja, Rikkinen Pekka, Rossi Pekka, Ruokonen Tuovi, R\u00e4ikk\u00f6nen Urpo, R\u00f6tk\u00f6 Timo, Saarinen Pirjo, Sairanen Petter, Sormunen Jari, Tanskanen Jukka, Tirkkonen-Gr\u00f6nholm Liisa, Trinidad Mari, Turunen Matti, Uotinen Hannu, Vainikka Sauli, Vulli Marko,. Yhteens\u00e4 60 henkil\u00f6\u00e4.<\/p>\n<p><strong>Puolihullun patikointi Kasukkala \u2013 Vainikkala, noin 15 km<\/strong><\/p>\n<p>Aakko Mervi, Artell Sari, Flink-Lukkarinen Helj\u00e4, Goodman Juhan, Goodman J\u00fcrgen, Goodman Oskar, Hakulinen Anu, Hanhijoki Martin, Heino Jarkko, Hietala Kati, Hirvisaari Sanna, Hypp\u00e4nen Toni, Hyv\u00e4rinen Liisi, H\u00e4m\u00e4l\u00e4inen Pilvi, Ilonen-Salin Jutta, Jutila Antti, Jutila Juho, Kaipia Eeva, Kaipia Heikki, Kaipia Paula, Kajasranta Sari, Kapiainen Kimmo, Kauvo Mirva, Kauvo Sari, Kiianen Jaakko, Knuuttila Leila, Knuuttila Titta, Kohvakka Hanne, Kolhonen Anna-Liisa, Kuuluvainen Pirjo, K\u00e4lvi\u00e4inen Harri, K\u00e4lvi\u00e4inen Jaana, K\u00e4lvi\u00e4inen Jenna, K\u00e4lvi\u00e4inen Matti, K\u00e4lvi\u00e4inen Niina, Lahtinen Eija, Laine Henri, Laine Jukka, Lainio Markku, Lainio Suvi, Lainio Ville, Leino Pekka, Lempi\u00e4inen Pekka, Mantere Eva-Liisa, Meuronen Nanne, Mikonsaari Anne, Niemi Pepi-Maarit, Nousiainen Mari, Nousiainen Marikki, Nurkka Merja, Nutikka Jenni, Nutikka Markku, Nutikka Mervi, Penttil\u00e4 Jukka, Pesu Anne, Piponius Anja, Puranen Johanna, Putkonen Hannu, Pystynen Paavo, Raskila Ritva, R\u00f6tk\u00f6 Heli, Silakoski Ilkka, Sipari Maarit, Suhonen Anne-Maria, Suhonen Marja, Suhonen Teppo, Taalikka Pertti, Tykkyl\u00e4inen Auli, Uronen Esa, Vainikka Mika, Vainikka Pirjo, Vainikka Raija, Yl\u00f6stalo Pekka. Yhteens\u00e4 73 henkil\u00f6\u00e4.<\/p>\n<p><strong>Varttihullun vaellus Haapaj\u00e4rvi \u2013 Vainikkala, noin 9 km<\/strong><\/p>\n<p>Anttila Mari, Hanninen Tuula, Huuhko Raili, Junnikkala Anja, Junnikkala Jukka, Kaipia Marjut, Keskisaari Asta, Keskisaari Krista, Kiesi Jani, Kiesi Jorma, Kotonen Helj\u00e4, Kotonen-Kiesi Auli, K\u00e4rmeniemi Jarmo, K\u00e4rmeniemi Ville, K\u00e4rmeniemi Virpi, Lautala Kirsti, Leino Marjatta, Merritt Saara, Merritt Shannon, Muukka Mia, Niskanen Jorma, Pajari Tuulia, Rantanen Auli, Rikkinen Eija, Ry\u00f6ti Jukka, Saira Pauli, Sinkkonen Jorma, SinkkonenTuija, Suhonen Margareta, Suomalainen Jukka, Toivakka Jouni, Toivakka Katri, Toivakka Pirkka, Vainikka Sari, Vuorinen Sirkka. Yhteens\u00e4 35 henkil\u00f6\u00e4.<\/p>\n","protected":false},"excerpt":{"rendered":"<p>Vuoden 2007 Hullut k\u00e4velyt oli menestys! T\u00e4st\u00e4 on hyv\u00e4 kehitt\u00e4\u00e4 tapahtumaa edellen. Hullun Paperit 2007 Seuraavassa luetellut 168 henkil\u00f6\u00e4 ansaitsevat kunnioitusta. He kuuluvat parhaaseen A-ryhm\u00e4\u00e4n. Heille on 18.5.2007 my\u00f6nnetty Hullun Paperit! Kyl\u00e4hullun k\u00e4vely Lappeenranta \u2013 Vainikkala, noin 30 km Akkanen &hellip; <a href=\"https:\/\/kylat.ekarjala.fi\/vainikkala\/tapahtumakalenteri\/tapahtumahistoria\/hullut-kavelyt-2007\/\">Lue loppuun <span class=\"meta-nav\">&rarr;<\/span><\/a><\/p>\n","protected":false},"author":80,"featured_media":0,"parent":918,"menu_order":0,"comment_status":"open","ping_status":"closed","template":"","meta":{"footnotes":""},"class_list":["post-946","page","type-page","status-publish","hentry"],"_links":{"self":[{"href":"https:\/\/kylat.ekarjala.fi\/vainikkala\/wp-json\/wp\/v2\/pages\/946","targetHints":{"allow":["GET"]}}],"collection":[{"href":"https:\/\/kylat.ekarjala.fi\/vainikkala\/wp-json\/wp\/v2\/pages"}],"about":[{"href":"https:\/\/kylat.ekarjala.fi\/vainikkala\/wp-json\/wp\/v2\/types\/page"}],"author":[{"embeddable":true,"href":"https:\/\/kylat.ekarjala.fi\/vainikkala\/wp-json\/wp\/v2\/users\/80"}],"replies":[{"embeddable":true,"href":"https:\/\/kylat.ekarjala.fi\/vainikkala\/wp-json\/wp\/v2\/comments?post=946"}],"version-history":[{"count":1,"href":"https:\/\/kylat.ekarjala.fi\/vainikkala\/wp-json\/wp\/v2\/pages\/946\/revisions"}],"predecessor-version":[{"id":948,"href":"https:\/\/kylat.ekarjala.fi\/vainikkala\/wp-json\/wp\/v2\/pages\/946\/revisions\/948"}],"up":[{"embeddable":true,"href":"https:\/\/kylat.ekarjala.fi\/vainikkala\/wp-json\/wp\/v2\/pages\/918"}],"wp:attachment":[{"href":"https:\/\/kylat.ekarjala.fi\/vainikkala\/wp-json\/wp\/v2\/media?parent=946"}],"curies":[{"name":"wp","href":"https:\/\/api.w.org\/{rel}","templated":true}]}}