{"id":949,"date":"2013-12-26T18:23:41","date_gmt":"2013-12-26T18:53:41","guid":{"rendered":"https:\/\/kylat.ekarjala.fi\/vainikkala\/?page_id=949"},"modified":"2013-12-26T18:23:41","modified_gmt":"2013-12-26T18:53:41","slug":"hullut-kavelyt-2008","status":"publish","type":"page","link":"https:\/\/kylat.ekarjala.fi\/vainikkala\/tapahtumakalenteri\/tapahtumahistoria\/hullut-kavelyt-2008\/","title":{"rendered":"Hullut K\u00e4velyt 2008"},"content":{"rendered":"<h1>Hullut k\u00e4velyt 16.5.2008<\/h1>\n<div id=\"attachment_950\" style=\"width: 310px\" class=\"wp-caption alignnone\"><a href=\"https:\/\/kylat.ekarjala.fi\/vainikkala\/wp-content\/uploads\/sites\/36\/2013\/12\/hullut3.jpg\"><img loading=\"lazy\" decoding=\"async\" aria-describedby=\"caption-attachment-950\" class=\"size-medium wp-image-950\" alt=\"Muuta liikennett\u00e4 varoitetaan Hulluista k\u00e4velij\u00f6ist\u00e4 liikennemerkin lis\u00e4kilvell\u00e4. Kuva Esa Rantanen\" src=\"https:\/\/kylat.ekarjala.fi\/vainikkala\/wp-content\/uploads\/sites\/36\/2013\/12\/hullut3-300x199.jpg\" width=\"300\" height=\"199\" srcset=\"https:\/\/kylat.ekarjala.fi\/vainikkala\/wp-content\/uploads\/sites\/36\/2013\/12\/hullut3-300x199.jpg 300w, https:\/\/kylat.ekarjala.fi\/vainikkala\/wp-content\/uploads\/sites\/36\/2013\/12\/hullut3.jpg 800w\" sizes=\"auto, (max-width: 300px) 100vw, 300px\" \/><\/a><p id=\"caption-attachment-950\" class=\"wp-caption-text\">Muuta liikennett\u00e4 varoitetaan Hulluista k\u00e4velij\u00f6ist\u00e4 liikennemerkin lis\u00e4kilvell\u00e4. Kuva Esa Rantanen<\/p><\/div>\n<p><em><strong>Kaikki luulivat, ettei hulluja en\u00e4\u00e4 liikenisi k\u00e4velem\u00e4\u00e4n Lappeenranta-Vainikkalan tieosuudelle viimevuotista enemp\u00e4\u00e4, vaan kuinkas ollakaan? Jos j\u00e4\u00e4kiekon MM-ottelua ei olisi tuona iltana pelattu Suomen toimesta, voisi olettaa, ett\u00e4 m\u00e4\u00e4r\u00e4 olisi noussut yli kahdensadan.<\/strong><\/em><\/p>\n<p><b>Hullun Paperit 2008<\/b><\/p>\n<p><em>Seuraavassa luetellut 198 henkil\u00f6\u00e4 ansaitsevat kunnioitusta. He kuuluvat parhaaseen A-ryhm\u00e4\u00e4n. Heille on 16.5.2008 my\u00f6nnetty Hullun Paperit! <\/em><\/p>\n<p><b>Kyl\u00e4hullun k\u00e4vely Lappeenranta \u2013 Vainikkala, n. 30 km<\/b> Ahlqvist Arja, Akkanen Kimmo, Akkanen Markus, Asikainen Sami, Haiko Miia, Heikkil\u00e4 Kaisa, Heinola Outi, Helo Jarno, Hentunen Mikko, Hiltunen Hannu, Holm Mikko, Hyv\u00e4rinen Tuomo, Jurvanen Sirpa, Jurvanen Tomppa, J\u00e4\u00e4skel\u00e4inen Pekka, Kaartinen Aki, Kaastinen Jukka, Kaukonen Jaakko, Kerkk\u00e4nen Kimmo, Kiero Jarmo, Kiero Jouni, Kiero Matti, Kiero Teijo, Kiero Veijo, Kiianen Jaakko, Kilpi\u00e4 Kimmo, Kirsi Anne, Kronqvist Tiina, Kuuluvainen Mikko, Lahtinen Retta, Lassila Terho, Lehto Juha, Levin Ken, Liimatainen Tuomo,, Lindqvist Taito, Lund Taina, Maijanen Seppo, Marttinen Mikko, Metso Antti, Meuronen Pirjo, Multanen Toni, Mustola Ossi, Mykr\u00e4 Jan, Nieminen Jussi, Nurkka Tapani, Paajanen Jarno, Paldan Reijo, Parviainen Arja,, Pekkanen Aki, Pekkola Anne, Pelkonen Mikko, Peltonen Markku, Peltonen Tatu, Per\u00e4niemi Karita, Pihlajaniemi Tuula, Pukki Pekka, Rumpu Aimo, Ruokonen Kimmo, Saikko Kari, Sairanen Petter, Salokoski Seppo, Sihvu Timo, Simonen Tarja, Suurkuukka Heimo, Tirkkonen-Gr\u00f6nholm Liisa, Turku Petri, T\u00f6lli Johanna, Vainikka Eija, Vainikka Sauli, Villanen Janne, Viskari Tiina, V\u00e4is\u00e4nen Vesa, \u00c4ik\u00e4s Seppo (73)<\/p>\n<p><b>Puolihullun patikointi, Kasukkala &#8211; Vainikkala, n. 15 km<\/b><\/p>\n<p>Aspinen Terho, Bertus ??(ep\u00e4selv\u00e4 nimi), Haimi Anni, Hietala Kati, Hiltunen-Toura Maarit, Hostikka Kirsi, Huhtalo Ulla, Junnola Tiina, Jurvanen Marianne, Jutila Antti, Jutila Silja, Kaipia Harri, Kaipia Heikki, Kaipia Kalevi, Kaipia Saija, Kapiainen Kimmo, Karhu Kalervo, Karhu Miia, Karjalainen Hilkka, Kaurola Kari, Kauvo Sari, Kiero Timo, Kiljunen Tuija, Kirppu Marko, Kontinen Leena, Kortelainen Kai, Kortelainen P\u00e4ivi, Kotola Leena, Kovasiipi Anssi, Kuuluvainen Maiju, Kuuluvainen Pirjo, K\u00e4lvi\u00e4inen Harri, K\u00e4lvi\u00e4inen Jaana, Laapio Nina, Lahtinen Eija, Laihanen Tuija, Laine Henri, Laine Jukka, Lainio Suvi, Lainpelto Vesa, Leino Pekka, Lintala Eila, Melto Sari, Mustonen Arja,Myll\u00e4rinen Tarja, Nurkka Merja, Nutikka Mervi, Orkomaa Anna-Maija, Pajari Tuulia, Paloniemi Salla, Parkkunen Niina, Parviainen Virpi, Pekkanen Toni, Peltola Kirsi, Penttil\u00e4 Jukka, Penttil\u00e4 Tuula, Piponius Anja, Pohjolainen Santeri, Rossi Eija, Rossi Katri, Ruokonen Tuula, R\u00e4ih\u00e4 Anita, R\u00f6tk\u00f6 Heli, Saarinen Pirjo, Sepp\u00e4 Riitta, Siren Tuula, Suomalainen Marjo, Suomalainen Matti, Suutari Maarit, Taalikka Pertti, Taipele Minna, Toivakka Arja, Toivakka Pirkka, Uronen Esa, Vainikka Mika, Vainikka Pirjo, Vainikka Raija, Vainikka Simo, Valtonen Tuula, Varma Raili, Veikkolainen Johanna, Veikkolainen Ulla, Vuori Laila, Yl\u00f6nen Paula, Yl\u00f6stalo Pekka, Yl\u00f6stalo Ritva (86)<\/p>\n<p><b>Varttihullun vaellus, Haapaj\u00e4rvi &#8211; Vainikkala, n. 9 km<\/b><\/p>\n<p>Artell Sari, Behm Sami, Helsiaho Arttu, Hirvisaari Sanna, Kapiainen Hilkka, Kauppinen Sanni, Keskisaari Aapo, Keskisaari Ari-Pekka, Keskisaari Krista, Kiero Eeva-Liisa, Kiesi Jani, Kiesi Jorma, Kotonen Helj\u00e4, Kotonen-Kiesi Auli, Kovanen Anneli, Lautala Kirsti, Leino Marjatta, Lindh Eine, Muukka Mia, Niskanen Jorma, Nutikka Jenni, Puonti Liisa, Rantanen Auli, Raskila Pekka, Raskila Sisko, Rikkinen Eija, Roiha Mari, Saksanen Anniina, Suhonen Margareeta, Suhonen Tuija, Sutela Matti, Tikka Anniina, Toivakka Jouni, Toivakka Pekka, Turkia Maija, Vainikka Raili, Vainikka Sari, Varis Reijo, Vuorinen Sirkka (39)<\/p>\n","protected":false},"excerpt":{"rendered":"<p>Hullut k\u00e4velyt 16.5.2008 Kaikki luulivat, ettei hulluja en\u00e4\u00e4 liikenisi k\u00e4velem\u00e4\u00e4n Lappeenranta-Vainikkalan tieosuudelle viimevuotista enemp\u00e4\u00e4, vaan kuinkas ollakaan? Jos j\u00e4\u00e4kiekon MM-ottelua ei olisi tuona iltana pelattu Suomen toimesta, voisi olettaa, ett\u00e4 m\u00e4\u00e4r\u00e4 olisi noussut yli kahdensadan. Hullun Paperit 2008 Seuraavassa luetellut &hellip; <a href=\"https:\/\/kylat.ekarjala.fi\/vainikkala\/tapahtumakalenteri\/tapahtumahistoria\/hullut-kavelyt-2008\/\">Lue loppuun <span class=\"meta-nav\">&rarr;<\/span><\/a><\/p>\n","protected":false},"author":80,"featured_media":0,"parent":918,"menu_order":0,"comment_status":"open","ping_status":"closed","template":"","meta":{"footnotes":""},"class_list":["post-949","page","type-page","status-publish","hentry"],"_links":{"self":[{"href":"https:\/\/kylat.ekarjala.fi\/vainikkala\/wp-json\/wp\/v2\/pages\/949","targetHints":{"allow":["GET"]}}],"collection":[{"href":"https:\/\/kylat.ekarjala.fi\/vainikkala\/wp-json\/wp\/v2\/pages"}],"about":[{"href":"https:\/\/kylat.ekarjala.fi\/vainikkala\/wp-json\/wp\/v2\/types\/page"}],"author":[{"embeddable":true,"href":"https:\/\/kylat.ekarjala.fi\/vainikkala\/wp-json\/wp\/v2\/users\/80"}],"replies":[{"embeddable":true,"href":"https:\/\/kylat.ekarjala.fi\/vainikkala\/wp-json\/wp\/v2\/comments?post=949"}],"version-history":[{"count":1,"href":"https:\/\/kylat.ekarjala.fi\/vainikkala\/wp-json\/wp\/v2\/pages\/949\/revisions"}],"predecessor-version":[{"id":951,"href":"https:\/\/kylat.ekarjala.fi\/vainikkala\/wp-json\/wp\/v2\/pages\/949\/revisions\/951"}],"up":[{"embeddable":true,"href":"https:\/\/kylat.ekarjala.fi\/vainikkala\/wp-json\/wp\/v2\/pages\/918"}],"wp:attachment":[{"href":"https:\/\/kylat.ekarjala.fi\/vainikkala\/wp-json\/wp\/v2\/media?parent=949"}],"curies":[{"name":"wp","href":"https:\/\/api.w.org\/{rel}","templated":true}]}}