{"id":952,"date":"2013-12-26T18:26:22","date_gmt":"2013-12-26T18:56:22","guid":{"rendered":"https:\/\/kylat.ekarjala.fi\/vainikkala\/?page_id=952"},"modified":"2013-12-26T18:26:22","modified_gmt":"2013-12-26T18:56:22","slug":"hullut-kavelyt-2009","status":"publish","type":"page","link":"https:\/\/kylat.ekarjala.fi\/vainikkala\/tapahtumakalenteri\/tapahtumahistoria\/hullut-kavelyt-2009\/","title":{"rendered":"Hullut K\u00e4velyt 2009"},"content":{"rendered":"<p><a href=\"https:\/\/kylat.ekarjala.fi\/vainikkala\/wp-content\/uploads\/sites\/36\/2013\/12\/hullut5.jpg\"><img loading=\"lazy\" decoding=\"async\" class=\"alignnone size-medium wp-image-953\" alt=\"\" src=\"https:\/\/kylat.ekarjala.fi\/vainikkala\/wp-content\/uploads\/sites\/36\/2013\/12\/hullut5-300x225.jpg\" width=\"300\" height=\"225\" srcset=\"https:\/\/kylat.ekarjala.fi\/vainikkala\/wp-content\/uploads\/sites\/36\/2013\/12\/hullut5-300x225.jpg 300w, https:\/\/kylat.ekarjala.fi\/vainikkala\/wp-content\/uploads\/sites\/36\/2013\/12\/hullut5.jpg 800w\" sizes=\"auto, (max-width: 300px) 100vw, 300px\" \/><\/a><\/p>\n<p><em>Seuraavassa luetellut 267 henkil\u00f6\u00e4 ansaitsevat kunnioitusta.<\/em><br \/>\n<em>He kuuluvat parhaaseen A-ryhm\u00e4\u00e4n. Heille on 15.5.2009 my\u00f6nnetty Hullun Paperit!<\/em><\/p>\n<p><strong>Kyl\u00e4hullun k\u00e4vely Lappeenranta \u2013 Vainikkala, n. 30 km<\/strong><\/p>\n<p>Ahlqvist Arja, Ahonen Tiina, Akkanen Kimmo, Aapro Samuli,<br \/>\nBroman Martti, Burman Henri, Frolova Katja, Fr\u00f6vdlund Minna,<br \/>\nHaikko Miia, Hammar Taimi, Harsia Pirjo, Hautaniemi Marjaana,<br \/>\nHeikkil\u00e4 Kaisa, Heikkinen Antti, Himmanen Tuomo, Hirvonm\u00e4ki<br \/>\nVeijo, Hjerppe-Malinen Ulla, Hostikka Kari, Huttunen Esko,<br \/>\nIlves Matti, Ilves Ritva, Imel\u00e4inen Helena, Imel\u00e4inen Jenna, Inkinen<br \/>\nSirpa, Jantunen Helena, Jarva Seppo, Jukkara Eeva, Jurvanen<br \/>\nMarianne, Jurvanen Sirpa, Jurvanen Tomppa, J\u00e4\u00e4skel\u00e4inen Heikki, J\u00e4\u00e4skel\u00e4inen Johanna, J\u00e4\u00e4skel\u00e4inen Pekka, Kaartinen Aki,<br \/>\nKaijansinkko Riku, Kailio Toni, Kaivola Janne, Karhu<\/p>\n<p>Pentti, Kerkk\u00e4nen Kimmo, Kiero Ismo, Kiero Jarmo, Kiero Jouni,<br \/>\nKiero Matti, Kiero Teijo, Kiero Veijo, Kiianen Jaakko, Kilpi\u00e4 Marko, Kinnunen Pasi, Kirsi Anne, Kontiainen Riitta, Kontio Risto,<br \/>\nKorhonen Laura, Kronqvist Tiina, Kuokkanen Anna, Kuuluvainen<br \/>\nMikko, Laakkonen Janne, Lainio Suvi, Lainpelto Vesa, Laitinen<br \/>\nAklilu, Lassila Terho, Laurikainen Leena, Lehikoinen Sari, Lehto<br \/>\nJutta, Lehtonen Riitta, Leinonen Markku, Lepp\u00e4nen Timo, Leva Pirjo,<br \/>\nLevin Ken, Liimatainen Tuomo, Loikkanen Timo, Luotola-Maarnela<br \/>\nMerja, Maijanen Petri, Manninen Seppo, Miettinen Aki, Mikkonen<br \/>\nPekka, Multanen Piia, Mustola Ossi, Mykr\u00e4 Jan, M\u00e4tt\u00f6 Ville,<br \/>\nNieminen Jussi, Nilosaari Jaana, Nikkinen Mikko, Nikkinen Paavo, Niskanen Seppo, N\u00e4rtti Pertti, Paajanen Jarno, Paajanen P\u00e4ivi,<br \/>\nPaananen Tomi, Panula Iiro, Parkko Julia, Parkko Silja, Partanen<br \/>\nMikko, Pekkola Anne,\u00a0 Pelkonen Mikko, Peltonen Minna, Peltonen Markku, Peltonen Tatu, Per\u00e4niemi Karita, Peuhkuri Simo-Pekka,<br \/>\nPulli Aulikki, Pylkk\u00e4nen Jaana, Qvintus Janne, Ravattinen Jari,<br \/>\nRiikonen Aki, Rikkinen Mika, Rikkinen Panu, Rikkinen Pekka,<br \/>\nRumpu Aimo, Ruokonen Kimmo, Ruokonen Riitta, Ruotsalainen<br \/>\nLassi, Ruuskanen Timo, R\u00f6tk\u00f6 Timo, Sairanen Petter, Savikurki<br \/>\nVesa, Sand\u00f6s P\u00e4ivi, Sihvo Timo, Silventoinen Pertti, Starck Tuukka, Suhonen Paula, Summala Katja, Suninen Mikko, Suurkuukka<br \/>\nHeimo, Taipale Timo, Talka Jussi, Tarvainen Lasse, Tielinen Joni,<br \/>\nTiilikka Vesa, Tirkkonen-Gr\u00f6nholm Liisa, Tuomanen Ulla, Turkia<br \/>\nTeija, Turunen Maija, Turunen Matti, Uotinen Hannu, Vainikka Eija, Vainikka Marjo, Vainikka Sauli, Vainikka Tero, Vidman Jari,<br \/>\nViljanen Hannu, Voutilainen Oskari, V\u00e4limaa Tuomo (142)<\/p>\n<p><strong>Puolihullun patikointi, Kasukkala &#8211; Vainikkala, n. 15 km<\/strong><\/p>\n<p>Arponen Antti, Arponen Merja, Artell Sari, Emma, Etel\u00e4 Sinikka,<br \/>\nFlykt Liisa, Havia Eeva-Liisa, Havia Heta, Hiltunen-Toura Maarit,<br \/>\nHirvisaari Sanna, Hirvonen Riina, Huhtalo Ulla, Hytti Niina, H\u00e4lv\u00e4<br \/>\nKirsti, H\u00f6ltt\u00e4 Hannu, Jehu, Jekku, Jukkala Pentti, Jukkara Kirsi,<br \/>\nJurvanen Nina, Jutila Antti, Kaipia Heikki, Kaipia Kalevi, Karjalainen Hilkka, Karppanen Tuula, Kassala Paula, Kauvo Iida, Kauvo Sari,<br \/>\nKiero Timo, Kiesi Jani, Kolhonen Anna-Liisa, Kortelainen Kai,<br \/>\nKortelainen P\u00e4ivi, Kovasiipi Anssi, Kujala Marjo, Kuukka Tuija, Kuuluvainen Pirjo, K\u00e4ki Jari, K\u00e4lvi\u00e4inen Harri, Lahtinen Eija, Laine<br \/>\nHenri, Laine Jukka, Lainio Markku, Lainio Ville, Laivamaa Elias,<br \/>\nLeino Pekka, Lilja Maarit, Lintala Eila, Loikkanen Katja, Merisaari<br \/>\nP\u00e4ivi, Mikonsaari Anne, Multanen Harri, Myll\u00e4rinen Tarja, Myll\u00e4rinen<br \/>\nVesa, Napari Liisa, Nutikka Jenni, Nutikka Mervi, Paloniemi Salla, Parkkari Nina, Parkkunen Niina, Pekkanen Toni, Penttil\u00e4 Jouko,<br \/>\nPenttil\u00e4 Jukka, Penttil\u00e4 Pirjo, Penttil\u00e4 Tuula, Pullinen Pekka, Ravantti Seppo, Roiha Mari, R\u00e4ih\u00e4 Kirsi, R\u00f6tk\u00f6 Antti, Sahala Anne-Maj,<br \/>\nSaksanen Eeva, Suhonen Anna-Marja, Sundqvist Timo,<br \/>\nSuomalainen Marjo, Suomalainen Matti, Taalikka Pentti,<br \/>\nTalka Johanna, Uronen Esa, Uronen Martti, Vainikka Jarkko,<br \/>\nVainikka Pirjo, Vainikka P\u00e4ivi, Vainio Paula, Valanne Lasse,<br \/>\nVilkki Hanna, Yl\u00e4nen Hannele, Yl\u00e4nen Sinikka, Yl\u00f6stalo Pekka (89)<\/p>\n<p><strong>Varttihullun vaellus, Haapaj\u00e4rvi &#8211; Vainikkala, n. 9 km<\/strong><\/p>\n<p>Anttonen Kaija, Heiska Jenna, Helsiaho Arttu, Hoffr\u00e9n Olli-Pekka, Hulkkonen Jenni, Joll Auli, Jutila Silja, Kaikko Eeva, Keskisaari<br \/>\nAnnu, Kiero Eeva-Liisa, Kiesi Jani, Kotonen Helj\u00e4, Kuokkanen Anni, K\u00e4lvi\u00e4inen Jesse, Laihia Ville, Lautala Kirsti, Leino Marjatta, Lindh<br \/>\nEine, Martikka Jukka, Martikka Mari, Nurmilinna Tanja, Pajari Tuulia, P\u00e4rn\u00e4nen Jarmo, Rantanen Auli, Rikkinen Eija, R\u00e4m\u00e4 Johanna,<br \/>\nSaksanen Anniina, Salovaara Jukka, Sinitalo Seija, Tikka Anniina, Toiviainen Ossi, Vaittinen Minna, Varis Esa, Virtanen Antti, V\u00e4re<br \/>\nKirsi, V\u00e4yrynen Viivi (36)<\/p>\n","protected":false},"excerpt":{"rendered":"<p>Seuraavassa luetellut 267 henkil\u00f6\u00e4 ansaitsevat kunnioitusta. He kuuluvat parhaaseen A-ryhm\u00e4\u00e4n. Heille on 15.5.2009 my\u00f6nnetty Hullun Paperit! Kyl\u00e4hullun k\u00e4vely Lappeenranta \u2013 Vainikkala, n. 30 km Ahlqvist Arja, Ahonen Tiina, Akkanen Kimmo, Aapro Samuli, Broman Martti, Burman Henri, Frolova Katja, Fr\u00f6vdlund Minna, &hellip; <a href=\"https:\/\/kylat.ekarjala.fi\/vainikkala\/tapahtumakalenteri\/tapahtumahistoria\/hullut-kavelyt-2009\/\">Lue loppuun <span class=\"meta-nav\">&rarr;<\/span><\/a><\/p>\n","protected":false},"author":80,"featured_media":0,"parent":918,"menu_order":0,"comment_status":"open","ping_status":"closed","template":"","meta":{"footnotes":""},"class_list":["post-952","page","type-page","status-publish","hentry"],"_links":{"self":[{"href":"https:\/\/kylat.ekarjala.fi\/vainikkala\/wp-json\/wp\/v2\/pages\/952","targetHints":{"allow":["GET"]}}],"collection":[{"href":"https:\/\/kylat.ekarjala.fi\/vainikkala\/wp-json\/wp\/v2\/pages"}],"about":[{"href":"https:\/\/kylat.ekarjala.fi\/vainikkala\/wp-json\/wp\/v2\/types\/page"}],"author":[{"embeddable":true,"href":"https:\/\/kylat.ekarjala.fi\/vainikkala\/wp-json\/wp\/v2\/users\/80"}],"replies":[{"embeddable":true,"href":"https:\/\/kylat.ekarjala.fi\/vainikkala\/wp-json\/wp\/v2\/comments?post=952"}],"version-history":[{"count":1,"href":"https:\/\/kylat.ekarjala.fi\/vainikkala\/wp-json\/wp\/v2\/pages\/952\/revisions"}],"predecessor-version":[{"id":954,"href":"https:\/\/kylat.ekarjala.fi\/vainikkala\/wp-json\/wp\/v2\/pages\/952\/revisions\/954"}],"up":[{"embeddable":true,"href":"https:\/\/kylat.ekarjala.fi\/vainikkala\/wp-json\/wp\/v2\/pages\/918"}],"wp:attachment":[{"href":"https:\/\/kylat.ekarjala.fi\/vainikkala\/wp-json\/wp\/v2\/media?parent=952"}],"curies":[{"name":"wp","href":"https:\/\/api.w.org\/{rel}","templated":true}]}}