{"id":955,"date":"2013-12-26T18:28:37","date_gmt":"2013-12-26T18:58:37","guid":{"rendered":"https:\/\/kylat.ekarjala.fi\/vainikkala\/?page_id=955"},"modified":"2013-12-26T18:28:37","modified_gmt":"2013-12-26T18:58:37","slug":"hullut-kavelyt-2010","status":"publish","type":"page","link":"https:\/\/kylat.ekarjala.fi\/vainikkala\/tapahtumakalenteri\/tapahtumahistoria\/hullut-kavelyt-2010\/","title":{"rendered":"Hullut K\u00e4velyt 2010"},"content":{"rendered":"<div id=\"attachment_956\" style=\"width: 310px\" class=\"wp-caption alignnone\"><a href=\"https:\/\/kylat.ekarjala.fi\/vainikkala\/wp-content\/uploads\/sites\/36\/2013\/12\/hullut7.jpg\"><img loading=\"lazy\" decoding=\"async\" aria-describedby=\"caption-attachment-956\" class=\"size-medium wp-image-956\" alt=\"Tohtorit Suhonen ja Putkonen\" src=\"https:\/\/kylat.ekarjala.fi\/vainikkala\/wp-content\/uploads\/sites\/36\/2013\/12\/hullut7-300x224.jpg\" width=\"300\" height=\"224\" srcset=\"https:\/\/kylat.ekarjala.fi\/vainikkala\/wp-content\/uploads\/sites\/36\/2013\/12\/hullut7-300x224.jpg 300w, https:\/\/kylat.ekarjala.fi\/vainikkala\/wp-content\/uploads\/sites\/36\/2013\/12\/hullut7.jpg 448w\" sizes=\"auto, (max-width: 300px) 100vw, 300px\" \/><\/a><p id=\"caption-attachment-956\" class=\"wp-caption-text\">Tohtorit Suhonen ja Putkonen<\/p><\/div>\n<p><em>Seuraavassa luetellut 266 henkil\u00f6\u00e4 ansaitsevat kunnioitusta.<br \/>\nHe kuuluvat parhaaseen A-ryhm\u00e4\u00e4n. Heille on 14.5.2010 my\u00f6nnetty Hullun Paperit!<\/em><\/p>\n<p><b>Kyl\u00e4hullun k\u00e4vely Lappeenranta \u2013 Vainikkala, n. 30 km<\/b><\/p>\n<p>T\u00e4yshullun Paperit\u00a0sai seuraavat\u00a0136 k\u00e4velij\u00e4\u00e4:<br \/>\nUotinen Hannu, Rumpu Aimo, Purtilo Arja, Kilpi\u00e4 Kimmo, Nurkka Tapani, Maijanen Seppo, Jurvanen Marianne, Jurvanen Sirpa, Partanen Mikko, Mustola Ossi, Toivakka Petri, Kaartinen Jukka, Akkanen Kimmo, Manninen Seppo, Villanen Janne, Sallasvaara Juhani, Jaakkola Jani, Simonen Tarja, Per\u00e4niemi Karita, Kinnunen Pasi, Nieminen Jussi, N\u00e4rhi Pertti, Myllynen Paavo, Kiero Hanni, Toivari Marjo-Riitta, Kuuluvainen Mikko, Kiero Jarmo, Kailio Toni, Tiainen Vesa, Kemppi Lasse, Tuisku Ville, Aholaakko Matti, Kiianen Jaakko, Myll\u00e4rinen Vesa, Pukki Jari, Ahlqvist Arja, Viskari Tiina, Turunen Sami, Parkkunen Niina, Kiero Jouni, Heikkinen Antti, Lassila Terho, Miettinen Aki, Paananen Tomi, Pajunen Arne, Hietamies Tommi, Taipale Timo, Kaijansinkko Riku, Levin Ken, Vainikka Tero, Suhonen Marja, Kiero Ismo, Junnola Kristiina, Saarelainen Tomi, Herttuainen Aki, Kangas Leena, Suikkanen Jaana, Rikkinen Panu, Sillanp\u00e4\u00e4 Teemu, Vainikka Sauli, Nurkka Tytti, Loponen Jani, Virnes Sari, Kiesi Aleksi, Hostikka Sari, M\u00e4tt\u00f6 Ville, Inkinen Sirpa, Nilosaari Jaana, Ollikainen Suvi, Korhonen Pauliina, Korhonen Jyrki, Kerkk\u00e4nen Kimmo, Burman Henri, Vainikka Eija, Vainpelto Vesa, Puhakainen Seppo, Halmela Hannu, Kinnunen Jorma, Borowskii Sergei, Kampo Matthias, Maijanen Petri, Haikala Raili, Ruokonen Riitta, Kiero Matti, Hirvisaari Sanna, Napari Liisa, Lemettil\u00e4 Maria, Marttinen Mikko, Hentunen Mikko, Maijanen Simo, Lahti Elina, Luotola Maarnela Merja, Armila Leila, Rikkinen Pekka, Kiero Veijo, Vainikka Kaisa, Laitinen Kati, Vainikka Paula, K\u00e4rkk\u00e4inen Tarja, Kontiainen Riitta, Kupiainen Marko, Multanen Piia, Koivulahti Joni, K\u00e4\u00e4p\u00e4 Sirkku, Holopainen Pauliina, Rossi Katri, Lempi\u00e4inen Katja, Lempi\u00e4inen Nina, Jurvanen Tomppa, Kortelainen Kai, Herttuainen Mia, Tuisku Simo, Kaipia Paula, Viro-Lahti Aino-Maija, Leva Pirjo, Pihlajaniemi Tuula, Kaipia Vesa, Tuisku Risto-Jaakko, Peltonen Minna, Rossi Pekka, Rossi Eija, Kakkola Kari, Lumme Jarmo, Sand\u00e5s P\u00e4ivi, Hjerppe-Malinen Ulla, Helo Jarno, Peltonen Markku, Peltonen Tatu, Kuikka Mikko, Bauer Jack, Tielinen Jouni, Tarvainen Lasse, Mikkonen Joni, Huusko Taneli, Karioja Miska, Meril\u00e4inen Joonas, Kerkel\u00e4 Hilkka<\/p>\n<p><b>Puolihullun patikointi, Kasukkala &#8211; Vainikkala, n. 15 km<\/b> Puolihullun Paperit\u00a0sai seuraavat\u00a086 k\u00e4velij\u00e4\u00e4:<br \/>\nH\u00e4m\u00e4l\u00e4inen Kaisa, Jehu, J\u00e4rviniemi Heidi, Kovasiipi Anssi, Laine Henri, Laine Jukka, Leino Pekka, Multanen Harri, Parkkari Nina, Parkkari Tero, Saari Seija, Toivakka Kari, Toivakka Pekka, Uronen Esa, Vainikka Pirjo, Vainikka Raija, Sallinen Armi, Kuuluvainen Pirjo, Kaipia Saija, Kaipia Hanni, Toivakka Jouni, Niskanen Jorma, Kotiharju Anne, K\u00e4rn\u00e4 Markku, Saarinen Pirjo, Toivakka Arja, Hammar P\u00e4ivi, Talka Johanna, Pekkanen Toni, K\u00e4lvi\u00e4inen Jaana, Ruotsalainen Pirjo, Sir\u00e9n Tuula, Kaipia Heikki, H\u00f6ltt\u00e4 Hannu, Tiihonen Riitta, Sahala Anne-Maj, Mustonen Pirjo, Mustonen Ahti, Paloniemi Salla, Paloniemi Niko, Vainikka Anni, Hostikka Kirsi, Silventoinen Pertti, H\u00e4m\u00e4l\u00e4inen Arri, Lintala Eila, Timperi Minna, Peltola Kirsi, Penttil\u00e4 Anne, Raskila Sisko, Sepp\u00e4nen P\u00e4ivimaria, Pulli Katja, Anatonius, Luukko Irma, Lensu Eeva, Keskisaari Annukka, Matikainen Oskari, Vanhapelto Helj\u00e4, Ekholm Maija, Jutila Antti, Junni Vilma, Nutikka Mervi, Nutikka Jenni, Lahikainen Mika, Tilli Pasi, Kuukka Mika, Imel\u00e4inen Jenna, Pohjola Marjo, Leino Pia, Lepp\u00e4nen Kirsti, Karhu Kalervo, Karhu Miia, Lindh Tarja, Penttil\u00e4 Tuomas, Riihel\u00e4 Anu, Penttil\u00e4 Tuula, Penttil\u00e4 Jukka, Yl\u00f6stalo Ritva, Yl\u00f6stalo Pekka, K\u00e4lvi\u00e4inen Harri, Lahtinen Eija, Kiero Eeva-Liisa, Pusa Veijo, Mansikkam\u00e4ki Miisa, Leva Minea, Immonen Tuomo<\/p>\n<p><b>Varttihullun vaellus, Haapaj\u00e4rvi &#8211; Vainikkala, n. 9 km<\/b><\/p>\n<p>Varttihullun Paperit\u00a0sai seuraavat\u00a044 k\u00e4velij\u00e4\u00e4:<br \/>\nAholaakko Heli, Heiska Jenna, Helsiaho Arttu, Jokimies Hanna, Jutila Silja, Kaipia Eeva, Kemppinen Heidi, Kiesi Jani, Laihia Ville, Leino Pinja, Lindh Eine, Neuvonen Eija, Oksanen Petri, Pieti\u00e4inen Sami, Rantanen Auli, Rikkinen Eija, Roiha Mari, Simola Mervi, Toivanen Pirjo, Tikka Anniina, Uski Erika,\u00a0Kiero Sari, Vainikka Raili, Kiero Joel, Vainikka Johannes, Suhonen Margareta, Suhonen Tuija, Lautala Kirsti, Kemppinen Anna, K\u00e4lvi\u00e4inen Milla, Leino Marjatta, Korhonen Eeva, Keskisaari Krista, Sinitalo Seija, Suppola Jenni, Vaittinen Minna, Laitinen Heli, Merritt Saara, Merritt Shannon, Kotonen Helj\u00e4, Kotonen Roosa, Kaitainen Marja, Katajaranta Riitta, Keskisaari Aapo<\/p>\n","protected":false},"excerpt":{"rendered":"<p>Seuraavassa luetellut 266 henkil\u00f6\u00e4 ansaitsevat kunnioitusta. He kuuluvat parhaaseen A-ryhm\u00e4\u00e4n. Heille on 14.5.2010 my\u00f6nnetty Hullun Paperit! Kyl\u00e4hullun k\u00e4vely Lappeenranta \u2013 Vainikkala, n. 30 km T\u00e4yshullun Paperit\u00a0sai seuraavat\u00a0136 k\u00e4velij\u00e4\u00e4: Uotinen Hannu, Rumpu Aimo, Purtilo Arja, Kilpi\u00e4 Kimmo, Nurkka Tapani, Maijanen Seppo, &hellip; <a href=\"https:\/\/kylat.ekarjala.fi\/vainikkala\/tapahtumakalenteri\/tapahtumahistoria\/hullut-kavelyt-2010\/\">Lue loppuun <span class=\"meta-nav\">&rarr;<\/span><\/a><\/p>\n","protected":false},"author":80,"featured_media":0,"parent":918,"menu_order":0,"comment_status":"open","ping_status":"closed","template":"","meta":{"footnotes":""},"class_list":["post-955","page","type-page","status-publish","hentry"],"_links":{"self":[{"href":"https:\/\/kylat.ekarjala.fi\/vainikkala\/wp-json\/wp\/v2\/pages\/955","targetHints":{"allow":["GET"]}}],"collection":[{"href":"https:\/\/kylat.ekarjala.fi\/vainikkala\/wp-json\/wp\/v2\/pages"}],"about":[{"href":"https:\/\/kylat.ekarjala.fi\/vainikkala\/wp-json\/wp\/v2\/types\/page"}],"author":[{"embeddable":true,"href":"https:\/\/kylat.ekarjala.fi\/vainikkala\/wp-json\/wp\/v2\/users\/80"}],"replies":[{"embeddable":true,"href":"https:\/\/kylat.ekarjala.fi\/vainikkala\/wp-json\/wp\/v2\/comments?post=955"}],"version-history":[{"count":1,"href":"https:\/\/kylat.ekarjala.fi\/vainikkala\/wp-json\/wp\/v2\/pages\/955\/revisions"}],"predecessor-version":[{"id":957,"href":"https:\/\/kylat.ekarjala.fi\/vainikkala\/wp-json\/wp\/v2\/pages\/955\/revisions\/957"}],"up":[{"embeddable":true,"href":"https:\/\/kylat.ekarjala.fi\/vainikkala\/wp-json\/wp\/v2\/pages\/918"}],"wp:attachment":[{"href":"https:\/\/kylat.ekarjala.fi\/vainikkala\/wp-json\/wp\/v2\/media?parent=955"}],"curies":[{"name":"wp","href":"https:\/\/api.w.org\/{rel}","templated":true}]}}