{"id":958,"date":"2013-12-26T18:31:42","date_gmt":"2013-12-26T19:01:42","guid":{"rendered":"https:\/\/kylat.ekarjala.fi\/vainikkala\/?page_id=958"},"modified":"2013-12-26T18:31:42","modified_gmt":"2013-12-26T19:01:42","slug":"hullut-kavelyt-2011","status":"publish","type":"page","link":"https:\/\/kylat.ekarjala.fi\/vainikkala\/tapahtumakalenteri\/tapahtumahistoria\/hullut-kavelyt-2011\/","title":{"rendered":"Hullut K\u00e4velyt 2011"},"content":{"rendered":"<h1>Hullut k\u00e4velyt 14.5.2011<\/h1>\n<div id=\"attachment_959\" style=\"width: 310px\" class=\"wp-caption alignnone\"><a href=\"https:\/\/kylat.ekarjala.fi\/vainikkala\/wp-content\/uploads\/sites\/36\/2013\/12\/hullut8.jpg\"><img loading=\"lazy\" decoding=\"async\" aria-describedby=\"caption-attachment-959\" class=\"size-medium wp-image-959\" alt=\"Vuoden 2011 t\u00e4yshulluja matkansa alussa\" src=\"https:\/\/kylat.ekarjala.fi\/vainikkala\/wp-content\/uploads\/sites\/36\/2013\/12\/hullut8-300x225.jpg\" width=\"300\" height=\"225\" srcset=\"https:\/\/kylat.ekarjala.fi\/vainikkala\/wp-content\/uploads\/sites\/36\/2013\/12\/hullut8-300x225.jpg 300w, https:\/\/kylat.ekarjala.fi\/vainikkala\/wp-content\/uploads\/sites\/36\/2013\/12\/hullut8.jpg 800w\" sizes=\"auto, (max-width: 300px) 100vw, 300px\" \/><\/a><p id=\"caption-attachment-959\" class=\"wp-caption-text\">Vuoden 2011 t\u00e4yshulluja matkansa alussa<\/p><\/div>\n<p><em>Seuraavassa luetellut 218 henkil\u00f6\u00e4 ansaitsevat kunnioitusta.<\/em><br \/>\n<em>He kuuluvat parhaaseen A-ryhm\u00e4\u00e4n. Heille on 14.5.2011 my\u00f6nnetty Hullun Paperit!<\/em><\/p>\n<p><strong>Kyl\u00e4hullun k\u00e4vely Lappeenranta-Vainikkala 30km, 112 k\u00e4velij\u00e4\u00e4<\/strong><\/p>\n<p>Akkanen Kimmo, Akkila Outi, Anteroinen Ilkka, Armila Leila, Broman Martti, Eklund Riitta-Ilona, Flink-Lukkarinen Ulla, Hartonen Sinikka, Heikkinen Antti, Heinonen Anni, Helenius Tommi, Helo Jarno, Herttuainen Aki, Herttuainen Mia, Hiiri Maiju, Hiltunen Esa, Huhtalo Ulla, H\u00e4kkinen Jouni, H\u00e4m\u00e4l\u00e4inen Ossi, Jurvanen Marianne, Jurvanen Tomppa, Kaijansinkko Jarno, Kangas Leena, Karvonen Riina, Kaskenviita Tarja, Kataikko Marja-Leena, Kettunen Taina, Kiero Ismo, Kiero Jarmo, Kiero Jouni, Kiljunen Elias, Kilpi\u00e4 Kimmo, Kinnunen Joni, Korhonen Ville, Kortelainen Kai, Kotonen Samu, Kuukasj\u00e4rvi Heikki Antero, Kuuluvainen Maiju, Kuuluvainen Mikko, Kylli\u00e4inen P\u00e4ivi, K\u00e4rmeniemi Liisa, K\u00e4rmeniemi Urho, Laapas Raimo, Laine Henri, Laine Jukka, Laitinen Jarppi, Lehikoinen Sari, Leinikka Sami, Lempi\u00e4inen Katja, Lempi\u00e4inen Nina, Lensu Kimmo, Lensu Svetlana, Leva Pirjo, Loikkanen Niko, Maijanen Petri, Manninen Seppo, Mantere Eva, Mikonsaari Markus, Multaharju Sirpa, Mustola Ossi, Myllynen Paavo, M\u00e4kel\u00e4 Timo, Nieminen Jussi, Niinim\u00e4ki Malla, N\u00e4rhi Pertti, Paajanen Jarno, Paakkarinen Juhani, Paavilainen Juha, Pekkola Anne, Peltola Jasu+Leevi, Pesu Jaana, Petranen Riitta, Pitko Eevaliina, Poikonen Jyri, Pontela Lauri, Potyondi Gy\u00f6z\u00f6, Oikkonen Helena, Rikkinen Ari-Matti, Rikkinen Panu, Rikkinen Pekka, Rokkanen Timo, Rossi Pekka, Ruokonen Helena, Ruokonen Kimmo, Rusanen Sami, R\u00f6tk\u00f6 Timo, Saarimies Ville, Sallasvaara Juhani, Sallinen Armi, Sallinen Vesa, Sorvari Vesa, Sihvo Timo, Sand\u00e5s P\u00e4ivi, Saukkonen Santeri, Stenius Annika, Suhonen Heikki, Suhonen Paula, Suhonen Marja, Suninen Mikko, Tauru Martti, Turtiainen Jouni, Turunen Maija, Uotinen Hannu, Vainikka Eija, Vainikka Elina, Vainikka Pirjo+Jehu, Vainikka P\u00e4ivi, Vainikka Sauli, Vainikka Tero, Vainio Paula, Villanen Janne, Voutilainen Uki<\/p>\n<p><strong>Puolihullun patikointi Kasukkala-Vainikkala 15 km, 70 k\u00e4velij\u00e4\u00e4<\/strong><\/p>\n<p>Aho Sanna, Flykt Liisa, Grazhdankina Irina, Haapanen Marja, Haimi Anni, Heiska Joonas, Heiska Ville, H\u00f6ltt\u00e4 Hannu, Iivonen Ulla, Juvonen Sanna, J\u00e4rvi Sirpa, Kaipia Eeva, Kaipia Heikki, Kaipia Kimmo, Karjalainen Tiina, Karoniemi Pirkko, Kauvo Iida, Kauvo Sari, Kiero Eeva-Liisa, Kiesi Jani, Kortelainen Joel, Kuukka Mika, Kuukka Sami, Kuukka Tuija, Kuuluvainen Pirjo, Kuutti Pentti, K\u00e4lvi\u00e4inen Harri, K\u00e4lvi\u00e4inen Jaana, Lahikainen Jouni, Lahikainen Mika, Lahtinen Eija, Leino Pekka, Lintala Eila, Martikka Eliisa, Miettinen Markku, Mikonsaari Anne, Mikonsaari Laura, Nurmi Merja, Nutikka Jenni, Nutikka Mervi, Orrain Henna, Ovaska Miikka, Papunen Salme, Parkkari Tero, Peltola Kirsi, Penttil\u00e4 Jukka, Penttil\u00e4 Tuula, Pohjola Marjo, Pulkkinen Jarkko, Pulli Jarmo, Pusa Veijo, Raskila Ritva, Reini Liisa, Reini Maiju, R\u00f6tk\u00f6 Antti, Saarinen Sari, Sallinen Leena, Sinkko Elisa, Tiihonen Riitta, Timperi Minna, Toivakka Kari, Tupakka Heikki, Turtiainen Heini, Vainikka Jarkko, Vainikka Raisa, Veikkolainen Johanna, Viirlaid Kristina, Yl\u00f6stalo Pekka, Yl\u00f6stalo Ritva<\/p>\n<p><strong>Varttihullun vaellus Haapaj\u00e4rvi-Vainikkala 9km, 36 k\u00e4velij\u00e4\u00e4<\/strong><\/p>\n<p>Espo-J\u00e4k\u00e4l\u00e4 Katri, Helsiaho Arttu, Humaloja Minna, Hyv\u00e4ri Markku, Imel\u00e4inen Helena, Imel\u00e4inen Jenna+Hertta, Immonen Pia, Karhinen Anniina, Karvanen Manu, Karvanen Tatu, Kiero Joel, Kiero Joonas, Kiero Ville, Kemppinen Aleksi, Kemppinen Anna, Kemppinen Heidi, Kiesi Jani, Kondratjeff Krista, Kontio Tiina, Kotonen Roosa, K\u00e4lvi\u00e4inen Milla, Lepp Janette, Maaranen P\u00e4ivi, Masso Annika, Multanen Pekka, Ojanen Soili, Pohjalainen Tanja, Rantanen Auli, Rossi Eija, Rossi Katri, Saareks-Horppila Hilkka, Sinitalo Seija, Suppola Jenni, Vainikka Anna, Vainikka Johannes, Vainikka Raili, Vaittinen Minna<\/p>\n","protected":false},"excerpt":{"rendered":"<p>Hullut k\u00e4velyt 14.5.2011 Seuraavassa luetellut 218 henkil\u00f6\u00e4 ansaitsevat kunnioitusta. He kuuluvat parhaaseen A-ryhm\u00e4\u00e4n. Heille on 14.5.2011 my\u00f6nnetty Hullun Paperit! Kyl\u00e4hullun k\u00e4vely Lappeenranta-Vainikkala 30km, 112 k\u00e4velij\u00e4\u00e4 Akkanen Kimmo, Akkila Outi, Anteroinen Ilkka, Armila Leila, Broman Martti, Eklund Riitta-Ilona, Flink-Lukkarinen Ulla, Hartonen &hellip; <a href=\"https:\/\/kylat.ekarjala.fi\/vainikkala\/tapahtumakalenteri\/tapahtumahistoria\/hullut-kavelyt-2011\/\">Lue loppuun <span class=\"meta-nav\">&rarr;<\/span><\/a><\/p>\n","protected":false},"author":80,"featured_media":0,"parent":918,"menu_order":0,"comment_status":"open","ping_status":"closed","template":"","meta":{"footnotes":""},"class_list":["post-958","page","type-page","status-publish","hentry"],"_links":{"self":[{"href":"https:\/\/kylat.ekarjala.fi\/vainikkala\/wp-json\/wp\/v2\/pages\/958","targetHints":{"allow":["GET"]}}],"collection":[{"href":"https:\/\/kylat.ekarjala.fi\/vainikkala\/wp-json\/wp\/v2\/pages"}],"about":[{"href":"https:\/\/kylat.ekarjala.fi\/vainikkala\/wp-json\/wp\/v2\/types\/page"}],"author":[{"embeddable":true,"href":"https:\/\/kylat.ekarjala.fi\/vainikkala\/wp-json\/wp\/v2\/users\/80"}],"replies":[{"embeddable":true,"href":"https:\/\/kylat.ekarjala.fi\/vainikkala\/wp-json\/wp\/v2\/comments?post=958"}],"version-history":[{"count":1,"href":"https:\/\/kylat.ekarjala.fi\/vainikkala\/wp-json\/wp\/v2\/pages\/958\/revisions"}],"predecessor-version":[{"id":960,"href":"https:\/\/kylat.ekarjala.fi\/vainikkala\/wp-json\/wp\/v2\/pages\/958\/revisions\/960"}],"up":[{"embeddable":true,"href":"https:\/\/kylat.ekarjala.fi\/vainikkala\/wp-json\/wp\/v2\/pages\/918"}],"wp:attachment":[{"href":"https:\/\/kylat.ekarjala.fi\/vainikkala\/wp-json\/wp\/v2\/media?parent=958"}],"curies":[{"name":"wp","href":"https:\/\/api.w.org\/{rel}","templated":true}]}}