{"id":96,"date":"2012-01-18T11:15:28","date_gmt":"2012-01-18T11:45:28","guid":{"rendered":"https:\/\/kylat.ekarjala.fi\/vainikkala\/?page_id=96"},"modified":"2012-01-18T11:15:28","modified_gmt":"2012-01-18T11:45:28","slug":"historiaa","status":"publish","type":"page","link":"https:\/\/kylat.ekarjala.fi\/vainikkala\/harrastukset\/teatteri\/historiaa\/","title":{"rendered":"Historiaa"},"content":{"rendered":"<div id=\"attachment_97\" style=\"width: 458px\" class=\"wp-caption aligncenter\"><a href=\"https:\/\/kylat.ekarjala.fi\/vainikkala\/wp-content\/uploads\/sites\/36\/2012\/01\/EKA.jpg\"><img loading=\"lazy\" decoding=\"async\" aria-describedby=\"caption-attachment-97\" class=\"size-full wp-image-97\" src=\"https:\/\/kylat.ekarjala.fi\/vainikkala\/wp-content\/uploads\/sites\/36\/2012\/01\/EKA.jpg\" alt=\"\" width=\"448\" height=\"272\" \/><\/a><p id=\"caption-attachment-97\" class=\"wp-caption-text\">Vainikkalan nuorisoseuran n\u00e4ytelm\u00e4\u00e4 1962. Kuva Antero Pohjonen<\/p><\/div>\n<p>&nbsp;<\/p>\n<div id=\"attachment_99\" style=\"width: 458px\" class=\"wp-caption aligncenter\"><a href=\"https:\/\/kylat.ekarjala.fi\/vainikkala\/wp-content\/uploads\/sites\/36\/2012\/01\/TOKA.jpg\"><img loading=\"lazy\" decoding=\"async\" aria-describedby=\"caption-attachment-99\" class=\"size-full wp-image-99\" src=\"https:\/\/kylat.ekarjala.fi\/vainikkala\/wp-content\/uploads\/sites\/36\/2012\/01\/TOKA.jpg\" alt=\"\" width=\"448\" height=\"272\" \/><\/a><p id=\"caption-attachment-99\" class=\"wp-caption-text\">Vainikkalan nuorisoseuran n\u00e4ytelm\u00e4\u00e4 1962. Kuva Antero Pohjonen<\/p><\/div>\n<p>&nbsp;<\/p>\n<div id=\"attachment_98\" style=\"width: 458px\" class=\"wp-caption aligncenter\"><a href=\"https:\/\/kylat.ekarjala.fi\/vainikkala\/wp-content\/uploads\/sites\/36\/2012\/01\/KOLMAS.jpg\"><img loading=\"lazy\" decoding=\"async\" aria-describedby=\"caption-attachment-98\" class=\"size-full wp-image-98\" src=\"https:\/\/kylat.ekarjala.fi\/vainikkala\/wp-content\/uploads\/sites\/36\/2012\/01\/KOLMAS.jpg\" alt=\"\" width=\"448\" height=\"270\" \/><\/a><p id=\"caption-attachment-98\" class=\"wp-caption-text\">Vainikkalan nuorisoseuran n\u00e4ytelm\u00e4\u00e4 1962. Kuva Antero Pohjonen<\/p><\/div>\n","protected":false},"excerpt":{"rendered":"<p>&nbsp; &nbsp;<\/p>\n","protected":false},"author":96,"featured_media":0,"parent":55,"menu_order":0,"comment_status":"open","ping_status":"open","template":"","meta":{"footnotes":""},"class_list":["post-96","page","type-page","status-publish","hentry"],"_links":{"self":[{"href":"https:\/\/kylat.ekarjala.fi\/vainikkala\/wp-json\/wp\/v2\/pages\/96","targetHints":{"allow":["GET"]}}],"collection":[{"href":"https:\/\/kylat.ekarjala.fi\/vainikkala\/wp-json\/wp\/v2\/pages"}],"about":[{"href":"https:\/\/kylat.ekarjala.fi\/vainikkala\/wp-json\/wp\/v2\/types\/page"}],"author":[{"embeddable":true,"href":"https:\/\/kylat.ekarjala.fi\/vainikkala\/wp-json\/wp\/v2\/users\/96"}],"replies":[{"embeddable":true,"href":"https:\/\/kylat.ekarjala.fi\/vainikkala\/wp-json\/wp\/v2\/comments?post=96"}],"version-history":[{"count":1,"href":"https:\/\/kylat.ekarjala.fi\/vainikkala\/wp-json\/wp\/v2\/pages\/96\/revisions"}],"predecessor-version":[{"id":100,"href":"https:\/\/kylat.ekarjala.fi\/vainikkala\/wp-json\/wp\/v2\/pages\/96\/revisions\/100"}],"up":[{"embeddable":true,"href":"https:\/\/kylat.ekarjala.fi\/vainikkala\/wp-json\/wp\/v2\/pages\/55"}],"wp:attachment":[{"href":"https:\/\/kylat.ekarjala.fi\/vainikkala\/wp-json\/wp\/v2\/media?parent=96"}],"curies":[{"name":"wp","href":"https:\/\/api.w.org\/{rel}","templated":true}]}}