{"id":961,"date":"2013-12-26T18:34:19","date_gmt":"2013-12-26T19:04:19","guid":{"rendered":"https:\/\/kylat.ekarjala.fi\/vainikkala\/?page_id=961"},"modified":"2013-12-26T18:34:20","modified_gmt":"2013-12-26T19:04:20","slug":"hullut-kavelyt-2012","status":"publish","type":"page","link":"https:\/\/kylat.ekarjala.fi\/vainikkala\/tapahtumakalenteri\/tapahtumahistoria\/hullut-kavelyt-2012\/","title":{"rendered":"Hullut K\u00e4velyt 2012"},"content":{"rendered":"<p><em><a href=\"https:\/\/kylat.ekarjala.fi\/vainikkala\/wp-content\/uploads\/sites\/36\/2013\/12\/hullut9.jpg\"><img loading=\"lazy\" decoding=\"async\" class=\"alignnone size-medium wp-image-962\" alt=\"\" src=\"https:\/\/kylat.ekarjala.fi\/vainikkala\/wp-content\/uploads\/sites\/36\/2013\/12\/hullut9-258x300.jpg\" width=\"258\" height=\"300\" srcset=\"https:\/\/kylat.ekarjala.fi\/vainikkala\/wp-content\/uploads\/sites\/36\/2013\/12\/hullut9-258x300.jpg 258w, https:\/\/kylat.ekarjala.fi\/vainikkala\/wp-content\/uploads\/sites\/36\/2013\/12\/hullut9.jpg 414w\" sizes=\"auto, (max-width: 258px) 100vw, 258px\" \/><\/a><\/em><\/p>\n<p><em>Seuraavassa luetellut 207 henkil\u00f6\u00e4 ansaitsevat kunnioitusta.<\/em><br \/>\n<em>He kuuluvat parhaaseen A-ryhm\u00e4\u00e4n. Heille on 18.5.2012 my\u00f6nnetty Hullun Paperit!<\/em><\/p>\n<p><strong>Kyl\u00e4hullun k\u00e4vely, 101 k\u00e4velij\u00e4\u00e4 (Lappeenranta-Vainikkala 30 km)<\/strong><\/p>\n<p>Ahlqvist Arja, Ahlqvist Esa, Ahlqvist Ilkka, Aholaakko Matti, Alho Anne, Burman Henri, Heikkil\u00e4 Oskari, Heinonen Anni, Heinonen Markus, Helo Jarno, Herttuainen Mia, Himanen Hanna, Horppu Anniina, Hypp\u00e4nen Marko, H\u00e4m\u00e4l\u00e4inen Mirja, H\u00e4m\u00e4l\u00e4inen Tiia, Inkinen Sirpa, Jaakkola Jani, Jaakkola Kaisa, Jensen Simone, Jurvanen Sirpa, Jurvanen Tomppa, Kailio Toni, Kaipia Paula, Kamunen Lotta, Kaskenviita Tarja, Kerkk\u00e4nen Kimmo, Kiero Eeva-Liisa, Kiero Ismo, Kiero Jarmo, Kiero Jouni, Kiero Teijo, Kiero Veijo, Kuukka Nina, Kuuluvainen Maiju, Kuuluvainen Mikko, Kykk\u00e4nen Hannu, K\u00e4kel\u00e4 Saku, K\u00e4\u00e4p\u00e4 Sirkku, Laapas Raimo, Lahti Elina, Laihanen Riku, Laine Henri, Laine Jukka, Laine Sari, Laitinen Kati, Lassila Terho, Lehikoinen Sari, Leva Pirjo, Levin Ken, Liimatainen Tuomo, Lyytik\u00e4inen Sari, Makkonen Jari, Manninen Seppo, Mantere Eea, Mattila Pirkko, Meriluoto Linda, Meriluoto Ville, Meuronen Topi, Muukkonen P\u00e4ivi, Myllynen Paavo, Niinim\u00e4ki Malla, Nilosaari Jonna, Partanen Mikko, Peltonen Minna, Per\u00e4kasari Tuija, Per\u00e4niemi Karita, Pihlajaniemi Tuula, Potyondi Gy\u00f6z\u00f6, Reponen Taija, Rokkanen Timo, Rossi Pekka, R\u00f6tk\u00f6 Timo, Saarimies Ville, Saikko Antti, Silekoski Ilkka, Silventoinen Pertti, Sorjonen Marketta, Suhonen Marja, Suomalainen Jukka, Suonio Susanna, Taskula Sami, Tauru Martti, Tiainen Heini, Tolvanen Kalle, Tuisku Risto-Jaakko, Tuisku Ville, Turkkila Jaakko, Turunen Maija, Uotinen Hannu, Vainikka Eija, Vainikka Pirjo \u201dPena\u201d, Vainikka P\u00e4ivi, Vainikka Sauli, Vanhapelto Eija, Veikkolainen Johanna, Veikkolainen Mikko, Veps\u00e4l\u00e4inen Ville-Matti, Villanen Janne, Viro-Lehto Aino-Maija, V\u00e4is\u00e4nen Vesa<\/p>\n<p><strong>Puolihullun patikointi, 88 k\u00e4velij\u00e4\u00e4 (Kasukkala-Vainikkala 15 km)<\/strong><\/p>\n<p>Behm Minna-Maria, Brisk Raine, Flykt Liisa, Grazhdankina Irina, Granqvist Henna, Haapanen Marja, Heiska Joonas, Heiska Ville, Hoffren Juha, Holm Hannu, Holm Niina, Iivonen Ulla, Immonen Pia, Junnola Tiina, Kaarna Antti, Kaipia Heikki, Kaipia Saija, Kaipia Tuija, Kallio Marketta, Karhu Kalervo, Karhu Miia, Karjalainen Tiina, Kauppinen Hilkka, Kauvo Iida, Kauvo Mira, Kauvo Sari, Kemppi Pirjo, Kemppinen Anna, Kemppinen Heidi, Keskisaari Anna, Kiero Joonas, Kiero Kirsi, Kiero Ville, Kiianen Jaakko, Kokkonen Martti, Korpela Piritta, Kotonen Helj\u00e4, Kovasiipi Anssi, Kukkola Sanna, Kuukka Mika, Kuukka Tuija, Kuuluvainen Pirjo, K\u00e4lvi\u00e4inen Harri, K\u00e4rkk\u00e4inen Kirsi Anneli, Lahikainen Jouni, Lahikainen Mika, Lahtinen Eija, Lajunen Niina, Lankinen Mira, Laurikainen Linda, Lehtonen Pia, Lempi\u00e4inen Kyllikki, Lempi\u00e4inen Pekka, Lepp\u00e4nen Kirsti, Lintala Eila, Lyyli-koira, Martikka Eliisa, Matikainen Kati, Monola Alina, Murre-koira, Nurmi Merja, Nurmi Veli-Matti, Nutikka Jenni, Nutikka Mervi, Okko Saara, Pekkanen Toni, Pellikka Kirsti, Petranen Riitta, Petranen Saija Anneli, Petranen Veijo, Pulkkinen Jarkko, Pulkkinen Jukka, Rantanen Auli, Skippari Hanna, Sokkanen Paula, Suhonen Asta, Suni Emilia, Talka Susanna, Tiittanen Antti, Tikka Merja, Tikka Teemu, Tupakka Heikki, Uronen Esa, Vainikka Anna, Vainikka Jarkko, Vainikka Laura, Vainikka Raili, Vaittinen Minna<\/p>\n<p><strong>Warttihullun vaellus, 18 k\u00e4velij\u00e4\u00e4 (Haapaj\u00e4rvi-Vainikkala 9 km)<\/strong><\/p>\n<p>Auvinen Satu, Behm Sami, Hertta-koira, Hytti Unto, Imel\u00e4inen Hannu, Imel\u00e4inen Jenna, Kolhonen Anna-Liisa, Kotonen Roosa, K\u00e4lvi\u00e4inen Milla, Leino Pinja, Merritt Saara, Merritt Shannon, Oikkonen Simo, Pajari Tuulia, Pajari Veera, Piekkanen Mici, Sivonen Nanna, Uski Erika<\/p>\n","protected":false},"excerpt":{"rendered":"<p>Seuraavassa luetellut 207 henkil\u00f6\u00e4 ansaitsevat kunnioitusta. He kuuluvat parhaaseen A-ryhm\u00e4\u00e4n. Heille on 18.5.2012 my\u00f6nnetty Hullun Paperit! Kyl\u00e4hullun k\u00e4vely, 101 k\u00e4velij\u00e4\u00e4 (Lappeenranta-Vainikkala 30 km) Ahlqvist Arja, Ahlqvist Esa, Ahlqvist Ilkka, Aholaakko Matti, Alho Anne, Burman Henri, Heikkil\u00e4 Oskari, Heinonen Anni, Heinonen &hellip; <a href=\"https:\/\/kylat.ekarjala.fi\/vainikkala\/tapahtumakalenteri\/tapahtumahistoria\/hullut-kavelyt-2012\/\">Lue loppuun <span class=\"meta-nav\">&rarr;<\/span><\/a><\/p>\n","protected":false},"author":80,"featured_media":0,"parent":918,"menu_order":0,"comment_status":"open","ping_status":"closed","template":"","meta":{"footnotes":""},"class_list":["post-961","page","type-page","status-publish","hentry"],"_links":{"self":[{"href":"https:\/\/kylat.ekarjala.fi\/vainikkala\/wp-json\/wp\/v2\/pages\/961","targetHints":{"allow":["GET"]}}],"collection":[{"href":"https:\/\/kylat.ekarjala.fi\/vainikkala\/wp-json\/wp\/v2\/pages"}],"about":[{"href":"https:\/\/kylat.ekarjala.fi\/vainikkala\/wp-json\/wp\/v2\/types\/page"}],"author":[{"embeddable":true,"href":"https:\/\/kylat.ekarjala.fi\/vainikkala\/wp-json\/wp\/v2\/users\/80"}],"replies":[{"embeddable":true,"href":"https:\/\/kylat.ekarjala.fi\/vainikkala\/wp-json\/wp\/v2\/comments?post=961"}],"version-history":[{"count":1,"href":"https:\/\/kylat.ekarjala.fi\/vainikkala\/wp-json\/wp\/v2\/pages\/961\/revisions"}],"predecessor-version":[{"id":963,"href":"https:\/\/kylat.ekarjala.fi\/vainikkala\/wp-json\/wp\/v2\/pages\/961\/revisions\/963"}],"up":[{"embeddable":true,"href":"https:\/\/kylat.ekarjala.fi\/vainikkala\/wp-json\/wp\/v2\/pages\/918"}],"wp:attachment":[{"href":"https:\/\/kylat.ekarjala.fi\/vainikkala\/wp-json\/wp\/v2\/media?parent=961"}],"curies":[{"name":"wp","href":"https:\/\/api.w.org\/{rel}","templated":true}]}}