{"id":964,"date":"2013-12-26T18:35:47","date_gmt":"2013-12-26T19:05:47","guid":{"rendered":"https:\/\/kylat.ekarjala.fi\/vainikkala\/?page_id=964"},"modified":"2013-12-26T18:35:47","modified_gmt":"2013-12-26T19:05:47","slug":"hullut-kavelyt-2013","status":"publish","type":"page","link":"https:\/\/kylat.ekarjala.fi\/vainikkala\/tapahtumakalenteri\/tapahtumahistoria\/hullut-kavelyt-2013\/","title":{"rendered":"Hullut K\u00e4velyt 2013"},"content":{"rendered":"<h1>Hullut K\u00e4velyt 18.5.2013<\/h1>\n<p><em>Seuraavassa luetellut 201 henkil\u00f6\u00e4 ansaitsevat kunnioitusta.<\/em><br \/>\n<em>He kuuluvat parhaaseen A-ryhm\u00e4\u00e4n. Heille on 18.5.2013 my\u00f6nnetty Hullun Paperit!<\/em><\/p>\n<p><strong>Kyl\u00e4hullun K\u00e4vely 30 km, 90 k\u00e4velij\u00e4\u00e4<\/strong><\/p>\n<p>Ahonen Mika, Ahonen Valtteri, Giwed Karim, Hautaniemi Mika, Heikkinen Ari, Heinonen Anni, Helo Jarno, Hiiri Maiju, Hiiri Mira, Hiltunen Esa, Hirvisaari Sanna, Homanen Sanna, Hotakainen Minna, Ikonen Ulla, Inkinen Sirpa, Jaakkola Kaisa, Jurvanen Marianne, Jurvanen Tomppa, Juvakka Tiina,<br \/>\nKaipia Paula, Kareinen Ilari, Kaskenviita Tarja, Kerkk\u00e4nen Kimmo, Kiero Jarmo, Kiero Jouni, Kiero Teijo, Kiero Veijo, Kiesi Jani, Kinnunen Pasi, Koivunen Juha, Korhonen Pauliina, Kurvinen Kaarina, Kuuluvainen Maiju, Kuuluvainen Mikko,<br \/>\nKylli\u00e4inen P\u00e4ivi, K\u00e4kel\u00e4 Hanna, K\u00e4kel\u00e4 Saku, Laine Henri, Laine Jukka, Laine Sari, Lamminsalo Sari, Lehikoinen Sari, Lehto Jutta, Leva Kimmo, Leva Pirjo, Lyytik\u00e4inen Sari, Manninen Maiju, Manninen Seppo, Meriluoto Ville, Mielonen Antti, Miska, Muona Janne, Muukkonen Antton, Myllynen Paavo, Napari Liisa,<br \/>\nNilosaari Johanna, Nurmilaukas Tiina, Ollikainen Suvi,<br \/>\nOvaska Juha, Parikka Marjo, Partanen Mikko, Peltonen Minna, Pena, Per\u00e4niemi Karita, Pohjola Marjo, Rantanen Auli, Riki, Rokkanen Timo, Runsten Katariina, Ruuth Antti, R\u00f6tk\u00f6 Timo, Stenius Annika, Suikka Mari, Suomalainen Jukka,<br \/>\nSuonio Susanna, Tarvainen Santeri, Tauru Martti, Timperi Jasmi, Turkia Jessica, Turkia Ossi, Uotinen Hannu, Vanhapelto Eija, Vainikka Eija, Vainikka Marjo, Vainikka Paula, Vainikka Sauli, Vaitiniemi Timo, Villanen Janne, Villanen Pirjo, Viro-Lehto Aino-Maija<\/p>\n<p><strong>Puolihullun patikointi 15 km, 84 k\u00e4velij\u00e4\u00e4<\/strong><\/p>\n<p>Ahonen P\u00e4ivi, Brisk Laura, Brisk Raine, Heimala Paula, Heimala Satu, Heimala Simo, Hietamies Antti, Honkanen Matti, Honkonen Riitta, H\u00f6ltt\u00e4 Hannu, H\u00e4m\u00e4l\u00e4inen Kari, Kaipia Heikki, Kaipia Saija, Kangasmuukko Tatu, Karjalainen Tiina, Kataikko Marja-Leena, Kauvo Iida, Kemppinen Anna, Kemppinen Heidi, Kettunen Riitta, Kiero Ismo, Kiero Joonas, Kiero Ville, Kiianen Jaakko,<br \/>\nKohonen Virpi, Kotonen Helj\u00e4, Kukkola Sanna, Kuukka Mika, Kuuluvainen Pirjo, K\u00e4lvi\u00e4inen Harri, K\u00e4rkk\u00e4inen Niina, Lahikainen Jouni, Lahikainen Mika, Lahtinen Eija, Laihanen Veera, Lehtonen Sanna, Leino Pinja, Lintala Eila, Lumikangas Sergei,<br \/>\nMantere Eva, Matikainen Kati, Muhli Mari, Muona Marita, Muona Tuula, Mustola Ossi, Myll\u00e4rinen Vesa, Nemo, Nurmi Veli-Matti, Nutikka Mervi, Oikkonen Helena, Pekkanen Toni, Penttil\u00e4 Jukka, Penttil\u00e4 Tuula, Petranen Riitta, Petranen Saija, Petranen Riitta, Pohjolainen Sara, Pulkkinen Jarkko, Pulkkinen Jukka, Purhonen Tatja, Pusa Veijo, Pyyhtinen Raisa, Raskila Pirjo, Rasmus,<br \/>\nReijonen Zhanna, Ruti Virve, R\u00f6tk\u00f6 Antti, Saarinen Sari, Salo Mirka, Sohkanen Piia, Suhonen Marja, Tikka Jarkko, Tikka Merja, Tikka Teemu, Tuhu Irina, Turunen Sisko, Tujula Milla, Tupakka Heikki, Vahvanen Santeri, Vainikka Jarkko, Venovirta Pia, Viskari Johanna, Yl\u00f6stalo Pekka, Yl\u00f6stalo Ritva<\/p>\n<p><strong>Varttihullun vaellus 9 km, 27 k\u00e4velij\u00e4\u00e4<\/strong><\/p>\n<p>Haapanen Marja, Helsiaho Arttu, Holm Nina, Hytti Titta, Hytti Unto, Jaakkola Eva, Jaakkola Jani, Jaakkola Samu,<br \/>\nKirjavainen Ari, Kirjavainen Luka, Korpela-Taimela Aulikki,<br \/>\nKotonen Roosa, Laurikainen Mira, Leino Joel, Merritt Saara,<br \/>\nMerritt Shannon, Ojanen Helge, Pesonen Jarkko, Rusanen Sami, Rusanen Santtu, Taimela Marko, Tikka Aija, Tikka Pirkko, Uski Erika, Utriainen Sinikka, Vainikka Jarmo, Vainikka Raili<\/p>\n","protected":false},"excerpt":{"rendered":"<p>Hullut K\u00e4velyt 18.5.2013 Seuraavassa luetellut 201 henkil\u00f6\u00e4 ansaitsevat kunnioitusta. He kuuluvat parhaaseen A-ryhm\u00e4\u00e4n. Heille on 18.5.2013 my\u00f6nnetty Hullun Paperit! Kyl\u00e4hullun K\u00e4vely 30 km, 90 k\u00e4velij\u00e4\u00e4 Ahonen Mika, Ahonen Valtteri, Giwed Karim, Hautaniemi Mika, Heikkinen Ari, Heinonen Anni, Helo Jarno, Hiiri &hellip; <a href=\"https:\/\/kylat.ekarjala.fi\/vainikkala\/tapahtumakalenteri\/tapahtumahistoria\/hullut-kavelyt-2013\/\">Lue loppuun <span class=\"meta-nav\">&rarr;<\/span><\/a><\/p>\n","protected":false},"author":80,"featured_media":0,"parent":918,"menu_order":0,"comment_status":"open","ping_status":"closed","template":"","meta":{"footnotes":""},"class_list":["post-964","page","type-page","status-publish","hentry"],"_links":{"self":[{"href":"https:\/\/kylat.ekarjala.fi\/vainikkala\/wp-json\/wp\/v2\/pages\/964","targetHints":{"allow":["GET"]}}],"collection":[{"href":"https:\/\/kylat.ekarjala.fi\/vainikkala\/wp-json\/wp\/v2\/pages"}],"about":[{"href":"https:\/\/kylat.ekarjala.fi\/vainikkala\/wp-json\/wp\/v2\/types\/page"}],"author":[{"embeddable":true,"href":"https:\/\/kylat.ekarjala.fi\/vainikkala\/wp-json\/wp\/v2\/users\/80"}],"replies":[{"embeddable":true,"href":"https:\/\/kylat.ekarjala.fi\/vainikkala\/wp-json\/wp\/v2\/comments?post=964"}],"version-history":[{"count":1,"href":"https:\/\/kylat.ekarjala.fi\/vainikkala\/wp-json\/wp\/v2\/pages\/964\/revisions"}],"predecessor-version":[{"id":965,"href":"https:\/\/kylat.ekarjala.fi\/vainikkala\/wp-json\/wp\/v2\/pages\/964\/revisions\/965"}],"up":[{"embeddable":true,"href":"https:\/\/kylat.ekarjala.fi\/vainikkala\/wp-json\/wp\/v2\/pages\/918"}],"wp:attachment":[{"href":"https:\/\/kylat.ekarjala.fi\/vainikkala\/wp-json\/wp\/v2\/media?parent=964"}],"curies":[{"name":"wp","href":"https:\/\/api.w.org\/{rel}","templated":true}]}}