{"id":972,"date":"2013-12-26T19:05:18","date_gmt":"2013-12-26T19:35:18","guid":{"rendered":"https:\/\/kylat.ekarjala.fi\/vainikkala\/?page_id=972"},"modified":"2013-12-26T19:05:18","modified_gmt":"2013-12-26T19:35:18","slug":"srk-talo-40-vuotta","status":"publish","type":"page","link":"https:\/\/kylat.ekarjala.fi\/vainikkala\/tapahtumakalenteri\/tapahtumahistoria\/srk-talo-40-vuotta\/","title":{"rendered":"SRK-talo 40 vuotta"},"content":{"rendered":"<p><strong><a href=\"https:\/\/kylat.ekarjala.fi\/vainikkala\/wp-content\/uploads\/sites\/36\/2013\/12\/srk4.jpg\"><img loading=\"lazy\" decoding=\"async\" class=\"alignnone size-medium wp-image-975\" alt=\"\" src=\"https:\/\/kylat.ekarjala.fi\/vainikkala\/wp-content\/uploads\/sites\/36\/2013\/12\/srk4-300x199.jpg\" width=\"300\" height=\"199\" srcset=\"https:\/\/kylat.ekarjala.fi\/vainikkala\/wp-content\/uploads\/sites\/36\/2013\/12\/srk4-300x199.jpg 300w, https:\/\/kylat.ekarjala.fi\/vainikkala\/wp-content\/uploads\/sites\/36\/2013\/12\/srk4.jpg 448w\" sizes=\"auto, (max-width: 300px) 100vw, 300px\" \/><\/a><\/strong><\/p>\n<p><strong>Vainikkalan seurakuntatalon 40 vuotisjuhlaa vietettiin lauantaina \u00a019.9.2009<\/strong><\/p>\n<p><strong>P\u00e4iv\u00e4n ohjelma<br \/>\n<\/strong>Klo 11.30 Kirjasto avasi ovensa. Poistokirjoja myyntiin koko p\u00e4iv\u00e4n ajan!<br \/>\nKlo 13.00 Elokuva Srk-salissa (Muuminen maailma: Kev\u00e4ttarinoita) Kesto n. 25 min.<br \/>\nKlo 14.00 Satutuokio kirjastossa. Kesto n. 30 min.<br \/>\nKlo 14.45 Elokuva ryhm\u00e4perhep\u00e4iv\u00e4hoitopaikassa (Muumien maailma: Taikatalvi. Kesto n. 25 min.<br \/>\nKlo 14.45 Rovasti Jorma Taipale kertoi talon historiasta ja Hilkka Saareks-Horppila kertoi p\u00e4iv\u00e4kerhoajoista seurakuntasalissa. Esill\u00e4 oli my\u00f6s vanhoja kerhokuvia.<br \/>\nKlo 15.30 Perinnejumalanpalvelus jossa ehtoollinen. Toimitti Piia Haikonen, kanttorina Sauli Ruskeep\u00e4\u00e4<\/p>\n<p>Jumalanpalveluksen j\u00e4lkeen nautittiin kahvit seurakuntasalissa.<br \/>\nMarttojen n\u00e4yttelyyn voitiin tutustua talon\u00a0ala-aulassa<br \/>\nPalokunta esitteli kalustoaan ja toimintaansa<br \/>\nKuntosali oli avoinna koko p\u00e4iv\u00e4n<\/p>\n<p><a href=\"https:\/\/kylat.ekarjala.fi\/vainikkala\/wp-content\/uploads\/sites\/36\/2013\/12\/srk5.jpg\"><img loading=\"lazy\" decoding=\"async\" class=\"alignnone size-medium wp-image-976\" alt=\"\" src=\"https:\/\/kylat.ekarjala.fi\/vainikkala\/wp-content\/uploads\/sites\/36\/2013\/12\/srk5-199x300.jpg\" width=\"199\" height=\"300\" srcset=\"https:\/\/kylat.ekarjala.fi\/vainikkala\/wp-content\/uploads\/sites\/36\/2013\/12\/srk5-199x300.jpg 199w, https:\/\/kylat.ekarjala.fi\/vainikkala\/wp-content\/uploads\/sites\/36\/2013\/12\/srk5.jpg 298w\" sizes=\"auto, (max-width: 199px) 100vw, 199px\" \/><\/a><\/p>\n<p><a href=\"https:\/\/kylat.ekarjala.fi\/vainikkala\/wp-content\/uploads\/sites\/36\/2013\/12\/srk3.jpg\"><img loading=\"lazy\" decoding=\"async\" class=\"alignnone size-medium wp-image-974\" alt=\"\" src=\"https:\/\/kylat.ekarjala.fi\/vainikkala\/wp-content\/uploads\/sites\/36\/2013\/12\/srk3-300x199.jpg\" width=\"300\" height=\"199\" srcset=\"https:\/\/kylat.ekarjala.fi\/vainikkala\/wp-content\/uploads\/sites\/36\/2013\/12\/srk3-300x199.jpg 300w, https:\/\/kylat.ekarjala.fi\/vainikkala\/wp-content\/uploads\/sites\/36\/2013\/12\/srk3.jpg 448w\" sizes=\"auto, (max-width: 300px) 100vw, 300px\" \/><\/a><\/p>\n<p><a href=\"https:\/\/kylat.ekarjala.fi\/vainikkala\/wp-content\/uploads\/sites\/36\/2013\/12\/srk2.jpg\"><img loading=\"lazy\" decoding=\"async\" class=\"alignnone size-medium wp-image-973\" alt=\"\" src=\"https:\/\/kylat.ekarjala.fi\/vainikkala\/wp-content\/uploads\/sites\/36\/2013\/12\/srk2-300x199.jpg\" width=\"300\" height=\"199\" srcset=\"https:\/\/kylat.ekarjala.fi\/vainikkala\/wp-content\/uploads\/sites\/36\/2013\/12\/srk2-300x199.jpg 300w, https:\/\/kylat.ekarjala.fi\/vainikkala\/wp-content\/uploads\/sites\/36\/2013\/12\/srk2.jpg 448w\" sizes=\"auto, (max-width: 300px) 100vw, 300px\" \/><\/a><\/p>\n","protected":false},"excerpt":{"rendered":"<p>Vainikkalan seurakuntatalon 40 vuotisjuhlaa vietettiin lauantaina \u00a019.9.2009 P\u00e4iv\u00e4n ohjelma Klo 11.30 Kirjasto avasi ovensa. Poistokirjoja myyntiin koko p\u00e4iv\u00e4n ajan! Klo 13.00 Elokuva Srk-salissa (Muuminen maailma: Kev\u00e4ttarinoita) Kesto n. 25 min. Klo 14.00 Satutuokio kirjastossa. Kesto n. 30 min. Klo 14.45 &hellip; <a href=\"https:\/\/kylat.ekarjala.fi\/vainikkala\/tapahtumakalenteri\/tapahtumahistoria\/srk-talo-40-vuotta\/\">Lue loppuun <span class=\"meta-nav\">&rarr;<\/span><\/a><\/p>\n","protected":false},"author":80,"featured_media":0,"parent":918,"menu_order":0,"comment_status":"open","ping_status":"closed","template":"","meta":{"footnotes":""},"class_list":["post-972","page","type-page","status-publish","hentry"],"_links":{"self":[{"href":"https:\/\/kylat.ekarjala.fi\/vainikkala\/wp-json\/wp\/v2\/pages\/972","targetHints":{"allow":["GET"]}}],"collection":[{"href":"https:\/\/kylat.ekarjala.fi\/vainikkala\/wp-json\/wp\/v2\/pages"}],"about":[{"href":"https:\/\/kylat.ekarjala.fi\/vainikkala\/wp-json\/wp\/v2\/types\/page"}],"author":[{"embeddable":true,"href":"https:\/\/kylat.ekarjala.fi\/vainikkala\/wp-json\/wp\/v2\/users\/80"}],"replies":[{"embeddable":true,"href":"https:\/\/kylat.ekarjala.fi\/vainikkala\/wp-json\/wp\/v2\/comments?post=972"}],"version-history":[{"count":1,"href":"https:\/\/kylat.ekarjala.fi\/vainikkala\/wp-json\/wp\/v2\/pages\/972\/revisions"}],"predecessor-version":[{"id":977,"href":"https:\/\/kylat.ekarjala.fi\/vainikkala\/wp-json\/wp\/v2\/pages\/972\/revisions\/977"}],"up":[{"embeddable":true,"href":"https:\/\/kylat.ekarjala.fi\/vainikkala\/wp-json\/wp\/v2\/pages\/918"}],"wp:attachment":[{"href":"https:\/\/kylat.ekarjala.fi\/vainikkala\/wp-json\/wp\/v2\/media?parent=972"}],"curies":[{"name":"wp","href":"https:\/\/api.w.org\/{rel}","templated":true}]}}