{"id":978,"date":"2013-12-26T19:07:30","date_gmt":"2013-12-26T19:37:30","guid":{"rendered":"https:\/\/kylat.ekarjala.fi\/vainikkala\/?page_id=978"},"modified":"2013-12-26T19:07:30","modified_gmt":"2013-12-26T19:37:30","slug":"suven-ilta-2006","status":"publish","type":"page","link":"https:\/\/kylat.ekarjala.fi\/vainikkala\/tapahtumakalenteri\/tapahtumahistoria\/suven-ilta-2006\/","title":{"rendered":"Suven ilta 2006"},"content":{"rendered":"<div id=\"attachment_979\" style=\"width: 310px\" class=\"wp-caption alignnone\"><a href=\"https:\/\/kylat.ekarjala.fi\/vainikkala\/wp-content\/uploads\/sites\/36\/2013\/12\/suvi.jpg\"><img loading=\"lazy\" decoding=\"async\" aria-describedby=\"caption-attachment-979\" class=\"size-medium wp-image-979\" alt=\"Suven illan yleis\u00f6m\u00e4\u00e4r\u00e4 oli l\u00e4hes sata henkil\u00f6\u00e4. Osa yleis\u00f6st\u00e4 ei ollut kuvaushetkell\u00e4 paikalla\" src=\"https:\/\/kylat.ekarjala.fi\/vainikkala\/wp-content\/uploads\/sites\/36\/2013\/12\/suvi-300x225.jpg\" width=\"300\" height=\"225\" srcset=\"https:\/\/kylat.ekarjala.fi\/vainikkala\/wp-content\/uploads\/sites\/36\/2013\/12\/suvi-300x225.jpg 300w, https:\/\/kylat.ekarjala.fi\/vainikkala\/wp-content\/uploads\/sites\/36\/2013\/12\/suvi.jpg 800w\" sizes=\"auto, (max-width: 300px) 100vw, 300px\" \/><\/a><p id=\"caption-attachment-979\" class=\"wp-caption-text\">Suven illan yleis\u00f6m\u00e4\u00e4r\u00e4 oli l\u00e4hes sata henkil\u00f6\u00e4. Osa yleis\u00f6st\u00e4 ei ollut kuvaushetkell\u00e4 paikalla<\/p><\/div>\n<p>Urheilukeskus ja VVVJ-hankkeen kes\u00e4teatteri ja laavu olivat Vainikkalassa ensimm\u00e4ist\u00e4 kertaa j\u00e4rjestetyn Suven illan tapahtuma-areenana. Iltaa voidaan luonnehtia erit\u00e4in hyvin onnistuneeksi tapahtumaksi.\u00a0Mallikkaasti hoidetut j\u00e4rjestelyt, monipuolinen ohjelma ja kes\u00e4inen s\u00e4\u00e4 saivat aikaan hyv\u00e4n tunnelman ja yleis\u00f6ll\u00e4 oli hymy herk\u00e4ss\u00e4.<br \/>\nTapahtuman j\u00e4rjestelyt hoiti mallikkaasti Vainikkalan aluety\u00f6n ty\u00f6ryhm\u00e4 joka koostuu Vainikkalan Marttojen,\u00a0VPK:n, Lappeen Riennon, Rajavartioaseman, Lappeen seurakunnan ja kyl\u00e4aktiivien edustajista.<\/p>\n","protected":false},"excerpt":{"rendered":"<p>Urheilukeskus ja VVVJ-hankkeen kes\u00e4teatteri ja laavu olivat Vainikkalassa ensimm\u00e4ist\u00e4 kertaa j\u00e4rjestetyn Suven illan tapahtuma-areenana. Iltaa voidaan luonnehtia erit\u00e4in hyvin onnistuneeksi tapahtumaksi.\u00a0Mallikkaasti hoidetut j\u00e4rjestelyt, monipuolinen ohjelma ja kes\u00e4inen s\u00e4\u00e4 saivat aikaan hyv\u00e4n tunnelman ja yleis\u00f6ll\u00e4 oli hymy herk\u00e4ss\u00e4. Tapahtuman j\u00e4rjestelyt hoiti &hellip; <a href=\"https:\/\/kylat.ekarjala.fi\/vainikkala\/tapahtumakalenteri\/tapahtumahistoria\/suven-ilta-2006\/\">Lue loppuun <span class=\"meta-nav\">&rarr;<\/span><\/a><\/p>\n","protected":false},"author":80,"featured_media":0,"parent":918,"menu_order":0,"comment_status":"open","ping_status":"closed","template":"","meta":{"footnotes":""},"class_list":["post-978","page","type-page","status-publish","hentry"],"_links":{"self":[{"href":"https:\/\/kylat.ekarjala.fi\/vainikkala\/wp-json\/wp\/v2\/pages\/978","targetHints":{"allow":["GET"]}}],"collection":[{"href":"https:\/\/kylat.ekarjala.fi\/vainikkala\/wp-json\/wp\/v2\/pages"}],"about":[{"href":"https:\/\/kylat.ekarjala.fi\/vainikkala\/wp-json\/wp\/v2\/types\/page"}],"author":[{"embeddable":true,"href":"https:\/\/kylat.ekarjala.fi\/vainikkala\/wp-json\/wp\/v2\/users\/80"}],"replies":[{"embeddable":true,"href":"https:\/\/kylat.ekarjala.fi\/vainikkala\/wp-json\/wp\/v2\/comments?post=978"}],"version-history":[{"count":1,"href":"https:\/\/kylat.ekarjala.fi\/vainikkala\/wp-json\/wp\/v2\/pages\/978\/revisions"}],"predecessor-version":[{"id":980,"href":"https:\/\/kylat.ekarjala.fi\/vainikkala\/wp-json\/wp\/v2\/pages\/978\/revisions\/980"}],"up":[{"embeddable":true,"href":"https:\/\/kylat.ekarjala.fi\/vainikkala\/wp-json\/wp\/v2\/pages\/918"}],"wp:attachment":[{"href":"https:\/\/kylat.ekarjala.fi\/vainikkala\/wp-json\/wp\/v2\/media?parent=978"}],"curies":[{"name":"wp","href":"https:\/\/api.w.org\/{rel}","templated":true}]}}