{"id":981,"date":"2013-12-26T19:11:43","date_gmt":"2013-12-26T19:41:43","guid":{"rendered":"https:\/\/kylat.ekarjala.fi\/vainikkala\/?page_id=981"},"modified":"2013-12-26T19:11:43","modified_gmt":"2013-12-26T19:41:43","slug":"koulu-100-vuotta","status":"publish","type":"page","link":"https:\/\/kylat.ekarjala.fi\/vainikkala\/tapahtumakalenteri\/tapahtumahistoria\/koulu-100-vuotta\/","title":{"rendered":"Koulu 100 vuotta"},"content":{"rendered":"<div id=\"attachment_982\" style=\"width: 310px\" class=\"wp-caption alignnone\"><a href=\"https:\/\/kylat.ekarjala.fi\/vainikkala\/wp-content\/uploads\/sites\/36\/2013\/12\/koulu.jpg\"><img loading=\"lazy\" decoding=\"async\" aria-describedby=\"caption-attachment-982\" class=\"size-medium wp-image-982\" alt=\"Juhlan upeat puitteet: Upouusi kes\u00e4teatteri, siniristilippu, pihlajanmarja- , varpu- ja ruokokoristeet. Kukapa olisi paremmin sopinut juhlan juontoteht\u00e4viin kuin el\u00e4kep\u00e4ivi\u00e4 viett\u00e4v\u00e4 Vainikkalan koulun pitk\u00e4aikainen opettaja Mauri Niskakoski. \" src=\"https:\/\/kylat.ekarjala.fi\/vainikkala\/wp-content\/uploads\/sites\/36\/2013\/12\/koulu-300x225.jpg\" width=\"300\" height=\"225\" srcset=\"https:\/\/kylat.ekarjala.fi\/vainikkala\/wp-content\/uploads\/sites\/36\/2013\/12\/koulu-300x225.jpg 300w, https:\/\/kylat.ekarjala.fi\/vainikkala\/wp-content\/uploads\/sites\/36\/2013\/12\/koulu.jpg 800w\" sizes=\"auto, (max-width: 300px) 100vw, 300px\" \/><\/a><p id=\"caption-attachment-982\" class=\"wp-caption-text\">Juhlan upeat puitteet: Upouusi kes\u00e4teatteri, siniristilippu, pihlajanmarja- , varpu- ja ruokokoristeet. Kukapa olisi paremmin sopinut juhlan juontoteht\u00e4viin kuin el\u00e4kep\u00e4ivi\u00e4 viett\u00e4v\u00e4 Vainikkalan koulun pitk\u00e4aikainen opettaja Mauri Niskakoski.<\/p><\/div>\n<p>Lauantaina 26. elokuuta vuonna 2006 juhlittiin n\u00e4ytt\u00e4v\u00e4sti Vainikkalan koulua. Opinahjo saavutti tuolloin sadan vuoden i\u00e4n. Juhlan huipennus oli upouudessa kes\u00e4teatterissa klo 15 esitetty Anja Hytti-Oikkosen kirjoittama pienoisn\u00e4ytelm\u00e4 &#8221;Kyl\u00e4koulun taival 1906-2006&#8221;. Hauska n\u00e4ytelm\u00e4 kertoo Vainikkalan koulun kuvitteellisesta luokasta ja heid\u00e4n opettajastaan 1950-luvulla. N\u00e4ytelm\u00e4\u00e4 seurasi yli 300 katsojaa.<\/p>\n<p>Juhlap\u00e4iv\u00e4n ohjelma<\/p>\n<p>12:00\u00a0\u00a0\u00a0 kes\u00e4teatterilla<br \/>\nHartaus, Lappeen seurakunta<\/p>\n<p>12:30\u00a0\u00a0\u00a0 kes\u00e4teatterilla<br \/>\nJuhlapuheet<br \/>\n* kaupunginjohtaja Seppo Miettinen<br \/>\n* kansanedustaja Markku Laukkanen<br \/>\n* opetusp\u00e4\u00e4llikk\u00f6 Mari Routti<\/p>\n<p>13:20 kes\u00e4teatterilla<br \/>\nRunonlausuntaa, Marja-Leena Tanskanen<\/p>\n<p>13:30 koululla<br \/>\nSavuh\u00e4rk\u00e4\u00e4 ja kahvit (maksullisia) arvanmyynti\u00e4, luokkakokouksia, n\u00e4yttely<\/p>\n<p>15:00 kes\u00e4teatterilla<br \/>\nKyl\u00e4koulun taival-n\u00e4ytelm\u00e4<br \/>\n* k\u00e4sikirjoitus ja ohjaus Anja Hytti-Oikkonen<\/p>\n<p>16:00 koululla<br \/>\nLuokkakokouksia, Koulun\u00e4yttely, Arpajaisten arvonta<\/p>\n<div id=\"attachment_983\" style=\"width: 100px\" class=\"wp-caption alignleft\"><a href=\"https:\/\/kylat.ekarjala.fi\/vainikkala\/wp-content\/uploads\/sites\/36\/2013\/12\/koulu2.jpg\"><img loading=\"lazy\" decoding=\"async\" aria-describedby=\"caption-attachment-983\" class=\"size-full wp-image-983 \" alt=\"Hilkka Keskisaaren kirja: Vainikkalan koulu 100 vuotta 1906 - 2006.\" src=\"https:\/\/kylat.ekarjala.fi\/vainikkala\/wp-content\/uploads\/sites\/36\/2013\/12\/koulu2.jpg\" width=\"90\" height=\"120\" \/><\/a><p id=\"caption-attachment-983\" class=\"wp-caption-text\">Hilkka Keskisaaren kirja: Vainikkalan koulu 100 vuotta 1906 &#8211; 2006.<\/p><\/div>\n<p>Vainikkalan vanhan koulun historiasta kertova kirja julkistettiin koululla\u00a0juhlap\u00e4iv\u00e4n kunniaksi. Kirjan tekstiosan on kirjoittanut Hilkka Keskisaari. Loppuosa kirjasta on varattu vanhoille luokkakuville. Uutis-Vainikkalassa vuosina 1998 &#8211; 2002 julkaistut 57 luokkakuvaa nimineen julkaistaan nyt kirjamuodossa uudelleen.<br \/>\nKirjan hinta on 20 euroa.\u00a0Kirjaa voi ostaa Vainikkalan kyl\u00e4toimikunnalta.<br \/>\nKirjan hintaan lis\u00e4t\u00e4\u00e4n postituskulut kyl\u00e4n ulkopuolelle toimitettaessa.<\/p>\n<p>&nbsp;<\/p>\n","protected":false},"excerpt":{"rendered":"<p>Lauantaina 26. elokuuta vuonna 2006 juhlittiin n\u00e4ytt\u00e4v\u00e4sti Vainikkalan koulua. Opinahjo saavutti tuolloin sadan vuoden i\u00e4n. Juhlan huipennus oli upouudessa kes\u00e4teatterissa klo 15 esitetty Anja Hytti-Oikkosen kirjoittama pienoisn\u00e4ytelm\u00e4 &#8221;Kyl\u00e4koulun taival 1906-2006&#8221;. Hauska n\u00e4ytelm\u00e4 kertoo Vainikkalan koulun kuvitteellisesta luokasta ja heid\u00e4n opettajastaan &hellip; <a href=\"https:\/\/kylat.ekarjala.fi\/vainikkala\/tapahtumakalenteri\/tapahtumahistoria\/koulu-100-vuotta\/\">Lue loppuun <span class=\"meta-nav\">&rarr;<\/span><\/a><\/p>\n","protected":false},"author":80,"featured_media":0,"parent":918,"menu_order":0,"comment_status":"open","ping_status":"closed","template":"","meta":{"footnotes":""},"class_list":["post-981","page","type-page","status-publish","hentry"],"_links":{"self":[{"href":"https:\/\/kylat.ekarjala.fi\/vainikkala\/wp-json\/wp\/v2\/pages\/981","targetHints":{"allow":["GET"]}}],"collection":[{"href":"https:\/\/kylat.ekarjala.fi\/vainikkala\/wp-json\/wp\/v2\/pages"}],"about":[{"href":"https:\/\/kylat.ekarjala.fi\/vainikkala\/wp-json\/wp\/v2\/types\/page"}],"author":[{"embeddable":true,"href":"https:\/\/kylat.ekarjala.fi\/vainikkala\/wp-json\/wp\/v2\/users\/80"}],"replies":[{"embeddable":true,"href":"https:\/\/kylat.ekarjala.fi\/vainikkala\/wp-json\/wp\/v2\/comments?post=981"}],"version-history":[{"count":1,"href":"https:\/\/kylat.ekarjala.fi\/vainikkala\/wp-json\/wp\/v2\/pages\/981\/revisions"}],"predecessor-version":[{"id":984,"href":"https:\/\/kylat.ekarjala.fi\/vainikkala\/wp-json\/wp\/v2\/pages\/981\/revisions\/984"}],"up":[{"embeddable":true,"href":"https:\/\/kylat.ekarjala.fi\/vainikkala\/wp-json\/wp\/v2\/pages\/918"}],"wp:attachment":[{"href":"https:\/\/kylat.ekarjala.fi\/vainikkala\/wp-json\/wp\/v2\/media?parent=981"}],"curies":[{"name":"wp","href":"https:\/\/api.w.org\/{rel}","templated":true}]}}