{"id":985,"date":"2013-12-26T19:13:38","date_gmt":"2013-12-26T19:43:38","guid":{"rendered":"https:\/\/kylat.ekarjala.fi\/vainikkala\/?page_id=985"},"modified":"2013-12-26T19:13:38","modified_gmt":"2013-12-26T19:43:38","slug":"vainikkala-holkka-2012","status":"publish","type":"page","link":"https:\/\/kylat.ekarjala.fi\/vainikkala\/tapahtumakalenteri\/tapahtumahistoria\/vainikkala-holkka-2012\/","title":{"rendered":"Vainikkala-h\u00f6lkk\u00e4 2012"},"content":{"rendered":"<p><strong>Vainikkala-h\u00f6lkk\u00e4 26.5.2012<\/strong><\/p>\n<p><strong>H\u00f6lkk\u00e4 juhli 40-vuotista taivaltaan<\/strong><\/p>\n<p>Vainikkala-h\u00f6lkk\u00e4 juostiin toukokuun 26. p\u00e4iv\u00e4 jo 40:n kerran. Aamu alkoi vesisateella, mutta vedentulo p\u00e4\u00e4ttyi yhdeks\u00e4n tienoilla, jolloin toimitsija- ja talkoolaisryhm\u00e4 viimeisteli tuttuja paikkoja h\u00f6lk\u00e4n kisakeskuksessa Vainikkalan koululla. Paikalle saapui auringonpaisteiseen h\u00f6lkk\u00e4keliin juoksemaan yhteens\u00e4 160 osallistujaa, sis\u00e4lt\u00e4en kilpa-, kunto-, perhe- ja toimitsijasarjat.<br \/>\nPalkintop\u00f6yt\u00e4 oli tuttuun tyyliin runsas. Kaikki ilmoittautuneet osallistuivat my\u00f6s arvontoihin. T\u00e4m\u00e4n vuoden p\u00e4\u00e4palkinto, valkoinen 40-tuumainen taulutelevisio meni Hilkka Karjalaiselle.<br \/>\nHedelm\u00e4pussiarvauksessa koettiin historiallisia hetki\u00e4, kun kaksi arvaajaa oli kirjannut saman tuloksen, 10,5 kiloa. Heist\u00e4 arvottiin voittajaksi Anna Rautio ja h\u00e4n sai kyseisen tuotes\u00e4kin omakseen. S\u00e4kin tarkka paino oli 10,445 kiloa. Arpajaisten p\u00e4\u00e4palkintona olleen kaasugrillin voitti Tuula Pihlajaniemi.<\/p>\n<p>J\u00e4rjest\u00e4j\u00e4t kiitt\u00e4v\u00e4t kaikkia palkinnonlahjoittajia, osallistuneita h\u00f6lkk\u00e4\u00e4ji\u00e4, paikalla vieraillutta yleis\u00f6\u00e4, sek\u00e4 totta kai kaikkia ahkeria talkoomiehi\u00e4 ja \u2013naisia.<br \/>\nYhteenvetona koko h\u00f6lkk\u00e4tapahtumasta voisi todeta, ett\u00e4 j\u00e4rjest\u00e4j\u00e4t olivat tyytyv\u00e4isi\u00e4 niin osallistuja- ett\u00e4 yleis\u00f6m\u00e4\u00e4r\u00e4\u00e4n. Vietimme mukavan p\u00e4iv\u00e4n yhdess\u00e4 juhlien 40-vuotiasta h\u00f6lkk\u00e4\u00e4. Mutta oliko h\u00f6lk\u00e4n taru nyt sitten siin\u00e4? Kyll\u00e4 se n\u00e4in taisi olla.<\/p>\n<p>Teppo Suhonen<\/p>\n<p>40. Vainikkala-h\u00f6lk\u00e4n lopputulokset<\/p>\n<p>Miesten kilpasarja 10km<br \/>\n1 Henri Manninen Jyv\u00e4skyl\u00e4n kentt\u00e4urheilijat 30,21<br \/>\n2 Jevgeni Vasiljev 36,12<br \/>\n3 Pasi Asikainen Joutsenon Kullervo 36,55<br \/>\n4 Antti Laapas YP 37,36<br \/>\n5 Jyrki Kotro LR 38,00<br \/>\n6 Jouko Behm LUM 38,37<br \/>\n7 Arto Tielinen YP 39,10<br \/>\n8 Jarkko Kaplas Vainikkalan aseman seudun urheilijat 42,01<br \/>\n9 Kimmo Jokela LUM 42,38<br \/>\n10 Jarmo Saareks 44,10<br \/>\n11 Mikko Partanen Lappeenranta 44,17<br \/>\n12 Arttu Laine Lappeenranta 47,18<br \/>\n13 Jarkko Uitto LUM 51,18<br \/>\n14 Jarno Paajanen 58,00<br \/>\n15 Jere Heinonen 1,01,49<br \/>\n16 Jermu Taurama Hanhij\u00e4rvi 1,03,37<br \/>\n17 Jukka Koljonen 1,06,58<\/p>\n<p>Naisten kilpasarja 10km<br \/>\n1 Niina Virtanen Lahden hiihtoseura 47,22<br \/>\n2 Anna Keskisaari 52,18<br \/>\n3 Tiina Saareks SAIML 57,32<br \/>\n4 Essi Lalu 57,55<br \/>\n5 Sanna Suursalmi 1,06,57<br \/>\n6 Marja N\u00e4ppi 1,06,57<\/p>\n<p>Miehet 50+, 10km<br \/>\n1 Martti Valkeap\u00e4\u00e4 IU 39,22<br \/>\n2 Juha Parkkonen LUM 39,57<br \/>\n3 Kari Taurama Hanhij\u00e4rvi 42,18<br \/>\n4 Jyrki Saareks 42,41<br \/>\n5 Lauri Jaatinen IU 43,20<br \/>\n6 Harri Korpelainen LUM 44,58<br \/>\n7 Rainer Lindell LUM 45,25<br \/>\n8 Ari Pousi IU 46,30<br \/>\n9 Raimo Kokki LUM 48,37<br \/>\n10 Matti Kasanen Karjalan triathlon 53,12<br \/>\n11 Oiva Hakanen Antamoisten Urheilijat 53,53<br \/>\n12 Veikko Siitonen 54,29<br \/>\n13 Aarno Kaikko 1,04,07<br \/>\n14 David Stevens 1,17,11<\/p>\n<p>Naiset 40+, 10km<br \/>\n1 Pia Bryggare LUM 46,56<br \/>\n2 Tuula Pihlajaniemi 49,11<br \/>\n3 Paula Ylh\u00e4inen Endurance 53,12<br \/>\n4 Minna J\u00e4rvenp\u00e4\u00e4 56,00<br \/>\n5 Tanja Salomies 1,06,57<\/p>\n<p>Palkintojen voittajat ja lahjoittajat<\/p>\n<p>Voittaja,\u00a0 palkinto, lahjoittaja<br \/>\nLr Vna = Lappeen Riennon Vainikkalan kyl\u00e4osasto<\/p>\n<p>Sami Rusanen, 6kg jauhesammutin, Vainikkalan VPK<br \/>\nJutta Vainikka, 2kg jauhesammutin ,Vainikkalan VPK<br \/>\nJesse Vainikka, fleecetakki, VR Transpoint<br \/>\nOuti Akkila fleecetakki VR Transpoint<br \/>\nHenry Ropo, painepesuri, Lr Vna<br \/>\nNenna Nutikka, rikkaimuri, Lr Vna<br \/>\nHarri Heiska, langattomat kuulokkeet, Lr Vna<br \/>\nJukka Koljonen, Eekoon lahjakortti ,Vainikkalan kyl\u00e4toimikunta<br \/>\nVeeti Koppanen, tuotepaketti, S-market Lauritsala<br \/>\nPia Bryggare, leipomotuotteita, Rikkil\u00e4n Leip\u00e4<br \/>\nLauri Jaatinen, tuotepaketti, Vainikkalan Pika-Apu Oy<br \/>\nArja Heiska, tietokonekaiuttimet ,Lr Vna<br \/>\nSanteri Paloniemi, tuotepakettiu, Prisma Lappeenranta<br \/>\nSami Paloniemi, makuupussi, Intersport<br \/>\nTiina Saareks, suunnistusliivit, Lappeen Riento<br \/>\nTaisto Tupakka, parturisetti, Lr Vna<br \/>\nMaiju Kuuluvainen, mehulinko, Sale Vainikkala<br \/>\nVesa Rikkinen, DVD-soitin, VR os 50<br \/>\nMarja Haapanen, cd-radio, Lr Vna<br \/>\nAntti H\u00e4m\u00e4l\u00e4inen, leipomotuotteita, Rikkil\u00e4n Leip\u00e4<br \/>\nNiina Virtanen, paistinpannu, S-market Myllykeskus<br \/>\nNiina Virtanen, muki Nurminen, Logistics Oyj<br \/>\nMarja Suhonen, urheilukassi,Intersport<br \/>\nMarkku Nutikka, urheilukassi, Intersport<br \/>\nVeikko Siitonen, pizzalahjakortti, ravintola Ukko-Pekka<br \/>\nSanna Vanhatalo, Eekoon lahjakortti, Vainikkalan kyl\u00e4toimikunta<br \/>\nSauli Vainikka, tuotepakett,i Auto Eekoo<br \/>\nBirgit Kailio, tuotepaketti ,S-market Lauritsala<br \/>\nTeijo Kiero, makkaratikut, VR Transpoint<br \/>\nEija Lahtinen, ledvalosarja ,Lr Vna<br \/>\nSiiri Kaijansinkko, Eekoon lahjakortti, Vainikkalan kyl\u00e4toimikunta<br \/>\nSeppo K\u00e4lvi\u00e4inen, suunnistusliivit, Lappeen Riento<br \/>\nSanna Nutikka ,manikyyrisetti, Sale Vainikkala<br \/>\nJarkko Kaplas, hierontasetti, Lr Vna<br \/>\nTiia Merritt, aurinkokello, Lr Vna<br \/>\nJaana K\u00e4lvi\u00e4inen, lasisetti, Sale Vainikkala<br \/>\nAnita Hietanen, suunnistusliivit, Lappeen Riento<br \/>\nDavid Stevens, matkalahjakortti ,Matkaverkko<br \/>\nSimo Hytti, pizzalahjakortti ,Ravintola Ukko-Pekka<br \/>\nValtteri Paloniemi, tuotepaketti ,VR Transpoint<br \/>\nAntti Niemi, wc-istuimen kansi ,Lr Vna<br \/>\nNicholas Merritt, puutarhaletkukela, Nurminen Logistics Oyj<br \/>\nMartti Valkeap\u00e4\u00e4, tuotepaketti, VR Transpoint<br \/>\nHilkka Karjalainen, Grundig-taulutelevisio, Lr Vna<\/p>\n","protected":false},"excerpt":{"rendered":"<p>Vainikkala-h\u00f6lkk\u00e4 26.5.2012 H\u00f6lkk\u00e4 juhli 40-vuotista taivaltaan Vainikkala-h\u00f6lkk\u00e4 juostiin toukokuun 26. p\u00e4iv\u00e4 jo 40:n kerran. Aamu alkoi vesisateella, mutta vedentulo p\u00e4\u00e4ttyi yhdeks\u00e4n tienoilla, jolloin toimitsija- ja talkoolaisryhm\u00e4 viimeisteli tuttuja paikkoja h\u00f6lk\u00e4n kisakeskuksessa Vainikkalan koululla. Paikalle saapui auringonpaisteiseen h\u00f6lkk\u00e4keliin juoksemaan yhteens\u00e4 160 &hellip; <a href=\"https:\/\/kylat.ekarjala.fi\/vainikkala\/tapahtumakalenteri\/tapahtumahistoria\/vainikkala-holkka-2012\/\">Lue loppuun <span class=\"meta-nav\">&rarr;<\/span><\/a><\/p>\n","protected":false},"author":80,"featured_media":0,"parent":918,"menu_order":0,"comment_status":"open","ping_status":"closed","template":"","meta":{"footnotes":""},"class_list":["post-985","page","type-page","status-publish","hentry"],"_links":{"self":[{"href":"https:\/\/kylat.ekarjala.fi\/vainikkala\/wp-json\/wp\/v2\/pages\/985","targetHints":{"allow":["GET"]}}],"collection":[{"href":"https:\/\/kylat.ekarjala.fi\/vainikkala\/wp-json\/wp\/v2\/pages"}],"about":[{"href":"https:\/\/kylat.ekarjala.fi\/vainikkala\/wp-json\/wp\/v2\/types\/page"}],"author":[{"embeddable":true,"href":"https:\/\/kylat.ekarjala.fi\/vainikkala\/wp-json\/wp\/v2\/users\/80"}],"replies":[{"embeddable":true,"href":"https:\/\/kylat.ekarjala.fi\/vainikkala\/wp-json\/wp\/v2\/comments?post=985"}],"version-history":[{"count":1,"href":"https:\/\/kylat.ekarjala.fi\/vainikkala\/wp-json\/wp\/v2\/pages\/985\/revisions"}],"predecessor-version":[{"id":986,"href":"https:\/\/kylat.ekarjala.fi\/vainikkala\/wp-json\/wp\/v2\/pages\/985\/revisions\/986"}],"up":[{"embeddable":true,"href":"https:\/\/kylat.ekarjala.fi\/vainikkala\/wp-json\/wp\/v2\/pages\/918"}],"wp:attachment":[{"href":"https:\/\/kylat.ekarjala.fi\/vainikkala\/wp-json\/wp\/v2\/media?parent=985"}],"curies":[{"name":"wp","href":"https:\/\/api.w.org\/{rel}","templated":true}]}}