{"id":987,"date":"2013-12-26T19:16:26","date_gmt":"2013-12-26T19:46:26","guid":{"rendered":"https:\/\/kylat.ekarjala.fi\/vainikkala\/?page_id=987"},"modified":"2013-12-26T19:16:26","modified_gmt":"2013-12-26T19:46:26","slug":"vainikkala-holkka-2009","status":"publish","type":"page","link":"https:\/\/kylat.ekarjala.fi\/vainikkala\/tapahtumakalenteri\/tapahtumahistoria\/vainikkala-holkka-2009\/","title":{"rendered":"Vainikkala-h\u00f6lkk\u00e4 2009"},"content":{"rendered":"<p><strong>37. VAINIKKALA-H\u00d6LKK\u00c4 13.06.2009<\/strong><\/p>\n<div id=\"attachment_988\" style=\"width: 310px\" class=\"wp-caption alignnone\"><a href=\"https:\/\/kylat.ekarjala.fi\/vainikkala\/wp-content\/uploads\/sites\/36\/2013\/12\/h\u00f6lkk\u00e42.jpg\"><img loading=\"lazy\" decoding=\"async\" aria-describedby=\"caption-attachment-988\" class=\"size-medium wp-image-988\" alt=\"Miesten sarjan 3 parasta\" src=\"https:\/\/kylat.ekarjala.fi\/vainikkala\/wp-content\/uploads\/sites\/36\/2013\/12\/h\u00f6lkk\u00e42-300x199.jpg\" width=\"300\" height=\"199\" srcset=\"https:\/\/kylat.ekarjala.fi\/vainikkala\/wp-content\/uploads\/sites\/36\/2013\/12\/h\u00f6lkk\u00e42-300x199.jpg 300w, https:\/\/kylat.ekarjala.fi\/vainikkala\/wp-content\/uploads\/sites\/36\/2013\/12\/h\u00f6lkk\u00e42.jpg 448w\" sizes=\"auto, (max-width: 300px) 100vw, 300px\" \/><\/a><p id=\"caption-attachment-988\" class=\"wp-caption-text\">Miesten sarjan 3 parasta<\/p><\/div>\n<p>Alkukes\u00e4isess\u00e4 kohtalaisen miellytt\u00e4v\u00e4ss\u00e4 s\u00e4\u00e4ss\u00e4 juostiin Vainikkala-h\u00f6lkk\u00e4 jo 37. kerran. L\u00e4ht\u00f6laukaus ammuttiin tutulta paikalta Vainikkalan koulun edustalta. Mukana oli kuusi erilaista kilpasarjaa: miesten 10 kilometri\u00e4, naisten 10 kilometri\u00e4, miesten +50 10 kilometri\u00e4, naisten +40 10 kilometri\u00e4, poikien alle 16 vuotiaiden 5 kilometri\u00e4, sek\u00e4 tytt\u00f6jen alle 16 vuotiaiden 5 kilometri\u00e4.<\/p>\n<p>Juoksuajoissa ei enn\u00e4tyksi\u00e4 uhattu, mutta silti aikaan saatiin ihan hyv\u00e4t h\u00f6lk\u00e4t. Miesten kilpasarjan voitti Yl\u00e4maan Pyrkij\u00f6iden Antti Laapas ajalla 39,51. naisten sarjan ykk\u00f6nen oli Kangasniemen Kalskeen Tatja Purhonen ajalla 49,14. Maininnan arvoinen tulos oli my\u00f6s nuorten poikien Kalle Kirin juoksema vitosen aika 22,22.<\/p>\n<p>Yleis\u00f6\u00e4 ja juoksijoita palvellut kisaravintola oli alueella my\u00f6s avoinna, sek\u00e4 kaasugrilli oli p\u00e4\u00e4palkintona arpajaisissa. Salen lahjoittaman tuotes\u00e4kin painon arvauksessa l\u00e4himm\u00e4ksi osui Salla Paloniemi. Sallan arvaus oli 6,128 kg, kun taas s\u00e4kin oikea paino oli 5,610 kg.<\/p>\n<p>Kilpasarjat, kuntosarja, perhelenkki ja toimitsijah\u00f6lkk\u00e4 yhteenlaskettuna piti sis\u00e4ll\u00e4\u00e4n 129 juoksijaa.<\/p>\n<p>H\u00f6lk\u00e4n tulokset<\/p>\n<p>Miesten kilpasarja 10km<br \/>\n1. Antti Laapas\u00a0\u00a0\u00a0\u00a0\u00a0\u00a0\u00a0\u00a0\u00a0\u00a0\u00a0\u00a0\u00a0\u00a0\u00a0\u00a0\u00a0\u00a0\u00a0\u00a0\u00a0\u00a0 39,51<br \/>\n2. Mikko Partanen\u00a0\u00a0\u00a0\u00a0\u00a0\u00a0\u00a0\u00a0\u00a0\u00a0\u00a0\u00a0\u00a0\u00a0\u00a0\u00a0\u00a0\u00a0 40,25<br \/>\n3. Kari Taurama\u00a0\u00a0\u00a0\u00a0\u00a0\u00a0\u00a0\u00a0\u00a0\u00a0\u00a0\u00a0\u00a0\u00a0\u00a0\u00a0\u00a0\u00a0\u00a0\u00a0\u00a0 40,26<br \/>\n4. Jyrki Urpalainen\u00a0\u00a0\u00a0\u00a0\u00a0\u00a0\u00a0\u00a0\u00a0\u00a0\u00a0\u00a0\u00a0\u00a0\u00a0\u00a0\u00a0 41,11<br \/>\n5. Harri Korpelainen\u00a0\u00a0\u00a0\u00a0\u00a0\u00a0\u00a0\u00a0\u00a0\u00a0\u00a0\u00a0\u00a0\u00a0\u00a0 41,17<br \/>\n6. Jouko Behm\u00a0\u00a0\u00a0\u00a0\u00a0\u00a0\u00a0\u00a0\u00a0\u00a0\u00a0\u00a0\u00a0\u00a0\u00a0\u00a0\u00a0\u00a0\u00a0\u00a0\u00a0\u00a0 42,39<br \/>\n7, Jarmo Saareks\u00a0\u00a0\u00a0\u00a0\u00a0\u00a0\u00a0\u00a0\u00a0\u00a0\u00a0\u00a0\u00a0\u00a0\u00a0\u00a0\u00a0\u00a0 43,36<br \/>\n8. Jarno Paajanen\u00a0\u00a0\u00a0\u00a0\u00a0\u00a0\u00a0\u00a0\u00a0\u00a0\u00a0\u00a0\u00a0\u00a0\u00a0\u00a0\u00a0\u00a0 46,01<br \/>\n9. Pekka Junnikkala\u00a0\u00a0\u00a0\u00a0\u00a0\u00a0\u00a0\u00a0\u00a0\u00a0\u00a0\u00a0\u00a0\u00a0\u00a0\u00a0 46,31<br \/>\n10. Reima Tirronen\u00a0\u00a0\u00a0\u00a0\u00a0\u00a0\u00a0\u00a0\u00a0\u00a0\u00a0\u00a0\u00a0\u00a0\u00a0\u00a0\u00a0 46,40<br \/>\n11. Arttu Laine\u00a0\u00a0\u00a0\u00a0\u00a0\u00a0\u00a0\u00a0\u00a0\u00a0\u00a0\u00a0\u00a0\u00a0\u00a0\u00a0\u00a0\u00a0\u00a0\u00a0\u00a0\u00a0\u00a0 48,10<br \/>\n12. Mikko Kuuluvainen\u00a0\u00a0\u00a0\u00a0\u00a0\u00a0\u00a0\u00a0\u00a0\u00a0\u00a0 49,09<br \/>\n13. Kari Kakkola\u00a0\u00a0\u00a0\u00a0\u00a0\u00a0\u00a0\u00a0\u00a0\u00a0\u00a0\u00a0\u00a0\u00a0\u00a0\u00a0\u00a0\u00a0\u00a0\u00a0 49,41<br \/>\n14. Petri Sauriala\u00a0\u00a0\u00a0\u00a0\u00a0\u00a0\u00a0\u00a0\u00a0\u00a0\u00a0\u00a0\u00a0\u00a0\u00a0\u00a0\u00a0\u00a0\u00a0 50,59<br \/>\n15. Jarno Reponen\u00a0\u00a0\u00a0\u00a0\u00a0\u00a0\u00a0\u00a0\u00a0\u00a0\u00a0\u00a0\u00a0\u00a0\u00a0\u00a0 51,31<br \/>\n16. Jari Telasmaa\u00a0\u00a0\u00a0\u00a0\u00a0\u00a0\u00a0\u00a0\u00a0\u00a0\u00a0\u00a0\u00a0\u00a0\u00a0\u00a0\u00a0\u00a0 54,05<\/p>\n<p>Naisten Kilpasarja 10km<br \/>\n1. Tatja Purhonen\u00a0\u00a0\u00a0\u00a0\u00a0\u00a0\u00a0\u00a0\u00a0\u00a0\u00a0\u00a0\u00a0\u00a0\u00a0\u00a0\u00a0\u00a0 49,14<br \/>\n2. Tanja Salomies\u00a0\u00a0\u00a0\u00a0\u00a0\u00a0\u00a0\u00a0\u00a0\u00a0\u00a0\u00a0\u00a0\u00a0\u00a0\u00a0\u00a0\u00a0 49,41<\/p>\n<p>Miesten +50, 10km<br \/>\n1. Martti Valkeap\u00e4\u00e4\u00a0\u00a0\u00a0\u00a0\u00a0\u00a0\u00a0\u00a0\u00a0\u00a0\u00a0\u00a0\u00a0\u00a0\u00a0\u00a0 39,19<br \/>\n2. Lauri Jaatinen\u00a0\u00a0\u00a0\u00a0\u00a0\u00a0\u00a0\u00a0\u00a0\u00a0\u00a0\u00a0\u00a0\u00a0\u00a0\u00a0\u00a0\u00a0\u00a0\u00a0 41,24<br \/>\n3. Pentti Kuutti\u00a0\u00a0\u00a0\u00a0\u00a0\u00a0\u00a0\u00a0\u00a0\u00a0\u00a0\u00a0\u00a0\u00a0\u00a0\u00a0\u00a0\u00a0\u00a0\u00a0\u00a0\u00a0 44,31<br \/>\n4. Esko Ryh\u00e4nen\u00a0\u00a0\u00a0\u00a0\u00a0\u00a0\u00a0\u00a0\u00a0\u00a0\u00a0\u00a0\u00a0\u00a0\u00a0\u00a0\u00a0\u00a0\u00a0 48,19<br \/>\n5. Jorma Tirronen\u00a0\u00a0\u00a0\u00a0\u00a0\u00a0\u00a0\u00a0\u00a0\u00a0\u00a0\u00a0\u00a0\u00a0\u00a0\u00a0\u00a0\u00a0 49,33<br \/>\n6. Veikko Siitonen\u00a0\u00a0\u00a0\u00a0\u00a0\u00a0\u00a0\u00a0\u00a0\u00a0\u00a0\u00a0\u00a0\u00a0\u00a0\u00a0\u00a0\u00a0 51,08<br \/>\n7. Jouko Suoknuuti\u00a0\u00a0\u00a0\u00a0\u00a0\u00a0\u00a0\u00a0\u00a0\u00a0\u00a0\u00a0\u00a0\u00a0\u00a0\u00a0 55,11<\/p>\n<p>Naisten +40, 10km<br \/>\n1. Tarja Kiri\u00a0\u00a0\u00a0\u00a0\u00a0\u00a0\u00a0\u00a0\u00a0\u00a0\u00a0\u00a0\u00a0\u00a0\u00a0\u00a0\u00a0\u00a0\u00a0\u00a0\u00a0\u00a0\u00a0\u00a0\u00a0\u00a0\u00a0\u00a0 49,11<br \/>\n2. Tuula Pihlajaniemi\u00a0\u00a0\u00a0\u00a0\u00a0\u00a0\u00a0\u00a0\u00a0\u00a0\u00a0\u00a0\u00a0\u00a0 50,58<br \/>\n3. Sari Janhunen\u00a0\u00a0\u00a0\u00a0\u00a0\u00a0\u00a0\u00a0\u00a0\u00a0\u00a0\u00a0\u00a0\u00a0\u00a0\u00a0\u00a0\u00a0\u00a0\u00a0 51,44<\/p>\n<p>Pojat 16v, 5km<br \/>\n1. Kalle Kiri\u00a0\u00a0\u00a0\u00a0\u00a0\u00a0\u00a0\u00a0\u00a0\u00a0\u00a0\u00a0\u00a0\u00a0\u00a0\u00a0\u00a0\u00a0\u00a0\u00a0\u00a0\u00a0\u00a0\u00a0\u00a0\u00a0\u00a0 22,22<\/p>\n<p>Tyt\u00f6t 16v, 5km<br \/>\n1. Hanna Kiri\u00a0\u00a0\u00a0\u00a0\u00a0\u00a0\u00a0\u00a0\u00a0\u00a0\u00a0\u00a0\u00a0\u00a0\u00a0\u00a0\u00a0\u00a0\u00a0\u00a0\u00a0\u00a0\u00a0\u00a0\u00a0 24.23<br \/>\n2. Tiina Saareks\u00a0\u00a0\u00a0\u00a0\u00a0\u00a0\u00a0\u00a0\u00a0\u00a0\u00a0\u00a0\u00a0\u00a0\u00a0\u00a0\u00a0\u00a0\u00a0\u00a0\u00a0 29,12<\/p>\n<p>Tulostettava tulosluettelo (pdf)<\/p>\n<p>Arvonnan voittajat ja palkintojen lahjoittajat<\/p>\n<p>Tuula Pihlajaniemi, kukka-amppeli, Lampolan puutarha<br \/>\nValtteri Paloniemi, kukka-amppeli, Lampolan puutarha<br \/>\nJesse K\u00e4lvi\u00e4inen, kukka, Lampolan puutarha<br \/>\nIida Kiero, leipomotuotteita, Rikkil\u00e4n leip\u00e4<br \/>\nJouko Kiianen, veitsisarja, LR Vna<br \/>\nPirjo Kuuluvainen, sulkapallosetti ja kuksia, Jukka Laine<br \/>\nMari Talka-Ritala, jauhesammutin, Vainikkalan VPK<br \/>\nJorma Skippari, t-paitasetti, Saimaa Terminals<br \/>\nTimo Ylh\u00e4inen, paita ja pipo, Ravintola Birra<br \/>\nJuha Vainikka, huopa + kyn\u00e4, LR Vna &amp; Saimaa Terminals<br \/>\nLauri Jaatinen, pizzalahjakortti, ravintola Ukko-Pekka<br \/>\nMaiju Kuuluvainen, leipomotuotteita, Rikkil\u00e4n leip\u00e4<br \/>\nEija Saira, riippumatto, LR Vna<br \/>\nTiina Saareks, m\u00f6kkipeli, LR Vna<br \/>\nSalla Paloniemi, kahvikuppisetti, LR Vna<br \/>\nJoonas Heiska, t-paita + lippis, LR Vna &amp; Conexpress<br \/>\nHelga Annus, kyn\u00e4 + retkiveitsi, LR Vna &amp; Saimaa Terminals<br \/>\nJyrki Urpalainen, keitti\u00f6v\u00e4linesetti, LR Vna<br \/>\nMikko Kuuluvainen, matkalahjakortti, Matkaverkko<br \/>\nPaula Ylh\u00e4inen, meisselisarja, Rautatiel\u00e4isten liitto os. 50<br \/>\nMari Rikkinen, pesuainetta, Nurminen Logistics Oyj<br \/>\nJoel Kiero, t-paita, LR Vna<br \/>\nJari Telasmaa, retkiveitsi, LR Vna<br \/>\nRoosa Kotonen, leipomotuotteita, Rikkil\u00e4n leip\u00e4<br \/>\nLiisa H\u00e4k\u00e4mies, S-ryhm\u00e4n lahjakortti, Vainikkalan kyl\u00e4toimikunta<br \/>\nMikko Saareks, lasisetti, LR Vna<br \/>\nSami Behm, sateenvarjo + retkipullo, LR Vna<br \/>\nKimmo Heiska, suolasirotin ja lippis, LR Vna &amp; ravintola Birra<br \/>\nLauri Ahola, veitsi- ja lasisetit , Rautatiel\u00e4isten liitto os. 50, LR Vna<br \/>\nJaana K\u00e4lvi\u00e4inen, t-paita + lippis, ravintola Birra<br \/>\nSauli Vainikka, palovaroitin + t-paita, Vainikkalan VPK &amp; LR Vna<br \/>\nAntti H\u00e4m\u00e4l\u00e4inen, t-paita + lippis + palovaroitin, ravintola Birra &amp;\u00a0 LR Vna<br \/>\nJutta Vainikka, t-paita + hattu, ravintola Birra<br \/>\nTeppo Suhonen, S-ryhm\u00e4n lahjakortti, Vainikkalan kyl\u00e4toimikunta<br \/>\nReima Tirronen, kulho + p\u00f6yt\u00e4tablettisetti, LR Vna<br \/>\nKalle Kiri, S-ryhm\u00e4n lahjakortti, Vainikkalan kyl\u00e4toimikunta<br \/>\nAarno Vainikka, kahvinkeitin, Nurminen Logistics Oyj<\/p>\n<p>P\u00e4\u00e4palkinto:<\/p>\n<p>Eija Saira, kannettava tietokone, LR Vna<\/p>\n","protected":false},"excerpt":{"rendered":"<p>37. VAINIKKALA-H\u00d6LKK\u00c4 13.06.2009 Alkukes\u00e4isess\u00e4 kohtalaisen miellytt\u00e4v\u00e4ss\u00e4 s\u00e4\u00e4ss\u00e4 juostiin Vainikkala-h\u00f6lkk\u00e4 jo 37. kerran. L\u00e4ht\u00f6laukaus ammuttiin tutulta paikalta Vainikkalan koulun edustalta. Mukana oli kuusi erilaista kilpasarjaa: miesten 10 kilometri\u00e4, naisten 10 kilometri\u00e4, miesten +50 10 kilometri\u00e4, naisten +40 10 kilometri\u00e4, poikien alle &hellip; <a href=\"https:\/\/kylat.ekarjala.fi\/vainikkala\/tapahtumakalenteri\/tapahtumahistoria\/vainikkala-holkka-2009\/\">Lue loppuun <span class=\"meta-nav\">&rarr;<\/span><\/a><\/p>\n","protected":false},"author":80,"featured_media":0,"parent":918,"menu_order":0,"comment_status":"open","ping_status":"closed","template":"","meta":{"footnotes":""},"class_list":["post-987","page","type-page","status-publish","hentry"],"_links":{"self":[{"href":"https:\/\/kylat.ekarjala.fi\/vainikkala\/wp-json\/wp\/v2\/pages\/987","targetHints":{"allow":["GET"]}}],"collection":[{"href":"https:\/\/kylat.ekarjala.fi\/vainikkala\/wp-json\/wp\/v2\/pages"}],"about":[{"href":"https:\/\/kylat.ekarjala.fi\/vainikkala\/wp-json\/wp\/v2\/types\/page"}],"author":[{"embeddable":true,"href":"https:\/\/kylat.ekarjala.fi\/vainikkala\/wp-json\/wp\/v2\/users\/80"}],"replies":[{"embeddable":true,"href":"https:\/\/kylat.ekarjala.fi\/vainikkala\/wp-json\/wp\/v2\/comments?post=987"}],"version-history":[{"count":1,"href":"https:\/\/kylat.ekarjala.fi\/vainikkala\/wp-json\/wp\/v2\/pages\/987\/revisions"}],"predecessor-version":[{"id":989,"href":"https:\/\/kylat.ekarjala.fi\/vainikkala\/wp-json\/wp\/v2\/pages\/987\/revisions\/989"}],"up":[{"embeddable":true,"href":"https:\/\/kylat.ekarjala.fi\/vainikkala\/wp-json\/wp\/v2\/pages\/918"}],"wp:attachment":[{"href":"https:\/\/kylat.ekarjala.fi\/vainikkala\/wp-json\/wp\/v2\/media?parent=987"}],"curies":[{"name":"wp","href":"https:\/\/api.w.org\/{rel}","templated":true}]}}