{"id":990,"date":"2013-12-26T19:19:28","date_gmt":"2013-12-26T19:49:28","guid":{"rendered":"https:\/\/kylat.ekarjala.fi\/vainikkala\/?page_id=990"},"modified":"2013-12-26T19:19:28","modified_gmt":"2013-12-26T19:49:28","slug":"joulu-2006","status":"publish","type":"page","link":"https:\/\/kylat.ekarjala.fi\/vainikkala\/tapahtumakalenteri\/tapahtumahistoria\/joulu-2006\/","title":{"rendered":"Joulu 2006"},"content":{"rendered":"<p><strong>Joulun avaus 10.12.2006<\/strong><\/p>\n<div id=\"attachment_991\" style=\"width: 170px\" class=\"wp-caption alignnone\"><a href=\"https:\/\/kylat.ekarjala.fi\/vainikkala\/wp-content\/uploads\/sites\/36\/2013\/12\/joulu1.jpg\"><img loading=\"lazy\" decoding=\"async\" aria-describedby=\"caption-attachment-991\" class=\"size-full wp-image-991\" alt=\"My\u00f6s joulupukki vieraili Vainikkalan joulun avaustapahtumassa \" src=\"https:\/\/kylat.ekarjala.fi\/vainikkala\/wp-content\/uploads\/sites\/36\/2013\/12\/joulu1.jpg\" width=\"160\" height=\"120\" \/><\/a><p id=\"caption-attachment-991\" class=\"wp-caption-text\">My\u00f6s joulupukki vieraili Vainikkalan joulun avaustapahtumassa<\/p><\/div>\n<p>Vainikkalan joulu avattiin kes\u00e4teatterilla tunnelmallisella ulkoilmatilaisuudella sunnuntaina 10. joulukuuta. Tilaisuus oli samalla Vainikkalan Kauneimmat joululaulut -tapahtuma. Tapahtuman j\u00e4rjesti Lappeen seurakunnan aluety\u00f6n Vainikkalan tiimi. Paikalla oli noin 70 ihmist\u00e4. My\u00f6s vanhaherra joulupukki suoritti yll\u00e4tysvierailun.<\/p>\n<p>Tilaisuus ajoittui aikaan jolloin lumet olivat kokonaan kadonneet. Pimeys korostui entisest\u00e4\u00e4n kun marraskuun alun lumimyr\u00e4k\u00e4n ansiosta kallistunut suuri pet\u00e4j\u00e4 kaatui Kivim\u00e4en p\u00e4\u00e4ll\u00e4 ja katkaisi samalla kuntoradan valaistuskaapelin. T\u00e4m\u00e4 ajoittui tapahtumaa edelt\u00e4v\u00e4lle viikolle. Vaurio ei vaikuttanut teatterin valaistukseen ja pistorasias\u00e4hk\u00f6ihin. Vain kuntoradan valaistus ja siihen liitetty teatterin katsomon valaistus oli pois pelist\u00e4.<\/p>\n<p><strong>Joulukirkko seurakuntasalilla 25.12.2006<\/strong><\/p>\n<p>Joulukirkko 25.12.2006 klo 9.00 Vainikkalan srk-talolla. Toimittivat Ilpo Perttil\u00e4 ja Sauli Ruskeep\u00e4\u00e4 Lappeen seurakunnasta. Paikalla l\u00e4hes 40 ihmist\u00e4.<\/p>\n<p><a href=\"https:\/\/kylat.ekarjala.fi\/vainikkala\/wp-content\/uploads\/sites\/36\/2013\/12\/joulu2.jpg\"><img loading=\"lazy\" decoding=\"async\" class=\"alignnone size-full wp-image-992\" alt=\"\" src=\"https:\/\/kylat.ekarjala.fi\/vainikkala\/wp-content\/uploads\/sites\/36\/2013\/12\/joulu2.jpg\" width=\"160\" height=\"120\" \/><\/a><br \/>\n<strong>Enn\u00e4tysm\u00e4\u00e4r\u00e4 muistokynttil\u00f6it\u00e4 srk-talon kivilaatalla<\/strong><\/p>\n<p>Jouluna muistetaan poisnukkuneita omaisia ja yst\u00e4vi\u00e4 sytytt\u00e4m\u00e4ll\u00e4 muistokynttil\u00e4 hautausmaalla. Jos l\u00e4heisen hauta on hankalan matkan p\u00e4\u00e4ss\u00e4, kynttil\u00e4n voi sytytt\u00e4\u00e4 nykyisin my\u00f6s Vainikkalan srk-talon edess\u00e4 olevalle kivilaatalle.<br \/>\nJoulup\u00e4iv\u00e4n iltana laatalla oli yhteens\u00e4 27 muistokynttil\u00e4\u00e4. Osa sammuneista oli jo ehditty ker\u00e4t\u00e4 pois.<\/p>\n","protected":false},"excerpt":{"rendered":"<p>Joulun avaus 10.12.2006 Vainikkalan joulu avattiin kes\u00e4teatterilla tunnelmallisella ulkoilmatilaisuudella sunnuntaina 10. joulukuuta. Tilaisuus oli samalla Vainikkalan Kauneimmat joululaulut -tapahtuma. Tapahtuman j\u00e4rjesti Lappeen seurakunnan aluety\u00f6n Vainikkalan tiimi. Paikalla oli noin 70 ihmist\u00e4. My\u00f6s vanhaherra joulupukki suoritti yll\u00e4tysvierailun. Tilaisuus ajoittui aikaan jolloin &hellip; <a href=\"https:\/\/kylat.ekarjala.fi\/vainikkala\/tapahtumakalenteri\/tapahtumahistoria\/joulu-2006\/\">Lue loppuun <span class=\"meta-nav\">&rarr;<\/span><\/a><\/p>\n","protected":false},"author":80,"featured_media":0,"parent":918,"menu_order":0,"comment_status":"open","ping_status":"closed","template":"","meta":{"footnotes":""},"class_list":["post-990","page","type-page","status-publish","hentry"],"_links":{"self":[{"href":"https:\/\/kylat.ekarjala.fi\/vainikkala\/wp-json\/wp\/v2\/pages\/990","targetHints":{"allow":["GET"]}}],"collection":[{"href":"https:\/\/kylat.ekarjala.fi\/vainikkala\/wp-json\/wp\/v2\/pages"}],"about":[{"href":"https:\/\/kylat.ekarjala.fi\/vainikkala\/wp-json\/wp\/v2\/types\/page"}],"author":[{"embeddable":true,"href":"https:\/\/kylat.ekarjala.fi\/vainikkala\/wp-json\/wp\/v2\/users\/80"}],"replies":[{"embeddable":true,"href":"https:\/\/kylat.ekarjala.fi\/vainikkala\/wp-json\/wp\/v2\/comments?post=990"}],"version-history":[{"count":1,"href":"https:\/\/kylat.ekarjala.fi\/vainikkala\/wp-json\/wp\/v2\/pages\/990\/revisions"}],"predecessor-version":[{"id":993,"href":"https:\/\/kylat.ekarjala.fi\/vainikkala\/wp-json\/wp\/v2\/pages\/990\/revisions\/993"}],"up":[{"embeddable":true,"href":"https:\/\/kylat.ekarjala.fi\/vainikkala\/wp-json\/wp\/v2\/pages\/918"}],"wp:attachment":[{"href":"https:\/\/kylat.ekarjala.fi\/vainikkala\/wp-json\/wp\/v2\/media?parent=990"}],"curies":[{"name":"wp","href":"https:\/\/api.w.org\/{rel}","templated":true}]}}