{"id":994,"date":"2013-12-26T19:58:54","date_gmt":"2013-12-26T20:28:54","guid":{"rendered":"https:\/\/kylat.ekarjala.fi\/vainikkala\/?page_id=994"},"modified":"2013-12-26T19:58:54","modified_gmt":"2013-12-26T20:28:54","slug":"kalastuskilpailutulokset","status":"publish","type":"page","link":"https:\/\/kylat.ekarjala.fi\/vainikkala\/harrastukset\/kalastus\/kalastuskilpailutulokset\/","title":{"rendered":"Kalastuskilpailutulokset"},"content":{"rendered":"<p><strong>T\u00e4lt\u00e4 sivustolta l\u00f6ytyy tuloksia kalastuskilpailuista<\/strong><\/p>\n<p><a href=\"https:\/\/kylat.ekarjala.fi\/vainikkala\/wp-content\/uploads\/sites\/36\/2013\/12\/PILKKIKILPAILUT-VAINIKKALASSA.pdf\">PILKKIKILPAILUT VAINIKKALASSA<\/a><\/p>\n<p><strong>T\u00e4h\u00e4n\u00a0on ker\u00e4tty\u00a0tuloksia\u00a0Telkj\u00e4rvell\u00e4 j\u00e4rjestetyist\u00e4 pilkkikilpailuista<\/strong><br \/>\n<a href=\"https:\/\/kylat.ekarjala.fi\/vainikkala\/wp-content\/uploads\/sites\/36\/2013\/12\/pilkki.jpg\"><img loading=\"lazy\" decoding=\"async\" class=\"alignnone size-full wp-image-1009\" alt=\"\" src=\"https:\/\/kylat.ekarjala.fi\/vainikkala\/wp-content\/uploads\/sites\/36\/2013\/12\/pilkki.jpg\" width=\"160\" height=\"120\" \/><\/a><\/p>\n<p><a href=\"https:\/\/kylat.ekarjala.fi\/vainikkala\/wp-content\/uploads\/sites\/36\/2013\/12\/Pilkki-2003.pdf\">Pilkki 2003<\/a><br \/>\n<a href=\"https:\/\/kylat.ekarjala.fi\/vainikkala\/wp-content\/uploads\/sites\/36\/2013\/12\/Pilkki-2004.pdf\">Pilkki 2004<\/a><br \/>\n<a href=\"https:\/\/kylat.ekarjala.fi\/vainikkala\/wp-content\/uploads\/sites\/36\/2013\/12\/Pilkki-2005.pdf\">Pilkki 2005<\/a><br \/>\n<a href=\"https:\/\/kylat.ekarjala.fi\/vainikkala\/wp-content\/uploads\/sites\/36\/2013\/12\/Pilkki-2006.pdf\">Pilkki 2006<br \/>\n<\/a> <a href=\"https:\/\/kylat.ekarjala.fi\/vainikkala\/wp-content\/uploads\/sites\/36\/2013\/12\/Pilkki_2007.pdf\">Pilkki_2007<\/a><br \/>\n<a href=\"https:\/\/kylat.ekarjala.fi\/vainikkala\/wp-content\/uploads\/sites\/36\/2013\/12\/Pilkki_2008.pdf\">Pilkki_2008<\/a><br \/>\n<a href=\"https:\/\/kylat.ekarjala.fi\/vainikkala\/wp-content\/uploads\/sites\/36\/2013\/12\/Pilkki_2009.pdf\">Pilkki_2009<\/a><br \/>\n<a href=\"https:\/\/kylat.ekarjala.fi\/vainikkala\/wp-content\/uploads\/sites\/36\/2013\/12\/Pilkki_2010.pdf\">Pilkki_2010<\/a><br \/>\n<a href=\"https:\/\/kylat.ekarjala.fi\/vainikkala\/wp-content\/uploads\/sites\/36\/2013\/12\/Pilkki-2011.pdf\">Pilkki 2011<\/a><br \/>\n<a href=\"https:\/\/kylat.ekarjala.fi\/vainikkala\/wp-content\/uploads\/sites\/36\/2013\/12\/Pilkki-2012.pdf\">Pilkki 2012<\/a><br \/>\n<a href=\"https:\/\/kylat.ekarjala.fi\/vainikkala\/wp-content\/uploads\/sites\/36\/2013\/12\/Pilkki-2013.pdf\">Pilkki 2013<\/a><\/p>\n<p><strong>T\u00e4h\u00e4n\u00a0on ker\u00e4tty\u00a0tuloksia\u00a0Niemij\u00e4rvell\u00e4 j\u00e4rjestetyist\u00e4 pilkkikilpailuista.<\/strong><\/p>\n<p><a href=\"https:\/\/kylat.ekarjala.fi\/vainikkala\/wp-content\/uploads\/sites\/36\/2013\/12\/pilkki.jpg\"><img loading=\"lazy\" decoding=\"async\" class=\"alignnone size-full wp-image-1009\" alt=\"\" src=\"https:\/\/kylat.ekarjala.fi\/vainikkala\/wp-content\/uploads\/sites\/36\/2013\/12\/pilkki.jpg\" width=\"160\" height=\"120\" \/><\/a><\/p>\n<p><a href=\"https:\/\/kylat.ekarjala.fi\/vainikkala\/wp-content\/uploads\/sites\/36\/2013\/12\/Niemij\u00e4rvi-2009.pdf\"><a href=\"https:\/\/kylat.ekarjala.fi\/vainikkala\/wp-content\/uploads\/sites\/36\/2013\/12\/Niemijarvi_2001.pdf\">Niemijarvi_2001<\/a><br \/>\n<a href=\"https:\/\/kylat.ekarjala.fi\/vainikkala\/wp-content\/uploads\/sites\/36\/2013\/12\/Niemijarvi_2002.pdf\">Niemijarvi_2002<\/a><br \/>\n<a href=\"https:\/\/kylat.ekarjala.fi\/vainikkala\/wp-content\/uploads\/sites\/36\/2013\/12\/Niemijarvi_2003.pdf\">Niemijarvi_2003<\/a><br \/>\nNiemij\u00e4rvi 2009<\/a><br \/>\n<a href=\"https:\/\/kylat.ekarjala.fi\/vainikkala\/wp-content\/uploads\/sites\/36\/2013\/12\/Niemijarvi-2011.pdf\">Niemijarvi 2011<\/a><br \/>\n<a href=\"https:\/\/kylat.ekarjala.fi\/vainikkala\/wp-content\/uploads\/sites\/36\/2013\/12\/Niemijarvi_2012.pdf\">Niemijarvi_2012<\/a><br \/>\n<a href=\"https:\/\/kylat.ekarjala.fi\/vainikkala\/wp-content\/uploads\/sites\/36\/2013\/12\/Niemijarvi_2013.pdf\">Niemijarvi_2013<\/a><\/p>\n<p><strong>T\u00e4h\u00e4n\u00a0on ker\u00e4tty\u00a0tuloksia\u00a0Alajoella j\u00e4rjestetyist\u00e4 kes\u00e4ongintakilpailuista.<\/strong><br \/>\n<a href=\"https:\/\/kylat.ekarjala.fi\/vainikkala\/wp-content\/uploads\/sites\/36\/2013\/12\/kes\u00e4.jpg\"><img loading=\"lazy\" decoding=\"async\" class=\"alignnone size-full wp-image-1017\" alt=\"\" src=\"https:\/\/kylat.ekarjala.fi\/vainikkala\/wp-content\/uploads\/sites\/36\/2013\/12\/kes\u00e4.jpg\" width=\"160\" height=\"120\" \/><\/a><\/p>\n<p><a href=\"https:\/\/kylat.ekarjala.fi\/vainikkala\/wp-content\/uploads\/sites\/36\/2013\/12\/Alajoki_2008.pdf\">Alajoki_2008<\/a><br \/>\n<a href=\"https:\/\/kylat.ekarjala.fi\/vainikkala\/wp-content\/uploads\/sites\/36\/2013\/12\/Alajoki_2009.pdf\">Alajoki_2009<\/a><br \/>\n<a href=\"https:\/\/kylat.ekarjala.fi\/vainikkala\/wp-content\/uploads\/sites\/36\/2013\/12\/Alajoki_2010.pdf\">Alajoki_2010<\/a><br \/>\n<a href=\"https:\/\/kylat.ekarjala.fi\/vainikkala\/wp-content\/uploads\/sites\/36\/2013\/12\/Alajoki_2011.pdf\">Alajoki_2011<\/a><br \/>\n<a href=\"https:\/\/kylat.ekarjala.fi\/vainikkala\/wp-content\/uploads\/sites\/36\/2013\/12\/Alajoki_2012.pdf\">Alajoki_2012<\/a><br \/>\n<strong> T\u00e4h\u00e4n\u00a0on ker\u00e4tty\u00a0tuloksia\u00a0Ukonj\u00e4rvell\u00e4 j\u00e4rjestetyist\u00e4 pilkkikilpailuista<br \/>\n<a href=\"https:\/\/kylat.ekarjala.fi\/vainikkala\/wp-content\/uploads\/sites\/36\/2013\/12\/pilkki.jpg\"><img loading=\"lazy\" decoding=\"async\" class=\"alignnone size-full wp-image-1009\" alt=\"\" src=\"https:\/\/kylat.ekarjala.fi\/vainikkala\/wp-content\/uploads\/sites\/36\/2013\/12\/pilkki.jpg\" width=\"160\" height=\"120\" \/><\/a><br \/>\n<\/strong><\/p>\n<p><a href=\"https:\/\/kylat.ekarjala.fi\/vainikkala\/wp-content\/uploads\/sites\/36\/2013\/12\/UKONJ\u00c4RVI-I_2001.pdf\">UKONJ\u00c4RVI I_2001<br \/>\n<a href=\"https:\/\/kylat.ekarjala.fi\/vainikkala\/wp-content\/uploads\/sites\/36\/2013\/12\/UKONJ\u00c4RVI-II_2001.pdf\">UKONJ\u00c4RVI II_2001<\/a><\/a><br \/>\n<a href=\"https:\/\/kylat.ekarjala.fi\/vainikkala\/wp-content\/uploads\/sites\/36\/2013\/12\/UKONJ\u00c4RVI-I_2002.pdf\">UKONJ\u00c4RVI I_2002<\/a><br \/>\n<a href=\"https:\/\/kylat.ekarjala.fi\/vainikkala\/wp-content\/uploads\/sites\/36\/2013\/12\/UKONJ\u00c4RVI_2003.pdf\">UKONJ\u00c4RVI_2003<\/a><br \/>\n<a href=\"https:\/\/kylat.ekarjala.fi\/vainikkala\/wp-content\/uploads\/sites\/36\/2013\/12\/UKONJ\u00c4RVI_2004.pdf\">UKONJ\u00c4RVI_2004<\/a><br \/>\n<a href=\"https:\/\/kylat.ekarjala.fi\/vainikkala\/wp-content\/uploads\/sites\/36\/2013\/12\/UKONJ\u00c4RVI_2005.pdf\">UKONJ\u00c4RVI_2005<\/a><br \/>\n<a href=\"https:\/\/kylat.ekarjala.fi\/vainikkala\/wp-content\/uploads\/sites\/36\/2013\/12\/UKONJ\u00c4RVI_2006.pdf\">UKONJ\u00c4RVI_2006<\/a><br \/>\n<a href=\"https:\/\/kylat.ekarjala.fi\/vainikkala\/wp-content\/uploads\/sites\/36\/2013\/12\/UKONJ\u00c4RVI_-2010.pdf\">UKONJ\u00c4RVI_ 2010<\/a><\/p>\n<p><strong>T\u00e4h\u00e4n\u00a0on ker\u00e4tty\u00a0tuloksia Telkj\u00e4rven sillalla j\u00e4rjestetyist\u00e4 kes\u00e4ongintakilpailuista.<\/strong><\/p>\n<p><a href=\"https:\/\/kylat.ekarjala.fi\/vainikkala\/wp-content\/uploads\/sites\/36\/2013\/12\/kes\u00e4.jpg\"><img loading=\"lazy\" decoding=\"async\" class=\"alignnone size-full wp-image-1017\" alt=\"\" src=\"https:\/\/kylat.ekarjala.fi\/vainikkala\/wp-content\/uploads\/sites\/36\/2013\/12\/kes\u00e4.jpg\" width=\"160\" height=\"120\" \/><\/a><\/p>\n<p><a href=\"https:\/\/kylat.ekarjala.fi\/vainikkala\/wp-content\/uploads\/sites\/36\/2013\/12\/2000.pdf\">2000<\/a><br \/>\n<a href=\"https:\/\/kylat.ekarjala.fi\/vainikkala\/wp-content\/uploads\/sites\/36\/2013\/12\/2001.pdf\">2001<\/a><br \/>\n<a href=\"https:\/\/kylat.ekarjala.fi\/vainikkala\/wp-content\/uploads\/sites\/36\/2013\/12\/2002.pdf\">2002<\/a><br \/>\n<a href=\"https:\/\/kylat.ekarjala.fi\/vainikkala\/wp-content\/uploads\/sites\/36\/2013\/12\/2003.pdf\">2003<\/a><br \/>\n<a href=\"https:\/\/kylat.ekarjala.fi\/vainikkala\/wp-content\/uploads\/sites\/36\/2013\/12\/2004.pdf\">2004<\/a><br \/>\n<a href=\"https:\/\/kylat.ekarjala.fi\/vainikkala\/wp-content\/uploads\/sites\/36\/2013\/12\/2005.pdf\">2005<\/a><br \/>\n<a href=\"https:\/\/kylat.ekarjala.fi\/vainikkala\/wp-content\/uploads\/sites\/36\/2013\/12\/2006.pdf\">2006<\/a><br \/>\n<a href=\"https:\/\/kylat.ekarjala.fi\/vainikkala\/wp-content\/uploads\/sites\/36\/2013\/12\/2007.pdf\">2007<\/a><br \/>\n<a href=\"https:\/\/kylat.ekarjala.fi\/vainikkala\/wp-content\/uploads\/sites\/36\/2013\/12\/2008.pdf\">2008<\/a><br \/>\n<a href=\"https:\/\/kylat.ekarjala.fi\/vainikkala\/wp-content\/uploads\/sites\/36\/2013\/12\/2009.pdf\">2009<\/a><br \/>\n<a href=\"https:\/\/kylat.ekarjala.fi\/vainikkala\/wp-content\/uploads\/sites\/36\/2013\/12\/2011.pdf\">2011<br \/>\n<\/a> <a href=\"https:\/\/kylat.ekarjala.fi\/vainikkala\/wp-content\/uploads\/sites\/36\/2013\/12\/2011_1.pdf\">2011_1<\/a><br \/>\n<a href=\"https:\/\/kylat.ekarjala.fi\/vainikkala\/wp-content\/uploads\/sites\/36\/2013\/12\/2012.pdf\">2012<\/a><br \/>\n<a href=\"https:\/\/kylat.ekarjala.fi\/vainikkala\/wp-content\/uploads\/sites\/36\/2013\/12\/2012_1.pdf\">2012_1<\/a><\/p>\n","protected":false},"excerpt":{"rendered":"<p>T\u00e4lt\u00e4 sivustolta l\u00f6ytyy tuloksia kalastuskilpailuista PILKKIKILPAILUT VAINIKKALASSA T\u00e4h\u00e4n\u00a0on ker\u00e4tty\u00a0tuloksia\u00a0Telkj\u00e4rvell\u00e4 j\u00e4rjestetyist\u00e4 pilkkikilpailuista Pilkki 2003 Pilkki 2004 Pilkki 2005 Pilkki 2006 Pilkki_2007 Pilkki_2008 Pilkki_2009 Pilkki_2010 Pilkki 2011 Pilkki 2012 Pilkki 2013 T\u00e4h\u00e4n\u00a0on ker\u00e4tty\u00a0tuloksia\u00a0Niemij\u00e4rvell\u00e4 j\u00e4rjestetyist\u00e4 pilkkikilpailuista. Niemijarvi_2001 Niemijarvi_2002 Niemijarvi_2003 Niemij\u00e4rvi 2009 Niemijarvi 2011 &hellip; <a href=\"https:\/\/kylat.ekarjala.fi\/vainikkala\/harrastukset\/kalastus\/kalastuskilpailutulokset\/\">Lue loppuun <span class=\"meta-nav\">&rarr;<\/span><\/a><\/p>\n","protected":false},"author":80,"featured_media":0,"parent":47,"menu_order":0,"comment_status":"open","ping_status":"closed","template":"","meta":{"footnotes":""},"class_list":["post-994","page","type-page","status-publish","hentry"],"_links":{"self":[{"href":"https:\/\/kylat.ekarjala.fi\/vainikkala\/wp-json\/wp\/v2\/pages\/994","targetHints":{"allow":["GET"]}}],"collection":[{"href":"https:\/\/kylat.ekarjala.fi\/vainikkala\/wp-json\/wp\/v2\/pages"}],"about":[{"href":"https:\/\/kylat.ekarjala.fi\/vainikkala\/wp-json\/wp\/v2\/types\/page"}],"author":[{"embeddable":true,"href":"https:\/\/kylat.ekarjala.fi\/vainikkala\/wp-json\/wp\/v2\/users\/80"}],"replies":[{"embeddable":true,"href":"https:\/\/kylat.ekarjala.fi\/vainikkala\/wp-json\/wp\/v2\/comments?post=994"}],"version-history":[{"count":2,"href":"https:\/\/kylat.ekarjala.fi\/vainikkala\/wp-json\/wp\/v2\/pages\/994\/revisions"}],"predecessor-version":[{"id":1047,"href":"https:\/\/kylat.ekarjala.fi\/vainikkala\/wp-json\/wp\/v2\/pages\/994\/revisions\/1047"}],"up":[{"embeddable":true,"href":"https:\/\/kylat.ekarjala.fi\/vainikkala\/wp-json\/wp\/v2\/pages\/47"}],"wp:attachment":[{"href":"https:\/\/kylat.ekarjala.fi\/vainikkala\/wp-json\/wp\/v2\/media?parent=994"}],"curies":[{"name":"wp","href":"https:\/\/api.w.org\/{rel}","templated":true}]}}