{"id":324,"date":"2015-05-04T07:56:54","date_gmt":"2015-05-04T08:26:54","guid":{"rendered":"https:\/\/kylat.ekarjala.fi\/valijoki\/?page_id=324"},"modified":"2025-07-23T19:17:12","modified_gmt":"2025-07-23T19:47:12","slug":"viimeiset-mohikaanit","status":"publish","type":"page","link":"https:\/\/kylat.ekarjala.fi\/valijoki\/mannisto-ja-valijoen-parketti\/kuvagalleria\/viimeiset-mohikaanit\/","title":{"rendered":"2015, Viimeiset mohikaanit"},"content":{"rendered":"<div id=\"attachment_311\" style=\"width: 306px\" class=\"wp-caption alignleft\"><a href=\"https:\/\/kylat.ekarjala.fi\/valijoki\/wp-content\/uploads\/sites\/19\/2014\/09\/mohikaanit-harjkuva4.jpg\"><img fetchpriority=\"high\" decoding=\"async\" aria-describedby=\"caption-attachment-311\" class=\"  wp-image-311\" src=\"https:\/\/kylat.ekarjala.fi\/valijoki\/wp-content\/uploads\/sites\/19\/2014\/09\/mohikaanit-harjkuva4-300x200.jpg\" alt=\"mohikaanit harjkuva4\" width=\"296\" height=\"197\" srcset=\"https:\/\/kylat.ekarjala.fi\/valijoki\/wp-content\/uploads\/sites\/19\/2014\/09\/mohikaanit-harjkuva4-300x200.jpg 300w, https:\/\/kylat.ekarjala.fi\/valijoki\/wp-content\/uploads\/sites\/19\/2014\/09\/mohikaanit-harjkuva4.jpg 1000w\" sizes=\"(max-width: 296px) 100vw, 296px\" \/><\/a><p id=\"caption-attachment-311\" class=\"wp-caption-text\">T\u00e4st\u00e4 se taas alkaa, p\u00e4hk\u00e4ily\u00e4 p\u00f6yd\u00e4n \u00e4\u00e4ress\u00e4.<\/p><\/div>\n<div id=\"attachment_310\" style=\"width: 310px\" class=\"wp-caption alignleft\"><a href=\"https:\/\/kylat.ekarjala.fi\/valijoki\/wp-content\/uploads\/sites\/19\/2014\/09\/mohikaanit-harjkuva5.jpg\"><img decoding=\"async\" aria-describedby=\"caption-attachment-310\" class=\"wp-image-310 size-medium\" src=\"https:\/\/kylat.ekarjala.fi\/valijoki\/wp-content\/uploads\/sites\/19\/2014\/09\/mohikaanit-harjkuva5-300x200.jpg\" alt=\"mohikaanit harjkuva5\" width=\"300\" height=\"200\" srcset=\"https:\/\/kylat.ekarjala.fi\/valijoki\/wp-content\/uploads\/sites\/19\/2014\/09\/mohikaanit-harjkuva5-300x200.jpg 300w, https:\/\/kylat.ekarjala.fi\/valijoki\/wp-content\/uploads\/sites\/19\/2014\/09\/mohikaanit-harjkuva5.jpg 1000w\" sizes=\"(max-width: 300px) 100vw, 300px\" \/><\/a><p id=\"caption-attachment-310\" class=\"wp-caption-text\">&#8221;T\u00e4\u00e4 on mun vuorosana!&#8221;<\/p><\/div>\n<p>&nbsp;<\/p>\n<div id=\"attachment_312\" style=\"width: 310px\" class=\"wp-caption alignleft\"><a href=\"https:\/\/kylat.ekarjala.fi\/valijoki\/wp-content\/uploads\/sites\/19\/2014\/09\/mohikaanit-harjkuva3.jpg\"><img decoding=\"async\" aria-describedby=\"caption-attachment-312\" class=\"wp-image-312 size-medium\" src=\"https:\/\/kylat.ekarjala.fi\/valijoki\/wp-content\/uploads\/sites\/19\/2014\/09\/mohikaanit-harjkuva3-300x200.jpg\" alt=\"mohikaanit harjkuva3\" width=\"300\" height=\"200\" srcset=\"https:\/\/kylat.ekarjala.fi\/valijoki\/wp-content\/uploads\/sites\/19\/2014\/09\/mohikaanit-harjkuva3-300x200.jpg 300w, https:\/\/kylat.ekarjala.fi\/valijoki\/wp-content\/uploads\/sites\/19\/2014\/09\/mohikaanit-harjkuva3.jpg 1000w\" sizes=\"(max-width: 300px) 100vw, 300px\" \/><\/a><p id=\"caption-attachment-312\" class=\"wp-caption-text\">&#8221;\u00c4\u00e4nest\u00e4k\u00e4\u00e4 kansanedustaja Kaarnaa!&#8221;<\/p><\/div>\n<div id=\"attachment_313\" style=\"width: 310px\" class=\"wp-caption alignleft\"><a href=\"https:\/\/kylat.ekarjala.fi\/valijoki\/wp-content\/uploads\/sites\/19\/2014\/09\/mohikaanit-harjkuva1-.jpg\"><img loading=\"lazy\" decoding=\"async\" aria-describedby=\"caption-attachment-313\" class=\"wp-image-313 size-medium\" src=\"https:\/\/kylat.ekarjala.fi\/valijoki\/wp-content\/uploads\/sites\/19\/2014\/09\/mohikaanit-harjkuva1--300x200.jpg\" alt=\"mohikaanit harjkuva1\" width=\"300\" height=\"200\" srcset=\"https:\/\/kylat.ekarjala.fi\/valijoki\/wp-content\/uploads\/sites\/19\/2014\/09\/mohikaanit-harjkuva1--300x200.jpg 300w, https:\/\/kylat.ekarjala.fi\/valijoki\/wp-content\/uploads\/sites\/19\/2014\/09\/mohikaanit-harjkuva1-.jpg 1000w\" sizes=\"(max-width: 300px) 100vw, 300px\" \/><\/a><p id=\"caption-attachment-313\" class=\"wp-caption-text\">&#8221;Tervetuloa t\u00e4nne tangokuninkas alkukarsintaan!&#8221;<\/p><\/div>\n<p>&nbsp;<\/p>\n","protected":false},"excerpt":{"rendered":"<p>&nbsp; &nbsp;<\/p>\n","protected":false},"author":31,"featured_media":0,"parent":315,"menu_order":0,"comment_status":"open","ping_status":"closed","template":"","meta":{"footnotes":""},"class_list":["post-324","page","type-page","status-publish","hentry"],"yoast_head":"<!-- This site is optimized with the Yoast SEO plugin v27.3 - https:\/\/yoast.com\/product\/yoast-seo-wordpress\/ -->\n<title>2015, Viimeiset mohikaanit - V\u00e4lijoki<\/title>\n<meta name=\"robots\" content=\"index, follow, max-snippet:-1, max-image-preview:large, max-video-preview:-1\" \/>\n<link rel=\"canonical\" href=\"https:\/\/kylat.ekarjala.fi\/valijoki\/mannisto-ja-valijoen-parketti\/kuvagalleria\/viimeiset-mohikaanit\/\" \/>\n<meta property=\"og:locale\" content=\"fi_FI\" \/>\n<meta property=\"og:type\" content=\"article\" \/>\n<meta property=\"og:title\" content=\"2015, Viimeiset mohikaanit - V\u00e4lijoki\" \/>\n<meta property=\"og:description\" content=\"&nbsp; &nbsp;\" \/>\n<meta property=\"og:url\" content=\"https:\/\/kylat.ekarjala.fi\/valijoki\/mannisto-ja-valijoen-parketti\/kuvagalleria\/viimeiset-mohikaanit\/\" \/>\n<meta property=\"og:site_name\" content=\"V\u00e4lijoki\" \/>\n<meta property=\"article:publisher\" content=\"https:\/\/www.facebook.com\/ValijoenNuorisoseuraRientoRy\/?locale=fi_FI\" \/>\n<meta property=\"article:modified_time\" content=\"2025-07-23T19:47:12+00:00\" \/>\n<meta property=\"og:image\" content=\"https:\/\/kylat.ekarjala.fi\/valijoki\/wp-content\/uploads\/sites\/19\/2014\/09\/mohikaanit-harjkuva4.jpg\" \/>\n\t<meta property=\"og:image:width\" content=\"1000\" \/>\n\t<meta property=\"og:image:height\" content=\"666\" \/>\n\t<meta property=\"og:image:type\" content=\"image\/jpeg\" \/>\n<meta name=\"twitter:card\" content=\"summary_large_image\" \/>\n<meta name=\"twitter:label1\" content=\"Arvioitu lukuaika\" \/>\n\t<meta name=\"twitter:data1\" content=\"2 minuuttia\" \/>\n<script type=\"application\/ld+json\" class=\"yoast-schema-graph\">{\"@context\":\"https:\\\/\\\/schema.org\",\"@graph\":[{\"@type\":\"WebPage\",\"@id\":\"https:\\\/\\\/kylat.ekarjala.fi\\\/valijoki\\\/mannisto-ja-valijoen-parketti\\\/kuvagalleria\\\/viimeiset-mohikaanit\\\/\",\"url\":\"https:\\\/\\\/kylat.ekarjala.fi\\\/valijoki\\\/mannisto-ja-valijoen-parketti\\\/kuvagalleria\\\/viimeiset-mohikaanit\\\/\",\"name\":\"2015, Viimeiset mohikaanit - V\u00e4lijoki\",\"isPartOf\":{\"@id\":\"https:\\\/\\\/kylat.ekarjala.fi\\\/valijoki\\\/#website\"},\"primaryImageOfPage\":{\"@id\":\"https:\\\/\\\/kylat.ekarjala.fi\\\/valijoki\\\/mannisto-ja-valijoen-parketti\\\/kuvagalleria\\\/viimeiset-mohikaanit\\\/#primaryimage\"},\"image\":{\"@id\":\"https:\\\/\\\/kylat.ekarjala.fi\\\/valijoki\\\/mannisto-ja-valijoen-parketti\\\/kuvagalleria\\\/viimeiset-mohikaanit\\\/#primaryimage\"},\"thumbnailUrl\":\"https:\\\/\\\/kylat.ekarjala.fi\\\/valijoki\\\/wp-content\\\/uploads\\\/sites\\\/19\\\/2014\\\/09\\\/mohikaanit-harjkuva4-300x200.jpg\",\"datePublished\":\"2015-05-04T08:26:54+00:00\",\"dateModified\":\"2025-07-23T19:47:12+00:00\",\"breadcrumb\":{\"@id\":\"https:\\\/\\\/kylat.ekarjala.fi\\\/valijoki\\\/mannisto-ja-valijoen-parketti\\\/kuvagalleria\\\/viimeiset-mohikaanit\\\/#breadcrumb\"},\"inLanguage\":\"fi\",\"potentialAction\":[{\"@type\":\"ReadAction\",\"target\":[\"https:\\\/\\\/kylat.ekarjala.fi\\\/valijoki\\\/mannisto-ja-valijoen-parketti\\\/kuvagalleria\\\/viimeiset-mohikaanit\\\/\"]}]},{\"@type\":\"ImageObject\",\"inLanguage\":\"fi\",\"@id\":\"https:\\\/\\\/kylat.ekarjala.fi\\\/valijoki\\\/mannisto-ja-valijoen-parketti\\\/kuvagalleria\\\/viimeiset-mohikaanit\\\/#primaryimage\",\"url\":\"https:\\\/\\\/kylat.ekarjala.fi\\\/valijoki\\\/wp-content\\\/uploads\\\/sites\\\/19\\\/2014\\\/09\\\/mohikaanit-harjkuva4.jpg\",\"contentUrl\":\"https:\\\/\\\/kylat.ekarjala.fi\\\/valijoki\\\/wp-content\\\/uploads\\\/sites\\\/19\\\/2014\\\/09\\\/mohikaanit-harjkuva4.jpg\",\"width\":1000,\"height\":666},{\"@type\":\"BreadcrumbList\",\"@id\":\"https:\\\/\\\/kylat.ekarjala.fi\\\/valijoki\\\/mannisto-ja-valijoen-parketti\\\/kuvagalleria\\\/viimeiset-mohikaanit\\\/#breadcrumb\",\"itemListElement\":[{\"@type\":\"ListItem\",\"position\":1,\"name\":\"Etusivu\",\"item\":\"https:\\\/\\\/kylat.ekarjala.fi\\\/valijoki\\\/\"},{\"@type\":\"ListItem\",\"position\":2,\"name\":\"M\u00e4nnist\u00f6 ja V\u00e4lijoen lava\",\"item\":\"https:\\\/\\\/kylat.ekarjala.fi\\\/valijoki\\\/mannisto-ja-valijoen-parketti\\\/\"},{\"@type\":\"ListItem\",\"position\":3,\"name\":\"Kuvagalleria\",\"item\":\"https:\\\/\\\/kylat.ekarjala.fi\\\/valijoki\\\/mannisto-ja-valijoen-parketti\\\/kuvagalleria\\\/\"},{\"@type\":\"ListItem\",\"position\":4,\"name\":\"2015, Viimeiset mohikaanit\"}]},{\"@type\":\"WebSite\",\"@id\":\"https:\\\/\\\/kylat.ekarjala.fi\\\/valijoki\\\/#website\",\"url\":\"https:\\\/\\\/kylat.ekarjala.fi\\\/valijoki\\\/\",\"name\":\"V\u00e4lijoki\",\"description\":\"Uusi Etel\u00e4-Karjalan kyl\u00e4sivustot -sivusto\",\"publisher\":{\"@id\":\"https:\\\/\\\/kylat.ekarjala.fi\\\/valijoki\\\/#organization\"},\"potentialAction\":[{\"@type\":\"SearchAction\",\"target\":{\"@type\":\"EntryPoint\",\"urlTemplate\":\"https:\\\/\\\/kylat.ekarjala.fi\\\/valijoki\\\/?s={search_term_string}\"},\"query-input\":{\"@type\":\"PropertyValueSpecification\",\"valueRequired\":true,\"valueName\":\"search_term_string\"}}],\"inLanguage\":\"fi\"},{\"@type\":\"Organization\",\"@id\":\"https:\\\/\\\/kylat.ekarjala.fi\\\/valijoki\\\/#organization\",\"name\":\"V\u00e4lijoki\",\"url\":\"https:\\\/\\\/kylat.ekarjala.fi\\\/valijoki\\\/\",\"logo\":{\"@type\":\"ImageObject\",\"inLanguage\":\"fi\",\"@id\":\"https:\\\/\\\/kylat.ekarjala.fi\\\/valijoki\\\/#\\\/schema\\\/logo\\\/image\\\/\",\"url\":\"https:\\\/\\\/kylat.ekarjala.fi\\\/valijoki\\\/wp-content\\\/uploads\\\/sites\\\/19\\\/2018\\\/01\\\/RIENTO_keltaisella_RGB.jpg\",\"contentUrl\":\"https:\\\/\\\/kylat.ekarjala.fi\\\/valijoki\\\/wp-content\\\/uploads\\\/sites\\\/19\\\/2018\\\/01\\\/RIENTO_keltaisella_RGB.jpg\",\"width\":1178,\"height\":758,\"caption\":\"V\u00e4lijoki\"},\"image\":{\"@id\":\"https:\\\/\\\/kylat.ekarjala.fi\\\/valijoki\\\/#\\\/schema\\\/logo\\\/image\\\/\"},\"sameAs\":[\"https:\\\/\\\/www.facebook.com\\\/ValijoenNuorisoseuraRientoRy\\\/?locale=fi_FI\",\"https:\\\/\\\/www.instagram.com\\\/valijoenriento\\\/\"]}]}<\/script>\n<!-- \/ Yoast SEO plugin. -->","yoast_head_json":{"title":"2015, Viimeiset mohikaanit - V\u00e4lijoki","robots":{"index":"index","follow":"follow","max-snippet":"max-snippet:-1","max-image-preview":"max-image-preview:large","max-video-preview":"max-video-preview:-1"},"canonical":"https:\/\/kylat.ekarjala.fi\/valijoki\/mannisto-ja-valijoen-parketti\/kuvagalleria\/viimeiset-mohikaanit\/","og_locale":"fi_FI","og_type":"article","og_title":"2015, Viimeiset mohikaanit - V\u00e4lijoki","og_description":"&nbsp; &nbsp;","og_url":"https:\/\/kylat.ekarjala.fi\/valijoki\/mannisto-ja-valijoen-parketti\/kuvagalleria\/viimeiset-mohikaanit\/","og_site_name":"V\u00e4lijoki","article_publisher":"https:\/\/www.facebook.com\/ValijoenNuorisoseuraRientoRy\/?locale=fi_FI","article_modified_time":"2025-07-23T19:47:12+00:00","og_image":[{"width":1000,"height":666,"url":"https:\/\/kylat.ekarjala.fi\/valijoki\/wp-content\/uploads\/sites\/19\/2014\/09\/mohikaanit-harjkuva4.jpg","type":"image\/jpeg"}],"twitter_card":"summary_large_image","twitter_misc":{"Arvioitu lukuaika":"2 minuuttia"},"schema":{"@context":"https:\/\/schema.org","@graph":[{"@type":"WebPage","@id":"https:\/\/kylat.ekarjala.fi\/valijoki\/mannisto-ja-valijoen-parketti\/kuvagalleria\/viimeiset-mohikaanit\/","url":"https:\/\/kylat.ekarjala.fi\/valijoki\/mannisto-ja-valijoen-parketti\/kuvagalleria\/viimeiset-mohikaanit\/","name":"2015, Viimeiset mohikaanit - V\u00e4lijoki","isPartOf":{"@id":"https:\/\/kylat.ekarjala.fi\/valijoki\/#website"},"primaryImageOfPage":{"@id":"https:\/\/kylat.ekarjala.fi\/valijoki\/mannisto-ja-valijoen-parketti\/kuvagalleria\/viimeiset-mohikaanit\/#primaryimage"},"image":{"@id":"https:\/\/kylat.ekarjala.fi\/valijoki\/mannisto-ja-valijoen-parketti\/kuvagalleria\/viimeiset-mohikaanit\/#primaryimage"},"thumbnailUrl":"https:\/\/kylat.ekarjala.fi\/valijoki\/wp-content\/uploads\/sites\/19\/2014\/09\/mohikaanit-harjkuva4-300x200.jpg","datePublished":"2015-05-04T08:26:54+00:00","dateModified":"2025-07-23T19:47:12+00:00","breadcrumb":{"@id":"https:\/\/kylat.ekarjala.fi\/valijoki\/mannisto-ja-valijoen-parketti\/kuvagalleria\/viimeiset-mohikaanit\/#breadcrumb"},"inLanguage":"fi","potentialAction":[{"@type":"ReadAction","target":["https:\/\/kylat.ekarjala.fi\/valijoki\/mannisto-ja-valijoen-parketti\/kuvagalleria\/viimeiset-mohikaanit\/"]}]},{"@type":"ImageObject","inLanguage":"fi","@id":"https:\/\/kylat.ekarjala.fi\/valijoki\/mannisto-ja-valijoen-parketti\/kuvagalleria\/viimeiset-mohikaanit\/#primaryimage","url":"https:\/\/kylat.ekarjala.fi\/valijoki\/wp-content\/uploads\/sites\/19\/2014\/09\/mohikaanit-harjkuva4.jpg","contentUrl":"https:\/\/kylat.ekarjala.fi\/valijoki\/wp-content\/uploads\/sites\/19\/2014\/09\/mohikaanit-harjkuva4.jpg","width":1000,"height":666},{"@type":"BreadcrumbList","@id":"https:\/\/kylat.ekarjala.fi\/valijoki\/mannisto-ja-valijoen-parketti\/kuvagalleria\/viimeiset-mohikaanit\/#breadcrumb","itemListElement":[{"@type":"ListItem","position":1,"name":"Etusivu","item":"https:\/\/kylat.ekarjala.fi\/valijoki\/"},{"@type":"ListItem","position":2,"name":"M\u00e4nnist\u00f6 ja V\u00e4lijoen lava","item":"https:\/\/kylat.ekarjala.fi\/valijoki\/mannisto-ja-valijoen-parketti\/"},{"@type":"ListItem","position":3,"name":"Kuvagalleria","item":"https:\/\/kylat.ekarjala.fi\/valijoki\/mannisto-ja-valijoen-parketti\/kuvagalleria\/"},{"@type":"ListItem","position":4,"name":"2015, Viimeiset mohikaanit"}]},{"@type":"WebSite","@id":"https:\/\/kylat.ekarjala.fi\/valijoki\/#website","url":"https:\/\/kylat.ekarjala.fi\/valijoki\/","name":"V\u00e4lijoki","description":"Uusi Etel\u00e4-Karjalan kyl\u00e4sivustot -sivusto","publisher":{"@id":"https:\/\/kylat.ekarjala.fi\/valijoki\/#organization"},"potentialAction":[{"@type":"SearchAction","target":{"@type":"EntryPoint","urlTemplate":"https:\/\/kylat.ekarjala.fi\/valijoki\/?s={search_term_string}"},"query-input":{"@type":"PropertyValueSpecification","valueRequired":true,"valueName":"search_term_string"}}],"inLanguage":"fi"},{"@type":"Organization","@id":"https:\/\/kylat.ekarjala.fi\/valijoki\/#organization","name":"V\u00e4lijoki","url":"https:\/\/kylat.ekarjala.fi\/valijoki\/","logo":{"@type":"ImageObject","inLanguage":"fi","@id":"https:\/\/kylat.ekarjala.fi\/valijoki\/#\/schema\/logo\/image\/","url":"https:\/\/kylat.ekarjala.fi\/valijoki\/wp-content\/uploads\/sites\/19\/2018\/01\/RIENTO_keltaisella_RGB.jpg","contentUrl":"https:\/\/kylat.ekarjala.fi\/valijoki\/wp-content\/uploads\/sites\/19\/2018\/01\/RIENTO_keltaisella_RGB.jpg","width":1178,"height":758,"caption":"V\u00e4lijoki"},"image":{"@id":"https:\/\/kylat.ekarjala.fi\/valijoki\/#\/schema\/logo\/image\/"},"sameAs":["https:\/\/www.facebook.com\/ValijoenNuorisoseuraRientoRy\/?locale=fi_FI","https:\/\/www.instagram.com\/valijoenriento\/"]}]}},"_links":{"self":[{"href":"https:\/\/kylat.ekarjala.fi\/valijoki\/wp-json\/wp\/v2\/pages\/324","targetHints":{"allow":["GET"]}}],"collection":[{"href":"https:\/\/kylat.ekarjala.fi\/valijoki\/wp-json\/wp\/v2\/pages"}],"about":[{"href":"https:\/\/kylat.ekarjala.fi\/valijoki\/wp-json\/wp\/v2\/types\/page"}],"author":[{"embeddable":true,"href":"https:\/\/kylat.ekarjala.fi\/valijoki\/wp-json\/wp\/v2\/users\/31"}],"replies":[{"embeddable":true,"href":"https:\/\/kylat.ekarjala.fi\/valijoki\/wp-json\/wp\/v2\/comments?post=324"}],"version-history":[{"count":3,"href":"https:\/\/kylat.ekarjala.fi\/valijoki\/wp-json\/wp\/v2\/pages\/324\/revisions"}],"predecessor-version":[{"id":765,"href":"https:\/\/kylat.ekarjala.fi\/valijoki\/wp-json\/wp\/v2\/pages\/324\/revisions\/765"}],"up":[{"embeddable":true,"href":"https:\/\/kylat.ekarjala.fi\/valijoki\/wp-json\/wp\/v2\/pages\/315"}],"wp:attachment":[{"href":"https:\/\/kylat.ekarjala.fi\/valijoki\/wp-json\/wp\/v2\/media?parent=324"}],"curies":[{"name":"wp","href":"https:\/\/api.w.org\/{rel}","templated":true}]}}