{"id":358,"date":"2017-03-21T18:36:48","date_gmt":"2017-03-21T19:06:48","guid":{"rendered":"https:\/\/kylat.ekarjala.fi\/valijoki\/?page_id=358"},"modified":"2018-06-19T04:50:34","modified_gmt":"2018-06-19T05:20:34","slug":"valijoen-parketin-entiset-nuoret","status":"publish","type":"page","link":"https:\/\/kylat.ekarjala.fi\/valijoki\/valijoen-parketin-entiset-nuoret\/","title":{"rendered":"V\u00c4LIJOEN PARKETIN ENTISET NUORET"},"content":{"rendered":"<p><b>V\u00e4lijoen Parketti 2017.<\/b><\/p>\n<p>V\u00e4lijoen Parketin uusi tuleminen n\u00e4ytt\u00e4\u00e4 hyvin todenn\u00e4k\u00f6iselt\u00e4.<\/p>\n<p>Hieno asia!\u00a0<img decoding=\"async\" class=\"CToWUd\" src=\"https:\/\/mail.google.com\/mail\/e\/1f60a\" alt=\"&#x1f60a;\" \/><\/p>\n<p>Sunnuntaina 21.5.2017 Parketin lattian l\u00f6ysi useat sadat seutukunnan\u00a0tanssin harrastajat.<\/p>\n<p>S\u00e4\u00e4 suosi lavakauden avajaisia ja\u00a0tanssien j\u00e4rjestelyt toimivat loistavasti.<\/p>\n<p>My\u00f6s V\u00e4lijoen Parketin entisille nuorille kutsu tansseihin oli levinnyt laajasti koko kaakonkulmalla.<\/p>\n<p>Oli varmasti hyvin monelle mukava tilaisuus tavata tuttavia, yst\u00e4vi\u00e4 ja kenties entisi\u00e4 tytt\u00f6\/poikayst\u00e4vi\u00e4kin.<\/p>\n<p>Monella saattoi olla vaikeata vaan muistaa\/tunnistaa vuosikymmeniekin takaa tuttuja.<\/p>\n<p>Juttua riitti koko illaksi, muisteltiin aikoja jolloin oltiin itse j\u00e4rjest\u00e4m\u00e4ss\u00e4 tansseja. Tavataan varmaan kes\u00e4n aikana\u00a0uudelleenkin Parketin ja miksei muissakin puitteisssa.<\/p>\n<p>Tanssihan jatkuvat koko kes\u00e4n.<\/p>\n<p>jk. Mahdolliseen tulevaan muuhun toimintaan otetaan vinkkej\u00e4 vastaan.<\/p>\n<p>Yhteiseen valokuvaan saatiin viitisenkymment\u00e4 entist\u00e4\u00a0nuorta.<\/p>\n<p>Kiitos Parketin entiset nuoret, ett\u00e4 olitte mukana.<\/p>\n<p>Kari Lapatto<\/p>\n<p><a href=\"https:\/\/kylat.ekarjala.fi\/valijoki\/wp-content\/uploads\/sites\/19\/2017\/03\/20170521_175045.jpg\"><img fetchpriority=\"high\" decoding=\"async\" class=\"aligncenter size-medium wp-image-389\" src=\"https:\/\/kylat.ekarjala.fi\/valijoki\/wp-content\/uploads\/sites\/19\/2017\/03\/20170521_175045-300x169.jpg\" alt=\"\" width=\"300\" height=\"169\" srcset=\"https:\/\/kylat.ekarjala.fi\/valijoki\/wp-content\/uploads\/sites\/19\/2017\/03\/20170521_175045-300x169.jpg 300w, https:\/\/kylat.ekarjala.fi\/valijoki\/wp-content\/uploads\/sites\/19\/2017\/03\/20170521_175045-768x432.jpg 768w, https:\/\/kylat.ekarjala.fi\/valijoki\/wp-content\/uploads\/sites\/19\/2017\/03\/20170521_175045-1024x576.jpg 1024w\" sizes=\"(max-width: 300px) 100vw, 300px\" \/><\/a><\/p>\n<p>&nbsp;<\/p>\n<p>&nbsp;<\/p>\n<p><strong>Nyt kootaan niit\u00e4 henkil\u00f6it\u00e4 jossain muodossa yhteen, jotka ovat olleet 60-80 luvulla py\u00f6ritt\u00e4m\u00e4ss\u00e4 V\u00e4lijoen Parketin lavatoimintaa talkoohengess\u00e4.<\/strong><\/p>\n<p>T\u00e4m\u00e4 sakki tosiaan kokoontui ensimm\u00e4ist\u00e4 kertaa lauantaina 11.3. Satun Makioilla Taavetissa kahvikupin \u00e4\u00e4ress\u00e4.<\/p>\n<p>Tapahtumaan oli kutsuttu n.30 henkil\u00f6\u00e4 joista paikalle saapui 22 mieshenkil\u00f6\u00e4. Mik\u00e4 oli kutsujien mielest\u00e4 erinomaisen hieno juttu.<\/p>\n<p>Kaikkia ket\u00e4 asia koskettaa oli mahdottomuus kutsua, mutta nyt toivomme tiedon levi\u00e4v\u00e4n eteenp\u00e4in. Erityisesti haluamme ett\u00e4 V\u00e4lijoen Parketin tyt\u00f6tkin tulisivat mukaan.<\/p>\n<p>Tapahtuman aikana ainakin muisteltiin eri tapahtumia kymmenien vuosien takaa, todettiin ett\u00e4 l\u00e4hes kaikki ovat siirtyneet pois ty\u00f6el\u00e4m\u00e4st\u00e4, muuttaneet kenties paikkakuntaakin tai siirtyneet ajasta ikuisuuteen.<\/p>\n<p>Seuraava yhteisesti sovittu tapaaminen on sovittu sunnuntaina <strong>21.5.2017 klo 17:00 V\u00e4lijoen Parketilla jossa on tanssit Saija Tuupasen<\/strong> tahdittamana.<\/p>\n<p>Kokoonnutaan pari tuntia ennen tanssien alkua kahvittelemaan ja rupattelemaan my\u00f6s tanssien uuden j\u00e4rjest\u00e4j\u00e4n kanssa.<\/p>\n<p>Toivotaan ett\u00e4 t\u00e4m\u00e4 tieto levi\u00e4\u00e4 mahdollisimman paljon <strong>kaikille Parketin entisille nuorille<\/strong><\/p>\n<p>Yhteyshenkil\u00f6n\u00e4 toimivat:<\/p>\n<p>Ilpo Lapatto<\/p>\n<p>0500573892<\/p>\n<p><a href=\"mailto:mesemies@gmail.com\">mesemies@gmail.com<\/a><\/p>\n<p>&nbsp;<\/p>\n<p>Kari Lapatto<\/p>\n<p>0442446004<\/p>\n<p><a href=\"mailto:kari.lapatto@outlook.com\">kari.lapatto@outlook.com<\/a><\/p>\n<p>&nbsp;<\/p>\n","protected":false},"excerpt":{"rendered":"<p>V\u00e4lijoen Parketti 2017. V\u00e4lijoen Parketin uusi tuleminen n\u00e4ytt\u00e4\u00e4 hyvin todenn\u00e4k\u00f6iselt\u00e4. Hieno asia!\u00a0 Sunnuntaina 21.5.2017 Parketin lattian l\u00f6ysi useat sadat seutukunnan\u00a0tanssin harrastajat. S\u00e4\u00e4 suosi lavakauden avajaisia ja\u00a0tanssien j\u00e4rjestelyt toimivat loistavasti. My\u00f6s V\u00e4lijoen Parketin entisille nuorille kutsu tansseihin oli levinnyt laajasti koko &hellip; <a href=\"https:\/\/kylat.ekarjala.fi\/valijoki\/valijoen-parketin-entiset-nuoret\/\">Continue reading <span class=\"meta-nav\">&rarr;<\/span><\/a><\/p>\n","protected":false},"author":31,"featured_media":0,"parent":0,"menu_order":0,"comment_status":"closed","ping_status":"closed","template":"","meta":{"footnotes":""},"class_list":["post-358","page","type-page","status-publish","hentry"],"yoast_head":"<!-- This site is optimized with the Yoast SEO plugin v27.3 - https:\/\/yoast.com\/product\/yoast-seo-wordpress\/ -->\n<title>V\u00c4LIJOEN PARKETIN ENTISET NUORET - V\u00e4lijoki<\/title>\n<meta name=\"robots\" content=\"index, follow, max-snippet:-1, max-image-preview:large, max-video-preview:-1\" \/>\n<link rel=\"canonical\" href=\"https:\/\/kylat.ekarjala.fi\/valijoki\/valijoen-parketin-entiset-nuoret\/\" \/>\n<meta property=\"og:locale\" content=\"fi_FI\" \/>\n<meta property=\"og:type\" content=\"article\" \/>\n<meta property=\"og:title\" content=\"V\u00c4LIJOEN PARKETIN ENTISET NUORET - V\u00e4lijoki\" \/>\n<meta property=\"og:description\" content=\"V\u00e4lijoen Parketti 2017. V\u00e4lijoen Parketin uusi tuleminen n\u00e4ytt\u00e4\u00e4 hyvin todenn\u00e4k\u00f6iselt\u00e4. Hieno asia!\u00a0 Sunnuntaina 21.5.2017 Parketin lattian l\u00f6ysi useat sadat seutukunnan\u00a0tanssin harrastajat. S\u00e4\u00e4 suosi lavakauden avajaisia ja\u00a0tanssien j\u00e4rjestelyt toimivat loistavasti. My\u00f6s V\u00e4lijoen Parketin entisille nuorille kutsu tansseihin oli levinnyt laajasti koko &hellip; Continue reading &rarr;\" \/>\n<meta property=\"og:url\" content=\"https:\/\/kylat.ekarjala.fi\/valijoki\/valijoen-parketin-entiset-nuoret\/\" \/>\n<meta property=\"og:site_name\" content=\"V\u00e4lijoki\" \/>\n<meta property=\"article:publisher\" content=\"https:\/\/www.facebook.com\/ValijoenNuorisoseuraRientoRy\/?locale=fi_FI\" \/>\n<meta property=\"article:modified_time\" content=\"2018-06-19T05:20:34+00:00\" \/>\n<meta property=\"og:image\" content=\"https:\/\/mail.google.com\/mail\/e\/1f60a\" \/>\n<meta name=\"twitter:card\" content=\"summary_large_image\" \/>\n<meta name=\"twitter:label1\" content=\"Arvioitu lukuaika\" \/>\n\t<meta name=\"twitter:data1\" content=\"2 minuuttia\" \/>\n<script type=\"application\/ld+json\" class=\"yoast-schema-graph\">{\"@context\":\"https:\\\/\\\/schema.org\",\"@graph\":[{\"@type\":\"WebPage\",\"@id\":\"https:\\\/\\\/kylat.ekarjala.fi\\\/valijoki\\\/valijoen-parketin-entiset-nuoret\\\/\",\"url\":\"https:\\\/\\\/kylat.ekarjala.fi\\\/valijoki\\\/valijoen-parketin-entiset-nuoret\\\/\",\"name\":\"V\u00c4LIJOEN PARKETIN ENTISET NUORET - V\u00e4lijoki\",\"isPartOf\":{\"@id\":\"https:\\\/\\\/kylat.ekarjala.fi\\\/valijoki\\\/#website\"},\"primaryImageOfPage\":{\"@id\":\"https:\\\/\\\/kylat.ekarjala.fi\\\/valijoki\\\/valijoen-parketin-entiset-nuoret\\\/#primaryimage\"},\"image\":{\"@id\":\"https:\\\/\\\/kylat.ekarjala.fi\\\/valijoki\\\/valijoen-parketin-entiset-nuoret\\\/#primaryimage\"},\"thumbnailUrl\":\"https:\\\/\\\/mail.google.com\\\/mail\\\/e\\\/1f60a\",\"datePublished\":\"2017-03-21T19:06:48+00:00\",\"dateModified\":\"2018-06-19T05:20:34+00:00\",\"breadcrumb\":{\"@id\":\"https:\\\/\\\/kylat.ekarjala.fi\\\/valijoki\\\/valijoen-parketin-entiset-nuoret\\\/#breadcrumb\"},\"inLanguage\":\"fi\",\"potentialAction\":[{\"@type\":\"ReadAction\",\"target\":[\"https:\\\/\\\/kylat.ekarjala.fi\\\/valijoki\\\/valijoen-parketin-entiset-nuoret\\\/\"]}]},{\"@type\":\"ImageObject\",\"inLanguage\":\"fi\",\"@id\":\"https:\\\/\\\/kylat.ekarjala.fi\\\/valijoki\\\/valijoen-parketin-entiset-nuoret\\\/#primaryimage\",\"url\":\"https:\\\/\\\/mail.google.com\\\/mail\\\/e\\\/1f60a\",\"contentUrl\":\"https:\\\/\\\/mail.google.com\\\/mail\\\/e\\\/1f60a\"},{\"@type\":\"BreadcrumbList\",\"@id\":\"https:\\\/\\\/kylat.ekarjala.fi\\\/valijoki\\\/valijoen-parketin-entiset-nuoret\\\/#breadcrumb\",\"itemListElement\":[{\"@type\":\"ListItem\",\"position\":1,\"name\":\"Etusivu\",\"item\":\"https:\\\/\\\/kylat.ekarjala.fi\\\/valijoki\\\/\"},{\"@type\":\"ListItem\",\"position\":2,\"name\":\"V\u00c4LIJOEN PARKETIN ENTISET NUORET\"}]},{\"@type\":\"WebSite\",\"@id\":\"https:\\\/\\\/kylat.ekarjala.fi\\\/valijoki\\\/#website\",\"url\":\"https:\\\/\\\/kylat.ekarjala.fi\\\/valijoki\\\/\",\"name\":\"V\u00e4lijoki\",\"description\":\"Uusi Etel\u00e4-Karjalan kyl\u00e4sivustot -sivusto\",\"publisher\":{\"@id\":\"https:\\\/\\\/kylat.ekarjala.fi\\\/valijoki\\\/#organization\"},\"potentialAction\":[{\"@type\":\"SearchAction\",\"target\":{\"@type\":\"EntryPoint\",\"urlTemplate\":\"https:\\\/\\\/kylat.ekarjala.fi\\\/valijoki\\\/?s={search_term_string}\"},\"query-input\":{\"@type\":\"PropertyValueSpecification\",\"valueRequired\":true,\"valueName\":\"search_term_string\"}}],\"inLanguage\":\"fi\"},{\"@type\":\"Organization\",\"@id\":\"https:\\\/\\\/kylat.ekarjala.fi\\\/valijoki\\\/#organization\",\"name\":\"V\u00e4lijoki\",\"url\":\"https:\\\/\\\/kylat.ekarjala.fi\\\/valijoki\\\/\",\"logo\":{\"@type\":\"ImageObject\",\"inLanguage\":\"fi\",\"@id\":\"https:\\\/\\\/kylat.ekarjala.fi\\\/valijoki\\\/#\\\/schema\\\/logo\\\/image\\\/\",\"url\":\"https:\\\/\\\/kylat.ekarjala.fi\\\/valijoki\\\/wp-content\\\/uploads\\\/sites\\\/19\\\/2018\\\/01\\\/RIENTO_keltaisella_RGB.jpg\",\"contentUrl\":\"https:\\\/\\\/kylat.ekarjala.fi\\\/valijoki\\\/wp-content\\\/uploads\\\/sites\\\/19\\\/2018\\\/01\\\/RIENTO_keltaisella_RGB.jpg\",\"width\":1178,\"height\":758,\"caption\":\"V\u00e4lijoki\"},\"image\":{\"@id\":\"https:\\\/\\\/kylat.ekarjala.fi\\\/valijoki\\\/#\\\/schema\\\/logo\\\/image\\\/\"},\"sameAs\":[\"https:\\\/\\\/www.facebook.com\\\/ValijoenNuorisoseuraRientoRy\\\/?locale=fi_FI\",\"https:\\\/\\\/www.instagram.com\\\/valijoenriento\\\/\"]}]}<\/script>\n<!-- \/ Yoast SEO plugin. -->","yoast_head_json":{"title":"V\u00c4LIJOEN PARKETIN ENTISET NUORET - V\u00e4lijoki","robots":{"index":"index","follow":"follow","max-snippet":"max-snippet:-1","max-image-preview":"max-image-preview:large","max-video-preview":"max-video-preview:-1"},"canonical":"https:\/\/kylat.ekarjala.fi\/valijoki\/valijoen-parketin-entiset-nuoret\/","og_locale":"fi_FI","og_type":"article","og_title":"V\u00c4LIJOEN PARKETIN ENTISET NUORET - V\u00e4lijoki","og_description":"V\u00e4lijoen Parketti 2017. V\u00e4lijoen Parketin uusi tuleminen n\u00e4ytt\u00e4\u00e4 hyvin todenn\u00e4k\u00f6iselt\u00e4. Hieno asia!\u00a0 Sunnuntaina 21.5.2017 Parketin lattian l\u00f6ysi useat sadat seutukunnan\u00a0tanssin harrastajat. S\u00e4\u00e4 suosi lavakauden avajaisia ja\u00a0tanssien j\u00e4rjestelyt toimivat loistavasti. My\u00f6s V\u00e4lijoen Parketin entisille nuorille kutsu tansseihin oli levinnyt laajasti koko &hellip; Continue reading &rarr;","og_url":"https:\/\/kylat.ekarjala.fi\/valijoki\/valijoen-parketin-entiset-nuoret\/","og_site_name":"V\u00e4lijoki","article_publisher":"https:\/\/www.facebook.com\/ValijoenNuorisoseuraRientoRy\/?locale=fi_FI","article_modified_time":"2018-06-19T05:20:34+00:00","og_image":[{"url":"https:\/\/mail.google.com\/mail\/e\/1f60a","type":"","width":"","height":""}],"twitter_card":"summary_large_image","twitter_misc":{"Arvioitu lukuaika":"2 minuuttia"},"schema":{"@context":"https:\/\/schema.org","@graph":[{"@type":"WebPage","@id":"https:\/\/kylat.ekarjala.fi\/valijoki\/valijoen-parketin-entiset-nuoret\/","url":"https:\/\/kylat.ekarjala.fi\/valijoki\/valijoen-parketin-entiset-nuoret\/","name":"V\u00c4LIJOEN PARKETIN ENTISET NUORET - V\u00e4lijoki","isPartOf":{"@id":"https:\/\/kylat.ekarjala.fi\/valijoki\/#website"},"primaryImageOfPage":{"@id":"https:\/\/kylat.ekarjala.fi\/valijoki\/valijoen-parketin-entiset-nuoret\/#primaryimage"},"image":{"@id":"https:\/\/kylat.ekarjala.fi\/valijoki\/valijoen-parketin-entiset-nuoret\/#primaryimage"},"thumbnailUrl":"https:\/\/mail.google.com\/mail\/e\/1f60a","datePublished":"2017-03-21T19:06:48+00:00","dateModified":"2018-06-19T05:20:34+00:00","breadcrumb":{"@id":"https:\/\/kylat.ekarjala.fi\/valijoki\/valijoen-parketin-entiset-nuoret\/#breadcrumb"},"inLanguage":"fi","potentialAction":[{"@type":"ReadAction","target":["https:\/\/kylat.ekarjala.fi\/valijoki\/valijoen-parketin-entiset-nuoret\/"]}]},{"@type":"ImageObject","inLanguage":"fi","@id":"https:\/\/kylat.ekarjala.fi\/valijoki\/valijoen-parketin-entiset-nuoret\/#primaryimage","url":"https:\/\/mail.google.com\/mail\/e\/1f60a","contentUrl":"https:\/\/mail.google.com\/mail\/e\/1f60a"},{"@type":"BreadcrumbList","@id":"https:\/\/kylat.ekarjala.fi\/valijoki\/valijoen-parketin-entiset-nuoret\/#breadcrumb","itemListElement":[{"@type":"ListItem","position":1,"name":"Etusivu","item":"https:\/\/kylat.ekarjala.fi\/valijoki\/"},{"@type":"ListItem","position":2,"name":"V\u00c4LIJOEN PARKETIN ENTISET NUORET"}]},{"@type":"WebSite","@id":"https:\/\/kylat.ekarjala.fi\/valijoki\/#website","url":"https:\/\/kylat.ekarjala.fi\/valijoki\/","name":"V\u00e4lijoki","description":"Uusi Etel\u00e4-Karjalan kyl\u00e4sivustot -sivusto","publisher":{"@id":"https:\/\/kylat.ekarjala.fi\/valijoki\/#organization"},"potentialAction":[{"@type":"SearchAction","target":{"@type":"EntryPoint","urlTemplate":"https:\/\/kylat.ekarjala.fi\/valijoki\/?s={search_term_string}"},"query-input":{"@type":"PropertyValueSpecification","valueRequired":true,"valueName":"search_term_string"}}],"inLanguage":"fi"},{"@type":"Organization","@id":"https:\/\/kylat.ekarjala.fi\/valijoki\/#organization","name":"V\u00e4lijoki","url":"https:\/\/kylat.ekarjala.fi\/valijoki\/","logo":{"@type":"ImageObject","inLanguage":"fi","@id":"https:\/\/kylat.ekarjala.fi\/valijoki\/#\/schema\/logo\/image\/","url":"https:\/\/kylat.ekarjala.fi\/valijoki\/wp-content\/uploads\/sites\/19\/2018\/01\/RIENTO_keltaisella_RGB.jpg","contentUrl":"https:\/\/kylat.ekarjala.fi\/valijoki\/wp-content\/uploads\/sites\/19\/2018\/01\/RIENTO_keltaisella_RGB.jpg","width":1178,"height":758,"caption":"V\u00e4lijoki"},"image":{"@id":"https:\/\/kylat.ekarjala.fi\/valijoki\/#\/schema\/logo\/image\/"},"sameAs":["https:\/\/www.facebook.com\/ValijoenNuorisoseuraRientoRy\/?locale=fi_FI","https:\/\/www.instagram.com\/valijoenriento\/"]}]}},"_links":{"self":[{"href":"https:\/\/kylat.ekarjala.fi\/valijoki\/wp-json\/wp\/v2\/pages\/358","targetHints":{"allow":["GET"]}}],"collection":[{"href":"https:\/\/kylat.ekarjala.fi\/valijoki\/wp-json\/wp\/v2\/pages"}],"about":[{"href":"https:\/\/kylat.ekarjala.fi\/valijoki\/wp-json\/wp\/v2\/types\/page"}],"author":[{"embeddable":true,"href":"https:\/\/kylat.ekarjala.fi\/valijoki\/wp-json\/wp\/v2\/users\/31"}],"replies":[{"embeddable":true,"href":"https:\/\/kylat.ekarjala.fi\/valijoki\/wp-json\/wp\/v2\/comments?post=358"}],"version-history":[{"count":5,"href":"https:\/\/kylat.ekarjala.fi\/valijoki\/wp-json\/wp\/v2\/pages\/358\/revisions"}],"predecessor-version":[{"id":468,"href":"https:\/\/kylat.ekarjala.fi\/valijoki\/wp-json\/wp\/v2\/pages\/358\/revisions\/468"}],"wp:attachment":[{"href":"https:\/\/kylat.ekarjala.fi\/valijoki\/wp-json\/wp\/v2\/media?parent=358"}],"curies":[{"name":"wp","href":"https:\/\/api.w.org\/{rel}","templated":true}]}}