{"id":399,"date":"2017-07-04T20:07:14","date_gmt":"2017-07-04T20:37:14","guid":{"rendered":"https:\/\/kylat.ekarjala.fi\/valijoki\/?page_id=399"},"modified":"2026-04-11T18:46:02","modified_gmt":"2026-04-11T19:16:02","slug":"kesateatteri","status":"publish","type":"page","link":"https:\/\/kylat.ekarjala.fi\/valijoki\/kesateatteri\/","title":{"rendered":"Kes\u00e4teatteri"},"content":{"rendered":"\n<p class=\"has-text-align-center has-small-font-size\" style=\"font-style:normal;font-weight:500\"><\/p>\n\n\n\n<p class=\"has-text-align-center has-vivid-cyan-blue-color has-text-color has-link-color has-large-font-size wp-elements-dba70396466b7e235ca75cc203c62191\">Kes\u00e4teatteri 2026<\/p>\n\n\n\n<figure class=\"wp-block-image size-large\"><a href=\"https:\/\/kylat.ekarjala.fi\/valijoki\/wp-content\/uploads\/sites\/19\/2026\/04\/IMG-20260327-WA0001.jpg\"><img fetchpriority=\"high\" decoding=\"async\" width=\"819\" height=\"1024\" src=\"https:\/\/kylat.ekarjala.fi\/valijoki\/wp-content\/uploads\/sites\/19\/2026\/04\/IMG-20260327-WA0001-819x1024.jpg\" alt=\"\" class=\"wp-image-942\" srcset=\"https:\/\/kylat.ekarjala.fi\/valijoki\/wp-content\/uploads\/sites\/19\/2026\/04\/IMG-20260327-WA0001-819x1024.jpg 819w, https:\/\/kylat.ekarjala.fi\/valijoki\/wp-content\/uploads\/sites\/19\/2026\/04\/IMG-20260327-WA0001-240x300.jpg 240w, https:\/\/kylat.ekarjala.fi\/valijoki\/wp-content\/uploads\/sites\/19\/2026\/04\/IMG-20260327-WA0001-768x960.jpg 768w, https:\/\/kylat.ekarjala.fi\/valijoki\/wp-content\/uploads\/sites\/19\/2026\/04\/IMG-20260327-WA0001-640x800.jpg 640w, https:\/\/kylat.ekarjala.fi\/valijoki\/wp-content\/uploads\/sites\/19\/2026\/04\/IMG-20260327-WA0001.jpg 1080w\" sizes=\"(max-width: 819px) 100vw, 819px\" \/><\/a><\/figure>\n\n\n\n<p class=\"has-text-align-center has-vivid-cyan-blue-color has-text-color has-link-color has-medium-font-size wp-elements-719a934a758c9e36fe76a4e20ba09985\">Kes\u00e4ll\u00e4 2026 p\u00e4\u00e4semme nauttimaan komediasta &#8221;Haluatko m\u00f6kkil\u00e4iseksi&#8221;.<\/p>\n\n\n\n<p>Teatteriryhm\u00e4 ja yleis\u00f6 ovat turvassa sateelta ja paisteelta, sill\u00e4 n\u00e4yt\u00f6kset esitet\u00e4\u00e4n t\u00e4n\u00e4 vuonna legendaarisella V\u00e4lijoen lavalla.<\/p>\n\n\n\n<p>K\u00e4sikirjoittaja Roope Lipasti pohjaa hulvattomassa teoksessaan aitoihin kes\u00e4m\u00f6kkikokemuksiin, ja katsojat p\u00e4\u00e4sev\u00e4t mukaan Eijan ja Pertin koitokseen.<\/p>\n\n\n\n<p>Aivan tavallinen pariskunta voittaa Haluatko m\u00f6kkil\u00e4iseksi -visailusta p\u00e4\u00e4palkinnon, suomalaisen kes\u00e4m\u00f6kin ja idyllin. Saadakseen m\u00f6kin omakseen, heid\u00e4n on pystytt\u00e4v\u00e4 viett\u00e4m\u00e4\u00e4n koko kes\u00e4 m\u00f6kill\u00e4, ja tietokilpailun tekij\u00e4t j\u00e4rjest\u00e4v\u00e4t tietysti arvaamattomia kapuloita rattaisiin. Parisuhteellekin saadaan uusi nousu, kun naapurin rikas herra ja t\u00e4m\u00e4n Unelma-vaimo osallistuvat kes\u00e4coctailin sekoitukseen. T\u00e4ss\u00e4 komediassa kaikki ei todellakaan mene niin kuin Str\u00f6ms\u00f6ss\u00e4.<\/p>\n\n\n\n<p><em>&#8221;Jokaisella suomalaisella on k\u00e4sitys kesm\u00e4kkiel\u00e4m\u00e4st\u00e4 ja t\u00e4m\u00e4 on kauhukuva siit\u00e4, mit\u00e4 kes\u00e4 voi pahimmillaan olla. Yleis\u00f6 voi katsoa ja nauraa sille kohellukselle&#8221;<\/em>, luonnehtii ohjaaja <a href=\"https:\/\/kylat.ekarjala.fi\/valijoki\/kesateatteri\/takavuosien-kesateatteriesitykset\/kesateatteri-2025\/ohjaaja-sami-sivosen-esittely\/\">Sami Sivonen<\/a>.<\/p>\n\n\n\n<p class=\"has-text-align-center has-large-font-size\">.<\/p>\n\n\n\n<p><\/p>\n\n\n\n<h2 class=\"wp-block-heading has-vivid-cyan-blue-color has-text-color has-link-color wp-elements-54af0404a82065e263cfa0724c1f2181\">N\u00e4yt\u00f6kset<\/h2>\n\n\n\n<p class=\"has-medium-font-size\"><\/p>\n\n\n\n<figure class=\"wp-block-table\"><table class=\"has-black-color has-text-color has-background has-link-color has-fixed-layout\" style=\"background:linear-gradient(135deg,rgb(174,230,249) 0%,rgb(255,255,255) 100%)\"><thead><tr><th>Viikonp\u00e4iv\u00e4<\/th><th class=\"has-text-align-center\" data-align=\"center\">P\u00e4iv\u00e4m\u00e4\u00e4r\u00e4<\/th><th class=\"has-text-align-center\" data-align=\"center\">Kellonaika<\/th><\/tr><\/thead><tbody><tr><td><strong>Ensi-ilta, sunnuntai<\/strong><\/td><td class=\"has-text-align-center\" data-align=\"center\">28.6.2026<\/td><td class=\"has-text-align-center\" data-align=\"center\">15.00<\/td><\/tr><tr><td>Tiistai<\/td><td class=\"has-text-align-center\" data-align=\"center\">30.6.2026<\/td><td class=\"has-text-align-center\" data-align=\"center\">19.00<\/td><\/tr><tr><td>Keskiviikko<\/td><td class=\"has-text-align-center\" data-align=\"center\">1.7.2026<\/td><td class=\"has-text-align-center\" data-align=\"center\">19.00<\/td><\/tr><tr><td>Lauantai<\/td><td class=\"has-text-align-center\" data-align=\"center\">4.7.2026<\/td><td class=\"has-text-align-center\" data-align=\"center\">15.00<\/td><\/tr><tr><td>Sunnuntai<\/td><td class=\"has-text-align-center\" data-align=\"center\">5.7.2026<\/td><td class=\"has-text-align-center\" data-align=\"center\">15.00<\/td><\/tr><tr><td>Keskiviikko<\/td><td class=\"has-text-align-center\" data-align=\"center\">8.7.2026<\/td><td class=\"has-text-align-center\" data-align=\"center\">19.00<\/td><\/tr><tr><td>Torstai<\/td><td class=\"has-text-align-center\" data-align=\"center\">9.7.2026<\/td><td class=\"has-text-align-center\" data-align=\"center\">19.00<\/td><\/tr><tr><td>Sunnuntai<\/td><td class=\"has-text-align-center\" data-align=\"center\">12.7.2026<\/td><td class=\"has-text-align-center\" data-align=\"center\">15.00<\/td><\/tr><tr><td>Sunnuntai<\/td><td class=\"has-text-align-center\" data-align=\"center\">12.7.2026<\/td><td class=\"has-text-align-center\" data-align=\"center\">19.00<\/td><\/tr><\/tbody><\/table><\/figure>\n\n\n\n<p class=\"has-text-align-center has-large-font-size\">.<\/p>\n\n\n\n<p class=\"has-medium-font-size\"><\/p>\n\n\n\n<h2 class=\"wp-block-heading has-vivid-cyan-blue-color has-text-color has-link-color wp-elements-abbe4d840574ffee02c410f07fccaffa\">Liput<\/h2>\n\n\n\n<p>Liput tulevat myyntiin Nettilippu-palvelussa 20.4.2026 klo 9.00.<\/p>\n\n\n\n<p>Allaolevaan kuvaan tulee linkki esityksen lipunmyynnin sivuille sitten, kun lipunmyynti aukeaa.<\/p>\n\n\n\n<figure class=\"wp-block-image size-full\"><a href=\"https:\/\/kylat.ekarjala.fi\/valijoki\/wp-content\/uploads\/sites\/19\/2025\/05\/image-2.png\"><img decoding=\"async\" width=\"225\" height=\"60\" src=\"https:\/\/kylat.ekarjala.fi\/valijoki\/wp-content\/uploads\/sites\/19\/2025\/05\/image-2.png\" alt=\"Liput kes\u00e4teatteriin Nettilippu.fi-palvelusta\" class=\"wp-image-652\" \/><\/a><\/figure>\n\n\n\n<p>Lippuja voi ostaa my\u00f6s esitysp\u00e4iv\u00e4n\u00e4 paikan p\u00e4\u00e4lt\u00e4, lipunmyynnist\u00e4, joka aukeaa tuntia ennen esityst\u00e4. Maksuv\u00e4lineen\u00e4 k\u00e4y k\u00e4teinen, kortti ja ePassi.<\/p>\n\n\n\n<p class=\"has-text-align-center has-large-font-size\">.<\/p>\n\n\n\n<h2 class=\"wp-block-heading has-vivid-cyan-blue-color has-text-color has-link-color wp-elements-693b64f030881fcdd1cb912b799647ce\">Kes\u00e4teatterin sijainti ja saapuminen<\/h2>\n\n\n\n<div class=\"wp-block-cover\"><img decoding=\"async\" width=\"768\" height=\"1024\" class=\"wp-block-cover__image-background wp-image-935\" alt=\"\" src=\"https:\/\/kylat.ekarjala.fi\/valijoki\/wp-content\/uploads\/sites\/19\/2026\/04\/facebook_1775924400642_7448766817312936090-768x1024.jpg\" data-object-fit=\"cover\" srcset=\"https:\/\/kylat.ekarjala.fi\/valijoki\/wp-content\/uploads\/sites\/19\/2026\/04\/facebook_1775924400642_7448766817312936090-768x1024.jpg 768w, https:\/\/kylat.ekarjala.fi\/valijoki\/wp-content\/uploads\/sites\/19\/2026\/04\/facebook_1775924400642_7448766817312936090-225x300.jpg 225w, https:\/\/kylat.ekarjala.fi\/valijoki\/wp-content\/uploads\/sites\/19\/2026\/04\/facebook_1775924400642_7448766817312936090-1152x1536.jpg 1152w, https:\/\/kylat.ekarjala.fi\/valijoki\/wp-content\/uploads\/sites\/19\/2026\/04\/facebook_1775924400642_7448766817312936090-600x800.jpg 600w, https:\/\/kylat.ekarjala.fi\/valijoki\/wp-content\/uploads\/sites\/19\/2026\/04\/facebook_1775924400642_7448766817312936090.jpg 1200w\" sizes=\"(max-width: 768px) 100vw, 768px\" \/><span aria-hidden=\"true\" class=\"wp-block-cover__background has-background-dim\"><\/span><div class=\"wp-block-cover__inner-container is-layout-flow wp-block-cover-is-layout-flow\">\n<p class=\"has-text-align-center has-large-font-size\">Kes\u00e4teatterin osoite: V\u00e4lijoen tanssilava, M\u00e4nnist\u00f6ntie 2, 54750 V\u00e4lijoki, Savitaipale<\/p>\n\n\n\n<p><\/p>\n\n\n\n<p class=\"has-text-align-center has-large-font-size\">Omalla autolla tulijoille on varattu runsaasti parkkitilaa tanssilavan pys\u00e4k\u00f6intialueella, sek\u00e4 v\u00e4litt\u00f6m\u00e4ss\u00e4 l\u00e4heisyydess\u00e4 M\u00e4nnist\u00f6n pys\u00e4k\u00f6intialueella.<\/p>\n<\/div><\/div>\n\n\n\n<p><a href=\"https:\/\/www.google.com\/maps\/place\/M%C3%A4nnist%C3%B6ntie+2,+54750+Savitaipale\/@61.0703286,27.5708436,642m\/data=!3m2!1e3!4b1!4m6!3m5!1s0x4690f4435b705ca7:0xbd5d60097f82062f!8m2!3d61.0703286!4d27.5734185!16s%2Fg%2F11c5n85gjx?entry=ttu&amp;g_ep=EgoyMDI2MDQwOC4wIKXMDSoASAFQAw%3D%3D\">Katso sijainti t\u00e4st\u00e4.<\/a><\/p>\n\n\n\n<p>Linja-autokyydeist\u00e4 saadaan tietoa tuonnempana&#8230;<\/p>\n\n\n\n<p><\/p>\n\n\n\n<p class=\"has-vivid-cyan-blue-color has-text-color has-link-color has-medium-font-size wp-elements-663784a99592ea863045804db2a23a79\"><strong>Esteett\u00f6myys<\/strong><\/p>\n\n\n\n<p>V\u00e4lijoen lava esityspaikkana palvelee asiakkaita erinomaisesti. Tasainen maasto takaa sen, ett\u00e4 my\u00f6s py\u00f6r\u00e4tuolilla p\u00e4\u00e4see vaivatta paikalle.<\/p>\n\n\n\n<p>Samassa tilassa on kahvio.<\/p>\n\n\n\n<p>WC tilat on kunnostettu kes\u00e4teatterikauden alkuun menness\u00e4 ja tulevat olemaan helppokulkuiset.<\/p>\n\n\n\n<p class=\"has-vivid-cyan-blue-color has-text-color has-link-color has-medium-font-size wp-elements-b4d976df64f0913af2bbbb22a9136b89\"><strong>Turvallisuus<\/strong><\/p>\n\n\n\n<p>N\u00e4yt\u00f6ksiss\u00e4 on aina paikalla ensiapukoulutettua henkil\u00f6st\u00f6\u00e4 ja j\u00e4rjestyksenvalvonta. Saatavilla on defibrilaattori.<\/p>\n\n\n\n<p class=\"has-vivid-cyan-blue-color has-text-color has-link-color has-medium-font-size wp-elements-0ffd2896d48971c66c72e90ac5016a47\"><strong>Ent\u00e4, jos sataa?<\/strong><\/p>\n\n\n\n<p>Ei haittaa! N\u00e4yt\u00f6s on tanssilavalla, sis\u00e4tiloissa. <\/p>\n\n\n\n<figure class=\"wp-block-image size-large\"><a href=\"https:\/\/kylat.ekarjala.fi\/valijoki\/wp-content\/uploads\/sites\/19\/2026\/04\/660291654_1385504213605365_4966036491369710358_n.jpg\"><img loading=\"lazy\" decoding=\"async\" width=\"1024\" height=\"781\" src=\"https:\/\/kylat.ekarjala.fi\/valijoki\/wp-content\/uploads\/sites\/19\/2026\/04\/660291654_1385504213605365_4966036491369710358_n-1024x781.jpg\" alt=\"\" class=\"wp-image-943\" srcset=\"https:\/\/kylat.ekarjala.fi\/valijoki\/wp-content\/uploads\/sites\/19\/2026\/04\/660291654_1385504213605365_4966036491369710358_n-1024x781.jpg 1024w, https:\/\/kylat.ekarjala.fi\/valijoki\/wp-content\/uploads\/sites\/19\/2026\/04\/660291654_1385504213605365_4966036491369710358_n-300x229.jpg 300w, https:\/\/kylat.ekarjala.fi\/valijoki\/wp-content\/uploads\/sites\/19\/2026\/04\/660291654_1385504213605365_4966036491369710358_n-768x586.jpg 768w, https:\/\/kylat.ekarjala.fi\/valijoki\/wp-content\/uploads\/sites\/19\/2026\/04\/660291654_1385504213605365_4966036491369710358_n-800x610.jpg 800w, https:\/\/kylat.ekarjala.fi\/valijoki\/wp-content\/uploads\/sites\/19\/2026\/04\/660291654_1385504213605365_4966036491369710358_n.jpg 1154w\" sizes=\"(max-width: 1024px) 100vw, 1024px\" \/><\/a><\/figure>\n\n\n\n<p class=\"has-text-align-center has-large-font-size\">.<\/p>\n\n\n\n<p class=\"has-text-align-center has-light-green-cyan-color has-text-color has-link-color has-large-font-size wp-elements-f58174e4c7000af11a81631e227f12bf\">Tervetuloa kes\u00e4teatteriin!<\/p>\n\n\n\n<figure class=\"wp-block-image size-large\"><a href=\"https:\/\/kylat.ekarjala.fi\/valijoki\/wp-content\/uploads\/sites\/19\/2025\/07\/20250710_214003-scaled.jpg\"><img loading=\"lazy\" decoding=\"async\" width=\"1024\" height=\"577\" src=\"https:\/\/kylat.ekarjala.fi\/valijoki\/wp-content\/uploads\/sites\/19\/2025\/07\/20250710_214003-1024x577.jpg\" alt=\"\" class=\"wp-image-729\" srcset=\"https:\/\/kylat.ekarjala.fi\/valijoki\/wp-content\/uploads\/sites\/19\/2025\/07\/20250710_214003-1024x577.jpg 1024w, https:\/\/kylat.ekarjala.fi\/valijoki\/wp-content\/uploads\/sites\/19\/2025\/07\/20250710_214003-300x169.jpg 300w, https:\/\/kylat.ekarjala.fi\/valijoki\/wp-content\/uploads\/sites\/19\/2025\/07\/20250710_214003-768x432.jpg 768w, https:\/\/kylat.ekarjala.fi\/valijoki\/wp-content\/uploads\/sites\/19\/2025\/07\/20250710_214003-1536x865.jpg 1536w, https:\/\/kylat.ekarjala.fi\/valijoki\/wp-content\/uploads\/sites\/19\/2025\/07\/20250710_214003-2048x1153.jpg 2048w, https:\/\/kylat.ekarjala.fi\/valijoki\/wp-content\/uploads\/sites\/19\/2025\/07\/20250710_214003-800x451.jpg 800w\" sizes=\"(max-width: 1024px) 100vw, 1024px\" \/><\/a><\/figure>\n\n\n\n<p class=\"has-text-align-center has-large-font-size\">.<\/p>\n\n\n\n<p class=\"has-text-align-center has-medium-font-size\">Seuraa kanaviamme <a href=\"https:\/\/www.facebook.com\/ValijoenNuorisoseuraRientoRy\/?locale=fi_FI\">facebookissa<\/a> ja <a href=\"https:\/\/www.instagram.com\/valijoenriento\/\">instagramissa<\/a>.<\/p>\n\n\n\n<p class=\"has-cyan-bluish-gray-color has-text-color has-link-color has-small-font-size wp-elements-7d67de2f95133cca6f7aaf49b2275749\"><\/p>\n\n\n\n<p><\/p>\n\n\n\n<p><\/p>\n\n\n\n<p><\/p>\n\n\n\n<p><\/p>\n\n\n\n<p><\/p>\n\n\n\n<p><\/p>\n\n\n\n<p><\/p>\n","protected":false},"excerpt":{"rendered":"<p>Kes\u00e4teatteri 2026 Kes\u00e4ll\u00e4 2026 p\u00e4\u00e4semme nauttimaan komediasta &#8221;Haluatko m\u00f6kkil\u00e4iseksi&#8221;. Teatteriryhm\u00e4 ja yleis\u00f6 ovat turvassa sateelta ja paisteelta, sill\u00e4 n\u00e4yt\u00f6kset esitet\u00e4\u00e4n t\u00e4n\u00e4 vuonna legendaarisella V\u00e4lijoen lavalla. K\u00e4sikirjoittaja Roope Lipasti pohjaa hulvattomassa teoksessaan aitoihin kes\u00e4m\u00f6kkikokemuksiin, ja katsojat p\u00e4\u00e4sev\u00e4t mukaan Eijan ja Pertin &hellip; <a href=\"https:\/\/kylat.ekarjala.fi\/valijoki\/kesateatteri\/\">Continue reading <span class=\"meta-nav\">&rarr;<\/span><\/a><\/p>\n","protected":false},"author":31,"featured_media":943,"parent":0,"menu_order":0,"comment_status":"closed","ping_status":"closed","template":"","meta":{"footnotes":""},"class_list":["post-399","page","type-page","status-publish","has-post-thumbnail","hentry"],"yoast_head":"<!-- This site is optimized with the Yoast SEO plugin v27.3 - https:\/\/yoast.com\/product\/yoast-seo-wordpress\/ -->\n<title>Kes\u00e4teatteri - V\u00e4lijoki<\/title>\n<meta name=\"description\" content=\"Kes\u00e4teatteri 2026: Savitaipaleen V\u00e4lijoella n\u00e4hd\u00e4\u00e4n esitys &quot;Haluatko M\u00f6kkil\u00e4iseksi&quot;\" \/>\n<meta name=\"robots\" content=\"index, follow, max-snippet:-1, max-image-preview:large, max-video-preview:-1\" \/>\n<link rel=\"canonical\" href=\"https:\/\/kylat.ekarjala.fi\/valijoki\/kesateatteri\/\" \/>\n<meta property=\"og:locale\" content=\"fi_FI\" \/>\n<meta property=\"og:type\" content=\"article\" \/>\n<meta property=\"og:title\" content=\"Kes\u00e4teatteri - V\u00e4lijoki\" \/>\n<meta property=\"og:description\" content=\"Kes\u00e4teatteri 2026: Savitaipaleen V\u00e4lijoella n\u00e4hd\u00e4\u00e4n esitys &quot;Haluatko M\u00f6kkil\u00e4iseksi&quot;\" \/>\n<meta property=\"og:url\" content=\"https:\/\/kylat.ekarjala.fi\/valijoki\/kesateatteri\/\" \/>\n<meta property=\"og:site_name\" content=\"V\u00e4lijoki\" \/>\n<meta property=\"article:publisher\" content=\"https:\/\/www.facebook.com\/ValijoenNuorisoseuraRientoRy\/?locale=fi_FI\" \/>\n<meta property=\"article:modified_time\" content=\"2026-04-11T19:16:02+00:00\" \/>\n<meta property=\"og:image\" content=\"https:\/\/kylat.ekarjala.fi\/valijoki\/wp-content\/uploads\/sites\/19\/2026\/04\/660291654_1385504213605365_4966036491369710358_n.jpg\" \/>\n\t<meta property=\"og:image:width\" content=\"1154\" \/>\n\t<meta property=\"og:image:height\" content=\"880\" \/>\n\t<meta property=\"og:image:type\" content=\"image\/jpeg\" \/>\n<meta name=\"twitter:card\" content=\"summary_large_image\" \/>\n<meta name=\"twitter:label1\" content=\"Arvioitu lukuaika\" \/>\n\t<meta name=\"twitter:data1\" content=\"3 minuuttia\" \/>\n<script type=\"application\/ld+json\" class=\"yoast-schema-graph\">{\"@context\":\"https:\\\/\\\/schema.org\",\"@graph\":[{\"@type\":\"WebPage\",\"@id\":\"https:\\\/\\\/kylat.ekarjala.fi\\\/valijoki\\\/kesateatteri\\\/\",\"url\":\"https:\\\/\\\/kylat.ekarjala.fi\\\/valijoki\\\/kesateatteri\\\/\",\"name\":\"Kes\u00e4teatteri - V\u00e4lijoki\",\"isPartOf\":{\"@id\":\"https:\\\/\\\/kylat.ekarjala.fi\\\/valijoki\\\/#website\"},\"primaryImageOfPage\":{\"@id\":\"https:\\\/\\\/kylat.ekarjala.fi\\\/valijoki\\\/kesateatteri\\\/#primaryimage\"},\"image\":{\"@id\":\"https:\\\/\\\/kylat.ekarjala.fi\\\/valijoki\\\/kesateatteri\\\/#primaryimage\"},\"thumbnailUrl\":\"https:\\\/\\\/kylat.ekarjala.fi\\\/valijoki\\\/wp-content\\\/uploads\\\/sites\\\/19\\\/2026\\\/04\\\/660291654_1385504213605365_4966036491369710358_n.jpg\",\"datePublished\":\"2017-07-04T20:37:14+00:00\",\"dateModified\":\"2026-04-11T19:16:02+00:00\",\"description\":\"Kes\u00e4teatteri 2026: Savitaipaleen V\u00e4lijoella n\u00e4hd\u00e4\u00e4n esitys \\\"Haluatko M\u00f6kkil\u00e4iseksi\\\"\",\"breadcrumb\":{\"@id\":\"https:\\\/\\\/kylat.ekarjala.fi\\\/valijoki\\\/kesateatteri\\\/#breadcrumb\"},\"inLanguage\":\"fi\",\"potentialAction\":[{\"@type\":\"ReadAction\",\"target\":[\"https:\\\/\\\/kylat.ekarjala.fi\\\/valijoki\\\/kesateatteri\\\/\"]}]},{\"@type\":\"ImageObject\",\"inLanguage\":\"fi\",\"@id\":\"https:\\\/\\\/kylat.ekarjala.fi\\\/valijoki\\\/kesateatteri\\\/#primaryimage\",\"url\":\"https:\\\/\\\/kylat.ekarjala.fi\\\/valijoki\\\/wp-content\\\/uploads\\\/sites\\\/19\\\/2026\\\/04\\\/660291654_1385504213605365_4966036491369710358_n.jpg\",\"contentUrl\":\"https:\\\/\\\/kylat.ekarjala.fi\\\/valijoki\\\/wp-content\\\/uploads\\\/sites\\\/19\\\/2026\\\/04\\\/660291654_1385504213605365_4966036491369710358_n.jpg\",\"width\":1154,\"height\":880},{\"@type\":\"BreadcrumbList\",\"@id\":\"https:\\\/\\\/kylat.ekarjala.fi\\\/valijoki\\\/kesateatteri\\\/#breadcrumb\",\"itemListElement\":[{\"@type\":\"ListItem\",\"position\":1,\"name\":\"Etusivu\",\"item\":\"https:\\\/\\\/kylat.ekarjala.fi\\\/valijoki\\\/\"},{\"@type\":\"ListItem\",\"position\":2,\"name\":\"Kes\u00e4teatteri\"}]},{\"@type\":\"WebSite\",\"@id\":\"https:\\\/\\\/kylat.ekarjala.fi\\\/valijoki\\\/#website\",\"url\":\"https:\\\/\\\/kylat.ekarjala.fi\\\/valijoki\\\/\",\"name\":\"V\u00e4lijoki\",\"description\":\"Uusi Etel\u00e4-Karjalan kyl\u00e4sivustot -sivusto\",\"publisher\":{\"@id\":\"https:\\\/\\\/kylat.ekarjala.fi\\\/valijoki\\\/#organization\"},\"potentialAction\":[{\"@type\":\"SearchAction\",\"target\":{\"@type\":\"EntryPoint\",\"urlTemplate\":\"https:\\\/\\\/kylat.ekarjala.fi\\\/valijoki\\\/?s={search_term_string}\"},\"query-input\":{\"@type\":\"PropertyValueSpecification\",\"valueRequired\":true,\"valueName\":\"search_term_string\"}}],\"inLanguage\":\"fi\"},{\"@type\":\"Organization\",\"@id\":\"https:\\\/\\\/kylat.ekarjala.fi\\\/valijoki\\\/#organization\",\"name\":\"V\u00e4lijoki\",\"url\":\"https:\\\/\\\/kylat.ekarjala.fi\\\/valijoki\\\/\",\"logo\":{\"@type\":\"ImageObject\",\"inLanguage\":\"fi\",\"@id\":\"https:\\\/\\\/kylat.ekarjala.fi\\\/valijoki\\\/#\\\/schema\\\/logo\\\/image\\\/\",\"url\":\"https:\\\/\\\/kylat.ekarjala.fi\\\/valijoki\\\/wp-content\\\/uploads\\\/sites\\\/19\\\/2018\\\/01\\\/RIENTO_keltaisella_RGB.jpg\",\"contentUrl\":\"https:\\\/\\\/kylat.ekarjala.fi\\\/valijoki\\\/wp-content\\\/uploads\\\/sites\\\/19\\\/2018\\\/01\\\/RIENTO_keltaisella_RGB.jpg\",\"width\":1178,\"height\":758,\"caption\":\"V\u00e4lijoki\"},\"image\":{\"@id\":\"https:\\\/\\\/kylat.ekarjala.fi\\\/valijoki\\\/#\\\/schema\\\/logo\\\/image\\\/\"},\"sameAs\":[\"https:\\\/\\\/www.facebook.com\\\/ValijoenNuorisoseuraRientoRy\\\/?locale=fi_FI\",\"https:\\\/\\\/www.instagram.com\\\/valijoenriento\\\/\"]}]}<\/script>\n<!-- \/ Yoast SEO plugin. -->","yoast_head_json":{"title":"Kes\u00e4teatteri - V\u00e4lijoki","description":"Kes\u00e4teatteri 2026: Savitaipaleen V\u00e4lijoella n\u00e4hd\u00e4\u00e4n esitys \"Haluatko M\u00f6kkil\u00e4iseksi\"","robots":{"index":"index","follow":"follow","max-snippet":"max-snippet:-1","max-image-preview":"max-image-preview:large","max-video-preview":"max-video-preview:-1"},"canonical":"https:\/\/kylat.ekarjala.fi\/valijoki\/kesateatteri\/","og_locale":"fi_FI","og_type":"article","og_title":"Kes\u00e4teatteri - V\u00e4lijoki","og_description":"Kes\u00e4teatteri 2026: Savitaipaleen V\u00e4lijoella n\u00e4hd\u00e4\u00e4n esitys \"Haluatko M\u00f6kkil\u00e4iseksi\"","og_url":"https:\/\/kylat.ekarjala.fi\/valijoki\/kesateatteri\/","og_site_name":"V\u00e4lijoki","article_publisher":"https:\/\/www.facebook.com\/ValijoenNuorisoseuraRientoRy\/?locale=fi_FI","article_modified_time":"2026-04-11T19:16:02+00:00","og_image":[{"width":1154,"height":880,"url":"https:\/\/kylat.ekarjala.fi\/valijoki\/wp-content\/uploads\/sites\/19\/2026\/04\/660291654_1385504213605365_4966036491369710358_n.jpg","type":"image\/jpeg"}],"twitter_card":"summary_large_image","twitter_misc":{"Arvioitu lukuaika":"3 minuuttia"},"schema":{"@context":"https:\/\/schema.org","@graph":[{"@type":"WebPage","@id":"https:\/\/kylat.ekarjala.fi\/valijoki\/kesateatteri\/","url":"https:\/\/kylat.ekarjala.fi\/valijoki\/kesateatteri\/","name":"Kes\u00e4teatteri - V\u00e4lijoki","isPartOf":{"@id":"https:\/\/kylat.ekarjala.fi\/valijoki\/#website"},"primaryImageOfPage":{"@id":"https:\/\/kylat.ekarjala.fi\/valijoki\/kesateatteri\/#primaryimage"},"image":{"@id":"https:\/\/kylat.ekarjala.fi\/valijoki\/kesateatteri\/#primaryimage"},"thumbnailUrl":"https:\/\/kylat.ekarjala.fi\/valijoki\/wp-content\/uploads\/sites\/19\/2026\/04\/660291654_1385504213605365_4966036491369710358_n.jpg","datePublished":"2017-07-04T20:37:14+00:00","dateModified":"2026-04-11T19:16:02+00:00","description":"Kes\u00e4teatteri 2026: Savitaipaleen V\u00e4lijoella n\u00e4hd\u00e4\u00e4n esitys \"Haluatko M\u00f6kkil\u00e4iseksi\"","breadcrumb":{"@id":"https:\/\/kylat.ekarjala.fi\/valijoki\/kesateatteri\/#breadcrumb"},"inLanguage":"fi","potentialAction":[{"@type":"ReadAction","target":["https:\/\/kylat.ekarjala.fi\/valijoki\/kesateatteri\/"]}]},{"@type":"ImageObject","inLanguage":"fi","@id":"https:\/\/kylat.ekarjala.fi\/valijoki\/kesateatteri\/#primaryimage","url":"https:\/\/kylat.ekarjala.fi\/valijoki\/wp-content\/uploads\/sites\/19\/2026\/04\/660291654_1385504213605365_4966036491369710358_n.jpg","contentUrl":"https:\/\/kylat.ekarjala.fi\/valijoki\/wp-content\/uploads\/sites\/19\/2026\/04\/660291654_1385504213605365_4966036491369710358_n.jpg","width":1154,"height":880},{"@type":"BreadcrumbList","@id":"https:\/\/kylat.ekarjala.fi\/valijoki\/kesateatteri\/#breadcrumb","itemListElement":[{"@type":"ListItem","position":1,"name":"Etusivu","item":"https:\/\/kylat.ekarjala.fi\/valijoki\/"},{"@type":"ListItem","position":2,"name":"Kes\u00e4teatteri"}]},{"@type":"WebSite","@id":"https:\/\/kylat.ekarjala.fi\/valijoki\/#website","url":"https:\/\/kylat.ekarjala.fi\/valijoki\/","name":"V\u00e4lijoki","description":"Uusi Etel\u00e4-Karjalan kyl\u00e4sivustot -sivusto","publisher":{"@id":"https:\/\/kylat.ekarjala.fi\/valijoki\/#organization"},"potentialAction":[{"@type":"SearchAction","target":{"@type":"EntryPoint","urlTemplate":"https:\/\/kylat.ekarjala.fi\/valijoki\/?s={search_term_string}"},"query-input":{"@type":"PropertyValueSpecification","valueRequired":true,"valueName":"search_term_string"}}],"inLanguage":"fi"},{"@type":"Organization","@id":"https:\/\/kylat.ekarjala.fi\/valijoki\/#organization","name":"V\u00e4lijoki","url":"https:\/\/kylat.ekarjala.fi\/valijoki\/","logo":{"@type":"ImageObject","inLanguage":"fi","@id":"https:\/\/kylat.ekarjala.fi\/valijoki\/#\/schema\/logo\/image\/","url":"https:\/\/kylat.ekarjala.fi\/valijoki\/wp-content\/uploads\/sites\/19\/2018\/01\/RIENTO_keltaisella_RGB.jpg","contentUrl":"https:\/\/kylat.ekarjala.fi\/valijoki\/wp-content\/uploads\/sites\/19\/2018\/01\/RIENTO_keltaisella_RGB.jpg","width":1178,"height":758,"caption":"V\u00e4lijoki"},"image":{"@id":"https:\/\/kylat.ekarjala.fi\/valijoki\/#\/schema\/logo\/image\/"},"sameAs":["https:\/\/www.facebook.com\/ValijoenNuorisoseuraRientoRy\/?locale=fi_FI","https:\/\/www.instagram.com\/valijoenriento\/"]}]}},"_links":{"self":[{"href":"https:\/\/kylat.ekarjala.fi\/valijoki\/wp-json\/wp\/v2\/pages\/399","targetHints":{"allow":["GET"]}}],"collection":[{"href":"https:\/\/kylat.ekarjala.fi\/valijoki\/wp-json\/wp\/v2\/pages"}],"about":[{"href":"https:\/\/kylat.ekarjala.fi\/valijoki\/wp-json\/wp\/v2\/types\/page"}],"author":[{"embeddable":true,"href":"https:\/\/kylat.ekarjala.fi\/valijoki\/wp-json\/wp\/v2\/users\/31"}],"replies":[{"embeddable":true,"href":"https:\/\/kylat.ekarjala.fi\/valijoki\/wp-json\/wp\/v2\/comments?post=399"}],"version-history":[{"count":20,"href":"https:\/\/kylat.ekarjala.fi\/valijoki\/wp-json\/wp\/v2\/pages\/399\/revisions"}],"predecessor-version":[{"id":944,"href":"https:\/\/kylat.ekarjala.fi\/valijoki\/wp-json\/wp\/v2\/pages\/399\/revisions\/944"}],"wp:featuredmedia":[{"embeddable":true,"href":"https:\/\/kylat.ekarjala.fi\/valijoki\/wp-json\/wp\/v2\/media\/943"}],"wp:attachment":[{"href":"https:\/\/kylat.ekarjala.fi\/valijoki\/wp-json\/wp\/v2\/media?parent=399"}],"curies":[{"name":"wp","href":"https:\/\/api.w.org\/{rel}","templated":true}]}}