{"id":6,"date":"2012-10-04T16:12:22","date_gmt":"2012-10-04T16:42:22","guid":{"rendered":"https:\/\/kylat.ekarjala.fi\/valijoki\/?page_id=6"},"modified":"2012-11-08T16:31:00","modified_gmt":"2012-11-08T17:01:00","slug":"valijoki","status":"publish","type":"page","link":"https:\/\/kylat.ekarjala.fi\/valijoki\/","title":{"rendered":"V\u00e4lijoki"},"content":{"rendered":"<p>Taavetista vie Savitaipaleelle pikitie, on puoliv\u00e4liss\u00e4 kyli\u00e4, se V\u00e4lijoki lie. \u00a0 \u00a0 \u00a0 \u00a0 \u00a0 \u00a0 \u00a0On siell\u00e4 metsi\u00e4 ja peltoja, ne tavallisia on. Vaan tavallisen tavallisia ihmisetkin on.<\/p>\n<p>Ihan tavallisesti siell\u00e4 t\u00f6ihin menn\u00e4\u00e4n, liekk\u00f6 ees julkkiksia suvussa kell\u00e4\u00e4n. \u00a0 \u00a0 \u00a0 \u00a0On siell\u00e4 j\u00e4rvill\u00e4 joutsenia, se tavallista on. My\u00f6 tavallisen tavallisesti ui hauki verkkohon. \u00a0 \u00a0 \u00a0 \u00a0 \u00a0 \u00a0 \u00a0 \u00a0 \u00a0 \u00a0 \u00a0 \u00a0 \u00a0 \u00a0 \u00a0\u00a0(Jouko Koskinen)<\/p>\n<p><a href=\"https:\/\/kylat.ekarjala.fi\/valijoki\/wp-content\/uploads\/sites\/19\/2012\/10\/Monolan-suora-001.jpg\"><img fetchpriority=\"high\" decoding=\"async\" src=\"https:\/\/kylat.ekarjala.fi\/valijoki\/wp-content\/uploads\/sites\/19\/2012\/10\/Monolan-suora-001.jpg\" alt=\"\" width=\"471\" height=\"354\" \/><\/a>Monolan suora<\/p>\n<p>V\u00e4lijoki on Savitaipaleen etel\u00e4isin kyl\u00e4alue, joka koostuu useista pienist\u00e4 kylist\u00e4. V\u00e4lijoen kyliss\u00e4 asuu vakituisesti vajaa 300 asukasta. V\u00e4lijoki sijaitsee hyvien tieyhteyksien varrella. Savitaipaleen kirkonkyl\u00e4lle sek\u00e4 naapurikuntien keskuksiin, Lemille ja Taavettiin, matkaa kertyy alle 20 km.<\/p>\n<p>V\u00e4lijoen matalahkoja maisemia halkoo Savitaipaleen kirkolta etel\u00e4\u00e4n johtava Taavetintie. V\u00e4lijoen j\u00e4rvet ovat melko pieni\u00e4 ja matalia, mik\u00e4 tekee niist\u00e4 erinomaisia lintuj\u00e4rvi\u00e4. Varsinkin J\u00e4k\u00e4l\u00e4nj\u00e4rvi on laajalti tunnettu runsaslajisesta ja erikoisesta lintukannastaan. J\u00e4k\u00e4l\u00e4nj\u00e4rvi kuuluu valtakunnallisen lintuvesiensuojeluohjelman Savo-Karjalan j\u00e4rvialueen arvokkaisiin kohteisiin. J\u00e4k\u00e4l\u00e4nj\u00e4rven Ruuniemest\u00e4 l\u00f6ytyy my\u00f6s kalliomaalaus. Pystysuoraan kalliosein\u00e4m\u00e4\u00e4n on punav\u00e4rill\u00e4 maalattu noin puolen metrin korkuinen ihmishahmo.<\/p>\n<p>V\u00e4lijoen ja Havon kylien rajamailla sijaitsee vanha kivilouhos Takom\u00e4ki. Alueelta louhittiin aikoinaan erityisesti ruskeaa viborgiittia. Kaupallisesti Takom\u00e4en kivi tunnettiin nimill\u00e4 &#8221;Karelian Brown&#8221; ja &#8221;Baltic Brown&#8221;. Kiven v\u00e4ris\u00e4vyjen vaihtelun ja laatuvirheiden vuoksi louhinta lopetettiin vuonna 1987. Louhoksella on edelleen varastoituna suurehko m\u00e4\u00e4r\u00e4 hy\u00f6tykiviksi luokiteltuja blokkeja. Tyhj\u00e4n louhoksen alaosat pohjaveden peitossa ja kes\u00e4isin kyl\u00e4l\u00e4iset k\u00e4ytt\u00e4v\u00e4t sit\u00e4 uimapaikkana.<\/p>\n<div class=\"mceTemp mceIEcenter\">\n<dl>\n<dt><\/dt>\n<\/dl>\n<\/div>\n","protected":false},"excerpt":{"rendered":"<p>Taavetista vie Savitaipaleelle pikitie, on puoliv\u00e4liss\u00e4 kyli\u00e4, se V\u00e4lijoki lie. \u00a0 \u00a0 \u00a0 \u00a0 \u00a0 \u00a0 \u00a0On siell\u00e4 metsi\u00e4 ja peltoja, ne tavallisia on. Vaan tavallisen tavallisia ihmisetkin on. Ihan tavallisesti siell\u00e4 t\u00f6ihin menn\u00e4\u00e4n, liekk\u00f6 ees julkkiksia suvussa kell\u00e4\u00e4n. \u00a0 &hellip; <a href=\"https:\/\/kylat.ekarjala.fi\/valijoki\/\">Continue reading <span class=\"meta-nav\">&rarr;<\/span><\/a><\/p>\n","protected":false},"author":31,"featured_media":0,"parent":0,"menu_order":0,"comment_status":"open","ping_status":"open","template":"","meta":{"footnotes":""},"class_list":["post-6","page","type-page","status-publish","hentry"],"yoast_head":"<!-- This site is optimized with the Yoast SEO plugin v27.3 - https:\/\/yoast.com\/product\/yoast-seo-wordpress\/ -->\n<title>V\u00e4lijoki - V\u00e4lijoki<\/title>\n<meta name=\"robots\" content=\"index, follow, max-snippet:-1, max-image-preview:large, max-video-preview:-1\" \/>\n<link rel=\"canonical\" href=\"https:\/\/kylat.ekarjala.fi\/valijoki\/\" \/>\n<meta property=\"og:locale\" content=\"fi_FI\" \/>\n<meta property=\"og:type\" content=\"article\" \/>\n<meta property=\"og:title\" content=\"V\u00e4lijoki - V\u00e4lijoki\" \/>\n<meta property=\"og:description\" content=\"Taavetista vie Savitaipaleelle pikitie, on puoliv\u00e4liss\u00e4 kyli\u00e4, se V\u00e4lijoki lie. \u00a0 \u00a0 \u00a0 \u00a0 \u00a0 \u00a0 \u00a0On siell\u00e4 metsi\u00e4 ja peltoja, ne tavallisia on. Vaan tavallisen tavallisia ihmisetkin on. Ihan tavallisesti siell\u00e4 t\u00f6ihin menn\u00e4\u00e4n, liekk\u00f6 ees julkkiksia suvussa kell\u00e4\u00e4n. \u00a0 &hellip; Continue reading &rarr;\" \/>\n<meta property=\"og:url\" content=\"https:\/\/kylat.ekarjala.fi\/valijoki\/\" \/>\n<meta property=\"og:site_name\" content=\"V\u00e4lijoki\" \/>\n<meta property=\"article:publisher\" content=\"https:\/\/www.facebook.com\/ValijoenNuorisoseuraRientoRy\/?locale=fi_FI\" \/>\n<meta property=\"article:modified_time\" content=\"2012-11-08T17:01:00+00:00\" \/>\n<meta property=\"og:image\" content=\"https:\/\/kylat.ekarjala.fi\/valijoki\/wp-content\/uploads\/sites\/19\/2012\/10\/Monolan-suora-001.jpg\" \/>\n<meta name=\"twitter:card\" content=\"summary_large_image\" \/>\n<meta name=\"twitter:label1\" content=\"Arvioitu lukuaika\" \/>\n\t<meta name=\"twitter:data1\" content=\"1 minuutti\" \/>\n<script type=\"application\/ld+json\" class=\"yoast-schema-graph\">{\"@context\":\"https:\\\/\\\/schema.org\",\"@graph\":[{\"@type\":\"WebPage\",\"@id\":\"https:\\\/\\\/kylat.ekarjala.fi\\\/valijoki\\\/\",\"url\":\"https:\\\/\\\/kylat.ekarjala.fi\\\/valijoki\\\/\",\"name\":\"V\u00e4lijoki - V\u00e4lijoki\",\"isPartOf\":{\"@id\":\"https:\\\/\\\/kylat.ekarjala.fi\\\/valijoki\\\/#website\"},\"primaryImageOfPage\":{\"@id\":\"https:\\\/\\\/kylat.ekarjala.fi\\\/valijoki\\\/#primaryimage\"},\"image\":{\"@id\":\"https:\\\/\\\/kylat.ekarjala.fi\\\/valijoki\\\/#primaryimage\"},\"thumbnailUrl\":\"https:\\\/\\\/kylat.ekarjala.fi\\\/valijoki\\\/wp-content\\\/uploads\\\/sites\\\/19\\\/2012\\\/10\\\/Monolan-suora-001.jpg\",\"datePublished\":\"2012-10-04T16:42:22+00:00\",\"dateModified\":\"2012-11-08T17:01:00+00:00\",\"breadcrumb\":{\"@id\":\"https:\\\/\\\/kylat.ekarjala.fi\\\/valijoki\\\/#breadcrumb\"},\"inLanguage\":\"fi\",\"potentialAction\":[{\"@type\":\"ReadAction\",\"target\":[\"https:\\\/\\\/kylat.ekarjala.fi\\\/valijoki\\\/\"]}]},{\"@type\":\"ImageObject\",\"inLanguage\":\"fi\",\"@id\":\"https:\\\/\\\/kylat.ekarjala.fi\\\/valijoki\\\/#primaryimage\",\"url\":\"https:\\\/\\\/kylat.ekarjala.fi\\\/valijoki\\\/wp-content\\\/uploads\\\/sites\\\/19\\\/2012\\\/10\\\/Monolan-suora-001.jpg\",\"contentUrl\":\"https:\\\/\\\/kylat.ekarjala.fi\\\/valijoki\\\/wp-content\\\/uploads\\\/sites\\\/19\\\/2012\\\/10\\\/Monolan-suora-001.jpg\"},{\"@type\":\"BreadcrumbList\",\"@id\":\"https:\\\/\\\/kylat.ekarjala.fi\\\/valijoki\\\/#breadcrumb\",\"itemListElement\":[{\"@type\":\"ListItem\",\"position\":1,\"name\":\"Etusivu\",\"item\":\"https:\\\/\\\/kylat.ekarjala.fi\\\/valijoki\\\/\"},{\"@type\":\"ListItem\",\"position\":2,\"name\":\"V\u00e4lijoki\"}]},{\"@type\":\"WebSite\",\"@id\":\"https:\\\/\\\/kylat.ekarjala.fi\\\/valijoki\\\/#website\",\"url\":\"https:\\\/\\\/kylat.ekarjala.fi\\\/valijoki\\\/\",\"name\":\"V\u00e4lijoki\",\"description\":\"Uusi Etel\u00e4-Karjalan kyl\u00e4sivustot -sivusto\",\"publisher\":{\"@id\":\"https:\\\/\\\/kylat.ekarjala.fi\\\/valijoki\\\/#organization\"},\"potentialAction\":[{\"@type\":\"SearchAction\",\"target\":{\"@type\":\"EntryPoint\",\"urlTemplate\":\"https:\\\/\\\/kylat.ekarjala.fi\\\/valijoki\\\/?s={search_term_string}\"},\"query-input\":{\"@type\":\"PropertyValueSpecification\",\"valueRequired\":true,\"valueName\":\"search_term_string\"}}],\"inLanguage\":\"fi\"},{\"@type\":\"Organization\",\"@id\":\"https:\\\/\\\/kylat.ekarjala.fi\\\/valijoki\\\/#organization\",\"name\":\"V\u00e4lijoki\",\"url\":\"https:\\\/\\\/kylat.ekarjala.fi\\\/valijoki\\\/\",\"logo\":{\"@type\":\"ImageObject\",\"inLanguage\":\"fi\",\"@id\":\"https:\\\/\\\/kylat.ekarjala.fi\\\/valijoki\\\/#\\\/schema\\\/logo\\\/image\\\/\",\"url\":\"https:\\\/\\\/kylat.ekarjala.fi\\\/valijoki\\\/wp-content\\\/uploads\\\/sites\\\/19\\\/2018\\\/01\\\/RIENTO_keltaisella_RGB.jpg\",\"contentUrl\":\"https:\\\/\\\/kylat.ekarjala.fi\\\/valijoki\\\/wp-content\\\/uploads\\\/sites\\\/19\\\/2018\\\/01\\\/RIENTO_keltaisella_RGB.jpg\",\"width\":1178,\"height\":758,\"caption\":\"V\u00e4lijoki\"},\"image\":{\"@id\":\"https:\\\/\\\/kylat.ekarjala.fi\\\/valijoki\\\/#\\\/schema\\\/logo\\\/image\\\/\"},\"sameAs\":[\"https:\\\/\\\/www.facebook.com\\\/ValijoenNuorisoseuraRientoRy\\\/?locale=fi_FI\",\"https:\\\/\\\/www.instagram.com\\\/valijoenriento\\\/\"]}]}<\/script>\n<!-- \/ Yoast SEO plugin. -->","yoast_head_json":{"title":"V\u00e4lijoki - V\u00e4lijoki","robots":{"index":"index","follow":"follow","max-snippet":"max-snippet:-1","max-image-preview":"max-image-preview:large","max-video-preview":"max-video-preview:-1"},"canonical":"https:\/\/kylat.ekarjala.fi\/valijoki\/","og_locale":"fi_FI","og_type":"article","og_title":"V\u00e4lijoki - V\u00e4lijoki","og_description":"Taavetista vie Savitaipaleelle pikitie, on puoliv\u00e4liss\u00e4 kyli\u00e4, se V\u00e4lijoki lie. \u00a0 \u00a0 \u00a0 \u00a0 \u00a0 \u00a0 \u00a0On siell\u00e4 metsi\u00e4 ja peltoja, ne tavallisia on. Vaan tavallisen tavallisia ihmisetkin on. Ihan tavallisesti siell\u00e4 t\u00f6ihin menn\u00e4\u00e4n, liekk\u00f6 ees julkkiksia suvussa kell\u00e4\u00e4n. \u00a0 &hellip; Continue reading &rarr;","og_url":"https:\/\/kylat.ekarjala.fi\/valijoki\/","og_site_name":"V\u00e4lijoki","article_publisher":"https:\/\/www.facebook.com\/ValijoenNuorisoseuraRientoRy\/?locale=fi_FI","article_modified_time":"2012-11-08T17:01:00+00:00","og_image":[{"url":"https:\/\/kylat.ekarjala.fi\/valijoki\/wp-content\/uploads\/sites\/19\/2012\/10\/Monolan-suora-001.jpg","type":"","width":"","height":""}],"twitter_card":"summary_large_image","twitter_misc":{"Arvioitu lukuaika":"1 minuutti"},"schema":{"@context":"https:\/\/schema.org","@graph":[{"@type":"WebPage","@id":"https:\/\/kylat.ekarjala.fi\/valijoki\/","url":"https:\/\/kylat.ekarjala.fi\/valijoki\/","name":"V\u00e4lijoki - V\u00e4lijoki","isPartOf":{"@id":"https:\/\/kylat.ekarjala.fi\/valijoki\/#website"},"primaryImageOfPage":{"@id":"https:\/\/kylat.ekarjala.fi\/valijoki\/#primaryimage"},"image":{"@id":"https:\/\/kylat.ekarjala.fi\/valijoki\/#primaryimage"},"thumbnailUrl":"https:\/\/kylat.ekarjala.fi\/valijoki\/wp-content\/uploads\/sites\/19\/2012\/10\/Monolan-suora-001.jpg","datePublished":"2012-10-04T16:42:22+00:00","dateModified":"2012-11-08T17:01:00+00:00","breadcrumb":{"@id":"https:\/\/kylat.ekarjala.fi\/valijoki\/#breadcrumb"},"inLanguage":"fi","potentialAction":[{"@type":"ReadAction","target":["https:\/\/kylat.ekarjala.fi\/valijoki\/"]}]},{"@type":"ImageObject","inLanguage":"fi","@id":"https:\/\/kylat.ekarjala.fi\/valijoki\/#primaryimage","url":"https:\/\/kylat.ekarjala.fi\/valijoki\/wp-content\/uploads\/sites\/19\/2012\/10\/Monolan-suora-001.jpg","contentUrl":"https:\/\/kylat.ekarjala.fi\/valijoki\/wp-content\/uploads\/sites\/19\/2012\/10\/Monolan-suora-001.jpg"},{"@type":"BreadcrumbList","@id":"https:\/\/kylat.ekarjala.fi\/valijoki\/#breadcrumb","itemListElement":[{"@type":"ListItem","position":1,"name":"Etusivu","item":"https:\/\/kylat.ekarjala.fi\/valijoki\/"},{"@type":"ListItem","position":2,"name":"V\u00e4lijoki"}]},{"@type":"WebSite","@id":"https:\/\/kylat.ekarjala.fi\/valijoki\/#website","url":"https:\/\/kylat.ekarjala.fi\/valijoki\/","name":"V\u00e4lijoki","description":"Uusi Etel\u00e4-Karjalan kyl\u00e4sivustot -sivusto","publisher":{"@id":"https:\/\/kylat.ekarjala.fi\/valijoki\/#organization"},"potentialAction":[{"@type":"SearchAction","target":{"@type":"EntryPoint","urlTemplate":"https:\/\/kylat.ekarjala.fi\/valijoki\/?s={search_term_string}"},"query-input":{"@type":"PropertyValueSpecification","valueRequired":true,"valueName":"search_term_string"}}],"inLanguage":"fi"},{"@type":"Organization","@id":"https:\/\/kylat.ekarjala.fi\/valijoki\/#organization","name":"V\u00e4lijoki","url":"https:\/\/kylat.ekarjala.fi\/valijoki\/","logo":{"@type":"ImageObject","inLanguage":"fi","@id":"https:\/\/kylat.ekarjala.fi\/valijoki\/#\/schema\/logo\/image\/","url":"https:\/\/kylat.ekarjala.fi\/valijoki\/wp-content\/uploads\/sites\/19\/2018\/01\/RIENTO_keltaisella_RGB.jpg","contentUrl":"https:\/\/kylat.ekarjala.fi\/valijoki\/wp-content\/uploads\/sites\/19\/2018\/01\/RIENTO_keltaisella_RGB.jpg","width":1178,"height":758,"caption":"V\u00e4lijoki"},"image":{"@id":"https:\/\/kylat.ekarjala.fi\/valijoki\/#\/schema\/logo\/image\/"},"sameAs":["https:\/\/www.facebook.com\/ValijoenNuorisoseuraRientoRy\/?locale=fi_FI","https:\/\/www.instagram.com\/valijoenriento\/"]}]}},"_links":{"self":[{"href":"https:\/\/kylat.ekarjala.fi\/valijoki\/wp-json\/wp\/v2\/pages\/6","targetHints":{"allow":["GET"]}}],"collection":[{"href":"https:\/\/kylat.ekarjala.fi\/valijoki\/wp-json\/wp\/v2\/pages"}],"about":[{"href":"https:\/\/kylat.ekarjala.fi\/valijoki\/wp-json\/wp\/v2\/types\/page"}],"author":[{"embeddable":true,"href":"https:\/\/kylat.ekarjala.fi\/valijoki\/wp-json\/wp\/v2\/users\/31"}],"replies":[{"embeddable":true,"href":"https:\/\/kylat.ekarjala.fi\/valijoki\/wp-json\/wp\/v2\/comments?post=6"}],"version-history":[{"count":6,"href":"https:\/\/kylat.ekarjala.fi\/valijoki\/wp-json\/wp\/v2\/pages\/6\/revisions"}],"predecessor-version":[{"id":106,"href":"https:\/\/kylat.ekarjala.fi\/valijoki\/wp-json\/wp\/v2\/pages\/6\/revisions\/106"}],"wp:attachment":[{"href":"https:\/\/kylat.ekarjala.fi\/valijoki\/wp-json\/wp\/v2\/media?parent=6"}],"curies":[{"name":"wp","href":"https:\/\/api.w.org\/{rel}","templated":true}]}}