{"id":66,"date":"2012-10-04T16:17:48","date_gmt":"2012-10-04T16:47:48","guid":{"rendered":"https:\/\/kylat.ekarjala.fi\/valijoki\/?page_id=66"},"modified":"2026-03-29T20:20:35","modified_gmt":"2026-03-29T20:50:35","slug":"valijoen-nuorisoseura-riento-ry","status":"publish","type":"page","link":"https:\/\/kylat.ekarjala.fi\/valijoki\/valijoen-seudun-yhdistykset\/valijoen-nuorisoseura-riento-ry\/","title":{"rendered":"V\u00e4lijoen nuorisoseura Riento ry"},"content":{"rendered":"<p>Riento on perinteik\u00e4s, yli satavuotta sitten perustettu ja edelleen aktiivisesti V\u00e4lijoella toimiva yhdistys. Yhdistyksen toiminta keskittyy pitk\u00e4lti seuraintalo M\u00e4nnist\u00f6n ymp\u00e4rille. M\u00e4nnist\u00f6 on kyl\u00e4l\u00e4isten yhteinen kokoontumispaikka ja yhdistyksen p\u00e4\u00e4tavoitteena on pit\u00e4\u00e4 M\u00e4nnist\u00f6 jatkossakin hyv\u00e4ss\u00e4 kunnossa kaikkien yhteiseksi hyv\u00e4ksi. Yhdistys j\u00e4rjest\u00e4\u00e4 erilaisia tapahtumia (nostalgiatanssit, laskiaisrieha) sek\u00e4 kursseja ja kerhoja (improkerho, teatteriryhm\u00e4).<\/p>\n<p>&nbsp;<\/p>\n<p>Riennon johtokuntaan \u00a0kuuluvat: Jouni Kilpi (puheenjohtaja), Saila Vanamo (sihteeri), Jouko Koskinen, Jaana Mentula, Liisa Kilpi, Sanni Vanamo, Anna Lerkki ja Riitta Rantakaulio.<\/p>\n<div id=\"attachment_878\" style=\"width: 310px\" class=\"wp-caption aligncenter\"><a href=\"https:\/\/kylat.ekarjala.fi\/valijoki\/wp-content\/uploads\/sites\/19\/2026\/01\/20260106_155220-scaled.jpg\"><img fetchpriority=\"high\" decoding=\"async\" aria-describedby=\"caption-attachment-878\" class=\"size-medium wp-image-878\" src=\"https:\/\/kylat.ekarjala.fi\/valijoki\/wp-content\/uploads\/sites\/19\/2026\/01\/20260106_155220-300x169.jpg\" alt=\"\" width=\"300\" height=\"169\" srcset=\"https:\/\/kylat.ekarjala.fi\/valijoki\/wp-content\/uploads\/sites\/19\/2026\/01\/20260106_155220-300x169.jpg 300w, https:\/\/kylat.ekarjala.fi\/valijoki\/wp-content\/uploads\/sites\/19\/2026\/01\/20260106_155220-1024x577.jpg 1024w, https:\/\/kylat.ekarjala.fi\/valijoki\/wp-content\/uploads\/sites\/19\/2026\/01\/20260106_155220-768x432.jpg 768w, https:\/\/kylat.ekarjala.fi\/valijoki\/wp-content\/uploads\/sites\/19\/2026\/01\/20260106_155220-1536x865.jpg 1536w, https:\/\/kylat.ekarjala.fi\/valijoki\/wp-content\/uploads\/sites\/19\/2026\/01\/20260106_155220-2048x1153.jpg 2048w, https:\/\/kylat.ekarjala.fi\/valijoki\/wp-content\/uploads\/sites\/19\/2026\/01\/20260106_155220-800x451.jpg 800w\" sizes=\"(max-width: 300px) 100vw, 300px\" \/><\/a><p id=\"caption-attachment-878\" class=\"wp-caption-text\">Johtoryhm\u00e4n j\u00e4rjest\u00e4ytymiskokous pidettiin 6.1.2026 M\u00e4nnist\u00f6ss\u00e4.<\/p><\/div>\n<h2>Teatteritoiminta<\/h2>\n<p>Teatteriryhm\u00e4n viimeisimpi\u00e4 n\u00e4ytelmi\u00e4 ovat:<\/p>\n<ul>\n<li>Maajussille morsian (M\u00e4nnist\u00f6ss\u00e4 talvella 2009)<\/li>\n<li>Amali ja aikamiespojat (Hakam\u00e4ell\u00e4 kes\u00e4ll\u00e4 2011)<\/li>\n<li>Kattovarpuset (M\u00e4nnist\u00f6ss\u00e4 talvella 2012)<\/li>\n<li>Per\u00e4kyl\u00e4n profeetta (Hakam\u00e4ell\u00e4 kes\u00e4ll\u00e4 2012)<\/li>\n<li>K\u00e4rn\u00e4kosken kunniat (K\u00e4rn\u00e4kosken linnoituksen valleilla kes\u00e4ll\u00e4 2013)<\/li>\n<li>Kuin tuhka tuuleen (Hakam\u00e4ell\u00e4 kes\u00e4ll\u00e4 2014)<\/li>\n<li>Viimeiset mohikaanit (Hakam\u00e4ell\u00e4 2015)<\/li>\n<li>Ristniemen Antti (Hakam\u00e4ell\u00e4 2017)<\/li>\n<li>Urmaksen uskomaton uni (Savitaipaleen koulukeskuksen auditorio syksy 2018 ja kes\u00e4 2019)<\/li>\n<li>Siunattu Hulluus (Hakam\u00e4ell\u00e4 2022)<\/li>\n<li>Vetelys (M\u00e4nnist\u00f6ss\u00e4 2023)<\/li>\n<li>Tulitikkuja lainaamassa (M\u00e4nnist\u00f6ss\u00e4 2024)<\/li>\n<li><a href=\"https:\/\/kylat.ekarjala.fi\/valijoki\/kesateatteri\/\">Kaikki Kivest\u00e4 (M\u00e4nnist\u00f6ss\u00e4 2025)<\/a><\/li>\n<\/ul>\n<p>Nuorisoseura myy 2002 julkaistua teosta V\u00e4lijoen seudun historiaa, hinta 20\u20ac. Kirjaa voi tiedustella s\u00e4hk\u00f6postilla: valijoki@gmail.com<\/p>\n<h2>Tilojen vuorkaus<\/h2>\n<p>Nuorisoseura vuokraa tilojaan (M\u00e4nnist\u00f6 ja V\u00e4lijoen lava), astioita, miesten kansallispukuja ja \u00e4\u00e4nentoistolaitteita. Vuokrahinnat l\u00f6ytyv\u00e4t alla olevasta tiedostosta.<\/p>\n<p><a href=\"https:\/\/kylat.ekarjala.fi\/valijoki\/wp-content\/uploads\/sites\/19\/2023\/02\/manniston-vuokrahinnat-2023.pdf\">m\u00e4nnist\u00f6n vuokrahinnat 2026<\/a><\/p>\n<h2>Some<\/h2>\n<p>L\u00f6yd\u00e4t meid\u00e4t <a href=\"https:\/\/www.facebook.com\/ValijoenNuorisoseuraRientoRy\/?locale=fi_FI\">facebookista<\/a> ja <a href=\"https:\/\/www.instagram.com\/valijoenriento\/\">instagramista<\/a>.<\/p>\n<h2><strong>Kuinka liityn j\u00e4seneksi?<\/strong><\/h2>\n<p>L\u00e4het\u00e4 s\u00e4hk\u00f6postia osoitteeseen:<\/p>\n<p><a href=\"mailto:valijoki@gmail.com\">valijoki(at)gmail.com<\/a><\/p>\n<p>Ilmoita s\u00e4hk\u00f6postissa<\/p>\n<ul>\n<li>halukkuutesi liitty\u00e4 j\u00e4seneksi<\/li>\n<li>kaikkien tulevien j\u00e4senien nimet ja syntym\u00e4vuodet<\/li>\n<li>osoitteesi<\/li>\n<li>puhelinnumerosi<\/li>\n<li>haluatko laskun s\u00e4hk\u00f6postilla vai paperisena<\/li>\n<\/ul>\n<p><strong>J\u00e4senmaksu vuonna 2026:<\/strong><\/p>\n<p>Alle 16-vuotiaat 10 \u20ac<\/p>\n<p>16- vuotiaat ja vanhemmat 20 \u20ac<\/p>\n<p>&nbsp;<\/p>\n<h2>Rekisteritiedot<\/h2>\n<h4>Nimi:<\/h4>\n<div>V\u00e4lijoen Nuorisoseura Riento ry<br \/>\nY-tunnus: 0163105-8<br \/>\nYhdistys rekister\u00f6ity:10.02.1921<br \/>\nKotipaikka: Savitaipale<\/div>\n<div><\/div>\n<div><\/div>\n<h4>K\u00e4yntiosoite:<\/h4>\n<div>M\u00e4nnist\u00f6ntie 10<br \/>\n54750 V\u00c4LIJOKI<\/div>\n<div><\/div>\n<div><\/div>\n<h4>S\u00e4hk\u00f6postiosoite:<\/h4>\n<div>valijoki(at)<a href=\"http:\/\/gmail.com\/\" target=\"_blank\" rel=\"noopener\" data-saferedirecturl=\"https:\/\/www.google.com\/url?q=http:\/\/gmail.com&amp;source=gmail&amp;ust=1774900303316000&amp;usg=AOvVaw0dsEHd_c_0ahUpecIgBSew\">gmail.com<\/a><\/div>\n<div><\/div>\n<div><\/div>\n<h4>Laskutusyhteystiedot:<\/h4>\n<div>\n<div>PDF-lasku<\/div>\n<div>laskut.valijoki(at)<a href=\"http:\/\/gmail.com\/\" target=\"_blank\" rel=\"noopener\" data-saferedirecturl=\"https:\/\/www.google.com\/url?q=http:\/\/gmail.com&amp;source=gmail&amp;ust=1774900303316000&amp;usg=AOvVaw0dsEHd_c_0ahUpecIgBSew\">gmail.com<\/a><\/div>\n<\/div>\n<p>&nbsp;<\/p>\n<h2>Yhdistyksen nimihistoria<\/h2>\n<p>V\u00e4lijoen Nuorisoseura Riento ry 02.02.1961 &#8211;<br \/>\nNuorisoseura Savitaipaleen Riento r.y. 10.02.1921 &#8211; 01.02.1961<br \/>\nNuorisoseura Savitaipaleen Riento 10.02.1921 &#8211; 10.02.1921<\/p>\n","protected":false},"excerpt":{"rendered":"<p>Riento on perinteik\u00e4s, yli satavuotta sitten perustettu ja edelleen aktiivisesti V\u00e4lijoella toimiva yhdistys. Yhdistyksen toiminta keskittyy pitk\u00e4lti seuraintalo M\u00e4nnist\u00f6n ymp\u00e4rille. M\u00e4nnist\u00f6 on kyl\u00e4l\u00e4isten yhteinen kokoontumispaikka ja yhdistyksen p\u00e4\u00e4tavoitteena on pit\u00e4\u00e4 M\u00e4nnist\u00f6 jatkossakin hyv\u00e4ss\u00e4 kunnossa kaikkien yhteiseksi hyv\u00e4ksi. Yhdistys j\u00e4rjest\u00e4\u00e4 erilaisia &hellip; <a href=\"https:\/\/kylat.ekarjala.fi\/valijoki\/valijoen-seudun-yhdistykset\/valijoen-nuorisoseura-riento-ry\/\">Continue reading <span class=\"meta-nav\">&rarr;<\/span><\/a><\/p>\n","protected":false},"author":31,"featured_media":0,"parent":31,"menu_order":0,"comment_status":"open","ping_status":"open","template":"","meta":{"footnotes":""},"class_list":["post-66","page","type-page","status-publish","hentry"],"yoast_head":"<!-- This site is optimized with the Yoast SEO plugin v27.3 - https:\/\/yoast.com\/product\/yoast-seo-wordpress\/ -->\n<title>V\u00e4lijoen nuorisoseura Riento ry - V\u00e4lijoki<\/title>\n<meta name=\"description\" content=\"V\u00e4lijoen Nuorisoseura Riento, el\u00e4v\u00e4\u00e4 kulttuuria jo 100 vuotta! Tervetuloa nauttimaan kes\u00e4teatteriesityksist\u00e4mme ja perjantaitansseista!\" \/>\n<meta name=\"robots\" content=\"index, follow, max-snippet:-1, max-image-preview:large, max-video-preview:-1\" \/>\n<link rel=\"canonical\" href=\"https:\/\/kylat.ekarjala.fi\/valijoki\/valijoen-seudun-yhdistykset\/valijoen-nuorisoseura-riento-ry\/\" \/>\n<meta property=\"og:locale\" content=\"fi_FI\" \/>\n<meta property=\"og:type\" content=\"article\" \/>\n<meta property=\"og:title\" content=\"V\u00e4lijoen nuorisoseura Riento ry - V\u00e4lijoki\" \/>\n<meta property=\"og:description\" content=\"V\u00e4lijoen Nuorisoseura Riento, el\u00e4v\u00e4\u00e4 kulttuuria jo 100 vuotta! Tervetuloa nauttimaan kes\u00e4teatteriesityksist\u00e4mme ja perjantaitansseista!\" \/>\n<meta property=\"og:url\" content=\"https:\/\/kylat.ekarjala.fi\/valijoki\/valijoen-seudun-yhdistykset\/valijoen-nuorisoseura-riento-ry\/\" \/>\n<meta property=\"og:site_name\" content=\"V\u00e4lijoki\" \/>\n<meta property=\"article:publisher\" content=\"https:\/\/www.facebook.com\/ValijoenNuorisoseuraRientoRy\/?locale=fi_FI\" \/>\n<meta property=\"article:modified_time\" content=\"2026-03-29T20:50:35+00:00\" \/>\n<meta property=\"og:image\" content=\"https:\/\/kylat.ekarjala.fi\/valijoki\/wp-content\/uploads\/sites\/19\/2026\/01\/20260106_155220-scaled.jpg\" \/>\n\t<meta property=\"og:image:width\" content=\"2560\" \/>\n\t<meta property=\"og:image:height\" content=\"1442\" \/>\n\t<meta property=\"og:image:type\" content=\"image\/jpeg\" \/>\n<meta name=\"twitter:card\" content=\"summary_large_image\" \/>\n<meta name=\"twitter:label1\" content=\"Arvioitu lukuaika\" \/>\n\t<meta name=\"twitter:data1\" content=\"2 minuuttia\" \/>\n<script type=\"application\/ld+json\" class=\"yoast-schema-graph\">{\"@context\":\"https:\\\/\\\/schema.org\",\"@graph\":[{\"@type\":\"WebPage\",\"@id\":\"https:\\\/\\\/kylat.ekarjala.fi\\\/valijoki\\\/valijoen-seudun-yhdistykset\\\/valijoen-nuorisoseura-riento-ry\\\/\",\"url\":\"https:\\\/\\\/kylat.ekarjala.fi\\\/valijoki\\\/valijoen-seudun-yhdistykset\\\/valijoen-nuorisoseura-riento-ry\\\/\",\"name\":\"V\u00e4lijoen nuorisoseura Riento ry - V\u00e4lijoki\",\"isPartOf\":{\"@id\":\"https:\\\/\\\/kylat.ekarjala.fi\\\/valijoki\\\/#website\"},\"primaryImageOfPage\":{\"@id\":\"https:\\\/\\\/kylat.ekarjala.fi\\\/valijoki\\\/valijoen-seudun-yhdistykset\\\/valijoen-nuorisoseura-riento-ry\\\/#primaryimage\"},\"image\":{\"@id\":\"https:\\\/\\\/kylat.ekarjala.fi\\\/valijoki\\\/valijoen-seudun-yhdistykset\\\/valijoen-nuorisoseura-riento-ry\\\/#primaryimage\"},\"thumbnailUrl\":\"https:\\\/\\\/kylat.ekarjala.fi\\\/valijoki\\\/wp-content\\\/uploads\\\/sites\\\/19\\\/2026\\\/01\\\/20260106_155220-300x169.jpg\",\"datePublished\":\"2012-10-04T16:47:48+00:00\",\"dateModified\":\"2026-03-29T20:50:35+00:00\",\"description\":\"V\u00e4lijoen Nuorisoseura Riento, el\u00e4v\u00e4\u00e4 kulttuuria jo 100 vuotta! Tervetuloa nauttimaan kes\u00e4teatteriesityksist\u00e4mme ja perjantaitansseista!\",\"breadcrumb\":{\"@id\":\"https:\\\/\\\/kylat.ekarjala.fi\\\/valijoki\\\/valijoen-seudun-yhdistykset\\\/valijoen-nuorisoseura-riento-ry\\\/#breadcrumb\"},\"inLanguage\":\"fi\",\"potentialAction\":[{\"@type\":\"ReadAction\",\"target\":[\"https:\\\/\\\/kylat.ekarjala.fi\\\/valijoki\\\/valijoen-seudun-yhdistykset\\\/valijoen-nuorisoseura-riento-ry\\\/\"]}]},{\"@type\":\"ImageObject\",\"inLanguage\":\"fi\",\"@id\":\"https:\\\/\\\/kylat.ekarjala.fi\\\/valijoki\\\/valijoen-seudun-yhdistykset\\\/valijoen-nuorisoseura-riento-ry\\\/#primaryimage\",\"url\":\"https:\\\/\\\/kylat.ekarjala.fi\\\/valijoki\\\/wp-content\\\/uploads\\\/sites\\\/19\\\/2026\\\/01\\\/20260106_155220-scaled.jpg\",\"contentUrl\":\"https:\\\/\\\/kylat.ekarjala.fi\\\/valijoki\\\/wp-content\\\/uploads\\\/sites\\\/19\\\/2026\\\/01\\\/20260106_155220-scaled.jpg\",\"width\":2560,\"height\":1442,\"caption\":\"Johtoryhm\u00e4n j\u00e4rjest\u00e4ytymiskokous pidettiin 6.1.2026 M\u00e4nnist\u00f6ss\u00e4.\"},{\"@type\":\"BreadcrumbList\",\"@id\":\"https:\\\/\\\/kylat.ekarjala.fi\\\/valijoki\\\/valijoen-seudun-yhdistykset\\\/valijoen-nuorisoseura-riento-ry\\\/#breadcrumb\",\"itemListElement\":[{\"@type\":\"ListItem\",\"position\":1,\"name\":\"Etusivu\",\"item\":\"https:\\\/\\\/kylat.ekarjala.fi\\\/valijoki\\\/\"},{\"@type\":\"ListItem\",\"position\":2,\"name\":\"V\u00e4lijoen seudun yhdistykset\",\"item\":\"https:\\\/\\\/kylat.ekarjala.fi\\\/valijoki\\\/valijoen-seudun-yhdistykset\\\/\"},{\"@type\":\"ListItem\",\"position\":3,\"name\":\"V\u00e4lijoen nuorisoseura Riento ry\"}]},{\"@type\":\"WebSite\",\"@id\":\"https:\\\/\\\/kylat.ekarjala.fi\\\/valijoki\\\/#website\",\"url\":\"https:\\\/\\\/kylat.ekarjala.fi\\\/valijoki\\\/\",\"name\":\"V\u00e4lijoki\",\"description\":\"Uusi Etel\u00e4-Karjalan kyl\u00e4sivustot -sivusto\",\"publisher\":{\"@id\":\"https:\\\/\\\/kylat.ekarjala.fi\\\/valijoki\\\/#organization\"},\"potentialAction\":[{\"@type\":\"SearchAction\",\"target\":{\"@type\":\"EntryPoint\",\"urlTemplate\":\"https:\\\/\\\/kylat.ekarjala.fi\\\/valijoki\\\/?s={search_term_string}\"},\"query-input\":{\"@type\":\"PropertyValueSpecification\",\"valueRequired\":true,\"valueName\":\"search_term_string\"}}],\"inLanguage\":\"fi\"},{\"@type\":\"Organization\",\"@id\":\"https:\\\/\\\/kylat.ekarjala.fi\\\/valijoki\\\/#organization\",\"name\":\"V\u00e4lijoki\",\"url\":\"https:\\\/\\\/kylat.ekarjala.fi\\\/valijoki\\\/\",\"logo\":{\"@type\":\"ImageObject\",\"inLanguage\":\"fi\",\"@id\":\"https:\\\/\\\/kylat.ekarjala.fi\\\/valijoki\\\/#\\\/schema\\\/logo\\\/image\\\/\",\"url\":\"https:\\\/\\\/kylat.ekarjala.fi\\\/valijoki\\\/wp-content\\\/uploads\\\/sites\\\/19\\\/2018\\\/01\\\/RIENTO_keltaisella_RGB.jpg\",\"contentUrl\":\"https:\\\/\\\/kylat.ekarjala.fi\\\/valijoki\\\/wp-content\\\/uploads\\\/sites\\\/19\\\/2018\\\/01\\\/RIENTO_keltaisella_RGB.jpg\",\"width\":1178,\"height\":758,\"caption\":\"V\u00e4lijoki\"},\"image\":{\"@id\":\"https:\\\/\\\/kylat.ekarjala.fi\\\/valijoki\\\/#\\\/schema\\\/logo\\\/image\\\/\"},\"sameAs\":[\"https:\\\/\\\/www.facebook.com\\\/ValijoenNuorisoseuraRientoRy\\\/?locale=fi_FI\",\"https:\\\/\\\/www.instagram.com\\\/valijoenriento\\\/\"]}]}<\/script>\n<!-- \/ Yoast SEO plugin. -->","yoast_head_json":{"title":"V\u00e4lijoen nuorisoseura Riento ry - V\u00e4lijoki","description":"V\u00e4lijoen Nuorisoseura Riento, el\u00e4v\u00e4\u00e4 kulttuuria jo 100 vuotta! Tervetuloa nauttimaan kes\u00e4teatteriesityksist\u00e4mme ja perjantaitansseista!","robots":{"index":"index","follow":"follow","max-snippet":"max-snippet:-1","max-image-preview":"max-image-preview:large","max-video-preview":"max-video-preview:-1"},"canonical":"https:\/\/kylat.ekarjala.fi\/valijoki\/valijoen-seudun-yhdistykset\/valijoen-nuorisoseura-riento-ry\/","og_locale":"fi_FI","og_type":"article","og_title":"V\u00e4lijoen nuorisoseura Riento ry - V\u00e4lijoki","og_description":"V\u00e4lijoen Nuorisoseura Riento, el\u00e4v\u00e4\u00e4 kulttuuria jo 100 vuotta! Tervetuloa nauttimaan kes\u00e4teatteriesityksist\u00e4mme ja perjantaitansseista!","og_url":"https:\/\/kylat.ekarjala.fi\/valijoki\/valijoen-seudun-yhdistykset\/valijoen-nuorisoseura-riento-ry\/","og_site_name":"V\u00e4lijoki","article_publisher":"https:\/\/www.facebook.com\/ValijoenNuorisoseuraRientoRy\/?locale=fi_FI","article_modified_time":"2026-03-29T20:50:35+00:00","og_image":[{"width":2560,"height":1442,"url":"https:\/\/kylat.ekarjala.fi\/valijoki\/wp-content\/uploads\/sites\/19\/2026\/01\/20260106_155220-scaled.jpg","type":"image\/jpeg"}],"twitter_card":"summary_large_image","twitter_misc":{"Arvioitu lukuaika":"2 minuuttia"},"schema":{"@context":"https:\/\/schema.org","@graph":[{"@type":"WebPage","@id":"https:\/\/kylat.ekarjala.fi\/valijoki\/valijoen-seudun-yhdistykset\/valijoen-nuorisoseura-riento-ry\/","url":"https:\/\/kylat.ekarjala.fi\/valijoki\/valijoen-seudun-yhdistykset\/valijoen-nuorisoseura-riento-ry\/","name":"V\u00e4lijoen nuorisoseura Riento ry - V\u00e4lijoki","isPartOf":{"@id":"https:\/\/kylat.ekarjala.fi\/valijoki\/#website"},"primaryImageOfPage":{"@id":"https:\/\/kylat.ekarjala.fi\/valijoki\/valijoen-seudun-yhdistykset\/valijoen-nuorisoseura-riento-ry\/#primaryimage"},"image":{"@id":"https:\/\/kylat.ekarjala.fi\/valijoki\/valijoen-seudun-yhdistykset\/valijoen-nuorisoseura-riento-ry\/#primaryimage"},"thumbnailUrl":"https:\/\/kylat.ekarjala.fi\/valijoki\/wp-content\/uploads\/sites\/19\/2026\/01\/20260106_155220-300x169.jpg","datePublished":"2012-10-04T16:47:48+00:00","dateModified":"2026-03-29T20:50:35+00:00","description":"V\u00e4lijoen Nuorisoseura Riento, el\u00e4v\u00e4\u00e4 kulttuuria jo 100 vuotta! Tervetuloa nauttimaan kes\u00e4teatteriesityksist\u00e4mme ja perjantaitansseista!","breadcrumb":{"@id":"https:\/\/kylat.ekarjala.fi\/valijoki\/valijoen-seudun-yhdistykset\/valijoen-nuorisoseura-riento-ry\/#breadcrumb"},"inLanguage":"fi","potentialAction":[{"@type":"ReadAction","target":["https:\/\/kylat.ekarjala.fi\/valijoki\/valijoen-seudun-yhdistykset\/valijoen-nuorisoseura-riento-ry\/"]}]},{"@type":"ImageObject","inLanguage":"fi","@id":"https:\/\/kylat.ekarjala.fi\/valijoki\/valijoen-seudun-yhdistykset\/valijoen-nuorisoseura-riento-ry\/#primaryimage","url":"https:\/\/kylat.ekarjala.fi\/valijoki\/wp-content\/uploads\/sites\/19\/2026\/01\/20260106_155220-scaled.jpg","contentUrl":"https:\/\/kylat.ekarjala.fi\/valijoki\/wp-content\/uploads\/sites\/19\/2026\/01\/20260106_155220-scaled.jpg","width":2560,"height":1442,"caption":"Johtoryhm\u00e4n j\u00e4rjest\u00e4ytymiskokous pidettiin 6.1.2026 M\u00e4nnist\u00f6ss\u00e4."},{"@type":"BreadcrumbList","@id":"https:\/\/kylat.ekarjala.fi\/valijoki\/valijoen-seudun-yhdistykset\/valijoen-nuorisoseura-riento-ry\/#breadcrumb","itemListElement":[{"@type":"ListItem","position":1,"name":"Etusivu","item":"https:\/\/kylat.ekarjala.fi\/valijoki\/"},{"@type":"ListItem","position":2,"name":"V\u00e4lijoen seudun yhdistykset","item":"https:\/\/kylat.ekarjala.fi\/valijoki\/valijoen-seudun-yhdistykset\/"},{"@type":"ListItem","position":3,"name":"V\u00e4lijoen nuorisoseura Riento ry"}]},{"@type":"WebSite","@id":"https:\/\/kylat.ekarjala.fi\/valijoki\/#website","url":"https:\/\/kylat.ekarjala.fi\/valijoki\/","name":"V\u00e4lijoki","description":"Uusi Etel\u00e4-Karjalan kyl\u00e4sivustot -sivusto","publisher":{"@id":"https:\/\/kylat.ekarjala.fi\/valijoki\/#organization"},"potentialAction":[{"@type":"SearchAction","target":{"@type":"EntryPoint","urlTemplate":"https:\/\/kylat.ekarjala.fi\/valijoki\/?s={search_term_string}"},"query-input":{"@type":"PropertyValueSpecification","valueRequired":true,"valueName":"search_term_string"}}],"inLanguage":"fi"},{"@type":"Organization","@id":"https:\/\/kylat.ekarjala.fi\/valijoki\/#organization","name":"V\u00e4lijoki","url":"https:\/\/kylat.ekarjala.fi\/valijoki\/","logo":{"@type":"ImageObject","inLanguage":"fi","@id":"https:\/\/kylat.ekarjala.fi\/valijoki\/#\/schema\/logo\/image\/","url":"https:\/\/kylat.ekarjala.fi\/valijoki\/wp-content\/uploads\/sites\/19\/2018\/01\/RIENTO_keltaisella_RGB.jpg","contentUrl":"https:\/\/kylat.ekarjala.fi\/valijoki\/wp-content\/uploads\/sites\/19\/2018\/01\/RIENTO_keltaisella_RGB.jpg","width":1178,"height":758,"caption":"V\u00e4lijoki"},"image":{"@id":"https:\/\/kylat.ekarjala.fi\/valijoki\/#\/schema\/logo\/image\/"},"sameAs":["https:\/\/www.facebook.com\/ValijoenNuorisoseuraRientoRy\/?locale=fi_FI","https:\/\/www.instagram.com\/valijoenriento\/"]}]}},"_links":{"self":[{"href":"https:\/\/kylat.ekarjala.fi\/valijoki\/wp-json\/wp\/v2\/pages\/66","targetHints":{"allow":["GET"]}}],"collection":[{"href":"https:\/\/kylat.ekarjala.fi\/valijoki\/wp-json\/wp\/v2\/pages"}],"about":[{"href":"https:\/\/kylat.ekarjala.fi\/valijoki\/wp-json\/wp\/v2\/types\/page"}],"author":[{"embeddable":true,"href":"https:\/\/kylat.ekarjala.fi\/valijoki\/wp-json\/wp\/v2\/users\/31"}],"replies":[{"embeddable":true,"href":"https:\/\/kylat.ekarjala.fi\/valijoki\/wp-json\/wp\/v2\/comments?post=66"}],"version-history":[{"count":20,"href":"https:\/\/kylat.ekarjala.fi\/valijoki\/wp-json\/wp\/v2\/pages\/66\/revisions"}],"predecessor-version":[{"id":921,"href":"https:\/\/kylat.ekarjala.fi\/valijoki\/wp-json\/wp\/v2\/pages\/66\/revisions\/921"}],"up":[{"embeddable":true,"href":"https:\/\/kylat.ekarjala.fi\/valijoki\/wp-json\/wp\/v2\/pages\/31"}],"wp:attachment":[{"href":"https:\/\/kylat.ekarjala.fi\/valijoki\/wp-json\/wp\/v2\/media?parent=66"}],"curies":[{"name":"wp","href":"https:\/\/api.w.org\/{rel}","templated":true}]}}