{"id":670,"date":"2025-06-03T17:40:41","date_gmt":"2025-06-03T18:10:41","guid":{"rendered":"https:\/\/kylat.ekarjala.fi\/valijoki\/?page_id=670"},"modified":"2026-04-11T18:40:25","modified_gmt":"2026-04-11T19:10:25","slug":"ohjaaja-sami-sivosen-esittely","status":"publish","type":"page","link":"https:\/\/kylat.ekarjala.fi\/valijoki\/kesateatteri\/takavuosien-kesateatteriesitykset\/kesateatteri-2025\/ohjaaja-sami-sivosen-esittely\/","title":{"rendered":"Ohjaaja Sami Sivosen esittely, kes\u00e4lt\u00e4 2025"},"content":{"rendered":"\n<p><em>Mie oon Sami, kohta nelikymppinen teatteri-ilmaisun ohjaaja.<br><br><br>Aloitin teatterin parissa 16-vuotiaana Vuoksenniskan Nuorisoseuran IRTI-Teatterissa, ensin n\u00e4yttelij\u00e4n\u00e4, sitten teknikkona ja pian my\u00f6s ohjasin ensimm\u00e4isen n\u00e4ytelm\u00e4n. Tuosta kaikesta on yli 20 vuotta ja siit\u00e4 l\u00e4htien olen ollut mukana yli sadassa teatterituotannossa, joko n\u00e4yttelij\u00e4n\u00e4 tai ohjaajana. Viime vuosina olen saanut ohjata Lemin, Kuivalan sek\u00e4 Suomenniemen Nuorisoseuroille sek\u00e4 M\u00e4ntyharjun kes\u00e4teatteriin. T\u00e4n\u00e4 kes\u00e4n\u00e4 my\u00f6s Luum\u00e4ell\u00e4 tulee draamakierros Kotkaniemen museoon N\u00e4ytelm\u00e4ryhm\u00e4 Ukonhatut kanssa.<br><br><br>Viime vuosina oma teatterik\u00e4sitykseni on k\u00e4\u00e4ntynyt viihdett\u00e4 kohti. Haluan katsojan viihtyv\u00e4n esityksen parissa ja huumorin monet keinot ovat hyv\u00e4 v\u00e4line siihen.<br><br><br>T\u00e4m\u00e4n kes\u00e4n (2025)  n\u00e4ytelm\u00e4 on puhtaasti viihdett\u00e4, vaikka on sinne k\u00e4sikirjoittaja Petteri Summanen onnistunut piilottamaan muutaman merkityksellisen ajatuksenkin. Aleksis Kiven el\u00e4m\u00e4\u00e4 ja tuotantoa sivutaan, ja v\u00e4lill\u00e4 tarina poukkoilee aivan muihin aiheisiin. N\u00e4yttelij\u00e4t p\u00e4\u00e4sev\u00e4t irrottelemaan yli 90 roolihahmon kanssa.<\/em><br><br><em><br>Kaikki Kivest\u00e4 on tietyll\u00e4 tavalla juuri sellaista teatteria, jota tykk\u00e4\u00e4n ohjata. Erikoisia hahmoja oudoissa tilanteissa toimimassa tarinan kuljettajia.<br><br><br>Toivottavasti n\u00e4hd\u00e4\u00e4n juuri Sinut V\u00e4lijoen kes\u00e4teatterin katsomossa.<\/em><br><\/p>\n\n\n<div class=\"wp-block-image\">\n<figure class=\"aligncenter size-large is-resized\"><a href=\"https:\/\/kylat.ekarjala.fi\/valijoki\/wp-content\/uploads\/sites\/19\/2025\/06\/Sivonen-scaled.jpg\"><img fetchpriority=\"high\" decoding=\"async\" width=\"461\" height=\"1024\" src=\"https:\/\/kylat.ekarjala.fi\/valijoki\/wp-content\/uploads\/sites\/19\/2025\/06\/Sivonen-461x1024.jpg\" alt=\"\" class=\"wp-image-671\" style=\"width:218px;height:auto\" srcset=\"https:\/\/kylat.ekarjala.fi\/valijoki\/wp-content\/uploads\/sites\/19\/2025\/06\/Sivonen-461x1024.jpg 461w, https:\/\/kylat.ekarjala.fi\/valijoki\/wp-content\/uploads\/sites\/19\/2025\/06\/Sivonen-135x300.jpg 135w, https:\/\/kylat.ekarjala.fi\/valijoki\/wp-content\/uploads\/sites\/19\/2025\/06\/Sivonen-768x1707.jpg 768w, https:\/\/kylat.ekarjala.fi\/valijoki\/wp-content\/uploads\/sites\/19\/2025\/06\/Sivonen-691x1536.jpg 691w, https:\/\/kylat.ekarjala.fi\/valijoki\/wp-content\/uploads\/sites\/19\/2025\/06\/Sivonen-922x2048.jpg 922w, https:\/\/kylat.ekarjala.fi\/valijoki\/wp-content\/uploads\/sites\/19\/2025\/06\/Sivonen-360x800.jpg 360w, https:\/\/kylat.ekarjala.fi\/valijoki\/wp-content\/uploads\/sites\/19\/2025\/06\/Sivonen-scaled.jpg 1152w\" sizes=\"(max-width: 461px) 100vw, 461px\" \/><\/a><\/figure>\n<\/div>","protected":false},"excerpt":{"rendered":"<p>Mie oon Sami, kohta nelikymppinen teatteri-ilmaisun ohjaaja. Aloitin teatterin parissa 16-vuotiaana Vuoksenniskan Nuorisoseuran IRTI-Teatterissa, ensin n\u00e4yttelij\u00e4n\u00e4, sitten teknikkona ja pian my\u00f6s ohjasin ensimm\u00e4isen n\u00e4ytelm\u00e4n. Tuosta kaikesta on yli 20 vuotta ja siit\u00e4 l\u00e4htien olen ollut mukana yli sadassa teatterituotannossa, joko &hellip; <a href=\"https:\/\/kylat.ekarjala.fi\/valijoki\/kesateatteri\/takavuosien-kesateatteriesitykset\/kesateatteri-2025\/ohjaaja-sami-sivosen-esittely\/\">Continue reading <span class=\"meta-nav\">&rarr;<\/span><\/a><\/p>\n","protected":false},"author":31,"featured_media":0,"parent":753,"menu_order":0,"comment_status":"closed","ping_status":"closed","template":"","meta":{"footnotes":""},"class_list":["post-670","page","type-page","status-publish","hentry"],"yoast_head":"<!-- This site is optimized with the Yoast SEO plugin v27.3 - https:\/\/yoast.com\/product\/yoast-seo-wordpress\/ -->\n<title>Ohjaaja Sami Sivosen esittely, kes\u00e4lt\u00e4 2025 - V\u00e4lijoki<\/title>\n<meta name=\"robots\" content=\"index, follow, max-snippet:-1, max-image-preview:large, max-video-preview:-1\" \/>\n<link rel=\"canonical\" href=\"https:\/\/kylat.ekarjala.fi\/valijoki\/kesateatteri\/takavuosien-kesateatteriesitykset\/kesateatteri-2025\/ohjaaja-sami-sivosen-esittely\/\" \/>\n<meta property=\"og:locale\" content=\"fi_FI\" \/>\n<meta property=\"og:type\" content=\"article\" \/>\n<meta property=\"og:title\" content=\"Ohjaaja Sami Sivosen esittely, kes\u00e4lt\u00e4 2025 - V\u00e4lijoki\" \/>\n<meta property=\"og:description\" content=\"Mie oon Sami, kohta nelikymppinen teatteri-ilmaisun ohjaaja. Aloitin teatterin parissa 16-vuotiaana Vuoksenniskan Nuorisoseuran IRTI-Teatterissa, ensin n\u00e4yttelij\u00e4n\u00e4, sitten teknikkona ja pian my\u00f6s ohjasin ensimm\u00e4isen n\u00e4ytelm\u00e4n. Tuosta kaikesta on yli 20 vuotta ja siit\u00e4 l\u00e4htien olen ollut mukana yli sadassa teatterituotannossa, joko &hellip; Continue reading &rarr;\" \/>\n<meta property=\"og:url\" content=\"https:\/\/kylat.ekarjala.fi\/valijoki\/kesateatteri\/takavuosien-kesateatteriesitykset\/kesateatteri-2025\/ohjaaja-sami-sivosen-esittely\/\" \/>\n<meta property=\"og:site_name\" content=\"V\u00e4lijoki\" \/>\n<meta property=\"article:publisher\" content=\"https:\/\/www.facebook.com\/ValijoenNuorisoseuraRientoRy\/?locale=fi_FI\" \/>\n<meta property=\"article:modified_time\" content=\"2026-04-11T19:10:25+00:00\" \/>\n<meta property=\"og:image\" content=\"https:\/\/kylat.ekarjala.fi\/valijoki\/wp-content\/uploads\/sites\/19\/2025\/06\/Sivonen-scaled.jpg\" \/>\n\t<meta property=\"og:image:width\" content=\"1152\" \/>\n\t<meta property=\"og:image:height\" content=\"2560\" \/>\n\t<meta property=\"og:image:type\" content=\"image\/jpeg\" \/>\n<meta name=\"twitter:card\" content=\"summary_large_image\" \/>\n<meta name=\"twitter:label1\" content=\"Arvioitu lukuaika\" \/>\n\t<meta name=\"twitter:data1\" content=\"2 minuuttia\" \/>\n<script type=\"application\/ld+json\" class=\"yoast-schema-graph\">{\"@context\":\"https:\\\/\\\/schema.org\",\"@graph\":[{\"@type\":\"WebPage\",\"@id\":\"https:\\\/\\\/kylat.ekarjala.fi\\\/valijoki\\\/kesateatteri\\\/takavuosien-kesateatteriesitykset\\\/kesateatteri-2025\\\/ohjaaja-sami-sivosen-esittely\\\/\",\"url\":\"https:\\\/\\\/kylat.ekarjala.fi\\\/valijoki\\\/kesateatteri\\\/takavuosien-kesateatteriesitykset\\\/kesateatteri-2025\\\/ohjaaja-sami-sivosen-esittely\\\/\",\"name\":\"Ohjaaja Sami Sivosen esittely, kes\u00e4lt\u00e4 2025 - V\u00e4lijoki\",\"isPartOf\":{\"@id\":\"https:\\\/\\\/kylat.ekarjala.fi\\\/valijoki\\\/#website\"},\"primaryImageOfPage\":{\"@id\":\"https:\\\/\\\/kylat.ekarjala.fi\\\/valijoki\\\/kesateatteri\\\/takavuosien-kesateatteriesitykset\\\/kesateatteri-2025\\\/ohjaaja-sami-sivosen-esittely\\\/#primaryimage\"},\"image\":{\"@id\":\"https:\\\/\\\/kylat.ekarjala.fi\\\/valijoki\\\/kesateatteri\\\/takavuosien-kesateatteriesitykset\\\/kesateatteri-2025\\\/ohjaaja-sami-sivosen-esittely\\\/#primaryimage\"},\"thumbnailUrl\":\"https:\\\/\\\/kylat.ekarjala.fi\\\/valijoki\\\/wp-content\\\/uploads\\\/sites\\\/19\\\/2025\\\/06\\\/Sivonen-461x1024.jpg\",\"datePublished\":\"2025-06-03T18:10:41+00:00\",\"dateModified\":\"2026-04-11T19:10:25+00:00\",\"breadcrumb\":{\"@id\":\"https:\\\/\\\/kylat.ekarjala.fi\\\/valijoki\\\/kesateatteri\\\/takavuosien-kesateatteriesitykset\\\/kesateatteri-2025\\\/ohjaaja-sami-sivosen-esittely\\\/#breadcrumb\"},\"inLanguage\":\"fi\",\"potentialAction\":[{\"@type\":\"ReadAction\",\"target\":[\"https:\\\/\\\/kylat.ekarjala.fi\\\/valijoki\\\/kesateatteri\\\/takavuosien-kesateatteriesitykset\\\/kesateatteri-2025\\\/ohjaaja-sami-sivosen-esittely\\\/\"]}]},{\"@type\":\"ImageObject\",\"inLanguage\":\"fi\",\"@id\":\"https:\\\/\\\/kylat.ekarjala.fi\\\/valijoki\\\/kesateatteri\\\/takavuosien-kesateatteriesitykset\\\/kesateatteri-2025\\\/ohjaaja-sami-sivosen-esittely\\\/#primaryimage\",\"url\":\"https:\\\/\\\/kylat.ekarjala.fi\\\/valijoki\\\/wp-content\\\/uploads\\\/sites\\\/19\\\/2025\\\/06\\\/Sivonen-scaled.jpg\",\"contentUrl\":\"https:\\\/\\\/kylat.ekarjala.fi\\\/valijoki\\\/wp-content\\\/uploads\\\/sites\\\/19\\\/2025\\\/06\\\/Sivonen-scaled.jpg\",\"width\":1152,\"height\":2560},{\"@type\":\"BreadcrumbList\",\"@id\":\"https:\\\/\\\/kylat.ekarjala.fi\\\/valijoki\\\/kesateatteri\\\/takavuosien-kesateatteriesitykset\\\/kesateatteri-2025\\\/ohjaaja-sami-sivosen-esittely\\\/#breadcrumb\",\"itemListElement\":[{\"@type\":\"ListItem\",\"position\":1,\"name\":\"Etusivu\",\"item\":\"https:\\\/\\\/kylat.ekarjala.fi\\\/valijoki\\\/\"},{\"@type\":\"ListItem\",\"position\":2,\"name\":\"Kes\u00e4teatteri\",\"item\":\"https:\\\/\\\/kylat.ekarjala.fi\\\/valijoki\\\/kesateatteri\\\/\"},{\"@type\":\"ListItem\",\"position\":3,\"name\":\"Takavuosien kes\u00e4teatteriesitykset\",\"item\":\"https:\\\/\\\/kylat.ekarjala.fi\\\/valijoki\\\/kesateatteri\\\/takavuosien-kesateatteriesitykset\\\/\"},{\"@type\":\"ListItem\",\"position\":4,\"name\":\"2025\",\"item\":\"https:\\\/\\\/kylat.ekarjala.fi\\\/valijoki\\\/kesateatteri\\\/takavuosien-kesateatteriesitykset\\\/kesateatteri-2025\\\/\"},{\"@type\":\"ListItem\",\"position\":5,\"name\":\"Ohjaaja Sami Sivosen esittely, kes\u00e4lt\u00e4 2025\"}]},{\"@type\":\"WebSite\",\"@id\":\"https:\\\/\\\/kylat.ekarjala.fi\\\/valijoki\\\/#website\",\"url\":\"https:\\\/\\\/kylat.ekarjala.fi\\\/valijoki\\\/\",\"name\":\"V\u00e4lijoki\",\"description\":\"Uusi Etel\u00e4-Karjalan kyl\u00e4sivustot -sivusto\",\"publisher\":{\"@id\":\"https:\\\/\\\/kylat.ekarjala.fi\\\/valijoki\\\/#organization\"},\"potentialAction\":[{\"@type\":\"SearchAction\",\"target\":{\"@type\":\"EntryPoint\",\"urlTemplate\":\"https:\\\/\\\/kylat.ekarjala.fi\\\/valijoki\\\/?s={search_term_string}\"},\"query-input\":{\"@type\":\"PropertyValueSpecification\",\"valueRequired\":true,\"valueName\":\"search_term_string\"}}],\"inLanguage\":\"fi\"},{\"@type\":\"Organization\",\"@id\":\"https:\\\/\\\/kylat.ekarjala.fi\\\/valijoki\\\/#organization\",\"name\":\"V\u00e4lijoki\",\"url\":\"https:\\\/\\\/kylat.ekarjala.fi\\\/valijoki\\\/\",\"logo\":{\"@type\":\"ImageObject\",\"inLanguage\":\"fi\",\"@id\":\"https:\\\/\\\/kylat.ekarjala.fi\\\/valijoki\\\/#\\\/schema\\\/logo\\\/image\\\/\",\"url\":\"https:\\\/\\\/kylat.ekarjala.fi\\\/valijoki\\\/wp-content\\\/uploads\\\/sites\\\/19\\\/2018\\\/01\\\/RIENTO_keltaisella_RGB.jpg\",\"contentUrl\":\"https:\\\/\\\/kylat.ekarjala.fi\\\/valijoki\\\/wp-content\\\/uploads\\\/sites\\\/19\\\/2018\\\/01\\\/RIENTO_keltaisella_RGB.jpg\",\"width\":1178,\"height\":758,\"caption\":\"V\u00e4lijoki\"},\"image\":{\"@id\":\"https:\\\/\\\/kylat.ekarjala.fi\\\/valijoki\\\/#\\\/schema\\\/logo\\\/image\\\/\"},\"sameAs\":[\"https:\\\/\\\/www.facebook.com\\\/ValijoenNuorisoseuraRientoRy\\\/?locale=fi_FI\",\"https:\\\/\\\/www.instagram.com\\\/valijoenriento\\\/\"]}]}<\/script>\n<!-- \/ Yoast SEO plugin. -->","yoast_head_json":{"title":"Ohjaaja Sami Sivosen esittely, kes\u00e4lt\u00e4 2025 - V\u00e4lijoki","robots":{"index":"index","follow":"follow","max-snippet":"max-snippet:-1","max-image-preview":"max-image-preview:large","max-video-preview":"max-video-preview:-1"},"canonical":"https:\/\/kylat.ekarjala.fi\/valijoki\/kesateatteri\/takavuosien-kesateatteriesitykset\/kesateatteri-2025\/ohjaaja-sami-sivosen-esittely\/","og_locale":"fi_FI","og_type":"article","og_title":"Ohjaaja Sami Sivosen esittely, kes\u00e4lt\u00e4 2025 - V\u00e4lijoki","og_description":"Mie oon Sami, kohta nelikymppinen teatteri-ilmaisun ohjaaja. Aloitin teatterin parissa 16-vuotiaana Vuoksenniskan Nuorisoseuran IRTI-Teatterissa, ensin n\u00e4yttelij\u00e4n\u00e4, sitten teknikkona ja pian my\u00f6s ohjasin ensimm\u00e4isen n\u00e4ytelm\u00e4n. Tuosta kaikesta on yli 20 vuotta ja siit\u00e4 l\u00e4htien olen ollut mukana yli sadassa teatterituotannossa, joko &hellip; Continue reading &rarr;","og_url":"https:\/\/kylat.ekarjala.fi\/valijoki\/kesateatteri\/takavuosien-kesateatteriesitykset\/kesateatteri-2025\/ohjaaja-sami-sivosen-esittely\/","og_site_name":"V\u00e4lijoki","article_publisher":"https:\/\/www.facebook.com\/ValijoenNuorisoseuraRientoRy\/?locale=fi_FI","article_modified_time":"2026-04-11T19:10:25+00:00","og_image":[{"width":1152,"height":2560,"url":"https:\/\/kylat.ekarjala.fi\/valijoki\/wp-content\/uploads\/sites\/19\/2025\/06\/Sivonen-scaled.jpg","type":"image\/jpeg"}],"twitter_card":"summary_large_image","twitter_misc":{"Arvioitu lukuaika":"2 minuuttia"},"schema":{"@context":"https:\/\/schema.org","@graph":[{"@type":"WebPage","@id":"https:\/\/kylat.ekarjala.fi\/valijoki\/kesateatteri\/takavuosien-kesateatteriesitykset\/kesateatteri-2025\/ohjaaja-sami-sivosen-esittely\/","url":"https:\/\/kylat.ekarjala.fi\/valijoki\/kesateatteri\/takavuosien-kesateatteriesitykset\/kesateatteri-2025\/ohjaaja-sami-sivosen-esittely\/","name":"Ohjaaja Sami Sivosen esittely, kes\u00e4lt\u00e4 2025 - V\u00e4lijoki","isPartOf":{"@id":"https:\/\/kylat.ekarjala.fi\/valijoki\/#website"},"primaryImageOfPage":{"@id":"https:\/\/kylat.ekarjala.fi\/valijoki\/kesateatteri\/takavuosien-kesateatteriesitykset\/kesateatteri-2025\/ohjaaja-sami-sivosen-esittely\/#primaryimage"},"image":{"@id":"https:\/\/kylat.ekarjala.fi\/valijoki\/kesateatteri\/takavuosien-kesateatteriesitykset\/kesateatteri-2025\/ohjaaja-sami-sivosen-esittely\/#primaryimage"},"thumbnailUrl":"https:\/\/kylat.ekarjala.fi\/valijoki\/wp-content\/uploads\/sites\/19\/2025\/06\/Sivonen-461x1024.jpg","datePublished":"2025-06-03T18:10:41+00:00","dateModified":"2026-04-11T19:10:25+00:00","breadcrumb":{"@id":"https:\/\/kylat.ekarjala.fi\/valijoki\/kesateatteri\/takavuosien-kesateatteriesitykset\/kesateatteri-2025\/ohjaaja-sami-sivosen-esittely\/#breadcrumb"},"inLanguage":"fi","potentialAction":[{"@type":"ReadAction","target":["https:\/\/kylat.ekarjala.fi\/valijoki\/kesateatteri\/takavuosien-kesateatteriesitykset\/kesateatteri-2025\/ohjaaja-sami-sivosen-esittely\/"]}]},{"@type":"ImageObject","inLanguage":"fi","@id":"https:\/\/kylat.ekarjala.fi\/valijoki\/kesateatteri\/takavuosien-kesateatteriesitykset\/kesateatteri-2025\/ohjaaja-sami-sivosen-esittely\/#primaryimage","url":"https:\/\/kylat.ekarjala.fi\/valijoki\/wp-content\/uploads\/sites\/19\/2025\/06\/Sivonen-scaled.jpg","contentUrl":"https:\/\/kylat.ekarjala.fi\/valijoki\/wp-content\/uploads\/sites\/19\/2025\/06\/Sivonen-scaled.jpg","width":1152,"height":2560},{"@type":"BreadcrumbList","@id":"https:\/\/kylat.ekarjala.fi\/valijoki\/kesateatteri\/takavuosien-kesateatteriesitykset\/kesateatteri-2025\/ohjaaja-sami-sivosen-esittely\/#breadcrumb","itemListElement":[{"@type":"ListItem","position":1,"name":"Etusivu","item":"https:\/\/kylat.ekarjala.fi\/valijoki\/"},{"@type":"ListItem","position":2,"name":"Kes\u00e4teatteri","item":"https:\/\/kylat.ekarjala.fi\/valijoki\/kesateatteri\/"},{"@type":"ListItem","position":3,"name":"Takavuosien kes\u00e4teatteriesitykset","item":"https:\/\/kylat.ekarjala.fi\/valijoki\/kesateatteri\/takavuosien-kesateatteriesitykset\/"},{"@type":"ListItem","position":4,"name":"2025","item":"https:\/\/kylat.ekarjala.fi\/valijoki\/kesateatteri\/takavuosien-kesateatteriesitykset\/kesateatteri-2025\/"},{"@type":"ListItem","position":5,"name":"Ohjaaja Sami Sivosen esittely, kes\u00e4lt\u00e4 2025"}]},{"@type":"WebSite","@id":"https:\/\/kylat.ekarjala.fi\/valijoki\/#website","url":"https:\/\/kylat.ekarjala.fi\/valijoki\/","name":"V\u00e4lijoki","description":"Uusi Etel\u00e4-Karjalan kyl\u00e4sivustot -sivusto","publisher":{"@id":"https:\/\/kylat.ekarjala.fi\/valijoki\/#organization"},"potentialAction":[{"@type":"SearchAction","target":{"@type":"EntryPoint","urlTemplate":"https:\/\/kylat.ekarjala.fi\/valijoki\/?s={search_term_string}"},"query-input":{"@type":"PropertyValueSpecification","valueRequired":true,"valueName":"search_term_string"}}],"inLanguage":"fi"},{"@type":"Organization","@id":"https:\/\/kylat.ekarjala.fi\/valijoki\/#organization","name":"V\u00e4lijoki","url":"https:\/\/kylat.ekarjala.fi\/valijoki\/","logo":{"@type":"ImageObject","inLanguage":"fi","@id":"https:\/\/kylat.ekarjala.fi\/valijoki\/#\/schema\/logo\/image\/","url":"https:\/\/kylat.ekarjala.fi\/valijoki\/wp-content\/uploads\/sites\/19\/2018\/01\/RIENTO_keltaisella_RGB.jpg","contentUrl":"https:\/\/kylat.ekarjala.fi\/valijoki\/wp-content\/uploads\/sites\/19\/2018\/01\/RIENTO_keltaisella_RGB.jpg","width":1178,"height":758,"caption":"V\u00e4lijoki"},"image":{"@id":"https:\/\/kylat.ekarjala.fi\/valijoki\/#\/schema\/logo\/image\/"},"sameAs":["https:\/\/www.facebook.com\/ValijoenNuorisoseuraRientoRy\/?locale=fi_FI","https:\/\/www.instagram.com\/valijoenriento\/"]}]}},"_links":{"self":[{"href":"https:\/\/kylat.ekarjala.fi\/valijoki\/wp-json\/wp\/v2\/pages\/670","targetHints":{"allow":["GET"]}}],"collection":[{"href":"https:\/\/kylat.ekarjala.fi\/valijoki\/wp-json\/wp\/v2\/pages"}],"about":[{"href":"https:\/\/kylat.ekarjala.fi\/valijoki\/wp-json\/wp\/v2\/types\/page"}],"author":[{"embeddable":true,"href":"https:\/\/kylat.ekarjala.fi\/valijoki\/wp-json\/wp\/v2\/users\/31"}],"replies":[{"embeddable":true,"href":"https:\/\/kylat.ekarjala.fi\/valijoki\/wp-json\/wp\/v2\/comments?post=670"}],"version-history":[{"count":4,"href":"https:\/\/kylat.ekarjala.fi\/valijoki\/wp-json\/wp\/v2\/pages\/670\/revisions"}],"predecessor-version":[{"id":941,"href":"https:\/\/kylat.ekarjala.fi\/valijoki\/wp-json\/wp\/v2\/pages\/670\/revisions\/941"}],"up":[{"embeddable":true,"href":"https:\/\/kylat.ekarjala.fi\/valijoki\/wp-json\/wp\/v2\/pages\/753"}],"wp:attachment":[{"href":"https:\/\/kylat.ekarjala.fi\/valijoki\/wp-json\/wp\/v2\/media?parent=670"}],"curies":[{"name":"wp","href":"https:\/\/api.w.org\/{rel}","templated":true}]}}