{"id":69,"date":"2012-10-04T16:17:11","date_gmt":"2012-10-04T16:47:11","guid":{"rendered":"https:\/\/kylat.ekarjala.fi\/valijoki\/?page_id=69"},"modified":"2026-01-23T19:58:11","modified_gmt":"2026-01-23T20:28:11","slug":"valijoen-maa-ja-kotitalousnaiset","status":"publish","type":"page","link":"https:\/\/kylat.ekarjala.fi\/valijoki\/valijoen-seudun-yhdistykset\/valijoen-maa-ja-kotitalousnaiset\/","title":{"rendered":"V\u00e4lijoen maaseutunaiset"},"content":{"rendered":"<p>V\u00e4lijoen maaseutunaisten osasto on perustettu 3.3.1966. Keski-ik\u00e4\u00e4n ehtineess\u00e4 yhdistyksess\u00e4 on 47 j\u00e4sent\u00e4. Osasto j\u00e4rjest\u00e4\u00e4 kahvituksia, antaa talkooapua ja j\u00e4rjest\u00e4\u00e4 erilaisia kursseja. Varsinaisia ty\u00f6p\u00e4ivi\u00e4 (esim. matonkuteiden leikkuuta) on nyky\u00e4\u00e4n melko v\u00e4h\u00e4n. Naiset osallituvat aktiivisesti my\u00f6s Maa- ja kotitalousnaisten valtakunnallisiin liikuntatapahtumiin.<\/p>\n<p>&nbsp;<\/p>\n\n\n<figure class=\"wp-block-image size-large\"><a href=\"https:\/\/kylat.ekarjala.fi\/valijoki\/wp-content\/uploads\/sites\/19\/2026\/01\/Maaseutunaisten-yhteystiedot-2026.png\"><img fetchpriority=\"high\" decoding=\"async\" width=\"1024\" height=\"681\" src=\"https:\/\/kylat.ekarjala.fi\/valijoki\/wp-content\/uploads\/sites\/19\/2026\/01\/Maaseutunaisten-yhteystiedot-2026-1024x681.png\" alt=\"\" class=\"wp-image-888\" srcset=\"https:\/\/kylat.ekarjala.fi\/valijoki\/wp-content\/uploads\/sites\/19\/2026\/01\/Maaseutunaisten-yhteystiedot-2026-1024x681.png 1024w, https:\/\/kylat.ekarjala.fi\/valijoki\/wp-content\/uploads\/sites\/19\/2026\/01\/Maaseutunaisten-yhteystiedot-2026-300x200.png 300w, https:\/\/kylat.ekarjala.fi\/valijoki\/wp-content\/uploads\/sites\/19\/2026\/01\/Maaseutunaisten-yhteystiedot-2026-768x511.png 768w, https:\/\/kylat.ekarjala.fi\/valijoki\/wp-content\/uploads\/sites\/19\/2026\/01\/Maaseutunaisten-yhteystiedot-2026-800x532.png 800w, https:\/\/kylat.ekarjala.fi\/valijoki\/wp-content\/uploads\/sites\/19\/2026\/01\/Maaseutunaisten-yhteystiedot-2026.png 1500w\" sizes=\"(max-width: 1024px) 100vw, 1024px\" \/><\/a><\/figure>\n","protected":false},"excerpt":{"rendered":"<p>V\u00e4lijoen maaseutunaisten osasto on perustettu 3.3.1966. Keski-ik\u00e4\u00e4n ehtineess\u00e4 yhdistyksess\u00e4 on 47 j\u00e4sent\u00e4. Osasto j\u00e4rjest\u00e4\u00e4 kahvituksia, antaa talkooapua ja j\u00e4rjest\u00e4\u00e4 erilaisia kursseja. Varsinaisia ty\u00f6p\u00e4ivi\u00e4 (esim. matonkuteiden leikkuuta) on nyky\u00e4\u00e4n melko v\u00e4h\u00e4n. Naiset osallituvat aktiivisesti my\u00f6s Maa- ja kotitalousnaisten valtakunnallisiin liikuntatapahtumiin. &nbsp;<\/p>\n","protected":false},"author":31,"featured_media":0,"parent":31,"menu_order":0,"comment_status":"open","ping_status":"open","template":"","meta":{"footnotes":""},"class_list":["post-69","page","type-page","status-publish","hentry"],"yoast_head":"<!-- This site is optimized with the Yoast SEO plugin v27.3 - https:\/\/yoast.com\/product\/yoast-seo-wordpress\/ -->\n<title>V\u00e4lijoen maaseutunaiset - V\u00e4lijoki<\/title>\n<meta name=\"description\" content=\"V\u00e4lijoen maa- ja kotitalousnaiset - kun tarvitset taitavia tekij\u00f6it\u00e4 vaikka kahvitukseen tai talkoiden j\u00e4rjest\u00e4miseen!\" \/>\n<meta name=\"robots\" content=\"index, follow, max-snippet:-1, max-image-preview:large, max-video-preview:-1\" \/>\n<link rel=\"canonical\" href=\"https:\/\/kylat.ekarjala.fi\/valijoki\/valijoen-seudun-yhdistykset\/valijoen-maa-ja-kotitalousnaiset\/\" \/>\n<meta property=\"og:locale\" content=\"fi_FI\" \/>\n<meta property=\"og:type\" content=\"article\" \/>\n<meta property=\"og:title\" content=\"V\u00e4lijoen maaseutunaiset - V\u00e4lijoki\" \/>\n<meta property=\"og:description\" content=\"V\u00e4lijoen maa- ja kotitalousnaiset - kun tarvitset taitavia tekij\u00f6it\u00e4 vaikka kahvitukseen tai talkoiden j\u00e4rjest\u00e4miseen!\" \/>\n<meta property=\"og:url\" content=\"https:\/\/kylat.ekarjala.fi\/valijoki\/valijoen-seudun-yhdistykset\/valijoen-maa-ja-kotitalousnaiset\/\" \/>\n<meta property=\"og:site_name\" content=\"V\u00e4lijoki\" \/>\n<meta property=\"article:publisher\" content=\"https:\/\/www.facebook.com\/ValijoenNuorisoseuraRientoRy\/?locale=fi_FI\" \/>\n<meta property=\"article:modified_time\" content=\"2026-01-23T20:28:11+00:00\" \/>\n<meta property=\"og:image\" content=\"https:\/\/kylat.ekarjala.fi\/valijoki\/wp-content\/uploads\/sites\/19\/2026\/01\/Maaseutunaisten-yhteystiedot-2026-1024x681.png\" \/>\n\t<meta property=\"og:image:width\" content=\"1024\" \/>\n\t<meta property=\"og:image:height\" content=\"681\" \/>\n\t<meta property=\"og:image:type\" content=\"image\/png\" \/>\n<meta name=\"twitter:card\" content=\"summary_large_image\" \/>\n<meta name=\"twitter:label1\" content=\"Arvioitu lukuaika\" \/>\n\t<meta name=\"twitter:data1\" content=\"1 minuutti\" \/>\n<script type=\"application\/ld+json\" class=\"yoast-schema-graph\">{\"@context\":\"https:\\\/\\\/schema.org\",\"@graph\":[{\"@type\":\"WebPage\",\"@id\":\"https:\\\/\\\/kylat.ekarjala.fi\\\/valijoki\\\/valijoen-seudun-yhdistykset\\\/valijoen-maa-ja-kotitalousnaiset\\\/\",\"url\":\"https:\\\/\\\/kylat.ekarjala.fi\\\/valijoki\\\/valijoen-seudun-yhdistykset\\\/valijoen-maa-ja-kotitalousnaiset\\\/\",\"name\":\"V\u00e4lijoen maaseutunaiset - V\u00e4lijoki\",\"isPartOf\":{\"@id\":\"https:\\\/\\\/kylat.ekarjala.fi\\\/valijoki\\\/#website\"},\"primaryImageOfPage\":{\"@id\":\"https:\\\/\\\/kylat.ekarjala.fi\\\/valijoki\\\/valijoen-seudun-yhdistykset\\\/valijoen-maa-ja-kotitalousnaiset\\\/#primaryimage\"},\"image\":{\"@id\":\"https:\\\/\\\/kylat.ekarjala.fi\\\/valijoki\\\/valijoen-seudun-yhdistykset\\\/valijoen-maa-ja-kotitalousnaiset\\\/#primaryimage\"},\"thumbnailUrl\":\"https:\\\/\\\/kylat.ekarjala.fi\\\/valijoki\\\/wp-content\\\/uploads\\\/sites\\\/19\\\/2026\\\/01\\\/Maaseutunaisten-yhteystiedot-2026-1024x681.png\",\"datePublished\":\"2012-10-04T16:47:11+00:00\",\"dateModified\":\"2026-01-23T20:28:11+00:00\",\"description\":\"V\u00e4lijoen maa- ja kotitalousnaiset - kun tarvitset taitavia tekij\u00f6it\u00e4 vaikka kahvitukseen tai talkoiden j\u00e4rjest\u00e4miseen!\",\"breadcrumb\":{\"@id\":\"https:\\\/\\\/kylat.ekarjala.fi\\\/valijoki\\\/valijoen-seudun-yhdistykset\\\/valijoen-maa-ja-kotitalousnaiset\\\/#breadcrumb\"},\"inLanguage\":\"fi\",\"potentialAction\":[{\"@type\":\"ReadAction\",\"target\":[\"https:\\\/\\\/kylat.ekarjala.fi\\\/valijoki\\\/valijoen-seudun-yhdistykset\\\/valijoen-maa-ja-kotitalousnaiset\\\/\"]}]},{\"@type\":\"ImageObject\",\"inLanguage\":\"fi\",\"@id\":\"https:\\\/\\\/kylat.ekarjala.fi\\\/valijoki\\\/valijoen-seudun-yhdistykset\\\/valijoen-maa-ja-kotitalousnaiset\\\/#primaryimage\",\"url\":\"https:\\\/\\\/kylat.ekarjala.fi\\\/valijoki\\\/wp-content\\\/uploads\\\/sites\\\/19\\\/2026\\\/01\\\/Maaseutunaisten-yhteystiedot-2026.png\",\"contentUrl\":\"https:\\\/\\\/kylat.ekarjala.fi\\\/valijoki\\\/wp-content\\\/uploads\\\/sites\\\/19\\\/2026\\\/01\\\/Maaseutunaisten-yhteystiedot-2026.png\",\"width\":1500,\"height\":998},{\"@type\":\"BreadcrumbList\",\"@id\":\"https:\\\/\\\/kylat.ekarjala.fi\\\/valijoki\\\/valijoen-seudun-yhdistykset\\\/valijoen-maa-ja-kotitalousnaiset\\\/#breadcrumb\",\"itemListElement\":[{\"@type\":\"ListItem\",\"position\":1,\"name\":\"Etusivu\",\"item\":\"https:\\\/\\\/kylat.ekarjala.fi\\\/valijoki\\\/\"},{\"@type\":\"ListItem\",\"position\":2,\"name\":\"V\u00e4lijoen seudun yhdistykset\",\"item\":\"https:\\\/\\\/kylat.ekarjala.fi\\\/valijoki\\\/valijoen-seudun-yhdistykset\\\/\"},{\"@type\":\"ListItem\",\"position\":3,\"name\":\"V\u00e4lijoen maaseutunaiset\"}]},{\"@type\":\"WebSite\",\"@id\":\"https:\\\/\\\/kylat.ekarjala.fi\\\/valijoki\\\/#website\",\"url\":\"https:\\\/\\\/kylat.ekarjala.fi\\\/valijoki\\\/\",\"name\":\"V\u00e4lijoki\",\"description\":\"Uusi Etel\u00e4-Karjalan kyl\u00e4sivustot -sivusto\",\"publisher\":{\"@id\":\"https:\\\/\\\/kylat.ekarjala.fi\\\/valijoki\\\/#organization\"},\"potentialAction\":[{\"@type\":\"SearchAction\",\"target\":{\"@type\":\"EntryPoint\",\"urlTemplate\":\"https:\\\/\\\/kylat.ekarjala.fi\\\/valijoki\\\/?s={search_term_string}\"},\"query-input\":{\"@type\":\"PropertyValueSpecification\",\"valueRequired\":true,\"valueName\":\"search_term_string\"}}],\"inLanguage\":\"fi\"},{\"@type\":\"Organization\",\"@id\":\"https:\\\/\\\/kylat.ekarjala.fi\\\/valijoki\\\/#organization\",\"name\":\"V\u00e4lijoki\",\"url\":\"https:\\\/\\\/kylat.ekarjala.fi\\\/valijoki\\\/\",\"logo\":{\"@type\":\"ImageObject\",\"inLanguage\":\"fi\",\"@id\":\"https:\\\/\\\/kylat.ekarjala.fi\\\/valijoki\\\/#\\\/schema\\\/logo\\\/image\\\/\",\"url\":\"https:\\\/\\\/kylat.ekarjala.fi\\\/valijoki\\\/wp-content\\\/uploads\\\/sites\\\/19\\\/2018\\\/01\\\/RIENTO_keltaisella_RGB.jpg\",\"contentUrl\":\"https:\\\/\\\/kylat.ekarjala.fi\\\/valijoki\\\/wp-content\\\/uploads\\\/sites\\\/19\\\/2018\\\/01\\\/RIENTO_keltaisella_RGB.jpg\",\"width\":1178,\"height\":758,\"caption\":\"V\u00e4lijoki\"},\"image\":{\"@id\":\"https:\\\/\\\/kylat.ekarjala.fi\\\/valijoki\\\/#\\\/schema\\\/logo\\\/image\\\/\"},\"sameAs\":[\"https:\\\/\\\/www.facebook.com\\\/ValijoenNuorisoseuraRientoRy\\\/?locale=fi_FI\",\"https:\\\/\\\/www.instagram.com\\\/valijoenriento\\\/\"]}]}<\/script>\n<!-- \/ Yoast SEO plugin. -->","yoast_head_json":{"title":"V\u00e4lijoen maaseutunaiset - V\u00e4lijoki","description":"V\u00e4lijoen maa- ja kotitalousnaiset - kun tarvitset taitavia tekij\u00f6it\u00e4 vaikka kahvitukseen tai talkoiden j\u00e4rjest\u00e4miseen!","robots":{"index":"index","follow":"follow","max-snippet":"max-snippet:-1","max-image-preview":"max-image-preview:large","max-video-preview":"max-video-preview:-1"},"canonical":"https:\/\/kylat.ekarjala.fi\/valijoki\/valijoen-seudun-yhdistykset\/valijoen-maa-ja-kotitalousnaiset\/","og_locale":"fi_FI","og_type":"article","og_title":"V\u00e4lijoen maaseutunaiset - V\u00e4lijoki","og_description":"V\u00e4lijoen maa- ja kotitalousnaiset - kun tarvitset taitavia tekij\u00f6it\u00e4 vaikka kahvitukseen tai talkoiden j\u00e4rjest\u00e4miseen!","og_url":"https:\/\/kylat.ekarjala.fi\/valijoki\/valijoen-seudun-yhdistykset\/valijoen-maa-ja-kotitalousnaiset\/","og_site_name":"V\u00e4lijoki","article_publisher":"https:\/\/www.facebook.com\/ValijoenNuorisoseuraRientoRy\/?locale=fi_FI","article_modified_time":"2026-01-23T20:28:11+00:00","og_image":[{"width":1024,"height":681,"url":"https:\/\/kylat.ekarjala.fi\/valijoki\/wp-content\/uploads\/sites\/19\/2026\/01\/Maaseutunaisten-yhteystiedot-2026-1024x681.png","type":"image\/png"}],"twitter_card":"summary_large_image","twitter_misc":{"Arvioitu lukuaika":"1 minuutti"},"schema":{"@context":"https:\/\/schema.org","@graph":[{"@type":"WebPage","@id":"https:\/\/kylat.ekarjala.fi\/valijoki\/valijoen-seudun-yhdistykset\/valijoen-maa-ja-kotitalousnaiset\/","url":"https:\/\/kylat.ekarjala.fi\/valijoki\/valijoen-seudun-yhdistykset\/valijoen-maa-ja-kotitalousnaiset\/","name":"V\u00e4lijoen maaseutunaiset - V\u00e4lijoki","isPartOf":{"@id":"https:\/\/kylat.ekarjala.fi\/valijoki\/#website"},"primaryImageOfPage":{"@id":"https:\/\/kylat.ekarjala.fi\/valijoki\/valijoen-seudun-yhdistykset\/valijoen-maa-ja-kotitalousnaiset\/#primaryimage"},"image":{"@id":"https:\/\/kylat.ekarjala.fi\/valijoki\/valijoen-seudun-yhdistykset\/valijoen-maa-ja-kotitalousnaiset\/#primaryimage"},"thumbnailUrl":"https:\/\/kylat.ekarjala.fi\/valijoki\/wp-content\/uploads\/sites\/19\/2026\/01\/Maaseutunaisten-yhteystiedot-2026-1024x681.png","datePublished":"2012-10-04T16:47:11+00:00","dateModified":"2026-01-23T20:28:11+00:00","description":"V\u00e4lijoen maa- ja kotitalousnaiset - kun tarvitset taitavia tekij\u00f6it\u00e4 vaikka kahvitukseen tai talkoiden j\u00e4rjest\u00e4miseen!","breadcrumb":{"@id":"https:\/\/kylat.ekarjala.fi\/valijoki\/valijoen-seudun-yhdistykset\/valijoen-maa-ja-kotitalousnaiset\/#breadcrumb"},"inLanguage":"fi","potentialAction":[{"@type":"ReadAction","target":["https:\/\/kylat.ekarjala.fi\/valijoki\/valijoen-seudun-yhdistykset\/valijoen-maa-ja-kotitalousnaiset\/"]}]},{"@type":"ImageObject","inLanguage":"fi","@id":"https:\/\/kylat.ekarjala.fi\/valijoki\/valijoen-seudun-yhdistykset\/valijoen-maa-ja-kotitalousnaiset\/#primaryimage","url":"https:\/\/kylat.ekarjala.fi\/valijoki\/wp-content\/uploads\/sites\/19\/2026\/01\/Maaseutunaisten-yhteystiedot-2026.png","contentUrl":"https:\/\/kylat.ekarjala.fi\/valijoki\/wp-content\/uploads\/sites\/19\/2026\/01\/Maaseutunaisten-yhteystiedot-2026.png","width":1500,"height":998},{"@type":"BreadcrumbList","@id":"https:\/\/kylat.ekarjala.fi\/valijoki\/valijoen-seudun-yhdistykset\/valijoen-maa-ja-kotitalousnaiset\/#breadcrumb","itemListElement":[{"@type":"ListItem","position":1,"name":"Etusivu","item":"https:\/\/kylat.ekarjala.fi\/valijoki\/"},{"@type":"ListItem","position":2,"name":"V\u00e4lijoen seudun yhdistykset","item":"https:\/\/kylat.ekarjala.fi\/valijoki\/valijoen-seudun-yhdistykset\/"},{"@type":"ListItem","position":3,"name":"V\u00e4lijoen maaseutunaiset"}]},{"@type":"WebSite","@id":"https:\/\/kylat.ekarjala.fi\/valijoki\/#website","url":"https:\/\/kylat.ekarjala.fi\/valijoki\/","name":"V\u00e4lijoki","description":"Uusi Etel\u00e4-Karjalan kyl\u00e4sivustot -sivusto","publisher":{"@id":"https:\/\/kylat.ekarjala.fi\/valijoki\/#organization"},"potentialAction":[{"@type":"SearchAction","target":{"@type":"EntryPoint","urlTemplate":"https:\/\/kylat.ekarjala.fi\/valijoki\/?s={search_term_string}"},"query-input":{"@type":"PropertyValueSpecification","valueRequired":true,"valueName":"search_term_string"}}],"inLanguage":"fi"},{"@type":"Organization","@id":"https:\/\/kylat.ekarjala.fi\/valijoki\/#organization","name":"V\u00e4lijoki","url":"https:\/\/kylat.ekarjala.fi\/valijoki\/","logo":{"@type":"ImageObject","inLanguage":"fi","@id":"https:\/\/kylat.ekarjala.fi\/valijoki\/#\/schema\/logo\/image\/","url":"https:\/\/kylat.ekarjala.fi\/valijoki\/wp-content\/uploads\/sites\/19\/2018\/01\/RIENTO_keltaisella_RGB.jpg","contentUrl":"https:\/\/kylat.ekarjala.fi\/valijoki\/wp-content\/uploads\/sites\/19\/2018\/01\/RIENTO_keltaisella_RGB.jpg","width":1178,"height":758,"caption":"V\u00e4lijoki"},"image":{"@id":"https:\/\/kylat.ekarjala.fi\/valijoki\/#\/schema\/logo\/image\/"},"sameAs":["https:\/\/www.facebook.com\/ValijoenNuorisoseuraRientoRy\/?locale=fi_FI","https:\/\/www.instagram.com\/valijoenriento\/"]}]}},"_links":{"self":[{"href":"https:\/\/kylat.ekarjala.fi\/valijoki\/wp-json\/wp\/v2\/pages\/69","targetHints":{"allow":["GET"]}}],"collection":[{"href":"https:\/\/kylat.ekarjala.fi\/valijoki\/wp-json\/wp\/v2\/pages"}],"about":[{"href":"https:\/\/kylat.ekarjala.fi\/valijoki\/wp-json\/wp\/v2\/types\/page"}],"author":[{"embeddable":true,"href":"https:\/\/kylat.ekarjala.fi\/valijoki\/wp-json\/wp\/v2\/users\/31"}],"replies":[{"embeddable":true,"href":"https:\/\/kylat.ekarjala.fi\/valijoki\/wp-json\/wp\/v2\/comments?post=69"}],"version-history":[{"count":7,"href":"https:\/\/kylat.ekarjala.fi\/valijoki\/wp-json\/wp\/v2\/pages\/69\/revisions"}],"predecessor-version":[{"id":890,"href":"https:\/\/kylat.ekarjala.fi\/valijoki\/wp-json\/wp\/v2\/pages\/69\/revisions\/890"}],"up":[{"embeddable":true,"href":"https:\/\/kylat.ekarjala.fi\/valijoki\/wp-json\/wp\/v2\/pages\/31"}],"wp:attachment":[{"href":"https:\/\/kylat.ekarjala.fi\/valijoki\/wp-json\/wp\/v2\/media?parent=69"}],"curies":[{"name":"wp","href":"https:\/\/api.w.org\/{rel}","templated":true}]}}