{"id":73,"date":"2012-10-04T16:18:56","date_gmt":"2012-10-04T16:48:56","guid":{"rendered":"https:\/\/kylat.ekarjala.fi\/valijoki\/?page_id=73"},"modified":"2012-10-04T16:22:02","modified_gmt":"2012-10-04T16:52:02","slug":"osakaskunnat","status":"publish","type":"page","link":"https:\/\/kylat.ekarjala.fi\/valijoki\/valijoen-seudun-yhdistykset\/osakaskunnat\/","title":{"rendered":"Osakaskunnat"},"content":{"rendered":"<p>Osakaskunnat ovat muodostuneet entisist\u00e4 kalastuskunnista. V\u00e4lijoen alueella toimii kolme osakaskuntaa.<\/p>\n<p><strong>Jokeinmaan-Monolan osakaskunta<\/strong><\/p>\n<p>Jokeinmaan ja Monolan osakaskunnat yhdistyiv\u00e4t vuonna 2009. Osakaskunnan j\u00e4rvialueisiin kuuluvat Rapaj\u00e4rvi, Luotonen, J\u00e4k\u00e4l\u00e4nj\u00e4rvi, Mielakka (osittain), Monolanj\u00e4rvi (osittain), Kaihlanen (osittain), Katralampi, Karjalampi, Kirppulampi, Py\u00f6ri\u00e4 lammet, V\u00e4\u00e4r\u00e4lampi, Tilki\u00e4lampi ja Ahvenlampi. Osakaskunnan puheenjohtaja on Antero Pennanen p. 040 840 1442.<\/p>\n<p>Jokeinmaan-Monolan osakaskunnalla on veneeseen kiinnitett\u00e4v\u00e4 kaislaleikkuri, jota osakkaat voivat k\u00e4ytt\u00e4\u00e4. Leikkuri on s\u00e4ilytyksess\u00e4 Antero Pesulla p. 050 340 7736.<\/p>\n<p><strong>Kaulialan osakaskunta<\/strong><\/p>\n<p>Kaulialan osakaskunnan alueisiin kuuluvat osittain Lennus ja Ulpas. Osakaskunnan puheenjohtaja on Toni Vainikka p. 040 575 2293, sihteeri Seppo Vuokko p. 040 715 0239 ja kalastusmerkkien myynnist\u00e4 vastaa Jani Rasila (Lennuksentie 19) p. 050 338 5709.<\/p>\n<p><strong>Kunttulan osakaskunta<\/strong><\/p>\n<p>Kunttulan osakaskunnan j\u00e4rvi\u00e4 ovat osittain Kaihlanen, Pel\u00e4tty ja Mielakka. Osakaskunnan puheenjohtaja on Keijo Tiainen p. 050 327 9249.<\/p>\n","protected":false},"excerpt":{"rendered":"<p>Osakaskunnat ovat muodostuneet entisist\u00e4 kalastuskunnista. V\u00e4lijoen alueella toimii kolme osakaskuntaa. Jokeinmaan-Monolan osakaskunta Jokeinmaan ja Monolan osakaskunnat yhdistyiv\u00e4t vuonna 2009. Osakaskunnan j\u00e4rvialueisiin kuuluvat Rapaj\u00e4rvi, Luotonen, J\u00e4k\u00e4l\u00e4nj\u00e4rvi, Mielakka (osittain), Monolanj\u00e4rvi (osittain), Kaihlanen (osittain), Katralampi, Karjalampi, Kirppulampi, Py\u00f6ri\u00e4 lammet, V\u00e4\u00e4r\u00e4lampi, Tilki\u00e4lampi ja Ahvenlampi. &hellip; <a href=\"https:\/\/kylat.ekarjala.fi\/valijoki\/valijoen-seudun-yhdistykset\/osakaskunnat\/\">Continue reading <span class=\"meta-nav\">&rarr;<\/span><\/a><\/p>\n","protected":false},"author":31,"featured_media":0,"parent":31,"menu_order":0,"comment_status":"open","ping_status":"open","template":"","meta":{"footnotes":""},"class_list":["post-73","page","type-page","status-publish","hentry"],"yoast_head":"<!-- This site is optimized with the Yoast SEO plugin v27.3 - https:\/\/yoast.com\/product\/yoast-seo-wordpress\/ -->\n<title>Osakaskunnat - V\u00e4lijoki<\/title>\n<meta name=\"robots\" content=\"index, follow, max-snippet:-1, max-image-preview:large, max-video-preview:-1\" \/>\n<link rel=\"canonical\" href=\"https:\/\/kylat.ekarjala.fi\/valijoki\/valijoen-seudun-yhdistykset\/osakaskunnat\/\" \/>\n<meta property=\"og:locale\" content=\"fi_FI\" \/>\n<meta property=\"og:type\" content=\"article\" \/>\n<meta property=\"og:title\" content=\"Osakaskunnat - V\u00e4lijoki\" \/>\n<meta property=\"og:description\" content=\"Osakaskunnat ovat muodostuneet entisist\u00e4 kalastuskunnista. V\u00e4lijoen alueella toimii kolme osakaskuntaa. Jokeinmaan-Monolan osakaskunta Jokeinmaan ja Monolan osakaskunnat yhdistyiv\u00e4t vuonna 2009. Osakaskunnan j\u00e4rvialueisiin kuuluvat Rapaj\u00e4rvi, Luotonen, J\u00e4k\u00e4l\u00e4nj\u00e4rvi, Mielakka (osittain), Monolanj\u00e4rvi (osittain), Kaihlanen (osittain), Katralampi, Karjalampi, Kirppulampi, Py\u00f6ri\u00e4 lammet, V\u00e4\u00e4r\u00e4lampi, Tilki\u00e4lampi ja Ahvenlampi. &hellip; Continue reading &rarr;\" \/>\n<meta property=\"og:url\" content=\"https:\/\/kylat.ekarjala.fi\/valijoki\/valijoen-seudun-yhdistykset\/osakaskunnat\/\" \/>\n<meta property=\"og:site_name\" content=\"V\u00e4lijoki\" \/>\n<meta property=\"article:publisher\" content=\"https:\/\/www.facebook.com\/ValijoenNuorisoseuraRientoRy\/?locale=fi_FI\" \/>\n<meta property=\"article:modified_time\" content=\"2012-10-04T16:52:02+00:00\" \/>\n<meta name=\"twitter:card\" content=\"summary_large_image\" \/>\n<meta name=\"twitter:label1\" content=\"Arvioitu lukuaika\" \/>\n\t<meta name=\"twitter:data1\" content=\"1 minuutti\" \/>\n<script type=\"application\/ld+json\" class=\"yoast-schema-graph\">{\"@context\":\"https:\\\/\\\/schema.org\",\"@graph\":[{\"@type\":\"WebPage\",\"@id\":\"https:\\\/\\\/kylat.ekarjala.fi\\\/valijoki\\\/valijoen-seudun-yhdistykset\\\/osakaskunnat\\\/\",\"url\":\"https:\\\/\\\/kylat.ekarjala.fi\\\/valijoki\\\/valijoen-seudun-yhdistykset\\\/osakaskunnat\\\/\",\"name\":\"Osakaskunnat - V\u00e4lijoki\",\"isPartOf\":{\"@id\":\"https:\\\/\\\/kylat.ekarjala.fi\\\/valijoki\\\/#website\"},\"datePublished\":\"2012-10-04T16:48:56+00:00\",\"dateModified\":\"2012-10-04T16:52:02+00:00\",\"breadcrumb\":{\"@id\":\"https:\\\/\\\/kylat.ekarjala.fi\\\/valijoki\\\/valijoen-seudun-yhdistykset\\\/osakaskunnat\\\/#breadcrumb\"},\"inLanguage\":\"fi\",\"potentialAction\":[{\"@type\":\"ReadAction\",\"target\":[\"https:\\\/\\\/kylat.ekarjala.fi\\\/valijoki\\\/valijoen-seudun-yhdistykset\\\/osakaskunnat\\\/\"]}]},{\"@type\":\"BreadcrumbList\",\"@id\":\"https:\\\/\\\/kylat.ekarjala.fi\\\/valijoki\\\/valijoen-seudun-yhdistykset\\\/osakaskunnat\\\/#breadcrumb\",\"itemListElement\":[{\"@type\":\"ListItem\",\"position\":1,\"name\":\"Etusivu\",\"item\":\"https:\\\/\\\/kylat.ekarjala.fi\\\/valijoki\\\/\"},{\"@type\":\"ListItem\",\"position\":2,\"name\":\"V\u00e4lijoen seudun yhdistykset\",\"item\":\"https:\\\/\\\/kylat.ekarjala.fi\\\/valijoki\\\/valijoen-seudun-yhdistykset\\\/\"},{\"@type\":\"ListItem\",\"position\":3,\"name\":\"Osakaskunnat\"}]},{\"@type\":\"WebSite\",\"@id\":\"https:\\\/\\\/kylat.ekarjala.fi\\\/valijoki\\\/#website\",\"url\":\"https:\\\/\\\/kylat.ekarjala.fi\\\/valijoki\\\/\",\"name\":\"V\u00e4lijoki\",\"description\":\"Uusi Etel\u00e4-Karjalan kyl\u00e4sivustot -sivusto\",\"publisher\":{\"@id\":\"https:\\\/\\\/kylat.ekarjala.fi\\\/valijoki\\\/#organization\"},\"potentialAction\":[{\"@type\":\"SearchAction\",\"target\":{\"@type\":\"EntryPoint\",\"urlTemplate\":\"https:\\\/\\\/kylat.ekarjala.fi\\\/valijoki\\\/?s={search_term_string}\"},\"query-input\":{\"@type\":\"PropertyValueSpecification\",\"valueRequired\":true,\"valueName\":\"search_term_string\"}}],\"inLanguage\":\"fi\"},{\"@type\":\"Organization\",\"@id\":\"https:\\\/\\\/kylat.ekarjala.fi\\\/valijoki\\\/#organization\",\"name\":\"V\u00e4lijoki\",\"url\":\"https:\\\/\\\/kylat.ekarjala.fi\\\/valijoki\\\/\",\"logo\":{\"@type\":\"ImageObject\",\"inLanguage\":\"fi\",\"@id\":\"https:\\\/\\\/kylat.ekarjala.fi\\\/valijoki\\\/#\\\/schema\\\/logo\\\/image\\\/\",\"url\":\"https:\\\/\\\/kylat.ekarjala.fi\\\/valijoki\\\/wp-content\\\/uploads\\\/sites\\\/19\\\/2018\\\/01\\\/RIENTO_keltaisella_RGB.jpg\",\"contentUrl\":\"https:\\\/\\\/kylat.ekarjala.fi\\\/valijoki\\\/wp-content\\\/uploads\\\/sites\\\/19\\\/2018\\\/01\\\/RIENTO_keltaisella_RGB.jpg\",\"width\":1178,\"height\":758,\"caption\":\"V\u00e4lijoki\"},\"image\":{\"@id\":\"https:\\\/\\\/kylat.ekarjala.fi\\\/valijoki\\\/#\\\/schema\\\/logo\\\/image\\\/\"},\"sameAs\":[\"https:\\\/\\\/www.facebook.com\\\/ValijoenNuorisoseuraRientoRy\\\/?locale=fi_FI\",\"https:\\\/\\\/www.instagram.com\\\/valijoenriento\\\/\"]}]}<\/script>\n<!-- \/ Yoast SEO plugin. -->","yoast_head_json":{"title":"Osakaskunnat - V\u00e4lijoki","robots":{"index":"index","follow":"follow","max-snippet":"max-snippet:-1","max-image-preview":"max-image-preview:large","max-video-preview":"max-video-preview:-1"},"canonical":"https:\/\/kylat.ekarjala.fi\/valijoki\/valijoen-seudun-yhdistykset\/osakaskunnat\/","og_locale":"fi_FI","og_type":"article","og_title":"Osakaskunnat - V\u00e4lijoki","og_description":"Osakaskunnat ovat muodostuneet entisist\u00e4 kalastuskunnista. V\u00e4lijoen alueella toimii kolme osakaskuntaa. Jokeinmaan-Monolan osakaskunta Jokeinmaan ja Monolan osakaskunnat yhdistyiv\u00e4t vuonna 2009. Osakaskunnan j\u00e4rvialueisiin kuuluvat Rapaj\u00e4rvi, Luotonen, J\u00e4k\u00e4l\u00e4nj\u00e4rvi, Mielakka (osittain), Monolanj\u00e4rvi (osittain), Kaihlanen (osittain), Katralampi, Karjalampi, Kirppulampi, Py\u00f6ri\u00e4 lammet, V\u00e4\u00e4r\u00e4lampi, Tilki\u00e4lampi ja Ahvenlampi. &hellip; Continue reading &rarr;","og_url":"https:\/\/kylat.ekarjala.fi\/valijoki\/valijoen-seudun-yhdistykset\/osakaskunnat\/","og_site_name":"V\u00e4lijoki","article_publisher":"https:\/\/www.facebook.com\/ValijoenNuorisoseuraRientoRy\/?locale=fi_FI","article_modified_time":"2012-10-04T16:52:02+00:00","twitter_card":"summary_large_image","twitter_misc":{"Arvioitu lukuaika":"1 minuutti"},"schema":{"@context":"https:\/\/schema.org","@graph":[{"@type":"WebPage","@id":"https:\/\/kylat.ekarjala.fi\/valijoki\/valijoen-seudun-yhdistykset\/osakaskunnat\/","url":"https:\/\/kylat.ekarjala.fi\/valijoki\/valijoen-seudun-yhdistykset\/osakaskunnat\/","name":"Osakaskunnat - V\u00e4lijoki","isPartOf":{"@id":"https:\/\/kylat.ekarjala.fi\/valijoki\/#website"},"datePublished":"2012-10-04T16:48:56+00:00","dateModified":"2012-10-04T16:52:02+00:00","breadcrumb":{"@id":"https:\/\/kylat.ekarjala.fi\/valijoki\/valijoen-seudun-yhdistykset\/osakaskunnat\/#breadcrumb"},"inLanguage":"fi","potentialAction":[{"@type":"ReadAction","target":["https:\/\/kylat.ekarjala.fi\/valijoki\/valijoen-seudun-yhdistykset\/osakaskunnat\/"]}]},{"@type":"BreadcrumbList","@id":"https:\/\/kylat.ekarjala.fi\/valijoki\/valijoen-seudun-yhdistykset\/osakaskunnat\/#breadcrumb","itemListElement":[{"@type":"ListItem","position":1,"name":"Etusivu","item":"https:\/\/kylat.ekarjala.fi\/valijoki\/"},{"@type":"ListItem","position":2,"name":"V\u00e4lijoen seudun yhdistykset","item":"https:\/\/kylat.ekarjala.fi\/valijoki\/valijoen-seudun-yhdistykset\/"},{"@type":"ListItem","position":3,"name":"Osakaskunnat"}]},{"@type":"WebSite","@id":"https:\/\/kylat.ekarjala.fi\/valijoki\/#website","url":"https:\/\/kylat.ekarjala.fi\/valijoki\/","name":"V\u00e4lijoki","description":"Uusi Etel\u00e4-Karjalan kyl\u00e4sivustot -sivusto","publisher":{"@id":"https:\/\/kylat.ekarjala.fi\/valijoki\/#organization"},"potentialAction":[{"@type":"SearchAction","target":{"@type":"EntryPoint","urlTemplate":"https:\/\/kylat.ekarjala.fi\/valijoki\/?s={search_term_string}"},"query-input":{"@type":"PropertyValueSpecification","valueRequired":true,"valueName":"search_term_string"}}],"inLanguage":"fi"},{"@type":"Organization","@id":"https:\/\/kylat.ekarjala.fi\/valijoki\/#organization","name":"V\u00e4lijoki","url":"https:\/\/kylat.ekarjala.fi\/valijoki\/","logo":{"@type":"ImageObject","inLanguage":"fi","@id":"https:\/\/kylat.ekarjala.fi\/valijoki\/#\/schema\/logo\/image\/","url":"https:\/\/kylat.ekarjala.fi\/valijoki\/wp-content\/uploads\/sites\/19\/2018\/01\/RIENTO_keltaisella_RGB.jpg","contentUrl":"https:\/\/kylat.ekarjala.fi\/valijoki\/wp-content\/uploads\/sites\/19\/2018\/01\/RIENTO_keltaisella_RGB.jpg","width":1178,"height":758,"caption":"V\u00e4lijoki"},"image":{"@id":"https:\/\/kylat.ekarjala.fi\/valijoki\/#\/schema\/logo\/image\/"},"sameAs":["https:\/\/www.facebook.com\/ValijoenNuorisoseuraRientoRy\/?locale=fi_FI","https:\/\/www.instagram.com\/valijoenriento\/"]}]}},"_links":{"self":[{"href":"https:\/\/kylat.ekarjala.fi\/valijoki\/wp-json\/wp\/v2\/pages\/73","targetHints":{"allow":["GET"]}}],"collection":[{"href":"https:\/\/kylat.ekarjala.fi\/valijoki\/wp-json\/wp\/v2\/pages"}],"about":[{"href":"https:\/\/kylat.ekarjala.fi\/valijoki\/wp-json\/wp\/v2\/types\/page"}],"author":[{"embeddable":true,"href":"https:\/\/kylat.ekarjala.fi\/valijoki\/wp-json\/wp\/v2\/users\/31"}],"replies":[{"embeddable":true,"href":"https:\/\/kylat.ekarjala.fi\/valijoki\/wp-json\/wp\/v2\/comments?post=73"}],"version-history":[{"count":3,"href":"https:\/\/kylat.ekarjala.fi\/valijoki\/wp-json\/wp\/v2\/pages\/73\/revisions"}],"predecessor-version":[{"id":80,"href":"https:\/\/kylat.ekarjala.fi\/valijoki\/wp-json\/wp\/v2\/pages\/73\/revisions\/80"}],"up":[{"embeddable":true,"href":"https:\/\/kylat.ekarjala.fi\/valijoki\/wp-json\/wp\/v2\/pages\/31"}],"wp:attachment":[{"href":"https:\/\/kylat.ekarjala.fi\/valijoki\/wp-json\/wp\/v2\/media?parent=73"}],"curies":[{"name":"wp","href":"https:\/\/api.w.org\/{rel}","templated":true}]}}